{"id":248,"date":"2025-11-20T19:25:33","date_gmt":"2025-11-20T18:25:33","guid":{"rendered":"https:\/\/lalaboralaula.es\/MP302526\/?post_type=product&#038;p=248"},"modified":"2025-11-20T19:48:09","modified_gmt":"2025-11-20T18:48:09","slug":"estuche-de-acuarelas-trazos-del-alma-en-acuarela","status":"publish","type":"product","link":"https:\/\/lalaboralaula.es\/MP302526\/index.php\/producto\/estuche-de-acuarelas-trazos-del-alma-en-acuarela\/","title":{"rendered":"Estuche de Acuarelas \u00abTrazos del Alma en Acuarela\u00bb"},"content":{"rendered":"<p>Estuche met\u00e1lico elegante con suave lavado en tonos pastel y tipograf\u00eda de foil dorado, que alberga 24 pastillas de acuarela de pigmentaci\u00f3n intensa y alta fluidez, perfectas para lograr lavados transl\u00facidos o colores vibrantes. Cada pastilla descansa en comportamiento individual para evitar derrames, y la tapa se despliega para funcionar como paleta de mezcla. Dise\u00f1ado para complementar el diario creativo \u00abTrazos del Alma en Acuarela\u00bb, este set ofrece una experiencia art\u00edstica completa: desde la inspiraci\u00f3n literaria hasta la expresi\u00f3n crom\u00e1tica m\u00e1s refinada.<\/p>\n<p>Variaciones disponibles: Acuarelas 24 Colores \u00abTrazos del Alma\u00bb y Set \u00abAcuarelas 24 colores + 23 Pinceles Trazos del Alma\u00bb<\/p>\n<p>Caracter\u00edsticas principales compartidas:<\/p>\n<ul>\n<li>Formato del estuche: Caja met\u00e1lica resistente con tapa desplegable que sirve de paleta.<\/li>\n<li>Dise\u00f1o exterior de la caja: Suave lavado de acuarela en tonos pastel con tipograf\u00eda en foil dorado.<\/li>\n<li>Idioma: Espa\u00f1ol.<\/li>\n<li>Compatibilidad: Dise\u00f1ado para complementar el diario creativo \u00abTrazos del Alma en Acuarela\u00bb.<\/li>\n<\/ul>\n<p>&nbsp;<\/p>\n","protected":false},"excerpt":{"rendered":"<p>Estuche met\u00e1lico elegante con suave lavado en tonos pastel y tipograf\u00eda de foil dorado, que alberga 24 pastillas de acuarela de pigmentaci\u00f3n intensa y alta fluidez, perfectas para lograr lavados transl\u00facidos o colores vibrantes. Tambi\u00e9n dispone en variaci\u00f3n con 23 pinceles \u00abTrazos del Alma en Acuarela\u00bb<\/p>\n","protected":false},"featured_media":249,"comment_status":"open","ping_status":"closed","template":"","meta":[],"product_brand":[],"product_cat":[55,54],"product_tag":[56,58,57],"class_list":{"0":"post-248","1":"product","2":"type-product","3":"status-publish","4":"has-post-thumbnail","6":"product_cat-acuarelas","7":"product_cat-trazos-del-alma-en-acuarela","8":"product_tag-acuarelas","9":"product_tag-pinceles","10":"product_tag-pintura","12":"first","13":"instock","14":"shipping-taxable","15":"purchasable","16":"product-type-variable"},"yoast_head":"<!-- This site is optimized with the Yoast SEO plugin v27.3 - https:\/\/yoast.com\/product\/yoast-seo-wordpress\/ -->\n<title>Estuche de Acuarelas &quot;Trazos del Alma en Acuarela&quot; - Revea<\/title>\n<meta name=\"description\" content=\"Estuche de Acuarelas &quot;Trazos del Alma en Acuarela&quot;\" \/>\n<meta name=\"robots\" content=\"index, follow, max-snippet:-1, max-image-preview:large, max-video-preview:-1\" \/>\n<link rel=\"canonical\" href=\"https:\/\/lalaboralaula.es\/MP302526\/index.php\/producto\/estuche-de-acuarelas-trazos-del-alma-en-acuarela\/\" \/>\n<meta property=\"og:locale\" content=\"es_ES\" \/>\n<meta property=\"og:type\" content=\"article\" \/>\n<meta property=\"og:title\" content=\"Estuche de Acuarelas &quot;Trazos del Alma en Acuarela&quot; - Revea\" \/>\n<meta property=\"og:description\" content=\"Estuche de Acuarelas &quot;Trazos del Alma en Acuarela&quot;\" \/>\n<meta property=\"og:url\" content=\"https:\/\/lalaboralaula.es\/MP302526\/index.php\/producto\/estuche-de-acuarelas-trazos-del-alma-en-acuarela\/\" \/>\n<meta property=\"og:site_name\" content=\"Revea\" \/>\n<meta property=\"article:modified_time\" content=\"2025-11-20T18:48:09+00:00\" \/>\n<meta property=\"og:image\" content=\"https:\/\/lalaboralaula.es\/MP302526\/wp-content\/uploads\/2025\/11\/01d70af0-db0d-43f1-8621-537171cef930.jpg\" \/>\n\t<meta property=\"og:image:width\" content=\"406\" \/>\n\t<meta property=\"og:image:height\" content=\"617\" \/>\n\t<meta property=\"og:image:type\" content=\"image\/jpeg\" \/>\n<meta name=\"twitter:card\" content=\"summary_large_image\" \/>\n<meta name=\"twitter:label1\" content=\"Tiempo de lectura\" \/>\n\t<meta name=\"twitter:data1\" content=\"1 minuto\" \/>\n<script type=\"application\/ld+json\" class=\"yoast-schema-graph\">{\"@context\":\"https:\\\/\\\/schema.org\",\"@graph\":[{\"@type\":\"WebPage\",\"@id\":\"https:\\\/\\\/lalaboralaula.es\\\/MP302526\\\/index.php\\\/producto\\\/estuche-de-acuarelas-trazos-del-alma-en-acuarela\\\/\",\"url\":\"https:\\\/\\\/lalaboralaula.es\\\/MP302526\\\/index.php\\\/producto\\\/estuche-de-acuarelas-trazos-del-alma-en-acuarela\\\/\",\"name\":\"Estuche de Acuarelas \\\"Trazos del Alma en Acuarela\\\" - Revea\",\"isPartOf\":{\"@id\":\"https:\\\/\\\/lalaboralaula.es\\\/MP302526\\\/#website\"},\"primaryImageOfPage\":{\"@id\":\"https:\\\/\\\/lalaboralaula.es\\\/MP302526\\\/index.php\\\/producto\\\/estuche-de-acuarelas-trazos-del-alma-en-acuarela\\\/#primaryimage\"},\"image\":{\"@id\":\"https:\\\/\\\/lalaboralaula.es\\\/MP302526\\\/index.php\\\/producto\\\/estuche-de-acuarelas-trazos-del-alma-en-acuarela\\\/#primaryimage\"},\"thumbnailUrl\":\"https:\\\/\\\/lalaboralaula.es\\\/MP302526\\\/wp-content\\\/uploads\\\/2025\\\/11\\\/01d70af0-db0d-43f1-8621-537171cef930.jpg\",\"datePublished\":\"2025-11-20T18:25:33+00:00\",\"dateModified\":\"2025-11-20T18:48:09+00:00\",\"description\":\"Estuche de Acuarelas \\\"Trazos del Alma en Acuarela\\\"\",\"breadcrumb\":{\"@id\":\"https:\\\/\\\/lalaboralaula.es\\\/MP302526\\\/index.php\\\/producto\\\/estuche-de-acuarelas-trazos-del-alma-en-acuarela\\\/#breadcrumb\"},\"inLanguage\":\"es\",\"potentialAction\":[{\"@type\":\"ReadAction\",\"target\":[\"https:\\\/\\\/lalaboralaula.es\\\/MP302526\\\/index.php\\\/producto\\\/estuche-de-acuarelas-trazos-del-alma-en-acuarela\\\/\"]}]},{\"@type\":\"ImageObject\",\"inLanguage\":\"es\",\"@id\":\"https:\\\/\\\/lalaboralaula.es\\\/MP302526\\\/index.php\\\/producto\\\/estuche-de-acuarelas-trazos-del-alma-en-acuarela\\\/#primaryimage\",\"url\":\"https:\\\/\\\/lalaboralaula.es\\\/MP302526\\\/wp-content\\\/uploads\\\/2025\\\/11\\\/01d70af0-db0d-43f1-8621-537171cef930.jpg\",\"contentUrl\":\"https:\\\/\\\/lalaboralaula.es\\\/MP302526\\\/wp-content\\\/uploads\\\/2025\\\/11\\\/01d70af0-db0d-43f1-8621-537171cef930.jpg\",\"width\":406,\"height\":617},{\"@type\":\"BreadcrumbList\",\"@id\":\"https:\\\/\\\/lalaboralaula.es\\\/MP302526\\\/index.php\\\/producto\\\/estuche-de-acuarelas-trazos-del-alma-en-acuarela\\\/#breadcrumb\",\"itemListElement\":[{\"@type\":\"ListItem\",\"position\":1,\"name\":\"Portada\",\"item\":\"https:\\\/\\\/lalaboralaula.es\\\/MP302526\\\/\"},{\"@type\":\"ListItem\",\"position\":2,\"name\":\"Tienda\",\"item\":\"https:\\\/\\\/lalaboralaula.es\\\/MP302526\\\/index.php\\\/tienda\\\/\"},{\"@type\":\"ListItem\",\"position\":3,\"name\":\"Estuche de Acuarelas \u00abTrazos del Alma en Acuarela\u00bb\"}]},{\"@type\":\"WebSite\",\"@id\":\"https:\\\/\\\/lalaboralaula.es\\\/MP302526\\\/#website\",\"url\":\"https:\\\/\\\/lalaboralaula.es\\\/MP302526\\\/\",\"name\":\"Revea\",\"description\":\"Revela tu esencia. Crea tu historia\",\"publisher\":{\"@id\":\"https:\\\/\\\/lalaboralaula.es\\\/MP302526\\\/#organization\"},\"potentialAction\":[{\"@type\":\"SearchAction\",\"target\":{\"@type\":\"EntryPoint\",\"urlTemplate\":\"https:\\\/\\\/lalaboralaula.es\\\/MP302526\\\/?s={search_term_string}\"},\"query-input\":{\"@type\":\"PropertyValueSpecification\",\"valueRequired\":true,\"valueName\":\"search_term_string\"}}],\"inLanguage\":\"es\"},{\"@type\":\"Organization\",\"@id\":\"https:\\\/\\\/lalaboralaula.es\\\/MP302526\\\/#organization\",\"name\":\"Revea\",\"url\":\"https:\\\/\\\/lalaboralaula.es\\\/MP302526\\\/\",\"logo\":{\"@type\":\"ImageObject\",\"inLanguage\":\"es\",\"@id\":\"https:\\\/\\\/lalaboralaula.es\\\/MP302526\\\/#\\\/schema\\\/logo\\\/image\\\/\",\"url\":\"https:\\\/\\\/lalaboralaula.es\\\/MP302526\\\/wp-content\\\/uploads\\\/2025\\\/10\\\/cropped-1-1.png\",\"contentUrl\":\"https:\\\/\\\/lalaboralaula.es\\\/MP302526\\\/wp-content\\\/uploads\\\/2025\\\/10\\\/cropped-1-1.png\",\"width\":500,\"height\":117,\"caption\":\"Revea\"},\"image\":{\"@id\":\"https:\\\/\\\/lalaboralaula.es\\\/MP302526\\\/#\\\/schema\\\/logo\\\/image\\\/\"}}]}<\/script>\n<!-- \/ Yoast SEO plugin. -->","yoast_head_json":{"title":"Estuche de Acuarelas \"Trazos del Alma en Acuarela\" - Revea","description":"Estuche de Acuarelas \"Trazos del Alma en Acuarela\"","robots":{"index":"index","follow":"follow","max-snippet":"max-snippet:-1","max-image-preview":"max-image-preview:large","max-video-preview":"max-video-preview:-1"},"canonical":"https:\/\/lalaboralaula.es\/MP302526\/index.php\/producto\/estuche-de-acuarelas-trazos-del-alma-en-acuarela\/","og_locale":"es_ES","og_type":"article","og_title":"Estuche de Acuarelas \"Trazos del Alma en Acuarela\" - Revea","og_description":"Estuche de Acuarelas \"Trazos del Alma en Acuarela\"","og_url":"https:\/\/lalaboralaula.es\/MP302526\/index.php\/producto\/estuche-de-acuarelas-trazos-del-alma-en-acuarela\/","og_site_name":"Revea","article_modified_time":"2025-11-20T18:48:09+00:00","og_image":[{"width":406,"height":617,"url":"https:\/\/lalaboralaula.es\/MP302526\/wp-content\/uploads\/2025\/11\/01d70af0-db0d-43f1-8621-537171cef930.jpg","type":"image\/jpeg"}],"twitter_card":"summary_large_image","twitter_misc":{"Tiempo de lectura":"1 minuto"},"schema":{"@context":"https:\/\/schema.org","@graph":[{"@type":"WebPage","@id":"https:\/\/lalaboralaula.es\/MP302526\/index.php\/producto\/estuche-de-acuarelas-trazos-del-alma-en-acuarela\/","url":"https:\/\/lalaboralaula.es\/MP302526\/index.php\/producto\/estuche-de-acuarelas-trazos-del-alma-en-acuarela\/","name":"Estuche de Acuarelas \"Trazos del Alma en Acuarela\" - Revea","isPartOf":{"@id":"https:\/\/lalaboralaula.es\/MP302526\/#website"},"primaryImageOfPage":{"@id":"https:\/\/lalaboralaula.es\/MP302526\/index.php\/producto\/estuche-de-acuarelas-trazos-del-alma-en-acuarela\/#primaryimage"},"image":{"@id":"https:\/\/lalaboralaula.es\/MP302526\/index.php\/producto\/estuche-de-acuarelas-trazos-del-alma-en-acuarela\/#primaryimage"},"thumbnailUrl":"https:\/\/lalaboralaula.es\/MP302526\/wp-content\/uploads\/2025\/11\/01d70af0-db0d-43f1-8621-537171cef930.jpg","datePublished":"2025-11-20T18:25:33+00:00","dateModified":"2025-11-20T18:48:09+00:00","description":"Estuche de Acuarelas \"Trazos del Alma en Acuarela\"","breadcrumb":{"@id":"https:\/\/lalaboralaula.es\/MP302526\/index.php\/producto\/estuche-de-acuarelas-trazos-del-alma-en-acuarela\/#breadcrumb"},"inLanguage":"es","potentialAction":[{"@type":"ReadAction","target":["https:\/\/lalaboralaula.es\/MP302526\/index.php\/producto\/estuche-de-acuarelas-trazos-del-alma-en-acuarela\/"]}]},{"@type":"ImageObject","inLanguage":"es","@id":"https:\/\/lalaboralaula.es\/MP302526\/index.php\/producto\/estuche-de-acuarelas-trazos-del-alma-en-acuarela\/#primaryimage","url":"https:\/\/lalaboralaula.es\/MP302526\/wp-content\/uploads\/2025\/11\/01d70af0-db0d-43f1-8621-537171cef930.jpg","contentUrl":"https:\/\/lalaboralaula.es\/MP302526\/wp-content\/uploads\/2025\/11\/01d70af0-db0d-43f1-8621-537171cef930.jpg","width":406,"height":617},{"@type":"BreadcrumbList","@id":"https:\/\/lalaboralaula.es\/MP302526\/index.php\/producto\/estuche-de-acuarelas-trazos-del-alma-en-acuarela\/#breadcrumb","itemListElement":[{"@type":"ListItem","position":1,"name":"Portada","item":"https:\/\/lalaboralaula.es\/MP302526\/"},{"@type":"ListItem","position":2,"name":"Tienda","item":"https:\/\/lalaboralaula.es\/MP302526\/index.php\/tienda\/"},{"@type":"ListItem","position":3,"name":"Estuche de Acuarelas \u00abTrazos del Alma en Acuarela\u00bb"}]},{"@type":"WebSite","@id":"https:\/\/lalaboralaula.es\/MP302526\/#website","url":"https:\/\/lalaboralaula.es\/MP302526\/","name":"Revea","description":"Revela tu esencia. Crea tu historia","publisher":{"@id":"https:\/\/lalaboralaula.es\/MP302526\/#organization"},"potentialAction":[{"@type":"SearchAction","target":{"@type":"EntryPoint","urlTemplate":"https:\/\/lalaboralaula.es\/MP302526\/?s={search_term_string}"},"query-input":{"@type":"PropertyValueSpecification","valueRequired":true,"valueName":"search_term_string"}}],"inLanguage":"es"},{"@type":"Organization","@id":"https:\/\/lalaboralaula.es\/MP302526\/#organization","name":"Revea","url":"https:\/\/lalaboralaula.es\/MP302526\/","logo":{"@type":"ImageObject","inLanguage":"es","@id":"https:\/\/lalaboralaula.es\/MP302526\/#\/schema\/logo\/image\/","url":"https:\/\/lalaboralaula.es\/MP302526\/wp-content\/uploads\/2025\/10\/cropped-1-1.png","contentUrl":"https:\/\/lalaboralaula.es\/MP302526\/wp-content\/uploads\/2025\/10\/cropped-1-1.png","width":500,"height":117,"caption":"Revea"},"image":{"@id":"https:\/\/lalaboralaula.es\/MP302526\/#\/schema\/logo\/image\/"}}]}},"_links":{"self":[{"href":"https:\/\/lalaboralaula.es\/MP302526\/index.php\/wp-json\/wp\/v2\/product\/248","targetHints":{"allow":["GET"]}}],"collection":[{"href":"https:\/\/lalaboralaula.es\/MP302526\/index.php\/wp-json\/wp\/v2\/product"}],"about":[{"href":"https:\/\/lalaboralaula.es\/MP302526\/index.php\/wp-json\/wp\/v2\/types\/product"}],"replies":[{"embeddable":true,"href":"https:\/\/lalaboralaula.es\/MP302526\/index.php\/wp-json\/wp\/v2\/comments?post=248"}],"wp:featuredmedia":[{"embeddable":true,"href":"https:\/\/lalaboralaula.es\/MP302526\/index.php\/wp-json\/wp\/v2\/media\/249"}],"wp:attachment":[{"href":"https:\/\/lalaboralaula.es\/MP302526\/index.php\/wp-json\/wp\/v2\/media?parent=248"}],"wp:term":[{"taxonomy":"product_brand","embeddable":true,"href":"https:\/\/lalaboralaula.es\/MP302526\/index.php\/wp-json\/wp\/v2\/product_brand?post=248"},{"taxonomy":"product_cat","embeddable":true,"href":"https:\/\/lalaboralaula.es\/MP302526\/index.php\/wp-json\/wp\/v2\/product_cat?post=248"},{"taxonomy":"product_tag","embeddable":true,"href":"https:\/\/lalaboralaula.es\/MP302526\/index.php\/wp-json\/wp\/v2\/product_tag?post=248"}],"curies":[{"name":"wp","href":"https:\/\/api.w.org\/{rel}","templated":true}]}}