{"id":95,"date":"2025-10-23T19:40:26","date_gmt":"2025-10-23T17:40:26","guid":{"rendered":"https:\/\/lalaboralaula.es\/MP302526\/?page_id=95"},"modified":"2025-11-20T19:43:47","modified_gmt":"2025-11-20T18:43:47","slug":"revea","status":"publish","type":"page","link":"https:\/\/lalaboralaula.es\/MP302526\/","title":{"rendered":"Revea"},"content":{"rendered":"\n<div class=\"wp-block-group alignfull is-content-justification-center\" style=\"margin-top:0;margin-bottom:0;padding-top:calc( 0.5 * var(--wp--style--root--padding-right, var(--wp--custom--gap--horizontal)));padding-right:var(--wp--style--root--padding-right, var(--wp--custom--gap--horizontal));padding-bottom:calc( 0.5 * var(--wp--style--root--padding-right, var(--wp--custom--gap--horizontal)));padding-left:var(--wp--style--root--padding-left, var(--wp--custom--gap--horizontal))\"><div class=\"wp-block-group__inner-container is-layout-constrained wp-container-core-group-is-layout-df757ecc wp-block-group-is-layout-constrained\">\n<div style=\"height:calc( 0.25 * var(--wp--style--root--padding-right, var(--wp--custom--gap--horizontal)))\" aria-hidden=\"true\" class=\"wp-block-spacer\"><\/div>\n\n\n\n<div class=\"wp-block-columns alignwide is-layout-flex wp-container-core-columns-is-layout-28f84493 wp-block-columns-is-layout-flex\">\n<div class=\"wp-block-column is-vertically-aligned-center is-layout-flow wp-block-column-is-layout-flow\">\n<p style=\"margin-top:0;margin-right:0;margin-bottom:0;margin-left:0;font-size:18px\"><strong>Trazos del Alma en Acuarela<\/strong><\/p>\n\n\n\n<h3 class=\"wp-block-heading\" style=\"font-size:48px\">Disfruta de un 23\u00a0% de descuento<\/h3>\n\n\n\n<p style=\"margin-top:0;margin-right:0;margin-bottom:0;margin-left:0;font-size:24px\">Disfruta de un 23\u00a0% de descuento en todos los productos de la categor\u00eda Trazos del Alma en Acuarela (Libro, acuarelas, pinceles) usando el c\u00fapon <strong>TRAZOS23<\/strong>.<\/p>\n\n\n\n<div class=\"wp-block-buttons is-layout-flex wp-container-core-buttons-is-layout-27eaf71a wp-block-buttons-is-layout-flex\" style=\"margin-top:20px;margin-bottom:0\">\n<div class=\"wp-block-button is-style-fill\"><a class=\"wp-block-button__link has-custom-font-size wp-element-button\" href=\"https:\/\/lalaboralaula.es\/MP302526\/index.php\/categoria-producto\/trazos-del-alma-en-acuarela\/\" style=\"border-style:none;border-width:0px;font-size:16px\">Comprar ahora <\/a><\/div>\n<\/div>\n\n\n\n<p><em>Hasta 4 de agosto de 2026<\/em><\/p>\n<\/div>\n\n\n\n<div class=\"wp-block-column is-vertically-aligned-center is-layout-flow wp-block-column-is-layout-flow\"><div class=\"wp-block-image\">\n<figure class=\"alignright size-full\"><img loading=\"lazy\" decoding=\"async\" width=\"922\" height=\"617\" src=\"https:\/\/lalaboralaula.es\/MP302526\/wp-content\/uploads\/2025\/11\/de7024af-36ea-41da-8c68-080386ca7e7c.jpg\" alt=\"\" class=\"wp-image-257\" srcset=\"https:\/\/lalaboralaula.es\/MP302526\/wp-content\/uploads\/2025\/11\/de7024af-36ea-41da-8c68-080386ca7e7c.jpg 922w, https:\/\/lalaboralaula.es\/MP302526\/wp-content\/uploads\/2025\/11\/de7024af-36ea-41da-8c68-080386ca7e7c-300x201.jpg 300w, https:\/\/lalaboralaula.es\/MP302526\/wp-content\/uploads\/2025\/11\/de7024af-36ea-41da-8c68-080386ca7e7c-768x514.jpg 768w, https:\/\/lalaboralaula.es\/MP302526\/wp-content\/uploads\/2025\/11\/de7024af-36ea-41da-8c68-080386ca7e7c-416x278.jpg 416w\" sizes=\"auto, (max-width: 922px) 100vw, 922px\" \/><\/figure>\n<\/div><\/div>\n<\/div>\n\n\n\n<div style=\"height:calc( 0.25 * var(--wp--style--root--padding-right, var(--wp--custom--gap--horizontal)))\" aria-hidden=\"true\" class=\"wp-block-spacer\"><\/div>\n<\/div><\/div>\n\n\n\n<figure class=\"wp-block-image alignwide size-large\"><img loading=\"lazy\" decoding=\"async\" width=\"1024\" height=\"630\" src=\"https:\/\/lalaboralaula.es\/MP302526\/wp-content\/uploads\/2025\/11\/\u0414\u0438\u0437\u0430\u0439\u043d-\u0431\u0435\u0437-\u043d\u0430\u0437\u0432\u0430\u043d\u0438\u044f-1024x630.jpg\" alt=\"\" class=\"wp-image-236\" srcset=\"https:\/\/lalaboralaula.es\/MP302526\/wp-content\/uploads\/2025\/11\/\u0414\u0438\u0437\u0430\u0439\u043d-\u0431\u0435\u0437-\u043d\u0430\u0437\u0432\u0430\u043d\u0438\u044f-1024x630.jpg 1024w, https:\/\/lalaboralaula.es\/MP302526\/wp-content\/uploads\/2025\/11\/\u0414\u0438\u0437\u0430\u0439\u043d-\u0431\u0435\u0437-\u043d\u0430\u0437\u0432\u0430\u043d\u0438\u044f-300x185.jpg 300w, https:\/\/lalaboralaula.es\/MP302526\/wp-content\/uploads\/2025\/11\/\u0414\u0438\u0437\u0430\u0439\u043d-\u0431\u0435\u0437-\u043d\u0430\u0437\u0432\u0430\u043d\u0438\u044f-768x473.jpg 768w, https:\/\/lalaboralaula.es\/MP302526\/wp-content\/uploads\/2025\/11\/\u0414\u0438\u0437\u0430\u0439\u043d-\u0431\u0435\u0437-\u043d\u0430\u0437\u0432\u0430\u043d\u0438\u044f-416x256.jpg 416w, https:\/\/lalaboralaula.es\/MP302526\/wp-content\/uploads\/2025\/11\/\u0414\u0438\u0437\u0430\u0439\u043d-\u0431\u0435\u0437-\u043d\u0430\u0437\u0432\u0430\u043d\u0438\u044f.jpg 1199w\" sizes=\"auto, (max-width: 1024px) 100vw, 1024px\" \/><\/figure>\n\n\n\n<p>Revea es una firma de moda independiente que crea prendas atemporales inspiradas en el esp\u00edritu minimalista y sensual de los a\u00f1os 90.&nbsp;<br>Cada pieza nace de una reinterpretaci\u00f3n contempor\u00e1nea del pasado \u2014 l\u00edneas puras, tejidos naturales y una elegancia sin esfuerzo.&nbsp;<br>No seguimos tendencias: las revelamos.&nbsp;<\/p>\n\n\n\n<div class=\"wp-block-group alignfull is-content-justification-center\" style=\"margin-top:0;margin-bottom:0;padding-top:calc( 0.5 * var(--wp--style--root--padding-right, var(--wp--custom--gap--horizontal)));padding-right:var(--wp--style--root--padding-right, var(--wp--custom--gap--horizontal));padding-bottom:calc( 0.5 * var(--wp--style--root--padding-right, var(--wp--custom--gap--horizontal)));padding-left:var(--wp--style--root--padding-left, var(--wp--custom--gap--horizontal))\"><div class=\"wp-block-group__inner-container is-layout-constrained wp-container-core-group-is-layout-df757ecc wp-block-group-is-layout-constrained\">\n<div style=\"height:calc( 0.25 * var(--wp--style--root--padding-right, var(--wp--custom--gap--horizontal)))\" aria-hidden=\"true\" class=\"wp-block-spacer\"><\/div>\n\n\n\n<div class=\"wp-block-columns alignwide is-layout-flex wp-container-core-columns-is-layout-b3bd7b48 wp-block-columns-is-layout-flex\" style=\"margin-top:0px;margin-bottom:0px;padding-top:0;padding-right:0;padding-bottom:0;padding-left:0\">\n<div class=\"wp-block-column is-layout-flow wp-block-column-is-layout-flow\">\n<div class=\"wp-block-cover is-light has-custom-content-position is-position-bottom-center has-white-color\" style=\"padding-bottom:56px\"><img loading=\"lazy\" decoding=\"async\" width=\"1024\" height=\"1024\" class=\"wp-block-cover__image-background wp-image-232 size-full\" alt=\"\" src=\"https:\/\/lalaboralaula.es\/MP302526\/wp-content\/uploads\/2025\/11\/ChatGPT-Image-13-\u043b\u0438\u0441\u0442.-2025-\u0440.-19_13_17.png\" data-object-fit=\"cover\" srcset=\"https:\/\/lalaboralaula.es\/MP302526\/wp-content\/uploads\/2025\/11\/ChatGPT-Image-13-\u043b\u0438\u0441\u0442.-2025-\u0440.-19_13_17.png 1024w, https:\/\/lalaboralaula.es\/MP302526\/wp-content\/uploads\/2025\/11\/ChatGPT-Image-13-\u043b\u0438\u0441\u0442.-2025-\u0440.-19_13_17-300x300.png 300w, https:\/\/lalaboralaula.es\/MP302526\/wp-content\/uploads\/2025\/11\/ChatGPT-Image-13-\u043b\u0438\u0441\u0442.-2025-\u0440.-19_13_17-150x150.png 150w\" sizes=\"auto, (max-width: 1024px) 100vw, 1024px\" \/><span aria-hidden=\"true\" class=\"wp-block-cover__background has-background-dim-30 has-background-dim\" style=\"background-color:#f4e1e2\"><\/span><div class=\"wp-block-cover__inner-container is-layout-flow wp-block-cover-is-layout-flow\">\n<p class=\"has-text-align-center has-link-color wp-elements-05335121299a1b34d736d19153b47616\" style=\"margin-top:0;margin-bottom:0;padding-top:0;padding-bottom:0\">\n\t\t\t\t\t\t<a href=\"https:\/\/lalaboralaula.es\/MP302526\/index.php\/tienda\/\" data-type=\"link\" data-id=\"https:\/\/lalaboralaula.es\/MP302526\/index.php\/tienda\/\">Comprar ahora<\/a>\n\t\t\t\t\t<\/p>\n<\/div><\/div>\n<\/div>\n\n\n\n<div class=\"wp-block-column is-layout-flow wp-block-column-is-layout-flow\">\n<div class=\"wp-block-cover is-light has-custom-content-position is-position-bottom-center has-white-color\" style=\"padding-bottom:56px\"><img loading=\"lazy\" decoding=\"async\" width=\"1024\" height=\"1536\" class=\"wp-block-cover__image-background wp-image-187 size-full\" alt=\"\" src=\"https:\/\/lalaboralaula.es\/MP302526\/wp-content\/uploads\/2025\/10\/ChatGPT-Image-30-\u0436\u043e\u0432\u0442.-2025-\u0440.-19_33_03.png\" data-object-fit=\"cover\" srcset=\"https:\/\/lalaboralaula.es\/MP302526\/wp-content\/uploads\/2025\/10\/ChatGPT-Image-30-\u0436\u043e\u0432\u0442.-2025-\u0440.-19_33_03.png 1024w, https:\/\/lalaboralaula.es\/MP302526\/wp-content\/uploads\/2025\/10\/ChatGPT-Image-30-\u0436\u043e\u0432\u0442.-2025-\u0440.-19_33_03-416x624.png 416w, https:\/\/lalaboralaula.es\/MP302526\/wp-content\/uploads\/2025\/10\/ChatGPT-Image-30-\u0436\u043e\u0432\u0442.-2025-\u0440.-19_33_03-200x300.png 200w\" sizes=\"auto, (max-width: 1024px) 100vw, 1024px\" \/><span aria-hidden=\"true\" class=\"wp-block-cover__background has-background-dim-30 has-background-dim\" style=\"background-color:#dededc\"><\/span><div class=\"wp-block-cover__inner-container is-layout-flow wp-block-cover-is-layout-flow\">\n<p class=\"has-text-align-center has-link-color wp-elements-05335121299a1b34d736d19153b47616\" style=\"margin-top:0;margin-bottom:0;padding-top:0;padding-bottom:0\">\n\t\t\t\t\t\t<a href=\"https:\/\/lalaboralaula.es\/MP302526\/index.php\/tienda\/\" data-type=\"link\" data-id=\"https:\/\/lalaboralaula.es\/MP302526\/index.php\/tienda\/\">Comprar ahora<\/a>\n\t\t\t\t\t<\/p>\n<\/div><\/div>\n<\/div>\n\n\n\n<div class=\"wp-block-column is-layout-flow wp-block-column-is-layout-flow\">\n<div class=\"wp-block-cover is-light has-custom-content-position is-position-bottom-center has-white-color\" style=\"padding-bottom:56px\"><img loading=\"lazy\" decoding=\"async\" width=\"450\" height=\"316\" class=\"wp-block-cover__image-background wp-image-181 size-full\" alt=\"gafas de sol negra para mujeres\" src=\"https:\/\/lalaboralaula.es\/MP302526\/wp-content\/uploads\/2025\/10\/Captura-de-pantalla-2025-10-29-204844.png\" data-object-fit=\"cover\" srcset=\"https:\/\/lalaboralaula.es\/MP302526\/wp-content\/uploads\/2025\/10\/Captura-de-pantalla-2025-10-29-204844.png 450w, https:\/\/lalaboralaula.es\/MP302526\/wp-content\/uploads\/2025\/10\/Captura-de-pantalla-2025-10-29-204844-416x292.png 416w, https:\/\/lalaboralaula.es\/MP302526\/wp-content\/uploads\/2025\/10\/Captura-de-pantalla-2025-10-29-204844-300x211.png 300w\" sizes=\"auto, (max-width: 450px) 100vw, 450px\" \/><span aria-hidden=\"true\" class=\"wp-block-cover__background has-background-dim-30 has-background-dim\" style=\"background-color:#d9d9d9\"><\/span><div class=\"wp-block-cover__inner-container is-layout-flow wp-block-cover-is-layout-flow\">\n<p class=\"has-text-align-center has-link-color wp-elements-05335121299a1b34d736d19153b47616\" style=\"margin-top:0;margin-bottom:0;padding-top:0;padding-bottom:0\">\n\t\t\t\t\t\t<a href=\"https:\/\/lalaboralaula.es\/MP302526\/index.php\/tienda\/\" data-type=\"link\" data-id=\"https:\/\/lalaboralaula.es\/MP302526\/index.php\/tienda\/\">Comprar ahora<\/a>\n\t\t\t\t\t<\/p>\n<\/div><\/div>\n<\/div>\n<\/div>\n\n\n\n<div style=\"height:calc( 0.25 * var(--wp--style--root--padding-right, var(--wp--custom--gap--horizontal)))\" aria-hidden=\"true\" class=\"wp-block-spacer\"><\/div>\n<\/div><\/div>\n\n\n\n<p><\/p>\n","protected":false},"excerpt":{"rendered":"<p>Trazos del Alma en Acuarela Disfruta de un 23\u00a0% de descuento Disfruta de un 23\u00a0% de descuento en todos los productos de la categor\u00eda Trazos del Alma en Acuarela (Libro, acuarelas, pinceles) usando el c\u00fapon TRAZOS23. Hasta 4 de agosto de 2026 Revea es una firma de moda independiente que crea prendas atemporales inspiradas en [&hellip;]<\/p>\n","protected":false},"author":1,"featured_media":0,"parent":0,"menu_order":0,"comment_status":"closed","ping_status":"closed","template":"template-fullwidth.php","meta":{"footnotes":""},"class_list":["post-95","page","type-page","status-publish","hentry"],"yoast_head":"<!-- This site is optimized with the Yoast SEO plugin v27.3 - https:\/\/yoast.com\/product\/yoast-seo-wordpress\/ -->\n<title>Revea - Revea<\/title>\n<meta name=\"robots\" content=\"index, follow, max-snippet:-1, max-image-preview:large, max-video-preview:-1\" \/>\n<link rel=\"canonical\" href=\"https:\/\/lalaboralaula.es\/MP302526\/\" \/>\n<meta property=\"og:locale\" content=\"es_ES\" \/>\n<meta property=\"og:type\" content=\"article\" \/>\n<meta property=\"og:title\" content=\"Revea - Revea\" \/>\n<meta property=\"og:description\" content=\"Trazos del Alma en Acuarela Disfruta de un 23\u00a0% de descuento Disfruta de un 23\u00a0% de descuento en todos los productos de la categor\u00eda Trazos del Alma en Acuarela (Libro, acuarelas, pinceles) usando el c\u00fapon TRAZOS23. Hasta 4 de agosto de 2026 Revea es una firma de moda independiente que crea prendas atemporales inspiradas en [&hellip;]\" \/>\n<meta property=\"og:url\" content=\"https:\/\/lalaboralaula.es\/MP302526\/\" \/>\n<meta property=\"og:site_name\" content=\"Revea\" \/>\n<meta property=\"article:modified_time\" content=\"2025-11-20T18:43:47+00:00\" \/>\n<meta property=\"og:image\" content=\"https:\/\/lalaboralaula.es\/MP302526\/wp-content\/uploads\/2025\/11\/de7024af-36ea-41da-8c68-080386ca7e7c.jpg\" \/>\n\t<meta property=\"og:image:width\" content=\"922\" \/>\n\t<meta property=\"og:image:height\" content=\"617\" \/>\n\t<meta property=\"og:image:type\" content=\"image\/jpeg\" \/>\n<meta name=\"twitter:card\" content=\"summary_large_image\" \/>\n<meta name=\"twitter:label1\" content=\"Tiempo de lectura\" \/>\n\t<meta name=\"twitter:data1\" content=\"2 minutos\" \/>\n<script type=\"application\/ld+json\" class=\"yoast-schema-graph\">{\"@context\":\"https:\\\/\\\/schema.org\",\"@graph\":[{\"@type\":\"WebPage\",\"@id\":\"https:\\\/\\\/lalaboralaula.es\\\/MP302526\\\/\",\"url\":\"https:\\\/\\\/lalaboralaula.es\\\/MP302526\\\/\",\"name\":\"Revea - Revea\",\"isPartOf\":{\"@id\":\"https:\\\/\\\/lalaboralaula.es\\\/MP302526\\\/#website\"},\"primaryImageOfPage\":{\"@id\":\"https:\\\/\\\/lalaboralaula.es\\\/MP302526\\\/#primaryimage\"},\"image\":{\"@id\":\"https:\\\/\\\/lalaboralaula.es\\\/MP302526\\\/#primaryimage\"},\"thumbnailUrl\":\"https:\\\/\\\/lalaboralaula.es\\\/MP302526\\\/wp-content\\\/uploads\\\/2025\\\/11\\\/de7024af-36ea-41da-8c68-080386ca7e7c.jpg\",\"datePublished\":\"2025-10-23T17:40:26+00:00\",\"dateModified\":\"2025-11-20T18:43:47+00:00\",\"breadcrumb\":{\"@id\":\"https:\\\/\\\/lalaboralaula.es\\\/MP302526\\\/#breadcrumb\"},\"inLanguage\":\"es\",\"potentialAction\":[{\"@type\":\"ReadAction\",\"target\":[\"https:\\\/\\\/lalaboralaula.es\\\/MP302526\\\/\"]}]},{\"@type\":\"ImageObject\",\"inLanguage\":\"es\",\"@id\":\"https:\\\/\\\/lalaboralaula.es\\\/MP302526\\\/#primaryimage\",\"url\":\"https:\\\/\\\/lalaboralaula.es\\\/MP302526\\\/wp-content\\\/uploads\\\/2025\\\/11\\\/de7024af-36ea-41da-8c68-080386ca7e7c.jpg\",\"contentUrl\":\"https:\\\/\\\/lalaboralaula.es\\\/MP302526\\\/wp-content\\\/uploads\\\/2025\\\/11\\\/de7024af-36ea-41da-8c68-080386ca7e7c.jpg\",\"width\":922,\"height\":617},{\"@type\":\"BreadcrumbList\",\"@id\":\"https:\\\/\\\/lalaboralaula.es\\\/MP302526\\\/#breadcrumb\",\"itemListElement\":[{\"@type\":\"ListItem\",\"position\":1,\"name\":\"Portada\",\"item\":\"https:\\\/\\\/lalaboralaula.es\\\/MP302526\\\/\"},{\"@type\":\"ListItem\",\"position\":2,\"name\":\"Revea\"}]},{\"@type\":\"WebSite\",\"@id\":\"https:\\\/\\\/lalaboralaula.es\\\/MP302526\\\/#website\",\"url\":\"https:\\\/\\\/lalaboralaula.es\\\/MP302526\\\/\",\"name\":\"Revea\",\"description\":\"Revela tu esencia. Crea tu historia\",\"publisher\":{\"@id\":\"https:\\\/\\\/lalaboralaula.es\\\/MP302526\\\/#organization\"},\"potentialAction\":[{\"@type\":\"SearchAction\",\"target\":{\"@type\":\"EntryPoint\",\"urlTemplate\":\"https:\\\/\\\/lalaboralaula.es\\\/MP302526\\\/?s={search_term_string}\"},\"query-input\":{\"@type\":\"PropertyValueSpecification\",\"valueRequired\":true,\"valueName\":\"search_term_string\"}}],\"inLanguage\":\"es\"},{\"@type\":\"Organization\",\"@id\":\"https:\\\/\\\/lalaboralaula.es\\\/MP302526\\\/#organization\",\"name\":\"Revea\",\"url\":\"https:\\\/\\\/lalaboralaula.es\\\/MP302526\\\/\",\"logo\":{\"@type\":\"ImageObject\",\"inLanguage\":\"es\",\"@id\":\"https:\\\/\\\/lalaboralaula.es\\\/MP302526\\\/#\\\/schema\\\/logo\\\/image\\\/\",\"url\":\"https:\\\/\\\/lalaboralaula.es\\\/MP302526\\\/wp-content\\\/uploads\\\/2025\\\/10\\\/cropped-1-1.png\",\"contentUrl\":\"https:\\\/\\\/lalaboralaula.es\\\/MP302526\\\/wp-content\\\/uploads\\\/2025\\\/10\\\/cropped-1-1.png\",\"width\":500,\"height\":117,\"caption\":\"Revea\"},\"image\":{\"@id\":\"https:\\\/\\\/lalaboralaula.es\\\/MP302526\\\/#\\\/schema\\\/logo\\\/image\\\/\"}}]}<\/script>\n<!-- \/ Yoast SEO plugin. -->","yoast_head_json":{"title":"Revea - Revea","robots":{"index":"index","follow":"follow","max-snippet":"max-snippet:-1","max-image-preview":"max-image-preview:large","max-video-preview":"max-video-preview:-1"},"canonical":"https:\/\/lalaboralaula.es\/MP302526\/","og_locale":"es_ES","og_type":"article","og_title":"Revea - Revea","og_description":"Trazos del Alma en Acuarela Disfruta de un 23\u00a0% de descuento Disfruta de un 23\u00a0% de descuento en todos los productos de la categor\u00eda Trazos del Alma en Acuarela (Libro, acuarelas, pinceles) usando el c\u00fapon TRAZOS23. Hasta 4 de agosto de 2026 Revea es una firma de moda independiente que crea prendas atemporales inspiradas en [&hellip;]","og_url":"https:\/\/lalaboralaula.es\/MP302526\/","og_site_name":"Revea","article_modified_time":"2025-11-20T18:43:47+00:00","og_image":[{"width":922,"height":617,"url":"https:\/\/lalaboralaula.es\/MP302526\/wp-content\/uploads\/2025\/11\/de7024af-36ea-41da-8c68-080386ca7e7c.jpg","type":"image\/jpeg"}],"twitter_card":"summary_large_image","twitter_misc":{"Tiempo de lectura":"2 minutos"},"schema":{"@context":"https:\/\/schema.org","@graph":[{"@type":"WebPage","@id":"https:\/\/lalaboralaula.es\/MP302526\/","url":"https:\/\/lalaboralaula.es\/MP302526\/","name":"Revea - Revea","isPartOf":{"@id":"https:\/\/lalaboralaula.es\/MP302526\/#website"},"primaryImageOfPage":{"@id":"https:\/\/lalaboralaula.es\/MP302526\/#primaryimage"},"image":{"@id":"https:\/\/lalaboralaula.es\/MP302526\/#primaryimage"},"thumbnailUrl":"https:\/\/lalaboralaula.es\/MP302526\/wp-content\/uploads\/2025\/11\/de7024af-36ea-41da-8c68-080386ca7e7c.jpg","datePublished":"2025-10-23T17:40:26+00:00","dateModified":"2025-11-20T18:43:47+00:00","breadcrumb":{"@id":"https:\/\/lalaboralaula.es\/MP302526\/#breadcrumb"},"inLanguage":"es","potentialAction":[{"@type":"ReadAction","target":["https:\/\/lalaboralaula.es\/MP302526\/"]}]},{"@type":"ImageObject","inLanguage":"es","@id":"https:\/\/lalaboralaula.es\/MP302526\/#primaryimage","url":"https:\/\/lalaboralaula.es\/MP302526\/wp-content\/uploads\/2025\/11\/de7024af-36ea-41da-8c68-080386ca7e7c.jpg","contentUrl":"https:\/\/lalaboralaula.es\/MP302526\/wp-content\/uploads\/2025\/11\/de7024af-36ea-41da-8c68-080386ca7e7c.jpg","width":922,"height":617},{"@type":"BreadcrumbList","@id":"https:\/\/lalaboralaula.es\/MP302526\/#breadcrumb","itemListElement":[{"@type":"ListItem","position":1,"name":"Portada","item":"https:\/\/lalaboralaula.es\/MP302526\/"},{"@type":"ListItem","position":2,"name":"Revea"}]},{"@type":"WebSite","@id":"https:\/\/lalaboralaula.es\/MP302526\/#website","url":"https:\/\/lalaboralaula.es\/MP302526\/","name":"Revea","description":"Revela tu esencia. Crea tu historia","publisher":{"@id":"https:\/\/lalaboralaula.es\/MP302526\/#organization"},"potentialAction":[{"@type":"SearchAction","target":{"@type":"EntryPoint","urlTemplate":"https:\/\/lalaboralaula.es\/MP302526\/?s={search_term_string}"},"query-input":{"@type":"PropertyValueSpecification","valueRequired":true,"valueName":"search_term_string"}}],"inLanguage":"es"},{"@type":"Organization","@id":"https:\/\/lalaboralaula.es\/MP302526\/#organization","name":"Revea","url":"https:\/\/lalaboralaula.es\/MP302526\/","logo":{"@type":"ImageObject","inLanguage":"es","@id":"https:\/\/lalaboralaula.es\/MP302526\/#\/schema\/logo\/image\/","url":"https:\/\/lalaboralaula.es\/MP302526\/wp-content\/uploads\/2025\/10\/cropped-1-1.png","contentUrl":"https:\/\/lalaboralaula.es\/MP302526\/wp-content\/uploads\/2025\/10\/cropped-1-1.png","width":500,"height":117,"caption":"Revea"},"image":{"@id":"https:\/\/lalaboralaula.es\/MP302526\/#\/schema\/logo\/image\/"}}]}},"_links":{"self":[{"href":"https:\/\/lalaboralaula.es\/MP302526\/index.php\/wp-json\/wp\/v2\/pages\/95","targetHints":{"allow":["GET"]}}],"collection":[{"href":"https:\/\/lalaboralaula.es\/MP302526\/index.php\/wp-json\/wp\/v2\/pages"}],"about":[{"href":"https:\/\/lalaboralaula.es\/MP302526\/index.php\/wp-json\/wp\/v2\/types\/page"}],"author":[{"embeddable":true,"href":"https:\/\/lalaboralaula.es\/MP302526\/index.php\/wp-json\/wp\/v2\/users\/1"}],"replies":[{"embeddable":true,"href":"https:\/\/lalaboralaula.es\/MP302526\/index.php\/wp-json\/wp\/v2\/comments?post=95"}],"version-history":[{"count":7,"href":"https:\/\/lalaboralaula.es\/MP302526\/index.php\/wp-json\/wp\/v2\/pages\/95\/revisions"}],"predecessor-version":[{"id":259,"href":"https:\/\/lalaboralaula.es\/MP302526\/index.php\/wp-json\/wp\/v2\/pages\/95\/revisions\/259"}],"wp:attachment":[{"href":"https:\/\/lalaboralaula.es\/MP302526\/index.php\/wp-json\/wp\/v2\/media?parent=95"}],"curies":[{"name":"wp","href":"https:\/\/api.w.org\/{rel}","templated":true}]}}