{"id":52,"date":"2025-10-23T18:59:11","date_gmt":"2025-10-23T16:59:11","guid":{"rendered":"https:\/\/lalaboralaula.es\/MP302526\/?page_id=52"},"modified":"2025-10-23T19:38:18","modified_gmt":"2025-10-23T17:38:18","slug":"sobre-nosotros","status":"publish","type":"page","link":"https:\/\/lalaboralaula.es\/MP302526\/index.php\/sobre-nosotros\/","title":{"rendered":"Sobre nosotros"},"content":{"rendered":"\n<blockquote class=\"wp-block-quote is-layout-flow wp-block-quote-is-layout-flow\">\n<p><mark style=\"background-color:rgba(0, 0, 0, 0);color:#1b2a49\" class=\"has-inline-color\">Revela tu esencia. Crea tu historia<\/mark><\/p>\n<\/blockquote>\n\n\n\n<p>Revea es una firma de moda independiente que crea prendas atemporales inspiradas en el esp\u00edritu minimalista y sensual de los a\u00f1os 90.\u00a0<br>Cada pieza nace de una reinterpretaci\u00f3n contempor\u00e1nea del pasado \u2014 l\u00edneas puras, tejidos naturales y una elegancia sin esfuerzo.\u00a0<br>No seguimos tendencias: las revelamos.\u00a0<\/p>\n\n\n\n<p><\/p>\n\n\n\n<div class=\"wp-block-columns is-layout-flex wp-container-core-columns-is-layout-28f84493 wp-block-columns-is-layout-flex\">\n<div class=\"wp-block-column is-layout-flow wp-block-column-is-layout-flow\" style=\"flex-basis:100%\">\n<figure class=\"wp-block-gallery aligncenter has-nested-images columns-default is-cropped wp-block-gallery-1 is-layout-flex wp-block-gallery-is-layout-flex\">\n<figure class=\"wp-block-image size-large\"><img loading=\"lazy\" decoding=\"async\" width=\"474\" height=\"572\" data-id=\"60\" src=\"https:\/\/lalaboralaula.es\/MP302526\/wp-content\/uploads\/2025\/10\/d5469423-0c31-44e3-9a39-2b78ade81adc-1.jpg\" alt=\"\" class=\"wp-image-60\" srcset=\"https:\/\/lalaboralaula.es\/MP302526\/wp-content\/uploads\/2025\/10\/d5469423-0c31-44e3-9a39-2b78ade81adc-1.jpg 474w, https:\/\/lalaboralaula.es\/MP302526\/wp-content\/uploads\/2025\/10\/d5469423-0c31-44e3-9a39-2b78ade81adc-1-416x502.jpg 416w, https:\/\/lalaboralaula.es\/MP302526\/wp-content\/uploads\/2025\/10\/d5469423-0c31-44e3-9a39-2b78ade81adc-1-249x300.jpg 249w\" sizes=\"auto, (max-width: 474px) 100vw, 474px\" \/><\/figure>\n\n\n\n<figure class=\"wp-block-image size-large\"><img loading=\"lazy\" decoding=\"async\" width=\"585\" height=\"1024\" data-id=\"62\" src=\"https:\/\/lalaboralaula.es\/MP302526\/wp-content\/uploads\/2025\/10\/descargar-2-585x1024.jpg\" alt=\"\" class=\"wp-image-62\" srcset=\"https:\/\/lalaboralaula.es\/MP302526\/wp-content\/uploads\/2025\/10\/descargar-2-585x1024.jpg 585w, https:\/\/lalaboralaula.es\/MP302526\/wp-content\/uploads\/2025\/10\/descargar-2-416x729.jpg 416w, https:\/\/lalaboralaula.es\/MP302526\/wp-content\/uploads\/2025\/10\/descargar-2-171x300.jpg 171w, https:\/\/lalaboralaula.es\/MP302526\/wp-content\/uploads\/2025\/10\/descargar-2.jpg 685w\" sizes=\"auto, (max-width: 585px) 100vw, 585px\" \/><\/figure>\n<\/figure>\n<\/div>\n<\/div>\n\n\n\n<p>Nuestra misi\u00f3n es crear prendas que combinen elegancia, comodidad y autenticidad, inspirando a las mujeres a expresar su estilo personal con confianza y sencillez.<\/p>\n\n\n\n<p><br>La visi\u00f3n de la marca es convertirse en un referente del dise\u00f1o minimalista contempor\u00e1neo, promoviendo una moda duradera, consciente y con identidad propia.<\/p>\n\n\n\n<p><br>Nuestros valores se basan en la simplicidad como fuente de belleza, la calidad en cada detalle, la autenticidad de un estilo real sin excesos y la conexi\u00f3n con quienes eligen vestir con sentido.<\/p>\n\n\n<div class=\"wp-block-image\">\n<figure class=\"aligncenter size-large\"><img loading=\"lazy\" decoding=\"async\" width=\"1041\" height=\"735\" src=\"https:\/\/lalaboralaula.es\/MP302526\/wp-content\/uploads\/2025\/10\/\ud83d\udcf8-Jaqueline-Kravtchenko-edited.jpg\" alt=\"\" class=\"wp-image-65\" srcset=\"https:\/\/lalaboralaula.es\/MP302526\/wp-content\/uploads\/2025\/10\/\ud83d\udcf8-Jaqueline-Kravtchenko-edited.jpg 1041w, https:\/\/lalaboralaula.es\/MP302526\/wp-content\/uploads\/2025\/10\/\ud83d\udcf8-Jaqueline-Kravtchenko-edited-416x294.jpg 416w, https:\/\/lalaboralaula.es\/MP302526\/wp-content\/uploads\/2025\/10\/\ud83d\udcf8-Jaqueline-Kravtchenko-edited-300x212.jpg 300w, https:\/\/lalaboralaula.es\/MP302526\/wp-content\/uploads\/2025\/10\/\ud83d\udcf8-Jaqueline-Kravtchenko-edited-1024x723.jpg 1024w, https:\/\/lalaboralaula.es\/MP302526\/wp-content\/uploads\/2025\/10\/\ud83d\udcf8-Jaqueline-Kravtchenko-edited-768x542.jpg 768w\" sizes=\"auto, (max-width: 1041px) 100vw, 1041px\" \/><\/figure>\n<\/div>","protected":false},"excerpt":{"rendered":"<p>Revela tu esencia. Crea tu historia Revea es una firma de moda independiente que crea prendas atemporales inspiradas en el esp\u00edritu minimalista y sensual de los a\u00f1os 90.\u00a0Cada pieza nace de una reinterpretaci\u00f3n contempor\u00e1nea del pasado \u2014 l\u00edneas puras, tejidos naturales y una elegancia sin esfuerzo.\u00a0No seguimos tendencias: las revelamos.\u00a0 Nuestra misi\u00f3n es crear prendas [&hellip;]<\/p>\n","protected":false},"author":1,"featured_media":0,"parent":0,"menu_order":0,"comment_status":"closed","ping_status":"closed","template":"template-fullwidth.php","meta":{"footnotes":""},"class_list":["post-52","page","type-page","status-publish","hentry"],"yoast_head":"<!-- This site is optimized with the Yoast SEO plugin v27.3 - https:\/\/yoast.com\/product\/yoast-seo-wordpress\/ -->\n<title>Sobre nosotros - Revea<\/title>\n<meta name=\"robots\" content=\"index, follow, max-snippet:-1, max-image-preview:large, max-video-preview:-1\" \/>\n<link rel=\"canonical\" href=\"https:\/\/lalaboralaula.es\/MP302526\/index.php\/sobre-nosotros\/\" \/>\n<meta property=\"og:locale\" content=\"es_ES\" \/>\n<meta property=\"og:type\" content=\"article\" \/>\n<meta property=\"og:title\" content=\"Sobre nosotros - Revea\" \/>\n<meta property=\"og:description\" content=\"Revela tu esencia. Crea tu historia Revea es una firma de moda independiente que crea prendas atemporales inspiradas en el esp\u00edritu minimalista y sensual de los a\u00f1os 90.\u00a0Cada pieza nace de una reinterpretaci\u00f3n contempor\u00e1nea del pasado \u2014 l\u00edneas puras, tejidos naturales y una elegancia sin esfuerzo.\u00a0No seguimos tendencias: las revelamos.\u00a0 Nuestra misi\u00f3n es crear prendas [&hellip;]\" \/>\n<meta property=\"og:url\" content=\"https:\/\/lalaboralaula.es\/MP302526\/index.php\/sobre-nosotros\/\" \/>\n<meta property=\"og:site_name\" content=\"Revea\" \/>\n<meta property=\"article:modified_time\" content=\"2025-10-23T17:38:18+00:00\" \/>\n<meta property=\"og:image\" content=\"https:\/\/lalaboralaula.es\/MP302526\/wp-content\/uploads\/2025\/10\/d5469423-0c31-44e3-9a39-2b78ade81adc-1.jpg\" \/>\n\t<meta property=\"og:image:width\" content=\"474\" \/>\n\t<meta property=\"og:image:height\" content=\"572\" \/>\n\t<meta property=\"og:image:type\" content=\"image\/jpeg\" \/>\n<meta name=\"twitter:card\" content=\"summary_large_image\" \/>\n<meta name=\"twitter:label1\" content=\"Tiempo de lectura\" \/>\n\t<meta name=\"twitter:data1\" content=\"1 minuto\" \/>\n<script type=\"application\/ld+json\" class=\"yoast-schema-graph\">{\"@context\":\"https:\\\/\\\/schema.org\",\"@graph\":[{\"@type\":\"WebPage\",\"@id\":\"https:\\\/\\\/lalaboralaula.es\\\/MP302526\\\/index.php\\\/sobre-nosotros\\\/\",\"url\":\"https:\\\/\\\/lalaboralaula.es\\\/MP302526\\\/index.php\\\/sobre-nosotros\\\/\",\"name\":\"Sobre nosotros - Revea\",\"isPartOf\":{\"@id\":\"https:\\\/\\\/lalaboralaula.es\\\/MP302526\\\/#website\"},\"primaryImageOfPage\":{\"@id\":\"https:\\\/\\\/lalaboralaula.es\\\/MP302526\\\/index.php\\\/sobre-nosotros\\\/#primaryimage\"},\"image\":{\"@id\":\"https:\\\/\\\/lalaboralaula.es\\\/MP302526\\\/index.php\\\/sobre-nosotros\\\/#primaryimage\"},\"thumbnailUrl\":\"https:\\\/\\\/lalaboralaula.es\\\/MP302526\\\/wp-content\\\/uploads\\\/2025\\\/10\\\/d5469423-0c31-44e3-9a39-2b78ade81adc-1.jpg\",\"datePublished\":\"2025-10-23T16:59:11+00:00\",\"dateModified\":\"2025-10-23T17:38:18+00:00\",\"breadcrumb\":{\"@id\":\"https:\\\/\\\/lalaboralaula.es\\\/MP302526\\\/index.php\\\/sobre-nosotros\\\/#breadcrumb\"},\"inLanguage\":\"es\",\"potentialAction\":[{\"@type\":\"ReadAction\",\"target\":[\"https:\\\/\\\/lalaboralaula.es\\\/MP302526\\\/index.php\\\/sobre-nosotros\\\/\"]}]},{\"@type\":\"ImageObject\",\"inLanguage\":\"es\",\"@id\":\"https:\\\/\\\/lalaboralaula.es\\\/MP302526\\\/index.php\\\/sobre-nosotros\\\/#primaryimage\",\"url\":\"https:\\\/\\\/lalaboralaula.es\\\/MP302526\\\/wp-content\\\/uploads\\\/2025\\\/10\\\/d5469423-0c31-44e3-9a39-2b78ade81adc-1.jpg\",\"contentUrl\":\"https:\\\/\\\/lalaboralaula.es\\\/MP302526\\\/wp-content\\\/uploads\\\/2025\\\/10\\\/d5469423-0c31-44e3-9a39-2b78ade81adc-1.jpg\",\"width\":474,\"height\":572},{\"@type\":\"BreadcrumbList\",\"@id\":\"https:\\\/\\\/lalaboralaula.es\\\/MP302526\\\/index.php\\\/sobre-nosotros\\\/#breadcrumb\",\"itemListElement\":[{\"@type\":\"ListItem\",\"position\":1,\"name\":\"Portada\",\"item\":\"https:\\\/\\\/lalaboralaula.es\\\/MP302526\\\/\"},{\"@type\":\"ListItem\",\"position\":2,\"name\":\"Sobre nosotros\"}]},{\"@type\":\"WebSite\",\"@id\":\"https:\\\/\\\/lalaboralaula.es\\\/MP302526\\\/#website\",\"url\":\"https:\\\/\\\/lalaboralaula.es\\\/MP302526\\\/\",\"name\":\"Revea\",\"description\":\"Revela tu esencia. Crea tu historia\",\"publisher\":{\"@id\":\"https:\\\/\\\/lalaboralaula.es\\\/MP302526\\\/#organization\"},\"potentialAction\":[{\"@type\":\"SearchAction\",\"target\":{\"@type\":\"EntryPoint\",\"urlTemplate\":\"https:\\\/\\\/lalaboralaula.es\\\/MP302526\\\/?s={search_term_string}\"},\"query-input\":{\"@type\":\"PropertyValueSpecification\",\"valueRequired\":true,\"valueName\":\"search_term_string\"}}],\"inLanguage\":\"es\"},{\"@type\":\"Organization\",\"@id\":\"https:\\\/\\\/lalaboralaula.es\\\/MP302526\\\/#organization\",\"name\":\"Revea\",\"url\":\"https:\\\/\\\/lalaboralaula.es\\\/MP302526\\\/\",\"logo\":{\"@type\":\"ImageObject\",\"inLanguage\":\"es\",\"@id\":\"https:\\\/\\\/lalaboralaula.es\\\/MP302526\\\/#\\\/schema\\\/logo\\\/image\\\/\",\"url\":\"https:\\\/\\\/lalaboralaula.es\\\/MP302526\\\/wp-content\\\/uploads\\\/2025\\\/10\\\/cropped-1-1.png\",\"contentUrl\":\"https:\\\/\\\/lalaboralaula.es\\\/MP302526\\\/wp-content\\\/uploads\\\/2025\\\/10\\\/cropped-1-1.png\",\"width\":500,\"height\":117,\"caption\":\"Revea\"},\"image\":{\"@id\":\"https:\\\/\\\/lalaboralaula.es\\\/MP302526\\\/#\\\/schema\\\/logo\\\/image\\\/\"}}]}<\/script>\n<!-- \/ Yoast SEO plugin. -->","yoast_head_json":{"title":"Sobre nosotros - Revea","robots":{"index":"index","follow":"follow","max-snippet":"max-snippet:-1","max-image-preview":"max-image-preview:large","max-video-preview":"max-video-preview:-1"},"canonical":"https:\/\/lalaboralaula.es\/MP302526\/index.php\/sobre-nosotros\/","og_locale":"es_ES","og_type":"article","og_title":"Sobre nosotros - Revea","og_description":"Revela tu esencia. Crea tu historia Revea es una firma de moda independiente que crea prendas atemporales inspiradas en el esp\u00edritu minimalista y sensual de los a\u00f1os 90.\u00a0Cada pieza nace de una reinterpretaci\u00f3n contempor\u00e1nea del pasado \u2014 l\u00edneas puras, tejidos naturales y una elegancia sin esfuerzo.\u00a0No seguimos tendencias: las revelamos.\u00a0 Nuestra misi\u00f3n es crear prendas [&hellip;]","og_url":"https:\/\/lalaboralaula.es\/MP302526\/index.php\/sobre-nosotros\/","og_site_name":"Revea","article_modified_time":"2025-10-23T17:38:18+00:00","og_image":[{"width":474,"height":572,"url":"https:\/\/lalaboralaula.es\/MP302526\/wp-content\/uploads\/2025\/10\/d5469423-0c31-44e3-9a39-2b78ade81adc-1.jpg","type":"image\/jpeg"}],"twitter_card":"summary_large_image","twitter_misc":{"Tiempo de lectura":"1 minuto"},"schema":{"@context":"https:\/\/schema.org","@graph":[{"@type":"WebPage","@id":"https:\/\/lalaboralaula.es\/MP302526\/index.php\/sobre-nosotros\/","url":"https:\/\/lalaboralaula.es\/MP302526\/index.php\/sobre-nosotros\/","name":"Sobre nosotros - Revea","isPartOf":{"@id":"https:\/\/lalaboralaula.es\/MP302526\/#website"},"primaryImageOfPage":{"@id":"https:\/\/lalaboralaula.es\/MP302526\/index.php\/sobre-nosotros\/#primaryimage"},"image":{"@id":"https:\/\/lalaboralaula.es\/MP302526\/index.php\/sobre-nosotros\/#primaryimage"},"thumbnailUrl":"https:\/\/lalaboralaula.es\/MP302526\/wp-content\/uploads\/2025\/10\/d5469423-0c31-44e3-9a39-2b78ade81adc-1.jpg","datePublished":"2025-10-23T16:59:11+00:00","dateModified":"2025-10-23T17:38:18+00:00","breadcrumb":{"@id":"https:\/\/lalaboralaula.es\/MP302526\/index.php\/sobre-nosotros\/#breadcrumb"},"inLanguage":"es","potentialAction":[{"@type":"ReadAction","target":["https:\/\/lalaboralaula.es\/MP302526\/index.php\/sobre-nosotros\/"]}]},{"@type":"ImageObject","inLanguage":"es","@id":"https:\/\/lalaboralaula.es\/MP302526\/index.php\/sobre-nosotros\/#primaryimage","url":"https:\/\/lalaboralaula.es\/MP302526\/wp-content\/uploads\/2025\/10\/d5469423-0c31-44e3-9a39-2b78ade81adc-1.jpg","contentUrl":"https:\/\/lalaboralaula.es\/MP302526\/wp-content\/uploads\/2025\/10\/d5469423-0c31-44e3-9a39-2b78ade81adc-1.jpg","width":474,"height":572},{"@type":"BreadcrumbList","@id":"https:\/\/lalaboralaula.es\/MP302526\/index.php\/sobre-nosotros\/#breadcrumb","itemListElement":[{"@type":"ListItem","position":1,"name":"Portada","item":"https:\/\/lalaboralaula.es\/MP302526\/"},{"@type":"ListItem","position":2,"name":"Sobre nosotros"}]},{"@type":"WebSite","@id":"https:\/\/lalaboralaula.es\/MP302526\/#website","url":"https:\/\/lalaboralaula.es\/MP302526\/","name":"Revea","description":"Revela tu esencia. Crea tu historia","publisher":{"@id":"https:\/\/lalaboralaula.es\/MP302526\/#organization"},"potentialAction":[{"@type":"SearchAction","target":{"@type":"EntryPoint","urlTemplate":"https:\/\/lalaboralaula.es\/MP302526\/?s={search_term_string}"},"query-input":{"@type":"PropertyValueSpecification","valueRequired":true,"valueName":"search_term_string"}}],"inLanguage":"es"},{"@type":"Organization","@id":"https:\/\/lalaboralaula.es\/MP302526\/#organization","name":"Revea","url":"https:\/\/lalaboralaula.es\/MP302526\/","logo":{"@type":"ImageObject","inLanguage":"es","@id":"https:\/\/lalaboralaula.es\/MP302526\/#\/schema\/logo\/image\/","url":"https:\/\/lalaboralaula.es\/MP302526\/wp-content\/uploads\/2025\/10\/cropped-1-1.png","contentUrl":"https:\/\/lalaboralaula.es\/MP302526\/wp-content\/uploads\/2025\/10\/cropped-1-1.png","width":500,"height":117,"caption":"Revea"},"image":{"@id":"https:\/\/lalaboralaula.es\/MP302526\/#\/schema\/logo\/image\/"}}]}},"_links":{"self":[{"href":"https:\/\/lalaboralaula.es\/MP302526\/index.php\/wp-json\/wp\/v2\/pages\/52","targetHints":{"allow":["GET"]}}],"collection":[{"href":"https:\/\/lalaboralaula.es\/MP302526\/index.php\/wp-json\/wp\/v2\/pages"}],"about":[{"href":"https:\/\/lalaboralaula.es\/MP302526\/index.php\/wp-json\/wp\/v2\/types\/page"}],"author":[{"embeddable":true,"href":"https:\/\/lalaboralaula.es\/MP302526\/index.php\/wp-json\/wp\/v2\/users\/1"}],"replies":[{"embeddable":true,"href":"https:\/\/lalaboralaula.es\/MP302526\/index.php\/wp-json\/wp\/v2\/comments?post=52"}],"version-history":[{"count":6,"href":"https:\/\/lalaboralaula.es\/MP302526\/index.php\/wp-json\/wp\/v2\/pages\/52\/revisions"}],"predecessor-version":[{"id":83,"href":"https:\/\/lalaboralaula.es\/MP302526\/index.php\/wp-json\/wp\/v2\/pages\/52\/revisions\/83"}],"wp:attachment":[{"href":"https:\/\/lalaboralaula.es\/MP302526\/index.php\/wp-json\/wp\/v2\/media?parent=52"}],"curies":[{"name":"wp","href":"https:\/\/api.w.org\/{rel}","templated":true}]}}