{"id":259,"date":"2025-11-20T19:04:21","date_gmt":"2025-11-20T19:04:21","guid":{"rendered":"https:\/\/lalaboralaula.es\/MP252526\/?post_type=product&#038;p=259"},"modified":"2025-11-20T19:10:30","modified_gmt":"2025-11-20T19:10:30","slug":"libro-trazos-del-alma-en-acuarela","status":"publish","type":"product","link":"https:\/\/lalaboralaula.es\/MP252526\/index.php\/producto\/libro-trazos-del-alma-en-acuarela\/","title":{"rendered":"Libro \u00abTrazos del alma en acuarela\u00bb"},"content":{"rendered":"<p>Un diario ilustrado que combina inspiraci\u00f3n y espacio libre en cada doble p\u00e1gina:<\/p>\n<p>Frases motivadoras diarias ( por fecha) que invitan a explorar y dar rienda suelta a tus emociones a trav\u00e9s de la pintura .<\/p>\n<p>234 p\u00e1ginas en total: en cada par de p\u00e1ginas, la parte izquierda contiene una frase breve y po\u00e9tica para el d\u00eda, mientras que la parte derecha es un lienzo en blanco con un elegante borde met\u00e1lico dorado, listo para tus bocetos, apuntes o acuarelas.<\/p>\n<p>Dise\u00f1o editorial cuidado: portada y cubiertas interiores con suaves salpicaduras en acuarela, tipograf\u00eda en relieve y detalles en dorado.<\/p>\n<p>Ideal para artistas, aficionados a la acuarela y cualquier persona que busque estructurar su pr\u00e1ctica diaria de dibujo o lettering, reflexionando sobre c\u00f3mo ha sido su jornada.<\/p>\n","protected":false},"excerpt":{"rendered":"<p>\u00abTrazos del Alma en Acuarela\u00bb es un diario en formato tapa dura pensado para acompa\u00f1ar tu proceso creativo diario. Con 234 p\u00e1ginas, cada jornada se inicia con una frase motivadora que te inspire a plasmar tu experiencia en acuarelas y bocetos, y finaliza con un espacio en blanco bordeado en dorado para que registres con total libertad lo que hayas dibujado o sentido ese d\u00eda.<\/p>\n","protected":false},"featured_media":261,"comment_status":"open","ping_status":"closed","template":"","meta":[],"product_brand":[],"product_cat":[33,31],"product_tag":[],"class_list":{"0":"post-259","1":"product","2":"type-product","3":"status-publish","4":"has-post-thumbnail","6":"product_cat-bullet-journal","7":"product_cat-trazos-del-alma-en-acuarela","9":"first","10":"instock","11":"taxable","12":"shipping-taxable","13":"purchasable","14":"product-type-simple"},"yoast_head":"<!-- This site is optimized with the Yoast SEO plugin v27.3 - https:\/\/yoast.com\/product\/yoast-seo-wordpress\/ -->\n<title>Libro &quot;Trazos del alma en acuarela&quot; - Rodr\u00edguez Fern\u00e1ndez, Mara<\/title>\n<meta name=\"robots\" content=\"index, follow, max-snippet:-1, max-image-preview:large, max-video-preview:-1\" \/>\n<link rel=\"canonical\" href=\"https:\/\/lalaboralaula.es\/MP252526\/index.php\/producto\/libro-trazos-del-alma-en-acuarela\/\" \/>\n<meta property=\"og:locale\" content=\"es_ES\" \/>\n<meta property=\"og:type\" content=\"article\" \/>\n<meta property=\"og:title\" content=\"Libro &quot;Trazos del alma en acuarela&quot; - Rodr\u00edguez Fern\u00e1ndez, Mara\" \/>\n<meta property=\"og:description\" content=\"&quot;Trazos del Alma en Acuarela&quot; es un diario en formato tapa dura pensado para acompa\u00f1ar tu proceso creativo diario. Con 234 p\u00e1ginas, cada jornada se inicia con una frase motivadora que te inspire a plasmar tu experiencia en acuarelas y bocetos, y finaliza con un espacio en blanco bordeado en dorado para que registres con total libertad lo que hayas dibujado o sentido ese d\u00eda.\" \/>\n<meta property=\"og:url\" content=\"https:\/\/lalaboralaula.es\/MP252526\/index.php\/producto\/libro-trazos-del-alma-en-acuarela\/\" \/>\n<meta property=\"og:site_name\" content=\"Rodr\u00edguez Fern\u00e1ndez, Mara\" \/>\n<meta property=\"article:modified_time\" content=\"2025-11-20T19:10:30+00:00\" \/>\n<meta property=\"og:image\" content=\"https:\/\/lalaboralaula.es\/MP252526\/wp-content\/uploads\/2025\/11\/foto-1-examen.jpeg\" \/>\n\t<meta property=\"og:image:width\" content=\"623\" \/>\n\t<meta property=\"og:image:height\" content=\"937\" \/>\n\t<meta property=\"og:image:type\" content=\"image\/jpeg\" \/>\n<meta name=\"twitter:card\" content=\"summary_large_image\" \/>\n<meta name=\"twitter:label1\" content=\"Tiempo de lectura\" \/>\n\t<meta name=\"twitter:data1\" content=\"1 minuto\" \/>\n<script type=\"application\/ld+json\" class=\"yoast-schema-graph\">{\"@context\":\"https:\\\/\\\/schema.org\",\"@graph\":[{\"@type\":\"WebPage\",\"@id\":\"https:\\\/\\\/lalaboralaula.es\\\/MP252526\\\/index.php\\\/producto\\\/libro-trazos-del-alma-en-acuarela\\\/\",\"url\":\"https:\\\/\\\/lalaboralaula.es\\\/MP252526\\\/index.php\\\/producto\\\/libro-trazos-del-alma-en-acuarela\\\/\",\"name\":\"Libro \\\"Trazos del alma en acuarela\\\" - Rodr\u00edguez Fern\u00e1ndez, Mara\",\"isPartOf\":{\"@id\":\"https:\\\/\\\/lalaboralaula.es\\\/MP252526\\\/#website\"},\"primaryImageOfPage\":{\"@id\":\"https:\\\/\\\/lalaboralaula.es\\\/MP252526\\\/index.php\\\/producto\\\/libro-trazos-del-alma-en-acuarela\\\/#primaryimage\"},\"image\":{\"@id\":\"https:\\\/\\\/lalaboralaula.es\\\/MP252526\\\/index.php\\\/producto\\\/libro-trazos-del-alma-en-acuarela\\\/#primaryimage\"},\"thumbnailUrl\":\"https:\\\/\\\/lalaboralaula.es\\\/MP252526\\\/wp-content\\\/uploads\\\/2025\\\/11\\\/foto-1-examen.jpeg\",\"datePublished\":\"2025-11-20T19:04:21+00:00\",\"dateModified\":\"2025-11-20T19:10:30+00:00\",\"breadcrumb\":{\"@id\":\"https:\\\/\\\/lalaboralaula.es\\\/MP252526\\\/index.php\\\/producto\\\/libro-trazos-del-alma-en-acuarela\\\/#breadcrumb\"},\"inLanguage\":\"es\",\"potentialAction\":[{\"@type\":\"ReadAction\",\"target\":[\"https:\\\/\\\/lalaboralaula.es\\\/MP252526\\\/index.php\\\/producto\\\/libro-trazos-del-alma-en-acuarela\\\/\"]}]},{\"@type\":\"ImageObject\",\"inLanguage\":\"es\",\"@id\":\"https:\\\/\\\/lalaboralaula.es\\\/MP252526\\\/index.php\\\/producto\\\/libro-trazos-del-alma-en-acuarela\\\/#primaryimage\",\"url\":\"https:\\\/\\\/lalaboralaula.es\\\/MP252526\\\/wp-content\\\/uploads\\\/2025\\\/11\\\/foto-1-examen.jpeg\",\"contentUrl\":\"https:\\\/\\\/lalaboralaula.es\\\/MP252526\\\/wp-content\\\/uploads\\\/2025\\\/11\\\/foto-1-examen.jpeg\",\"width\":623,\"height\":937,\"caption\":\"Libro \\\"Trazos del alma en acuarela\\\" en tapa dura\"},{\"@type\":\"BreadcrumbList\",\"@id\":\"https:\\\/\\\/lalaboralaula.es\\\/MP252526\\\/index.php\\\/producto\\\/libro-trazos-del-alma-en-acuarela\\\/#breadcrumb\",\"itemListElement\":[{\"@type\":\"ListItem\",\"position\":1,\"name\":\"Portada\",\"item\":\"https:\\\/\\\/lalaboralaula.es\\\/MP252526\\\/\"},{\"@type\":\"ListItem\",\"position\":2,\"name\":\"Tienda\",\"item\":\"https:\\\/\\\/lalaboralaula.es\\\/MP252526\\\/index.php\\\/tienda\\\/\"},{\"@type\":\"ListItem\",\"position\":3,\"name\":\"Libro \u00abTrazos del alma en acuarela\u00bb\"}]},{\"@type\":\"WebSite\",\"@id\":\"https:\\\/\\\/lalaboralaula.es\\\/MP252526\\\/#website\",\"url\":\"https:\\\/\\\/lalaboralaula.es\\\/MP252526\\\/\",\"name\":\"Rodr\u00edguez Fern\u00e1ndez, Mara\",\"description\":\"\",\"publisher\":{\"@id\":\"https:\\\/\\\/lalaboralaula.es\\\/MP252526\\\/#organization\"},\"potentialAction\":[{\"@type\":\"SearchAction\",\"target\":{\"@type\":\"EntryPoint\",\"urlTemplate\":\"https:\\\/\\\/lalaboralaula.es\\\/MP252526\\\/?s={search_term_string}\"},\"query-input\":{\"@type\":\"PropertyValueSpecification\",\"valueRequired\":true,\"valueName\":\"search_term_string\"}}],\"inLanguage\":\"es\"},{\"@type\":\"Organization\",\"@id\":\"https:\\\/\\\/lalaboralaula.es\\\/MP252526\\\/#organization\",\"name\":\"Rodr\u00edguez Fern\u00e1ndez, Mara\",\"url\":\"https:\\\/\\\/lalaboralaula.es\\\/MP252526\\\/\",\"logo\":{\"@type\":\"ImageObject\",\"inLanguage\":\"es\",\"@id\":\"https:\\\/\\\/lalaboralaula.es\\\/MP252526\\\/#\\\/schema\\\/logo\\\/image\\\/\",\"url\":\"https:\\\/\\\/lalaboralaula.es\\\/MP252526\\\/wp-content\\\/uploads\\\/2025\\\/10\\\/IMG_2511.jpg\",\"contentUrl\":\"https:\\\/\\\/lalaboralaula.es\\\/MP252526\\\/wp-content\\\/uploads\\\/2025\\\/10\\\/IMG_2511.jpg\",\"width\":1028,\"height\":676,\"caption\":\"Rodr\u00edguez Fern\u00e1ndez, Mara\"},\"image\":{\"@id\":\"https:\\\/\\\/lalaboralaula.es\\\/MP252526\\\/#\\\/schema\\\/logo\\\/image\\\/\"}}]}<\/script>\n<!-- \/ Yoast SEO plugin. -->","yoast_head_json":{"title":"Libro \"Trazos del alma en acuarela\" - Rodr\u00edguez Fern\u00e1ndez, Mara","robots":{"index":"index","follow":"follow","max-snippet":"max-snippet:-1","max-image-preview":"max-image-preview:large","max-video-preview":"max-video-preview:-1"},"canonical":"https:\/\/lalaboralaula.es\/MP252526\/index.php\/producto\/libro-trazos-del-alma-en-acuarela\/","og_locale":"es_ES","og_type":"article","og_title":"Libro \"Trazos del alma en acuarela\" - Rodr\u00edguez Fern\u00e1ndez, Mara","og_description":"\"Trazos del Alma en Acuarela\" es un diario en formato tapa dura pensado para acompa\u00f1ar tu proceso creativo diario. Con 234 p\u00e1ginas, cada jornada se inicia con una frase motivadora que te inspire a plasmar tu experiencia en acuarelas y bocetos, y finaliza con un espacio en blanco bordeado en dorado para que registres con total libertad lo que hayas dibujado o sentido ese d\u00eda.","og_url":"https:\/\/lalaboralaula.es\/MP252526\/index.php\/producto\/libro-trazos-del-alma-en-acuarela\/","og_site_name":"Rodr\u00edguez Fern\u00e1ndez, Mara","article_modified_time":"2025-11-20T19:10:30+00:00","og_image":[{"width":623,"height":937,"url":"https:\/\/lalaboralaula.es\/MP252526\/wp-content\/uploads\/2025\/11\/foto-1-examen.jpeg","type":"image\/jpeg"}],"twitter_card":"summary_large_image","twitter_misc":{"Tiempo de lectura":"1 minuto"},"schema":{"@context":"https:\/\/schema.org","@graph":[{"@type":"WebPage","@id":"https:\/\/lalaboralaula.es\/MP252526\/index.php\/producto\/libro-trazos-del-alma-en-acuarela\/","url":"https:\/\/lalaboralaula.es\/MP252526\/index.php\/producto\/libro-trazos-del-alma-en-acuarela\/","name":"Libro \"Trazos del alma en acuarela\" - Rodr\u00edguez Fern\u00e1ndez, Mara","isPartOf":{"@id":"https:\/\/lalaboralaula.es\/MP252526\/#website"},"primaryImageOfPage":{"@id":"https:\/\/lalaboralaula.es\/MP252526\/index.php\/producto\/libro-trazos-del-alma-en-acuarela\/#primaryimage"},"image":{"@id":"https:\/\/lalaboralaula.es\/MP252526\/index.php\/producto\/libro-trazos-del-alma-en-acuarela\/#primaryimage"},"thumbnailUrl":"https:\/\/lalaboralaula.es\/MP252526\/wp-content\/uploads\/2025\/11\/foto-1-examen.jpeg","datePublished":"2025-11-20T19:04:21+00:00","dateModified":"2025-11-20T19:10:30+00:00","breadcrumb":{"@id":"https:\/\/lalaboralaula.es\/MP252526\/index.php\/producto\/libro-trazos-del-alma-en-acuarela\/#breadcrumb"},"inLanguage":"es","potentialAction":[{"@type":"ReadAction","target":["https:\/\/lalaboralaula.es\/MP252526\/index.php\/producto\/libro-trazos-del-alma-en-acuarela\/"]}]},{"@type":"ImageObject","inLanguage":"es","@id":"https:\/\/lalaboralaula.es\/MP252526\/index.php\/producto\/libro-trazos-del-alma-en-acuarela\/#primaryimage","url":"https:\/\/lalaboralaula.es\/MP252526\/wp-content\/uploads\/2025\/11\/foto-1-examen.jpeg","contentUrl":"https:\/\/lalaboralaula.es\/MP252526\/wp-content\/uploads\/2025\/11\/foto-1-examen.jpeg","width":623,"height":937,"caption":"Libro \"Trazos del alma en acuarela\" en tapa dura"},{"@type":"BreadcrumbList","@id":"https:\/\/lalaboralaula.es\/MP252526\/index.php\/producto\/libro-trazos-del-alma-en-acuarela\/#breadcrumb","itemListElement":[{"@type":"ListItem","position":1,"name":"Portada","item":"https:\/\/lalaboralaula.es\/MP252526\/"},{"@type":"ListItem","position":2,"name":"Tienda","item":"https:\/\/lalaboralaula.es\/MP252526\/index.php\/tienda\/"},{"@type":"ListItem","position":3,"name":"Libro \u00abTrazos del alma en acuarela\u00bb"}]},{"@type":"WebSite","@id":"https:\/\/lalaboralaula.es\/MP252526\/#website","url":"https:\/\/lalaboralaula.es\/MP252526\/","name":"Rodr\u00edguez Fern\u00e1ndez, Mara","description":"","publisher":{"@id":"https:\/\/lalaboralaula.es\/MP252526\/#organization"},"potentialAction":[{"@type":"SearchAction","target":{"@type":"EntryPoint","urlTemplate":"https:\/\/lalaboralaula.es\/MP252526\/?s={search_term_string}"},"query-input":{"@type":"PropertyValueSpecification","valueRequired":true,"valueName":"search_term_string"}}],"inLanguage":"es"},{"@type":"Organization","@id":"https:\/\/lalaboralaula.es\/MP252526\/#organization","name":"Rodr\u00edguez Fern\u00e1ndez, Mara","url":"https:\/\/lalaboralaula.es\/MP252526\/","logo":{"@type":"ImageObject","inLanguage":"es","@id":"https:\/\/lalaboralaula.es\/MP252526\/#\/schema\/logo\/image\/","url":"https:\/\/lalaboralaula.es\/MP252526\/wp-content\/uploads\/2025\/10\/IMG_2511.jpg","contentUrl":"https:\/\/lalaboralaula.es\/MP252526\/wp-content\/uploads\/2025\/10\/IMG_2511.jpg","width":1028,"height":676,"caption":"Rodr\u00edguez Fern\u00e1ndez, Mara"},"image":{"@id":"https:\/\/lalaboralaula.es\/MP252526\/#\/schema\/logo\/image\/"}}]}},"_links":{"self":[{"href":"https:\/\/lalaboralaula.es\/MP252526\/index.php\/wp-json\/wp\/v2\/product\/259","targetHints":{"allow":["GET"]}}],"collection":[{"href":"https:\/\/lalaboralaula.es\/MP252526\/index.php\/wp-json\/wp\/v2\/product"}],"about":[{"href":"https:\/\/lalaboralaula.es\/MP252526\/index.php\/wp-json\/wp\/v2\/types\/product"}],"replies":[{"embeddable":true,"href":"https:\/\/lalaboralaula.es\/MP252526\/index.php\/wp-json\/wp\/v2\/comments?post=259"}],"wp:featuredmedia":[{"embeddable":true,"href":"https:\/\/lalaboralaula.es\/MP252526\/index.php\/wp-json\/wp\/v2\/media\/261"}],"wp:attachment":[{"href":"https:\/\/lalaboralaula.es\/MP252526\/index.php\/wp-json\/wp\/v2\/media?parent=259"}],"wp:term":[{"taxonomy":"product_brand","embeddable":true,"href":"https:\/\/lalaboralaula.es\/MP252526\/index.php\/wp-json\/wp\/v2\/product_brand?post=259"},{"taxonomy":"product_cat","embeddable":true,"href":"https:\/\/lalaboralaula.es\/MP252526\/index.php\/wp-json\/wp\/v2\/product_cat?post=259"},{"taxonomy":"product_tag","embeddable":true,"href":"https:\/\/lalaboralaula.es\/MP252526\/index.php\/wp-json\/wp\/v2\/product_tag?post=259"}],"curies":[{"name":"wp","href":"https:\/\/api.w.org\/{rel}","templated":true}]}}