{"id":248,"date":"2025-11-20T18:29:14","date_gmt":"2025-11-20T18:29:14","guid":{"rendered":"https:\/\/lalaboralaula.es\/MP252526\/?post_type=product&#038;p=248"},"modified":"2025-11-20T19:55:15","modified_gmt":"2025-11-20T19:55:15","slug":"estuche-de-acuarelas-trazos-del-alma-en-acuarela","status":"publish","type":"product","link":"https:\/\/lalaboralaula.es\/MP252526\/index.php\/producto\/estuche-de-acuarelas-trazos-del-alma-en-acuarela\/","title":{"rendered":"Estuche de Acuarelas Trazos del Alma en Acuarela"},"content":{"rendered":"<p>Un estuche met\u00e1lico compacto decorado con suaves lavados de acuarelas en tonos pastel y tipograf\u00eda en foil dorado que contiene 24 pastillas de acuarela de pigmentaci\u00f3n intensa y gran fluidez. Cada pastilla se aloja en su propio compartimento para evitar derrames y facilitar la organizaci\u00f3n; la tapa, dise\u00f1ada para desplegarse como paleta, permite mezclar colores directamente sin necesidad de accesorios adicionales. Los tonos abarcan desde c\u00e1lidos amarillos y rojos hasta fr\u00edos azules y verdes, as\u00ed como matices tierra y negro para lograr sombras profundas. El interior del estuche ofrece un acabado limpio y resistente, ideal para transportar y proteger tus colores. Con su dise\u00f1o armonioso y funcionalidad profesional, este set de acuarelas est\u00e1 pensado para complementar el diario creativo \u00abTrazos del Alma en Acuarela\u00bb, brind\u00e1ndote\u00a0 todo lo necesario para explorar t\u00e9cnicas de lavado suave y capas m\u00e1s densas de color con la m\u00e1xima elegancia.<\/p>\n<p>Nuestras principales caracter\u00edsticas son:<\/p>\n<ul>\n<li>Material es resistente ya que es de metal<\/li>\n<li>Tapa desplegable que sirve de paleta<\/li>\n<\/ul>\n","protected":false},"excerpt":{"rendered":"<p>Estuche met\u00e1lico compacto decorado con suaves lavados de acuarelas en tonos pastel. Abarcan tonos c\u00e1lidos amarillos y rojos hasta fr\u00edos azules y verde , as\u00ed como matrices tierra y negro para lograr sombras profundas.<\/p>\n","protected":false},"featured_media":249,"comment_status":"open","ping_status":"closed","template":"","meta":[],"product_brand":[],"product_cat":[32,17,31],"product_tag":[],"class_list":{"0":"post-248","1":"product","2":"type-product","3":"status-publish","4":"has-post-thumbnail","6":"product_cat-acuarelas-trazos-del-alma-en-acuarela","7":"product_cat-sin-categorizar","8":"product_cat-trazos-del-alma-en-acuarela","10":"first","11":"instock","12":"taxable","13":"shipping-taxable","14":"purchasable","15":"product-type-variable"},"yoast_head":"<!-- This site is optimized with the Yoast SEO plugin v27.3 - https:\/\/yoast.com\/product\/yoast-seo-wordpress\/ -->\n<title>Estuche de Acuarelas Trazos del Alma en Acuarela - Rodr\u00edguez Fern\u00e1ndez, Mara<\/title>\n<meta name=\"robots\" content=\"index, follow, max-snippet:-1, max-image-preview:large, max-video-preview:-1\" \/>\n<link rel=\"canonical\" href=\"https:\/\/lalaboralaula.es\/MP252526\/index.php\/producto\/estuche-de-acuarelas-trazos-del-alma-en-acuarela\/\" \/>\n<meta property=\"og:locale\" content=\"es_ES\" \/>\n<meta property=\"og:type\" content=\"article\" \/>\n<meta property=\"og:title\" content=\"Estuche de Acuarelas Trazos del Alma en Acuarela - Rodr\u00edguez Fern\u00e1ndez, Mara\" \/>\n<meta property=\"og:description\" content=\"Estuche met\u00e1lico compacto decorado con suaves lavados de acuarelas en tonos pastel. Abarcan tonos c\u00e1lidos amarillos y rojos hasta fr\u00edos azules y verde , as\u00ed como matrices tierra y negro para lograr sombras profundas.\" \/>\n<meta property=\"og:url\" content=\"https:\/\/lalaboralaula.es\/MP252526\/index.php\/producto\/estuche-de-acuarelas-trazos-del-alma-en-acuarela\/\" \/>\n<meta property=\"og:site_name\" content=\"Rodr\u00edguez Fern\u00e1ndez, Mara\" \/>\n<meta property=\"article:modified_time\" content=\"2025-11-20T19:55:15+00:00\" \/>\n<meta property=\"og:image\" content=\"https:\/\/lalaboralaula.es\/MP252526\/wp-content\/uploads\/2025\/11\/foto-5-examen.jpeg\" \/>\n\t<meta property=\"og:image:width\" content=\"406\" \/>\n\t<meta property=\"og:image:height\" content=\"617\" \/>\n\t<meta property=\"og:image:type\" content=\"image\/jpeg\" \/>\n<meta name=\"twitter:card\" content=\"summary_large_image\" \/>\n<meta name=\"twitter:label1\" content=\"Tiempo de lectura\" \/>\n\t<meta name=\"twitter:data1\" content=\"1 minuto\" \/>\n<script type=\"application\/ld+json\" class=\"yoast-schema-graph\">{\"@context\":\"https:\\\/\\\/schema.org\",\"@graph\":[{\"@type\":\"WebPage\",\"@id\":\"https:\\\/\\\/lalaboralaula.es\\\/MP252526\\\/index.php\\\/producto\\\/estuche-de-acuarelas-trazos-del-alma-en-acuarela\\\/\",\"url\":\"https:\\\/\\\/lalaboralaula.es\\\/MP252526\\\/index.php\\\/producto\\\/estuche-de-acuarelas-trazos-del-alma-en-acuarela\\\/\",\"name\":\"Estuche de Acuarelas Trazos del Alma en Acuarela - Rodr\u00edguez Fern\u00e1ndez, Mara\",\"isPartOf\":{\"@id\":\"https:\\\/\\\/lalaboralaula.es\\\/MP252526\\\/#website\"},\"primaryImageOfPage\":{\"@id\":\"https:\\\/\\\/lalaboralaula.es\\\/MP252526\\\/index.php\\\/producto\\\/estuche-de-acuarelas-trazos-del-alma-en-acuarela\\\/#primaryimage\"},\"image\":{\"@id\":\"https:\\\/\\\/lalaboralaula.es\\\/MP252526\\\/index.php\\\/producto\\\/estuche-de-acuarelas-trazos-del-alma-en-acuarela\\\/#primaryimage\"},\"thumbnailUrl\":\"https:\\\/\\\/lalaboralaula.es\\\/MP252526\\\/wp-content\\\/uploads\\\/2025\\\/11\\\/foto-5-examen.jpeg\",\"datePublished\":\"2025-11-20T18:29:14+00:00\",\"dateModified\":\"2025-11-20T19:55:15+00:00\",\"breadcrumb\":{\"@id\":\"https:\\\/\\\/lalaboralaula.es\\\/MP252526\\\/index.php\\\/producto\\\/estuche-de-acuarelas-trazos-del-alma-en-acuarela\\\/#breadcrumb\"},\"inLanguage\":\"es\",\"potentialAction\":[{\"@type\":\"ReadAction\",\"target\":[\"https:\\\/\\\/lalaboralaula.es\\\/MP252526\\\/index.php\\\/producto\\\/estuche-de-acuarelas-trazos-del-alma-en-acuarela\\\/\"]}]},{\"@type\":\"ImageObject\",\"inLanguage\":\"es\",\"@id\":\"https:\\\/\\\/lalaboralaula.es\\\/MP252526\\\/index.php\\\/producto\\\/estuche-de-acuarelas-trazos-del-alma-en-acuarela\\\/#primaryimage\",\"url\":\"https:\\\/\\\/lalaboralaula.es\\\/MP252526\\\/wp-content\\\/uploads\\\/2025\\\/11\\\/foto-5-examen.jpeg\",\"contentUrl\":\"https:\\\/\\\/lalaboralaula.es\\\/MP252526\\\/wp-content\\\/uploads\\\/2025\\\/11\\\/foto-5-examen.jpeg\",\"width\":406,\"height\":617,\"caption\":\"Estuche de acuarelas con 24 colores distintos\"},{\"@type\":\"BreadcrumbList\",\"@id\":\"https:\\\/\\\/lalaboralaula.es\\\/MP252526\\\/index.php\\\/producto\\\/estuche-de-acuarelas-trazos-del-alma-en-acuarela\\\/#breadcrumb\",\"itemListElement\":[{\"@type\":\"ListItem\",\"position\":1,\"name\":\"Portada\",\"item\":\"https:\\\/\\\/lalaboralaula.es\\\/MP252526\\\/\"},{\"@type\":\"ListItem\",\"position\":2,\"name\":\"Tienda\",\"item\":\"https:\\\/\\\/lalaboralaula.es\\\/MP252526\\\/index.php\\\/tienda\\\/\"},{\"@type\":\"ListItem\",\"position\":3,\"name\":\"Estuche de Acuarelas Trazos del Alma en Acuarela\"}]},{\"@type\":\"WebSite\",\"@id\":\"https:\\\/\\\/lalaboralaula.es\\\/MP252526\\\/#website\",\"url\":\"https:\\\/\\\/lalaboralaula.es\\\/MP252526\\\/\",\"name\":\"Rodr\u00edguez Fern\u00e1ndez, Mara\",\"description\":\"\",\"publisher\":{\"@id\":\"https:\\\/\\\/lalaboralaula.es\\\/MP252526\\\/#organization\"},\"potentialAction\":[{\"@type\":\"SearchAction\",\"target\":{\"@type\":\"EntryPoint\",\"urlTemplate\":\"https:\\\/\\\/lalaboralaula.es\\\/MP252526\\\/?s={search_term_string}\"},\"query-input\":{\"@type\":\"PropertyValueSpecification\",\"valueRequired\":true,\"valueName\":\"search_term_string\"}}],\"inLanguage\":\"es\"},{\"@type\":\"Organization\",\"@id\":\"https:\\\/\\\/lalaboralaula.es\\\/MP252526\\\/#organization\",\"name\":\"Rodr\u00edguez Fern\u00e1ndez, Mara\",\"url\":\"https:\\\/\\\/lalaboralaula.es\\\/MP252526\\\/\",\"logo\":{\"@type\":\"ImageObject\",\"inLanguage\":\"es\",\"@id\":\"https:\\\/\\\/lalaboralaula.es\\\/MP252526\\\/#\\\/schema\\\/logo\\\/image\\\/\",\"url\":\"https:\\\/\\\/lalaboralaula.es\\\/MP252526\\\/wp-content\\\/uploads\\\/2025\\\/10\\\/IMG_2511.jpg\",\"contentUrl\":\"https:\\\/\\\/lalaboralaula.es\\\/MP252526\\\/wp-content\\\/uploads\\\/2025\\\/10\\\/IMG_2511.jpg\",\"width\":1028,\"height\":676,\"caption\":\"Rodr\u00edguez Fern\u00e1ndez, Mara\"},\"image\":{\"@id\":\"https:\\\/\\\/lalaboralaula.es\\\/MP252526\\\/#\\\/schema\\\/logo\\\/image\\\/\"}}]}<\/script>\n<!-- \/ Yoast SEO plugin. -->","yoast_head_json":{"title":"Estuche de Acuarelas Trazos del Alma en Acuarela - Rodr\u00edguez Fern\u00e1ndez, Mara","robots":{"index":"index","follow":"follow","max-snippet":"max-snippet:-1","max-image-preview":"max-image-preview:large","max-video-preview":"max-video-preview:-1"},"canonical":"https:\/\/lalaboralaula.es\/MP252526\/index.php\/producto\/estuche-de-acuarelas-trazos-del-alma-en-acuarela\/","og_locale":"es_ES","og_type":"article","og_title":"Estuche de Acuarelas Trazos del Alma en Acuarela - Rodr\u00edguez Fern\u00e1ndez, Mara","og_description":"Estuche met\u00e1lico compacto decorado con suaves lavados de acuarelas en tonos pastel. Abarcan tonos c\u00e1lidos amarillos y rojos hasta fr\u00edos azules y verde , as\u00ed como matrices tierra y negro para lograr sombras profundas.","og_url":"https:\/\/lalaboralaula.es\/MP252526\/index.php\/producto\/estuche-de-acuarelas-trazos-del-alma-en-acuarela\/","og_site_name":"Rodr\u00edguez Fern\u00e1ndez, Mara","article_modified_time":"2025-11-20T19:55:15+00:00","og_image":[{"width":406,"height":617,"url":"https:\/\/lalaboralaula.es\/MP252526\/wp-content\/uploads\/2025\/11\/foto-5-examen.jpeg","type":"image\/jpeg"}],"twitter_card":"summary_large_image","twitter_misc":{"Tiempo de lectura":"1 minuto"},"schema":{"@context":"https:\/\/schema.org","@graph":[{"@type":"WebPage","@id":"https:\/\/lalaboralaula.es\/MP252526\/index.php\/producto\/estuche-de-acuarelas-trazos-del-alma-en-acuarela\/","url":"https:\/\/lalaboralaula.es\/MP252526\/index.php\/producto\/estuche-de-acuarelas-trazos-del-alma-en-acuarela\/","name":"Estuche de Acuarelas Trazos del Alma en Acuarela - Rodr\u00edguez Fern\u00e1ndez, Mara","isPartOf":{"@id":"https:\/\/lalaboralaula.es\/MP252526\/#website"},"primaryImageOfPage":{"@id":"https:\/\/lalaboralaula.es\/MP252526\/index.php\/producto\/estuche-de-acuarelas-trazos-del-alma-en-acuarela\/#primaryimage"},"image":{"@id":"https:\/\/lalaboralaula.es\/MP252526\/index.php\/producto\/estuche-de-acuarelas-trazos-del-alma-en-acuarela\/#primaryimage"},"thumbnailUrl":"https:\/\/lalaboralaula.es\/MP252526\/wp-content\/uploads\/2025\/11\/foto-5-examen.jpeg","datePublished":"2025-11-20T18:29:14+00:00","dateModified":"2025-11-20T19:55:15+00:00","breadcrumb":{"@id":"https:\/\/lalaboralaula.es\/MP252526\/index.php\/producto\/estuche-de-acuarelas-trazos-del-alma-en-acuarela\/#breadcrumb"},"inLanguage":"es","potentialAction":[{"@type":"ReadAction","target":["https:\/\/lalaboralaula.es\/MP252526\/index.php\/producto\/estuche-de-acuarelas-trazos-del-alma-en-acuarela\/"]}]},{"@type":"ImageObject","inLanguage":"es","@id":"https:\/\/lalaboralaula.es\/MP252526\/index.php\/producto\/estuche-de-acuarelas-trazos-del-alma-en-acuarela\/#primaryimage","url":"https:\/\/lalaboralaula.es\/MP252526\/wp-content\/uploads\/2025\/11\/foto-5-examen.jpeg","contentUrl":"https:\/\/lalaboralaula.es\/MP252526\/wp-content\/uploads\/2025\/11\/foto-5-examen.jpeg","width":406,"height":617,"caption":"Estuche de acuarelas con 24 colores distintos"},{"@type":"BreadcrumbList","@id":"https:\/\/lalaboralaula.es\/MP252526\/index.php\/producto\/estuche-de-acuarelas-trazos-del-alma-en-acuarela\/#breadcrumb","itemListElement":[{"@type":"ListItem","position":1,"name":"Portada","item":"https:\/\/lalaboralaula.es\/MP252526\/"},{"@type":"ListItem","position":2,"name":"Tienda","item":"https:\/\/lalaboralaula.es\/MP252526\/index.php\/tienda\/"},{"@type":"ListItem","position":3,"name":"Estuche de Acuarelas Trazos del Alma en Acuarela"}]},{"@type":"WebSite","@id":"https:\/\/lalaboralaula.es\/MP252526\/#website","url":"https:\/\/lalaboralaula.es\/MP252526\/","name":"Rodr\u00edguez Fern\u00e1ndez, Mara","description":"","publisher":{"@id":"https:\/\/lalaboralaula.es\/MP252526\/#organization"},"potentialAction":[{"@type":"SearchAction","target":{"@type":"EntryPoint","urlTemplate":"https:\/\/lalaboralaula.es\/MP252526\/?s={search_term_string}"},"query-input":{"@type":"PropertyValueSpecification","valueRequired":true,"valueName":"search_term_string"}}],"inLanguage":"es"},{"@type":"Organization","@id":"https:\/\/lalaboralaula.es\/MP252526\/#organization","name":"Rodr\u00edguez Fern\u00e1ndez, Mara","url":"https:\/\/lalaboralaula.es\/MP252526\/","logo":{"@type":"ImageObject","inLanguage":"es","@id":"https:\/\/lalaboralaula.es\/MP252526\/#\/schema\/logo\/image\/","url":"https:\/\/lalaboralaula.es\/MP252526\/wp-content\/uploads\/2025\/10\/IMG_2511.jpg","contentUrl":"https:\/\/lalaboralaula.es\/MP252526\/wp-content\/uploads\/2025\/10\/IMG_2511.jpg","width":1028,"height":676,"caption":"Rodr\u00edguez Fern\u00e1ndez, Mara"},"image":{"@id":"https:\/\/lalaboralaula.es\/MP252526\/#\/schema\/logo\/image\/"}}]}},"_links":{"self":[{"href":"https:\/\/lalaboralaula.es\/MP252526\/index.php\/wp-json\/wp\/v2\/product\/248","targetHints":{"allow":["GET"]}}],"collection":[{"href":"https:\/\/lalaboralaula.es\/MP252526\/index.php\/wp-json\/wp\/v2\/product"}],"about":[{"href":"https:\/\/lalaboralaula.es\/MP252526\/index.php\/wp-json\/wp\/v2\/types\/product"}],"replies":[{"embeddable":true,"href":"https:\/\/lalaboralaula.es\/MP252526\/index.php\/wp-json\/wp\/v2\/comments?post=248"}],"wp:featuredmedia":[{"embeddable":true,"href":"https:\/\/lalaboralaula.es\/MP252526\/index.php\/wp-json\/wp\/v2\/media\/249"}],"wp:attachment":[{"href":"https:\/\/lalaboralaula.es\/MP252526\/index.php\/wp-json\/wp\/v2\/media?parent=248"}],"wp:term":[{"taxonomy":"product_brand","embeddable":true,"href":"https:\/\/lalaboralaula.es\/MP252526\/index.php\/wp-json\/wp\/v2\/product_brand?post=248"},{"taxonomy":"product_cat","embeddable":true,"href":"https:\/\/lalaboralaula.es\/MP252526\/index.php\/wp-json\/wp\/v2\/product_cat?post=248"},{"taxonomy":"product_tag","embeddable":true,"href":"https:\/\/lalaboralaula.es\/MP252526\/index.php\/wp-json\/wp\/v2\/product_tag?post=248"}],"curies":[{"name":"wp","href":"https:\/\/api.w.org\/{rel}","templated":true}]}}