{"id":93,"date":"2025-10-29T19:30:48","date_gmt":"2025-10-29T19:30:48","guid":{"rendered":"https:\/\/lalaboralaula.es\/MP252526\/index.php\/carrito\/"},"modified":"2025-11-06T18:19:45","modified_gmt":"2025-11-06T18:19:45","slug":"carrito","status":"publish","type":"page","link":"https:\/\/lalaboralaula.es\/MP252526\/index.php\/carrito\/","title":{"rendered":"Carrito"},"content":{"rendered":"\n<div data-block-name=\"woocommerce\/cart\" class=\"wp-block-woocommerce-cart alignwide is-loading\">\n<div data-block-name=\"woocommerce\/filled-cart-block\" class=\"wp-block-woocommerce-filled-cart-block\">\n<div data-block-name=\"woocommerce\/cart-items-block\" class=\"wp-block-woocommerce-cart-items-block\">\n<div data-block-name=\"woocommerce\/cart-line-items-block\" class=\"wp-block-woocommerce-cart-line-items-block\"><\/div>\n\n\n<\/div>\n\n\n\n\n<div data-block-name=\"woocommerce\/cart-totals-block\" class=\"wp-block-woocommerce-cart-totals-block\">\n<div data-block-name=\"woocommerce\/cart-order-summary-block\" class=\"wp-block-woocommerce-cart-order-summary-block\">\n<div data-block-name=\"woocommerce\/cart-order-summary-heading-block\" class=\"wp-block-woocommerce-cart-order-summary-heading-block\"><\/div><div data-block-name=\"woocommerce\/cart-order-summary-coupon-form-block\" class=\"wp-block-woocommerce-cart-order-summary-coupon-form-block\"><\/div><div data-block-name=\"woocommerce\/cart-order-summary-totals-block\" class=\"wp-block-woocommerce-cart-order-summary-totals-block\">\n<div data-block-name=\"woocommerce\/cart-order-summary-subtotal-block\" class=\"wp-block-woocommerce-cart-order-summary-subtotal-block\"><\/div>\n<div data-block-name=\"woocommerce\/cart-order-summary-discount-block\" class=\"wp-block-woocommerce-cart-order-summary-discount-block\"><\/div>\n<div data-block-name=\"woocommerce\/cart-order-summary-fee-block\" class=\"wp-block-woocommerce-cart-order-summary-fee-block\"><\/div>\n<div data-block-name=\"woocommerce\/cart-order-summary-shipping-block\" class=\"wp-block-woocommerce-cart-order-summary-shipping-block\"><\/div>\n<div data-block-name=\"woocommerce\/cart-order-summary-taxes-block\" class=\"wp-block-woocommerce-cart-order-summary-taxes-block\"><\/div><\/div>\n<\/div>\n\n\n\n<div data-block-name=\"woocommerce\/cart-express-payment-block\" class=\"wp-block-woocommerce-cart-express-payment-block\"><\/div>\n\n\n\n<div data-block-name=\"woocommerce\/proceed-to-checkout-block\" class=\"wp-block-woocommerce-proceed-to-checkout-block\"><\/div>\n\n\n\n<div data-block-name=\"woocommerce\/cart-accepted-payment-methods-block\" class=\"wp-block-woocommerce-cart-accepted-payment-methods-block\"><\/div>\n<\/div>\n<\/div>\n\n\n\n<div data-block-name=\"woocommerce\/empty-cart-block\" class=\"wp-block-woocommerce-empty-cart-block\">\n<h2 class=\"wp-block-heading has-text-align-center with-empty-cart-icon wc-block-cart__empty-cart__title\">\u00a1Tu carrito est\u00e1 actualmente vac\u00edo!<\/h2>\n\n\n\n<hr class=\"wp-block-separator has-alpha-channel-opacity is-style-dots\"\/>\n\n\n\n<h2 class=\"wp-block-heading has-text-align-center\">Nuevo en la tienda<\/h2>\n\n\n<div data-block-name=\"woocommerce\/product-new\" data-columns=\"4\" data-rows=\"1\" class=\"wc-block-grid wp-block-product-new wp-block-woocommerce-product-new wc-block-product-new has-4-columns\"><ul class=\"wc-block-grid__products\"><li class=\"wc-block-grid__product\">\n\t\t\t\t<a href=\"https:\/\/lalaboralaula.es\/MP252526\/index.php\/producto\/libro-trazos-del-alma-en-acuarela\/\" class=\"wc-block-grid__product-link\">\n\t\t\t\t\t\n\t\t\t\t\t<div class=\"wc-block-grid__product-image\"><img loading=\"lazy\" decoding=\"async\" width=\"324\" height=\"324\" src=\"https:\/\/lalaboralaula.es\/MP252526\/wp-content\/uploads\/2025\/11\/foto-1-examen-324x324.jpeg\" class=\"attachment-woocommerce_thumbnail size-woocommerce_thumbnail\" alt=\"Libro &quot;Trazos del alma en acuarela&quot; en tapa dura\" srcset=\"https:\/\/lalaboralaula.es\/MP252526\/wp-content\/uploads\/2025\/11\/foto-1-examen-324x324.jpeg 324w, https:\/\/lalaboralaula.es\/MP252526\/wp-content\/uploads\/2025\/11\/foto-1-examen-150x150.jpeg 150w, https:\/\/lalaboralaula.es\/MP252526\/wp-content\/uploads\/2025\/11\/foto-1-examen-100x100.jpeg 100w\" sizes=\"auto, (max-width: 324px) 100vw, 324px\" \/><\/div>\n\t\t\t\t\t<div class=\"wc-block-grid__product-title\">Libro \u00abTrazos del alma en acuarela\u00bb<\/div>\n\t\t\t\t<\/a>\n\t\t\t\t<div class=\"wc-block-grid__product-price price\"><span class=\"woocommerce-Price-amount amount\">35,99&nbsp;<span class=\"woocommerce-Price-currencySymbol\">&euro;<\/span><\/span><\/div>\n\t\t\t\t\n\t\t\t\t<div class=\"wp-block-button wc-block-grid__product-add-to-cart\"><a href=\"\/MP252526\/index.php\/wp-json\/wp\/v2\/pages\/93?add-to-cart=259\" aria-label=\"A\u00f1adir al carrito: &ldquo;Libro &quot;Trazos del alma en acuarela&quot;&rdquo;\" data-quantity=\"1\" data-product_id=\"259\" data-product_sku=\"TDA2025\" data-price=\"35.99\" rel=\"nofollow\" class=\"wp-block-button__link  add_to_cart_button ajax_add_to_cart\">A\u00f1adir al carrito<\/a><\/div>\n\t\t\t<\/li><li class=\"wc-block-grid__product\">\n\t\t\t\t<a href=\"https:\/\/lalaboralaula.es\/MP252526\/index.php\/producto\/estuche-de-acuarelas-trazos-del-alma-en-acuarela\/\" class=\"wc-block-grid__product-link\">\n\t\t\t\t\t\n\t\t\t\t\t<div class=\"wc-block-grid__product-image\"><img loading=\"lazy\" decoding=\"async\" width=\"324\" height=\"324\" src=\"https:\/\/lalaboralaula.es\/MP252526\/wp-content\/uploads\/2025\/11\/foto-5-examen-324x324.jpeg\" class=\"attachment-woocommerce_thumbnail size-woocommerce_thumbnail\" alt=\"Estuche de acuarelas con 24 colores distintos\" srcset=\"https:\/\/lalaboralaula.es\/MP252526\/wp-content\/uploads\/2025\/11\/foto-5-examen-324x324.jpeg 324w, https:\/\/lalaboralaula.es\/MP252526\/wp-content\/uploads\/2025\/11\/foto-5-examen-150x150.jpeg 150w, https:\/\/lalaboralaula.es\/MP252526\/wp-content\/uploads\/2025\/11\/foto-5-examen-100x100.jpeg 100w\" sizes=\"auto, (max-width: 324px) 100vw, 324px\" \/><\/div>\n\t\t\t\t\t<div class=\"wc-block-grid__product-title\">Estuche de Acuarelas Trazos del Alma en Acuarela<\/div>\n\t\t\t\t<\/a>\n\t\t\t\t<div class=\"wc-block-grid__product-price price\"><span class=\"woocommerce-Price-amount amount\" aria-hidden=\"true\">29,99&nbsp;<span class=\"woocommerce-Price-currencySymbol\">&euro;<\/span><\/span> <span aria-hidden=\"true\">&#8211;<\/span> <span class=\"woocommerce-Price-amount amount\" aria-hidden=\"true\">49,99&nbsp;<span class=\"woocommerce-Price-currencySymbol\">&euro;<\/span><\/span><span class=\"screen-reader-text\">Rango de precios: desde 29,99&nbsp;&euro; hasta 49,99&nbsp;&euro;<\/span><\/div>\n\t\t\t\t\n\t\t\t\t<div class=\"wp-block-button wc-block-grid__product-add-to-cart\"><a href=\"https:\/\/lalaboralaula.es\/MP252526\/index.php\/producto\/estuche-de-acuarelas-trazos-del-alma-en-acuarela\/\" aria-label=\"Elige las opciones para &ldquo;Estuche de Acuarelas Trazos del Alma en Acuarela&rdquo;\" data-quantity=\"1\" data-product_id=\"248\" data-product_sku=\"ACA2025\" data-price=\"29.99\" rel=\"nofollow\" class=\"wp-block-button__link  add_to_cart_button\">Seleccionar opciones<\/a><\/div>\n\t\t\t<\/li><li class=\"wc-block-grid__product\">\n\t\t\t\t<a href=\"https:\/\/lalaboralaula.es\/MP252526\/index.php\/producto\/pack-dia-del-soltero-a\/\" class=\"wc-block-grid__product-link\">\n\t\t\t\t\t\n\t\t\t\t\t<div class=\"wc-block-grid__product-image\"><img loading=\"lazy\" decoding=\"async\" width=\"324\" height=\"324\" src=\"https:\/\/lalaboralaula.es\/MP252526\/wp-content\/uploads\/2025\/11\/Imagen-5-324x324.jpeg\" class=\"attachment-woocommerce_thumbnail size-woocommerce_thumbnail\" alt=\"Kit de skincare para el d\u00eda del soltero\" srcset=\"https:\/\/lalaboralaula.es\/MP252526\/wp-content\/uploads\/2025\/11\/Imagen-5-324x324.jpeg 324w, https:\/\/lalaboralaula.es\/MP252526\/wp-content\/uploads\/2025\/11\/Imagen-5-150x150.jpeg 150w, https:\/\/lalaboralaula.es\/MP252526\/wp-content\/uploads\/2025\/11\/Imagen-5-100x100.jpeg 100w\" sizes=\"auto, (max-width: 324px) 100vw, 324px\" \/><\/div>\n\t\t\t\t\t<div class=\"wc-block-grid__product-title\">Pack d\u00eda del soltero\/a<\/div>\n\t\t\t\t<\/a>\n\t\t\t\t<div class=\"wc-block-grid__product-price price\"><span class=\"woocommerce-Price-amount amount\" aria-hidden=\"true\">15,99&nbsp;<span class=\"woocommerce-Price-currencySymbol\">&euro;<\/span><\/span> <span aria-hidden=\"true\">&#8211;<\/span> <span class=\"woocommerce-Price-amount amount\" aria-hidden=\"true\">29,90&nbsp;<span class=\"woocommerce-Price-currencySymbol\">&euro;<\/span><\/span><span class=\"screen-reader-text\">Rango de precios: desde 15,99&nbsp;&euro; hasta 29,90&nbsp;&euro;<\/span><\/div>\n\t\t\t\t\n\t\t\t\t<div class=\"wp-block-button wc-block-grid__product-add-to-cart\"><a href=\"https:\/\/lalaboralaula.es\/MP252526\/index.php\/producto\/pack-dia-del-soltero-a\/\" aria-label=\"Ver productos en el grupo &ldquo;Pack d\u00eda del soltero\/a&rdquo;\" data-quantity=\"1\" data-product_id=\"177\" data-product_sku=\"\" data-price=\"15.99\" rel=\"nofollow\" class=\"wp-block-button__link  add_to_cart_button\">Ver productos<\/a><\/div>\n\t\t\t<\/li><li class=\"wc-block-grid__product\">\n\t\t\t\t<a href=\"https:\/\/lalaboralaula.es\/MP252526\/index.php\/producto\/crema-hidratante\/\" class=\"wc-block-grid__product-link\">\n\t\t\t\t\t\n\t\t\t\t\t<div class=\"wc-block-grid__product-image\"><img loading=\"lazy\" decoding=\"async\" width=\"324\" height=\"324\" src=\"https:\/\/lalaboralaula.es\/MP252526\/wp-content\/uploads\/2025\/11\/Captura-de-pantalla-2025-11-05-a-las-20.29.19-e1762372218950-324x324.jpeg\" class=\"attachment-woocommerce_thumbnail size-woocommerce_thumbnail\" alt=\"La imagen muestra tres frascos del hidratante facial Clinique Moisture Surge 100H Auto-Replenishing Hydrator en diferentes tama\u00f1os: 30 ml, 50 ml y 125 ml. Los envases son de color rosa transl\u00facido con tapas plateadas brillantes y el logotipo de Clinique en negro. Est\u00e1n alineados sobre un fondo claro y elegante que resalta el dise\u00f1o limpio y moderno del producto.\" srcset=\"https:\/\/lalaboralaula.es\/MP252526\/wp-content\/uploads\/2025\/11\/Captura-de-pantalla-2025-11-05-a-las-20.29.19-e1762372218950-324x324.jpeg 324w, https:\/\/lalaboralaula.es\/MP252526\/wp-content\/uploads\/2025\/11\/Captura-de-pantalla-2025-11-05-a-las-20.29.19-e1762372218950-150x150.jpeg 150w, https:\/\/lalaboralaula.es\/MP252526\/wp-content\/uploads\/2025\/11\/Captura-de-pantalla-2025-11-05-a-las-20.29.19-e1762372218950-100x100.jpeg 100w\" sizes=\"auto, (max-width: 324px) 100vw, 324px\" \/><\/div>\n\t\t\t\t\t<div class=\"wc-block-grid__product-title\">Crema hidratante<\/div>\n\t\t\t\t<\/a>\n\t\t\t\t<div class=\"wc-block-grid__product-price price\"><span class=\"woocommerce-Price-amount amount\" aria-hidden=\"true\">15,99&nbsp;<span class=\"woocommerce-Price-currencySymbol\">&euro;<\/span><\/span> <span aria-hidden=\"true\">&#8211;<\/span> <span class=\"woocommerce-Price-amount amount\" aria-hidden=\"true\">29,90&nbsp;<span class=\"woocommerce-Price-currencySymbol\">&euro;<\/span><\/span><span class=\"screen-reader-text\">Rango de precios: desde 15,99&nbsp;&euro; hasta 29,90&nbsp;&euro;<\/span><\/div>\n\t\t\t\t\n\t\t\t\t<div class=\"wp-block-button wc-block-grid__product-add-to-cart\"><a href=\"https:\/\/lalaboralaula.es\/MP252526\/index.php\/producto\/crema-hidratante\/\" aria-label=\"Elige las opciones para &ldquo;Crema hidratante&rdquo;\" data-quantity=\"1\" data-product_id=\"153\" data-product_sku=\"\" data-price=\"15.99\" rel=\"nofollow\" class=\"wp-block-button__link  add_to_cart_button\">Seleccionar opciones<\/a><\/div>\n\t\t\t<\/li><\/ul><\/div><\/div>\n<\/div>\n","protected":false},"excerpt":{"rendered":"","protected":false},"author":1,"featured_media":0,"parent":0,"menu_order":0,"comment_status":"closed","ping_status":"closed","template":"","meta":{"footnotes":""},"class_list":["post-93","page","type-page","status-publish","hentry"],"yoast_head":"<!-- This site is optimized with the Yoast SEO plugin v27.3 - https:\/\/yoast.com\/product\/yoast-seo-wordpress\/ -->\n<title>Carrito - Rodr\u00edguez Fern\u00e1ndez, Mara<\/title>\n<meta name=\"robots\" content=\"index, follow, max-snippet:-1, max-image-preview:large, max-video-preview:-1\" \/>\n<link rel=\"canonical\" href=\"https:\/\/lalaboralaula.es\/MP252526\/index.php\/carrito\/\" \/>\n<meta property=\"og:locale\" content=\"es_ES\" \/>\n<meta property=\"og:type\" content=\"article\" \/>\n<meta property=\"og:title\" content=\"Carrito - Rodr\u00edguez Fern\u00e1ndez, Mara\" \/>\n<meta property=\"og:url\" content=\"https:\/\/lalaboralaula.es\/MP252526\/index.php\/carrito\/\" \/>\n<meta property=\"og:site_name\" content=\"Rodr\u00edguez Fern\u00e1ndez, Mara\" \/>\n<meta property=\"article:modified_time\" content=\"2025-11-06T18:19:45+00:00\" \/>\n<meta name=\"twitter:card\" content=\"summary_large_image\" \/>\n<script type=\"application\/ld+json\" class=\"yoast-schema-graph\">{\"@context\":\"https:\\\/\\\/schema.org\",\"@graph\":[{\"@type\":\"WebPage\",\"@id\":\"https:\\\/\\\/lalaboralaula.es\\\/MP252526\\\/index.php\\\/carrito\\\/\",\"url\":\"https:\\\/\\\/lalaboralaula.es\\\/MP252526\\\/index.php\\\/carrito\\\/\",\"name\":\"Carrito - Rodr\u00edguez Fern\u00e1ndez, Mara\",\"isPartOf\":{\"@id\":\"https:\\\/\\\/lalaboralaula.es\\\/MP252526\\\/#website\"},\"datePublished\":\"2025-10-29T19:30:48+00:00\",\"dateModified\":\"2025-11-06T18:19:45+00:00\",\"breadcrumb\":{\"@id\":\"https:\\\/\\\/lalaboralaula.es\\\/MP252526\\\/index.php\\\/carrito\\\/#breadcrumb\"},\"inLanguage\":\"es\",\"potentialAction\":[{\"@type\":\"ReadAction\",\"target\":[\"https:\\\/\\\/lalaboralaula.es\\\/MP252526\\\/index.php\\\/carrito\\\/\"]}]},{\"@type\":\"BreadcrumbList\",\"@id\":\"https:\\\/\\\/lalaboralaula.es\\\/MP252526\\\/index.php\\\/carrito\\\/#breadcrumb\",\"itemListElement\":[{\"@type\":\"ListItem\",\"position\":1,\"name\":\"Portada\",\"item\":\"https:\\\/\\\/lalaboralaula.es\\\/MP252526\\\/\"},{\"@type\":\"ListItem\",\"position\":2,\"name\":\"Carrito\"}]},{\"@type\":\"WebSite\",\"@id\":\"https:\\\/\\\/lalaboralaula.es\\\/MP252526\\\/#website\",\"url\":\"https:\\\/\\\/lalaboralaula.es\\\/MP252526\\\/\",\"name\":\"Rodr\u00edguez Fern\u00e1ndez, Mara\",\"description\":\"\",\"publisher\":{\"@id\":\"https:\\\/\\\/lalaboralaula.es\\\/MP252526\\\/#organization\"},\"potentialAction\":[{\"@type\":\"SearchAction\",\"target\":{\"@type\":\"EntryPoint\",\"urlTemplate\":\"https:\\\/\\\/lalaboralaula.es\\\/MP252526\\\/?s={search_term_string}\"},\"query-input\":{\"@type\":\"PropertyValueSpecification\",\"valueRequired\":true,\"valueName\":\"search_term_string\"}}],\"inLanguage\":\"es\"},{\"@type\":\"Organization\",\"@id\":\"https:\\\/\\\/lalaboralaula.es\\\/MP252526\\\/#organization\",\"name\":\"Rodr\u00edguez Fern\u00e1ndez, Mara\",\"url\":\"https:\\\/\\\/lalaboralaula.es\\\/MP252526\\\/\",\"logo\":{\"@type\":\"ImageObject\",\"inLanguage\":\"es\",\"@id\":\"https:\\\/\\\/lalaboralaula.es\\\/MP252526\\\/#\\\/schema\\\/logo\\\/image\\\/\",\"url\":\"https:\\\/\\\/lalaboralaula.es\\\/MP252526\\\/wp-content\\\/uploads\\\/2025\\\/10\\\/IMG_2511.jpg\",\"contentUrl\":\"https:\\\/\\\/lalaboralaula.es\\\/MP252526\\\/wp-content\\\/uploads\\\/2025\\\/10\\\/IMG_2511.jpg\",\"width\":1028,\"height\":676,\"caption\":\"Rodr\u00edguez Fern\u00e1ndez, Mara\"},\"image\":{\"@id\":\"https:\\\/\\\/lalaboralaula.es\\\/MP252526\\\/#\\\/schema\\\/logo\\\/image\\\/\"}}]}<\/script>\n<!-- \/ Yoast SEO plugin. -->","yoast_head_json":{"title":"Carrito - Rodr\u00edguez Fern\u00e1ndez, Mara","robots":{"index":"index","follow":"follow","max-snippet":"max-snippet:-1","max-image-preview":"max-image-preview:large","max-video-preview":"max-video-preview:-1"},"canonical":"https:\/\/lalaboralaula.es\/MP252526\/index.php\/carrito\/","og_locale":"es_ES","og_type":"article","og_title":"Carrito - Rodr\u00edguez Fern\u00e1ndez, Mara","og_url":"https:\/\/lalaboralaula.es\/MP252526\/index.php\/carrito\/","og_site_name":"Rodr\u00edguez Fern\u00e1ndez, Mara","article_modified_time":"2025-11-06T18:19:45+00:00","twitter_card":"summary_large_image","schema":{"@context":"https:\/\/schema.org","@graph":[{"@type":"WebPage","@id":"https:\/\/lalaboralaula.es\/MP252526\/index.php\/carrito\/","url":"https:\/\/lalaboralaula.es\/MP252526\/index.php\/carrito\/","name":"Carrito - Rodr\u00edguez Fern\u00e1ndez, Mara","isPartOf":{"@id":"https:\/\/lalaboralaula.es\/MP252526\/#website"},"datePublished":"2025-10-29T19:30:48+00:00","dateModified":"2025-11-06T18:19:45+00:00","breadcrumb":{"@id":"https:\/\/lalaboralaula.es\/MP252526\/index.php\/carrito\/#breadcrumb"},"inLanguage":"es","potentialAction":[{"@type":"ReadAction","target":["https:\/\/lalaboralaula.es\/MP252526\/index.php\/carrito\/"]}]},{"@type":"BreadcrumbList","@id":"https:\/\/lalaboralaula.es\/MP252526\/index.php\/carrito\/#breadcrumb","itemListElement":[{"@type":"ListItem","position":1,"name":"Portada","item":"https:\/\/lalaboralaula.es\/MP252526\/"},{"@type":"ListItem","position":2,"name":"Carrito"}]},{"@type":"WebSite","@id":"https:\/\/lalaboralaula.es\/MP252526\/#website","url":"https:\/\/lalaboralaula.es\/MP252526\/","name":"Rodr\u00edguez Fern\u00e1ndez, Mara","description":"","publisher":{"@id":"https:\/\/lalaboralaula.es\/MP252526\/#organization"},"potentialAction":[{"@type":"SearchAction","target":{"@type":"EntryPoint","urlTemplate":"https:\/\/lalaboralaula.es\/MP252526\/?s={search_term_string}"},"query-input":{"@type":"PropertyValueSpecification","valueRequired":true,"valueName":"search_term_string"}}],"inLanguage":"es"},{"@type":"Organization","@id":"https:\/\/lalaboralaula.es\/MP252526\/#organization","name":"Rodr\u00edguez Fern\u00e1ndez, Mara","url":"https:\/\/lalaboralaula.es\/MP252526\/","logo":{"@type":"ImageObject","inLanguage":"es","@id":"https:\/\/lalaboralaula.es\/MP252526\/#\/schema\/logo\/image\/","url":"https:\/\/lalaboralaula.es\/MP252526\/wp-content\/uploads\/2025\/10\/IMG_2511.jpg","contentUrl":"https:\/\/lalaboralaula.es\/MP252526\/wp-content\/uploads\/2025\/10\/IMG_2511.jpg","width":1028,"height":676,"caption":"Rodr\u00edguez Fern\u00e1ndez, Mara"},"image":{"@id":"https:\/\/lalaboralaula.es\/MP252526\/#\/schema\/logo\/image\/"}}]}},"_links":{"self":[{"href":"https:\/\/lalaboralaula.es\/MP252526\/index.php\/wp-json\/wp\/v2\/pages\/93","targetHints":{"allow":["GET"]}}],"collection":[{"href":"https:\/\/lalaboralaula.es\/MP252526\/index.php\/wp-json\/wp\/v2\/pages"}],"about":[{"href":"https:\/\/lalaboralaula.es\/MP252526\/index.php\/wp-json\/wp\/v2\/types\/page"}],"author":[{"embeddable":true,"href":"https:\/\/lalaboralaula.es\/MP252526\/index.php\/wp-json\/wp\/v2\/users\/1"}],"replies":[{"embeddable":true,"href":"https:\/\/lalaboralaula.es\/MP252526\/index.php\/wp-json\/wp\/v2\/comments?post=93"}],"version-history":[{"count":1,"href":"https:\/\/lalaboralaula.es\/MP252526\/index.php\/wp-json\/wp\/v2\/pages\/93\/revisions"}],"predecessor-version":[{"id":161,"href":"https:\/\/lalaboralaula.es\/MP252526\/index.php\/wp-json\/wp\/v2\/pages\/93\/revisions\/161"}],"wp:attachment":[{"href":"https:\/\/lalaboralaula.es\/MP252526\/index.php\/wp-json\/wp\/v2\/media?parent=93"}],"curies":[{"name":"wp","href":"https:\/\/api.w.org\/{rel}","templated":true}]}}