{"id":47,"date":"2025-10-23T17:37:36","date_gmt":"2025-10-23T17:37:36","guid":{"rendered":"https:\/\/lalaboralaula.es\/MP252526\/?page_id=47"},"modified":"2026-01-15T18:16:29","modified_gmt":"2026-01-15T18:16:29","slug":"aviso-legal","status":"publish","type":"page","link":"https:\/\/lalaboralaula.es\/MP252526\/index.php\/aviso-legal\/","title":{"rendered":"Aviso legal\u00a0"},"content":{"rendered":"\n<p>En cumplimiento con el deber de informaci\u00f3n recogido en la Ley 34\/2002, de 11 de julio, de Servicios de la Sociedad de la Informaci\u00f3n y de Comercio Electr\u00f3nico (LSSI-CE), se facilitan a continuaci\u00f3n los datos identificativos del titular del sitio web:<\/p>\n\n\n\n<h3 class=\"wp-block-heading\">1. Datos identificativos<\/h3>\n\n\n\n<ul class=\"wp-block-list\">\n<li><strong>Titular:<\/strong> [Nombre completo o raz\u00f3n social]<\/li>\n\n\n\n<li><strong>Nombre comercial:<\/strong> [Nombre de la tienda de skincare]<\/li>\n\n\n\n<li><strong>NIF\/CIF:<\/strong> [N\u00famero de identificaci\u00f3n fiscal]<\/li>\n\n\n\n<li><strong>Domicilio social:<\/strong> [Direcci\u00f3n completa, Espa\u00f1a]<\/li>\n\n\n\n<li><strong>Correo electr\u00f3nico:<\/strong> [email de contacto]<\/li>\n\n\n\n<li><strong>Sitio web:<\/strong> [URL de la p\u00e1gina web]<\/li>\n<\/ul>\n\n\n\n<h3 class=\"wp-block-heading\">2. Objeto<\/h3>\n\n\n\n<p>El presente Aviso Legal regula el acceso, navegaci\u00f3n y uso del sitio web [URL de la web], as\u00ed como las responsabilidades derivadas del uso de sus contenidos, productos y servicios.<\/p>\n\n\n\n<p>El acceso a este sitio web atribuye la condici\u00f3n de usuario e implica la aceptaci\u00f3n plena y sin reservas de las disposiciones incluidas en el presente Aviso Legal.<\/p>\n\n\n\n<h3 class=\"wp-block-heading\">3. Condiciones de uso<\/h3>\n\n\n\n<p>El usuario se compromete a hacer un uso adecuado del sitio web y de sus contenidos, de conformidad con la legislaci\u00f3n vigente, la buena fe y el orden p\u00fablico.<\/p>\n\n\n\n<p>Queda prohibido el uso del sitio web con fines il\u00edcitos o que puedan causar perjuicio al titular o a terceros.<\/p>\n\n\n\n<h3 class=\"wp-block-heading\">4. Propiedad intelectual e industrial<\/h3>\n\n\n\n<p>Todos los contenidos del sitio web (textos, im\u00e1genes, dise\u00f1os, logotipos, marcas, estructura, c\u00f3digo fuente, etc.) son titularidad del responsable del sitio web o dispone de los derechos necesarios para su uso, estando protegidos por la normativa de propiedad intelectual e industrial.<\/p>\n\n\n\n<p>Queda prohibida la reproducci\u00f3n, distribuci\u00f3n o modificaci\u00f3n total o parcial de los contenidos sin la autorizaci\u00f3n expresa del titular.<\/p>\n\n\n\n<h3 class=\"wp-block-heading\">5. Responsabilidad<\/h3>\n\n\n\n<p>El titular no se hace responsable de los da\u00f1os o perjuicios derivados del uso indebido del sitio web, ni de posibles errores de seguridad, interrupciones del servicio o virus inform\u00e1ticos.<\/p>\n\n\n\n<p>Asimismo, no se responsabiliza del contenido de los enlaces externos que puedan aparecer en el sitio web.<\/p>\n\n\n\n<h3 class=\"wp-block-heading\">6. Enlaces a terceros<\/h3>\n\n\n\n<p>En caso de que el sitio web contenga enlaces a p\u00e1ginas de terceros, el titular no asumir\u00e1 ninguna responsabilidad sobre los contenidos, pol\u00edticas o pr\u00e1cticas de dichos sitios web externos.<\/p>\n\n\n\n<h3 class=\"wp-block-heading\">7. Protecci\u00f3n de datos<\/h3>\n\n\n\n<p>El tratamiento de los datos personales del usuario se regir\u00e1 por lo establecido en la <strong>Pol\u00edtica de Privacidad<\/strong>, accesible desde este sitio web.<\/p>\n\n\n\n<h3 class=\"wp-block-heading\">8. Legislaci\u00f3n aplicable y jurisdicci\u00f3n<\/h3>\n\n\n\n<p>El presente Aviso Legal se rige por la legislaci\u00f3n espa\u00f1ola. Para la resoluci\u00f3n de cualquier conflicto que pudiera derivarse del acceso o uso del sitio web, las partes se someter\u00e1n a los juzgados y tribunales del domicilio del usuario, siempre que este tenga la condici\u00f3n de consumidor.<\/p>\n","protected":false},"excerpt":{"rendered":"<p>En cumplimiento con el deber de informaci\u00f3n recogido en la Ley 34\/2002, de 11 de julio, de Servicios de la Sociedad de la Informaci\u00f3n y de Comercio Electr\u00f3nico (LSSI-CE), se facilitan a continuaci\u00f3n los datos identificativos del titular del sitio web: 1. Datos identificativos 2. Objeto El presente Aviso Legal regula el acceso, navegaci\u00f3n y [&hellip;]<\/p>\n","protected":false},"author":1,"featured_media":0,"parent":0,"menu_order":0,"comment_status":"closed","ping_status":"closed","template":"","meta":{"footnotes":""},"class_list":["post-47","page","type-page","status-publish","hentry"],"yoast_head":"<!-- This site is optimized with the Yoast SEO plugin v27.3 - https:\/\/yoast.com\/product\/yoast-seo-wordpress\/ -->\n<title>Aviso legal\u00a0 - Rodr\u00edguez Fern\u00e1ndez, Mara<\/title>\n<meta name=\"robots\" content=\"index, follow, max-snippet:-1, max-image-preview:large, max-video-preview:-1\" \/>\n<link rel=\"canonical\" href=\"https:\/\/lalaboralaula.es\/MP252526\/index.php\/aviso-legal\/\" \/>\n<meta property=\"og:locale\" content=\"es_ES\" \/>\n<meta property=\"og:type\" content=\"article\" \/>\n<meta property=\"og:title\" content=\"Aviso legal\u00a0 - Rodr\u00edguez Fern\u00e1ndez, Mara\" \/>\n<meta property=\"og:description\" content=\"En cumplimiento con el deber de informaci\u00f3n recogido en la Ley 34\/2002, de 11 de julio, de Servicios de la Sociedad de la Informaci\u00f3n y de Comercio Electr\u00f3nico (LSSI-CE), se facilitan a continuaci\u00f3n los datos identificativos del titular del sitio web: 1. Datos identificativos 2. Objeto El presente Aviso Legal regula el acceso, navegaci\u00f3n y [&hellip;]\" \/>\n<meta property=\"og:url\" content=\"https:\/\/lalaboralaula.es\/MP252526\/index.php\/aviso-legal\/\" \/>\n<meta property=\"og:site_name\" content=\"Rodr\u00edguez Fern\u00e1ndez, Mara\" \/>\n<meta property=\"article:modified_time\" content=\"2026-01-15T18:16:29+00:00\" \/>\n<meta name=\"twitter:card\" content=\"summary_large_image\" \/>\n<meta name=\"twitter:label1\" content=\"Tiempo de lectura\" \/>\n\t<meta name=\"twitter:data1\" content=\"2 minutos\" \/>\n<script type=\"application\/ld+json\" class=\"yoast-schema-graph\">{\"@context\":\"https:\\\/\\\/schema.org\",\"@graph\":[{\"@type\":\"WebPage\",\"@id\":\"https:\\\/\\\/lalaboralaula.es\\\/MP252526\\\/index.php\\\/aviso-legal\\\/\",\"url\":\"https:\\\/\\\/lalaboralaula.es\\\/MP252526\\\/index.php\\\/aviso-legal\\\/\",\"name\":\"Aviso legal\u00a0 - Rodr\u00edguez Fern\u00e1ndez, Mara\",\"isPartOf\":{\"@id\":\"https:\\\/\\\/lalaboralaula.es\\\/MP252526\\\/#website\"},\"datePublished\":\"2025-10-23T17:37:36+00:00\",\"dateModified\":\"2026-01-15T18:16:29+00:00\",\"breadcrumb\":{\"@id\":\"https:\\\/\\\/lalaboralaula.es\\\/MP252526\\\/index.php\\\/aviso-legal\\\/#breadcrumb\"},\"inLanguage\":\"es\",\"potentialAction\":[{\"@type\":\"ReadAction\",\"target\":[\"https:\\\/\\\/lalaboralaula.es\\\/MP252526\\\/index.php\\\/aviso-legal\\\/\"]}]},{\"@type\":\"BreadcrumbList\",\"@id\":\"https:\\\/\\\/lalaboralaula.es\\\/MP252526\\\/index.php\\\/aviso-legal\\\/#breadcrumb\",\"itemListElement\":[{\"@type\":\"ListItem\",\"position\":1,\"name\":\"Portada\",\"item\":\"https:\\\/\\\/lalaboralaula.es\\\/MP252526\\\/\"},{\"@type\":\"ListItem\",\"position\":2,\"name\":\"Aviso legal\u00a0\"}]},{\"@type\":\"WebSite\",\"@id\":\"https:\\\/\\\/lalaboralaula.es\\\/MP252526\\\/#website\",\"url\":\"https:\\\/\\\/lalaboralaula.es\\\/MP252526\\\/\",\"name\":\"Rodr\u00edguez Fern\u00e1ndez, Mara\",\"description\":\"\",\"publisher\":{\"@id\":\"https:\\\/\\\/lalaboralaula.es\\\/MP252526\\\/#organization\"},\"potentialAction\":[{\"@type\":\"SearchAction\",\"target\":{\"@type\":\"EntryPoint\",\"urlTemplate\":\"https:\\\/\\\/lalaboralaula.es\\\/MP252526\\\/?s={search_term_string}\"},\"query-input\":{\"@type\":\"PropertyValueSpecification\",\"valueRequired\":true,\"valueName\":\"search_term_string\"}}],\"inLanguage\":\"es\"},{\"@type\":\"Organization\",\"@id\":\"https:\\\/\\\/lalaboralaula.es\\\/MP252526\\\/#organization\",\"name\":\"Rodr\u00edguez Fern\u00e1ndez, Mara\",\"url\":\"https:\\\/\\\/lalaboralaula.es\\\/MP252526\\\/\",\"logo\":{\"@type\":\"ImageObject\",\"inLanguage\":\"es\",\"@id\":\"https:\\\/\\\/lalaboralaula.es\\\/MP252526\\\/#\\\/schema\\\/logo\\\/image\\\/\",\"url\":\"https:\\\/\\\/lalaboralaula.es\\\/MP252526\\\/wp-content\\\/uploads\\\/2025\\\/10\\\/IMG_2511.jpg\",\"contentUrl\":\"https:\\\/\\\/lalaboralaula.es\\\/MP252526\\\/wp-content\\\/uploads\\\/2025\\\/10\\\/IMG_2511.jpg\",\"width\":1028,\"height\":676,\"caption\":\"Rodr\u00edguez Fern\u00e1ndez, Mara\"},\"image\":{\"@id\":\"https:\\\/\\\/lalaboralaula.es\\\/MP252526\\\/#\\\/schema\\\/logo\\\/image\\\/\"}}]}<\/script>\n<!-- \/ Yoast SEO plugin. -->","yoast_head_json":{"title":"Aviso legal\u00a0 - Rodr\u00edguez Fern\u00e1ndez, Mara","robots":{"index":"index","follow":"follow","max-snippet":"max-snippet:-1","max-image-preview":"max-image-preview:large","max-video-preview":"max-video-preview:-1"},"canonical":"https:\/\/lalaboralaula.es\/MP252526\/index.php\/aviso-legal\/","og_locale":"es_ES","og_type":"article","og_title":"Aviso legal\u00a0 - Rodr\u00edguez Fern\u00e1ndez, Mara","og_description":"En cumplimiento con el deber de informaci\u00f3n recogido en la Ley 34\/2002, de 11 de julio, de Servicios de la Sociedad de la Informaci\u00f3n y de Comercio Electr\u00f3nico (LSSI-CE), se facilitan a continuaci\u00f3n los datos identificativos del titular del sitio web: 1. Datos identificativos 2. Objeto El presente Aviso Legal regula el acceso, navegaci\u00f3n y [&hellip;]","og_url":"https:\/\/lalaboralaula.es\/MP252526\/index.php\/aviso-legal\/","og_site_name":"Rodr\u00edguez Fern\u00e1ndez, Mara","article_modified_time":"2026-01-15T18:16:29+00:00","twitter_card":"summary_large_image","twitter_misc":{"Tiempo de lectura":"2 minutos"},"schema":{"@context":"https:\/\/schema.org","@graph":[{"@type":"WebPage","@id":"https:\/\/lalaboralaula.es\/MP252526\/index.php\/aviso-legal\/","url":"https:\/\/lalaboralaula.es\/MP252526\/index.php\/aviso-legal\/","name":"Aviso legal\u00a0 - Rodr\u00edguez Fern\u00e1ndez, Mara","isPartOf":{"@id":"https:\/\/lalaboralaula.es\/MP252526\/#website"},"datePublished":"2025-10-23T17:37:36+00:00","dateModified":"2026-01-15T18:16:29+00:00","breadcrumb":{"@id":"https:\/\/lalaboralaula.es\/MP252526\/index.php\/aviso-legal\/#breadcrumb"},"inLanguage":"es","potentialAction":[{"@type":"ReadAction","target":["https:\/\/lalaboralaula.es\/MP252526\/index.php\/aviso-legal\/"]}]},{"@type":"BreadcrumbList","@id":"https:\/\/lalaboralaula.es\/MP252526\/index.php\/aviso-legal\/#breadcrumb","itemListElement":[{"@type":"ListItem","position":1,"name":"Portada","item":"https:\/\/lalaboralaula.es\/MP252526\/"},{"@type":"ListItem","position":2,"name":"Aviso legal\u00a0"}]},{"@type":"WebSite","@id":"https:\/\/lalaboralaula.es\/MP252526\/#website","url":"https:\/\/lalaboralaula.es\/MP252526\/","name":"Rodr\u00edguez Fern\u00e1ndez, Mara","description":"","publisher":{"@id":"https:\/\/lalaboralaula.es\/MP252526\/#organization"},"potentialAction":[{"@type":"SearchAction","target":{"@type":"EntryPoint","urlTemplate":"https:\/\/lalaboralaula.es\/MP252526\/?s={search_term_string}"},"query-input":{"@type":"PropertyValueSpecification","valueRequired":true,"valueName":"search_term_string"}}],"inLanguage":"es"},{"@type":"Organization","@id":"https:\/\/lalaboralaula.es\/MP252526\/#organization","name":"Rodr\u00edguez Fern\u00e1ndez, Mara","url":"https:\/\/lalaboralaula.es\/MP252526\/","logo":{"@type":"ImageObject","inLanguage":"es","@id":"https:\/\/lalaboralaula.es\/MP252526\/#\/schema\/logo\/image\/","url":"https:\/\/lalaboralaula.es\/MP252526\/wp-content\/uploads\/2025\/10\/IMG_2511.jpg","contentUrl":"https:\/\/lalaboralaula.es\/MP252526\/wp-content\/uploads\/2025\/10\/IMG_2511.jpg","width":1028,"height":676,"caption":"Rodr\u00edguez Fern\u00e1ndez, Mara"},"image":{"@id":"https:\/\/lalaboralaula.es\/MP252526\/#\/schema\/logo\/image\/"}}]}},"_links":{"self":[{"href":"https:\/\/lalaboralaula.es\/MP252526\/index.php\/wp-json\/wp\/v2\/pages\/47","targetHints":{"allow":["GET"]}}],"collection":[{"href":"https:\/\/lalaboralaula.es\/MP252526\/index.php\/wp-json\/wp\/v2\/pages"}],"about":[{"href":"https:\/\/lalaboralaula.es\/MP252526\/index.php\/wp-json\/wp\/v2\/types\/page"}],"author":[{"embeddable":true,"href":"https:\/\/lalaboralaula.es\/MP252526\/index.php\/wp-json\/wp\/v2\/users\/1"}],"replies":[{"embeddable":true,"href":"https:\/\/lalaboralaula.es\/MP252526\/index.php\/wp-json\/wp\/v2\/comments?post=47"}],"version-history":[{"count":2,"href":"https:\/\/lalaboralaula.es\/MP252526\/index.php\/wp-json\/wp\/v2\/pages\/47\/revisions"}],"predecessor-version":[{"id":298,"href":"https:\/\/lalaboralaula.es\/MP252526\/index.php\/wp-json\/wp\/v2\/pages\/47\/revisions\/298"}],"wp:attachment":[{"href":"https:\/\/lalaboralaula.es\/MP252526\/index.php\/wp-json\/wp\/v2\/media?parent=47"}],"curies":[{"name":"wp","href":"https:\/\/api.w.org\/{rel}","templated":true}]}}