{"id":21,"date":"2025-10-23T16:58:54","date_gmt":"2025-10-23T16:58:54","guid":{"rendered":"https:\/\/lalaboralaula.es\/MP252526\/?page_id=21"},"modified":"2025-10-23T17:33:55","modified_gmt":"2025-10-23T17:33:55","slug":"sobre-nosotros","status":"publish","type":"page","link":"https:\/\/lalaboralaula.es\/MP252526\/index.php\/sobre-nosotros\/","title":{"rendered":"Sobre nosotros"},"content":{"rendered":"\n<p><strong>&nbsp;Misi\u00f3n<\/strong><\/p>\n\n\n\n<p>Brindar soluciones de skincare&nbsp;<strong>naturales, confiables y efectivas<\/strong>, que cuiden la piel de manera saludable y sostenible. Buscamos resaltar la belleza aut\u00e9ntica de cada persona, ofreciendo productos frescos, puros y seguros que nutran, hidraten y protejan la piel.<\/p>\n\n\n\n<p><strong>&nbsp;Visi\u00f3n<\/strong><\/p>\n\n\n\n<p>Convertirnos en la marca de skincare de referencia en el mercado, reconocida por su&nbsp;<strong>autenticidad, innovaci\u00f3n y compromiso con la naturaleza<\/strong>, ofreciendo experiencias \u00fanicas que inspiren confianza, bienestar y una belleza real y radiante.<\/p>\n\n\n\n<p><strong>Valores<\/strong><\/p>\n\n\n\n<ol class=\"wp-block-list\">\n<li><strong>Cercan\u00eda<\/strong>&nbsp;\u2192 Nos conectamos de manera aut\u00e9ntica con nuestros clientes, escuchando sus necesidades.<\/li>\n\n\n\n<li><strong>Pureza<\/strong>&nbsp;\u2192 Usamos ingredientes seguros, naturales y de calidad.<\/li>\n\n\n\n<li><strong>Confiabilidad<\/strong>&nbsp;\u2192 Creamos productos efectivos y respaldados por est\u00e1ndares de calidad.<\/li>\n\n\n\n<li><strong>Frescura<\/strong>&nbsp;\u2192 Garantizamos f\u00f3rmulas que revitalizan y mantienen la piel saludable.<\/li>\n\n\n\n<li><strong>Salud y Bienestar<\/strong>&nbsp;\u2192 Promovemos rutinas de cuidado responsables, que respetan la piel y el medio ambiente.<\/li>\n\n\n\n<li><strong>Elegancia y Suavidad<\/strong>&nbsp;\u2192 Cada producto refleja cuidado, detalle y delicadeza en su dise\u00f1o y experiencia.<\/li>\n\n\n\n<li><strong>Innovaci\u00f3n Renovadora<\/strong>&nbsp;\u2192 Investigamos y evolucionamos para ofrecer soluciones modernas, naturales y sostenibles.<\/li>\n\n\n\n<li><strong>Responsabilidad<\/strong>&nbsp;\u2192 Trabajamos de forma \u00e9tica y respetuosa con las personas, los animales y la naturaleza<\/li>\n<\/ol>\n\n\n\n<p><\/p>\n\n\n\n<div class=\"wp-block-columns alignwide are-vertically-aligned-top is-layout-flex wp-container-core-columns-is-layout-08c01c1c wp-block-columns-is-layout-flex\">\n<div class=\"wp-block-column is-vertically-aligned-top is-layout-flow wp-block-column-is-layout-flow\">\n<div class=\"wp-block-group wp-container-content-231d8afb is-vertical is-content-justification-left is-nowrap is-layout-flex wp-container-core-group-is-layout-d439c89b wp-block-group-is-layout-flex\" style=\"margin-top:0;margin-bottom:0\">\n<figure class=\"wp-block-gallery has-nested-images columns-default is-cropped wp-block-gallery-1 is-layout-flex wp-block-gallery-is-layout-flex\">\n<figure class=\"wp-block-image size-large\"><img loading=\"lazy\" decoding=\"async\" width=\"577\" height=\"1024\" data-id=\"29\" src=\"https:\/\/lalaboralaula.es\/MP252526\/wp-content\/uploads\/2025\/10\/Unknown-577x1024.jpg\" alt=\"\" class=\"wp-image-29\" srcset=\"https:\/\/lalaboralaula.es\/MP252526\/wp-content\/uploads\/2025\/10\/Unknown-577x1024.jpg 577w, https:\/\/lalaboralaula.es\/MP252526\/wp-content\/uploads\/2025\/10\/Unknown-416x738.jpg 416w, https:\/\/lalaboralaula.es\/MP252526\/wp-content\/uploads\/2025\/10\/Unknown-169x300.jpg 169w, https:\/\/lalaboralaula.es\/MP252526\/wp-content\/uploads\/2025\/10\/Unknown.jpg 676w\" sizes=\"auto, (max-width: 577px) 100vw, 577px\" \/><\/figure>\n<\/figure>\n\n\n\n<div class=\"wp-block-group is-vertical is-nowrap is-layout-flex wp-container-core-group-is-layout-5280e479 wp-block-group-is-layout-flex\">\n<p class=\"has-medium-font-size\"><\/p>\n\n\n\n<p class=\"has-small-font-size\">Ogawa Kazumasa<\/p>\n<\/div>\n<\/div>\n<\/div>\n\n\n\n<div class=\"wp-block-column is-vertically-aligned-top is-layout-flow wp-block-column-is-layout-flow\">\n<div class=\"wp-block-group wp-container-content-231d8afb is-vertical is-layout-flex wp-container-core-group-is-layout-05b43539 wp-block-group-is-layout-flex\" style=\"margin-top:0;margin-bottom:0\">\n<div class=\"wp-block-group is-vertical is-nowrap is-layout-flex wp-container-core-group-is-layout-5280e479 wp-block-group-is-layout-flex\">\n<div style=\"height:0px\" aria-hidden=\"true\" class=\"wp-block-spacer wp-container-content-f96796aa\"><\/div>\n\n\n\n<p class=\"has-medium-font-size\"><\/p>\n\n\n\n<p class=\"has-small-font-size\"><\/p>\n<\/div>\n\n\n\n<figure class=\"wp-block-image size-large\"><img loading=\"lazy\" decoding=\"async\" width=\"576\" height=\"1024\" src=\"https:\/\/lalaboralaula.es\/MP252526\/wp-content\/uploads\/2025\/10\/Unknown-2-576x1024.jpg\" alt=\"\" class=\"wp-image-31\" srcset=\"https:\/\/lalaboralaula.es\/MP252526\/wp-content\/uploads\/2025\/10\/Unknown-2-576x1024.jpg 576w, https:\/\/lalaboralaula.es\/MP252526\/wp-content\/uploads\/2025\/10\/Unknown-2-416x740.jpg 416w, https:\/\/lalaboralaula.es\/MP252526\/wp-content\/uploads\/2025\/10\/Unknown-2-169x300.jpg 169w, https:\/\/lalaboralaula.es\/MP252526\/wp-content\/uploads\/2025\/10\/Unknown-2.jpg 675w\" sizes=\"auto, (max-width: 576px) 100vw, 576px\" \/><\/figure>\n<\/div>\n<\/div>\n<\/div>\n","protected":false},"excerpt":{"rendered":"<p>&nbsp;Misi\u00f3n Brindar soluciones de skincare&nbsp;naturales, confiables y efectivas, que cuiden la piel de manera saludable y sostenible. Buscamos resaltar la belleza aut\u00e9ntica de cada persona, ofreciendo productos frescos, puros y seguros que nutran, hidraten y protejan la piel. &nbsp;Visi\u00f3n Convertirnos en la marca de skincare de referencia en el mercado, reconocida por su&nbsp;autenticidad, innovaci\u00f3n y [&hellip;]<\/p>\n","protected":false},"author":1,"featured_media":0,"parent":0,"menu_order":0,"comment_status":"closed","ping_status":"closed","template":"template-fullwidth.php","meta":{"footnotes":""},"class_list":["post-21","page","type-page","status-publish","hentry"],"yoast_head":"<!-- This site is optimized with the Yoast SEO plugin v27.3 - https:\/\/yoast.com\/product\/yoast-seo-wordpress\/ -->\n<title>Sobre nosotros - Rodr\u00edguez Fern\u00e1ndez, Mara<\/title>\n<meta name=\"robots\" content=\"index, follow, max-snippet:-1, max-image-preview:large, max-video-preview:-1\" \/>\n<link rel=\"canonical\" href=\"https:\/\/lalaboralaula.es\/MP252526\/index.php\/sobre-nosotros\/\" \/>\n<meta property=\"og:locale\" content=\"es_ES\" \/>\n<meta property=\"og:type\" content=\"article\" \/>\n<meta property=\"og:title\" content=\"Sobre nosotros - Rodr\u00edguez Fern\u00e1ndez, Mara\" \/>\n<meta property=\"og:description\" content=\"&nbsp;Misi\u00f3n Brindar soluciones de skincare&nbsp;naturales, confiables y efectivas, que cuiden la piel de manera saludable y sostenible. Buscamos resaltar la belleza aut\u00e9ntica de cada persona, ofreciendo productos frescos, puros y seguros que nutran, hidraten y protejan la piel. &nbsp;Visi\u00f3n Convertirnos en la marca de skincare de referencia en el mercado, reconocida por su&nbsp;autenticidad, innovaci\u00f3n y [&hellip;]\" \/>\n<meta property=\"og:url\" content=\"https:\/\/lalaboralaula.es\/MP252526\/index.php\/sobre-nosotros\/\" \/>\n<meta property=\"og:site_name\" content=\"Rodr\u00edguez Fern\u00e1ndez, Mara\" \/>\n<meta property=\"article:modified_time\" content=\"2025-10-23T17:33:55+00:00\" \/>\n<meta property=\"og:image\" content=\"https:\/\/lalaboralaula.es\/MP252526\/wp-content\/uploads\/2025\/10\/Unknown.jpg\" \/>\n\t<meta property=\"og:image:width\" content=\"676\" \/>\n\t<meta property=\"og:image:height\" content=\"1200\" \/>\n\t<meta property=\"og:image:type\" content=\"image\/jpeg\" \/>\n<meta name=\"twitter:card\" content=\"summary_large_image\" \/>\n<meta name=\"twitter:label1\" content=\"Tiempo de lectura\" \/>\n\t<meta name=\"twitter:data1\" content=\"1 minuto\" \/>\n<script type=\"application\/ld+json\" class=\"yoast-schema-graph\">{\"@context\":\"https:\\\/\\\/schema.org\",\"@graph\":[{\"@type\":\"WebPage\",\"@id\":\"https:\\\/\\\/lalaboralaula.es\\\/MP252526\\\/index.php\\\/sobre-nosotros\\\/\",\"url\":\"https:\\\/\\\/lalaboralaula.es\\\/MP252526\\\/index.php\\\/sobre-nosotros\\\/\",\"name\":\"Sobre nosotros - Rodr\u00edguez Fern\u00e1ndez, Mara\",\"isPartOf\":{\"@id\":\"https:\\\/\\\/lalaboralaula.es\\\/MP252526\\\/#website\"},\"primaryImageOfPage\":{\"@id\":\"https:\\\/\\\/lalaboralaula.es\\\/MP252526\\\/index.php\\\/sobre-nosotros\\\/#primaryimage\"},\"image\":{\"@id\":\"https:\\\/\\\/lalaboralaula.es\\\/MP252526\\\/index.php\\\/sobre-nosotros\\\/#primaryimage\"},\"thumbnailUrl\":\"https:\\\/\\\/lalaboralaula.es\\\/MP252526\\\/wp-content\\\/uploads\\\/2025\\\/10\\\/Unknown-577x1024.jpg\",\"datePublished\":\"2025-10-23T16:58:54+00:00\",\"dateModified\":\"2025-10-23T17:33:55+00:00\",\"breadcrumb\":{\"@id\":\"https:\\\/\\\/lalaboralaula.es\\\/MP252526\\\/index.php\\\/sobre-nosotros\\\/#breadcrumb\"},\"inLanguage\":\"es\",\"potentialAction\":[{\"@type\":\"ReadAction\",\"target\":[\"https:\\\/\\\/lalaboralaula.es\\\/MP252526\\\/index.php\\\/sobre-nosotros\\\/\"]}]},{\"@type\":\"ImageObject\",\"inLanguage\":\"es\",\"@id\":\"https:\\\/\\\/lalaboralaula.es\\\/MP252526\\\/index.php\\\/sobre-nosotros\\\/#primaryimage\",\"url\":\"https:\\\/\\\/lalaboralaula.es\\\/MP252526\\\/wp-content\\\/uploads\\\/2025\\\/10\\\/Unknown.jpg\",\"contentUrl\":\"https:\\\/\\\/lalaboralaula.es\\\/MP252526\\\/wp-content\\\/uploads\\\/2025\\\/10\\\/Unknown.jpg\",\"width\":676,\"height\":1200},{\"@type\":\"BreadcrumbList\",\"@id\":\"https:\\\/\\\/lalaboralaula.es\\\/MP252526\\\/index.php\\\/sobre-nosotros\\\/#breadcrumb\",\"itemListElement\":[{\"@type\":\"ListItem\",\"position\":1,\"name\":\"Portada\",\"item\":\"https:\\\/\\\/lalaboralaula.es\\\/MP252526\\\/\"},{\"@type\":\"ListItem\",\"position\":2,\"name\":\"Sobre nosotros\"}]},{\"@type\":\"WebSite\",\"@id\":\"https:\\\/\\\/lalaboralaula.es\\\/MP252526\\\/#website\",\"url\":\"https:\\\/\\\/lalaboralaula.es\\\/MP252526\\\/\",\"name\":\"Rodr\u00edguez Fern\u00e1ndez, Mara\",\"description\":\"\",\"publisher\":{\"@id\":\"https:\\\/\\\/lalaboralaula.es\\\/MP252526\\\/#organization\"},\"potentialAction\":[{\"@type\":\"SearchAction\",\"target\":{\"@type\":\"EntryPoint\",\"urlTemplate\":\"https:\\\/\\\/lalaboralaula.es\\\/MP252526\\\/?s={search_term_string}\"},\"query-input\":{\"@type\":\"PropertyValueSpecification\",\"valueRequired\":true,\"valueName\":\"search_term_string\"}}],\"inLanguage\":\"es\"},{\"@type\":\"Organization\",\"@id\":\"https:\\\/\\\/lalaboralaula.es\\\/MP252526\\\/#organization\",\"name\":\"Rodr\u00edguez Fern\u00e1ndez, Mara\",\"url\":\"https:\\\/\\\/lalaboralaula.es\\\/MP252526\\\/\",\"logo\":{\"@type\":\"ImageObject\",\"inLanguage\":\"es\",\"@id\":\"https:\\\/\\\/lalaboralaula.es\\\/MP252526\\\/#\\\/schema\\\/logo\\\/image\\\/\",\"url\":\"https:\\\/\\\/lalaboralaula.es\\\/MP252526\\\/wp-content\\\/uploads\\\/2025\\\/10\\\/IMG_2511.jpg\",\"contentUrl\":\"https:\\\/\\\/lalaboralaula.es\\\/MP252526\\\/wp-content\\\/uploads\\\/2025\\\/10\\\/IMG_2511.jpg\",\"width\":1028,\"height\":676,\"caption\":\"Rodr\u00edguez Fern\u00e1ndez, Mara\"},\"image\":{\"@id\":\"https:\\\/\\\/lalaboralaula.es\\\/MP252526\\\/#\\\/schema\\\/logo\\\/image\\\/\"}}]}<\/script>\n<!-- \/ Yoast SEO plugin. -->","yoast_head_json":{"title":"Sobre nosotros - Rodr\u00edguez Fern\u00e1ndez, Mara","robots":{"index":"index","follow":"follow","max-snippet":"max-snippet:-1","max-image-preview":"max-image-preview:large","max-video-preview":"max-video-preview:-1"},"canonical":"https:\/\/lalaboralaula.es\/MP252526\/index.php\/sobre-nosotros\/","og_locale":"es_ES","og_type":"article","og_title":"Sobre nosotros - Rodr\u00edguez Fern\u00e1ndez, Mara","og_description":"&nbsp;Misi\u00f3n Brindar soluciones de skincare&nbsp;naturales, confiables y efectivas, que cuiden la piel de manera saludable y sostenible. Buscamos resaltar la belleza aut\u00e9ntica de cada persona, ofreciendo productos frescos, puros y seguros que nutran, hidraten y protejan la piel. &nbsp;Visi\u00f3n Convertirnos en la marca de skincare de referencia en el mercado, reconocida por su&nbsp;autenticidad, innovaci\u00f3n y [&hellip;]","og_url":"https:\/\/lalaboralaula.es\/MP252526\/index.php\/sobre-nosotros\/","og_site_name":"Rodr\u00edguez Fern\u00e1ndez, Mara","article_modified_time":"2025-10-23T17:33:55+00:00","og_image":[{"width":676,"height":1200,"url":"https:\/\/lalaboralaula.es\/MP252526\/wp-content\/uploads\/2025\/10\/Unknown.jpg","type":"image\/jpeg"}],"twitter_card":"summary_large_image","twitter_misc":{"Tiempo de lectura":"1 minuto"},"schema":{"@context":"https:\/\/schema.org","@graph":[{"@type":"WebPage","@id":"https:\/\/lalaboralaula.es\/MP252526\/index.php\/sobre-nosotros\/","url":"https:\/\/lalaboralaula.es\/MP252526\/index.php\/sobre-nosotros\/","name":"Sobre nosotros - Rodr\u00edguez Fern\u00e1ndez, Mara","isPartOf":{"@id":"https:\/\/lalaboralaula.es\/MP252526\/#website"},"primaryImageOfPage":{"@id":"https:\/\/lalaboralaula.es\/MP252526\/index.php\/sobre-nosotros\/#primaryimage"},"image":{"@id":"https:\/\/lalaboralaula.es\/MP252526\/index.php\/sobre-nosotros\/#primaryimage"},"thumbnailUrl":"https:\/\/lalaboralaula.es\/MP252526\/wp-content\/uploads\/2025\/10\/Unknown-577x1024.jpg","datePublished":"2025-10-23T16:58:54+00:00","dateModified":"2025-10-23T17:33:55+00:00","breadcrumb":{"@id":"https:\/\/lalaboralaula.es\/MP252526\/index.php\/sobre-nosotros\/#breadcrumb"},"inLanguage":"es","potentialAction":[{"@type":"ReadAction","target":["https:\/\/lalaboralaula.es\/MP252526\/index.php\/sobre-nosotros\/"]}]},{"@type":"ImageObject","inLanguage":"es","@id":"https:\/\/lalaboralaula.es\/MP252526\/index.php\/sobre-nosotros\/#primaryimage","url":"https:\/\/lalaboralaula.es\/MP252526\/wp-content\/uploads\/2025\/10\/Unknown.jpg","contentUrl":"https:\/\/lalaboralaula.es\/MP252526\/wp-content\/uploads\/2025\/10\/Unknown.jpg","width":676,"height":1200},{"@type":"BreadcrumbList","@id":"https:\/\/lalaboralaula.es\/MP252526\/index.php\/sobre-nosotros\/#breadcrumb","itemListElement":[{"@type":"ListItem","position":1,"name":"Portada","item":"https:\/\/lalaboralaula.es\/MP252526\/"},{"@type":"ListItem","position":2,"name":"Sobre nosotros"}]},{"@type":"WebSite","@id":"https:\/\/lalaboralaula.es\/MP252526\/#website","url":"https:\/\/lalaboralaula.es\/MP252526\/","name":"Rodr\u00edguez Fern\u00e1ndez, Mara","description":"","publisher":{"@id":"https:\/\/lalaboralaula.es\/MP252526\/#organization"},"potentialAction":[{"@type":"SearchAction","target":{"@type":"EntryPoint","urlTemplate":"https:\/\/lalaboralaula.es\/MP252526\/?s={search_term_string}"},"query-input":{"@type":"PropertyValueSpecification","valueRequired":true,"valueName":"search_term_string"}}],"inLanguage":"es"},{"@type":"Organization","@id":"https:\/\/lalaboralaula.es\/MP252526\/#organization","name":"Rodr\u00edguez Fern\u00e1ndez, Mara","url":"https:\/\/lalaboralaula.es\/MP252526\/","logo":{"@type":"ImageObject","inLanguage":"es","@id":"https:\/\/lalaboralaula.es\/MP252526\/#\/schema\/logo\/image\/","url":"https:\/\/lalaboralaula.es\/MP252526\/wp-content\/uploads\/2025\/10\/IMG_2511.jpg","contentUrl":"https:\/\/lalaboralaula.es\/MP252526\/wp-content\/uploads\/2025\/10\/IMG_2511.jpg","width":1028,"height":676,"caption":"Rodr\u00edguez Fern\u00e1ndez, Mara"},"image":{"@id":"https:\/\/lalaboralaula.es\/MP252526\/#\/schema\/logo\/image\/"}}]}},"_links":{"self":[{"href":"https:\/\/lalaboralaula.es\/MP252526\/index.php\/wp-json\/wp\/v2\/pages\/21","targetHints":{"allow":["GET"]}}],"collection":[{"href":"https:\/\/lalaboralaula.es\/MP252526\/index.php\/wp-json\/wp\/v2\/pages"}],"about":[{"href":"https:\/\/lalaboralaula.es\/MP252526\/index.php\/wp-json\/wp\/v2\/types\/page"}],"author":[{"embeddable":true,"href":"https:\/\/lalaboralaula.es\/MP252526\/index.php\/wp-json\/wp\/v2\/users\/1"}],"replies":[{"embeddable":true,"href":"https:\/\/lalaboralaula.es\/MP252526\/index.php\/wp-json\/wp\/v2\/comments?post=21"}],"version-history":[{"count":5,"href":"https:\/\/lalaboralaula.es\/MP252526\/index.php\/wp-json\/wp\/v2\/pages\/21\/revisions"}],"predecessor-version":[{"id":32,"href":"https:\/\/lalaboralaula.es\/MP252526\/index.php\/wp-json\/wp\/v2\/pages\/21\/revisions\/32"}],"wp:attachment":[{"href":"https:\/\/lalaboralaula.es\/MP252526\/index.php\/wp-json\/wp\/v2\/media?parent=21"}],"curies":[{"name":"wp","href":"https:\/\/api.w.org\/{rel}","templated":true}]}}