{"id":330,"date":"2025-11-20T19:16:15","date_gmt":"2025-11-20T18:16:15","guid":{"rendered":"https:\/\/lalaboralaula.es\/MP242526\/?post_type=product&#038;p=330"},"modified":"2025-11-20T19:45:27","modified_gmt":"2025-11-20T18:45:27","slug":"estuche-de-acuarelas-trazos-del-alma-acuarela","status":"publish","type":"product","link":"https:\/\/lalaboralaula.es\/MP242526\/index.php\/producto\/estuche-de-acuarelas-trazos-del-alma-acuarela\/","title":{"rendered":"Estuche de Acuarelas Trazos del Alma Acuarela"},"content":{"rendered":"<p>Estuche met\u00e1lico elegante con suave lavado en tonos pastel y tipograf\u00eda en foil dorado, que alberga 24 pastillas de acuarela de pigmentaci\u00f3n intensa y alta fluidez, perfectas para lograr lavados transl\u00facidos o colores vibrantes. Cada pastilla descansa en compartimento individual para evitar derrames, y la tapa se despliega para funcionar como paleta de mezcla. Dise\u00f1ado para complementar el diario creativo \u00abTrazos del Alma en Acuarela\u00bb. este set ofrece una experiencia art\u00edstica completa: desde la inspiraci\u00f3n literaria hasta la expresi\u00f3n crom\u00e1tica m\u00e1s refinada.<\/p>\n<p>Variaciones disponibles: Acuarelas 24 colores \u00abTrazos del Alma\u00bb y Set \u00abAcuarelas 24 colores + 23 Pinceles Trazos del Alma\u00bb<\/p>\n<p>Caracter\u00edsticas principales:<\/p>\n<ul>\n<li><strong>Formato del estuche:<\/strong> Caja met\u00e1lica resistente con tapa desplegable que sirve de paleta<\/li>\n<li><strong>Dise\u00f1o exterior de la caja:<\/strong> Suave lavado de acuarela en tonos pastel con tipograf\u00eda en foil dorado.<\/li>\n<li><strong>Materiales de la caja<\/strong>: Metal<\/li>\n<li><strong>Idioma<\/strong>: Espa\u00f1ol<\/li>\n<\/ul>\n","protected":false},"excerpt":{"rendered":"<p>Estuche met\u00e1lico en tonos pastel con tipograf\u00eda en foil dorado, que incluye 24 acuarelas de alta pigmentaci\u00f3n y fluidez. Cada pastilla viene en su propio compartimento y la tapa funciona como paleta de mezcla. Dise\u00f1ado para acompa\u00f1ar el diario creativo <em>Trazos del Alma en Acuarela<\/em>.<br \/>\nVariaciones: <strong>Acuarelas 24 colores \u201cTrazos del Alma\u201d<\/strong> y <strong>Set \u201cAcuarelas 24 colores + 23 Pinceles Trazos del Alma\u201d<\/strong>.<\/p>\n","protected":false},"featured_media":334,"comment_status":"open","ping_status":"closed","template":"","meta":[],"product_brand":[],"product_cat":[42,17,41],"product_tag":[43,44],"class_list":{"0":"post-330","1":"product","2":"type-product","3":"status-publish","4":"has-post-thumbnail","6":"product_cat-acuarelas","7":"product_cat-sin-categorizar","8":"product_cat-trazos-del-alma-en-acuarela","9":"product_tag-acuarelas","10":"product_tag-pintura","12":"first","13":"instock","14":"shipping-taxable","15":"purchasable","16":"product-type-variable"},"yoast_head":"<!-- This site is optimized with the Yoast SEO plugin v27.4 - https:\/\/yoast.com\/product\/yoast-seo-wordpress\/ -->\n<title>Estuche de Acuarelas Trazos del Alma Acuarela -<\/title>\n<meta name=\"robots\" content=\"index, follow, max-snippet:-1, max-image-preview:large, max-video-preview:-1\" \/>\n<link rel=\"canonical\" href=\"https:\/\/lalaboralaula.es\/MP242526\/index.php\/producto\/estuche-de-acuarelas-trazos-del-alma-acuarela\/\" \/>\n<meta property=\"og:locale\" content=\"es_ES\" \/>\n<meta property=\"og:type\" content=\"article\" \/>\n<meta property=\"og:title\" content=\"Estuche de Acuarelas Trazos del Alma Acuarela -\" \/>\n<meta property=\"og:description\" content=\"Estuche met\u00e1lico en tonos pastel con tipograf\u00eda en foil dorado, que incluye 24 acuarelas de alta pigmentaci\u00f3n y fluidez. Cada pastilla viene en su propio compartimento y la tapa funciona como paleta de mezcla. Dise\u00f1ado para acompa\u00f1ar el diario creativo Trazos del Alma en Acuarela. Variaciones: Acuarelas 24 colores \u201cTrazos del Alma\u201d y Set \u201cAcuarelas 24 colores + 23 Pinceles Trazos del Alma\u201d.\" \/>\n<meta property=\"og:url\" content=\"https:\/\/lalaboralaula.es\/MP242526\/index.php\/producto\/estuche-de-acuarelas-trazos-del-alma-acuarela\/\" \/>\n<meta property=\"article:modified_time\" content=\"2025-11-20T18:45:27+00:00\" \/>\n<meta property=\"og:image\" content=\"https:\/\/lalaboralaula.es\/MP242526\/wp-content\/uploads\/2025\/11\/fa60ba21-9909-4dfc-a1e6-4d47311ccb3c.jpg\" \/>\n\t<meta property=\"og:image:width\" content=\"406\" \/>\n\t<meta property=\"og:image:height\" content=\"617\" \/>\n\t<meta property=\"og:image:type\" content=\"image\/jpeg\" \/>\n<meta name=\"twitter:card\" content=\"summary_large_image\" \/>\n<meta name=\"twitter:label1\" content=\"Tiempo de lectura\" \/>\n\t<meta name=\"twitter:data1\" content=\"1 minuto\" \/>\n<script type=\"application\/ld+json\" class=\"yoast-schema-graph\">{\"@context\":\"https:\\\/\\\/schema.org\",\"@graph\":[{\"@type\":\"WebPage\",\"@id\":\"https:\\\/\\\/lalaboralaula.es\\\/MP242526\\\/index.php\\\/producto\\\/estuche-de-acuarelas-trazos-del-alma-acuarela\\\/\",\"url\":\"https:\\\/\\\/lalaboralaula.es\\\/MP242526\\\/index.php\\\/producto\\\/estuche-de-acuarelas-trazos-del-alma-acuarela\\\/\",\"name\":\"Estuche de Acuarelas Trazos del Alma Acuarela -\",\"isPartOf\":{\"@id\":\"https:\\\/\\\/lalaboralaula.es\\\/MP242526\\\/#website\"},\"primaryImageOfPage\":{\"@id\":\"https:\\\/\\\/lalaboralaula.es\\\/MP242526\\\/index.php\\\/producto\\\/estuche-de-acuarelas-trazos-del-alma-acuarela\\\/#primaryimage\"},\"image\":{\"@id\":\"https:\\\/\\\/lalaboralaula.es\\\/MP242526\\\/index.php\\\/producto\\\/estuche-de-acuarelas-trazos-del-alma-acuarela\\\/#primaryimage\"},\"thumbnailUrl\":\"https:\\\/\\\/lalaboralaula.es\\\/MP242526\\\/wp-content\\\/uploads\\\/2025\\\/11\\\/fa60ba21-9909-4dfc-a1e6-4d47311ccb3c.jpg\",\"datePublished\":\"2025-11-20T18:16:15+00:00\",\"dateModified\":\"2025-11-20T18:45:27+00:00\",\"breadcrumb\":{\"@id\":\"https:\\\/\\\/lalaboralaula.es\\\/MP242526\\\/index.php\\\/producto\\\/estuche-de-acuarelas-trazos-del-alma-acuarela\\\/#breadcrumb\"},\"inLanguage\":\"es\",\"potentialAction\":[{\"@type\":\"ReadAction\",\"target\":[\"https:\\\/\\\/lalaboralaula.es\\\/MP242526\\\/index.php\\\/producto\\\/estuche-de-acuarelas-trazos-del-alma-acuarela\\\/\"]}]},{\"@type\":\"ImageObject\",\"inLanguage\":\"es\",\"@id\":\"https:\\\/\\\/lalaboralaula.es\\\/MP242526\\\/index.php\\\/producto\\\/estuche-de-acuarelas-trazos-del-alma-acuarela\\\/#primaryimage\",\"url\":\"https:\\\/\\\/lalaboralaula.es\\\/MP242526\\\/wp-content\\\/uploads\\\/2025\\\/11\\\/fa60ba21-9909-4dfc-a1e6-4d47311ccb3c.jpg\",\"contentUrl\":\"https:\\\/\\\/lalaboralaula.es\\\/MP242526\\\/wp-content\\\/uploads\\\/2025\\\/11\\\/fa60ba21-9909-4dfc-a1e6-4d47311ccb3c.jpg\",\"width\":406,\"height\":617},{\"@type\":\"BreadcrumbList\",\"@id\":\"https:\\\/\\\/lalaboralaula.es\\\/MP242526\\\/index.php\\\/producto\\\/estuche-de-acuarelas-trazos-del-alma-acuarela\\\/#breadcrumb\",\"itemListElement\":[{\"@type\":\"ListItem\",\"position\":1,\"name\":\"Portada\",\"item\":\"https:\\\/\\\/lalaboralaula.es\\\/MP242526\\\/\"},{\"@type\":\"ListItem\",\"position\":2,\"name\":\"Tienda\",\"item\":\"https:\\\/\\\/lalaboralaula.es\\\/MP242526\\\/index.php\\\/tienda\\\/\"},{\"@type\":\"ListItem\",\"position\":3,\"name\":\"Estuche de Acuarelas Trazos del Alma Acuarela\"}]},{\"@type\":\"WebSite\",\"@id\":\"https:\\\/\\\/lalaboralaula.es\\\/MP242526\\\/#website\",\"url\":\"https:\\\/\\\/lalaboralaula.es\\\/MP242526\\\/\",\"name\":\"Aura Essentials\",\"description\":\"\",\"potentialAction\":[{\"@type\":\"SearchAction\",\"target\":{\"@type\":\"EntryPoint\",\"urlTemplate\":\"https:\\\/\\\/lalaboralaula.es\\\/MP242526\\\/?s={search_term_string}\"},\"query-input\":{\"@type\":\"PropertyValueSpecification\",\"valueRequired\":true,\"valueName\":\"search_term_string\"}}],\"inLanguage\":\"es\"}]}<\/script>\n<!-- \/ Yoast SEO plugin. -->","yoast_head_json":{"title":"Estuche de Acuarelas Trazos del Alma Acuarela -","robots":{"index":"index","follow":"follow","max-snippet":"max-snippet:-1","max-image-preview":"max-image-preview:large","max-video-preview":"max-video-preview:-1"},"canonical":"https:\/\/lalaboralaula.es\/MP242526\/index.php\/producto\/estuche-de-acuarelas-trazos-del-alma-acuarela\/","og_locale":"es_ES","og_type":"article","og_title":"Estuche de Acuarelas Trazos del Alma Acuarela -","og_description":"Estuche met\u00e1lico en tonos pastel con tipograf\u00eda en foil dorado, que incluye 24 acuarelas de alta pigmentaci\u00f3n y fluidez. Cada pastilla viene en su propio compartimento y la tapa funciona como paleta de mezcla. Dise\u00f1ado para acompa\u00f1ar el diario creativo Trazos del Alma en Acuarela. Variaciones: Acuarelas 24 colores \u201cTrazos del Alma\u201d y Set \u201cAcuarelas 24 colores + 23 Pinceles Trazos del Alma\u201d.","og_url":"https:\/\/lalaboralaula.es\/MP242526\/index.php\/producto\/estuche-de-acuarelas-trazos-del-alma-acuarela\/","article_modified_time":"2025-11-20T18:45:27+00:00","og_image":[{"width":406,"height":617,"url":"https:\/\/lalaboralaula.es\/MP242526\/wp-content\/uploads\/2025\/11\/fa60ba21-9909-4dfc-a1e6-4d47311ccb3c.jpg","type":"image\/jpeg"}],"twitter_card":"summary_large_image","twitter_misc":{"Tiempo de lectura":"1 minuto"},"schema":{"@context":"https:\/\/schema.org","@graph":[{"@type":"WebPage","@id":"https:\/\/lalaboralaula.es\/MP242526\/index.php\/producto\/estuche-de-acuarelas-trazos-del-alma-acuarela\/","url":"https:\/\/lalaboralaula.es\/MP242526\/index.php\/producto\/estuche-de-acuarelas-trazos-del-alma-acuarela\/","name":"Estuche de Acuarelas Trazos del Alma Acuarela -","isPartOf":{"@id":"https:\/\/lalaboralaula.es\/MP242526\/#website"},"primaryImageOfPage":{"@id":"https:\/\/lalaboralaula.es\/MP242526\/index.php\/producto\/estuche-de-acuarelas-trazos-del-alma-acuarela\/#primaryimage"},"image":{"@id":"https:\/\/lalaboralaula.es\/MP242526\/index.php\/producto\/estuche-de-acuarelas-trazos-del-alma-acuarela\/#primaryimage"},"thumbnailUrl":"https:\/\/lalaboralaula.es\/MP242526\/wp-content\/uploads\/2025\/11\/fa60ba21-9909-4dfc-a1e6-4d47311ccb3c.jpg","datePublished":"2025-11-20T18:16:15+00:00","dateModified":"2025-11-20T18:45:27+00:00","breadcrumb":{"@id":"https:\/\/lalaboralaula.es\/MP242526\/index.php\/producto\/estuche-de-acuarelas-trazos-del-alma-acuarela\/#breadcrumb"},"inLanguage":"es","potentialAction":[{"@type":"ReadAction","target":["https:\/\/lalaboralaula.es\/MP242526\/index.php\/producto\/estuche-de-acuarelas-trazos-del-alma-acuarela\/"]}]},{"@type":"ImageObject","inLanguage":"es","@id":"https:\/\/lalaboralaula.es\/MP242526\/index.php\/producto\/estuche-de-acuarelas-trazos-del-alma-acuarela\/#primaryimage","url":"https:\/\/lalaboralaula.es\/MP242526\/wp-content\/uploads\/2025\/11\/fa60ba21-9909-4dfc-a1e6-4d47311ccb3c.jpg","contentUrl":"https:\/\/lalaboralaula.es\/MP242526\/wp-content\/uploads\/2025\/11\/fa60ba21-9909-4dfc-a1e6-4d47311ccb3c.jpg","width":406,"height":617},{"@type":"BreadcrumbList","@id":"https:\/\/lalaboralaula.es\/MP242526\/index.php\/producto\/estuche-de-acuarelas-trazos-del-alma-acuarela\/#breadcrumb","itemListElement":[{"@type":"ListItem","position":1,"name":"Portada","item":"https:\/\/lalaboralaula.es\/MP242526\/"},{"@type":"ListItem","position":2,"name":"Tienda","item":"https:\/\/lalaboralaula.es\/MP242526\/index.php\/tienda\/"},{"@type":"ListItem","position":3,"name":"Estuche de Acuarelas Trazos del Alma Acuarela"}]},{"@type":"WebSite","@id":"https:\/\/lalaboralaula.es\/MP242526\/#website","url":"https:\/\/lalaboralaula.es\/MP242526\/","name":"Aura Essentials","description":"","potentialAction":[{"@type":"SearchAction","target":{"@type":"EntryPoint","urlTemplate":"https:\/\/lalaboralaula.es\/MP242526\/?s={search_term_string}"},"query-input":{"@type":"PropertyValueSpecification","valueRequired":true,"valueName":"search_term_string"}}],"inLanguage":"es"}]}},"_links":{"self":[{"href":"https:\/\/lalaboralaula.es\/MP242526\/index.php\/wp-json\/wp\/v2\/product\/330","targetHints":{"allow":["GET"]}}],"collection":[{"href":"https:\/\/lalaboralaula.es\/MP242526\/index.php\/wp-json\/wp\/v2\/product"}],"about":[{"href":"https:\/\/lalaboralaula.es\/MP242526\/index.php\/wp-json\/wp\/v2\/types\/product"}],"replies":[{"embeddable":true,"href":"https:\/\/lalaboralaula.es\/MP242526\/index.php\/wp-json\/wp\/v2\/comments?post=330"}],"wp:featuredmedia":[{"embeddable":true,"href":"https:\/\/lalaboralaula.es\/MP242526\/index.php\/wp-json\/wp\/v2\/media\/334"}],"wp:attachment":[{"href":"https:\/\/lalaboralaula.es\/MP242526\/index.php\/wp-json\/wp\/v2\/media?parent=330"}],"wp:term":[{"taxonomy":"product_brand","embeddable":true,"href":"https:\/\/lalaboralaula.es\/MP242526\/index.php\/wp-json\/wp\/v2\/product_brand?post=330"},{"taxonomy":"product_cat","embeddable":true,"href":"https:\/\/lalaboralaula.es\/MP242526\/index.php\/wp-json\/wp\/v2\/product_cat?post=330"},{"taxonomy":"product_tag","embeddable":true,"href":"https:\/\/lalaboralaula.es\/MP242526\/index.php\/wp-json\/wp\/v2\/product_tag?post=330"}],"curies":[{"name":"wp","href":"https:\/\/api.w.org\/{rel}","templated":true}]}}