{"id":248,"date":"2025-11-06T20:39:54","date_gmt":"2025-11-06T19:39:54","guid":{"rendered":"https:\/\/lalaboralaula.es\/MP242526\/?post_type=product&#038;p=248"},"modified":"2025-11-18T15:39:52","modified_gmt":"2025-11-18T14:39:52","slug":"solteros-day","status":"publish","type":"product","link":"https:\/\/lalaboralaula.es\/MP242526\/index.php\/producto\/solteros-day\/","title":{"rendered":"Solteros Day"},"content":{"rendered":"<p><img loading=\"lazy\" decoding=\"async\" class=\"alignnone size-medium wp-image-253\" src=\"https:\/\/lalaboralaula.es\/MP242526\/wp-content\/uploads\/2025\/11\/Captura-de-pantalla-2025-11-06-203326-264x300.png\" alt=\"\" width=\"264\" height=\"300\" srcset=\"https:\/\/lalaboralaula.es\/MP242526\/wp-content\/uploads\/2025\/11\/Captura-de-pantalla-2025-11-06-203326-264x300.png 264w, https:\/\/lalaboralaula.es\/MP242526\/wp-content\/uploads\/2025\/11\/Captura-de-pantalla-2025-11-06-203326.png 417w\" sizes=\"auto, (max-width: 264px) 100vw, 264px\" \/><\/p>\n","protected":false},"excerpt":{"rendered":"<h3 data-start=\"116\" data-end=\"163\"><strong data-start=\"124\" data-end=\"163\">Pack Solteros Day \u2013 Aura Essentials<\/strong><\/h3>\n<p data-start=\"165\" data-end=\"348\">Celebra tu autenticidad con el <strong data-start=\"196\" data-end=\"217\">Pack Singles\u2019 Day<\/strong> de <strong>Aura Essentials<\/strong><br data-start=\"241\" data-end=\"244\" \/>Un conjunto pensado para quienes se mantienen fieles a s\u00ed mismos y disfrutan de la comodidad con estilo.<\/p>\n<p data-start=\"350\" data-end=\"649\">Este pack incluye:<br data-start=\"368\" data-end=\"371\" \/>\ud83d\udc55 <strong data-start=\"374\" data-end=\"405\">Sudadera\u00a0<\/strong><br data-start=\"405\" data-end=\"408\" \/>De color gris oscuro, con estampado de estrellas en tonos azules\u00a0<br data-start=\"562\" data-end=\"565\" \/>Confeccionada en algod\u00f3n suave, ofrece un ajuste relajado ideal para el d\u00eda a d\u00eda.<\/p>\n<p data-start=\"651\" data-end=\"854\">\ud83d\udc56 <strong data-start=\"654\" data-end=\"684\">Jeans wide leg denim claro<\/strong><br data-start=\"684\" data-end=\"687\" \/>De corte recto y tiro alto. Su tono azul lavado combina a la perfecci\u00f3n con la sudadera, creando un look fresco y mode<\/p>\n","protected":false},"featured_media":261,"comment_status":"open","ping_status":"closed","template":"","meta":[],"product_brand":[],"product_cat":[29,30],"product_tag":[31,33,32,20],"class_list":{"0":"post-248","1":"product","2":"type-product","3":"status-publish","4":"has-post-thumbnail","6":"product_cat-pack","7":"product_cat-pack-solteros-day","8":"product_tag-pack","9":"product_tag-pantalon","10":"product_tag-solteros-day","11":"product_tag-sudadera","13":"first","14":"instock","15":"shipping-taxable","16":"product-type-grouped"},"yoast_head":"<!-- This site is optimized with the Yoast SEO plugin v27.4 - https:\/\/yoast.com\/product\/yoast-seo-wordpress\/ -->\n<title>Solteros Day -<\/title>\n<meta name=\"robots\" content=\"index, follow, max-snippet:-1, max-image-preview:large, max-video-preview:-1\" \/>\n<link rel=\"canonical\" href=\"https:\/\/lalaboralaula.es\/MP242526\/index.php\/producto\/solteros-day\/\" \/>\n<meta property=\"og:locale\" content=\"es_ES\" \/>\n<meta property=\"og:type\" content=\"article\" \/>\n<meta property=\"og:title\" content=\"Solteros Day -\" \/>\n<meta property=\"og:description\" content=\"Pack Solteros Day \u2013 Aura Essentials Celebra tu autenticidad con el Pack Singles\u2019 Day de Aura EssentialsUn conjunto pensado para quienes se mantienen fieles a s\u00ed mismos y disfrutan de la comodidad con estilo. Este pack incluye:\ud83d\udc55 Sudadera\u00a0De color gris oscuro, con estampado de estrellas en tonos azules\u00a0Confeccionada en algod\u00f3n suave, ofrece un ajuste relajado ideal para el d\u00eda a d\u00eda. \ud83d\udc56 Jeans wide leg denim claroDe corte recto y tiro alto. Su tono azul lavado combina a la perfecci\u00f3n con la sudadera, creando un look fresco y mode\" \/>\n<meta property=\"og:url\" content=\"https:\/\/lalaboralaula.es\/MP242526\/index.php\/producto\/solteros-day\/\" \/>\n<meta property=\"article:modified_time\" content=\"2025-11-18T14:39:52+00:00\" \/>\n<meta property=\"og:image\" content=\"https:\/\/lalaboralaula.es\/MP242526\/wp-content\/uploads\/2025\/11\/Captura-de-pantalla-2025-11-06-203326-2.png\" \/>\n\t<meta property=\"og:image:width\" content=\"417\" \/>\n\t<meta property=\"og:image:height\" content=\"473\" \/>\n\t<meta property=\"og:image:type\" content=\"image\/png\" \/>\n<meta name=\"twitter:card\" content=\"summary_large_image\" \/>\n<meta name=\"twitter:label1\" content=\"Tiempo de lectura\" \/>\n\t<meta name=\"twitter:data1\" content=\"1 minuto\" \/>\n<script type=\"application\/ld+json\" class=\"yoast-schema-graph\">{\"@context\":\"https:\\\/\\\/schema.org\",\"@graph\":[{\"@type\":\"WebPage\",\"@id\":\"https:\\\/\\\/lalaboralaula.es\\\/MP242526\\\/index.php\\\/producto\\\/solteros-day\\\/\",\"url\":\"https:\\\/\\\/lalaboralaula.es\\\/MP242526\\\/index.php\\\/producto\\\/solteros-day\\\/\",\"name\":\"Solteros Day -\",\"isPartOf\":{\"@id\":\"https:\\\/\\\/lalaboralaula.es\\\/MP242526\\\/#website\"},\"primaryImageOfPage\":{\"@id\":\"https:\\\/\\\/lalaboralaula.es\\\/MP242526\\\/index.php\\\/producto\\\/solteros-day\\\/#primaryimage\"},\"image\":{\"@id\":\"https:\\\/\\\/lalaboralaula.es\\\/MP242526\\\/index.php\\\/producto\\\/solteros-day\\\/#primaryimage\"},\"thumbnailUrl\":\"https:\\\/\\\/lalaboralaula.es\\\/MP242526\\\/wp-content\\\/uploads\\\/2025\\\/11\\\/Captura-de-pantalla-2025-11-06-203326-2.png\",\"datePublished\":\"2025-11-06T19:39:54+00:00\",\"dateModified\":\"2025-11-18T14:39:52+00:00\",\"breadcrumb\":{\"@id\":\"https:\\\/\\\/lalaboralaula.es\\\/MP242526\\\/index.php\\\/producto\\\/solteros-day\\\/#breadcrumb\"},\"inLanguage\":\"es\",\"potentialAction\":[{\"@type\":\"ReadAction\",\"target\":[\"https:\\\/\\\/lalaboralaula.es\\\/MP242526\\\/index.php\\\/producto\\\/solteros-day\\\/\"]}]},{\"@type\":\"ImageObject\",\"inLanguage\":\"es\",\"@id\":\"https:\\\/\\\/lalaboralaula.es\\\/MP242526\\\/index.php\\\/producto\\\/solteros-day\\\/#primaryimage\",\"url\":\"https:\\\/\\\/lalaboralaula.es\\\/MP242526\\\/wp-content\\\/uploads\\\/2025\\\/11\\\/Captura-de-pantalla-2025-11-06-203326-2.png\",\"contentUrl\":\"https:\\\/\\\/lalaboralaula.es\\\/MP242526\\\/wp-content\\\/uploads\\\/2025\\\/11\\\/Captura-de-pantalla-2025-11-06-203326-2.png\",\"width\":417,\"height\":473},{\"@type\":\"BreadcrumbList\",\"@id\":\"https:\\\/\\\/lalaboralaula.es\\\/MP242526\\\/index.php\\\/producto\\\/solteros-day\\\/#breadcrumb\",\"itemListElement\":[{\"@type\":\"ListItem\",\"position\":1,\"name\":\"Portada\",\"item\":\"https:\\\/\\\/lalaboralaula.es\\\/MP242526\\\/\"},{\"@type\":\"ListItem\",\"position\":2,\"name\":\"Tienda\",\"item\":\"https:\\\/\\\/lalaboralaula.es\\\/MP242526\\\/index.php\\\/tienda\\\/\"},{\"@type\":\"ListItem\",\"position\":3,\"name\":\"Solteros Day\"}]},{\"@type\":\"WebSite\",\"@id\":\"https:\\\/\\\/lalaboralaula.es\\\/MP242526\\\/#website\",\"url\":\"https:\\\/\\\/lalaboralaula.es\\\/MP242526\\\/\",\"name\":\"Aura Essentials\",\"description\":\"\",\"potentialAction\":[{\"@type\":\"SearchAction\",\"target\":{\"@type\":\"EntryPoint\",\"urlTemplate\":\"https:\\\/\\\/lalaboralaula.es\\\/MP242526\\\/?s={search_term_string}\"},\"query-input\":{\"@type\":\"PropertyValueSpecification\",\"valueRequired\":true,\"valueName\":\"search_term_string\"}}],\"inLanguage\":\"es\"}]}<\/script>\n<!-- \/ Yoast SEO plugin. -->","yoast_head_json":{"title":"Solteros Day -","robots":{"index":"index","follow":"follow","max-snippet":"max-snippet:-1","max-image-preview":"max-image-preview:large","max-video-preview":"max-video-preview:-1"},"canonical":"https:\/\/lalaboralaula.es\/MP242526\/index.php\/producto\/solteros-day\/","og_locale":"es_ES","og_type":"article","og_title":"Solteros Day -","og_description":"Pack Solteros Day \u2013 Aura Essentials Celebra tu autenticidad con el Pack Singles\u2019 Day de Aura EssentialsUn conjunto pensado para quienes se mantienen fieles a s\u00ed mismos y disfrutan de la comodidad con estilo. Este pack incluye:\ud83d\udc55 Sudadera\u00a0De color gris oscuro, con estampado de estrellas en tonos azules\u00a0Confeccionada en algod\u00f3n suave, ofrece un ajuste relajado ideal para el d\u00eda a d\u00eda. \ud83d\udc56 Jeans wide leg denim claroDe corte recto y tiro alto. Su tono azul lavado combina a la perfecci\u00f3n con la sudadera, creando un look fresco y mode","og_url":"https:\/\/lalaboralaula.es\/MP242526\/index.php\/producto\/solteros-day\/","article_modified_time":"2025-11-18T14:39:52+00:00","og_image":[{"width":417,"height":473,"url":"https:\/\/lalaboralaula.es\/MP242526\/wp-content\/uploads\/2025\/11\/Captura-de-pantalla-2025-11-06-203326-2.png","type":"image\/png"}],"twitter_card":"summary_large_image","twitter_misc":{"Tiempo de lectura":"1 minuto"},"schema":{"@context":"https:\/\/schema.org","@graph":[{"@type":"WebPage","@id":"https:\/\/lalaboralaula.es\/MP242526\/index.php\/producto\/solteros-day\/","url":"https:\/\/lalaboralaula.es\/MP242526\/index.php\/producto\/solteros-day\/","name":"Solteros Day -","isPartOf":{"@id":"https:\/\/lalaboralaula.es\/MP242526\/#website"},"primaryImageOfPage":{"@id":"https:\/\/lalaboralaula.es\/MP242526\/index.php\/producto\/solteros-day\/#primaryimage"},"image":{"@id":"https:\/\/lalaboralaula.es\/MP242526\/index.php\/producto\/solteros-day\/#primaryimage"},"thumbnailUrl":"https:\/\/lalaboralaula.es\/MP242526\/wp-content\/uploads\/2025\/11\/Captura-de-pantalla-2025-11-06-203326-2.png","datePublished":"2025-11-06T19:39:54+00:00","dateModified":"2025-11-18T14:39:52+00:00","breadcrumb":{"@id":"https:\/\/lalaboralaula.es\/MP242526\/index.php\/producto\/solteros-day\/#breadcrumb"},"inLanguage":"es","potentialAction":[{"@type":"ReadAction","target":["https:\/\/lalaboralaula.es\/MP242526\/index.php\/producto\/solteros-day\/"]}]},{"@type":"ImageObject","inLanguage":"es","@id":"https:\/\/lalaboralaula.es\/MP242526\/index.php\/producto\/solteros-day\/#primaryimage","url":"https:\/\/lalaboralaula.es\/MP242526\/wp-content\/uploads\/2025\/11\/Captura-de-pantalla-2025-11-06-203326-2.png","contentUrl":"https:\/\/lalaboralaula.es\/MP242526\/wp-content\/uploads\/2025\/11\/Captura-de-pantalla-2025-11-06-203326-2.png","width":417,"height":473},{"@type":"BreadcrumbList","@id":"https:\/\/lalaboralaula.es\/MP242526\/index.php\/producto\/solteros-day\/#breadcrumb","itemListElement":[{"@type":"ListItem","position":1,"name":"Portada","item":"https:\/\/lalaboralaula.es\/MP242526\/"},{"@type":"ListItem","position":2,"name":"Tienda","item":"https:\/\/lalaboralaula.es\/MP242526\/index.php\/tienda\/"},{"@type":"ListItem","position":3,"name":"Solteros Day"}]},{"@type":"WebSite","@id":"https:\/\/lalaboralaula.es\/MP242526\/#website","url":"https:\/\/lalaboralaula.es\/MP242526\/","name":"Aura Essentials","description":"","potentialAction":[{"@type":"SearchAction","target":{"@type":"EntryPoint","urlTemplate":"https:\/\/lalaboralaula.es\/MP242526\/?s={search_term_string}"},"query-input":{"@type":"PropertyValueSpecification","valueRequired":true,"valueName":"search_term_string"}}],"inLanguage":"es"}]}},"_links":{"self":[{"href":"https:\/\/lalaboralaula.es\/MP242526\/index.php\/wp-json\/wp\/v2\/product\/248","targetHints":{"allow":["GET"]}}],"collection":[{"href":"https:\/\/lalaboralaula.es\/MP242526\/index.php\/wp-json\/wp\/v2\/product"}],"about":[{"href":"https:\/\/lalaboralaula.es\/MP242526\/index.php\/wp-json\/wp\/v2\/types\/product"}],"replies":[{"embeddable":true,"href":"https:\/\/lalaboralaula.es\/MP242526\/index.php\/wp-json\/wp\/v2\/comments?post=248"}],"wp:featuredmedia":[{"embeddable":true,"href":"https:\/\/lalaboralaula.es\/MP242526\/index.php\/wp-json\/wp\/v2\/media\/261"}],"wp:attachment":[{"href":"https:\/\/lalaboralaula.es\/MP242526\/index.php\/wp-json\/wp\/v2\/media?parent=248"}],"wp:term":[{"taxonomy":"product_brand","embeddable":true,"href":"https:\/\/lalaboralaula.es\/MP242526\/index.php\/wp-json\/wp\/v2\/product_brand?post=248"},{"taxonomy":"product_cat","embeddable":true,"href":"https:\/\/lalaboralaula.es\/MP242526\/index.php\/wp-json\/wp\/v2\/product_cat?post=248"},{"taxonomy":"product_tag","embeddable":true,"href":"https:\/\/lalaboralaula.es\/MP242526\/index.php\/wp-json\/wp\/v2\/product_tag?post=248"}],"curies":[{"name":"wp","href":"https:\/\/api.w.org\/{rel}","templated":true}]}}