{"id":202,"date":"2025-10-30T20:03:26","date_gmt":"2025-10-30T19:03:26","guid":{"rendered":"https:\/\/lalaboralaula.es\/MP242526\/?post_type=product&#038;p=202"},"modified":"2025-10-30T20:03:26","modified_gmt":"2025-10-30T19:03:26","slug":"sudadera-essential-crew","status":"publish","type":"product","link":"https:\/\/lalaboralaula.es\/MP242526\/index.php\/producto\/sudadera-essential-crew\/","title":{"rendered":"Sudadera Essential Crew"},"content":{"rendered":"<p>Descubre nuestra sudadera b\u00e1sica de algod\u00f3n org\u00e1nico, dise\u00f1ada para ofrecer comodidad y estilo en tu d\u00eda a d\u00eda. Su corte recto y cuello redondo aporta un look limpio y atemporal, mientras que su tacto suave y peso medio la hacen perfecta para cualquier estaci\u00f3n.<br data-start=\"418\" data-end=\"421\" \/>Vers\u00e1til y f\u00e1cil de combinar, es ideal para crear outfits casuales con jeans, faldas o pantalones amplios, aportando un toque moderno y relajado a tu estilo. Un b\u00e1sico que se convertir\u00e1 en tu favorito de la temporada.<\/p>\n<p data-start=\"188\" data-end=\"744\">Ideal para quienes buscan un estilo casual, se convierte en tu aliado tanto en d\u00edas relajados en casa como en salidas casuales. Una prenda que eleva tu look con facilidad y se adapta a cualquier ocasi\u00f3n, haciendo que cada combinaci\u00f3n se sienta especial.<\/p>\n<p data-start=\"746\" data-end=\"767\">\n","protected":false},"excerpt":{"rendered":"<p>B\u00e1sico imprescindible de tu armario: sudadera de corte recto, tejido suave y dise\u00f1o atemporal, perfecta para looks casuales y modernos.<\/p>\n","protected":false},"featured_media":203,"comment_status":"open","ping_status":"closed","template":"","meta":[],"product_brand":[],"product_cat":[19,18],"product_tag":[20,22,21],"class_list":{"0":"post-202","1":"product","2":"type-product","3":"status-publish","4":"has-post-thumbnail","6":"product_cat-hoodies","7":"product_cat-sudaderas","8":"product_tag-sudadera","9":"product_tag-sudadera-algodon","10":"product_tag-sudadera-estrellas","12":"first","13":"instock","14":"shipping-taxable","15":"purchasable","16":"product-type-simple"},"yoast_head":"<!-- This site is optimized with the Yoast SEO plugin v27.4 - https:\/\/yoast.com\/product\/yoast-seo-wordpress\/ -->\n<title>Sudadera Essential Crew -<\/title>\n<meta name=\"description\" content=\"\u201cSudadera b\u00e1sica de algod\u00f3n org\u00e1nico. C\u00f3moda, minimalista y vers\u00e1til, perfecta para looks casuales y modernos. Tu b\u00e1sico imprescindible de temporada.\" \/>\n<meta name=\"robots\" content=\"index, follow, max-snippet:-1, max-image-preview:large, max-video-preview:-1\" \/>\n<link rel=\"canonical\" href=\"https:\/\/lalaboralaula.es\/MP242526\/index.php\/producto\/sudadera-essential-crew\/\" \/>\n<meta property=\"og:locale\" content=\"es_ES\" \/>\n<meta property=\"og:type\" content=\"article\" \/>\n<meta property=\"og:title\" content=\"Sudadera Essential Crew -\" \/>\n<meta property=\"og:description\" content=\"\u201cSudadera b\u00e1sica de algod\u00f3n org\u00e1nico. C\u00f3moda, minimalista y vers\u00e1til, perfecta para looks casuales y modernos. Tu b\u00e1sico imprescindible de temporada.\" \/>\n<meta property=\"og:url\" content=\"https:\/\/lalaboralaula.es\/MP242526\/index.php\/producto\/sudadera-essential-crew\/\" \/>\n<meta property=\"og:image\" content=\"https:\/\/lalaboralaula.es\/MP242526\/wp-content\/uploads\/2025\/10\/sudadera-estrellas.webp\" \/>\n\t<meta property=\"og:image:width\" content=\"1004\" \/>\n\t<meta property=\"og:image:height\" content=\"1400\" \/>\n\t<meta property=\"og:image:type\" content=\"image\/webp\" \/>\n<meta name=\"twitter:card\" content=\"summary_large_image\" \/>\n<meta name=\"twitter:label1\" content=\"Tiempo de lectura\" \/>\n\t<meta name=\"twitter:data1\" content=\"1 minuto\" \/>\n<script type=\"application\/ld+json\" class=\"yoast-schema-graph\">{\"@context\":\"https:\\\/\\\/schema.org\",\"@graph\":[{\"@type\":\"WebPage\",\"@id\":\"https:\\\/\\\/lalaboralaula.es\\\/MP242526\\\/index.php\\\/producto\\\/sudadera-essential-crew\\\/\",\"url\":\"https:\\\/\\\/lalaboralaula.es\\\/MP242526\\\/index.php\\\/producto\\\/sudadera-essential-crew\\\/\",\"name\":\"Sudadera Essential Crew -\",\"isPartOf\":{\"@id\":\"https:\\\/\\\/lalaboralaula.es\\\/MP242526\\\/#website\"},\"primaryImageOfPage\":{\"@id\":\"https:\\\/\\\/lalaboralaula.es\\\/MP242526\\\/index.php\\\/producto\\\/sudadera-essential-crew\\\/#primaryimage\"},\"image\":{\"@id\":\"https:\\\/\\\/lalaboralaula.es\\\/MP242526\\\/index.php\\\/producto\\\/sudadera-essential-crew\\\/#primaryimage\"},\"thumbnailUrl\":\"https:\\\/\\\/lalaboralaula.es\\\/MP242526\\\/wp-content\\\/uploads\\\/2025\\\/10\\\/sudadera-estrellas.webp\",\"datePublished\":\"2025-10-30T19:03:26+00:00\",\"description\":\"\u201cSudadera b\u00e1sica de algod\u00f3n org\u00e1nico. C\u00f3moda, minimalista y vers\u00e1til, perfecta para looks casuales y modernos. Tu b\u00e1sico imprescindible de temporada.\",\"breadcrumb\":{\"@id\":\"https:\\\/\\\/lalaboralaula.es\\\/MP242526\\\/index.php\\\/producto\\\/sudadera-essential-crew\\\/#breadcrumb\"},\"inLanguage\":\"es\",\"potentialAction\":[{\"@type\":\"ReadAction\",\"target\":[\"https:\\\/\\\/lalaboralaula.es\\\/MP242526\\\/index.php\\\/producto\\\/sudadera-essential-crew\\\/\"]}]},{\"@type\":\"ImageObject\",\"inLanguage\":\"es\",\"@id\":\"https:\\\/\\\/lalaboralaula.es\\\/MP242526\\\/index.php\\\/producto\\\/sudadera-essential-crew\\\/#primaryimage\",\"url\":\"https:\\\/\\\/lalaboralaula.es\\\/MP242526\\\/wp-content\\\/uploads\\\/2025\\\/10\\\/sudadera-estrellas.webp\",\"contentUrl\":\"https:\\\/\\\/lalaboralaula.es\\\/MP242526\\\/wp-content\\\/uploads\\\/2025\\\/10\\\/sudadera-estrellas.webp\",\"width\":1004,\"height\":1400,\"caption\":\"Sudadera Mujer Aura Essentials\"},{\"@type\":\"BreadcrumbList\",\"@id\":\"https:\\\/\\\/lalaboralaula.es\\\/MP242526\\\/index.php\\\/producto\\\/sudadera-essential-crew\\\/#breadcrumb\",\"itemListElement\":[{\"@type\":\"ListItem\",\"position\":1,\"name\":\"Portada\",\"item\":\"https:\\\/\\\/lalaboralaula.es\\\/MP242526\\\/\"},{\"@type\":\"ListItem\",\"position\":2,\"name\":\"Tienda\",\"item\":\"https:\\\/\\\/lalaboralaula.es\\\/MP242526\\\/index.php\\\/tienda\\\/\"},{\"@type\":\"ListItem\",\"position\":3,\"name\":\"Sudadera Essential Crew\"}]},{\"@type\":\"WebSite\",\"@id\":\"https:\\\/\\\/lalaboralaula.es\\\/MP242526\\\/#website\",\"url\":\"https:\\\/\\\/lalaboralaula.es\\\/MP242526\\\/\",\"name\":\"Aura Essentials\",\"description\":\"\",\"potentialAction\":[{\"@type\":\"SearchAction\",\"target\":{\"@type\":\"EntryPoint\",\"urlTemplate\":\"https:\\\/\\\/lalaboralaula.es\\\/MP242526\\\/?s={search_term_string}\"},\"query-input\":{\"@type\":\"PropertyValueSpecification\",\"valueRequired\":true,\"valueName\":\"search_term_string\"}}],\"inLanguage\":\"es\"}]}<\/script>\n<!-- \/ Yoast SEO plugin. -->","yoast_head_json":{"title":"Sudadera Essential Crew -","description":"\u201cSudadera b\u00e1sica de algod\u00f3n org\u00e1nico. C\u00f3moda, minimalista y vers\u00e1til, perfecta para looks casuales y modernos. Tu b\u00e1sico imprescindible de temporada.","robots":{"index":"index","follow":"follow","max-snippet":"max-snippet:-1","max-image-preview":"max-image-preview:large","max-video-preview":"max-video-preview:-1"},"canonical":"https:\/\/lalaboralaula.es\/MP242526\/index.php\/producto\/sudadera-essential-crew\/","og_locale":"es_ES","og_type":"article","og_title":"Sudadera Essential Crew -","og_description":"\u201cSudadera b\u00e1sica de algod\u00f3n org\u00e1nico. C\u00f3moda, minimalista y vers\u00e1til, perfecta para looks casuales y modernos. Tu b\u00e1sico imprescindible de temporada.","og_url":"https:\/\/lalaboralaula.es\/MP242526\/index.php\/producto\/sudadera-essential-crew\/","og_image":[{"width":1004,"height":1400,"url":"https:\/\/lalaboralaula.es\/MP242526\/wp-content\/uploads\/2025\/10\/sudadera-estrellas.webp","type":"image\/webp"}],"twitter_card":"summary_large_image","twitter_misc":{"Tiempo de lectura":"1 minuto"},"schema":{"@context":"https:\/\/schema.org","@graph":[{"@type":"WebPage","@id":"https:\/\/lalaboralaula.es\/MP242526\/index.php\/producto\/sudadera-essential-crew\/","url":"https:\/\/lalaboralaula.es\/MP242526\/index.php\/producto\/sudadera-essential-crew\/","name":"Sudadera Essential Crew -","isPartOf":{"@id":"https:\/\/lalaboralaula.es\/MP242526\/#website"},"primaryImageOfPage":{"@id":"https:\/\/lalaboralaula.es\/MP242526\/index.php\/producto\/sudadera-essential-crew\/#primaryimage"},"image":{"@id":"https:\/\/lalaboralaula.es\/MP242526\/index.php\/producto\/sudadera-essential-crew\/#primaryimage"},"thumbnailUrl":"https:\/\/lalaboralaula.es\/MP242526\/wp-content\/uploads\/2025\/10\/sudadera-estrellas.webp","datePublished":"2025-10-30T19:03:26+00:00","description":"\u201cSudadera b\u00e1sica de algod\u00f3n org\u00e1nico. C\u00f3moda, minimalista y vers\u00e1til, perfecta para looks casuales y modernos. Tu b\u00e1sico imprescindible de temporada.","breadcrumb":{"@id":"https:\/\/lalaboralaula.es\/MP242526\/index.php\/producto\/sudadera-essential-crew\/#breadcrumb"},"inLanguage":"es","potentialAction":[{"@type":"ReadAction","target":["https:\/\/lalaboralaula.es\/MP242526\/index.php\/producto\/sudadera-essential-crew\/"]}]},{"@type":"ImageObject","inLanguage":"es","@id":"https:\/\/lalaboralaula.es\/MP242526\/index.php\/producto\/sudadera-essential-crew\/#primaryimage","url":"https:\/\/lalaboralaula.es\/MP242526\/wp-content\/uploads\/2025\/10\/sudadera-estrellas.webp","contentUrl":"https:\/\/lalaboralaula.es\/MP242526\/wp-content\/uploads\/2025\/10\/sudadera-estrellas.webp","width":1004,"height":1400,"caption":"Sudadera Mujer Aura Essentials"},{"@type":"BreadcrumbList","@id":"https:\/\/lalaboralaula.es\/MP242526\/index.php\/producto\/sudadera-essential-crew\/#breadcrumb","itemListElement":[{"@type":"ListItem","position":1,"name":"Portada","item":"https:\/\/lalaboralaula.es\/MP242526\/"},{"@type":"ListItem","position":2,"name":"Tienda","item":"https:\/\/lalaboralaula.es\/MP242526\/index.php\/tienda\/"},{"@type":"ListItem","position":3,"name":"Sudadera Essential Crew"}]},{"@type":"WebSite","@id":"https:\/\/lalaboralaula.es\/MP242526\/#website","url":"https:\/\/lalaboralaula.es\/MP242526\/","name":"Aura Essentials","description":"","potentialAction":[{"@type":"SearchAction","target":{"@type":"EntryPoint","urlTemplate":"https:\/\/lalaboralaula.es\/MP242526\/?s={search_term_string}"},"query-input":{"@type":"PropertyValueSpecification","valueRequired":true,"valueName":"search_term_string"}}],"inLanguage":"es"}]}},"_links":{"self":[{"href":"https:\/\/lalaboralaula.es\/MP242526\/index.php\/wp-json\/wp\/v2\/product\/202","targetHints":{"allow":["GET"]}}],"collection":[{"href":"https:\/\/lalaboralaula.es\/MP242526\/index.php\/wp-json\/wp\/v2\/product"}],"about":[{"href":"https:\/\/lalaboralaula.es\/MP242526\/index.php\/wp-json\/wp\/v2\/types\/product"}],"replies":[{"embeddable":true,"href":"https:\/\/lalaboralaula.es\/MP242526\/index.php\/wp-json\/wp\/v2\/comments?post=202"}],"wp:featuredmedia":[{"embeddable":true,"href":"https:\/\/lalaboralaula.es\/MP242526\/index.php\/wp-json\/wp\/v2\/media\/203"}],"wp:attachment":[{"href":"https:\/\/lalaboralaula.es\/MP242526\/index.php\/wp-json\/wp\/v2\/media?parent=202"}],"wp:term":[{"taxonomy":"product_brand","embeddable":true,"href":"https:\/\/lalaboralaula.es\/MP242526\/index.php\/wp-json\/wp\/v2\/product_brand?post=202"},{"taxonomy":"product_cat","embeddable":true,"href":"https:\/\/lalaboralaula.es\/MP242526\/index.php\/wp-json\/wp\/v2\/product_cat?post=202"},{"taxonomy":"product_tag","embeddable":true,"href":"https:\/\/lalaboralaula.es\/MP242526\/index.php\/wp-json\/wp\/v2\/product_tag?post=202"}],"curies":[{"name":"wp","href":"https:\/\/api.w.org\/{rel}","templated":true}]}}