{"id":28,"date":"2025-10-23T19:25:10","date_gmt":"2025-10-23T17:25:10","guid":{"rendered":"https:\/\/lalaboralaula.es\/MP242526\/?page_id=28"},"modified":"2025-10-23T19:25:10","modified_gmt":"2025-10-23T17:25:10","slug":"sobre-nosotros","status":"publish","type":"page","link":"https:\/\/lalaboralaula.es\/MP242526\/index.php\/sobre-nosotros\/","title":{"rendered":"Sobre Nosotros"},"content":{"rendered":"\n<p><\/p>\n\n\n\n<p><strong>Misi\u00f3n<\/strong>&#8211; Ofrecer productos modernos, accesibles y con estilo, que inspiren confianza y hagan sentir a cada persona c\u00f3moda, atractiva y aut\u00e9ntica, a trav\u00e9s de un dise\u00f1o funcional&nbsp;&nbsp;<\/p>\n\n\n\n<p><strong>Visi\u00f3n<\/strong><strong> <\/strong>&#8211; ser reconocida como una tienda de referencia en moda femenina, destacando por nuestra variedad&nbsp;<\/p>\n\n\n\n<p><strong>Valores<\/strong><strong> <\/strong>&#8211; Accesibles y ofrecer propuestas que combinen comodidad y practicidad para la vida diaria.&nbsp;<\/p>\n\n\n\n<div class=\"wp-block-columns alignwide are-vertically-aligned-top is-layout-flex wp-container-core-columns-is-layout-08c01c1c wp-block-columns-is-layout-flex\">\n<div class=\"wp-block-column is-vertically-aligned-top is-layout-flow wp-block-column-is-layout-flow\">\n<div class=\"wp-block-group wp-container-content-231d8afb is-vertical is-content-justification-left is-nowrap is-layout-flex wp-container-core-group-is-layout-d439c89b wp-block-group-is-layout-flex\" style=\"margin-top:0;margin-bottom:0\">\n<figure class=\"wp-block-image size-full wp-container-content-0733e5d0\"><img decoding=\"async\" src=\"https:\/\/lalaboralaula.es\/MP242526\/wp-content\/uploads\/2025\/10\/thickbox_default_DK_108726_3090_0_1020253022616.avif\" alt=\"\" class=\"wp-image-29\"\/><\/figure>\n\n\n\n<div class=\"wp-block-group is-vertical is-nowrap is-layout-flex wp-container-core-group-is-layout-5280e479 wp-block-group-is-layout-flex\">\n<p class=\"has-medium-font-size\"><\/p>\n<\/div>\n<\/div>\n<\/div>\n\n\n\n<div class=\"wp-block-column is-vertically-aligned-top is-layout-flow wp-block-column-is-layout-flow\">\n<div class=\"wp-block-group wp-container-content-231d8afb is-vertical is-layout-flex wp-container-core-group-is-layout-05b43539 wp-block-group-is-layout-flex\" style=\"margin-top:0;margin-bottom:0\">\n<div class=\"wp-block-group is-vertical is-nowrap is-layout-flex wp-container-core-group-is-layout-5280e479 wp-block-group-is-layout-flex\">\n<p class=\"has-medium-font-size\"><\/p>\n<\/div>\n\n\n\n<figure class=\"wp-block-image size-full\" style=\"font-size:14px\"><img loading=\"lazy\" decoding=\"async\" width=\"1024\" height=\"1024\" src=\"https:\/\/lalaboralaula.es\/MP242526\/wp-content\/uploads\/2025\/10\/ChatGPT-Image-23-oct-2025-19_21_19.png\" alt=\"\" class=\"wp-image-31\" srcset=\"https:\/\/lalaboralaula.es\/MP242526\/wp-content\/uploads\/2025\/10\/ChatGPT-Image-23-oct-2025-19_21_19.png 1024w, https:\/\/lalaboralaula.es\/MP242526\/wp-content\/uploads\/2025\/10\/ChatGPT-Image-23-oct-2025-19_21_19-324x324.png 324w, https:\/\/lalaboralaula.es\/MP242526\/wp-content\/uploads\/2025\/10\/ChatGPT-Image-23-oct-2025-19_21_19-100x100.png 100w, https:\/\/lalaboralaula.es\/MP242526\/wp-content\/uploads\/2025\/10\/ChatGPT-Image-23-oct-2025-19_21_19-416x416.png 416w, https:\/\/lalaboralaula.es\/MP242526\/wp-content\/uploads\/2025\/10\/ChatGPT-Image-23-oct-2025-19_21_19-300x300.png 300w, https:\/\/lalaboralaula.es\/MP242526\/wp-content\/uploads\/2025\/10\/ChatGPT-Image-23-oct-2025-19_21_19-150x150.png 150w, https:\/\/lalaboralaula.es\/MP242526\/wp-content\/uploads\/2025\/10\/ChatGPT-Image-23-oct-2025-19_21_19-768x768.png 768w\" sizes=\"auto, (max-width: 1024px) 100vw, 1024px\" \/><\/figure>\n<\/div>\n<\/div>\n<\/div>\n","protected":false},"excerpt":{"rendered":"<p>Misi\u00f3n&#8211; Ofrecer productos modernos, accesibles y con estilo, que inspiren confianza y hagan sentir a cada persona c\u00f3moda, atractiva y aut\u00e9ntica, a trav\u00e9s de un dise\u00f1o funcional&nbsp;&nbsp; Visi\u00f3n &#8211; ser reconocida como una tienda de referencia en moda femenina, destacando por nuestra variedad&nbsp; Valores &#8211; Accesibles y ofrecer propuestas que combinen comodidad y practicidad para [&hellip;]<\/p>\n","protected":false},"author":1,"featured_media":0,"parent":0,"menu_order":0,"comment_status":"closed","ping_status":"closed","template":"template-fullwidth.php","meta":{"footnotes":""},"class_list":["post-28","page","type-page","status-publish","hentry"],"yoast_head":"<!-- This site is optimized with the Yoast SEO plugin v27.4 - https:\/\/yoast.com\/product\/yoast-seo-wordpress\/ -->\n<title>Sobre Nosotros -<\/title>\n<meta name=\"robots\" content=\"index, follow, max-snippet:-1, max-image-preview:large, max-video-preview:-1\" \/>\n<link rel=\"canonical\" href=\"https:\/\/lalaboralaula.es\/MP242526\/index.php\/sobre-nosotros\/\" \/>\n<meta property=\"og:locale\" content=\"es_ES\" \/>\n<meta property=\"og:type\" content=\"article\" \/>\n<meta property=\"og:title\" content=\"Sobre Nosotros -\" \/>\n<meta property=\"og:description\" content=\"Misi\u00f3n&#8211; Ofrecer productos modernos, accesibles y con estilo, que inspiren confianza y hagan sentir a cada persona c\u00f3moda, atractiva y aut\u00e9ntica, a trav\u00e9s de un dise\u00f1o funcional&nbsp;&nbsp; Visi\u00f3n &#8211; ser reconocida como una tienda de referencia en moda femenina, destacando por nuestra variedad&nbsp; Valores &#8211; Accesibles y ofrecer propuestas que combinen comodidad y practicidad para [&hellip;]\" \/>\n<meta property=\"og:url\" content=\"https:\/\/lalaboralaula.es\/MP242526\/index.php\/sobre-nosotros\/\" \/>\n<meta name=\"twitter:card\" content=\"summary_large_image\" \/>\n<script type=\"application\/ld+json\" class=\"yoast-schema-graph\">{\"@context\":\"https:\\\/\\\/schema.org\",\"@graph\":[{\"@type\":\"WebPage\",\"@id\":\"https:\\\/\\\/lalaboralaula.es\\\/MP242526\\\/index.php\\\/sobre-nosotros\\\/\",\"url\":\"https:\\\/\\\/lalaboralaula.es\\\/MP242526\\\/index.php\\\/sobre-nosotros\\\/\",\"name\":\"Sobre Nosotros -\",\"isPartOf\":{\"@id\":\"https:\\\/\\\/lalaboralaula.es\\\/MP242526\\\/#website\"},\"primaryImageOfPage\":{\"@id\":\"https:\\\/\\\/lalaboralaula.es\\\/MP242526\\\/index.php\\\/sobre-nosotros\\\/#primaryimage\"},\"image\":{\"@id\":\"https:\\\/\\\/lalaboralaula.es\\\/MP242526\\\/index.php\\\/sobre-nosotros\\\/#primaryimage\"},\"thumbnailUrl\":\"https:\\\/\\\/lalaboralaula.es\\\/MP242526\\\/wp-content\\\/uploads\\\/2025\\\/10\\\/thickbox_default_DK_108726_3090_0_1020253022616.avif\",\"datePublished\":\"2025-10-23T17:25:10+00:00\",\"breadcrumb\":{\"@id\":\"https:\\\/\\\/lalaboralaula.es\\\/MP242526\\\/index.php\\\/sobre-nosotros\\\/#breadcrumb\"},\"inLanguage\":\"es\",\"potentialAction\":[{\"@type\":\"ReadAction\",\"target\":[\"https:\\\/\\\/lalaboralaula.es\\\/MP242526\\\/index.php\\\/sobre-nosotros\\\/\"]}]},{\"@type\":\"ImageObject\",\"inLanguage\":\"es\",\"@id\":\"https:\\\/\\\/lalaboralaula.es\\\/MP242526\\\/index.php\\\/sobre-nosotros\\\/#primaryimage\",\"url\":\"https:\\\/\\\/lalaboralaula.es\\\/MP242526\\\/wp-content\\\/uploads\\\/2025\\\/10\\\/thickbox_default_DK_108726_3090_0_1020253022616.avif\",\"contentUrl\":\"https:\\\/\\\/lalaboralaula.es\\\/MP242526\\\/wp-content\\\/uploads\\\/2025\\\/10\\\/thickbox_default_DK_108726_3090_0_1020253022616.avif\"},{\"@type\":\"BreadcrumbList\",\"@id\":\"https:\\\/\\\/lalaboralaula.es\\\/MP242526\\\/index.php\\\/sobre-nosotros\\\/#breadcrumb\",\"itemListElement\":[{\"@type\":\"ListItem\",\"position\":1,\"name\":\"Portada\",\"item\":\"https:\\\/\\\/lalaboralaula.es\\\/MP242526\\\/\"},{\"@type\":\"ListItem\",\"position\":2,\"name\":\"Sobre Nosotros\"}]},{\"@type\":\"WebSite\",\"@id\":\"https:\\\/\\\/lalaboralaula.es\\\/MP242526\\\/#website\",\"url\":\"https:\\\/\\\/lalaboralaula.es\\\/MP242526\\\/\",\"name\":\"Aura Essentials\",\"description\":\"\",\"potentialAction\":[{\"@type\":\"SearchAction\",\"target\":{\"@type\":\"EntryPoint\",\"urlTemplate\":\"https:\\\/\\\/lalaboralaula.es\\\/MP242526\\\/?s={search_term_string}\"},\"query-input\":{\"@type\":\"PropertyValueSpecification\",\"valueRequired\":true,\"valueName\":\"search_term_string\"}}],\"inLanguage\":\"es\"}]}<\/script>\n<!-- \/ Yoast SEO plugin. -->","yoast_head_json":{"title":"Sobre Nosotros -","robots":{"index":"index","follow":"follow","max-snippet":"max-snippet:-1","max-image-preview":"max-image-preview:large","max-video-preview":"max-video-preview:-1"},"canonical":"https:\/\/lalaboralaula.es\/MP242526\/index.php\/sobre-nosotros\/","og_locale":"es_ES","og_type":"article","og_title":"Sobre Nosotros -","og_description":"Misi\u00f3n&#8211; Ofrecer productos modernos, accesibles y con estilo, que inspiren confianza y hagan sentir a cada persona c\u00f3moda, atractiva y aut\u00e9ntica, a trav\u00e9s de un dise\u00f1o funcional&nbsp;&nbsp; Visi\u00f3n &#8211; ser reconocida como una tienda de referencia en moda femenina, destacando por nuestra variedad&nbsp; Valores &#8211; Accesibles y ofrecer propuestas que combinen comodidad y practicidad para [&hellip;]","og_url":"https:\/\/lalaboralaula.es\/MP242526\/index.php\/sobre-nosotros\/","twitter_card":"summary_large_image","schema":{"@context":"https:\/\/schema.org","@graph":[{"@type":"WebPage","@id":"https:\/\/lalaboralaula.es\/MP242526\/index.php\/sobre-nosotros\/","url":"https:\/\/lalaboralaula.es\/MP242526\/index.php\/sobre-nosotros\/","name":"Sobre Nosotros -","isPartOf":{"@id":"https:\/\/lalaboralaula.es\/MP242526\/#website"},"primaryImageOfPage":{"@id":"https:\/\/lalaboralaula.es\/MP242526\/index.php\/sobre-nosotros\/#primaryimage"},"image":{"@id":"https:\/\/lalaboralaula.es\/MP242526\/index.php\/sobre-nosotros\/#primaryimage"},"thumbnailUrl":"https:\/\/lalaboralaula.es\/MP242526\/wp-content\/uploads\/2025\/10\/thickbox_default_DK_108726_3090_0_1020253022616.avif","datePublished":"2025-10-23T17:25:10+00:00","breadcrumb":{"@id":"https:\/\/lalaboralaula.es\/MP242526\/index.php\/sobre-nosotros\/#breadcrumb"},"inLanguage":"es","potentialAction":[{"@type":"ReadAction","target":["https:\/\/lalaboralaula.es\/MP242526\/index.php\/sobre-nosotros\/"]}]},{"@type":"ImageObject","inLanguage":"es","@id":"https:\/\/lalaboralaula.es\/MP242526\/index.php\/sobre-nosotros\/#primaryimage","url":"https:\/\/lalaboralaula.es\/MP242526\/wp-content\/uploads\/2025\/10\/thickbox_default_DK_108726_3090_0_1020253022616.avif","contentUrl":"https:\/\/lalaboralaula.es\/MP242526\/wp-content\/uploads\/2025\/10\/thickbox_default_DK_108726_3090_0_1020253022616.avif"},{"@type":"BreadcrumbList","@id":"https:\/\/lalaboralaula.es\/MP242526\/index.php\/sobre-nosotros\/#breadcrumb","itemListElement":[{"@type":"ListItem","position":1,"name":"Portada","item":"https:\/\/lalaboralaula.es\/MP242526\/"},{"@type":"ListItem","position":2,"name":"Sobre Nosotros"}]},{"@type":"WebSite","@id":"https:\/\/lalaboralaula.es\/MP242526\/#website","url":"https:\/\/lalaboralaula.es\/MP242526\/","name":"Aura Essentials","description":"","potentialAction":[{"@type":"SearchAction","target":{"@type":"EntryPoint","urlTemplate":"https:\/\/lalaboralaula.es\/MP242526\/?s={search_term_string}"},"query-input":{"@type":"PropertyValueSpecification","valueRequired":true,"valueName":"search_term_string"}}],"inLanguage":"es"}]}},"_links":{"self":[{"href":"https:\/\/lalaboralaula.es\/MP242526\/index.php\/wp-json\/wp\/v2\/pages\/28","targetHints":{"allow":["GET"]}}],"collection":[{"href":"https:\/\/lalaboralaula.es\/MP242526\/index.php\/wp-json\/wp\/v2\/pages"}],"about":[{"href":"https:\/\/lalaboralaula.es\/MP242526\/index.php\/wp-json\/wp\/v2\/types\/page"}],"author":[{"embeddable":true,"href":"https:\/\/lalaboralaula.es\/MP242526\/index.php\/wp-json\/wp\/v2\/users\/1"}],"replies":[{"embeddable":true,"href":"https:\/\/lalaboralaula.es\/MP242526\/index.php\/wp-json\/wp\/v2\/comments?post=28"}],"version-history":[{"count":1,"href":"https:\/\/lalaboralaula.es\/MP242526\/index.php\/wp-json\/wp\/v2\/pages\/28\/revisions"}],"predecessor-version":[{"id":32,"href":"https:\/\/lalaboralaula.es\/MP242526\/index.php\/wp-json\/wp\/v2\/pages\/28\/revisions\/32"}],"wp:attachment":[{"href":"https:\/\/lalaboralaula.es\/MP242526\/index.php\/wp-json\/wp\/v2\/media?parent=28"}],"curies":[{"name":"wp","href":"https:\/\/api.w.org\/{rel}","templated":true}]}}