{"id":239,"date":"2025-11-20T19:12:04","date_gmt":"2025-11-20T19:12:04","guid":{"rendered":"https:\/\/lalaboralaula.es\/MP222526\/?post_type=product&#038;p=239"},"modified":"2025-11-20T19:12:04","modified_gmt":"2025-11-20T19:12:04","slug":"libro-trazos-del-alma-en-acuarela","status":"publish","type":"product","link":"https:\/\/lalaboralaula.es\/MP222526\/index.php\/producto\/libro-trazos-del-alma-en-acuarela\/","title":{"rendered":"Libro \u00abTrazos del alma en acuarela\u00bb"},"content":{"rendered":"<p>\u00abTrazos del Alma en Acuarela\u00bb es un diario en formato tapa dura pensado para acompa\u00f1ar tu proceso creativo diario. Con 234 p\u00e1ginas, cada jornada se inicia con una frase motivadora que te inspire a plasmar tu experiencia en acuarelas y bocetos, y finaliza con un espacio en blanco bordeado en dorado en dorado para que registres con total libertad lo que hayas dibujado o sentido ese d\u00eda. Va acompa\u00f1ado de un set de pegatinas y washi tape tem\u00e1ticas, dise\u00f1ado para atesorar recuerdos y decorar cada p\u00e1gina con un toque de acuerdo y dorado.<\/p>\n","protected":false},"excerpt":{"rendered":"<p>Diario ilustrado de 234 paginas en total, que incluye frases motivadoras para inspirar, dise\u00f1o cuidadoso con detalles met\u00e1licos y\u00a0 un reflejo ideal para todo artista que quiera expresar su verdadero arte.<\/p>\n","protected":false},"featured_media":243,"comment_status":"open","ping_status":"closed","template":"","meta":[],"product_brand":[],"product_cat":[34,32],"product_tag":[36,35,37],"class_list":{"0":"post-239","1":"product","2":"type-product","3":"status-publish","4":"has-post-thumbnail","6":"product_cat-bullet-journal-trazos-del-alma-en-acuarela","7":"product_cat-trazos-del-alma-en-acuarela","8":"product_tag-acuarela","9":"product_tag-bullet-journal","10":"product_tag-diario-creativo","12":"first","13":"instock","14":"taxable","15":"shipping-taxable","16":"purchasable","17":"product-type-simple"},"yoast_head":"<!-- This site is optimized with the Yoast SEO plugin v27.3 - https:\/\/yoast.com\/product\/yoast-seo-wordpress\/ -->\n<title>Libro &quot;Trazos del alma en acuarela&quot; - POMPOM<\/title>\n<meta name=\"description\" content=\"&quot;Trazos del Alma en Acuarela&quot; es un diario en formato tapa dura pensado para acompa\u00f1ar tu proceso creativo diario. Con 234 p\u00e1ginas, cada jornada se inicia con una frase motivadora que te inspire a plasmar tu experiencia en acuarelas y bocetos, y finaliza con un espacio en blanco bordeado en dorado en dorado para que registres con total libertad lo que hayas dibujado o sentido ese d\u00eda. Va acompa\u00f1ado de un set de pegatinas y washi tape tem\u00e1ticas, dise\u00f1ado para atesorar recuerdos y decorar cada p\u00e1gina con un toque de acuerdo y dorado.\" \/>\n<meta name=\"robots\" content=\"index, follow, max-snippet:-1, max-image-preview:large, max-video-preview:-1\" \/>\n<link rel=\"canonical\" href=\"https:\/\/lalaboralaula.es\/MP222526\/index.php\/producto\/libro-trazos-del-alma-en-acuarela\/\" \/>\n<meta property=\"og:locale\" content=\"es_ES\" \/>\n<meta property=\"og:type\" content=\"article\" \/>\n<meta property=\"og:title\" content=\"Libro &quot;Trazos del alma en acuarela&quot; - POMPOM\" \/>\n<meta property=\"og:description\" content=\"&quot;Trazos del Alma en Acuarela&quot; es un diario en formato tapa dura pensado para acompa\u00f1ar tu proceso creativo diario. Con 234 p\u00e1ginas, cada jornada se inicia con una frase motivadora que te inspire a plasmar tu experiencia en acuarelas y bocetos, y finaliza con un espacio en blanco bordeado en dorado en dorado para que registres con total libertad lo que hayas dibujado o sentido ese d\u00eda. Va acompa\u00f1ado de un set de pegatinas y washi tape tem\u00e1ticas, dise\u00f1ado para atesorar recuerdos y decorar cada p\u00e1gina con un toque de acuerdo y dorado.\" \/>\n<meta property=\"og:url\" content=\"https:\/\/lalaboralaula.es\/MP222526\/index.php\/producto\/libro-trazos-del-alma-en-acuarela\/\" \/>\n<meta property=\"og:site_name\" content=\"POMPOM\" \/>\n<meta property=\"og:image\" content=\"https:\/\/lalaboralaula.es\/MP222526\/wp-content\/uploads\/2025\/11\/672fe22e-e40b-41d1-af7a-fe0942aae8c6.jpg\" \/>\n\t<meta property=\"og:image:width\" content=\"802\" \/>\n\t<meta property=\"og:image:height\" content=\"802\" \/>\n\t<meta property=\"og:image:type\" content=\"image\/jpeg\" \/>\n<meta name=\"twitter:card\" content=\"summary_large_image\" \/>\n<meta name=\"twitter:label1\" content=\"Tiempo de lectura\" \/>\n\t<meta name=\"twitter:data1\" content=\"1 minuto\" \/>\n<script type=\"application\/ld+json\" class=\"yoast-schema-graph\">{\"@context\":\"https:\\\/\\\/schema.org\",\"@graph\":[{\"@type\":\"WebPage\",\"@id\":\"https:\\\/\\\/lalaboralaula.es\\\/MP222526\\\/index.php\\\/producto\\\/libro-trazos-del-alma-en-acuarela\\\/\",\"url\":\"https:\\\/\\\/lalaboralaula.es\\\/MP222526\\\/index.php\\\/producto\\\/libro-trazos-del-alma-en-acuarela\\\/\",\"name\":\"Libro \\\"Trazos del alma en acuarela\\\" - POMPOM\",\"isPartOf\":{\"@id\":\"https:\\\/\\\/lalaboralaula.es\\\/MP222526\\\/#website\"},\"primaryImageOfPage\":{\"@id\":\"https:\\\/\\\/lalaboralaula.es\\\/MP222526\\\/index.php\\\/producto\\\/libro-trazos-del-alma-en-acuarela\\\/#primaryimage\"},\"image\":{\"@id\":\"https:\\\/\\\/lalaboralaula.es\\\/MP222526\\\/index.php\\\/producto\\\/libro-trazos-del-alma-en-acuarela\\\/#primaryimage\"},\"thumbnailUrl\":\"https:\\\/\\\/lalaboralaula.es\\\/MP222526\\\/wp-content\\\/uploads\\\/2025\\\/11\\\/672fe22e-e40b-41d1-af7a-fe0942aae8c6.jpg\",\"datePublished\":\"2025-11-20T19:12:04+00:00\",\"description\":\"\\\"Trazos del Alma en Acuarela\\\" es un diario en formato tapa dura pensado para acompa\u00f1ar tu proceso creativo diario. Con 234 p\u00e1ginas, cada jornada se inicia con una frase motivadora que te inspire a plasmar tu experiencia en acuarelas y bocetos, y finaliza con un espacio en blanco bordeado en dorado en dorado para que registres con total libertad lo que hayas dibujado o sentido ese d\u00eda. Va acompa\u00f1ado de un set de pegatinas y washi tape tem\u00e1ticas, dise\u00f1ado para atesorar recuerdos y decorar cada p\u00e1gina con un toque de acuerdo y dorado.\",\"breadcrumb\":{\"@id\":\"https:\\\/\\\/lalaboralaula.es\\\/MP222526\\\/index.php\\\/producto\\\/libro-trazos-del-alma-en-acuarela\\\/#breadcrumb\"},\"inLanguage\":\"es\",\"potentialAction\":[{\"@type\":\"ReadAction\",\"target\":[\"https:\\\/\\\/lalaboralaula.es\\\/MP222526\\\/index.php\\\/producto\\\/libro-trazos-del-alma-en-acuarela\\\/\"]}]},{\"@type\":\"ImageObject\",\"inLanguage\":\"es\",\"@id\":\"https:\\\/\\\/lalaboralaula.es\\\/MP222526\\\/index.php\\\/producto\\\/libro-trazos-del-alma-en-acuarela\\\/#primaryimage\",\"url\":\"https:\\\/\\\/lalaboralaula.es\\\/MP222526\\\/wp-content\\\/uploads\\\/2025\\\/11\\\/672fe22e-e40b-41d1-af7a-fe0942aae8c6.jpg\",\"contentUrl\":\"https:\\\/\\\/lalaboralaula.es\\\/MP222526\\\/wp-content\\\/uploads\\\/2025\\\/11\\\/672fe22e-e40b-41d1-af7a-fe0942aae8c6.jpg\",\"width\":802,\"height\":802},{\"@type\":\"BreadcrumbList\",\"@id\":\"https:\\\/\\\/lalaboralaula.es\\\/MP222526\\\/index.php\\\/producto\\\/libro-trazos-del-alma-en-acuarela\\\/#breadcrumb\",\"itemListElement\":[{\"@type\":\"ListItem\",\"position\":1,\"name\":\"Portada\",\"item\":\"https:\\\/\\\/lalaboralaula.es\\\/MP222526\\\/\"},{\"@type\":\"ListItem\",\"position\":2,\"name\":\"Tienda\",\"item\":\"https:\\\/\\\/lalaboralaula.es\\\/MP222526\\\/index.php\\\/tienda\\\/\"},{\"@type\":\"ListItem\",\"position\":3,\"name\":\"Libro \u00abTrazos del alma en acuarela\u00bb\"}]},{\"@type\":\"WebSite\",\"@id\":\"https:\\\/\\\/lalaboralaula.es\\\/MP222526\\\/#website\",\"url\":\"https:\\\/\\\/lalaboralaula.es\\\/MP222526\\\/\",\"name\":\"POMPOM\",\"description\":\"POMPOM: marca de ropa ficticia para un trabajo educativo.\",\"publisher\":{\"@id\":\"https:\\\/\\\/lalaboralaula.es\\\/MP222526\\\/#organization\"},\"potentialAction\":[{\"@type\":\"SearchAction\",\"target\":{\"@type\":\"EntryPoint\",\"urlTemplate\":\"https:\\\/\\\/lalaboralaula.es\\\/MP222526\\\/?s={search_term_string}\"},\"query-input\":{\"@type\":\"PropertyValueSpecification\",\"valueRequired\":true,\"valueName\":\"search_term_string\"}}],\"inLanguage\":\"es\"},{\"@type\":\"Organization\",\"@id\":\"https:\\\/\\\/lalaboralaula.es\\\/MP222526\\\/#organization\",\"name\":\"POMPOM\",\"url\":\"https:\\\/\\\/lalaboralaula.es\\\/MP222526\\\/\",\"logo\":{\"@type\":\"ImageObject\",\"inLanguage\":\"es\",\"@id\":\"https:\\\/\\\/lalaboralaula.es\\\/MP222526\\\/#\\\/schema\\\/logo\\\/image\\\/\",\"url\":\"https:\\\/\\\/lalaboralaula.es\\\/MP222526\\\/wp-content\\\/uploads\\\/2025\\\/10\\\/cropped-cropped-Copia-de-Copia-de-POm-1-1.jpg\",\"contentUrl\":\"https:\\\/\\\/lalaboralaula.es\\\/MP222526\\\/wp-content\\\/uploads\\\/2025\\\/10\\\/cropped-cropped-Copia-de-Copia-de-POm-1-1.jpg\",\"width\":512,\"height\":512,\"caption\":\"POMPOM\"},\"image\":{\"@id\":\"https:\\\/\\\/lalaboralaula.es\\\/MP222526\\\/#\\\/schema\\\/logo\\\/image\\\/\"}}]}<\/script>\n<!-- \/ Yoast SEO plugin. -->","yoast_head_json":{"title":"Libro \"Trazos del alma en acuarela\" - POMPOM","description":"\"Trazos del Alma en Acuarela\" es un diario en formato tapa dura pensado para acompa\u00f1ar tu proceso creativo diario. Con 234 p\u00e1ginas, cada jornada se inicia con una frase motivadora que te inspire a plasmar tu experiencia en acuarelas y bocetos, y finaliza con un espacio en blanco bordeado en dorado en dorado para que registres con total libertad lo que hayas dibujado o sentido ese d\u00eda. Va acompa\u00f1ado de un set de pegatinas y washi tape tem\u00e1ticas, dise\u00f1ado para atesorar recuerdos y decorar cada p\u00e1gina con un toque de acuerdo y dorado.","robots":{"index":"index","follow":"follow","max-snippet":"max-snippet:-1","max-image-preview":"max-image-preview:large","max-video-preview":"max-video-preview:-1"},"canonical":"https:\/\/lalaboralaula.es\/MP222526\/index.php\/producto\/libro-trazos-del-alma-en-acuarela\/","og_locale":"es_ES","og_type":"article","og_title":"Libro \"Trazos del alma en acuarela\" - POMPOM","og_description":"\"Trazos del Alma en Acuarela\" es un diario en formato tapa dura pensado para acompa\u00f1ar tu proceso creativo diario. Con 234 p\u00e1ginas, cada jornada se inicia con una frase motivadora que te inspire a plasmar tu experiencia en acuarelas y bocetos, y finaliza con un espacio en blanco bordeado en dorado en dorado para que registres con total libertad lo que hayas dibujado o sentido ese d\u00eda. Va acompa\u00f1ado de un set de pegatinas y washi tape tem\u00e1ticas, dise\u00f1ado para atesorar recuerdos y decorar cada p\u00e1gina con un toque de acuerdo y dorado.","og_url":"https:\/\/lalaboralaula.es\/MP222526\/index.php\/producto\/libro-trazos-del-alma-en-acuarela\/","og_site_name":"POMPOM","og_image":[{"width":802,"height":802,"url":"https:\/\/lalaboralaula.es\/MP222526\/wp-content\/uploads\/2025\/11\/672fe22e-e40b-41d1-af7a-fe0942aae8c6.jpg","type":"image\/jpeg"}],"twitter_card":"summary_large_image","twitter_misc":{"Tiempo de lectura":"1 minuto"},"schema":{"@context":"https:\/\/schema.org","@graph":[{"@type":"WebPage","@id":"https:\/\/lalaboralaula.es\/MP222526\/index.php\/producto\/libro-trazos-del-alma-en-acuarela\/","url":"https:\/\/lalaboralaula.es\/MP222526\/index.php\/producto\/libro-trazos-del-alma-en-acuarela\/","name":"Libro \"Trazos del alma en acuarela\" - POMPOM","isPartOf":{"@id":"https:\/\/lalaboralaula.es\/MP222526\/#website"},"primaryImageOfPage":{"@id":"https:\/\/lalaboralaula.es\/MP222526\/index.php\/producto\/libro-trazos-del-alma-en-acuarela\/#primaryimage"},"image":{"@id":"https:\/\/lalaboralaula.es\/MP222526\/index.php\/producto\/libro-trazos-del-alma-en-acuarela\/#primaryimage"},"thumbnailUrl":"https:\/\/lalaboralaula.es\/MP222526\/wp-content\/uploads\/2025\/11\/672fe22e-e40b-41d1-af7a-fe0942aae8c6.jpg","datePublished":"2025-11-20T19:12:04+00:00","description":"\"Trazos del Alma en Acuarela\" es un diario en formato tapa dura pensado para acompa\u00f1ar tu proceso creativo diario. Con 234 p\u00e1ginas, cada jornada se inicia con una frase motivadora que te inspire a plasmar tu experiencia en acuarelas y bocetos, y finaliza con un espacio en blanco bordeado en dorado en dorado para que registres con total libertad lo que hayas dibujado o sentido ese d\u00eda. Va acompa\u00f1ado de un set de pegatinas y washi tape tem\u00e1ticas, dise\u00f1ado para atesorar recuerdos y decorar cada p\u00e1gina con un toque de acuerdo y dorado.","breadcrumb":{"@id":"https:\/\/lalaboralaula.es\/MP222526\/index.php\/producto\/libro-trazos-del-alma-en-acuarela\/#breadcrumb"},"inLanguage":"es","potentialAction":[{"@type":"ReadAction","target":["https:\/\/lalaboralaula.es\/MP222526\/index.php\/producto\/libro-trazos-del-alma-en-acuarela\/"]}]},{"@type":"ImageObject","inLanguage":"es","@id":"https:\/\/lalaboralaula.es\/MP222526\/index.php\/producto\/libro-trazos-del-alma-en-acuarela\/#primaryimage","url":"https:\/\/lalaboralaula.es\/MP222526\/wp-content\/uploads\/2025\/11\/672fe22e-e40b-41d1-af7a-fe0942aae8c6.jpg","contentUrl":"https:\/\/lalaboralaula.es\/MP222526\/wp-content\/uploads\/2025\/11\/672fe22e-e40b-41d1-af7a-fe0942aae8c6.jpg","width":802,"height":802},{"@type":"BreadcrumbList","@id":"https:\/\/lalaboralaula.es\/MP222526\/index.php\/producto\/libro-trazos-del-alma-en-acuarela\/#breadcrumb","itemListElement":[{"@type":"ListItem","position":1,"name":"Portada","item":"https:\/\/lalaboralaula.es\/MP222526\/"},{"@type":"ListItem","position":2,"name":"Tienda","item":"https:\/\/lalaboralaula.es\/MP222526\/index.php\/tienda\/"},{"@type":"ListItem","position":3,"name":"Libro \u00abTrazos del alma en acuarela\u00bb"}]},{"@type":"WebSite","@id":"https:\/\/lalaboralaula.es\/MP222526\/#website","url":"https:\/\/lalaboralaula.es\/MP222526\/","name":"POMPOM","description":"POMPOM: marca de ropa ficticia para un trabajo educativo.","publisher":{"@id":"https:\/\/lalaboralaula.es\/MP222526\/#organization"},"potentialAction":[{"@type":"SearchAction","target":{"@type":"EntryPoint","urlTemplate":"https:\/\/lalaboralaula.es\/MP222526\/?s={search_term_string}"},"query-input":{"@type":"PropertyValueSpecification","valueRequired":true,"valueName":"search_term_string"}}],"inLanguage":"es"},{"@type":"Organization","@id":"https:\/\/lalaboralaula.es\/MP222526\/#organization","name":"POMPOM","url":"https:\/\/lalaboralaula.es\/MP222526\/","logo":{"@type":"ImageObject","inLanguage":"es","@id":"https:\/\/lalaboralaula.es\/MP222526\/#\/schema\/logo\/image\/","url":"https:\/\/lalaboralaula.es\/MP222526\/wp-content\/uploads\/2025\/10\/cropped-cropped-Copia-de-Copia-de-POm-1-1.jpg","contentUrl":"https:\/\/lalaboralaula.es\/MP222526\/wp-content\/uploads\/2025\/10\/cropped-cropped-Copia-de-Copia-de-POm-1-1.jpg","width":512,"height":512,"caption":"POMPOM"},"image":{"@id":"https:\/\/lalaboralaula.es\/MP222526\/#\/schema\/logo\/image\/"}}]}},"_links":{"self":[{"href":"https:\/\/lalaboralaula.es\/MP222526\/index.php\/wp-json\/wp\/v2\/product\/239","targetHints":{"allow":["GET"]}}],"collection":[{"href":"https:\/\/lalaboralaula.es\/MP222526\/index.php\/wp-json\/wp\/v2\/product"}],"about":[{"href":"https:\/\/lalaboralaula.es\/MP222526\/index.php\/wp-json\/wp\/v2\/types\/product"}],"replies":[{"embeddable":true,"href":"https:\/\/lalaboralaula.es\/MP222526\/index.php\/wp-json\/wp\/v2\/comments?post=239"}],"wp:featuredmedia":[{"embeddable":true,"href":"https:\/\/lalaboralaula.es\/MP222526\/index.php\/wp-json\/wp\/v2\/media\/243"}],"wp:attachment":[{"href":"https:\/\/lalaboralaula.es\/MP222526\/index.php\/wp-json\/wp\/v2\/media?parent=239"}],"wp:term":[{"taxonomy":"product_brand","embeddable":true,"href":"https:\/\/lalaboralaula.es\/MP222526\/index.php\/wp-json\/wp\/v2\/product_brand?post=239"},{"taxonomy":"product_cat","embeddable":true,"href":"https:\/\/lalaboralaula.es\/MP222526\/index.php\/wp-json\/wp\/v2\/product_cat?post=239"},{"taxonomy":"product_tag","embeddable":true,"href":"https:\/\/lalaboralaula.es\/MP222526\/index.php\/wp-json\/wp\/v2\/product_tag?post=239"}],"curies":[{"name":"wp","href":"https:\/\/api.w.org\/{rel}","templated":true}]}}