{"id":225,"date":"2025-11-20T20:00:54","date_gmt":"2025-11-20T19:00:54","guid":{"rendered":"https:\/\/lalaboralaula.es\/MP202526\/?post_type=product&#038;p=225"},"modified":"2025-11-20T20:00:54","modified_gmt":"2025-11-20T19:00:54","slug":"trazos-del-alma-en-acuarela","status":"publish","type":"product","link":"https:\/\/lalaboralaula.es\/MP202526\/index.php\/producto\/trazos-del-alma-en-acuarela\/","title":{"rendered":"Trazos del alma en acuarela"},"content":{"rendered":"<p>Un diario ilustrado que combina inspiraci\u00f3n y espacio libre cada doble pagina:<\/p>\n<p>Frases motivadoras diarias que invitan a explorar y dar rienda suelta a tus emociones a trav\u00e9s de la pintura.<\/p>\n<p>234 paginas en total: en cada par de paginas, la parte izquierda contiene una frase breve y po\u00e9tica para el d\u00eda \/ por ejemplo: hoy deja que el color de tus sue\u00f1os pinte el lienzo de tu realidad), mientras que la parte derecha es un lienzo en blanco con un elegante borde metalico dorado, listo para tus bocetos, apuntes o acuarelas.<\/p>\n<p>dise\u00f1o editorial cuidado: portada y cubiertas interiores con suaves salpicaduras en acuarela, tipografia en relieve y detalles en dorado<\/p>\n<p>ideal para artistas, aficionados a la acuarela y cualquier persona que busque estrucutras su practica diaria de dibujo o lettering; reflexionado sobre como ha sido su jornada<\/p>\n","protected":false},"excerpt":{"rendered":"<p>Trazos del alma en acuarela es un volumen en tapa dura acompa\u00f1ado de un set de pegatinas y washi tape tem\u00e1ticas, dise\u00f1ado para atesorar recuerdos y decorar cada pagina con un toque de acuarela y dorado.<\/p>\n<p>\u00abTrazos del alma en acuarela \u00bb es un diario en formato tapa dura pensado para acompa\u00f1ar tu proceso creativo diario. con 234 paginas, cada jornada se inicia con una frase motivadora que te inspire a plasmar tu experiencia en acuarelas y bocetos, y finaliza con tu espacio en blanco bordeado en dorado para que registres con total libertad lo que hayas dibujado o sentido ese dia.<\/p>\n","protected":false},"featured_media":229,"comment_status":"open","ping_status":"closed","template":"","meta":[],"product_brand":[],"product_cat":[28,27],"product_tag":[30,29,31],"class_list":{"0":"post-225","1":"product","2":"type-product","3":"status-publish","4":"has-post-thumbnail","6":"product_cat-bullet-journal","7":"product_cat-trazos-del-alma-en-acuarela","8":"product_tag-acuarela","9":"product_tag-bullet-journal","10":"product_tag-diario-creativo","12":"first","13":"instock","14":"taxable","15":"shipping-taxable","16":"purchasable","17":"product-type-simple"},"yoast_head":"<!-- This site is optimized with the Yoast SEO plugin v27.3 - https:\/\/yoast.com\/product\/yoast-seo-wordpress\/ -->\n<title>Trazos del alma en acuarela - Drafturn Aerox<\/title>\n<meta name=\"robots\" content=\"index, follow, max-snippet:-1, max-image-preview:large, max-video-preview:-1\" \/>\n<link rel=\"canonical\" href=\"https:\/\/lalaboralaula.es\/MP202526\/index.php\/producto\/trazos-del-alma-en-acuarela\/\" \/>\n<meta property=\"og:locale\" content=\"es_ES\" \/>\n<meta property=\"og:type\" content=\"article\" \/>\n<meta property=\"og:title\" content=\"Trazos del alma en acuarela - Drafturn Aerox\" \/>\n<meta property=\"og:description\" content=\"Trazos del alma en acuarela es un volumen en tapa dura acompa\u00f1ado de un set de pegatinas y washi tape tem\u00e1ticas, dise\u00f1ado para atesorar recuerdos y decorar cada pagina con un toque de acuarela y dorado.  &quot;Trazos del alma en acuarela &quot; es un diario en formato tapa dura pensado para acompa\u00f1ar tu proceso creativo diario. con 234 paginas, cada jornada se inicia con una frase motivadora que te inspire a plasmar tu experiencia en acuarelas y bocetos, y finaliza con tu espacio en blanco bordeado en dorado para que registres con total libertad lo que hayas dibujado o sentido ese dia.\" \/>\n<meta property=\"og:url\" content=\"https:\/\/lalaboralaula.es\/MP202526\/index.php\/producto\/trazos-del-alma-en-acuarela\/\" \/>\n<meta property=\"og:site_name\" content=\"Drafturn Aerox\" \/>\n<meta property=\"og:image\" content=\"https:\/\/lalaboralaula.es\/MP202526\/wp-content\/uploads\/2025\/11\/Libros-trazos-del-alma-en-acuarela-y-pegatinas.jpg\" \/>\n\t<meta property=\"og:image:width\" content=\"940\" \/>\n\t<meta property=\"og:image:height\" content=\"940\" \/>\n\t<meta property=\"og:image:type\" content=\"image\/jpeg\" \/>\n<meta name=\"twitter:card\" content=\"summary_large_image\" \/>\n<meta name=\"twitter:label1\" content=\"Tiempo de lectura\" \/>\n\t<meta name=\"twitter:data1\" content=\"1 minuto\" \/>\n<script type=\"application\/ld+json\" class=\"yoast-schema-graph\">{\"@context\":\"https:\\\/\\\/schema.org\",\"@graph\":[{\"@type\":\"WebPage\",\"@id\":\"https:\\\/\\\/lalaboralaula.es\\\/MP202526\\\/index.php\\\/producto\\\/trazos-del-alma-en-acuarela\\\/\",\"url\":\"https:\\\/\\\/lalaboralaula.es\\\/MP202526\\\/index.php\\\/producto\\\/trazos-del-alma-en-acuarela\\\/\",\"name\":\"Trazos del alma en acuarela - Drafturn Aerox\",\"isPartOf\":{\"@id\":\"https:\\\/\\\/lalaboralaula.es\\\/MP202526\\\/#website\"},\"primaryImageOfPage\":{\"@id\":\"https:\\\/\\\/lalaboralaula.es\\\/MP202526\\\/index.php\\\/producto\\\/trazos-del-alma-en-acuarela\\\/#primaryimage\"},\"image\":{\"@id\":\"https:\\\/\\\/lalaboralaula.es\\\/MP202526\\\/index.php\\\/producto\\\/trazos-del-alma-en-acuarela\\\/#primaryimage\"},\"thumbnailUrl\":\"https:\\\/\\\/lalaboralaula.es\\\/MP202526\\\/wp-content\\\/uploads\\\/2025\\\/11\\\/Libros-trazos-del-alma-en-acuarela-y-pegatinas.jpg\",\"datePublished\":\"2025-11-20T19:00:54+00:00\",\"breadcrumb\":{\"@id\":\"https:\\\/\\\/lalaboralaula.es\\\/MP202526\\\/index.php\\\/producto\\\/trazos-del-alma-en-acuarela\\\/#breadcrumb\"},\"inLanguage\":\"es\",\"potentialAction\":[{\"@type\":\"ReadAction\",\"target\":[\"https:\\\/\\\/lalaboralaula.es\\\/MP202526\\\/index.php\\\/producto\\\/trazos-del-alma-en-acuarela\\\/\"]}]},{\"@type\":\"ImageObject\",\"inLanguage\":\"es\",\"@id\":\"https:\\\/\\\/lalaboralaula.es\\\/MP202526\\\/index.php\\\/producto\\\/trazos-del-alma-en-acuarela\\\/#primaryimage\",\"url\":\"https:\\\/\\\/lalaboralaula.es\\\/MP202526\\\/wp-content\\\/uploads\\\/2025\\\/11\\\/Libros-trazos-del-alma-en-acuarela-y-pegatinas.jpg\",\"contentUrl\":\"https:\\\/\\\/lalaboralaula.es\\\/MP202526\\\/wp-content\\\/uploads\\\/2025\\\/11\\\/Libros-trazos-del-alma-en-acuarela-y-pegatinas.jpg\",\"width\":940,\"height\":940},{\"@type\":\"BreadcrumbList\",\"@id\":\"https:\\\/\\\/lalaboralaula.es\\\/MP202526\\\/index.php\\\/producto\\\/trazos-del-alma-en-acuarela\\\/#breadcrumb\",\"itemListElement\":[{\"@type\":\"ListItem\",\"position\":1,\"name\":\"Home\",\"item\":\"https:\\\/\\\/lalaboralaula.es\\\/MP202526\\\/\"},{\"@type\":\"ListItem\",\"position\":2,\"name\":\"Tienda\",\"item\":\"https:\\\/\\\/lalaboralaula.es\\\/MP202526\\\/index.php\\\/tienda\\\/\"},{\"@type\":\"ListItem\",\"position\":3,\"name\":\"Trazos del alma en acuarela\"}]},{\"@type\":\"WebSite\",\"@id\":\"https:\\\/\\\/lalaboralaula.es\\\/MP202526\\\/#website\",\"url\":\"https:\\\/\\\/lalaboralaula.es\\\/MP202526\\\/\",\"name\":\"Matabuena \u00c1lvarez, Diego\",\"description\":\"marca de zapatillas c\u00f3modas, seguras y utilizables.\",\"publisher\":{\"@id\":\"https:\\\/\\\/lalaboralaula.es\\\/MP202526\\\/#organization\"},\"potentialAction\":[{\"@type\":\"SearchAction\",\"target\":{\"@type\":\"EntryPoint\",\"urlTemplate\":\"https:\\\/\\\/lalaboralaula.es\\\/MP202526\\\/?s={search_term_string}\"},\"query-input\":{\"@type\":\"PropertyValueSpecification\",\"valueRequired\":true,\"valueName\":\"search_term_string\"}}],\"inLanguage\":\"es\"},{\"@type\":\"Organization\",\"@id\":\"https:\\\/\\\/lalaboralaula.es\\\/MP202526\\\/#organization\",\"name\":\"Matabuena \u00c1lvarez, Diego\",\"url\":\"https:\\\/\\\/lalaboralaula.es\\\/MP202526\\\/\",\"logo\":{\"@type\":\"ImageObject\",\"inLanguage\":\"es\",\"@id\":\"https:\\\/\\\/lalaboralaula.es\\\/MP202526\\\/#\\\/schema\\\/logo\\\/image\\\/\",\"url\":\"https:\\\/\\\/lalaboralaula.es\\\/MP202526\\\/wp-content\\\/uploads\\\/2025\\\/10\\\/cropped-logodraftrun.png\",\"contentUrl\":\"https:\\\/\\\/lalaboralaula.es\\\/MP202526\\\/wp-content\\\/uploads\\\/2025\\\/10\\\/cropped-logodraftrun.png\",\"width\":1022,\"height\":624,\"caption\":\"Matabuena \u00c1lvarez, Diego\"},\"image\":{\"@id\":\"https:\\\/\\\/lalaboralaula.es\\\/MP202526\\\/#\\\/schema\\\/logo\\\/image\\\/\"}}]}<\/script>\n<!-- \/ Yoast SEO plugin. -->","yoast_head_json":{"title":"Trazos del alma en acuarela - Drafturn Aerox","robots":{"index":"index","follow":"follow","max-snippet":"max-snippet:-1","max-image-preview":"max-image-preview:large","max-video-preview":"max-video-preview:-1"},"canonical":"https:\/\/lalaboralaula.es\/MP202526\/index.php\/producto\/trazos-del-alma-en-acuarela\/","og_locale":"es_ES","og_type":"article","og_title":"Trazos del alma en acuarela - Drafturn Aerox","og_description":"Trazos del alma en acuarela es un volumen en tapa dura acompa\u00f1ado de un set de pegatinas y washi tape tem\u00e1ticas, dise\u00f1ado para atesorar recuerdos y decorar cada pagina con un toque de acuarela y dorado.  \"Trazos del alma en acuarela \" es un diario en formato tapa dura pensado para acompa\u00f1ar tu proceso creativo diario. con 234 paginas, cada jornada se inicia con una frase motivadora que te inspire a plasmar tu experiencia en acuarelas y bocetos, y finaliza con tu espacio en blanco bordeado en dorado para que registres con total libertad lo que hayas dibujado o sentido ese dia.","og_url":"https:\/\/lalaboralaula.es\/MP202526\/index.php\/producto\/trazos-del-alma-en-acuarela\/","og_site_name":"Drafturn Aerox","og_image":[{"width":940,"height":940,"url":"https:\/\/lalaboralaula.es\/MP202526\/wp-content\/uploads\/2025\/11\/Libros-trazos-del-alma-en-acuarela-y-pegatinas.jpg","type":"image\/jpeg"}],"twitter_card":"summary_large_image","twitter_misc":{"Tiempo de lectura":"1 minuto"},"schema":{"@context":"https:\/\/schema.org","@graph":[{"@type":"WebPage","@id":"https:\/\/lalaboralaula.es\/MP202526\/index.php\/producto\/trazos-del-alma-en-acuarela\/","url":"https:\/\/lalaboralaula.es\/MP202526\/index.php\/producto\/trazos-del-alma-en-acuarela\/","name":"Trazos del alma en acuarela - Drafturn Aerox","isPartOf":{"@id":"https:\/\/lalaboralaula.es\/MP202526\/#website"},"primaryImageOfPage":{"@id":"https:\/\/lalaboralaula.es\/MP202526\/index.php\/producto\/trazos-del-alma-en-acuarela\/#primaryimage"},"image":{"@id":"https:\/\/lalaboralaula.es\/MP202526\/index.php\/producto\/trazos-del-alma-en-acuarela\/#primaryimage"},"thumbnailUrl":"https:\/\/lalaboralaula.es\/MP202526\/wp-content\/uploads\/2025\/11\/Libros-trazos-del-alma-en-acuarela-y-pegatinas.jpg","datePublished":"2025-11-20T19:00:54+00:00","breadcrumb":{"@id":"https:\/\/lalaboralaula.es\/MP202526\/index.php\/producto\/trazos-del-alma-en-acuarela\/#breadcrumb"},"inLanguage":"es","potentialAction":[{"@type":"ReadAction","target":["https:\/\/lalaboralaula.es\/MP202526\/index.php\/producto\/trazos-del-alma-en-acuarela\/"]}]},{"@type":"ImageObject","inLanguage":"es","@id":"https:\/\/lalaboralaula.es\/MP202526\/index.php\/producto\/trazos-del-alma-en-acuarela\/#primaryimage","url":"https:\/\/lalaboralaula.es\/MP202526\/wp-content\/uploads\/2025\/11\/Libros-trazos-del-alma-en-acuarela-y-pegatinas.jpg","contentUrl":"https:\/\/lalaboralaula.es\/MP202526\/wp-content\/uploads\/2025\/11\/Libros-trazos-del-alma-en-acuarela-y-pegatinas.jpg","width":940,"height":940},{"@type":"BreadcrumbList","@id":"https:\/\/lalaboralaula.es\/MP202526\/index.php\/producto\/trazos-del-alma-en-acuarela\/#breadcrumb","itemListElement":[{"@type":"ListItem","position":1,"name":"Home","item":"https:\/\/lalaboralaula.es\/MP202526\/"},{"@type":"ListItem","position":2,"name":"Tienda","item":"https:\/\/lalaboralaula.es\/MP202526\/index.php\/tienda\/"},{"@type":"ListItem","position":3,"name":"Trazos del alma en acuarela"}]},{"@type":"WebSite","@id":"https:\/\/lalaboralaula.es\/MP202526\/#website","url":"https:\/\/lalaboralaula.es\/MP202526\/","name":"Matabuena \u00c1lvarez, Diego","description":"marca de zapatillas c\u00f3modas, seguras y utilizables.","publisher":{"@id":"https:\/\/lalaboralaula.es\/MP202526\/#organization"},"potentialAction":[{"@type":"SearchAction","target":{"@type":"EntryPoint","urlTemplate":"https:\/\/lalaboralaula.es\/MP202526\/?s={search_term_string}"},"query-input":{"@type":"PropertyValueSpecification","valueRequired":true,"valueName":"search_term_string"}}],"inLanguage":"es"},{"@type":"Organization","@id":"https:\/\/lalaboralaula.es\/MP202526\/#organization","name":"Matabuena \u00c1lvarez, Diego","url":"https:\/\/lalaboralaula.es\/MP202526\/","logo":{"@type":"ImageObject","inLanguage":"es","@id":"https:\/\/lalaboralaula.es\/MP202526\/#\/schema\/logo\/image\/","url":"https:\/\/lalaboralaula.es\/MP202526\/wp-content\/uploads\/2025\/10\/cropped-logodraftrun.png","contentUrl":"https:\/\/lalaboralaula.es\/MP202526\/wp-content\/uploads\/2025\/10\/cropped-logodraftrun.png","width":1022,"height":624,"caption":"Matabuena \u00c1lvarez, Diego"},"image":{"@id":"https:\/\/lalaboralaula.es\/MP202526\/#\/schema\/logo\/image\/"}}]}},"_links":{"self":[{"href":"https:\/\/lalaboralaula.es\/MP202526\/index.php\/wp-json\/wp\/v2\/product\/225","targetHints":{"allow":["GET"]}}],"collection":[{"href":"https:\/\/lalaboralaula.es\/MP202526\/index.php\/wp-json\/wp\/v2\/product"}],"about":[{"href":"https:\/\/lalaboralaula.es\/MP202526\/index.php\/wp-json\/wp\/v2\/types\/product"}],"replies":[{"embeddable":true,"href":"https:\/\/lalaboralaula.es\/MP202526\/index.php\/wp-json\/wp\/v2\/comments?post=225"}],"wp:featuredmedia":[{"embeddable":true,"href":"https:\/\/lalaboralaula.es\/MP202526\/index.php\/wp-json\/wp\/v2\/media\/229"}],"wp:attachment":[{"href":"https:\/\/lalaboralaula.es\/MP202526\/index.php\/wp-json\/wp\/v2\/media?parent=225"}],"wp:term":[{"taxonomy":"product_brand","embeddable":true,"href":"https:\/\/lalaboralaula.es\/MP202526\/index.php\/wp-json\/wp\/v2\/product_brand?post=225"},{"taxonomy":"product_cat","embeddable":true,"href":"https:\/\/lalaboralaula.es\/MP202526\/index.php\/wp-json\/wp\/v2\/product_cat?post=225"},{"taxonomy":"product_tag","embeddable":true,"href":"https:\/\/lalaboralaula.es\/MP202526\/index.php\/wp-json\/wp\/v2\/product_tag?post=225"}],"curies":[{"name":"wp","href":"https:\/\/api.w.org\/{rel}","templated":true}]}}