{"id":136,"date":"2025-11-17T20:08:27","date_gmt":"2025-11-17T19:08:27","guid":{"rendered":"https:\/\/lalaboralaula.es\/MP202526\/?post_type=product&#038;p=136"},"modified":"2025-11-19T18:34:39","modified_gmt":"2025-11-19T17:34:39","slug":"zapatillas-modernas","status":"publish","type":"product","link":"https:\/\/lalaboralaula.es\/MP202526\/index.php\/producto\/zapatillas-modernas\/","title":{"rendered":"Zapatillas modernas"},"content":{"rendered":"<p>Las <strong data-start=\"503\" data-end=\"523\">Draftrun VisionX<\/strong> est\u00e1n dise\u00f1adas para quienes viven el deporte dentro y fuera de la pista. Su estructura ultraligera y lentes con protecci\u00f3n <strong data-start=\"648\" data-end=\"657\">UV400<\/strong> garantizan comodidad y seguridad en cualquier entorno. Con un dise\u00f1o aerodin\u00e1mico y moderno, combinan rendimiento y estilo urbano, perfectas para entrenar o vestir a diario.<\/p>\n","protected":false},"excerpt":{"rendered":"<p>Zapatillas urbanas de estilo deportivo, con dise\u00f1o moderno y suela ligera para mayor comodidad. Ideales para uso diario o actividades casuales, con acabados en tonos neutros y materiales transpirables.<\/p>\n","protected":false},"featured_media":167,"comment_status":"open","ping_status":"closed","template":"","meta":[],"product_brand":[],"product_cat":[22],"product_tag":[],"class_list":{"0":"post-136","1":"product","2":"type-product","3":"status-publish","4":"has-post-thumbnail","6":"product_cat-zapatillas-modernas","8":"first","9":"instock","10":"taxable","11":"shipping-taxable","12":"purchasable","13":"product-type-variable"},"yoast_head":"<!-- This site is optimized with the Yoast SEO plugin v27.3 - https:\/\/yoast.com\/product\/yoast-seo-wordpress\/ -->\n<title>Zapatillas modernas - Drafturn Aerox<\/title>\n<meta name=\"robots\" content=\"index, follow, max-snippet:-1, max-image-preview:large, max-video-preview:-1\" \/>\n<link rel=\"canonical\" href=\"https:\/\/lalaboralaula.es\/MP202526\/index.php\/producto\/zapatillas-modernas\/\" \/>\n<meta property=\"og:locale\" content=\"es_ES\" \/>\n<meta property=\"og:type\" content=\"article\" \/>\n<meta property=\"og:title\" content=\"Zapatillas modernas - Drafturn Aerox\" \/>\n<meta property=\"og:description\" content=\"Zapatillas urbanas de estilo deportivo, con dise\u00f1o moderno y suela ligera para mayor comodidad. Ideales para uso diario o actividades casuales, con acabados en tonos neutros y materiales transpirables.\" \/>\n<meta property=\"og:url\" content=\"https:\/\/lalaboralaula.es\/MP202526\/index.php\/producto\/zapatillas-modernas\/\" \/>\n<meta property=\"og:site_name\" content=\"Drafturn Aerox\" \/>\n<meta property=\"article:modified_time\" content=\"2025-11-19T17:34:39+00:00\" \/>\n<meta property=\"og:image\" content=\"https:\/\/lalaboralaula.es\/MP202526\/wp-content\/uploads\/2025\/11\/productosdraftrun.png\" \/>\n\t<meta property=\"og:image:width\" content=\"1024\" \/>\n\t<meta property=\"og:image:height\" content=\"1536\" \/>\n\t<meta property=\"og:image:type\" content=\"image\/png\" \/>\n<meta name=\"twitter:card\" content=\"summary_large_image\" \/>\n<meta name=\"twitter:label1\" content=\"Tiempo de lectura\" \/>\n\t<meta name=\"twitter:data1\" content=\"1 minuto\" \/>\n<script type=\"application\/ld+json\" class=\"yoast-schema-graph\">{\"@context\":\"https:\\\/\\\/schema.org\",\"@graph\":[{\"@type\":\"WebPage\",\"@id\":\"https:\\\/\\\/lalaboralaula.es\\\/MP202526\\\/index.php\\\/producto\\\/zapatillas-modernas\\\/\",\"url\":\"https:\\\/\\\/lalaboralaula.es\\\/MP202526\\\/index.php\\\/producto\\\/zapatillas-modernas\\\/\",\"name\":\"Zapatillas modernas - Drafturn Aerox\",\"isPartOf\":{\"@id\":\"https:\\\/\\\/lalaboralaula.es\\\/MP202526\\\/#website\"},\"primaryImageOfPage\":{\"@id\":\"https:\\\/\\\/lalaboralaula.es\\\/MP202526\\\/index.php\\\/producto\\\/zapatillas-modernas\\\/#primaryimage\"},\"image\":{\"@id\":\"https:\\\/\\\/lalaboralaula.es\\\/MP202526\\\/index.php\\\/producto\\\/zapatillas-modernas\\\/#primaryimage\"},\"thumbnailUrl\":\"https:\\\/\\\/lalaboralaula.es\\\/MP202526\\\/wp-content\\\/uploads\\\/2025\\\/11\\\/productosdraftrun.png\",\"datePublished\":\"2025-11-17T19:08:27+00:00\",\"dateModified\":\"2025-11-19T17:34:39+00:00\",\"breadcrumb\":{\"@id\":\"https:\\\/\\\/lalaboralaula.es\\\/MP202526\\\/index.php\\\/producto\\\/zapatillas-modernas\\\/#breadcrumb\"},\"inLanguage\":\"es\",\"potentialAction\":[{\"@type\":\"ReadAction\",\"target\":[\"https:\\\/\\\/lalaboralaula.es\\\/MP202526\\\/index.php\\\/producto\\\/zapatillas-modernas\\\/\"]}]},{\"@type\":\"ImageObject\",\"inLanguage\":\"es\",\"@id\":\"https:\\\/\\\/lalaboralaula.es\\\/MP202526\\\/index.php\\\/producto\\\/zapatillas-modernas\\\/#primaryimage\",\"url\":\"https:\\\/\\\/lalaboralaula.es\\\/MP202526\\\/wp-content\\\/uploads\\\/2025\\\/11\\\/productosdraftrun.png\",\"contentUrl\":\"https:\\\/\\\/lalaboralaula.es\\\/MP202526\\\/wp-content\\\/uploads\\\/2025\\\/11\\\/productosdraftrun.png\",\"width\":1024,\"height\":1536},{\"@type\":\"BreadcrumbList\",\"@id\":\"https:\\\/\\\/lalaboralaula.es\\\/MP202526\\\/index.php\\\/producto\\\/zapatillas-modernas\\\/#breadcrumb\",\"itemListElement\":[{\"@type\":\"ListItem\",\"position\":1,\"name\":\"Home\",\"item\":\"https:\\\/\\\/lalaboralaula.es\\\/MP202526\\\/\"},{\"@type\":\"ListItem\",\"position\":2,\"name\":\"Tienda\",\"item\":\"https:\\\/\\\/lalaboralaula.es\\\/MP202526\\\/index.php\\\/tienda\\\/\"},{\"@type\":\"ListItem\",\"position\":3,\"name\":\"Zapatillas modernas\"}]},{\"@type\":\"WebSite\",\"@id\":\"https:\\\/\\\/lalaboralaula.es\\\/MP202526\\\/#website\",\"url\":\"https:\\\/\\\/lalaboralaula.es\\\/MP202526\\\/\",\"name\":\"Matabuena \u00c1lvarez, Diego\",\"description\":\"marca de zapatillas c\u00f3modas, seguras y utilizables.\",\"publisher\":{\"@id\":\"https:\\\/\\\/lalaboralaula.es\\\/MP202526\\\/#organization\"},\"potentialAction\":[{\"@type\":\"SearchAction\",\"target\":{\"@type\":\"EntryPoint\",\"urlTemplate\":\"https:\\\/\\\/lalaboralaula.es\\\/MP202526\\\/?s={search_term_string}\"},\"query-input\":{\"@type\":\"PropertyValueSpecification\",\"valueRequired\":true,\"valueName\":\"search_term_string\"}}],\"inLanguage\":\"es\"},{\"@type\":\"Organization\",\"@id\":\"https:\\\/\\\/lalaboralaula.es\\\/MP202526\\\/#organization\",\"name\":\"Matabuena \u00c1lvarez, Diego\",\"url\":\"https:\\\/\\\/lalaboralaula.es\\\/MP202526\\\/\",\"logo\":{\"@type\":\"ImageObject\",\"inLanguage\":\"es\",\"@id\":\"https:\\\/\\\/lalaboralaula.es\\\/MP202526\\\/#\\\/schema\\\/logo\\\/image\\\/\",\"url\":\"https:\\\/\\\/lalaboralaula.es\\\/MP202526\\\/wp-content\\\/uploads\\\/2025\\\/10\\\/cropped-logodraftrun.png\",\"contentUrl\":\"https:\\\/\\\/lalaboralaula.es\\\/MP202526\\\/wp-content\\\/uploads\\\/2025\\\/10\\\/cropped-logodraftrun.png\",\"width\":1022,\"height\":624,\"caption\":\"Matabuena \u00c1lvarez, Diego\"},\"image\":{\"@id\":\"https:\\\/\\\/lalaboralaula.es\\\/MP202526\\\/#\\\/schema\\\/logo\\\/image\\\/\"}}]}<\/script>\n<!-- \/ Yoast SEO plugin. -->","yoast_head_json":{"title":"Zapatillas modernas - Drafturn Aerox","robots":{"index":"index","follow":"follow","max-snippet":"max-snippet:-1","max-image-preview":"max-image-preview:large","max-video-preview":"max-video-preview:-1"},"canonical":"https:\/\/lalaboralaula.es\/MP202526\/index.php\/producto\/zapatillas-modernas\/","og_locale":"es_ES","og_type":"article","og_title":"Zapatillas modernas - Drafturn Aerox","og_description":"Zapatillas urbanas de estilo deportivo, con dise\u00f1o moderno y suela ligera para mayor comodidad. Ideales para uso diario o actividades casuales, con acabados en tonos neutros y materiales transpirables.","og_url":"https:\/\/lalaboralaula.es\/MP202526\/index.php\/producto\/zapatillas-modernas\/","og_site_name":"Drafturn Aerox","article_modified_time":"2025-11-19T17:34:39+00:00","og_image":[{"width":1024,"height":1536,"url":"https:\/\/lalaboralaula.es\/MP202526\/wp-content\/uploads\/2025\/11\/productosdraftrun.png","type":"image\/png"}],"twitter_card":"summary_large_image","twitter_misc":{"Tiempo de lectura":"1 minuto"},"schema":{"@context":"https:\/\/schema.org","@graph":[{"@type":"WebPage","@id":"https:\/\/lalaboralaula.es\/MP202526\/index.php\/producto\/zapatillas-modernas\/","url":"https:\/\/lalaboralaula.es\/MP202526\/index.php\/producto\/zapatillas-modernas\/","name":"Zapatillas modernas - Drafturn Aerox","isPartOf":{"@id":"https:\/\/lalaboralaula.es\/MP202526\/#website"},"primaryImageOfPage":{"@id":"https:\/\/lalaboralaula.es\/MP202526\/index.php\/producto\/zapatillas-modernas\/#primaryimage"},"image":{"@id":"https:\/\/lalaboralaula.es\/MP202526\/index.php\/producto\/zapatillas-modernas\/#primaryimage"},"thumbnailUrl":"https:\/\/lalaboralaula.es\/MP202526\/wp-content\/uploads\/2025\/11\/productosdraftrun.png","datePublished":"2025-11-17T19:08:27+00:00","dateModified":"2025-11-19T17:34:39+00:00","breadcrumb":{"@id":"https:\/\/lalaboralaula.es\/MP202526\/index.php\/producto\/zapatillas-modernas\/#breadcrumb"},"inLanguage":"es","potentialAction":[{"@type":"ReadAction","target":["https:\/\/lalaboralaula.es\/MP202526\/index.php\/producto\/zapatillas-modernas\/"]}]},{"@type":"ImageObject","inLanguage":"es","@id":"https:\/\/lalaboralaula.es\/MP202526\/index.php\/producto\/zapatillas-modernas\/#primaryimage","url":"https:\/\/lalaboralaula.es\/MP202526\/wp-content\/uploads\/2025\/11\/productosdraftrun.png","contentUrl":"https:\/\/lalaboralaula.es\/MP202526\/wp-content\/uploads\/2025\/11\/productosdraftrun.png","width":1024,"height":1536},{"@type":"BreadcrumbList","@id":"https:\/\/lalaboralaula.es\/MP202526\/index.php\/producto\/zapatillas-modernas\/#breadcrumb","itemListElement":[{"@type":"ListItem","position":1,"name":"Home","item":"https:\/\/lalaboralaula.es\/MP202526\/"},{"@type":"ListItem","position":2,"name":"Tienda","item":"https:\/\/lalaboralaula.es\/MP202526\/index.php\/tienda\/"},{"@type":"ListItem","position":3,"name":"Zapatillas modernas"}]},{"@type":"WebSite","@id":"https:\/\/lalaboralaula.es\/MP202526\/#website","url":"https:\/\/lalaboralaula.es\/MP202526\/","name":"Matabuena \u00c1lvarez, Diego","description":"marca de zapatillas c\u00f3modas, seguras y utilizables.","publisher":{"@id":"https:\/\/lalaboralaula.es\/MP202526\/#organization"},"potentialAction":[{"@type":"SearchAction","target":{"@type":"EntryPoint","urlTemplate":"https:\/\/lalaboralaula.es\/MP202526\/?s={search_term_string}"},"query-input":{"@type":"PropertyValueSpecification","valueRequired":true,"valueName":"search_term_string"}}],"inLanguage":"es"},{"@type":"Organization","@id":"https:\/\/lalaboralaula.es\/MP202526\/#organization","name":"Matabuena \u00c1lvarez, Diego","url":"https:\/\/lalaboralaula.es\/MP202526\/","logo":{"@type":"ImageObject","inLanguage":"es","@id":"https:\/\/lalaboralaula.es\/MP202526\/#\/schema\/logo\/image\/","url":"https:\/\/lalaboralaula.es\/MP202526\/wp-content\/uploads\/2025\/10\/cropped-logodraftrun.png","contentUrl":"https:\/\/lalaboralaula.es\/MP202526\/wp-content\/uploads\/2025\/10\/cropped-logodraftrun.png","width":1022,"height":624,"caption":"Matabuena \u00c1lvarez, Diego"},"image":{"@id":"https:\/\/lalaboralaula.es\/MP202526\/#\/schema\/logo\/image\/"}}]}},"_links":{"self":[{"href":"https:\/\/lalaboralaula.es\/MP202526\/index.php\/wp-json\/wp\/v2\/product\/136","targetHints":{"allow":["GET"]}}],"collection":[{"href":"https:\/\/lalaboralaula.es\/MP202526\/index.php\/wp-json\/wp\/v2\/product"}],"about":[{"href":"https:\/\/lalaboralaula.es\/MP202526\/index.php\/wp-json\/wp\/v2\/types\/product"}],"replies":[{"embeddable":true,"href":"https:\/\/lalaboralaula.es\/MP202526\/index.php\/wp-json\/wp\/v2\/comments?post=136"}],"wp:featuredmedia":[{"embeddable":true,"href":"https:\/\/lalaboralaula.es\/MP202526\/index.php\/wp-json\/wp\/v2\/media\/167"}],"wp:attachment":[{"href":"https:\/\/lalaboralaula.es\/MP202526\/index.php\/wp-json\/wp\/v2\/media?parent=136"}],"wp:term":[{"taxonomy":"product_brand","embeddable":true,"href":"https:\/\/lalaboralaula.es\/MP202526\/index.php\/wp-json\/wp\/v2\/product_brand?post=136"},{"taxonomy":"product_cat","embeddable":true,"href":"https:\/\/lalaboralaula.es\/MP202526\/index.php\/wp-json\/wp\/v2\/product_cat?post=136"},{"taxonomy":"product_tag","embeddable":true,"href":"https:\/\/lalaboralaula.es\/MP202526\/index.php\/wp-json\/wp\/v2\/product_tag?post=136"}],"curies":[{"name":"wp","href":"https:\/\/api.w.org\/{rel}","templated":true}]}}