{"id":98,"date":"2025-11-06T18:47:54","date_gmt":"2025-11-06T18:47:54","guid":{"rendered":"https:\/\/lalaboralaula.es\/MP192526\/?post_type=product&#038;p=98"},"modified":"2025-11-13T18:56:54","modified_gmt":"2025-11-13T18:56:54","slug":"moonlight","status":"publish","type":"product","link":"https:\/\/lalaboralaula.es\/MP192526\/index.php\/producto\/moonlight\/","title":{"rendered":"Moonlight."},"content":{"rendered":"<div class=\"relative basis-auto flex-col -mb-(--composer-overlap-px) [--composer-overlap-px:28px] grow flex overflow-hidden\">\n<div class=\"relative h-full\">\n<div class=\"flex h-full flex-col overflow-y-auto thread-xl:pt-(--header-height) [scrollbar-gutter:stable_both-edges]\">\n<div class=\"flex flex-col text-sm thread-xl:pt-header-height pb-25\">\n<article class=\"text-token-text-primary w-full focus:outline-none [--shadow-height:45px] has-data-writing-block:pointer-events-none has-data-writing-block:-mt-(--shadow-height) has-data-writing-block:pt-(--shadow-height) [&amp;:has([data-writing-block])&gt;*]:pointer-events-auto [content-visibility:auto] supports-[content-visibility:auto]:[contain-intrinsic-size:auto_100lvh] scroll-mt-[calc(var(--header-height)+min(200px,max(70px,20svh)))]\" dir=\"auto\" tabindex=\"-1\" data-turn-id=\"request-WEB:93b1ca06-e0bf-4f47-995b-724f56d63e27-8\" data-testid=\"conversation-turn-14\" data-scroll-anchor=\"true\" data-turn=\"assistant\">\n<div class=\"text-base my-auto mx-auto pb-10 [--thread-content-margin:--spacing(4)] thread-sm:[--thread-content-margin:--spacing(6)] thread-lg:[--thread-content-margin:--spacing(16)] px-(--thread-content-margin)\">\n<div class=\"[--thread-content-max-width:40rem] thread-lg:[--thread-content-max-width:48rem] mx-auto max-w-(--thread-content-max-width) flex-1 group\/turn-messages focus-visible:outline-hidden relative flex w-full min-w-0 flex-col agent-turn\" tabindex=\"-1\">\n<div class=\"flex max-w-full flex-col grow\">\n<div class=\"min-h-8 text-message relative flex w-full flex-col items-end gap-2 text-start break-words whitespace-normal [.text-message+&amp;]:mt-1\" dir=\"auto\" data-message-author-role=\"assistant\" data-message-id=\"222e18a9-4d91-4d0a-ac5b-73ee5eff3051\" data-message-model-slug=\"gpt-5\">\n<div class=\"flex w-full flex-col gap-1 empty:hidden first:pt-[1px]\">\n<div class=\"markdown prose dark:prose-invert w-full break-words dark markdown-new-styling\">\n<h3 data-start=\"319\" data-end=\"364\"><strong data-start=\"323\" data-end=\"364\">Anillo Moonlight \u2013 Solertia Jewellery<\/strong><\/h3>\n<p data-start=\"366\" data-end=\"748\">El <strong data-start=\"369\" data-end=\"389\">anillo Moonlight<\/strong> de <strong data-start=\"393\" data-end=\"415\">Solertia Jewellery<\/strong> captura la magia de la noche y el resplandor suave de la luna. Inspirado en la serenidad del cielo estrellado, este dise\u00f1o combina elegancia, modernidad y un toque de misterio. Cada curva y cada reflejo han sido pensados para envolver la mano con una luz sutil y sofisticada, recordando el brillo plateado de la luna sobre el mar.<\/p>\n<p data-start=\"750\" data-end=\"1101\">Fabricado en <strong data-start=\"763\" data-end=\"792\">plata 925 de alta calidad<\/strong>, el anillo Moonlight destaca por su acabado pulido espejo y su estructura fina pero resistente. En su centro, una piedra luminosa imita el destello lunar y aporta un brillo que cambia con la luz. Adem\u00e1s, su forma ergon\u00f3mica ofrece comodidad y un ajuste perfecto para uso diario o para ocasiones especiales.<\/p>\n<p data-start=\"1103\" data-end=\"1343\">Por otro lado, su dise\u00f1o vers\u00e1til permite combinarlo con otras joyas de la colecci\u00f3n o lucirlo como pieza principal. Ya sea con un look minimalista o con un conjunto m\u00e1s elegante, el anillo Moonlight aporta siempre un toque de distinci\u00f3n.<\/p>\n<p data-start=\"1345\" data-end=\"1577\">Asimismo, cada detalle de este anillo refleja el compromiso de Solertia Jewellery con la artesan\u00eda y la calidad. El proceso de fabricaci\u00f3n incluye un acabado manual que garantiza que cada pieza sea \u00fanica, igual que quien la lleva.<\/p>\n<p data-start=\"1579\" data-end=\"1780\">En definitiva, el <strong data-start=\"1597\" data-end=\"1617\">anillo Moonlight<\/strong> no es solo una joya: es un s\u00edmbolo de luz interior, equilibrio y feminidad. Su brillo atemporal invita a so\u00f1ar y a celebrar la belleza de los peque\u00f1os momentos.<\/p>\n<p data-start=\"1782\" data-end=\"1920\"><strong data-start=\"1782\" data-end=\"1850\">Luce tu propia luz con el anillo Moonlight de Solertia Jewellery<\/strong> y deja que cada movimiento de tu mano refleje la magia de la noche.<\/p>\n<\/div>\n<\/div>\n<\/div>\n<\/div>\n<div class=\"z-0 flex min-h-[46px] justify-start\"><\/div>\n<div class=\"mt-3 w-full empty:hidden\">\n<div class=\"text-center\"><\/div>\n<\/div>\n<\/div>\n<\/div>\n<\/article>\n<div class=\"pointer-events-none h-px w-px\" aria-hidden=\"true\" data-edge=\"true\"><\/div>\n<div><\/div>\n<\/div>\n<\/div>\n<\/div>\n<\/div>\n<div id=\"thread-bottom-container\" class=\"group\/thread-bottom-container relative isolate z-10 w-full basis-auto has-data-has-thread-error:pt-2 has-data-has-thread-error:[box-shadow:var(--sharp-edge-bottom-shadow)] md:border-transparent md:pt-0 dark:border-white\/20 md:dark:border-transparent content-fade single-line flex flex-col\">\n<div id=\"thread-bottom\">\n<div class=\"text-base mx-auto [--thread-content-margin:--spacing(4)] thread-sm:[--thread-content-margin:--spacing(6)] thread-lg:[--thread-content-margin:--spacing(16)] px-(--thread-content-margin)\">\n<div class=\"[--thread-content-max-width:40rem] thread-lg:[--thread-content-max-width:48rem] mx-auto max-w-(--thread-content-max-width) flex-1\">\n<div class=\"flex justify-center empty:hidden\"><\/div>\n<div class=\"pointer-events-auto relative z-1 flex h-[var(--composer-container-height,100%)] max-w-full flex-[var(--composer-container-flex,1)] flex-col\">\n<p><button class=\"invisible absolute self-center\" tabindex=\"-1\" name=\"context-connector-pasted-link-popover-trigger\" type=\"button\" aria-hidden=\"true\" aria-haspopup=\"dialog\" aria-expanded=\"false\" aria-controls=\"radix-_R_2ekim4paclhq4qcm_\" data-state=\"closed\"><\/button><\/p>\n<div class=\"absolute start-0 end-0 bottom-full z-20\"><\/div>\n<form class=\"group\/composer w-full\" data-type=\"unified-composer\">\n<div class=\"hidden\"><input tabindex=\"-1\" multiple=\"multiple\" type=\"file\" \/><\/div>\n<div class=\"\">\n<div class=\"bg-token-bg-primary cursor-text overflow-clip bg-clip-padding p-2.5 contain-inline-size dark:bg-[#303030] grid grid-cols-[auto_1fr_auto] [grid-template-areas:'header_header_header'_'leading_primary_trailing'_'._footer_.'] group-data-expanded\/composer:[grid-template-areas:'header_header_header'_'primary_primary_primary'_'leading_footer_trailing'] shadow-short\">\n<div class=\"-my-2.5 flex min-h-14 items-center overflow-x-hidden px-1.5 [grid-area:primary] group-data-expanded\/composer:mb-0 group-data-expanded\/composer:px-2.5\">\n<div class=\"_prosemirror-parent_1dsxi_2 text-token-text-primary max-h-[max(35svh,5rem)] max-h-52 flex-1 overflow-auto [scrollbar-width:thin] default-browser vertical-scroll-fade-mask\">\n<p><textarea class=\"_fallbackTextarea_1dsxi_2\" name=\"prompt-textarea\" autofocus=\"\" placeholder=\"Pregunta lo que quieras\" data-virtualkeyboard=\"true\"><\/textarea><\/p>\n<div id=\"prompt-textarea\" class=\"ProseMirror\" contenteditable=\"true\" translate=\"no\" data-virtualkeyboard=\"true\"><\/div>\n<\/div>\n<\/div>\n<\/div>\n<\/div>\n<\/form>\n<\/div>\n<\/div>\n<\/div>\n<\/div>\n<\/div>\n","protected":false},"excerpt":{"rendered":"<p data-start=\"152\" data-end=\"397\">El <strong data-start=\"155\" data-end=\"175\">anillo Moonlight<\/strong> es una pieza que captura la magia y el brillo de la luna en una noche serena. Su dise\u00f1o delicado y elegante combina l\u00edneas suaves con un destello sutil que lo convierte en el complemento perfecto para cualquier ocasi\u00f3n.<\/p>\n<p data-start=\"399\" data-end=\"493\">Disponible en <strong data-start=\"413\" data-end=\"420\">oro<\/strong> y <strong data-start=\"423\" data-end=\"432\">plata<\/strong>, este anillo ofrece dos versiones igualmente encantadoras:<\/p>\n<ul data-start=\"494\" data-end=\"712\">\n<li data-start=\"494\" data-end=\"594\">\n<p data-start=\"496\" data-end=\"594\">En <strong data-start=\"499\" data-end=\"506\">oro<\/strong>, refleja una calidez luminosa que resalta la piel y aporta un toque de sofisticaci\u00f3n.<\/p>\n<\/li>\n<li data-start=\"595\" data-end=\"712\">\n<p data-start=\"597\" data-end=\"712\">En <strong data-start=\"600\" data-end=\"609\">plata<\/strong>, evoca la luz plateada de la luna, ideal para quienes prefieren un estilo m\u00e1s moderno y minimalista.<\/p>\n<\/li>\n<\/ul>\n<p data-start=\"714\" data-end=\"886\">Ligero, c\u00f3modo y con un acabado de alta calidad, el <strong data-start=\"766\" data-end=\"779\">Moonlight<\/strong> es m\u00e1s que un accesorio: es un s\u00edmbolo de elegancia y equilibrio, pensado para brillar contigo cada d\u00eda.<\/p>\n","protected":false},"featured_media":100,"comment_status":"open","ping_status":"closed","template":"","meta":[],"product_brand":[],"product_cat":[17],"product_tag":[21],"class_list":{"0":"post-98","1":"product","2":"type-product","3":"status-publish","4":"has-post-thumbnail","6":"product_cat-sin-categorizar","7":"product_tag-disponibilidad-en-plata-y-oro","9":"first","10":"instock","11":"taxable","12":"shipping-taxable","13":"purchasable","14":"product-type-variable"},"yoast_head":"<!-- This site is optimized with the Yoast SEO plugin v27.3 - https:\/\/yoast.com\/product\/yoast-seo-wordpress\/ -->\n<title>Moonlight. - Solertia Jewellery.<\/title>\n<meta name=\"description\" content=\"El anillo que viene pisando fuerte en la nueva temporada. Disponible en oro y en plata para el que m\u00e1s te represente en tu d\u00eda a d\u00eda.\" \/>\n<meta name=\"robots\" content=\"index, follow, max-snippet:-1, max-image-preview:large, max-video-preview:-1\" \/>\n<link rel=\"canonical\" href=\"https:\/\/lalaboralaula.es\/MP192526\/index.php\/producto\/moonlight\/\" \/>\n<meta property=\"og:locale\" content=\"es_ES\" \/>\n<meta property=\"og:type\" content=\"article\" \/>\n<meta property=\"og:title\" content=\"Moonlight. - Solertia Jewellery.\" \/>\n<meta property=\"og:description\" content=\"El anillo que viene pisando fuerte en la nueva temporada. Disponible en oro y en plata para el que m\u00e1s te represente en tu d\u00eda a d\u00eda.\" \/>\n<meta property=\"og:url\" content=\"https:\/\/lalaboralaula.es\/MP192526\/index.php\/producto\/moonlight\/\" \/>\n<meta property=\"og:site_name\" content=\"Solertia Jewellery.\" \/>\n<meta property=\"article:modified_time\" content=\"2025-11-13T18:56:54+00:00\" \/>\n<meta property=\"og:image\" content=\"https:\/\/lalaboralaula.es\/MP192526\/wp-content\/uploads\/2025\/10\/descarga-2.jpg\" \/>\n\t<meta property=\"og:image:width\" content=\"736\" \/>\n\t<meta property=\"og:image:height\" content=\"736\" \/>\n\t<meta property=\"og:image:type\" content=\"image\/jpeg\" \/>\n<meta name=\"twitter:card\" content=\"summary_large_image\" \/>\n<meta name=\"twitter:label1\" content=\"Tiempo de lectura\" \/>\n\t<meta name=\"twitter:data1\" content=\"2 minutos\" \/>\n<script type=\"application\/ld+json\" class=\"yoast-schema-graph\">{\"@context\":\"https:\\\/\\\/schema.org\",\"@graph\":[{\"@type\":\"WebPage\",\"@id\":\"https:\\\/\\\/lalaboralaula.es\\\/MP192526\\\/index.php\\\/producto\\\/moonlight\\\/\",\"url\":\"https:\\\/\\\/lalaboralaula.es\\\/MP192526\\\/index.php\\\/producto\\\/moonlight\\\/\",\"name\":\"Moonlight. - Solertia Jewellery.\",\"isPartOf\":{\"@id\":\"https:\\\/\\\/lalaboralaula.es\\\/MP192526\\\/#website\"},\"primaryImageOfPage\":{\"@id\":\"https:\\\/\\\/lalaboralaula.es\\\/MP192526\\\/index.php\\\/producto\\\/moonlight\\\/#primaryimage\"},\"image\":{\"@id\":\"https:\\\/\\\/lalaboralaula.es\\\/MP192526\\\/index.php\\\/producto\\\/moonlight\\\/#primaryimage\"},\"thumbnailUrl\":\"https:\\\/\\\/lalaboralaula.es\\\/MP192526\\\/wp-content\\\/uploads\\\/2025\\\/10\\\/descarga-2.jpg\",\"datePublished\":\"2025-11-06T18:47:54+00:00\",\"dateModified\":\"2025-11-13T18:56:54+00:00\",\"description\":\"El anillo que viene pisando fuerte en la nueva temporada. Disponible en oro y en plata para el que m\u00e1s te represente en tu d\u00eda a d\u00eda.\",\"breadcrumb\":{\"@id\":\"https:\\\/\\\/lalaboralaula.es\\\/MP192526\\\/index.php\\\/producto\\\/moonlight\\\/#breadcrumb\"},\"inLanguage\":\"es\",\"potentialAction\":[{\"@type\":\"ReadAction\",\"target\":[\"https:\\\/\\\/lalaboralaula.es\\\/MP192526\\\/index.php\\\/producto\\\/moonlight\\\/\"]}]},{\"@type\":\"ImageObject\",\"inLanguage\":\"es\",\"@id\":\"https:\\\/\\\/lalaboralaula.es\\\/MP192526\\\/index.php\\\/producto\\\/moonlight\\\/#primaryimage\",\"url\":\"https:\\\/\\\/lalaboralaula.es\\\/MP192526\\\/wp-content\\\/uploads\\\/2025\\\/10\\\/descarga-2.jpg\",\"contentUrl\":\"https:\\\/\\\/lalaboralaula.es\\\/MP192526\\\/wp-content\\\/uploads\\\/2025\\\/10\\\/descarga-2.jpg\",\"width\":736,\"height\":736,\"caption\":\"Moonlight, el resplandor de tu mano.\"},{\"@type\":\"BreadcrumbList\",\"@id\":\"https:\\\/\\\/lalaboralaula.es\\\/MP192526\\\/index.php\\\/producto\\\/moonlight\\\/#breadcrumb\",\"itemListElement\":[{\"@type\":\"ListItem\",\"position\":1,\"name\":\"Portada\",\"item\":\"https:\\\/\\\/lalaboralaula.es\\\/MP192526\\\/\"},{\"@type\":\"ListItem\",\"position\":2,\"name\":\"Tienda\",\"item\":\"https:\\\/\\\/lalaboralaula.es\\\/MP192526\\\/index.php\\\/tienda\\\/\"},{\"@type\":\"ListItem\",\"position\":3,\"name\":\"Moonlight.\"}]},{\"@type\":\"WebSite\",\"@id\":\"https:\\\/\\\/lalaboralaula.es\\\/MP192526\\\/#website\",\"url\":\"https:\\\/\\\/lalaboralaula.es\\\/MP192526\\\/\",\"name\":\"Solertia Jewellery.\",\"description\":\"Joyas con mucha marca.\",\"publisher\":{\"@id\":\"https:\\\/\\\/lalaboralaula.es\\\/MP192526\\\/#organization\"},\"potentialAction\":[{\"@type\":\"SearchAction\",\"target\":{\"@type\":\"EntryPoint\",\"urlTemplate\":\"https:\\\/\\\/lalaboralaula.es\\\/MP192526\\\/?s={search_term_string}\"},\"query-input\":{\"@type\":\"PropertyValueSpecification\",\"valueRequired\":true,\"valueName\":\"search_term_string\"}}],\"inLanguage\":\"es\"},{\"@type\":\"Organization\",\"@id\":\"https:\\\/\\\/lalaboralaula.es\\\/MP192526\\\/#organization\",\"name\":\"Solertia Jewellery.\",\"url\":\"https:\\\/\\\/lalaboralaula.es\\\/MP192526\\\/\",\"logo\":{\"@type\":\"ImageObject\",\"inLanguage\":\"es\",\"@id\":\"https:\\\/\\\/lalaboralaula.es\\\/MP192526\\\/#\\\/schema\\\/logo\\\/image\\\/\",\"url\":\"https:\\\/\\\/lalaboralaula.es\\\/MP192526\\\/wp-content\\\/uploads\\\/2026\\\/01\\\/cropped-Logo-solertia-.png\",\"contentUrl\":\"https:\\\/\\\/lalaboralaula.es\\\/MP192526\\\/wp-content\\\/uploads\\\/2026\\\/01\\\/cropped-Logo-solertia-.png\",\"width\":500,\"height\":247,\"caption\":\"Solertia Jewellery.\"},\"image\":{\"@id\":\"https:\\\/\\\/lalaboralaula.es\\\/MP192526\\\/#\\\/schema\\\/logo\\\/image\\\/\"}}]}<\/script>\n<!-- \/ Yoast SEO plugin. -->","yoast_head_json":{"title":"Moonlight. - Solertia Jewellery.","description":"El anillo que viene pisando fuerte en la nueva temporada. Disponible en oro y en plata para el que m\u00e1s te represente en tu d\u00eda a d\u00eda.","robots":{"index":"index","follow":"follow","max-snippet":"max-snippet:-1","max-image-preview":"max-image-preview:large","max-video-preview":"max-video-preview:-1"},"canonical":"https:\/\/lalaboralaula.es\/MP192526\/index.php\/producto\/moonlight\/","og_locale":"es_ES","og_type":"article","og_title":"Moonlight. - Solertia Jewellery.","og_description":"El anillo que viene pisando fuerte en la nueva temporada. Disponible en oro y en plata para el que m\u00e1s te represente en tu d\u00eda a d\u00eda.","og_url":"https:\/\/lalaboralaula.es\/MP192526\/index.php\/producto\/moonlight\/","og_site_name":"Solertia Jewellery.","article_modified_time":"2025-11-13T18:56:54+00:00","og_image":[{"width":736,"height":736,"url":"https:\/\/lalaboralaula.es\/MP192526\/wp-content\/uploads\/2025\/10\/descarga-2.jpg","type":"image\/jpeg"}],"twitter_card":"summary_large_image","twitter_misc":{"Tiempo de lectura":"2 minutos"},"schema":{"@context":"https:\/\/schema.org","@graph":[{"@type":"WebPage","@id":"https:\/\/lalaboralaula.es\/MP192526\/index.php\/producto\/moonlight\/","url":"https:\/\/lalaboralaula.es\/MP192526\/index.php\/producto\/moonlight\/","name":"Moonlight. - Solertia Jewellery.","isPartOf":{"@id":"https:\/\/lalaboralaula.es\/MP192526\/#website"},"primaryImageOfPage":{"@id":"https:\/\/lalaboralaula.es\/MP192526\/index.php\/producto\/moonlight\/#primaryimage"},"image":{"@id":"https:\/\/lalaboralaula.es\/MP192526\/index.php\/producto\/moonlight\/#primaryimage"},"thumbnailUrl":"https:\/\/lalaboralaula.es\/MP192526\/wp-content\/uploads\/2025\/10\/descarga-2.jpg","datePublished":"2025-11-06T18:47:54+00:00","dateModified":"2025-11-13T18:56:54+00:00","description":"El anillo que viene pisando fuerte en la nueva temporada. Disponible en oro y en plata para el que m\u00e1s te represente en tu d\u00eda a d\u00eda.","breadcrumb":{"@id":"https:\/\/lalaboralaula.es\/MP192526\/index.php\/producto\/moonlight\/#breadcrumb"},"inLanguage":"es","potentialAction":[{"@type":"ReadAction","target":["https:\/\/lalaboralaula.es\/MP192526\/index.php\/producto\/moonlight\/"]}]},{"@type":"ImageObject","inLanguage":"es","@id":"https:\/\/lalaboralaula.es\/MP192526\/index.php\/producto\/moonlight\/#primaryimage","url":"https:\/\/lalaboralaula.es\/MP192526\/wp-content\/uploads\/2025\/10\/descarga-2.jpg","contentUrl":"https:\/\/lalaboralaula.es\/MP192526\/wp-content\/uploads\/2025\/10\/descarga-2.jpg","width":736,"height":736,"caption":"Moonlight, el resplandor de tu mano."},{"@type":"BreadcrumbList","@id":"https:\/\/lalaboralaula.es\/MP192526\/index.php\/producto\/moonlight\/#breadcrumb","itemListElement":[{"@type":"ListItem","position":1,"name":"Portada","item":"https:\/\/lalaboralaula.es\/MP192526\/"},{"@type":"ListItem","position":2,"name":"Tienda","item":"https:\/\/lalaboralaula.es\/MP192526\/index.php\/tienda\/"},{"@type":"ListItem","position":3,"name":"Moonlight."}]},{"@type":"WebSite","@id":"https:\/\/lalaboralaula.es\/MP192526\/#website","url":"https:\/\/lalaboralaula.es\/MP192526\/","name":"Solertia Jewellery.","description":"Joyas con mucha marca.","publisher":{"@id":"https:\/\/lalaboralaula.es\/MP192526\/#organization"},"potentialAction":[{"@type":"SearchAction","target":{"@type":"EntryPoint","urlTemplate":"https:\/\/lalaboralaula.es\/MP192526\/?s={search_term_string}"},"query-input":{"@type":"PropertyValueSpecification","valueRequired":true,"valueName":"search_term_string"}}],"inLanguage":"es"},{"@type":"Organization","@id":"https:\/\/lalaboralaula.es\/MP192526\/#organization","name":"Solertia Jewellery.","url":"https:\/\/lalaboralaula.es\/MP192526\/","logo":{"@type":"ImageObject","inLanguage":"es","@id":"https:\/\/lalaboralaula.es\/MP192526\/#\/schema\/logo\/image\/","url":"https:\/\/lalaboralaula.es\/MP192526\/wp-content\/uploads\/2026\/01\/cropped-Logo-solertia-.png","contentUrl":"https:\/\/lalaboralaula.es\/MP192526\/wp-content\/uploads\/2026\/01\/cropped-Logo-solertia-.png","width":500,"height":247,"caption":"Solertia Jewellery."},"image":{"@id":"https:\/\/lalaboralaula.es\/MP192526\/#\/schema\/logo\/image\/"}}]}},"_links":{"self":[{"href":"https:\/\/lalaboralaula.es\/MP192526\/index.php\/wp-json\/wp\/v2\/product\/98","targetHints":{"allow":["GET"]}}],"collection":[{"href":"https:\/\/lalaboralaula.es\/MP192526\/index.php\/wp-json\/wp\/v2\/product"}],"about":[{"href":"https:\/\/lalaboralaula.es\/MP192526\/index.php\/wp-json\/wp\/v2\/types\/product"}],"replies":[{"embeddable":true,"href":"https:\/\/lalaboralaula.es\/MP192526\/index.php\/wp-json\/wp\/v2\/comments?post=98"}],"wp:featuredmedia":[{"embeddable":true,"href":"https:\/\/lalaboralaula.es\/MP192526\/index.php\/wp-json\/wp\/v2\/media\/100"}],"wp:attachment":[{"href":"https:\/\/lalaboralaula.es\/MP192526\/index.php\/wp-json\/wp\/v2\/media?parent=98"}],"wp:term":[{"taxonomy":"product_brand","embeddable":true,"href":"https:\/\/lalaboralaula.es\/MP192526\/index.php\/wp-json\/wp\/v2\/product_brand?post=98"},{"taxonomy":"product_cat","embeddable":true,"href":"https:\/\/lalaboralaula.es\/MP192526\/index.php\/wp-json\/wp\/v2\/product_cat?post=98"},{"taxonomy":"product_tag","embeddable":true,"href":"https:\/\/lalaboralaula.es\/MP192526\/index.php\/wp-json\/wp\/v2\/product_tag?post=98"}],"curies":[{"name":"wp","href":"https:\/\/api.w.org\/{rel}","templated":true}]}}