{"id":266,"date":"2025-11-19T20:29:42","date_gmt":"2025-11-19T19:29:42","guid":{"rendered":"https:\/\/lalaboralaula.es\/MP182526\/?post_type=product&#038;p=266"},"modified":"2025-11-19T20:33:45","modified_gmt":"2025-11-19T19:33:45","slug":"neceser-brochas-glesy","status":"publish","type":"product","link":"https:\/\/lalaboralaula.es\/MP182526\/index.php\/producto\/neceser-brochas-glesy\/","title":{"rendered":"Neceser para brochas Glesy Makeup"},"content":{"rendered":"<p>\u00a1Nuestro Neceser de brochas ya est\u00e1 aqu\u00ed!<\/p>\n<p>Damos la bienvenida a nuestros neceseres Glesy, empezando por este neceser alargado para brochas. Con una cremallera dorada que aporta una calidad excepcional al producto. F\u00e1cil de transportar e ideal para viajes.<\/p>\n<p>Capacidad para 10 brochas.<\/p>\n<p>Es una oportunidad \u00fanica para llevar tus brochas en un lugar seguro en tus pr\u00f3ximos viajes. Tiene una estructura r\u00edgida que no permite que las brochas se rompan o estropeen.<\/p>\n<p>Materiales de primera calidad y sistema antihumedad.<\/p>\n","protected":false},"excerpt":{"rendered":"<p>\u00a1Nuestro Neceser de brochas ya est\u00e1 aqu\u00ed!<\/p>\n<p>Damos la bienvenida a nuestros neceseres Glesy, empezando por este neceser alargado para brochas. Con una cremallera dorada que aporta una calidad excepcional al producto. F\u00e1cil de transportar e ideal para viajes.<\/p>\n<p>Capacidad para 10 brochas.<\/p>\n","protected":false},"featured_media":267,"comment_status":"open","ping_status":"closed","template":"","meta":[],"product_brand":[],"product_cat":[47,48,17],"product_tag":[],"class_list":{"0":"post-266","1":"product","2":"type-product","3":"status-publish","4":"has-post-thumbnail","6":"product_cat-accesorios-de-maquillaje","7":"product_cat-neceseres","8":"product_cat-sin-categorizar","10":"first","11":"instock","12":"shipping-taxable","13":"purchasable","14":"product-type-simple"},"yoast_head":"<!-- This site is optimized with the Yoast SEO plugin v27.3 - https:\/\/yoast.com\/product\/yoast-seo-wordpress\/ -->\n<title>Neceser para brochas Glesy Makeup - Glesy Makeup<\/title>\n<meta name=\"robots\" content=\"index, follow, max-snippet:-1, max-image-preview:large, max-video-preview:-1\" \/>\n<link rel=\"canonical\" href=\"https:\/\/lalaboralaula.es\/MP182526\/index.php\/producto\/neceser-brochas-glesy\/\" \/>\n<meta property=\"og:locale\" content=\"es_ES\" \/>\n<meta property=\"og:type\" content=\"article\" \/>\n<meta property=\"og:title\" content=\"Neceser para brochas Glesy Makeup - Glesy Makeup\" \/>\n<meta property=\"og:description\" content=\"\u00a1Nuestro Neceser de brochas ya est\u00e1 aqu\u00ed!  Damos la bienvenida a nuestros neceseres Glesy, empezando por este neceser alargado para brochas. Con una cremallera dorada que aporta una calidad excepcional al producto. F\u00e1cil de transportar e ideal para viajes.  Capacidad para 10 brochas.\" \/>\n<meta property=\"og:url\" content=\"https:\/\/lalaboralaula.es\/MP182526\/index.php\/producto\/neceser-brochas-glesy\/\" \/>\n<meta property=\"og:site_name\" content=\"Glesy Makeup\" \/>\n<meta property=\"article:modified_time\" content=\"2025-11-19T19:33:45+00:00\" \/>\n<meta property=\"og:image\" content=\"https:\/\/lalaboralaula.es\/MP182526\/wp-content\/uploads\/2025\/11\/neceser.jpg\" \/>\n\t<meta property=\"og:image:width\" content=\"608\" \/>\n\t<meta property=\"og:image:height\" content=\"612\" \/>\n\t<meta property=\"og:image:type\" content=\"image\/jpeg\" \/>\n<meta name=\"twitter:card\" content=\"summary_large_image\" \/>\n<meta name=\"twitter:label1\" content=\"Tiempo de lectura\" \/>\n\t<meta name=\"twitter:data1\" content=\"1 minuto\" \/>\n<script type=\"application\/ld+json\" class=\"yoast-schema-graph\">{\"@context\":\"https:\\\/\\\/schema.org\",\"@graph\":[{\"@type\":\"WebPage\",\"@id\":\"https:\\\/\\\/lalaboralaula.es\\\/MP182526\\\/index.php\\\/producto\\\/neceser-brochas-glesy\\\/\",\"url\":\"https:\\\/\\\/lalaboralaula.es\\\/MP182526\\\/index.php\\\/producto\\\/neceser-brochas-glesy\\\/\",\"name\":\"Neceser para brochas Glesy Makeup - Glesy Makeup\",\"isPartOf\":{\"@id\":\"https:\\\/\\\/lalaboralaula.es\\\/MP182526\\\/#website\"},\"primaryImageOfPage\":{\"@id\":\"https:\\\/\\\/lalaboralaula.es\\\/MP182526\\\/index.php\\\/producto\\\/neceser-brochas-glesy\\\/#primaryimage\"},\"image\":{\"@id\":\"https:\\\/\\\/lalaboralaula.es\\\/MP182526\\\/index.php\\\/producto\\\/neceser-brochas-glesy\\\/#primaryimage\"},\"thumbnailUrl\":\"https:\\\/\\\/lalaboralaula.es\\\/MP182526\\\/wp-content\\\/uploads\\\/2025\\\/11\\\/neceser.jpg\",\"datePublished\":\"2025-11-19T19:29:42+00:00\",\"dateModified\":\"2025-11-19T19:33:45+00:00\",\"breadcrumb\":{\"@id\":\"https:\\\/\\\/lalaboralaula.es\\\/MP182526\\\/index.php\\\/producto\\\/neceser-brochas-glesy\\\/#breadcrumb\"},\"inLanguage\":\"es\",\"potentialAction\":[{\"@type\":\"ReadAction\",\"target\":[\"https:\\\/\\\/lalaboralaula.es\\\/MP182526\\\/index.php\\\/producto\\\/neceser-brochas-glesy\\\/\"]}]},{\"@type\":\"ImageObject\",\"inLanguage\":\"es\",\"@id\":\"https:\\\/\\\/lalaboralaula.es\\\/MP182526\\\/index.php\\\/producto\\\/neceser-brochas-glesy\\\/#primaryimage\",\"url\":\"https:\\\/\\\/lalaboralaula.es\\\/MP182526\\\/wp-content\\\/uploads\\\/2025\\\/11\\\/neceser.jpg\",\"contentUrl\":\"https:\\\/\\\/lalaboralaula.es\\\/MP182526\\\/wp-content\\\/uploads\\\/2025\\\/11\\\/neceser.jpg\",\"width\":608,\"height\":612,\"caption\":\"Neceser Glesy Makeup\"},{\"@type\":\"BreadcrumbList\",\"@id\":\"https:\\\/\\\/lalaboralaula.es\\\/MP182526\\\/index.php\\\/producto\\\/neceser-brochas-glesy\\\/#breadcrumb\",\"itemListElement\":[{\"@type\":\"ListItem\",\"position\":1,\"name\":\"Portada\",\"item\":\"https:\\\/\\\/lalaboralaula.es\\\/MP182526\\\/\"},{\"@type\":\"ListItem\",\"position\":2,\"name\":\"Tienda\",\"item\":\"https:\\\/\\\/lalaboralaula.es\\\/MP182526\\\/index.php\\\/tienda\\\/\"},{\"@type\":\"ListItem\",\"position\":3,\"name\":\"Neceser para brochas Glesy Makeup\"}]},{\"@type\":\"WebSite\",\"@id\":\"https:\\\/\\\/lalaboralaula.es\\\/MP182526\\\/#website\",\"url\":\"https:\\\/\\\/lalaboralaula.es\\\/MP182526\\\/\",\"name\":\"Glesy Makeup\",\"description\":\"S\u00e9 el cambio que quieres ver.\",\"publisher\":{\"@id\":\"https:\\\/\\\/lalaboralaula.es\\\/MP182526\\\/#organization\"},\"potentialAction\":[{\"@type\":\"SearchAction\",\"target\":{\"@type\":\"EntryPoint\",\"urlTemplate\":\"https:\\\/\\\/lalaboralaula.es\\\/MP182526\\\/?s={search_term_string}\"},\"query-input\":{\"@type\":\"PropertyValueSpecification\",\"valueRequired\":true,\"valueName\":\"search_term_string\"}}],\"inLanguage\":\"es\"},{\"@type\":\"Organization\",\"@id\":\"https:\\\/\\\/lalaboralaula.es\\\/MP182526\\\/#organization\",\"name\":\"Glesy Makeup\",\"url\":\"https:\\\/\\\/lalaboralaula.es\\\/MP182526\\\/\",\"logo\":{\"@type\":\"ImageObject\",\"inLanguage\":\"es\",\"@id\":\"https:\\\/\\\/lalaboralaula.es\\\/MP182526\\\/#\\\/schema\\\/logo\\\/image\\\/\",\"url\":\"https:\\\/\\\/lalaboralaula.es\\\/MP182526\\\/wp-content\\\/uploads\\\/2026\\\/02\\\/cropped-glesy-2.png\",\"contentUrl\":\"https:\\\/\\\/lalaboralaula.es\\\/MP182526\\\/wp-content\\\/uploads\\\/2026\\\/02\\\/cropped-glesy-2.png\",\"width\":500,\"height\":159,\"caption\":\"Glesy Makeup\"},\"image\":{\"@id\":\"https:\\\/\\\/lalaboralaula.es\\\/MP182526\\\/#\\\/schema\\\/logo\\\/image\\\/\"}}]}<\/script>\n<!-- \/ Yoast SEO plugin. -->","yoast_head_json":{"title":"Neceser para brochas Glesy Makeup - Glesy Makeup","robots":{"index":"index","follow":"follow","max-snippet":"max-snippet:-1","max-image-preview":"max-image-preview:large","max-video-preview":"max-video-preview:-1"},"canonical":"https:\/\/lalaboralaula.es\/MP182526\/index.php\/producto\/neceser-brochas-glesy\/","og_locale":"es_ES","og_type":"article","og_title":"Neceser para brochas Glesy Makeup - Glesy Makeup","og_description":"\u00a1Nuestro Neceser de brochas ya est\u00e1 aqu\u00ed!  Damos la bienvenida a nuestros neceseres Glesy, empezando por este neceser alargado para brochas. Con una cremallera dorada que aporta una calidad excepcional al producto. F\u00e1cil de transportar e ideal para viajes.  Capacidad para 10 brochas.","og_url":"https:\/\/lalaboralaula.es\/MP182526\/index.php\/producto\/neceser-brochas-glesy\/","og_site_name":"Glesy Makeup","article_modified_time":"2025-11-19T19:33:45+00:00","og_image":[{"width":608,"height":612,"url":"https:\/\/lalaboralaula.es\/MP182526\/wp-content\/uploads\/2025\/11\/neceser.jpg","type":"image\/jpeg"}],"twitter_card":"summary_large_image","twitter_misc":{"Tiempo de lectura":"1 minuto"},"schema":{"@context":"https:\/\/schema.org","@graph":[{"@type":"WebPage","@id":"https:\/\/lalaboralaula.es\/MP182526\/index.php\/producto\/neceser-brochas-glesy\/","url":"https:\/\/lalaboralaula.es\/MP182526\/index.php\/producto\/neceser-brochas-glesy\/","name":"Neceser para brochas Glesy Makeup - Glesy Makeup","isPartOf":{"@id":"https:\/\/lalaboralaula.es\/MP182526\/#website"},"primaryImageOfPage":{"@id":"https:\/\/lalaboralaula.es\/MP182526\/index.php\/producto\/neceser-brochas-glesy\/#primaryimage"},"image":{"@id":"https:\/\/lalaboralaula.es\/MP182526\/index.php\/producto\/neceser-brochas-glesy\/#primaryimage"},"thumbnailUrl":"https:\/\/lalaboralaula.es\/MP182526\/wp-content\/uploads\/2025\/11\/neceser.jpg","datePublished":"2025-11-19T19:29:42+00:00","dateModified":"2025-11-19T19:33:45+00:00","breadcrumb":{"@id":"https:\/\/lalaboralaula.es\/MP182526\/index.php\/producto\/neceser-brochas-glesy\/#breadcrumb"},"inLanguage":"es","potentialAction":[{"@type":"ReadAction","target":["https:\/\/lalaboralaula.es\/MP182526\/index.php\/producto\/neceser-brochas-glesy\/"]}]},{"@type":"ImageObject","inLanguage":"es","@id":"https:\/\/lalaboralaula.es\/MP182526\/index.php\/producto\/neceser-brochas-glesy\/#primaryimage","url":"https:\/\/lalaboralaula.es\/MP182526\/wp-content\/uploads\/2025\/11\/neceser.jpg","contentUrl":"https:\/\/lalaboralaula.es\/MP182526\/wp-content\/uploads\/2025\/11\/neceser.jpg","width":608,"height":612,"caption":"Neceser Glesy Makeup"},{"@type":"BreadcrumbList","@id":"https:\/\/lalaboralaula.es\/MP182526\/index.php\/producto\/neceser-brochas-glesy\/#breadcrumb","itemListElement":[{"@type":"ListItem","position":1,"name":"Portada","item":"https:\/\/lalaboralaula.es\/MP182526\/"},{"@type":"ListItem","position":2,"name":"Tienda","item":"https:\/\/lalaboralaula.es\/MP182526\/index.php\/tienda\/"},{"@type":"ListItem","position":3,"name":"Neceser para brochas Glesy Makeup"}]},{"@type":"WebSite","@id":"https:\/\/lalaboralaula.es\/MP182526\/#website","url":"https:\/\/lalaboralaula.es\/MP182526\/","name":"Glesy Makeup","description":"S\u00e9 el cambio que quieres ver.","publisher":{"@id":"https:\/\/lalaboralaula.es\/MP182526\/#organization"},"potentialAction":[{"@type":"SearchAction","target":{"@type":"EntryPoint","urlTemplate":"https:\/\/lalaboralaula.es\/MP182526\/?s={search_term_string}"},"query-input":{"@type":"PropertyValueSpecification","valueRequired":true,"valueName":"search_term_string"}}],"inLanguage":"es"},{"@type":"Organization","@id":"https:\/\/lalaboralaula.es\/MP182526\/#organization","name":"Glesy Makeup","url":"https:\/\/lalaboralaula.es\/MP182526\/","logo":{"@type":"ImageObject","inLanguage":"es","@id":"https:\/\/lalaboralaula.es\/MP182526\/#\/schema\/logo\/image\/","url":"https:\/\/lalaboralaula.es\/MP182526\/wp-content\/uploads\/2026\/02\/cropped-glesy-2.png","contentUrl":"https:\/\/lalaboralaula.es\/MP182526\/wp-content\/uploads\/2026\/02\/cropped-glesy-2.png","width":500,"height":159,"caption":"Glesy Makeup"},"image":{"@id":"https:\/\/lalaboralaula.es\/MP182526\/#\/schema\/logo\/image\/"}}]}},"_links":{"self":[{"href":"https:\/\/lalaboralaula.es\/MP182526\/index.php\/wp-json\/wp\/v2\/product\/266","targetHints":{"allow":["GET"]}}],"collection":[{"href":"https:\/\/lalaboralaula.es\/MP182526\/index.php\/wp-json\/wp\/v2\/product"}],"about":[{"href":"https:\/\/lalaboralaula.es\/MP182526\/index.php\/wp-json\/wp\/v2\/types\/product"}],"replies":[{"embeddable":true,"href":"https:\/\/lalaboralaula.es\/MP182526\/index.php\/wp-json\/wp\/v2\/comments?post=266"}],"wp:featuredmedia":[{"embeddable":true,"href":"https:\/\/lalaboralaula.es\/MP182526\/index.php\/wp-json\/wp\/v2\/media\/267"}],"wp:attachment":[{"href":"https:\/\/lalaboralaula.es\/MP182526\/index.php\/wp-json\/wp\/v2\/media?parent=266"}],"wp:term":[{"taxonomy":"product_brand","embeddable":true,"href":"https:\/\/lalaboralaula.es\/MP182526\/index.php\/wp-json\/wp\/v2\/product_brand?post=266"},{"taxonomy":"product_cat","embeddable":true,"href":"https:\/\/lalaboralaula.es\/MP182526\/index.php\/wp-json\/wp\/v2\/product_cat?post=266"},{"taxonomy":"product_tag","embeddable":true,"href":"https:\/\/lalaboralaula.es\/MP182526\/index.php\/wp-json\/wp\/v2\/product_tag?post=266"}],"curies":[{"name":"wp","href":"https:\/\/api.w.org\/{rel}","templated":true}]}}