{"id":147,"date":"2025-10-30T20:45:08","date_gmt":"2025-10-30T19:45:08","guid":{"rendered":"https:\/\/lalaboralaula.es\/MP182526\/?post_type=product&#038;p=147"},"modified":"2025-12-04T20:05:18","modified_gmt":"2025-12-04T19:05:18","slug":"glesy-lip-tint","status":"publish","type":"product","link":"https:\/\/lalaboralaula.es\/MP182526\/index.php\/producto\/glesy-lip-tint\/","title":{"rendered":"Glesy Lip Tint"},"content":{"rendered":"<h3 data-start=\"286\" data-end=\"339\"><strong data-start=\"293\" data-end=\"339\">Lip Tint Glesy Makeup \u2013 Color que empodera<\/strong><\/h3>\n<p data-start=\"341\" data-end=\"763\">El <strong data-start=\"344\" data-end=\"369\">Lip Tint Glesy Makeup<\/strong> es mucho m\u00e1s que un simple labial: es una herramienta de <strong data-start=\"427\" data-end=\"462\">expresi\u00f3n, fuerza y creatividad<\/strong>. Dise\u00f1ado para tod@s l@s valientes que quieren <strong data-start=\"510\" data-end=\"535\">destacar sin esfuerzo<\/strong>, combina pigmentos intensos con una textura ligera y c\u00f3moda que se adapta a tu ritmo diario y a tu pasi\u00f3n por el maquillaje art\u00edstico. Cada aplicaci\u00f3n es una invitaci\u00f3n a <strong data-start=\"707\" data-end=\"760\">transformarte y mostrar tu aut\u00e9ntica personalidad<\/strong>.<\/p>\n<p data-start=\"341\" data-end=\"763\"><strong data-start=\"768\" data-end=\"798\">Color duradero y vers\u00e1til:<\/strong><br data-start=\"798\" data-end=\"801\" \/>Su f\u00f3rmula innovadora ofrece un <strong data-start=\"833\" data-end=\"865\">acabado natural y resistente<\/strong> durante horas, sin resecar los labios. Ya sea para un look diario sutil, un maquillaje art\u00edstico o un efecto FX llamativo, el Lip Tint se mantiene impecable, permiti\u00e9ndote <strong data-start=\"1038\" data-end=\"1081\">crear y experimentar con total libertad<\/strong>.<\/p>\n<p data-start=\"1086\" data-end=\"1458\"><strong data-start=\"1089\" data-end=\"1126\">Para todos los estilos y niveles:<\/strong><br data-start=\"1126\" data-end=\"1129\" \/>Disponible en tonos vibrantes y elegantes, es ideal tanto para quienes reci\u00e9n comienzan en el mundo del maquillaje como para profesionales que buscan resultados precisos y de alta calidad. Su textura cremosa y f\u00e1cil de difuminar permite jugar con <strong data-start=\"1376\" data-end=\"1413\">capas, degradados y combinaciones<\/strong> para lograr un look \u00fanico y personalizado.<\/p>\n<p data-start=\"1460\" data-end=\"1682\"><strong data-start=\"1463\" data-end=\"1492\">Cruelty-free e inclusivo:<\/strong><br data-start=\"1492\" data-end=\"1495\" \/>Formulado sin crueldad animal y apto para todo tipo de piel, reafirma la filosof\u00eda de <strong data-start=\"1581\" data-end=\"1597\">Glesy Makeup<\/strong>: el color no tiene g\u00e9nero, edad ni l\u00edmites, solo actitud, creatividad y confianza.<\/p>\n<p data-start=\"1684\" data-end=\"1970\"><strong data-start=\"1687\" data-end=\"1717\">Empod\u00e9rate con cada color:<\/strong><br data-start=\"1717\" data-end=\"1720\" \/>Con el <strong data-start=\"1727\" data-end=\"1752\">Lip Tint Glesy Makeup<\/strong>, cada sonrisa se convierte en un gesto de fuerza y libertad. Es tu aliado para <strong data-start=\"1832\" data-end=\"1863\">expresarte, brillar y crear<\/strong>. Atr\u00e9vete a mostrar tu valent\u00eda y transforma cada aplicaci\u00f3n en una declaraci\u00f3n de autenticidad y poder.<\/p>\n<p data-start=\"1684\" data-end=\"1970\">Ingredientes: Ethylhexyl Isopalmitate, Octyldodecanol, Ethylene\/propylene\/styrene Copolymer, Polyisobutene, Bis(16-methylheptade-cyl)malate, Hyaluronic Acid, Cocos Nucifera (Coconut) Oil, Argan Oil, Butyrospermur Parkii (Shea Butter) Oil, Vitamin E, Vanillin Butyl Ether, Parfum, {May Contain +\/- CI 15850, CI 50415, CI 16185, CI 77891, CI 77491, CI 77492, CI 16255, CI 45410, CI 45430}<\/p>\n","protected":false},"excerpt":{"rendered":"<p>Con el <strong data-start=\"1727\" data-end=\"1752\">Lip Tint Glesy Makeup<\/strong>, cada sonrisa se convierte en un gesto de fuerza y libertad. Es tu aliado para <strong data-start=\"1832\" data-end=\"1863\">expresarte, brillar y crear<\/strong>. Atr\u00e9vete a mostrar tu valent\u00eda y transforma cada aplicaci\u00f3n en una declaraci\u00f3n de autenticidad y poder.<\/p>\n","protected":false},"featured_media":316,"comment_status":"open","ping_status":"closed","template":"","meta":[],"product_brand":[20],"product_cat":[27,28],"product_tag":[],"class_list":{"0":"post-147","1":"product","2":"type-product","3":"status-publish","4":"has-post-thumbnail","6":"product_brand-glesy-makeup","7":"product_cat-labios","8":"product_cat-lip-tint","10":"first","11":"instock","12":"shipping-taxable","13":"purchasable","14":"product-type-variable"},"yoast_head":"<!-- This site is optimized with the Yoast SEO plugin v27.3 - https:\/\/yoast.com\/product\/yoast-seo-wordpress\/ -->\n<title>Glesy Lip Tint - Glesy Makeup<\/title>\n<meta name=\"robots\" content=\"index, follow, max-snippet:-1, max-image-preview:large, max-video-preview:-1\" \/>\n<link rel=\"canonical\" href=\"https:\/\/lalaboralaula.es\/MP182526\/index.php\/producto\/glesy-lip-tint\/\" \/>\n<meta property=\"og:locale\" content=\"es_ES\" \/>\n<meta property=\"og:type\" content=\"article\" \/>\n<meta property=\"og:title\" content=\"Glesy Lip Tint - Glesy Makeup\" \/>\n<meta property=\"og:description\" content=\"Con el Lip Tint Glesy Makeup, cada sonrisa se convierte en un gesto de fuerza y libertad. Es tu aliado para expresarte, brillar y crear. Atr\u00e9vete a mostrar tu valent\u00eda y transforma cada aplicaci\u00f3n en una declaraci\u00f3n de autenticidad y poder.\" \/>\n<meta property=\"og:url\" content=\"https:\/\/lalaboralaula.es\/MP182526\/index.php\/producto\/glesy-lip-tint\/\" \/>\n<meta property=\"og:site_name\" content=\"Glesy Makeup\" \/>\n<meta property=\"article:modified_time\" content=\"2025-12-04T19:05:18+00:00\" \/>\n<meta property=\"og:image\" content=\"https:\/\/lalaboralaula.es\/MP182526\/wp-content\/uploads\/2025\/10\/mujer-utilizando-lip-tint-juicy-rosa.jpg\" \/>\n\t<meta property=\"og:image:width\" content=\"610\" \/>\n\t<meta property=\"og:image:height\" content=\"611\" \/>\n\t<meta property=\"og:image:type\" content=\"image\/jpeg\" \/>\n<meta name=\"twitter:card\" content=\"summary_large_image\" \/>\n<meta name=\"twitter:label1\" content=\"Tiempo de lectura\" \/>\n\t<meta name=\"twitter:data1\" content=\"2 minutos\" \/>\n<script type=\"application\/ld+json\" class=\"yoast-schema-graph\">{\"@context\":\"https:\\\/\\\/schema.org\",\"@graph\":[{\"@type\":\"WebPage\",\"@id\":\"https:\\\/\\\/lalaboralaula.es\\\/MP182526\\\/index.php\\\/producto\\\/glesy-lip-tint\\\/\",\"url\":\"https:\\\/\\\/lalaboralaula.es\\\/MP182526\\\/index.php\\\/producto\\\/glesy-lip-tint\\\/\",\"name\":\"Glesy Lip Tint - Glesy Makeup\",\"isPartOf\":{\"@id\":\"https:\\\/\\\/lalaboralaula.es\\\/MP182526\\\/#website\"},\"primaryImageOfPage\":{\"@id\":\"https:\\\/\\\/lalaboralaula.es\\\/MP182526\\\/index.php\\\/producto\\\/glesy-lip-tint\\\/#primaryimage\"},\"image\":{\"@id\":\"https:\\\/\\\/lalaboralaula.es\\\/MP182526\\\/index.php\\\/producto\\\/glesy-lip-tint\\\/#primaryimage\"},\"thumbnailUrl\":\"https:\\\/\\\/lalaboralaula.es\\\/MP182526\\\/wp-content\\\/uploads\\\/2025\\\/10\\\/mujer-utilizando-lip-tint-juicy-rosa.jpg\",\"datePublished\":\"2025-10-30T19:45:08+00:00\",\"dateModified\":\"2025-12-04T19:05:18+00:00\",\"breadcrumb\":{\"@id\":\"https:\\\/\\\/lalaboralaula.es\\\/MP182526\\\/index.php\\\/producto\\\/glesy-lip-tint\\\/#breadcrumb\"},\"inLanguage\":\"es\",\"potentialAction\":[{\"@type\":\"ReadAction\",\"target\":[\"https:\\\/\\\/lalaboralaula.es\\\/MP182526\\\/index.php\\\/producto\\\/glesy-lip-tint\\\/\"]}]},{\"@type\":\"ImageObject\",\"inLanguage\":\"es\",\"@id\":\"https:\\\/\\\/lalaboralaula.es\\\/MP182526\\\/index.php\\\/producto\\\/glesy-lip-tint\\\/#primaryimage\",\"url\":\"https:\\\/\\\/lalaboralaula.es\\\/MP182526\\\/wp-content\\\/uploads\\\/2025\\\/10\\\/mujer-utilizando-lip-tint-juicy-rosa.jpg\",\"contentUrl\":\"https:\\\/\\\/lalaboralaula.es\\\/MP182526\\\/wp-content\\\/uploads\\\/2025\\\/10\\\/mujer-utilizando-lip-tint-juicy-rosa.jpg\",\"width\":610,\"height\":611,\"caption\":\"mujer utilizando lip tint juicy rosa\"},{\"@type\":\"BreadcrumbList\",\"@id\":\"https:\\\/\\\/lalaboralaula.es\\\/MP182526\\\/index.php\\\/producto\\\/glesy-lip-tint\\\/#breadcrumb\",\"itemListElement\":[{\"@type\":\"ListItem\",\"position\":1,\"name\":\"Portada\",\"item\":\"https:\\\/\\\/lalaboralaula.es\\\/MP182526\\\/\"},{\"@type\":\"ListItem\",\"position\":2,\"name\":\"Tienda\",\"item\":\"https:\\\/\\\/lalaboralaula.es\\\/MP182526\\\/index.php\\\/tienda\\\/\"},{\"@type\":\"ListItem\",\"position\":3,\"name\":\"Glesy Lip Tint\"}]},{\"@type\":\"WebSite\",\"@id\":\"https:\\\/\\\/lalaboralaula.es\\\/MP182526\\\/#website\",\"url\":\"https:\\\/\\\/lalaboralaula.es\\\/MP182526\\\/\",\"name\":\"Glesy Makeup\",\"description\":\"S\u00e9 el cambio que quieres ver.\",\"publisher\":{\"@id\":\"https:\\\/\\\/lalaboralaula.es\\\/MP182526\\\/#organization\"},\"potentialAction\":[{\"@type\":\"SearchAction\",\"target\":{\"@type\":\"EntryPoint\",\"urlTemplate\":\"https:\\\/\\\/lalaboralaula.es\\\/MP182526\\\/?s={search_term_string}\"},\"query-input\":{\"@type\":\"PropertyValueSpecification\",\"valueRequired\":true,\"valueName\":\"search_term_string\"}}],\"inLanguage\":\"es\"},{\"@type\":\"Organization\",\"@id\":\"https:\\\/\\\/lalaboralaula.es\\\/MP182526\\\/#organization\",\"name\":\"Glesy Makeup\",\"url\":\"https:\\\/\\\/lalaboralaula.es\\\/MP182526\\\/\",\"logo\":{\"@type\":\"ImageObject\",\"inLanguage\":\"es\",\"@id\":\"https:\\\/\\\/lalaboralaula.es\\\/MP182526\\\/#\\\/schema\\\/logo\\\/image\\\/\",\"url\":\"https:\\\/\\\/lalaboralaula.es\\\/MP182526\\\/wp-content\\\/uploads\\\/2026\\\/02\\\/cropped-glesy-2.png\",\"contentUrl\":\"https:\\\/\\\/lalaboralaula.es\\\/MP182526\\\/wp-content\\\/uploads\\\/2026\\\/02\\\/cropped-glesy-2.png\",\"width\":500,\"height\":159,\"caption\":\"Glesy Makeup\"},\"image\":{\"@id\":\"https:\\\/\\\/lalaboralaula.es\\\/MP182526\\\/#\\\/schema\\\/logo\\\/image\\\/\"}}]}<\/script>\n<!-- \/ Yoast SEO plugin. -->","yoast_head_json":{"title":"Glesy Lip Tint - Glesy Makeup","robots":{"index":"index","follow":"follow","max-snippet":"max-snippet:-1","max-image-preview":"max-image-preview:large","max-video-preview":"max-video-preview:-1"},"canonical":"https:\/\/lalaboralaula.es\/MP182526\/index.php\/producto\/glesy-lip-tint\/","og_locale":"es_ES","og_type":"article","og_title":"Glesy Lip Tint - Glesy Makeup","og_description":"Con el Lip Tint Glesy Makeup, cada sonrisa se convierte en un gesto de fuerza y libertad. Es tu aliado para expresarte, brillar y crear. Atr\u00e9vete a mostrar tu valent\u00eda y transforma cada aplicaci\u00f3n en una declaraci\u00f3n de autenticidad y poder.","og_url":"https:\/\/lalaboralaula.es\/MP182526\/index.php\/producto\/glesy-lip-tint\/","og_site_name":"Glesy Makeup","article_modified_time":"2025-12-04T19:05:18+00:00","og_image":[{"width":610,"height":611,"url":"https:\/\/lalaboralaula.es\/MP182526\/wp-content\/uploads\/2025\/10\/mujer-utilizando-lip-tint-juicy-rosa.jpg","type":"image\/jpeg"}],"twitter_card":"summary_large_image","twitter_misc":{"Tiempo de lectura":"2 minutos"},"schema":{"@context":"https:\/\/schema.org","@graph":[{"@type":"WebPage","@id":"https:\/\/lalaboralaula.es\/MP182526\/index.php\/producto\/glesy-lip-tint\/","url":"https:\/\/lalaboralaula.es\/MP182526\/index.php\/producto\/glesy-lip-tint\/","name":"Glesy Lip Tint - Glesy Makeup","isPartOf":{"@id":"https:\/\/lalaboralaula.es\/MP182526\/#website"},"primaryImageOfPage":{"@id":"https:\/\/lalaboralaula.es\/MP182526\/index.php\/producto\/glesy-lip-tint\/#primaryimage"},"image":{"@id":"https:\/\/lalaboralaula.es\/MP182526\/index.php\/producto\/glesy-lip-tint\/#primaryimage"},"thumbnailUrl":"https:\/\/lalaboralaula.es\/MP182526\/wp-content\/uploads\/2025\/10\/mujer-utilizando-lip-tint-juicy-rosa.jpg","datePublished":"2025-10-30T19:45:08+00:00","dateModified":"2025-12-04T19:05:18+00:00","breadcrumb":{"@id":"https:\/\/lalaboralaula.es\/MP182526\/index.php\/producto\/glesy-lip-tint\/#breadcrumb"},"inLanguage":"es","potentialAction":[{"@type":"ReadAction","target":["https:\/\/lalaboralaula.es\/MP182526\/index.php\/producto\/glesy-lip-tint\/"]}]},{"@type":"ImageObject","inLanguage":"es","@id":"https:\/\/lalaboralaula.es\/MP182526\/index.php\/producto\/glesy-lip-tint\/#primaryimage","url":"https:\/\/lalaboralaula.es\/MP182526\/wp-content\/uploads\/2025\/10\/mujer-utilizando-lip-tint-juicy-rosa.jpg","contentUrl":"https:\/\/lalaboralaula.es\/MP182526\/wp-content\/uploads\/2025\/10\/mujer-utilizando-lip-tint-juicy-rosa.jpg","width":610,"height":611,"caption":"mujer utilizando lip tint juicy rosa"},{"@type":"BreadcrumbList","@id":"https:\/\/lalaboralaula.es\/MP182526\/index.php\/producto\/glesy-lip-tint\/#breadcrumb","itemListElement":[{"@type":"ListItem","position":1,"name":"Portada","item":"https:\/\/lalaboralaula.es\/MP182526\/"},{"@type":"ListItem","position":2,"name":"Tienda","item":"https:\/\/lalaboralaula.es\/MP182526\/index.php\/tienda\/"},{"@type":"ListItem","position":3,"name":"Glesy Lip Tint"}]},{"@type":"WebSite","@id":"https:\/\/lalaboralaula.es\/MP182526\/#website","url":"https:\/\/lalaboralaula.es\/MP182526\/","name":"Glesy Makeup","description":"S\u00e9 el cambio que quieres ver.","publisher":{"@id":"https:\/\/lalaboralaula.es\/MP182526\/#organization"},"potentialAction":[{"@type":"SearchAction","target":{"@type":"EntryPoint","urlTemplate":"https:\/\/lalaboralaula.es\/MP182526\/?s={search_term_string}"},"query-input":{"@type":"PropertyValueSpecification","valueRequired":true,"valueName":"search_term_string"}}],"inLanguage":"es"},{"@type":"Organization","@id":"https:\/\/lalaboralaula.es\/MP182526\/#organization","name":"Glesy Makeup","url":"https:\/\/lalaboralaula.es\/MP182526\/","logo":{"@type":"ImageObject","inLanguage":"es","@id":"https:\/\/lalaboralaula.es\/MP182526\/#\/schema\/logo\/image\/","url":"https:\/\/lalaboralaula.es\/MP182526\/wp-content\/uploads\/2026\/02\/cropped-glesy-2.png","contentUrl":"https:\/\/lalaboralaula.es\/MP182526\/wp-content\/uploads\/2026\/02\/cropped-glesy-2.png","width":500,"height":159,"caption":"Glesy Makeup"},"image":{"@id":"https:\/\/lalaboralaula.es\/MP182526\/#\/schema\/logo\/image\/"}}]}},"_links":{"self":[{"href":"https:\/\/lalaboralaula.es\/MP182526\/index.php\/wp-json\/wp\/v2\/product\/147","targetHints":{"allow":["GET"]}}],"collection":[{"href":"https:\/\/lalaboralaula.es\/MP182526\/index.php\/wp-json\/wp\/v2\/product"}],"about":[{"href":"https:\/\/lalaboralaula.es\/MP182526\/index.php\/wp-json\/wp\/v2\/types\/product"}],"replies":[{"embeddable":true,"href":"https:\/\/lalaboralaula.es\/MP182526\/index.php\/wp-json\/wp\/v2\/comments?post=147"}],"wp:featuredmedia":[{"embeddable":true,"href":"https:\/\/lalaboralaula.es\/MP182526\/index.php\/wp-json\/wp\/v2\/media\/316"}],"wp:attachment":[{"href":"https:\/\/lalaboralaula.es\/MP182526\/index.php\/wp-json\/wp\/v2\/media?parent=147"}],"wp:term":[{"taxonomy":"product_brand","embeddable":true,"href":"https:\/\/lalaboralaula.es\/MP182526\/index.php\/wp-json\/wp\/v2\/product_brand?post=147"},{"taxonomy":"product_cat","embeddable":true,"href":"https:\/\/lalaboralaula.es\/MP182526\/index.php\/wp-json\/wp\/v2\/product_cat?post=147"},{"taxonomy":"product_tag","embeddable":true,"href":"https:\/\/lalaboralaula.es\/MP182526\/index.php\/wp-json\/wp\/v2\/product_tag?post=147"}],"curies":[{"name":"wp","href":"https:\/\/api.w.org\/{rel}","templated":true}]}}