{"id":29,"date":"2025-10-23T19:35:09","date_gmt":"2025-10-23T17:35:09","guid":{"rendered":"https:\/\/lalaboralaula.es\/MP182526\/?page_id=29"},"modified":"2025-11-17T20:09:09","modified_gmt":"2025-11-17T19:09:09","slug":"nuestro-compromiso-con-la-sostenibilidad","status":"publish","type":"page","link":"https:\/\/lalaboralaula.es\/MP182526\/index.php\/nuestro-compromiso-con-la-sostenibilidad\/","title":{"rendered":"Nuestro compromiso con la sostenibilidad"},"content":{"rendered":"\n<h1 class=\"wp-block-heading\">Nuestro Compromiso con la Sostenibilidad<\/h1>\n\n\n\n<p>En <strong>Glesy Makeup<\/strong> creemos que la belleza no deber\u00eda comprometer el bienestar del planeta. Cada decisi\u00f3n que tomamos \u2014desde la selecci\u00f3n de productos hasta la manera en la que trabajamos\u2014 est\u00e1 guiada por un objetivo: ofrecer maquillaje de calidad mientras reducimos nuestro impacto ambiental.<\/p>\n\n\n\n<h2 class=\"wp-block-heading\">Belleza consciente, decisiones responsables<\/h2>\n\n\n\n<p>Nos comprometemos a colaborar con marcas que comparten nuestros valores: productos respetuosos con la piel y el entorno, ingredientes responsables y procesos que minimizan el residuo. Priorizamos art\u00edculos duraderos, seguros y elaborados con materiales m\u00e1s sostenibles siempre que sea posible.<\/p>\n\n\n\n<h2 class=\"wp-block-heading\"> Env\u00edos m\u00e1s sostenibles<\/h2>\n\n\n\n<p>Sabemos que cada pedido cuenta. Por eso:<\/p>\n\n\n\n<ul class=\"wp-block-list\">\n<li>Utilizamos <strong>embalaje reducido y reciclable<\/strong>, evitando pl\u00e1sticos innecesarios.<\/li>\n\n\n\n<li>Optimizamos el tama\u00f1o de las cajas para disminuir el desperdicio.<\/li>\n\n\n\n<li>Reutilizamos materiales de protecci\u00f3n siempre que cumplen con los est\u00e1ndares de seguridad.<\/li>\n<\/ul>\n\n\n\n<p>Peque\u00f1as acciones que, sumadas, generan un impacto real.<\/p>\n\n\n\n<h2 class=\"wp-block-heading\"> Selecci\u00f3n de productos con impacto positivo<\/h2>\n\n\n\n<p>Buscamos continuamente opciones que aporten valor no solo a tu rutina de maquillaje, sino tambi\u00e9n al entorno. Esto incluye:<\/p>\n\n\n\n<ul class=\"wp-block-list\">\n<li>Marcas que trabajan con ingredientes responsables.<\/li>\n\n\n\n<li>Laboratorios con pol\u00edticas de reducci\u00f3n de emisiones.<\/li>\n\n\n\n<li>Productos con larga durabilidad para evitar consumo excesivo.<\/li>\n<\/ul>\n\n\n\n<h2 class=\"wp-block-heading\"> Avanzamos paso a paso<\/h2>\n\n\n\n<p>La sostenibilidad es un camino, no un destino. En Glesy Makeup revisamos constantemente nuestros procesos para mejorar e incorporar nuevas pr\u00e1cticas m\u00e1s responsables. Nuestro objetivo es que cada avance contribuya a un futuro m\u00e1s consciente dentro del mundo de la belleza.<\/p>\n\n\n\n<h2 class=\"wp-block-heading\"> Gracias por ser parte del cambio<\/h2>\n\n\n\n<p>Cada compra, cada elecci\u00f3n y cada gesto suma. Gracias por confiar en Glesy Makeup y acompa\u00f1arnos en esta visi\u00f3n de una belleza m\u00e1s \u00e9tica, respetuosa y sostenible.<\/p>\n","protected":false},"excerpt":{"rendered":"<p>Nuestro Compromiso con la Sostenibilidad En Glesy Makeup creemos que la belleza no deber\u00eda comprometer el bienestar del planeta. Cada decisi\u00f3n que tomamos \u2014desde la selecci\u00f3n de productos hasta la manera en la que trabajamos\u2014 est\u00e1 guiada por un objetivo: ofrecer maquillaje de calidad mientras reducimos nuestro impacto ambiental. Belleza consciente, decisiones responsables Nos comprometemos [&hellip;]<\/p>\n","protected":false},"author":1,"featured_media":0,"parent":0,"menu_order":0,"comment_status":"closed","ping_status":"closed","template":"","meta":{"footnotes":""},"class_list":["post-29","page","type-page","status-publish","hentry"],"yoast_head":"<!-- This site is optimized with the Yoast SEO plugin v27.3 - https:\/\/yoast.com\/product\/yoast-seo-wordpress\/ -->\n<title>Nuestro compromiso con la sostenibilidad - Glesy Makeup<\/title>\n<meta name=\"robots\" content=\"index, follow, max-snippet:-1, max-image-preview:large, max-video-preview:-1\" \/>\n<link rel=\"canonical\" href=\"https:\/\/lalaboralaula.es\/MP182526\/index.php\/nuestro-compromiso-con-la-sostenibilidad\/\" \/>\n<meta property=\"og:locale\" content=\"es_ES\" \/>\n<meta property=\"og:type\" content=\"article\" \/>\n<meta property=\"og:title\" content=\"Nuestro compromiso con la sostenibilidad - Glesy Makeup\" \/>\n<meta property=\"og:description\" content=\"Nuestro Compromiso con la Sostenibilidad En Glesy Makeup creemos que la belleza no deber\u00eda comprometer el bienestar del planeta. Cada decisi\u00f3n que tomamos \u2014desde la selecci\u00f3n de productos hasta la manera en la que trabajamos\u2014 est\u00e1 guiada por un objetivo: ofrecer maquillaje de calidad mientras reducimos nuestro impacto ambiental. Belleza consciente, decisiones responsables Nos comprometemos [&hellip;]\" \/>\n<meta property=\"og:url\" content=\"https:\/\/lalaboralaula.es\/MP182526\/index.php\/nuestro-compromiso-con-la-sostenibilidad\/\" \/>\n<meta property=\"og:site_name\" content=\"Glesy Makeup\" \/>\n<meta property=\"article:modified_time\" content=\"2025-11-17T19:09:09+00:00\" \/>\n<meta name=\"twitter:card\" content=\"summary_large_image\" \/>\n<meta name=\"twitter:label1\" content=\"Tiempo de lectura\" \/>\n\t<meta name=\"twitter:data1\" content=\"2 minutos\" \/>\n<script type=\"application\/ld+json\" class=\"yoast-schema-graph\">{\"@context\":\"https:\\\/\\\/schema.org\",\"@graph\":[{\"@type\":\"WebPage\",\"@id\":\"https:\\\/\\\/lalaboralaula.es\\\/MP182526\\\/index.php\\\/nuestro-compromiso-con-la-sostenibilidad\\\/\",\"url\":\"https:\\\/\\\/lalaboralaula.es\\\/MP182526\\\/index.php\\\/nuestro-compromiso-con-la-sostenibilidad\\\/\",\"name\":\"Nuestro compromiso con la sostenibilidad - Glesy Makeup\",\"isPartOf\":{\"@id\":\"https:\\\/\\\/lalaboralaula.es\\\/MP182526\\\/#website\"},\"datePublished\":\"2025-10-23T17:35:09+00:00\",\"dateModified\":\"2025-11-17T19:09:09+00:00\",\"breadcrumb\":{\"@id\":\"https:\\\/\\\/lalaboralaula.es\\\/MP182526\\\/index.php\\\/nuestro-compromiso-con-la-sostenibilidad\\\/#breadcrumb\"},\"inLanguage\":\"es\",\"potentialAction\":[{\"@type\":\"ReadAction\",\"target\":[\"https:\\\/\\\/lalaboralaula.es\\\/MP182526\\\/index.php\\\/nuestro-compromiso-con-la-sostenibilidad\\\/\"]}]},{\"@type\":\"BreadcrumbList\",\"@id\":\"https:\\\/\\\/lalaboralaula.es\\\/MP182526\\\/index.php\\\/nuestro-compromiso-con-la-sostenibilidad\\\/#breadcrumb\",\"itemListElement\":[{\"@type\":\"ListItem\",\"position\":1,\"name\":\"Portada\",\"item\":\"https:\\\/\\\/lalaboralaula.es\\\/MP182526\\\/\"},{\"@type\":\"ListItem\",\"position\":2,\"name\":\"Nuestro compromiso con la sostenibilidad\"}]},{\"@type\":\"WebSite\",\"@id\":\"https:\\\/\\\/lalaboralaula.es\\\/MP182526\\\/#website\",\"url\":\"https:\\\/\\\/lalaboralaula.es\\\/MP182526\\\/\",\"name\":\"Glesy Makeup\",\"description\":\"S\u00e9 el cambio que quieres ver.\",\"publisher\":{\"@id\":\"https:\\\/\\\/lalaboralaula.es\\\/MP182526\\\/#organization\"},\"potentialAction\":[{\"@type\":\"SearchAction\",\"target\":{\"@type\":\"EntryPoint\",\"urlTemplate\":\"https:\\\/\\\/lalaboralaula.es\\\/MP182526\\\/?s={search_term_string}\"},\"query-input\":{\"@type\":\"PropertyValueSpecification\",\"valueRequired\":true,\"valueName\":\"search_term_string\"}}],\"inLanguage\":\"es\"},{\"@type\":\"Organization\",\"@id\":\"https:\\\/\\\/lalaboralaula.es\\\/MP182526\\\/#organization\",\"name\":\"Glesy Makeup\",\"url\":\"https:\\\/\\\/lalaboralaula.es\\\/MP182526\\\/\",\"logo\":{\"@type\":\"ImageObject\",\"inLanguage\":\"es\",\"@id\":\"https:\\\/\\\/lalaboralaula.es\\\/MP182526\\\/#\\\/schema\\\/logo\\\/image\\\/\",\"url\":\"https:\\\/\\\/lalaboralaula.es\\\/MP182526\\\/wp-content\\\/uploads\\\/2026\\\/02\\\/cropped-glesy-2.png\",\"contentUrl\":\"https:\\\/\\\/lalaboralaula.es\\\/MP182526\\\/wp-content\\\/uploads\\\/2026\\\/02\\\/cropped-glesy-2.png\",\"width\":500,\"height\":159,\"caption\":\"Glesy Makeup\"},\"image\":{\"@id\":\"https:\\\/\\\/lalaboralaula.es\\\/MP182526\\\/#\\\/schema\\\/logo\\\/image\\\/\"}}]}<\/script>\n<!-- \/ Yoast SEO plugin. -->","yoast_head_json":{"title":"Nuestro compromiso con la sostenibilidad - Glesy Makeup","robots":{"index":"index","follow":"follow","max-snippet":"max-snippet:-1","max-image-preview":"max-image-preview:large","max-video-preview":"max-video-preview:-1"},"canonical":"https:\/\/lalaboralaula.es\/MP182526\/index.php\/nuestro-compromiso-con-la-sostenibilidad\/","og_locale":"es_ES","og_type":"article","og_title":"Nuestro compromiso con la sostenibilidad - Glesy Makeup","og_description":"Nuestro Compromiso con la Sostenibilidad En Glesy Makeup creemos que la belleza no deber\u00eda comprometer el bienestar del planeta. Cada decisi\u00f3n que tomamos \u2014desde la selecci\u00f3n de productos hasta la manera en la que trabajamos\u2014 est\u00e1 guiada por un objetivo: ofrecer maquillaje de calidad mientras reducimos nuestro impacto ambiental. Belleza consciente, decisiones responsables Nos comprometemos [&hellip;]","og_url":"https:\/\/lalaboralaula.es\/MP182526\/index.php\/nuestro-compromiso-con-la-sostenibilidad\/","og_site_name":"Glesy Makeup","article_modified_time":"2025-11-17T19:09:09+00:00","twitter_card":"summary_large_image","twitter_misc":{"Tiempo de lectura":"2 minutos"},"schema":{"@context":"https:\/\/schema.org","@graph":[{"@type":"WebPage","@id":"https:\/\/lalaboralaula.es\/MP182526\/index.php\/nuestro-compromiso-con-la-sostenibilidad\/","url":"https:\/\/lalaboralaula.es\/MP182526\/index.php\/nuestro-compromiso-con-la-sostenibilidad\/","name":"Nuestro compromiso con la sostenibilidad - Glesy Makeup","isPartOf":{"@id":"https:\/\/lalaboralaula.es\/MP182526\/#website"},"datePublished":"2025-10-23T17:35:09+00:00","dateModified":"2025-11-17T19:09:09+00:00","breadcrumb":{"@id":"https:\/\/lalaboralaula.es\/MP182526\/index.php\/nuestro-compromiso-con-la-sostenibilidad\/#breadcrumb"},"inLanguage":"es","potentialAction":[{"@type":"ReadAction","target":["https:\/\/lalaboralaula.es\/MP182526\/index.php\/nuestro-compromiso-con-la-sostenibilidad\/"]}]},{"@type":"BreadcrumbList","@id":"https:\/\/lalaboralaula.es\/MP182526\/index.php\/nuestro-compromiso-con-la-sostenibilidad\/#breadcrumb","itemListElement":[{"@type":"ListItem","position":1,"name":"Portada","item":"https:\/\/lalaboralaula.es\/MP182526\/"},{"@type":"ListItem","position":2,"name":"Nuestro compromiso con la sostenibilidad"}]},{"@type":"WebSite","@id":"https:\/\/lalaboralaula.es\/MP182526\/#website","url":"https:\/\/lalaboralaula.es\/MP182526\/","name":"Glesy Makeup","description":"S\u00e9 el cambio que quieres ver.","publisher":{"@id":"https:\/\/lalaboralaula.es\/MP182526\/#organization"},"potentialAction":[{"@type":"SearchAction","target":{"@type":"EntryPoint","urlTemplate":"https:\/\/lalaboralaula.es\/MP182526\/?s={search_term_string}"},"query-input":{"@type":"PropertyValueSpecification","valueRequired":true,"valueName":"search_term_string"}}],"inLanguage":"es"},{"@type":"Organization","@id":"https:\/\/lalaboralaula.es\/MP182526\/#organization","name":"Glesy Makeup","url":"https:\/\/lalaboralaula.es\/MP182526\/","logo":{"@type":"ImageObject","inLanguage":"es","@id":"https:\/\/lalaboralaula.es\/MP182526\/#\/schema\/logo\/image\/","url":"https:\/\/lalaboralaula.es\/MP182526\/wp-content\/uploads\/2026\/02\/cropped-glesy-2.png","contentUrl":"https:\/\/lalaboralaula.es\/MP182526\/wp-content\/uploads\/2026\/02\/cropped-glesy-2.png","width":500,"height":159,"caption":"Glesy Makeup"},"image":{"@id":"https:\/\/lalaboralaula.es\/MP182526\/#\/schema\/logo\/image\/"}}]}},"_links":{"self":[{"href":"https:\/\/lalaboralaula.es\/MP182526\/index.php\/wp-json\/wp\/v2\/pages\/29","targetHints":{"allow":["GET"]}}],"collection":[{"href":"https:\/\/lalaboralaula.es\/MP182526\/index.php\/wp-json\/wp\/v2\/pages"}],"about":[{"href":"https:\/\/lalaboralaula.es\/MP182526\/index.php\/wp-json\/wp\/v2\/types\/page"}],"author":[{"embeddable":true,"href":"https:\/\/lalaboralaula.es\/MP182526\/index.php\/wp-json\/wp\/v2\/users\/1"}],"replies":[{"embeddable":true,"href":"https:\/\/lalaboralaula.es\/MP182526\/index.php\/wp-json\/wp\/v2\/comments?post=29"}],"version-history":[{"count":2,"href":"https:\/\/lalaboralaula.es\/MP182526\/index.php\/wp-json\/wp\/v2\/pages\/29\/revisions"}],"predecessor-version":[{"id":253,"href":"https:\/\/lalaboralaula.es\/MP182526\/index.php\/wp-json\/wp\/v2\/pages\/29\/revisions\/253"}],"wp:attachment":[{"href":"https:\/\/lalaboralaula.es\/MP182526\/index.php\/wp-json\/wp\/v2\/media?parent=29"}],"curies":[{"name":"wp","href":"https:\/\/api.w.org\/{rel}","templated":true}]}}