{"id":230,"date":"2025-11-13T20:44:31","date_gmt":"2025-11-13T19:44:31","guid":{"rendered":"https:\/\/lalaboralaula.es\/MP142526\/?post_type=product&#038;p=230"},"modified":"2025-11-19T20:04:25","modified_gmt":"2025-11-19T19:04:25","slug":"corteiz-hmp-duffle-bag","status":"publish","type":"product","link":"https:\/\/lalaboralaula.es\/MP142526\/index.php\/producto\/corteiz-hmp-duffle-bag\/","title":{"rendered":"Corteiz HMP DUFFLE BAG [CAMO]"},"content":{"rendered":"<p><a href=\"https:\/\/www.crtz.xyz\/\">\u00a0HMP Duffle Bag [Camo] <\/a>combina funcionalidad y estilo con el inconfundible ADN callejero de la marca londinense. Su dise\u00f1o en estampado camuflaje refleja una est\u00e9tica t\u00e1ctica y vers\u00e1til, ideal para viajes, entrenamientos o el uso diario. Fabricada con materiales resistentes al desgaste, cuenta con amplio compartimento principal, bolsillos laterales con cremallera y correa ajustable para mayor comodidad. Rematada con el logo Alcatraz de Corteiz, es una pieza que une practicidad y actitud en cada detalle. <a href=\"https:\/\/lalaboralaula.es\/MP142526\/\">Flarexx<\/a><\/p>\n<p><img loading=\"lazy\" decoding=\"async\" class=\"alignnone size-medium wp-image-231\" src=\"https:\/\/lalaboralaula.es\/MP142526\/wp-content\/uploads\/2025\/11\/bolosa-300x206.jpg\" alt=\"bolsa corteiz\" width=\"300\" height=\"206\" srcset=\"https:\/\/lalaboralaula.es\/MP142526\/wp-content\/uploads\/2025\/11\/bolosa-300x206.jpg 300w, https:\/\/lalaboralaula.es\/MP142526\/wp-content\/uploads\/2025\/11\/bolosa-1024x703.jpg 1024w, https:\/\/lalaboralaula.es\/MP142526\/wp-content\/uploads\/2025\/11\/bolosa-768x527.jpg 768w, https:\/\/lalaboralaula.es\/MP142526\/wp-content\/uploads\/2025\/11\/bolosa-416x286.jpg 416w, https:\/\/lalaboralaula.es\/MP142526\/wp-content\/uploads\/2025\/11\/bolosa.jpg 1216w\" sizes=\"auto, (max-width: 300px) 100vw, 300px\" \/><\/p>\n","protected":false},"excerpt":{"rendered":"<p>Corteiz HMP Duffle Bag [Camo]: bolsa resistente y vers\u00e1til con dise\u00f1o camuflaje, amplios compartimentos y estilo urbano caracter\u00edstico. Corteiz. <a href=\"https:\/\/lalaboralaula.es\/MP142526\/\">Flarexx<\/a><\/p>\n","protected":false},"featured_media":231,"comment_status":"open","ping_status":"closed","template":"","meta":[],"product_brand":[],"product_cat":[35],"product_tag":[40,38,41],"class_list":{"0":"post-230","1":"product","2":"type-product","3":"status-publish","4":"has-post-thumbnail","6":"product_cat-corteiz","7":"product_tag-bolsa","8":"product_tag-corteiz","9":"product_tag-moda","11":"first","12":"instock","13":"shipping-taxable","14":"purchasable","15":"product-type-simple"},"yoast_head":"<!-- This site is optimized with the Yoast SEO plugin v27.4 - https:\/\/yoast.com\/product\/yoast-seo-wordpress\/ -->\n<title>Corteiz HMP DUFFLE BAG [CAMO] - Fidalgo Ch\u00e1puli, Pablo<\/title>\n<meta name=\"description\" content=\"Corteiz HMP Duffle Bag [Camo]: bolsa resistente y vers\u00e1til con dise\u00f1o camuflaje, amplios compartimentos y estilo urbano caracter\u00edstico. Corteiz. Flarexx....\" \/>\n<meta name=\"robots\" content=\"index, follow, max-snippet:-1, max-image-preview:large, max-video-preview:-1\" \/>\n<link rel=\"canonical\" href=\"https:\/\/lalaboralaula.es\/MP142526\/index.php\/producto\/corteiz-hmp-duffle-bag\/\" \/>\n<meta property=\"og:locale\" content=\"es_ES\" \/>\n<meta property=\"og:type\" content=\"article\" \/>\n<meta property=\"og:title\" content=\"Corteiz HMP DUFFLE BAG [CAMO] - Fidalgo Ch\u00e1puli, Pablo\" \/>\n<meta property=\"og:description\" content=\"Corteiz HMP Duffle Bag [Camo]: bolsa resistente y vers\u00e1til con dise\u00f1o camuflaje, amplios compartimentos y estilo urbano caracter\u00edstico. Corteiz. Flarexx....\" \/>\n<meta property=\"og:url\" content=\"https:\/\/lalaboralaula.es\/MP142526\/index.php\/producto\/corteiz-hmp-duffle-bag\/\" \/>\n<meta property=\"og:site_name\" content=\"Fidalgo Ch\u00e1puli, Pablo\" \/>\n<meta property=\"article:modified_time\" content=\"2025-11-19T19:04:25+00:00\" \/>\n<meta property=\"og:image\" content=\"https:\/\/lalaboralaula.es\/MP142526\/wp-content\/uploads\/2025\/11\/bolosa.jpg\" \/>\n\t<meta property=\"og:image:width\" content=\"1216\" \/>\n\t<meta property=\"og:image:height\" content=\"835\" \/>\n\t<meta property=\"og:image:type\" content=\"image\/jpeg\" \/>\n<meta name=\"twitter:card\" content=\"summary_large_image\" \/>\n<meta name=\"twitter:label1\" content=\"Tiempo de lectura\" \/>\n\t<meta name=\"twitter:data1\" content=\"1 minuto\" \/>\n<script type=\"application\/ld+json\" class=\"yoast-schema-graph\">{\"@context\":\"https:\\\/\\\/schema.org\",\"@graph\":[{\"@type\":\"WebPage\",\"@id\":\"https:\\\/\\\/lalaboralaula.es\\\/MP142526\\\/index.php\\\/producto\\\/corteiz-hmp-duffle-bag\\\/\",\"url\":\"https:\\\/\\\/lalaboralaula.es\\\/MP142526\\\/index.php\\\/producto\\\/corteiz-hmp-duffle-bag\\\/\",\"name\":\"Corteiz HMP DUFFLE BAG [CAMO] - Fidalgo Ch\u00e1puli, Pablo\",\"isPartOf\":{\"@id\":\"https:\\\/\\\/lalaboralaula.es\\\/MP142526\\\/#website\"},\"primaryImageOfPage\":{\"@id\":\"https:\\\/\\\/lalaboralaula.es\\\/MP142526\\\/index.php\\\/producto\\\/corteiz-hmp-duffle-bag\\\/#primaryimage\"},\"image\":{\"@id\":\"https:\\\/\\\/lalaboralaula.es\\\/MP142526\\\/index.php\\\/producto\\\/corteiz-hmp-duffle-bag\\\/#primaryimage\"},\"thumbnailUrl\":\"https:\\\/\\\/lalaboralaula.es\\\/MP142526\\\/wp-content\\\/uploads\\\/2025\\\/11\\\/bolosa.jpg\",\"datePublished\":\"2025-11-13T19:44:31+00:00\",\"dateModified\":\"2025-11-19T19:04:25+00:00\",\"description\":\"Corteiz HMP Duffle Bag [Camo]: bolsa resistente y vers\u00e1til con dise\u00f1o camuflaje, amplios compartimentos y estilo urbano caracter\u00edstico. Corteiz. Flarexx....\",\"breadcrumb\":{\"@id\":\"https:\\\/\\\/lalaboralaula.es\\\/MP142526\\\/index.php\\\/producto\\\/corteiz-hmp-duffle-bag\\\/#breadcrumb\"},\"inLanguage\":\"es\",\"potentialAction\":[{\"@type\":\"ReadAction\",\"target\":[\"https:\\\/\\\/lalaboralaula.es\\\/MP142526\\\/index.php\\\/producto\\\/corteiz-hmp-duffle-bag\\\/\"]}]},{\"@type\":\"ImageObject\",\"inLanguage\":\"es\",\"@id\":\"https:\\\/\\\/lalaboralaula.es\\\/MP142526\\\/index.php\\\/producto\\\/corteiz-hmp-duffle-bag\\\/#primaryimage\",\"url\":\"https:\\\/\\\/lalaboralaula.es\\\/MP142526\\\/wp-content\\\/uploads\\\/2025\\\/11\\\/bolosa.jpg\",\"contentUrl\":\"https:\\\/\\\/lalaboralaula.es\\\/MP142526\\\/wp-content\\\/uploads\\\/2025\\\/11\\\/bolosa.jpg\",\"width\":1216,\"height\":835,\"caption\":\"bolsa corteiz\"},{\"@type\":\"BreadcrumbList\",\"@id\":\"https:\\\/\\\/lalaboralaula.es\\\/MP142526\\\/index.php\\\/producto\\\/corteiz-hmp-duffle-bag\\\/#breadcrumb\",\"itemListElement\":[{\"@type\":\"ListItem\",\"position\":1,\"name\":\"Portada\",\"item\":\"https:\\\/\\\/lalaboralaula.es\\\/MP142526\\\/\"},{\"@type\":\"ListItem\",\"position\":2,\"name\":\"Tienda\",\"item\":\"https:\\\/\\\/lalaboralaula.es\\\/MP142526\\\/index.php\\\/tienda\\\/\"},{\"@type\":\"ListItem\",\"position\":3,\"name\":\"Corteiz HMP DUFFLE BAG [CAMO]\"}]},{\"@type\":\"WebSite\",\"@id\":\"https:\\\/\\\/lalaboralaula.es\\\/MP142526\\\/#website\",\"url\":\"https:\\\/\\\/lalaboralaula.es\\\/MP142526\\\/\",\"name\":\"Fidalgo Ch\u00e1puli, Pablo\",\"description\":\"\",\"publisher\":{\"@id\":\"https:\\\/\\\/lalaboralaula.es\\\/MP142526\\\/#organization\"},\"potentialAction\":[{\"@type\":\"SearchAction\",\"target\":{\"@type\":\"EntryPoint\",\"urlTemplate\":\"https:\\\/\\\/lalaboralaula.es\\\/MP142526\\\/?s={search_term_string}\"},\"query-input\":{\"@type\":\"PropertyValueSpecification\",\"valueRequired\":true,\"valueName\":\"search_term_string\"}}],\"inLanguage\":\"es\"},{\"@type\":\"Organization\",\"@id\":\"https:\\\/\\\/lalaboralaula.es\\\/MP142526\\\/#organization\",\"name\":\"Fidalgo Ch\u00e1puli, Pablo\",\"url\":\"https:\\\/\\\/lalaboralaula.es\\\/MP142526\\\/\",\"logo\":{\"@type\":\"ImageObject\",\"inLanguage\":\"es\",\"@id\":\"https:\\\/\\\/lalaboralaula.es\\\/MP142526\\\/#\\\/schema\\\/logo\\\/image\\\/\",\"url\":\"https:\\\/\\\/lalaboralaula.es\\\/MP142526\\\/wp-content\\\/uploads\\\/2026\\\/01\\\/cropped-logo-flarexx.png\",\"contentUrl\":\"https:\\\/\\\/lalaboralaula.es\\\/MP142526\\\/wp-content\\\/uploads\\\/2026\\\/01\\\/cropped-logo-flarexx.png\",\"width\":102,\"height\":89,\"caption\":\"Fidalgo Ch\u00e1puli, Pablo\"},\"image\":{\"@id\":\"https:\\\/\\\/lalaboralaula.es\\\/MP142526\\\/#\\\/schema\\\/logo\\\/image\\\/\"}}]}<\/script>\n<!-- \/ Yoast SEO plugin. -->","yoast_head_json":{"title":"Corteiz HMP DUFFLE BAG [CAMO] - Fidalgo Ch\u00e1puli, Pablo","description":"Corteiz HMP Duffle Bag [Camo]: bolsa resistente y vers\u00e1til con dise\u00f1o camuflaje, amplios compartimentos y estilo urbano caracter\u00edstico. Corteiz. Flarexx....","robots":{"index":"index","follow":"follow","max-snippet":"max-snippet:-1","max-image-preview":"max-image-preview:large","max-video-preview":"max-video-preview:-1"},"canonical":"https:\/\/lalaboralaula.es\/MP142526\/index.php\/producto\/corteiz-hmp-duffle-bag\/","og_locale":"es_ES","og_type":"article","og_title":"Corteiz HMP DUFFLE BAG [CAMO] - Fidalgo Ch\u00e1puli, Pablo","og_description":"Corteiz HMP Duffle Bag [Camo]: bolsa resistente y vers\u00e1til con dise\u00f1o camuflaje, amplios compartimentos y estilo urbano caracter\u00edstico. Corteiz. Flarexx....","og_url":"https:\/\/lalaboralaula.es\/MP142526\/index.php\/producto\/corteiz-hmp-duffle-bag\/","og_site_name":"Fidalgo Ch\u00e1puli, Pablo","article_modified_time":"2025-11-19T19:04:25+00:00","og_image":[{"width":1216,"height":835,"url":"https:\/\/lalaboralaula.es\/MP142526\/wp-content\/uploads\/2025\/11\/bolosa.jpg","type":"image\/jpeg"}],"twitter_card":"summary_large_image","twitter_misc":{"Tiempo de lectura":"1 minuto"},"schema":{"@context":"https:\/\/schema.org","@graph":[{"@type":"WebPage","@id":"https:\/\/lalaboralaula.es\/MP142526\/index.php\/producto\/corteiz-hmp-duffle-bag\/","url":"https:\/\/lalaboralaula.es\/MP142526\/index.php\/producto\/corteiz-hmp-duffle-bag\/","name":"Corteiz HMP DUFFLE BAG [CAMO] - Fidalgo Ch\u00e1puli, Pablo","isPartOf":{"@id":"https:\/\/lalaboralaula.es\/MP142526\/#website"},"primaryImageOfPage":{"@id":"https:\/\/lalaboralaula.es\/MP142526\/index.php\/producto\/corteiz-hmp-duffle-bag\/#primaryimage"},"image":{"@id":"https:\/\/lalaboralaula.es\/MP142526\/index.php\/producto\/corteiz-hmp-duffle-bag\/#primaryimage"},"thumbnailUrl":"https:\/\/lalaboralaula.es\/MP142526\/wp-content\/uploads\/2025\/11\/bolosa.jpg","datePublished":"2025-11-13T19:44:31+00:00","dateModified":"2025-11-19T19:04:25+00:00","description":"Corteiz HMP Duffle Bag [Camo]: bolsa resistente y vers\u00e1til con dise\u00f1o camuflaje, amplios compartimentos y estilo urbano caracter\u00edstico. Corteiz. Flarexx....","breadcrumb":{"@id":"https:\/\/lalaboralaula.es\/MP142526\/index.php\/producto\/corteiz-hmp-duffle-bag\/#breadcrumb"},"inLanguage":"es","potentialAction":[{"@type":"ReadAction","target":["https:\/\/lalaboralaula.es\/MP142526\/index.php\/producto\/corteiz-hmp-duffle-bag\/"]}]},{"@type":"ImageObject","inLanguage":"es","@id":"https:\/\/lalaboralaula.es\/MP142526\/index.php\/producto\/corteiz-hmp-duffle-bag\/#primaryimage","url":"https:\/\/lalaboralaula.es\/MP142526\/wp-content\/uploads\/2025\/11\/bolosa.jpg","contentUrl":"https:\/\/lalaboralaula.es\/MP142526\/wp-content\/uploads\/2025\/11\/bolosa.jpg","width":1216,"height":835,"caption":"bolsa corteiz"},{"@type":"BreadcrumbList","@id":"https:\/\/lalaboralaula.es\/MP142526\/index.php\/producto\/corteiz-hmp-duffle-bag\/#breadcrumb","itemListElement":[{"@type":"ListItem","position":1,"name":"Portada","item":"https:\/\/lalaboralaula.es\/MP142526\/"},{"@type":"ListItem","position":2,"name":"Tienda","item":"https:\/\/lalaboralaula.es\/MP142526\/index.php\/tienda\/"},{"@type":"ListItem","position":3,"name":"Corteiz HMP DUFFLE BAG [CAMO]"}]},{"@type":"WebSite","@id":"https:\/\/lalaboralaula.es\/MP142526\/#website","url":"https:\/\/lalaboralaula.es\/MP142526\/","name":"Fidalgo Ch\u00e1puli, Pablo","description":"","publisher":{"@id":"https:\/\/lalaboralaula.es\/MP142526\/#organization"},"potentialAction":[{"@type":"SearchAction","target":{"@type":"EntryPoint","urlTemplate":"https:\/\/lalaboralaula.es\/MP142526\/?s={search_term_string}"},"query-input":{"@type":"PropertyValueSpecification","valueRequired":true,"valueName":"search_term_string"}}],"inLanguage":"es"},{"@type":"Organization","@id":"https:\/\/lalaboralaula.es\/MP142526\/#organization","name":"Fidalgo Ch\u00e1puli, Pablo","url":"https:\/\/lalaboralaula.es\/MP142526\/","logo":{"@type":"ImageObject","inLanguage":"es","@id":"https:\/\/lalaboralaula.es\/MP142526\/#\/schema\/logo\/image\/","url":"https:\/\/lalaboralaula.es\/MP142526\/wp-content\/uploads\/2026\/01\/cropped-logo-flarexx.png","contentUrl":"https:\/\/lalaboralaula.es\/MP142526\/wp-content\/uploads\/2026\/01\/cropped-logo-flarexx.png","width":102,"height":89,"caption":"Fidalgo Ch\u00e1puli, Pablo"},"image":{"@id":"https:\/\/lalaboralaula.es\/MP142526\/#\/schema\/logo\/image\/"}}]}},"_links":{"self":[{"href":"https:\/\/lalaboralaula.es\/MP142526\/index.php\/wp-json\/wp\/v2\/product\/230","targetHints":{"allow":["GET"]}}],"collection":[{"href":"https:\/\/lalaboralaula.es\/MP142526\/index.php\/wp-json\/wp\/v2\/product"}],"about":[{"href":"https:\/\/lalaboralaula.es\/MP142526\/index.php\/wp-json\/wp\/v2\/types\/product"}],"replies":[{"embeddable":true,"href":"https:\/\/lalaboralaula.es\/MP142526\/index.php\/wp-json\/wp\/v2\/comments?post=230"}],"wp:featuredmedia":[{"embeddable":true,"href":"https:\/\/lalaboralaula.es\/MP142526\/index.php\/wp-json\/wp\/v2\/media\/231"}],"wp:attachment":[{"href":"https:\/\/lalaboralaula.es\/MP142526\/index.php\/wp-json\/wp\/v2\/media?parent=230"}],"wp:term":[{"taxonomy":"product_brand","embeddable":true,"href":"https:\/\/lalaboralaula.es\/MP142526\/index.php\/wp-json\/wp\/v2\/product_brand?post=230"},{"taxonomy":"product_cat","embeddable":true,"href":"https:\/\/lalaboralaula.es\/MP142526\/index.php\/wp-json\/wp\/v2\/product_cat?post=230"},{"taxonomy":"product_tag","embeddable":true,"href":"https:\/\/lalaboralaula.es\/MP142526\/index.php\/wp-json\/wp\/v2\/product_tag?post=230"}],"curies":[{"name":"wp","href":"https:\/\/api.w.org\/{rel}","templated":true}]}}