{"id":215,"date":"2025-11-13T20:16:17","date_gmt":"2025-11-13T19:16:17","guid":{"rendered":"https:\/\/lalaboralaula.es\/MP142526\/?post_type=product&#038;p=215"},"modified":"2025-11-19T20:17:05","modified_gmt":"2025-11-19T19:17:05","slug":"nike-air-max-95-x-corteiz","status":"publish","type":"product","link":"https:\/\/lalaboralaula.es\/MP142526\/index.php\/producto\/nike-air-max-95-x-corteiz\/","title":{"rendered":"Nike air max 95 x Corteiz"},"content":{"rendered":"<h6 class=\"sr-only\">ChatGPT Plus<\/h6>\n<div class=\"text-base my-auto mx-auto pb-10 [--thread-content-margin:--spacing(4)] thread-sm:[--thread-content-margin:--spacing(6)] thread-lg:[--thread-content-margin:--spacing(16)] px-(--thread-content-margin)\">\n<div class=\"[--thread-content-max-width:40rem] thread-lg:[--thread-content-max-width:48rem] mx-auto max-w-(--thread-content-max-width) flex-1 group\/turn-messages focus-visible:outline-hidden relative flex w-full min-w-0 flex-col agent-turn\" tabindex=\"-1\">\n<div class=\"flex max-w-full flex-col grow\">\n<div class=\"min-h-8 text-message relative flex w-full flex-col items-end gap-2 text-start break-words whitespace-normal [.text-message+&amp;]:mt-1\" dir=\"auto\" data-message-author-role=\"assistant\" data-message-id=\"bdb7cca0-ee9f-4720-a180-7dd4ef95a5dc\" data-message-model-slug=\"gpt-5\">\n<div class=\"flex w-full flex-col gap-1 empty:hidden first:pt-[1px]\">\n<div class=\"markdown prose dark:prose-invert w-full break-words light markdown-new-styling\">\n<p data-start=\"0\" data-end=\"368\">La colaboraci\u00f3n entre <a href=\"https:\/\/www.nike.com\/es\/\">Nike<\/a> y<a href=\"https:\/\/www.crtz.xyz\/\"> Corteiz<\/a> da nueva vida a un \u00edcono de los 90: las Air Max 95, reinterpretadas con la actitud callejera y sin concesiones del colectivo londinense. Su paleta verde militar refleja el esp\u00edritu t\u00e1ctico y utilitario caracter\u00edstico de Corteiz, mientras que los detalles en tonos oliva, negro y caqui aportan una est\u00e9tica cruda pero sofisticada.<\/p>\n<p data-start=\"370\" data-end=\"683\">El upper de malla y gamuza premium ofrece durabilidad y textura, complementado con costuras onduladas que rinden homenaje al dise\u00f1o original de Sergio Lozano. La entresuela con unidades Air Max visibles garantiza una amortiguaci\u00f3n c\u00f3moda y reactiva, ideal tanto para el d\u00eda a d\u00eda como para destacar en la calle.<\/p>\n<p data-start=\"685\" data-end=\"893\" data-is-last-node=\"\" data-is-only-node=\"\">Rematadas con el emblema Corteiz Alcatraz bordado en el tal\u00f3n y un forro interior personalizado, estas zapatillas son una pieza de colecci\u00f3n que celebra la autenticidad, la cultura y el poder de la comunidad.<\/p>\n<p data-start=\"685\" data-end=\"893\" data-is-last-node=\"\" data-is-only-node=\"\"><img loading=\"lazy\" decoding=\"async\" class=\"alignnone size-medium wp-image-216\" src=\"https:\/\/lalaboralaula.es\/MP142526\/wp-content\/uploads\/2025\/11\/corteiz-300x190.jpg\" alt=\"zapatilla nike air max x corteiz\" width=\"300\" height=\"190\" srcset=\"https:\/\/lalaboralaula.es\/MP142526\/wp-content\/uploads\/2025\/11\/corteiz-300x190.jpg 300w, https:\/\/lalaboralaula.es\/MP142526\/wp-content\/uploads\/2025\/11\/corteiz-416x264.jpg 416w, https:\/\/lalaboralaula.es\/MP142526\/wp-content\/uploads\/2025\/11\/corteiz.jpg 668w\" sizes=\"auto, (max-width: 300px) 100vw, 300px\" \/><\/p>\n<\/div>\n<\/div>\n<\/div>\n<\/div>\n<\/div>\n<\/div>\n","protected":false},"excerpt":{"rendered":"<p>Las Nike Air Max 95 x Corteiz \u201cVerde Militar\u201d combinan el legado cl\u00e1sico con el estilo urbano de Londres, fusionando materiales premium.<\/p>\n","protected":false},"featured_media":216,"comment_status":"open","ping_status":"closed","template":"","meta":[],"product_brand":[],"product_cat":[35,33,31],"product_tag":[36,38,39,37,23],"class_list":{"0":"post-215","1":"product","2":"type-product","3":"status-publish","4":"has-post-thumbnail","6":"product_cat-corteiz","7":"product_cat-nike","8":"product_cat-tus-marcas-favoritas","9":"product_tag-calzado","10":"product_tag-corteiz","11":"product_tag-exclusivo","12":"product_tag-nike","13":"product_tag-retro","15":"first","16":"instock","17":"shipping-taxable","18":"purchasable","19":"product-type-variable"},"yoast_head":"<!-- This site is optimized with the Yoast SEO plugin v27.4 - https:\/\/yoast.com\/product\/yoast-seo-wordpress\/ -->\n<title>Nike air max 95 x Corteiz - Fidalgo Ch\u00e1puli, Pablo<\/title>\n<meta name=\"description\" content=\"Las Nike Air Max 95 x Corteiz \u201cVerde Militar\u201d combinan el legado cl\u00e1sico con el estilo urbano de Londres, fusionando materiales premium.\" \/>\n<meta name=\"robots\" content=\"index, follow, max-snippet:-1, max-image-preview:large, max-video-preview:-1\" \/>\n<link rel=\"canonical\" href=\"https:\/\/lalaboralaula.es\/MP142526\/index.php\/producto\/nike-air-max-95-x-corteiz\/\" \/>\n<meta property=\"og:locale\" content=\"es_ES\" \/>\n<meta property=\"og:type\" content=\"article\" \/>\n<meta property=\"og:title\" content=\"Nike air max 95 x Corteiz - Fidalgo Ch\u00e1puli, Pablo\" \/>\n<meta property=\"og:description\" content=\"Las Nike Air Max 95 x Corteiz \u201cVerde Militar\u201d combinan el legado cl\u00e1sico con el estilo urbano de Londres, fusionando materiales premium.\" \/>\n<meta property=\"og:url\" content=\"https:\/\/lalaboralaula.es\/MP142526\/index.php\/producto\/nike-air-max-95-x-corteiz\/\" \/>\n<meta property=\"og:site_name\" content=\"Fidalgo Ch\u00e1puli, Pablo\" \/>\n<meta property=\"article:modified_time\" content=\"2025-11-19T19:17:05+00:00\" \/>\n<meta property=\"og:image\" content=\"https:\/\/lalaboralaula.es\/MP142526\/wp-content\/uploads\/2025\/11\/corteiz.jpg\" \/>\n\t<meta property=\"og:image:width\" content=\"668\" \/>\n\t<meta property=\"og:image:height\" content=\"424\" \/>\n\t<meta property=\"og:image:type\" content=\"image\/jpeg\" \/>\n<meta name=\"twitter:card\" content=\"summary_large_image\" \/>\n<meta name=\"twitter:label1\" content=\"Tiempo de lectura\" \/>\n\t<meta name=\"twitter:data1\" content=\"2 minutos\" \/>\n<script type=\"application\/ld+json\" class=\"yoast-schema-graph\">{\"@context\":\"https:\\\/\\\/schema.org\",\"@graph\":[{\"@type\":\"WebPage\",\"@id\":\"https:\\\/\\\/lalaboralaula.es\\\/MP142526\\\/index.php\\\/producto\\\/nike-air-max-95-x-corteiz\\\/\",\"url\":\"https:\\\/\\\/lalaboralaula.es\\\/MP142526\\\/index.php\\\/producto\\\/nike-air-max-95-x-corteiz\\\/\",\"name\":\"Nike air max 95 x Corteiz - Fidalgo Ch\u00e1puli, Pablo\",\"isPartOf\":{\"@id\":\"https:\\\/\\\/lalaboralaula.es\\\/MP142526\\\/#website\"},\"primaryImageOfPage\":{\"@id\":\"https:\\\/\\\/lalaboralaula.es\\\/MP142526\\\/index.php\\\/producto\\\/nike-air-max-95-x-corteiz\\\/#primaryimage\"},\"image\":{\"@id\":\"https:\\\/\\\/lalaboralaula.es\\\/MP142526\\\/index.php\\\/producto\\\/nike-air-max-95-x-corteiz\\\/#primaryimage\"},\"thumbnailUrl\":\"https:\\\/\\\/lalaboralaula.es\\\/MP142526\\\/wp-content\\\/uploads\\\/2025\\\/11\\\/corteiz.jpg\",\"datePublished\":\"2025-11-13T19:16:17+00:00\",\"dateModified\":\"2025-11-19T19:17:05+00:00\",\"description\":\"Las Nike Air Max 95 x Corteiz \u201cVerde Militar\u201d combinan el legado cl\u00e1sico con el estilo urbano de Londres, fusionando materiales premium.\",\"breadcrumb\":{\"@id\":\"https:\\\/\\\/lalaboralaula.es\\\/MP142526\\\/index.php\\\/producto\\\/nike-air-max-95-x-corteiz\\\/#breadcrumb\"},\"inLanguage\":\"es\",\"potentialAction\":[{\"@type\":\"ReadAction\",\"target\":[\"https:\\\/\\\/lalaboralaula.es\\\/MP142526\\\/index.php\\\/producto\\\/nike-air-max-95-x-corteiz\\\/\"]}]},{\"@type\":\"ImageObject\",\"inLanguage\":\"es\",\"@id\":\"https:\\\/\\\/lalaboralaula.es\\\/MP142526\\\/index.php\\\/producto\\\/nike-air-max-95-x-corteiz\\\/#primaryimage\",\"url\":\"https:\\\/\\\/lalaboralaula.es\\\/MP142526\\\/wp-content\\\/uploads\\\/2025\\\/11\\\/corteiz.jpg\",\"contentUrl\":\"https:\\\/\\\/lalaboralaula.es\\\/MP142526\\\/wp-content\\\/uploads\\\/2025\\\/11\\\/corteiz.jpg\",\"width\":668,\"height\":424,\"caption\":\"zapatilla nike air max x corteiz\"},{\"@type\":\"BreadcrumbList\",\"@id\":\"https:\\\/\\\/lalaboralaula.es\\\/MP142526\\\/index.php\\\/producto\\\/nike-air-max-95-x-corteiz\\\/#breadcrumb\",\"itemListElement\":[{\"@type\":\"ListItem\",\"position\":1,\"name\":\"Portada\",\"item\":\"https:\\\/\\\/lalaboralaula.es\\\/MP142526\\\/\"},{\"@type\":\"ListItem\",\"position\":2,\"name\":\"Tienda\",\"item\":\"https:\\\/\\\/lalaboralaula.es\\\/MP142526\\\/index.php\\\/tienda\\\/\"},{\"@type\":\"ListItem\",\"position\":3,\"name\":\"Nike air max 95 x Corteiz\"}]},{\"@type\":\"WebSite\",\"@id\":\"https:\\\/\\\/lalaboralaula.es\\\/MP142526\\\/#website\",\"url\":\"https:\\\/\\\/lalaboralaula.es\\\/MP142526\\\/\",\"name\":\"Fidalgo Ch\u00e1puli, Pablo\",\"description\":\"\",\"publisher\":{\"@id\":\"https:\\\/\\\/lalaboralaula.es\\\/MP142526\\\/#organization\"},\"potentialAction\":[{\"@type\":\"SearchAction\",\"target\":{\"@type\":\"EntryPoint\",\"urlTemplate\":\"https:\\\/\\\/lalaboralaula.es\\\/MP142526\\\/?s={search_term_string}\"},\"query-input\":{\"@type\":\"PropertyValueSpecification\",\"valueRequired\":true,\"valueName\":\"search_term_string\"}}],\"inLanguage\":\"es\"},{\"@type\":\"Organization\",\"@id\":\"https:\\\/\\\/lalaboralaula.es\\\/MP142526\\\/#organization\",\"name\":\"Fidalgo Ch\u00e1puli, Pablo\",\"url\":\"https:\\\/\\\/lalaboralaula.es\\\/MP142526\\\/\",\"logo\":{\"@type\":\"ImageObject\",\"inLanguage\":\"es\",\"@id\":\"https:\\\/\\\/lalaboralaula.es\\\/MP142526\\\/#\\\/schema\\\/logo\\\/image\\\/\",\"url\":\"https:\\\/\\\/lalaboralaula.es\\\/MP142526\\\/wp-content\\\/uploads\\\/2026\\\/01\\\/cropped-logo-flarexx.png\",\"contentUrl\":\"https:\\\/\\\/lalaboralaula.es\\\/MP142526\\\/wp-content\\\/uploads\\\/2026\\\/01\\\/cropped-logo-flarexx.png\",\"width\":102,\"height\":89,\"caption\":\"Fidalgo Ch\u00e1puli, Pablo\"},\"image\":{\"@id\":\"https:\\\/\\\/lalaboralaula.es\\\/MP142526\\\/#\\\/schema\\\/logo\\\/image\\\/\"}}]}<\/script>\n<!-- \/ Yoast SEO plugin. -->","yoast_head_json":{"title":"Nike air max 95 x Corteiz - Fidalgo Ch\u00e1puli, Pablo","description":"Las Nike Air Max 95 x Corteiz \u201cVerde Militar\u201d combinan el legado cl\u00e1sico con el estilo urbano de Londres, fusionando materiales premium.","robots":{"index":"index","follow":"follow","max-snippet":"max-snippet:-1","max-image-preview":"max-image-preview:large","max-video-preview":"max-video-preview:-1"},"canonical":"https:\/\/lalaboralaula.es\/MP142526\/index.php\/producto\/nike-air-max-95-x-corteiz\/","og_locale":"es_ES","og_type":"article","og_title":"Nike air max 95 x Corteiz - Fidalgo Ch\u00e1puli, Pablo","og_description":"Las Nike Air Max 95 x Corteiz \u201cVerde Militar\u201d combinan el legado cl\u00e1sico con el estilo urbano de Londres, fusionando materiales premium.","og_url":"https:\/\/lalaboralaula.es\/MP142526\/index.php\/producto\/nike-air-max-95-x-corteiz\/","og_site_name":"Fidalgo Ch\u00e1puli, Pablo","article_modified_time":"2025-11-19T19:17:05+00:00","og_image":[{"width":668,"height":424,"url":"https:\/\/lalaboralaula.es\/MP142526\/wp-content\/uploads\/2025\/11\/corteiz.jpg","type":"image\/jpeg"}],"twitter_card":"summary_large_image","twitter_misc":{"Tiempo de lectura":"2 minutos"},"schema":{"@context":"https:\/\/schema.org","@graph":[{"@type":"WebPage","@id":"https:\/\/lalaboralaula.es\/MP142526\/index.php\/producto\/nike-air-max-95-x-corteiz\/","url":"https:\/\/lalaboralaula.es\/MP142526\/index.php\/producto\/nike-air-max-95-x-corteiz\/","name":"Nike air max 95 x Corteiz - Fidalgo Ch\u00e1puli, Pablo","isPartOf":{"@id":"https:\/\/lalaboralaula.es\/MP142526\/#website"},"primaryImageOfPage":{"@id":"https:\/\/lalaboralaula.es\/MP142526\/index.php\/producto\/nike-air-max-95-x-corteiz\/#primaryimage"},"image":{"@id":"https:\/\/lalaboralaula.es\/MP142526\/index.php\/producto\/nike-air-max-95-x-corteiz\/#primaryimage"},"thumbnailUrl":"https:\/\/lalaboralaula.es\/MP142526\/wp-content\/uploads\/2025\/11\/corteiz.jpg","datePublished":"2025-11-13T19:16:17+00:00","dateModified":"2025-11-19T19:17:05+00:00","description":"Las Nike Air Max 95 x Corteiz \u201cVerde Militar\u201d combinan el legado cl\u00e1sico con el estilo urbano de Londres, fusionando materiales premium.","breadcrumb":{"@id":"https:\/\/lalaboralaula.es\/MP142526\/index.php\/producto\/nike-air-max-95-x-corteiz\/#breadcrumb"},"inLanguage":"es","potentialAction":[{"@type":"ReadAction","target":["https:\/\/lalaboralaula.es\/MP142526\/index.php\/producto\/nike-air-max-95-x-corteiz\/"]}]},{"@type":"ImageObject","inLanguage":"es","@id":"https:\/\/lalaboralaula.es\/MP142526\/index.php\/producto\/nike-air-max-95-x-corteiz\/#primaryimage","url":"https:\/\/lalaboralaula.es\/MP142526\/wp-content\/uploads\/2025\/11\/corteiz.jpg","contentUrl":"https:\/\/lalaboralaula.es\/MP142526\/wp-content\/uploads\/2025\/11\/corteiz.jpg","width":668,"height":424,"caption":"zapatilla nike air max x corteiz"},{"@type":"BreadcrumbList","@id":"https:\/\/lalaboralaula.es\/MP142526\/index.php\/producto\/nike-air-max-95-x-corteiz\/#breadcrumb","itemListElement":[{"@type":"ListItem","position":1,"name":"Portada","item":"https:\/\/lalaboralaula.es\/MP142526\/"},{"@type":"ListItem","position":2,"name":"Tienda","item":"https:\/\/lalaboralaula.es\/MP142526\/index.php\/tienda\/"},{"@type":"ListItem","position":3,"name":"Nike air max 95 x Corteiz"}]},{"@type":"WebSite","@id":"https:\/\/lalaboralaula.es\/MP142526\/#website","url":"https:\/\/lalaboralaula.es\/MP142526\/","name":"Fidalgo Ch\u00e1puli, Pablo","description":"","publisher":{"@id":"https:\/\/lalaboralaula.es\/MP142526\/#organization"},"potentialAction":[{"@type":"SearchAction","target":{"@type":"EntryPoint","urlTemplate":"https:\/\/lalaboralaula.es\/MP142526\/?s={search_term_string}"},"query-input":{"@type":"PropertyValueSpecification","valueRequired":true,"valueName":"search_term_string"}}],"inLanguage":"es"},{"@type":"Organization","@id":"https:\/\/lalaboralaula.es\/MP142526\/#organization","name":"Fidalgo Ch\u00e1puli, Pablo","url":"https:\/\/lalaboralaula.es\/MP142526\/","logo":{"@type":"ImageObject","inLanguage":"es","@id":"https:\/\/lalaboralaula.es\/MP142526\/#\/schema\/logo\/image\/","url":"https:\/\/lalaboralaula.es\/MP142526\/wp-content\/uploads\/2026\/01\/cropped-logo-flarexx.png","contentUrl":"https:\/\/lalaboralaula.es\/MP142526\/wp-content\/uploads\/2026\/01\/cropped-logo-flarexx.png","width":102,"height":89,"caption":"Fidalgo Ch\u00e1puli, Pablo"},"image":{"@id":"https:\/\/lalaboralaula.es\/MP142526\/#\/schema\/logo\/image\/"}}]}},"_links":{"self":[{"href":"https:\/\/lalaboralaula.es\/MP142526\/index.php\/wp-json\/wp\/v2\/product\/215","targetHints":{"allow":["GET"]}}],"collection":[{"href":"https:\/\/lalaboralaula.es\/MP142526\/index.php\/wp-json\/wp\/v2\/product"}],"about":[{"href":"https:\/\/lalaboralaula.es\/MP142526\/index.php\/wp-json\/wp\/v2\/types\/product"}],"replies":[{"embeddable":true,"href":"https:\/\/lalaboralaula.es\/MP142526\/index.php\/wp-json\/wp\/v2\/comments?post=215"}],"wp:featuredmedia":[{"embeddable":true,"href":"https:\/\/lalaboralaula.es\/MP142526\/index.php\/wp-json\/wp\/v2\/media\/216"}],"wp:attachment":[{"href":"https:\/\/lalaboralaula.es\/MP142526\/index.php\/wp-json\/wp\/v2\/media?parent=215"}],"wp:term":[{"taxonomy":"product_brand","embeddable":true,"href":"https:\/\/lalaboralaula.es\/MP142526\/index.php\/wp-json\/wp\/v2\/product_brand?post=215"},{"taxonomy":"product_cat","embeddable":true,"href":"https:\/\/lalaboralaula.es\/MP142526\/index.php\/wp-json\/wp\/v2\/product_cat?post=215"},{"taxonomy":"product_tag","embeddable":true,"href":"https:\/\/lalaboralaula.es\/MP142526\/index.php\/wp-json\/wp\/v2\/product_tag?post=215"}],"curies":[{"name":"wp","href":"https:\/\/api.w.org\/{rel}","templated":true}]}}