{"id":174,"date":"2025-11-06T20:38:37","date_gmt":"2025-11-06T19:38:37","guid":{"rendered":"https:\/\/lalaboralaula.es\/MP142526\/?post_type=product&#038;p=174"},"modified":"2025-11-19T20:16:32","modified_gmt":"2025-11-19T19:16:32","slug":"pack-dia-del-soltero","status":"publish","type":"product","link":"https:\/\/lalaboralaula.es\/MP142526\/index.php\/producto\/pack-dia-del-soltero\/","title":{"rendered":"Pack d\u00eda del soltero"},"content":{"rendered":"<p><img loading=\"lazy\" decoding=\"async\" class=\"size-medium wp-image-176\" src=\"https:\/\/lalaboralaula.es\/MP142526\/wp-content\/uploads\/2025\/11\/pack-sd-300x294.jpg\" alt=\"\" width=\"300\" height=\"294\" srcset=\"https:\/\/lalaboralaula.es\/MP142526\/wp-content\/uploads\/2025\/11\/pack-sd-300x294.jpg 300w, https:\/\/lalaboralaula.es\/MP142526\/wp-content\/uploads\/2025\/11\/pack-sd-416x407.jpg 416w, https:\/\/lalaboralaula.es\/MP142526\/wp-content\/uploads\/2025\/11\/pack-sd.jpg 709w\" sizes=\"auto, (max-width: 300px) 100vw, 300px\" \/><\/p>\n<p>D\u00eda del Soltero tiene un pack especial, pensado para los que disfrutan su estilo con actitud. Incluye una sudadera con dise\u00f1o retro\/vintage para ir guapete y destacar sin esfuerzo, junto a unas zapatillas retrorunning perfectas para moverse con estilo\u2026 o por si toca salir corriendo. Comodidad, personalidad y un toque de humor: as\u00ed se celebra el d\u00eda de estar soltero con <em data-start=\"568\" data-end=\"577\">FLAREXX<\/em>.<\/p>\n<p><a href=\"https:\/\/bsky.app\/profile\/flarexx.bsky.social\">https:\/\/bsky.app\/profile\/flarexx.bsky.social<\/a><\/p>\n<p><a href=\"https:\/\/lalaboralaula.es\/MP142526\/\">P\u00e1gina principal<\/a><\/p>\n<p>&nbsp;<\/p>\n","protected":false},"excerpt":{"rendered":"<p>Un pack especial para el d\u00eda del soltero, compuesto por una sudadera condiese\u00f1o retro\/vintage , para ir guapete, y unas zapatillas retrorunning, por si hay que salir corriendo&#8230;<\/p>\n","protected":false},"featured_media":176,"comment_status":"open","ping_status":"closed","template":"","meta":[],"product_brand":[],"product_cat":[25,26],"product_tag":[28,27,42,29,30],"class_list":{"0":"post-174","1":"product","2":"type-product","3":"status-publish","4":"has-post-thumbnail","6":"product_cat-pack","7":"product_cat-singles-day-pack","8":"product_tag-kit","9":"product_tag-pack","10":"product_tag-soltero","11":"product_tag-sudadera","12":"product_tag-zapato","14":"first","15":"instock","16":"shipping-taxable","17":"product-type-grouped"},"yoast_head":"<!-- This site is optimized with the Yoast SEO plugin v27.4 - https:\/\/yoast.com\/product\/yoast-seo-wordpress\/ -->\n<title>Pack d\u00eda del soltero - Fidalgo Ch\u00e1puli, Pablo<\/title>\n<meta name=\"description\" content=\"D\u00eda del soltero tiene una pack especial, pensado para los que disfrutan su estilo con actitud para ir guapete y destacar sin esfuerzo\" \/>\n<meta name=\"robots\" content=\"index, follow, max-snippet:-1, max-image-preview:large, max-video-preview:-1\" \/>\n<link rel=\"canonical\" href=\"https:\/\/lalaboralaula.es\/MP142526\/index.php\/producto\/pack-dia-del-soltero\/\" \/>\n<meta property=\"og:locale\" content=\"es_ES\" \/>\n<meta property=\"og:type\" content=\"article\" \/>\n<meta property=\"og:title\" content=\"Pack d\u00eda del soltero - Fidalgo Ch\u00e1puli, Pablo\" \/>\n<meta property=\"og:description\" content=\"D\u00eda del soltero tiene una pack especial, pensado para los que disfrutan su estilo con actitud para ir guapete y destacar sin esfuerzo\" \/>\n<meta property=\"og:url\" content=\"https:\/\/lalaboralaula.es\/MP142526\/index.php\/producto\/pack-dia-del-soltero\/\" \/>\n<meta property=\"og:site_name\" content=\"Fidalgo Ch\u00e1puli, Pablo\" \/>\n<meta property=\"article:modified_time\" content=\"2025-11-19T19:16:32+00:00\" \/>\n<meta property=\"og:image\" content=\"https:\/\/lalaboralaula.es\/MP142526\/wp-content\/uploads\/2025\/11\/pack-sd.jpg\" \/>\n\t<meta property=\"og:image:width\" content=\"709\" \/>\n\t<meta property=\"og:image:height\" content=\"694\" \/>\n\t<meta property=\"og:image:type\" content=\"image\/jpeg\" \/>\n<meta name=\"twitter:card\" content=\"summary_large_image\" \/>\n<meta name=\"twitter:label1\" content=\"Tiempo de lectura\" \/>\n\t<meta name=\"twitter:data1\" content=\"1 minuto\" \/>\n<script type=\"application\/ld+json\" class=\"yoast-schema-graph\">{\"@context\":\"https:\\\/\\\/schema.org\",\"@graph\":[{\"@type\":\"WebPage\",\"@id\":\"https:\\\/\\\/lalaboralaula.es\\\/MP142526\\\/index.php\\\/producto\\\/pack-dia-del-soltero\\\/\",\"url\":\"https:\\\/\\\/lalaboralaula.es\\\/MP142526\\\/index.php\\\/producto\\\/pack-dia-del-soltero\\\/\",\"name\":\"Pack d\u00eda del soltero - Fidalgo Ch\u00e1puli, Pablo\",\"isPartOf\":{\"@id\":\"https:\\\/\\\/lalaboralaula.es\\\/MP142526\\\/#website\"},\"primaryImageOfPage\":{\"@id\":\"https:\\\/\\\/lalaboralaula.es\\\/MP142526\\\/index.php\\\/producto\\\/pack-dia-del-soltero\\\/#primaryimage\"},\"image\":{\"@id\":\"https:\\\/\\\/lalaboralaula.es\\\/MP142526\\\/index.php\\\/producto\\\/pack-dia-del-soltero\\\/#primaryimage\"},\"thumbnailUrl\":\"https:\\\/\\\/lalaboralaula.es\\\/MP142526\\\/wp-content\\\/uploads\\\/2025\\\/11\\\/pack-sd.jpg\",\"datePublished\":\"2025-11-06T19:38:37+00:00\",\"dateModified\":\"2025-11-19T19:16:32+00:00\",\"description\":\"D\u00eda del soltero tiene una pack especial, pensado para los que disfrutan su estilo con actitud para ir guapete y destacar sin esfuerzo\",\"breadcrumb\":{\"@id\":\"https:\\\/\\\/lalaboralaula.es\\\/MP142526\\\/index.php\\\/producto\\\/pack-dia-del-soltero\\\/#breadcrumb\"},\"inLanguage\":\"es\",\"potentialAction\":[{\"@type\":\"ReadAction\",\"target\":[\"https:\\\/\\\/lalaboralaula.es\\\/MP142526\\\/index.php\\\/producto\\\/pack-dia-del-soltero\\\/\"]}]},{\"@type\":\"ImageObject\",\"inLanguage\":\"es\",\"@id\":\"https:\\\/\\\/lalaboralaula.es\\\/MP142526\\\/index.php\\\/producto\\\/pack-dia-del-soltero\\\/#primaryimage\",\"url\":\"https:\\\/\\\/lalaboralaula.es\\\/MP142526\\\/wp-content\\\/uploads\\\/2025\\\/11\\\/pack-sd.jpg\",\"contentUrl\":\"https:\\\/\\\/lalaboralaula.es\\\/MP142526\\\/wp-content\\\/uploads\\\/2025\\\/11\\\/pack-sd.jpg\",\"width\":709,\"height\":694,\"caption\":\"soltero\"},{\"@type\":\"BreadcrumbList\",\"@id\":\"https:\\\/\\\/lalaboralaula.es\\\/MP142526\\\/index.php\\\/producto\\\/pack-dia-del-soltero\\\/#breadcrumb\",\"itemListElement\":[{\"@type\":\"ListItem\",\"position\":1,\"name\":\"Portada\",\"item\":\"https:\\\/\\\/lalaboralaula.es\\\/MP142526\\\/\"},{\"@type\":\"ListItem\",\"position\":2,\"name\":\"Tienda\",\"item\":\"https:\\\/\\\/lalaboralaula.es\\\/MP142526\\\/index.php\\\/tienda\\\/\"},{\"@type\":\"ListItem\",\"position\":3,\"name\":\"Pack d\u00eda del soltero\"}]},{\"@type\":\"WebSite\",\"@id\":\"https:\\\/\\\/lalaboralaula.es\\\/MP142526\\\/#website\",\"url\":\"https:\\\/\\\/lalaboralaula.es\\\/MP142526\\\/\",\"name\":\"Fidalgo Ch\u00e1puli, Pablo\",\"description\":\"\",\"publisher\":{\"@id\":\"https:\\\/\\\/lalaboralaula.es\\\/MP142526\\\/#organization\"},\"potentialAction\":[{\"@type\":\"SearchAction\",\"target\":{\"@type\":\"EntryPoint\",\"urlTemplate\":\"https:\\\/\\\/lalaboralaula.es\\\/MP142526\\\/?s={search_term_string}\"},\"query-input\":{\"@type\":\"PropertyValueSpecification\",\"valueRequired\":true,\"valueName\":\"search_term_string\"}}],\"inLanguage\":\"es\"},{\"@type\":\"Organization\",\"@id\":\"https:\\\/\\\/lalaboralaula.es\\\/MP142526\\\/#organization\",\"name\":\"Fidalgo Ch\u00e1puli, Pablo\",\"url\":\"https:\\\/\\\/lalaboralaula.es\\\/MP142526\\\/\",\"logo\":{\"@type\":\"ImageObject\",\"inLanguage\":\"es\",\"@id\":\"https:\\\/\\\/lalaboralaula.es\\\/MP142526\\\/#\\\/schema\\\/logo\\\/image\\\/\",\"url\":\"https:\\\/\\\/lalaboralaula.es\\\/MP142526\\\/wp-content\\\/uploads\\\/2026\\\/01\\\/cropped-logo-flarexx.png\",\"contentUrl\":\"https:\\\/\\\/lalaboralaula.es\\\/MP142526\\\/wp-content\\\/uploads\\\/2026\\\/01\\\/cropped-logo-flarexx.png\",\"width\":102,\"height\":89,\"caption\":\"Fidalgo Ch\u00e1puli, Pablo\"},\"image\":{\"@id\":\"https:\\\/\\\/lalaboralaula.es\\\/MP142526\\\/#\\\/schema\\\/logo\\\/image\\\/\"}}]}<\/script>\n<!-- \/ Yoast SEO plugin. -->","yoast_head_json":{"title":"Pack d\u00eda del soltero - Fidalgo Ch\u00e1puli, Pablo","description":"D\u00eda del soltero tiene una pack especial, pensado para los que disfrutan su estilo con actitud para ir guapete y destacar sin esfuerzo","robots":{"index":"index","follow":"follow","max-snippet":"max-snippet:-1","max-image-preview":"max-image-preview:large","max-video-preview":"max-video-preview:-1"},"canonical":"https:\/\/lalaboralaula.es\/MP142526\/index.php\/producto\/pack-dia-del-soltero\/","og_locale":"es_ES","og_type":"article","og_title":"Pack d\u00eda del soltero - Fidalgo Ch\u00e1puli, Pablo","og_description":"D\u00eda del soltero tiene una pack especial, pensado para los que disfrutan su estilo con actitud para ir guapete y destacar sin esfuerzo","og_url":"https:\/\/lalaboralaula.es\/MP142526\/index.php\/producto\/pack-dia-del-soltero\/","og_site_name":"Fidalgo Ch\u00e1puli, Pablo","article_modified_time":"2025-11-19T19:16:32+00:00","og_image":[{"width":709,"height":694,"url":"https:\/\/lalaboralaula.es\/MP142526\/wp-content\/uploads\/2025\/11\/pack-sd.jpg","type":"image\/jpeg"}],"twitter_card":"summary_large_image","twitter_misc":{"Tiempo de lectura":"1 minuto"},"schema":{"@context":"https:\/\/schema.org","@graph":[{"@type":"WebPage","@id":"https:\/\/lalaboralaula.es\/MP142526\/index.php\/producto\/pack-dia-del-soltero\/","url":"https:\/\/lalaboralaula.es\/MP142526\/index.php\/producto\/pack-dia-del-soltero\/","name":"Pack d\u00eda del soltero - Fidalgo Ch\u00e1puli, Pablo","isPartOf":{"@id":"https:\/\/lalaboralaula.es\/MP142526\/#website"},"primaryImageOfPage":{"@id":"https:\/\/lalaboralaula.es\/MP142526\/index.php\/producto\/pack-dia-del-soltero\/#primaryimage"},"image":{"@id":"https:\/\/lalaboralaula.es\/MP142526\/index.php\/producto\/pack-dia-del-soltero\/#primaryimage"},"thumbnailUrl":"https:\/\/lalaboralaula.es\/MP142526\/wp-content\/uploads\/2025\/11\/pack-sd.jpg","datePublished":"2025-11-06T19:38:37+00:00","dateModified":"2025-11-19T19:16:32+00:00","description":"D\u00eda del soltero tiene una pack especial, pensado para los que disfrutan su estilo con actitud para ir guapete y destacar sin esfuerzo","breadcrumb":{"@id":"https:\/\/lalaboralaula.es\/MP142526\/index.php\/producto\/pack-dia-del-soltero\/#breadcrumb"},"inLanguage":"es","potentialAction":[{"@type":"ReadAction","target":["https:\/\/lalaboralaula.es\/MP142526\/index.php\/producto\/pack-dia-del-soltero\/"]}]},{"@type":"ImageObject","inLanguage":"es","@id":"https:\/\/lalaboralaula.es\/MP142526\/index.php\/producto\/pack-dia-del-soltero\/#primaryimage","url":"https:\/\/lalaboralaula.es\/MP142526\/wp-content\/uploads\/2025\/11\/pack-sd.jpg","contentUrl":"https:\/\/lalaboralaula.es\/MP142526\/wp-content\/uploads\/2025\/11\/pack-sd.jpg","width":709,"height":694,"caption":"soltero"},{"@type":"BreadcrumbList","@id":"https:\/\/lalaboralaula.es\/MP142526\/index.php\/producto\/pack-dia-del-soltero\/#breadcrumb","itemListElement":[{"@type":"ListItem","position":1,"name":"Portada","item":"https:\/\/lalaboralaula.es\/MP142526\/"},{"@type":"ListItem","position":2,"name":"Tienda","item":"https:\/\/lalaboralaula.es\/MP142526\/index.php\/tienda\/"},{"@type":"ListItem","position":3,"name":"Pack d\u00eda del soltero"}]},{"@type":"WebSite","@id":"https:\/\/lalaboralaula.es\/MP142526\/#website","url":"https:\/\/lalaboralaula.es\/MP142526\/","name":"Fidalgo Ch\u00e1puli, Pablo","description":"","publisher":{"@id":"https:\/\/lalaboralaula.es\/MP142526\/#organization"},"potentialAction":[{"@type":"SearchAction","target":{"@type":"EntryPoint","urlTemplate":"https:\/\/lalaboralaula.es\/MP142526\/?s={search_term_string}"},"query-input":{"@type":"PropertyValueSpecification","valueRequired":true,"valueName":"search_term_string"}}],"inLanguage":"es"},{"@type":"Organization","@id":"https:\/\/lalaboralaula.es\/MP142526\/#organization","name":"Fidalgo Ch\u00e1puli, Pablo","url":"https:\/\/lalaboralaula.es\/MP142526\/","logo":{"@type":"ImageObject","inLanguage":"es","@id":"https:\/\/lalaboralaula.es\/MP142526\/#\/schema\/logo\/image\/","url":"https:\/\/lalaboralaula.es\/MP142526\/wp-content\/uploads\/2026\/01\/cropped-logo-flarexx.png","contentUrl":"https:\/\/lalaboralaula.es\/MP142526\/wp-content\/uploads\/2026\/01\/cropped-logo-flarexx.png","width":102,"height":89,"caption":"Fidalgo Ch\u00e1puli, Pablo"},"image":{"@id":"https:\/\/lalaboralaula.es\/MP142526\/#\/schema\/logo\/image\/"}}]}},"_links":{"self":[{"href":"https:\/\/lalaboralaula.es\/MP142526\/index.php\/wp-json\/wp\/v2\/product\/174","targetHints":{"allow":["GET"]}}],"collection":[{"href":"https:\/\/lalaboralaula.es\/MP142526\/index.php\/wp-json\/wp\/v2\/product"}],"about":[{"href":"https:\/\/lalaboralaula.es\/MP142526\/index.php\/wp-json\/wp\/v2\/types\/product"}],"replies":[{"embeddable":true,"href":"https:\/\/lalaboralaula.es\/MP142526\/index.php\/wp-json\/wp\/v2\/comments?post=174"}],"wp:featuredmedia":[{"embeddable":true,"href":"https:\/\/lalaboralaula.es\/MP142526\/index.php\/wp-json\/wp\/v2\/media\/176"}],"wp:attachment":[{"href":"https:\/\/lalaboralaula.es\/MP142526\/index.php\/wp-json\/wp\/v2\/media?parent=174"}],"wp:term":[{"taxonomy":"product_brand","embeddable":true,"href":"https:\/\/lalaboralaula.es\/MP142526\/index.php\/wp-json\/wp\/v2\/product_brand?post=174"},{"taxonomy":"product_cat","embeddable":true,"href":"https:\/\/lalaboralaula.es\/MP142526\/index.php\/wp-json\/wp\/v2\/product_cat?post=174"},{"taxonomy":"product_tag","embeddable":true,"href":"https:\/\/lalaboralaula.es\/MP142526\/index.php\/wp-json\/wp\/v2\/product_tag?post=174"}],"curies":[{"name":"wp","href":"https:\/\/api.w.org\/{rel}","templated":true}]}}