{"id":140,"date":"2025-10-30T20:44:03","date_gmt":"2025-10-30T19:44:03","guid":{"rendered":"https:\/\/lalaboralaula.es\/MP142526\/?post_type=product&#038;p=140"},"modified":"2025-11-19T20:07:05","modified_gmt":"2025-11-19T19:07:05","slug":"sudadera-fl","status":"publish","type":"product","link":"https:\/\/lalaboralaula.es\/MP142526\/index.php\/producto\/sudadera-fl\/","title":{"rendered":"Sudadera FL"},"content":{"rendered":"<p>Sudadera inspirada en los cl\u00e1sicos de los a\u00f1os 80 y 90, perfecta para un look streetwear aut\u00e9ntico. Su dise\u00f1o atemporal y silueta c\u00f3moda la convierten en una prenda vers\u00e1til para cualquier ocasi\u00f3n urbana. Los detalles retro y los cortes ic\u00f3nicos aportan estilo y personalidad a tu outfit streetwear. Ideal para combinar con zapatillas retrorunning o prendas casuales sin perder el toque nost\u00e1lgico. Perfecta para quienes buscan comodidad, estilo y esencia streetwear en su vestuario diario.<\/p>\n<p><a href=\"https:\/\/bsky.app\/notifications\">https:\/\/bsky.app\/notifications<\/a><\/p>\n<p><a href=\"https:\/\/lalaboralaula.es\/MP142526\/\">P\u00e1gina principal<\/a><\/p>\n","protected":false},"excerpt":{"rendered":"<p data-start=\"116\" data-end=\"360\">Gracias por darle una nueva vida a esta sudadera vintage. Prep\u00e1rate: no solo vas a estar c\u00f3modo, sino que vas a robar miradas sin siquiera intentarlo. Esta sudadera tiene historia, estilo y un poquito de actitud\u2026 justo lo que necesitas ahora.<\/p>\n<p data-start=\"362\" data-end=\"453\">Disfr\u00fatala, cu\u00eddala y recuerda: cada arruguita y cada lavado solo la hacen m\u00e1s aut\u00e9ntica.<\/p>\n","protected":false},"featured_media":81,"comment_status":"open","ping_status":"closed","template":"","meta":[],"product_brand":[],"product_cat":[19,22],"product_tag":[23,21],"class_list":{"0":"post-140","1":"product","2":"type-product","3":"status-publish","4":"has-post-thumbnail","6":"product_cat-hombre","7":"product_cat-sudadera","8":"product_tag-retro","9":"product_tag-vintage","11":"first","12":"instock","13":"shipping-taxable","14":"purchasable","15":"product-type-variable"},"yoast_head":"<!-- This site is optimized with the Yoast SEO plugin v27.4 - https:\/\/yoast.com\/product\/yoast-seo-wordpress\/ -->\n<title>Sudadera FL - Fidalgo Ch\u00e1puli, Pablo<\/title>\n<meta name=\"description\" content=\"Sudadera inspirada en los cl\u00e1sicos de los a\u00f1os 80 y 90, perfecta para un look streetwear aut\u00e9ntico. Su dise\u00f1o la convierte en una prenda vers\u00e1til\" \/>\n<meta name=\"robots\" content=\"index, follow, max-snippet:-1, max-image-preview:large, max-video-preview:-1\" \/>\n<link rel=\"canonical\" href=\"https:\/\/lalaboralaula.es\/MP142526\/index.php\/producto\/sudadera-fl\/\" \/>\n<meta property=\"og:locale\" content=\"es_ES\" \/>\n<meta property=\"og:type\" content=\"article\" \/>\n<meta property=\"og:title\" content=\"Sudadera FL - Fidalgo Ch\u00e1puli, Pablo\" \/>\n<meta property=\"og:description\" content=\"Sudadera inspirada en los cl\u00e1sicos de los a\u00f1os 80 y 90, perfecta para un look streetwear aut\u00e9ntico. Su dise\u00f1o la convierte en una prenda vers\u00e1til\" \/>\n<meta property=\"og:url\" content=\"https:\/\/lalaboralaula.es\/MP142526\/index.php\/producto\/sudadera-fl\/\" \/>\n<meta property=\"og:site_name\" content=\"Fidalgo Ch\u00e1puli, Pablo\" \/>\n<meta property=\"article:modified_time\" content=\"2025-11-19T19:07:05+00:00\" \/>\n<meta property=\"og:image\" content=\"https:\/\/lalaboralaula.es\/MP142526\/wp-content\/uploads\/woocommerce-placeholder.webp\" \/>\n\t<meta property=\"og:image:width\" content=\"1200\" \/>\n\t<meta property=\"og:image:height\" content=\"1200\" \/>\n\t<meta property=\"og:image:type\" content=\"image\/webp\" \/>\n<meta name=\"twitter:card\" content=\"summary_large_image\" \/>\n<meta name=\"twitter:label1\" content=\"Tiempo de lectura\" \/>\n\t<meta name=\"twitter:data1\" content=\"1 minuto\" \/>\n<script type=\"application\/ld+json\" class=\"yoast-schema-graph\">{\"@context\":\"https:\\\/\\\/schema.org\",\"@graph\":[{\"@type\":\"WebPage\",\"@id\":\"https:\\\/\\\/lalaboralaula.es\\\/MP142526\\\/index.php\\\/producto\\\/sudadera-fl\\\/\",\"url\":\"https:\\\/\\\/lalaboralaula.es\\\/MP142526\\\/index.php\\\/producto\\\/sudadera-fl\\\/\",\"name\":\"Sudadera FL - Fidalgo Ch\u00e1puli, Pablo\",\"isPartOf\":{\"@id\":\"https:\\\/\\\/lalaboralaula.es\\\/MP142526\\\/#website\"},\"primaryImageOfPage\":{\"@id\":\"https:\\\/\\\/lalaboralaula.es\\\/MP142526\\\/index.php\\\/producto\\\/sudadera-fl\\\/#primaryimage\"},\"image\":{\"@id\":\"https:\\\/\\\/lalaboralaula.es\\\/MP142526\\\/index.php\\\/producto\\\/sudadera-fl\\\/#primaryimage\"},\"thumbnailUrl\":\"https:\\\/\\\/lalaboralaula.es\\\/MP142526\\\/wp-content\\\/uploads\\\/woocommerce-placeholder.webp\",\"datePublished\":\"2025-10-30T19:44:03+00:00\",\"dateModified\":\"2025-11-19T19:07:05+00:00\",\"description\":\"Sudadera inspirada en los cl\u00e1sicos de los a\u00f1os 80 y 90, perfecta para un look streetwear aut\u00e9ntico. Su dise\u00f1o la convierte en una prenda vers\u00e1til\",\"breadcrumb\":{\"@id\":\"https:\\\/\\\/lalaboralaula.es\\\/MP142526\\\/index.php\\\/producto\\\/sudadera-fl\\\/#breadcrumb\"},\"inLanguage\":\"es\",\"potentialAction\":[{\"@type\":\"ReadAction\",\"target\":[\"https:\\\/\\\/lalaboralaula.es\\\/MP142526\\\/index.php\\\/producto\\\/sudadera-fl\\\/\"]}]},{\"@type\":\"ImageObject\",\"inLanguage\":\"es\",\"@id\":\"https:\\\/\\\/lalaboralaula.es\\\/MP142526\\\/index.php\\\/producto\\\/sudadera-fl\\\/#primaryimage\",\"url\":\"https:\\\/\\\/lalaboralaula.es\\\/MP142526\\\/wp-content\\\/uploads\\\/woocommerce-placeholder.webp\",\"contentUrl\":\"https:\\\/\\\/lalaboralaula.es\\\/MP142526\\\/wp-content\\\/uploads\\\/woocommerce-placeholder.webp\",\"width\":1200,\"height\":1200,\"caption\":\"sudadera retro vintage\"},{\"@type\":\"BreadcrumbList\",\"@id\":\"https:\\\/\\\/lalaboralaula.es\\\/MP142526\\\/index.php\\\/producto\\\/sudadera-fl\\\/#breadcrumb\",\"itemListElement\":[{\"@type\":\"ListItem\",\"position\":1,\"name\":\"Portada\",\"item\":\"https:\\\/\\\/lalaboralaula.es\\\/MP142526\\\/\"},{\"@type\":\"ListItem\",\"position\":2,\"name\":\"Tienda\",\"item\":\"https:\\\/\\\/lalaboralaula.es\\\/MP142526\\\/index.php\\\/tienda\\\/\"},{\"@type\":\"ListItem\",\"position\":3,\"name\":\"Sudadera FL\"}]},{\"@type\":\"WebSite\",\"@id\":\"https:\\\/\\\/lalaboralaula.es\\\/MP142526\\\/#website\",\"url\":\"https:\\\/\\\/lalaboralaula.es\\\/MP142526\\\/\",\"name\":\"Fidalgo Ch\u00e1puli, Pablo\",\"description\":\"\",\"publisher\":{\"@id\":\"https:\\\/\\\/lalaboralaula.es\\\/MP142526\\\/#organization\"},\"potentialAction\":[{\"@type\":\"SearchAction\",\"target\":{\"@type\":\"EntryPoint\",\"urlTemplate\":\"https:\\\/\\\/lalaboralaula.es\\\/MP142526\\\/?s={search_term_string}\"},\"query-input\":{\"@type\":\"PropertyValueSpecification\",\"valueRequired\":true,\"valueName\":\"search_term_string\"}}],\"inLanguage\":\"es\"},{\"@type\":\"Organization\",\"@id\":\"https:\\\/\\\/lalaboralaula.es\\\/MP142526\\\/#organization\",\"name\":\"Fidalgo Ch\u00e1puli, Pablo\",\"url\":\"https:\\\/\\\/lalaboralaula.es\\\/MP142526\\\/\",\"logo\":{\"@type\":\"ImageObject\",\"inLanguage\":\"es\",\"@id\":\"https:\\\/\\\/lalaboralaula.es\\\/MP142526\\\/#\\\/schema\\\/logo\\\/image\\\/\",\"url\":\"https:\\\/\\\/lalaboralaula.es\\\/MP142526\\\/wp-content\\\/uploads\\\/2026\\\/01\\\/cropped-logo-flarexx.png\",\"contentUrl\":\"https:\\\/\\\/lalaboralaula.es\\\/MP142526\\\/wp-content\\\/uploads\\\/2026\\\/01\\\/cropped-logo-flarexx.png\",\"width\":102,\"height\":89,\"caption\":\"Fidalgo Ch\u00e1puli, Pablo\"},\"image\":{\"@id\":\"https:\\\/\\\/lalaboralaula.es\\\/MP142526\\\/#\\\/schema\\\/logo\\\/image\\\/\"}}]}<\/script>\n<!-- \/ Yoast SEO plugin. -->","yoast_head_json":{"title":"Sudadera FL - Fidalgo Ch\u00e1puli, Pablo","description":"Sudadera inspirada en los cl\u00e1sicos de los a\u00f1os 80 y 90, perfecta para un look streetwear aut\u00e9ntico. Su dise\u00f1o la convierte en una prenda vers\u00e1til","robots":{"index":"index","follow":"follow","max-snippet":"max-snippet:-1","max-image-preview":"max-image-preview:large","max-video-preview":"max-video-preview:-1"},"canonical":"https:\/\/lalaboralaula.es\/MP142526\/index.php\/producto\/sudadera-fl\/","og_locale":"es_ES","og_type":"article","og_title":"Sudadera FL - Fidalgo Ch\u00e1puli, Pablo","og_description":"Sudadera inspirada en los cl\u00e1sicos de los a\u00f1os 80 y 90, perfecta para un look streetwear aut\u00e9ntico. Su dise\u00f1o la convierte en una prenda vers\u00e1til","og_url":"https:\/\/lalaboralaula.es\/MP142526\/index.php\/producto\/sudadera-fl\/","og_site_name":"Fidalgo Ch\u00e1puli, Pablo","article_modified_time":"2025-11-19T19:07:05+00:00","og_image":[{"width":1200,"height":1200,"url":"https:\/\/lalaboralaula.es\/MP142526\/wp-content\/uploads\/woocommerce-placeholder.webp","type":"image\/webp"}],"twitter_card":"summary_large_image","twitter_misc":{"Tiempo de lectura":"1 minuto"},"schema":{"@context":"https:\/\/schema.org","@graph":[{"@type":"WebPage","@id":"https:\/\/lalaboralaula.es\/MP142526\/index.php\/producto\/sudadera-fl\/","url":"https:\/\/lalaboralaula.es\/MP142526\/index.php\/producto\/sudadera-fl\/","name":"Sudadera FL - Fidalgo Ch\u00e1puli, Pablo","isPartOf":{"@id":"https:\/\/lalaboralaula.es\/MP142526\/#website"},"primaryImageOfPage":{"@id":"https:\/\/lalaboralaula.es\/MP142526\/index.php\/producto\/sudadera-fl\/#primaryimage"},"image":{"@id":"https:\/\/lalaboralaula.es\/MP142526\/index.php\/producto\/sudadera-fl\/#primaryimage"},"thumbnailUrl":"https:\/\/lalaboralaula.es\/MP142526\/wp-content\/uploads\/woocommerce-placeholder.webp","datePublished":"2025-10-30T19:44:03+00:00","dateModified":"2025-11-19T19:07:05+00:00","description":"Sudadera inspirada en los cl\u00e1sicos de los a\u00f1os 80 y 90, perfecta para un look streetwear aut\u00e9ntico. Su dise\u00f1o la convierte en una prenda vers\u00e1til","breadcrumb":{"@id":"https:\/\/lalaboralaula.es\/MP142526\/index.php\/producto\/sudadera-fl\/#breadcrumb"},"inLanguage":"es","potentialAction":[{"@type":"ReadAction","target":["https:\/\/lalaboralaula.es\/MP142526\/index.php\/producto\/sudadera-fl\/"]}]},{"@type":"ImageObject","inLanguage":"es","@id":"https:\/\/lalaboralaula.es\/MP142526\/index.php\/producto\/sudadera-fl\/#primaryimage","url":"https:\/\/lalaboralaula.es\/MP142526\/wp-content\/uploads\/woocommerce-placeholder.webp","contentUrl":"https:\/\/lalaboralaula.es\/MP142526\/wp-content\/uploads\/woocommerce-placeholder.webp","width":1200,"height":1200,"caption":"sudadera retro vintage"},{"@type":"BreadcrumbList","@id":"https:\/\/lalaboralaula.es\/MP142526\/index.php\/producto\/sudadera-fl\/#breadcrumb","itemListElement":[{"@type":"ListItem","position":1,"name":"Portada","item":"https:\/\/lalaboralaula.es\/MP142526\/"},{"@type":"ListItem","position":2,"name":"Tienda","item":"https:\/\/lalaboralaula.es\/MP142526\/index.php\/tienda\/"},{"@type":"ListItem","position":3,"name":"Sudadera FL"}]},{"@type":"WebSite","@id":"https:\/\/lalaboralaula.es\/MP142526\/#website","url":"https:\/\/lalaboralaula.es\/MP142526\/","name":"Fidalgo Ch\u00e1puli, Pablo","description":"","publisher":{"@id":"https:\/\/lalaboralaula.es\/MP142526\/#organization"},"potentialAction":[{"@type":"SearchAction","target":{"@type":"EntryPoint","urlTemplate":"https:\/\/lalaboralaula.es\/MP142526\/?s={search_term_string}"},"query-input":{"@type":"PropertyValueSpecification","valueRequired":true,"valueName":"search_term_string"}}],"inLanguage":"es"},{"@type":"Organization","@id":"https:\/\/lalaboralaula.es\/MP142526\/#organization","name":"Fidalgo Ch\u00e1puli, Pablo","url":"https:\/\/lalaboralaula.es\/MP142526\/","logo":{"@type":"ImageObject","inLanguage":"es","@id":"https:\/\/lalaboralaula.es\/MP142526\/#\/schema\/logo\/image\/","url":"https:\/\/lalaboralaula.es\/MP142526\/wp-content\/uploads\/2026\/01\/cropped-logo-flarexx.png","contentUrl":"https:\/\/lalaboralaula.es\/MP142526\/wp-content\/uploads\/2026\/01\/cropped-logo-flarexx.png","width":102,"height":89,"caption":"Fidalgo Ch\u00e1puli, Pablo"},"image":{"@id":"https:\/\/lalaboralaula.es\/MP142526\/#\/schema\/logo\/image\/"}}]}},"_links":{"self":[{"href":"https:\/\/lalaboralaula.es\/MP142526\/index.php\/wp-json\/wp\/v2\/product\/140","targetHints":{"allow":["GET"]}}],"collection":[{"href":"https:\/\/lalaboralaula.es\/MP142526\/index.php\/wp-json\/wp\/v2\/product"}],"about":[{"href":"https:\/\/lalaboralaula.es\/MP142526\/index.php\/wp-json\/wp\/v2\/types\/product"}],"replies":[{"embeddable":true,"href":"https:\/\/lalaboralaula.es\/MP142526\/index.php\/wp-json\/wp\/v2\/comments?post=140"}],"wp:featuredmedia":[{"embeddable":true,"href":"https:\/\/lalaboralaula.es\/MP142526\/index.php\/wp-json\/wp\/v2\/media\/81"}],"wp:attachment":[{"href":"https:\/\/lalaboralaula.es\/MP142526\/index.php\/wp-json\/wp\/v2\/media?parent=140"}],"wp:term":[{"taxonomy":"product_brand","embeddable":true,"href":"https:\/\/lalaboralaula.es\/MP142526\/index.php\/wp-json\/wp\/v2\/product_brand?post=140"},{"taxonomy":"product_cat","embeddable":true,"href":"https:\/\/lalaboralaula.es\/MP142526\/index.php\/wp-json\/wp\/v2\/product_cat?post=140"},{"taxonomy":"product_tag","embeddable":true,"href":"https:\/\/lalaboralaula.es\/MP142526\/index.php\/wp-json\/wp\/v2\/product_tag?post=140"}],"curies":[{"name":"wp","href":"https:\/\/api.w.org\/{rel}","templated":true}]}}