{"id":345,"date":"2025-11-20T20:17:39","date_gmt":"2025-11-20T19:17:39","guid":{"rendered":"https:\/\/lalaboralaula.es\/MP112526\/?post_type=product&#038;p=345"},"modified":"2026-01-26T19:40:57","modified_gmt":"2026-01-26T18:40:57","slug":"libro-trazos-del-alma-en-acuarela","status":"publish","type":"product","link":"https:\/\/lalaboralaula.es\/MP112526\/index.php\/producto\/libro-trazos-del-alma-en-acuarela\/","title":{"rendered":"Libro \u00abTrazos del alma en acuarela\u00bb"},"content":{"rendered":"<p>\u00ab<strong>Trazos del Alma en Acuarela<\/strong>\u00bb es un volumen en tapa dura acompa\u00f1ado de un set de pegatinas y washi tape tem\u00e1ticas, dise\u00f1ado para atesorar recuerdos y decorar cada p\u00e1gina con un toque de acuarela y dorado.<\/p>\n<p>Un diario ilustrado que combina inspiraci\u00f3n y espacio libre en cada doble p\u00e1gina:<\/p>\n<p><strong>Frases motivadoras diarias\u00a0<\/strong>(por fecha) que invitan a explorar y dar rienda suelta a tus emociones a trav\u00e9s de la pintura.<\/p>\n<p><strong>234 p\u00e1ginas\u00a0<\/strong>en total: en cada par de p\u00e1ginas, la parte izquierda contiene una frase breve y po\u00e9tica para el d\u00eda (p. ej. \u00abHoy deja que el color de tus sue\u00f1os pinte el lienzo de tu realidad\u00bb), mientras que la parte derecha es un lienzo en blanco con un elegante borde met\u00e1lico dorado, listo para tus bocetos, apuntes o acuarelas.<\/p>\n<p><strong>Dise\u00f1o editorial cuidado:\u00a0<\/strong>portada y cubiertas interiores con suaves salpicaduras en acuarela, tipograf\u00eda en relieve y detalles en dorado.<\/p>\n<p>Ideal para artistas, aficionados a la acuarela y cualquier persona que busque estructurar su pr\u00e1ctica diaria de dibujo o lettering, reflexionando sobre c\u00f3mo ha sido su jornada.<\/p>\n","protected":false},"excerpt":{"rendered":"<p>\u00abTrazos del Alma en Acuarela\u00bb es un diario en formato tapa dura pensado para acompa\u00f1ar tu proceso creativo diario. Con 234 p\u00e1ginas, cada jornada se inicia con una frase motivadora que te inspire a plasmar tu experiencia en acuarelas y bocetos, y finaliza con un espacio en blanco bordeado en dorado para que registres con total libertad lo que hayas dibujado o sentido ese d\u00eda.<\/p>\n<p><strong>Otras caracter\u00edsticas del libro:\u00a0<\/strong><\/p>\n<ul>\n<li><strong>Formato:\u00a0<\/strong>Tapa dura con interior mate.<\/li>\n<li><strong>N\u00famero de p\u00e1ginas:\u00a0<\/strong>234.<\/li>\n<li><strong>Materiales:\u00a0<\/strong>Papel reciclado con certificaci\u00f3n FSC, gramaje 120g\/m2 (apto para acuarela ligera).<\/li>\n<li><strong>Tipograf\u00eda:\u00a0<\/strong>Detalles met\u00e1licos dorados en cubierta y bordes de p\u00e1gina.<\/li>\n<li><strong>Dise\u00f1o interior:\u00a0<\/strong>Cada mes inicia con una ilustraci\u00f3n suave en acuarela; cada d\u00eda incluye el encabezado con la fecha y la frase, seguido de la p\u00e1gina en blanco bordeada.<\/li>\n<li><strong>Idioma:\u00a0<\/strong>Espa\u00f1ol.<\/li>\n<\/ul>\n<p>Este diario es m\u00e1s que un cuaderno: es un compa\u00f1ero para tu pr\u00e1ctica art\u00edstica, ayud\u00e1ndote a reflexionar sobre cada jornada y a materializar tus emociones en trazs de acuarela.<\/p>\n","protected":false},"featured_media":349,"comment_status":"open","ping_status":"closed","template":"","meta":[],"product_brand":[],"product_cat":[39,34],"product_tag":[41,40,42],"class_list":{"0":"post-345","1":"product","2":"type-product","3":"status-publish","4":"has-post-thumbnail","6":"product_cat-bullet-journal","7":"product_cat-trazos-del-alma-en-acuarela","8":"product_tag-acuarela","9":"product_tag-bullet-journal","10":"product_tag-diario-creativo","12":"first","13":"instock","14":"taxable","15":"shipping-taxable","16":"purchasable","17":"product-type-simple"},"yoast_head":"<!-- This site is optimized with the Yoast SEO plugin v26.8 - https:\/\/yoast.com\/product\/yoast-seo-wordpress\/ -->\n<title>Libro &quot;Trazos del alma en acuarela&quot; - Neotronik<\/title>\n<meta name=\"robots\" content=\"index, follow, max-snippet:-1, max-image-preview:large, max-video-preview:-1\" \/>\n<link rel=\"canonical\" href=\"https:\/\/lalaboralaula.es\/MP112526\/index.php\/producto\/libro-trazos-del-alma-en-acuarela\/\" \/>\n<meta property=\"og:locale\" content=\"es_ES\" \/>\n<meta property=\"og:type\" content=\"article\" \/>\n<meta property=\"og:title\" content=\"Libro &quot;Trazos del alma en acuarela&quot; - Neotronik\" \/>\n<meta property=\"og:description\" content=\"&quot;Trazos del Alma en Acuarela&quot; es un diario en formato tapa dura pensado para acompa\u00f1ar tu proceso creativo diario. Con 234 p\u00e1ginas, cada jornada se inicia con una frase motivadora que te inspire a plasmar tu experiencia en acuarelas y bocetos, y finaliza con un espacio en blanco bordeado en dorado para que registres con total libertad lo que hayas dibujado o sentido ese d\u00eda.  Otras caracter\u00edsticas del libro:\u00a0   Formato:\u00a0Tapa dura con interior mate.  N\u00famero de p\u00e1ginas:\u00a0234.  Materiales:\u00a0Papel reciclado con certificaci\u00f3n FSC, gramaje 120g\/m2 (apto para acuarela ligera).  Tipograf\u00eda:\u00a0Detalles met\u00e1licos dorados en cubierta y bordes de p\u00e1gina.  Dise\u00f1o interior:\u00a0Cada mes inicia con una ilustraci\u00f3n suave en acuarela; cada d\u00eda incluye el encabezado con la fecha y la frase, seguido de la p\u00e1gina en blanco bordeada.  Idioma:\u00a0Espa\u00f1ol.  Este diario es m\u00e1s que un cuaderno: es un compa\u00f1ero para tu pr\u00e1ctica art\u00edstica, ayud\u00e1ndote a reflexionar sobre cada jornada y a materializar tus emociones en trazs de acuarela.\" \/>\n<meta property=\"og:url\" content=\"https:\/\/lalaboralaula.es\/MP112526\/index.php\/producto\/libro-trazos-del-alma-en-acuarela\/\" \/>\n<meta property=\"og:site_name\" content=\"Neotronik\" \/>\n<meta property=\"article:modified_time\" content=\"2026-01-26T18:40:57+00:00\" \/>\n<meta property=\"og:image\" content=\"https:\/\/lalaboralaula.es\/MP112526\/wp-content\/uploads\/2025\/11\/Libros-trazos-del-alma-en-acuarela-y-pegatinas.jpg\" \/>\n\t<meta property=\"og:image:width\" content=\"940\" \/>\n\t<meta property=\"og:image:height\" content=\"940\" \/>\n\t<meta property=\"og:image:type\" content=\"image\/jpeg\" \/>\n<meta name=\"twitter:card\" content=\"summary_large_image\" \/>\n<meta name=\"twitter:label1\" content=\"Tiempo de lectura\" \/>\n\t<meta name=\"twitter:data1\" content=\"2 minutos\" \/>\n<script type=\"application\/ld+json\" class=\"yoast-schema-graph\">{\"@context\":\"https:\/\/schema.org\",\"@graph\":[{\"@type\":\"WebPage\",\"@id\":\"https:\/\/lalaboralaula.es\/MP112526\/index.php\/producto\/libro-trazos-del-alma-en-acuarela\/\",\"url\":\"https:\/\/lalaboralaula.es\/MP112526\/index.php\/producto\/libro-trazos-del-alma-en-acuarela\/\",\"name\":\"Libro \\\"Trazos del alma en acuarela\\\" - Neotronik\",\"isPartOf\":{\"@id\":\"https:\/\/lalaboralaula.es\/MP112526\/#website\"},\"primaryImageOfPage\":{\"@id\":\"https:\/\/lalaboralaula.es\/MP112526\/index.php\/producto\/libro-trazos-del-alma-en-acuarela\/#primaryimage\"},\"image\":{\"@id\":\"https:\/\/lalaboralaula.es\/MP112526\/index.php\/producto\/libro-trazos-del-alma-en-acuarela\/#primaryimage\"},\"thumbnailUrl\":\"https:\/\/lalaboralaula.es\/MP112526\/wp-content\/uploads\/2025\/11\/Libros-trazos-del-alma-en-acuarela-y-pegatinas.jpg\",\"datePublished\":\"2025-11-20T19:17:39+00:00\",\"dateModified\":\"2026-01-26T18:40:57+00:00\",\"breadcrumb\":{\"@id\":\"https:\/\/lalaboralaula.es\/MP112526\/index.php\/producto\/libro-trazos-del-alma-en-acuarela\/#breadcrumb\"},\"inLanguage\":\"es\",\"potentialAction\":[{\"@type\":\"ReadAction\",\"target\":[\"https:\/\/lalaboralaula.es\/MP112526\/index.php\/producto\/libro-trazos-del-alma-en-acuarela\/\"]}]},{\"@type\":\"ImageObject\",\"inLanguage\":\"es\",\"@id\":\"https:\/\/lalaboralaula.es\/MP112526\/index.php\/producto\/libro-trazos-del-alma-en-acuarela\/#primaryimage\",\"url\":\"https:\/\/lalaboralaula.es\/MP112526\/wp-content\/uploads\/2025\/11\/Libros-trazos-del-alma-en-acuarela-y-pegatinas.jpg\",\"contentUrl\":\"https:\/\/lalaboralaula.es\/MP112526\/wp-content\/uploads\/2025\/11\/Libros-trazos-del-alma-en-acuarela-y-pegatinas.jpg\",\"width\":940,\"height\":940},{\"@type\":\"BreadcrumbList\",\"@id\":\"https:\/\/lalaboralaula.es\/MP112526\/index.php\/producto\/libro-trazos-del-alma-en-acuarela\/#breadcrumb\",\"itemListElement\":[{\"@type\":\"ListItem\",\"position\":1,\"name\":\"Portada\",\"item\":\"https:\/\/lalaboralaula.es\/MP112526\/\"},{\"@type\":\"ListItem\",\"position\":2,\"name\":\"Tienda\",\"item\":\"https:\/\/lalaboralaula.es\/MP112526\/index.php\/tienda\/\"},{\"@type\":\"ListItem\",\"position\":3,\"name\":\"Libro \u00abTrazos del alma en acuarela\u00bb\"}]},{\"@type\":\"WebSite\",\"@id\":\"https:\/\/lalaboralaula.es\/MP112526\/#website\",\"url\":\"https:\/\/lalaboralaula.es\/MP112526\/\",\"name\":\"Fern\u00e1ndez G\u00f3mez, Nel\",\"description\":\"\",\"publisher\":{\"@id\":\"https:\/\/lalaboralaula.es\/MP112526\/#organization\"},\"potentialAction\":[{\"@type\":\"SearchAction\",\"target\":{\"@type\":\"EntryPoint\",\"urlTemplate\":\"https:\/\/lalaboralaula.es\/MP112526\/?s={search_term_string}\"},\"query-input\":{\"@type\":\"PropertyValueSpecification\",\"valueRequired\":true,\"valueName\":\"search_term_string\"}}],\"inLanguage\":\"es\"},{\"@type\":\"Organization\",\"@id\":\"https:\/\/lalaboralaula.es\/MP112526\/#organization\",\"name\":\"Fern\u00e1ndez G\u00f3mez, Nel\",\"url\":\"https:\/\/lalaboralaula.es\/MP112526\/\",\"logo\":{\"@type\":\"ImageObject\",\"inLanguage\":\"es\",\"@id\":\"https:\/\/lalaboralaula.es\/MP112526\/#\/schema\/logo\/image\/\",\"url\":\"https:\/\/lalaboralaula.es\/MP112526\/wp-content\/uploads\/2025\/10\/cropped-bafkreig4aj3f2hrq6akbvkchka6oxscp77xpsuttasohasrra26mhv54si.jpg\",\"contentUrl\":\"https:\/\/lalaboralaula.es\/MP112526\/wp-content\/uploads\/2025\/10\/cropped-bafkreig4aj3f2hrq6akbvkchka6oxscp77xpsuttasohasrra26mhv54si.jpg\",\"width\":1000,\"height\":314,\"caption\":\"Fern\u00e1ndez G\u00f3mez, Nel\"},\"image\":{\"@id\":\"https:\/\/lalaboralaula.es\/MP112526\/#\/schema\/logo\/image\/\"}}]}<\/script>\n<!-- \/ Yoast SEO plugin. -->","yoast_head_json":{"title":"Libro \"Trazos del alma en acuarela\" - Neotronik","robots":{"index":"index","follow":"follow","max-snippet":"max-snippet:-1","max-image-preview":"max-image-preview:large","max-video-preview":"max-video-preview:-1"},"canonical":"https:\/\/lalaboralaula.es\/MP112526\/index.php\/producto\/libro-trazos-del-alma-en-acuarela\/","og_locale":"es_ES","og_type":"article","og_title":"Libro \"Trazos del alma en acuarela\" - Neotronik","og_description":"\"Trazos del Alma en Acuarela\" es un diario en formato tapa dura pensado para acompa\u00f1ar tu proceso creativo diario. Con 234 p\u00e1ginas, cada jornada se inicia con una frase motivadora que te inspire a plasmar tu experiencia en acuarelas y bocetos, y finaliza con un espacio en blanco bordeado en dorado para que registres con total libertad lo que hayas dibujado o sentido ese d\u00eda.  Otras caracter\u00edsticas del libro:\u00a0   Formato:\u00a0Tapa dura con interior mate.  N\u00famero de p\u00e1ginas:\u00a0234.  Materiales:\u00a0Papel reciclado con certificaci\u00f3n FSC, gramaje 120g\/m2 (apto para acuarela ligera).  Tipograf\u00eda:\u00a0Detalles met\u00e1licos dorados en cubierta y bordes de p\u00e1gina.  Dise\u00f1o interior:\u00a0Cada mes inicia con una ilustraci\u00f3n suave en acuarela; cada d\u00eda incluye el encabezado con la fecha y la frase, seguido de la p\u00e1gina en blanco bordeada.  Idioma:\u00a0Espa\u00f1ol.  Este diario es m\u00e1s que un cuaderno: es un compa\u00f1ero para tu pr\u00e1ctica art\u00edstica, ayud\u00e1ndote a reflexionar sobre cada jornada y a materializar tus emociones en trazs de acuarela.","og_url":"https:\/\/lalaboralaula.es\/MP112526\/index.php\/producto\/libro-trazos-del-alma-en-acuarela\/","og_site_name":"Neotronik","article_modified_time":"2026-01-26T18:40:57+00:00","og_image":[{"width":940,"height":940,"url":"https:\/\/lalaboralaula.es\/MP112526\/wp-content\/uploads\/2025\/11\/Libros-trazos-del-alma-en-acuarela-y-pegatinas.jpg","type":"image\/jpeg"}],"twitter_card":"summary_large_image","twitter_misc":{"Tiempo de lectura":"2 minutos"},"schema":{"@context":"https:\/\/schema.org","@graph":[{"@type":"WebPage","@id":"https:\/\/lalaboralaula.es\/MP112526\/index.php\/producto\/libro-trazos-del-alma-en-acuarela\/","url":"https:\/\/lalaboralaula.es\/MP112526\/index.php\/producto\/libro-trazos-del-alma-en-acuarela\/","name":"Libro \"Trazos del alma en acuarela\" - Neotronik","isPartOf":{"@id":"https:\/\/lalaboralaula.es\/MP112526\/#website"},"primaryImageOfPage":{"@id":"https:\/\/lalaboralaula.es\/MP112526\/index.php\/producto\/libro-trazos-del-alma-en-acuarela\/#primaryimage"},"image":{"@id":"https:\/\/lalaboralaula.es\/MP112526\/index.php\/producto\/libro-trazos-del-alma-en-acuarela\/#primaryimage"},"thumbnailUrl":"https:\/\/lalaboralaula.es\/MP112526\/wp-content\/uploads\/2025\/11\/Libros-trazos-del-alma-en-acuarela-y-pegatinas.jpg","datePublished":"2025-11-20T19:17:39+00:00","dateModified":"2026-01-26T18:40:57+00:00","breadcrumb":{"@id":"https:\/\/lalaboralaula.es\/MP112526\/index.php\/producto\/libro-trazos-del-alma-en-acuarela\/#breadcrumb"},"inLanguage":"es","potentialAction":[{"@type":"ReadAction","target":["https:\/\/lalaboralaula.es\/MP112526\/index.php\/producto\/libro-trazos-del-alma-en-acuarela\/"]}]},{"@type":"ImageObject","inLanguage":"es","@id":"https:\/\/lalaboralaula.es\/MP112526\/index.php\/producto\/libro-trazos-del-alma-en-acuarela\/#primaryimage","url":"https:\/\/lalaboralaula.es\/MP112526\/wp-content\/uploads\/2025\/11\/Libros-trazos-del-alma-en-acuarela-y-pegatinas.jpg","contentUrl":"https:\/\/lalaboralaula.es\/MP112526\/wp-content\/uploads\/2025\/11\/Libros-trazos-del-alma-en-acuarela-y-pegatinas.jpg","width":940,"height":940},{"@type":"BreadcrumbList","@id":"https:\/\/lalaboralaula.es\/MP112526\/index.php\/producto\/libro-trazos-del-alma-en-acuarela\/#breadcrumb","itemListElement":[{"@type":"ListItem","position":1,"name":"Portada","item":"https:\/\/lalaboralaula.es\/MP112526\/"},{"@type":"ListItem","position":2,"name":"Tienda","item":"https:\/\/lalaboralaula.es\/MP112526\/index.php\/tienda\/"},{"@type":"ListItem","position":3,"name":"Libro \u00abTrazos del alma en acuarela\u00bb"}]},{"@type":"WebSite","@id":"https:\/\/lalaboralaula.es\/MP112526\/#website","url":"https:\/\/lalaboralaula.es\/MP112526\/","name":"Fern\u00e1ndez G\u00f3mez, Nel","description":"","publisher":{"@id":"https:\/\/lalaboralaula.es\/MP112526\/#organization"},"potentialAction":[{"@type":"SearchAction","target":{"@type":"EntryPoint","urlTemplate":"https:\/\/lalaboralaula.es\/MP112526\/?s={search_term_string}"},"query-input":{"@type":"PropertyValueSpecification","valueRequired":true,"valueName":"search_term_string"}}],"inLanguage":"es"},{"@type":"Organization","@id":"https:\/\/lalaboralaula.es\/MP112526\/#organization","name":"Fern\u00e1ndez G\u00f3mez, Nel","url":"https:\/\/lalaboralaula.es\/MP112526\/","logo":{"@type":"ImageObject","inLanguage":"es","@id":"https:\/\/lalaboralaula.es\/MP112526\/#\/schema\/logo\/image\/","url":"https:\/\/lalaboralaula.es\/MP112526\/wp-content\/uploads\/2025\/10\/cropped-bafkreig4aj3f2hrq6akbvkchka6oxscp77xpsuttasohasrra26mhv54si.jpg","contentUrl":"https:\/\/lalaboralaula.es\/MP112526\/wp-content\/uploads\/2025\/10\/cropped-bafkreig4aj3f2hrq6akbvkchka6oxscp77xpsuttasohasrra26mhv54si.jpg","width":1000,"height":314,"caption":"Fern\u00e1ndez G\u00f3mez, Nel"},"image":{"@id":"https:\/\/lalaboralaula.es\/MP112526\/#\/schema\/logo\/image\/"}}]}},"_links":{"self":[{"href":"https:\/\/lalaboralaula.es\/MP112526\/index.php\/wp-json\/wp\/v2\/product\/345","targetHints":{"allow":["GET"]}}],"collection":[{"href":"https:\/\/lalaboralaula.es\/MP112526\/index.php\/wp-json\/wp\/v2\/product"}],"about":[{"href":"https:\/\/lalaboralaula.es\/MP112526\/index.php\/wp-json\/wp\/v2\/types\/product"}],"replies":[{"embeddable":true,"href":"https:\/\/lalaboralaula.es\/MP112526\/index.php\/wp-json\/wp\/v2\/comments?post=345"}],"wp:featuredmedia":[{"embeddable":true,"href":"https:\/\/lalaboralaula.es\/MP112526\/index.php\/wp-json\/wp\/v2\/media\/349"}],"wp:attachment":[{"href":"https:\/\/lalaboralaula.es\/MP112526\/index.php\/wp-json\/wp\/v2\/media?parent=345"}],"wp:term":[{"taxonomy":"product_brand","embeddable":true,"href":"https:\/\/lalaboralaula.es\/MP112526\/index.php\/wp-json\/wp\/v2\/product_brand?post=345"},{"taxonomy":"product_cat","embeddable":true,"href":"https:\/\/lalaboralaula.es\/MP112526\/index.php\/wp-json\/wp\/v2\/product_cat?post=345"},{"taxonomy":"product_tag","embeddable":true,"href":"https:\/\/lalaboralaula.es\/MP112526\/index.php\/wp-json\/wp\/v2\/product_tag?post=345"}],"curies":[{"name":"wp","href":"https:\/\/api.w.org\/{rel}","templated":true}]}}