{"id":328,"date":"2025-11-19T20:36:36","date_gmt":"2025-11-19T19:36:36","guid":{"rendered":"https:\/\/lalaboralaula.es\/MP112526\/?post_type=product&#038;p=328"},"modified":"2026-01-26T19:37:20","modified_gmt":"2026-01-26T18:37:20","slug":"neotronik-smartband","status":"publish","type":"product","link":"https:\/\/lalaboralaula.es\/MP112526\/index.php\/producto\/neotronik-smartband\/","title":{"rendered":"Neotronik SmartBand"},"content":{"rendered":"<p data-start=\"312\" data-end=\"545\">La <strong data-start=\"315\" data-end=\"338\">Neotronik SmartBand<\/strong> es una pulsera inteligente creada para mejorar tu d\u00eda a d\u00eda. Su dise\u00f1o ligero y minimalista combina con cualquier estilo. La pantalla t\u00e1ctil en alta definici\u00f3n permite ver tus datos de forma r\u00e1pida y clara.<\/p>\n<p data-start=\"547\" data-end=\"817\">La smartband mide tu frecuencia cardiaca, tu sue\u00f1o, tu nivel de estr\u00e9s y tu actividad diaria con sensores precisos. Cada dato te ayuda a entender mejor tu salud y a tomar decisiones m\u00e1s simples. Tambi\u00e9n incluye modos deportivos pensados para todo tipo de entrenamientos.<\/p>\n<p data-start=\"819\" data-end=\"1044\">Adem\u00e1s, te mantiene conectado. Puedes ver notificaciones, controlar la m\u00fasica y acceder a funciones r\u00e1pidas sin usar el m\u00f3vil. La bater\u00eda dura varios d\u00edas, as\u00ed que puedes llevarla siempre contigo sin preocuparte por cargarla.<\/p>\n<p data-start=\"1046\" data-end=\"1176\">La <strong data-start=\"1049\" data-end=\"1072\">Neotronik SmartBand<\/strong> te acompa\u00f1a en cada momento. Es pr\u00e1ctica, moderna y pensada para personas con un estilo de vida activo.<\/p>\n","protected":false},"excerpt":{"rendered":"<p>La <strong data-start=\"1223\" data-end=\"1246\">Neotronik SmartBand<\/strong> es una pulsera inteligente ligera y moderna que mide tu salud, tu actividad y tu sue\u00f1o. Te mantiene conectado con notificaciones y funciones r\u00e1pidas. Ideal para un ritmo de vida activo.<\/p>\n","protected":false},"featured_media":327,"comment_status":"open","ping_status":"closed","template":"","meta":[],"product_brand":[],"product_cat":[33,19],"product_tag":[],"class_list":{"0":"post-328","1":"product","2":"type-product","3":"status-publish","4":"has-post-thumbnail","6":"product_cat-smartband","7":"product_cat-wearables","9":"first","10":"instock","11":"taxable","12":"shipping-taxable","13":"purchasable","14":"product-type-simple"},"yoast_head":"<!-- This site is optimized with the Yoast SEO plugin v26.8 - https:\/\/yoast.com\/product\/yoast-seo-wordpress\/ -->\n<title>Neotronik SmartBand - Neotronik<\/title>\n<meta name=\"description\" content=\"Neotronik SmartBand: pulsera inteligente ligera y moderna que mide salud, actividad y sue\u00f1o. Con notificaciones, bater\u00eda duradera y dise\u00f1o minimalista.\" \/>\n<meta name=\"robots\" content=\"index, follow, max-snippet:-1, max-image-preview:large, max-video-preview:-1\" \/>\n<link rel=\"canonical\" href=\"https:\/\/lalaboralaula.es\/MP112526\/index.php\/producto\/neotronik-smartband\/\" \/>\n<meta property=\"og:locale\" content=\"es_ES\" \/>\n<meta property=\"og:type\" content=\"article\" \/>\n<meta property=\"og:title\" content=\"Neotronik SmartBand - Neotronik\" \/>\n<meta property=\"og:description\" content=\"Neotronik SmartBand: pulsera inteligente ligera y moderna que mide salud, actividad y sue\u00f1o. Con notificaciones, bater\u00eda duradera y dise\u00f1o minimalista.\" \/>\n<meta property=\"og:url\" content=\"https:\/\/lalaboralaula.es\/MP112526\/index.php\/producto\/neotronik-smartband\/\" \/>\n<meta property=\"og:site_name\" content=\"Neotronik\" \/>\n<meta property=\"article:modified_time\" content=\"2026-01-26T18:37:20+00:00\" \/>\n<meta property=\"og:image\" content=\"https:\/\/lalaboralaula.es\/MP112526\/wp-content\/uploads\/2025\/11\/ChatGPT-Image-19-nov-2025-20_07_56.png\" \/>\n\t<meta property=\"og:image:width\" content=\"1024\" \/>\n\t<meta property=\"og:image:height\" content=\"1536\" \/>\n\t<meta property=\"og:image:type\" content=\"image\/png\" \/>\n<meta name=\"twitter:card\" content=\"summary_large_image\" \/>\n<meta name=\"twitter:label1\" content=\"Tiempo de lectura\" \/>\n\t<meta name=\"twitter:data1\" content=\"1 minuto\" \/>\n<script type=\"application\/ld+json\" class=\"yoast-schema-graph\">{\"@context\":\"https:\/\/schema.org\",\"@graph\":[{\"@type\":\"WebPage\",\"@id\":\"https:\/\/lalaboralaula.es\/MP112526\/index.php\/producto\/neotronik-smartband\/\",\"url\":\"https:\/\/lalaboralaula.es\/MP112526\/index.php\/producto\/neotronik-smartband\/\",\"name\":\"Neotronik SmartBand - Neotronik\",\"isPartOf\":{\"@id\":\"https:\/\/lalaboralaula.es\/MP112526\/#website\"},\"primaryImageOfPage\":{\"@id\":\"https:\/\/lalaboralaula.es\/MP112526\/index.php\/producto\/neotronik-smartband\/#primaryimage\"},\"image\":{\"@id\":\"https:\/\/lalaboralaula.es\/MP112526\/index.php\/producto\/neotronik-smartband\/#primaryimage\"},\"thumbnailUrl\":\"https:\/\/lalaboralaula.es\/MP112526\/wp-content\/uploads\/2025\/11\/ChatGPT-Image-19-nov-2025-20_07_56.png\",\"datePublished\":\"2025-11-19T19:36:36+00:00\",\"dateModified\":\"2026-01-26T18:37:20+00:00\",\"description\":\"Neotronik SmartBand: pulsera inteligente ligera y moderna que mide salud, actividad y sue\u00f1o. Con notificaciones, bater\u00eda duradera y dise\u00f1o minimalista.\",\"breadcrumb\":{\"@id\":\"https:\/\/lalaboralaula.es\/MP112526\/index.php\/producto\/neotronik-smartband\/#breadcrumb\"},\"inLanguage\":\"es\",\"potentialAction\":[{\"@type\":\"ReadAction\",\"target\":[\"https:\/\/lalaboralaula.es\/MP112526\/index.php\/producto\/neotronik-smartband\/\"]}]},{\"@type\":\"ImageObject\",\"inLanguage\":\"es\",\"@id\":\"https:\/\/lalaboralaula.es\/MP112526\/index.php\/producto\/neotronik-smartband\/#primaryimage\",\"url\":\"https:\/\/lalaboralaula.es\/MP112526\/wp-content\/uploads\/2025\/11\/ChatGPT-Image-19-nov-2025-20_07_56.png\",\"contentUrl\":\"https:\/\/lalaboralaula.es\/MP112526\/wp-content\/uploads\/2025\/11\/ChatGPT-Image-19-nov-2025-20_07_56.png\",\"width\":1024,\"height\":1536,\"caption\":\"SmartBand de Neotronik\"},{\"@type\":\"BreadcrumbList\",\"@id\":\"https:\/\/lalaboralaula.es\/MP112526\/index.php\/producto\/neotronik-smartband\/#breadcrumb\",\"itemListElement\":[{\"@type\":\"ListItem\",\"position\":1,\"name\":\"Portada\",\"item\":\"https:\/\/lalaboralaula.es\/MP112526\/\"},{\"@type\":\"ListItem\",\"position\":2,\"name\":\"Tienda\",\"item\":\"https:\/\/lalaboralaula.es\/MP112526\/index.php\/tienda\/\"},{\"@type\":\"ListItem\",\"position\":3,\"name\":\"Neotronik SmartBand\"}]},{\"@type\":\"WebSite\",\"@id\":\"https:\/\/lalaboralaula.es\/MP112526\/#website\",\"url\":\"https:\/\/lalaboralaula.es\/MP112526\/\",\"name\":\"Fern\u00e1ndez G\u00f3mez, Nel\",\"description\":\"\",\"publisher\":{\"@id\":\"https:\/\/lalaboralaula.es\/MP112526\/#organization\"},\"potentialAction\":[{\"@type\":\"SearchAction\",\"target\":{\"@type\":\"EntryPoint\",\"urlTemplate\":\"https:\/\/lalaboralaula.es\/MP112526\/?s={search_term_string}\"},\"query-input\":{\"@type\":\"PropertyValueSpecification\",\"valueRequired\":true,\"valueName\":\"search_term_string\"}}],\"inLanguage\":\"es\"},{\"@type\":\"Organization\",\"@id\":\"https:\/\/lalaboralaula.es\/MP112526\/#organization\",\"name\":\"Fern\u00e1ndez G\u00f3mez, Nel\",\"url\":\"https:\/\/lalaboralaula.es\/MP112526\/\",\"logo\":{\"@type\":\"ImageObject\",\"inLanguage\":\"es\",\"@id\":\"https:\/\/lalaboralaula.es\/MP112526\/#\/schema\/logo\/image\/\",\"url\":\"https:\/\/lalaboralaula.es\/MP112526\/wp-content\/uploads\/2025\/10\/cropped-bafkreig4aj3f2hrq6akbvkchka6oxscp77xpsuttasohasrra26mhv54si.jpg\",\"contentUrl\":\"https:\/\/lalaboralaula.es\/MP112526\/wp-content\/uploads\/2025\/10\/cropped-bafkreig4aj3f2hrq6akbvkchka6oxscp77xpsuttasohasrra26mhv54si.jpg\",\"width\":1000,\"height\":314,\"caption\":\"Fern\u00e1ndez G\u00f3mez, Nel\"},\"image\":{\"@id\":\"https:\/\/lalaboralaula.es\/MP112526\/#\/schema\/logo\/image\/\"}}]}<\/script>\n<!-- \/ Yoast SEO plugin. -->","yoast_head_json":{"title":"Neotronik SmartBand - Neotronik","description":"Neotronik SmartBand: pulsera inteligente ligera y moderna que mide salud, actividad y sue\u00f1o. Con notificaciones, bater\u00eda duradera y dise\u00f1o minimalista.","robots":{"index":"index","follow":"follow","max-snippet":"max-snippet:-1","max-image-preview":"max-image-preview:large","max-video-preview":"max-video-preview:-1"},"canonical":"https:\/\/lalaboralaula.es\/MP112526\/index.php\/producto\/neotronik-smartband\/","og_locale":"es_ES","og_type":"article","og_title":"Neotronik SmartBand - Neotronik","og_description":"Neotronik SmartBand: pulsera inteligente ligera y moderna que mide salud, actividad y sue\u00f1o. Con notificaciones, bater\u00eda duradera y dise\u00f1o minimalista.","og_url":"https:\/\/lalaboralaula.es\/MP112526\/index.php\/producto\/neotronik-smartband\/","og_site_name":"Neotronik","article_modified_time":"2026-01-26T18:37:20+00:00","og_image":[{"width":1024,"height":1536,"url":"https:\/\/lalaboralaula.es\/MP112526\/wp-content\/uploads\/2025\/11\/ChatGPT-Image-19-nov-2025-20_07_56.png","type":"image\/png"}],"twitter_card":"summary_large_image","twitter_misc":{"Tiempo de lectura":"1 minuto"},"schema":{"@context":"https:\/\/schema.org","@graph":[{"@type":"WebPage","@id":"https:\/\/lalaboralaula.es\/MP112526\/index.php\/producto\/neotronik-smartband\/","url":"https:\/\/lalaboralaula.es\/MP112526\/index.php\/producto\/neotronik-smartband\/","name":"Neotronik SmartBand - Neotronik","isPartOf":{"@id":"https:\/\/lalaboralaula.es\/MP112526\/#website"},"primaryImageOfPage":{"@id":"https:\/\/lalaboralaula.es\/MP112526\/index.php\/producto\/neotronik-smartband\/#primaryimage"},"image":{"@id":"https:\/\/lalaboralaula.es\/MP112526\/index.php\/producto\/neotronik-smartband\/#primaryimage"},"thumbnailUrl":"https:\/\/lalaboralaula.es\/MP112526\/wp-content\/uploads\/2025\/11\/ChatGPT-Image-19-nov-2025-20_07_56.png","datePublished":"2025-11-19T19:36:36+00:00","dateModified":"2026-01-26T18:37:20+00:00","description":"Neotronik SmartBand: pulsera inteligente ligera y moderna que mide salud, actividad y sue\u00f1o. Con notificaciones, bater\u00eda duradera y dise\u00f1o minimalista.","breadcrumb":{"@id":"https:\/\/lalaboralaula.es\/MP112526\/index.php\/producto\/neotronik-smartband\/#breadcrumb"},"inLanguage":"es","potentialAction":[{"@type":"ReadAction","target":["https:\/\/lalaboralaula.es\/MP112526\/index.php\/producto\/neotronik-smartband\/"]}]},{"@type":"ImageObject","inLanguage":"es","@id":"https:\/\/lalaboralaula.es\/MP112526\/index.php\/producto\/neotronik-smartband\/#primaryimage","url":"https:\/\/lalaboralaula.es\/MP112526\/wp-content\/uploads\/2025\/11\/ChatGPT-Image-19-nov-2025-20_07_56.png","contentUrl":"https:\/\/lalaboralaula.es\/MP112526\/wp-content\/uploads\/2025\/11\/ChatGPT-Image-19-nov-2025-20_07_56.png","width":1024,"height":1536,"caption":"SmartBand de Neotronik"},{"@type":"BreadcrumbList","@id":"https:\/\/lalaboralaula.es\/MP112526\/index.php\/producto\/neotronik-smartband\/#breadcrumb","itemListElement":[{"@type":"ListItem","position":1,"name":"Portada","item":"https:\/\/lalaboralaula.es\/MP112526\/"},{"@type":"ListItem","position":2,"name":"Tienda","item":"https:\/\/lalaboralaula.es\/MP112526\/index.php\/tienda\/"},{"@type":"ListItem","position":3,"name":"Neotronik SmartBand"}]},{"@type":"WebSite","@id":"https:\/\/lalaboralaula.es\/MP112526\/#website","url":"https:\/\/lalaboralaula.es\/MP112526\/","name":"Fern\u00e1ndez G\u00f3mez, Nel","description":"","publisher":{"@id":"https:\/\/lalaboralaula.es\/MP112526\/#organization"},"potentialAction":[{"@type":"SearchAction","target":{"@type":"EntryPoint","urlTemplate":"https:\/\/lalaboralaula.es\/MP112526\/?s={search_term_string}"},"query-input":{"@type":"PropertyValueSpecification","valueRequired":true,"valueName":"search_term_string"}}],"inLanguage":"es"},{"@type":"Organization","@id":"https:\/\/lalaboralaula.es\/MP112526\/#organization","name":"Fern\u00e1ndez G\u00f3mez, Nel","url":"https:\/\/lalaboralaula.es\/MP112526\/","logo":{"@type":"ImageObject","inLanguage":"es","@id":"https:\/\/lalaboralaula.es\/MP112526\/#\/schema\/logo\/image\/","url":"https:\/\/lalaboralaula.es\/MP112526\/wp-content\/uploads\/2025\/10\/cropped-bafkreig4aj3f2hrq6akbvkchka6oxscp77xpsuttasohasrra26mhv54si.jpg","contentUrl":"https:\/\/lalaboralaula.es\/MP112526\/wp-content\/uploads\/2025\/10\/cropped-bafkreig4aj3f2hrq6akbvkchka6oxscp77xpsuttasohasrra26mhv54si.jpg","width":1000,"height":314,"caption":"Fern\u00e1ndez G\u00f3mez, Nel"},"image":{"@id":"https:\/\/lalaboralaula.es\/MP112526\/#\/schema\/logo\/image\/"}}]}},"_links":{"self":[{"href":"https:\/\/lalaboralaula.es\/MP112526\/index.php\/wp-json\/wp\/v2\/product\/328","targetHints":{"allow":["GET"]}}],"collection":[{"href":"https:\/\/lalaboralaula.es\/MP112526\/index.php\/wp-json\/wp\/v2\/product"}],"about":[{"href":"https:\/\/lalaboralaula.es\/MP112526\/index.php\/wp-json\/wp\/v2\/types\/product"}],"replies":[{"embeddable":true,"href":"https:\/\/lalaboralaula.es\/MP112526\/index.php\/wp-json\/wp\/v2\/comments?post=328"}],"wp:featuredmedia":[{"embeddable":true,"href":"https:\/\/lalaboralaula.es\/MP112526\/index.php\/wp-json\/wp\/v2\/media\/327"}],"wp:attachment":[{"href":"https:\/\/lalaboralaula.es\/MP112526\/index.php\/wp-json\/wp\/v2\/media?parent=328"}],"wp:term":[{"taxonomy":"product_brand","embeddable":true,"href":"https:\/\/lalaboralaula.es\/MP112526\/index.php\/wp-json\/wp\/v2\/product_brand?post=328"},{"taxonomy":"product_cat","embeddable":true,"href":"https:\/\/lalaboralaula.es\/MP112526\/index.php\/wp-json\/wp\/v2\/product_cat?post=328"},{"taxonomy":"product_tag","embeddable":true,"href":"https:\/\/lalaboralaula.es\/MP112526\/index.php\/wp-json\/wp\/v2\/product_tag?post=328"}],"curies":[{"name":"wp","href":"https:\/\/api.w.org\/{rel}","templated":true}]}}