{"id":205,"date":"2025-11-06T20:38:52","date_gmt":"2025-11-06T19:38:52","guid":{"rendered":"https:\/\/lalaboralaula.es\/MP112526\/?post_type=product&#038;p=205"},"modified":"2025-11-06T20:38:52","modified_gmt":"2025-11-06T19:38:52","slug":"pack-dia-del-soltero","status":"publish","type":"product","link":"https:\/\/lalaboralaula.es\/MP112526\/index.php\/producto\/pack-dia-del-soltero\/","title":{"rendered":"Pack d\u00eda del soltero"},"content":{"rendered":"<p data-start=\"0\" data-end=\"391\">El <strong data-start=\"3\" data-end=\"31\">Pack del D\u00eda del Soltero<\/strong> de <strong data-start=\"35\" data-end=\"48\">Neotronik<\/strong> es una edici\u00f3n especial creada para quienes valoran la tecnolog\u00eda, el estilo y el bienestar personal. Este conjunto exclusivo incluye las tres versiones del <strong data-start=\"206\" data-end=\"231\">Neotronik Pulse Watch<\/strong> \u2014anal\u00f3gico, digital y cl\u00e1sico\u2014 junto al innovador <strong data-start=\"282\" data-end=\"306\">Neotronik Pulse Ring<\/strong>, formando una colecci\u00f3n completa que combina elegancia, funcionalidad y precisi\u00f3n.<\/p>\n<p data-start=\"393\" data-end=\"703\">Cada reloj ha sido dise\u00f1ado para adaptarse a diferentes estilos de vida y momentos del d\u00eda: el modelo anal\u00f3gico aporta un toque sofisticado y atemporal; el digital ofrece una interfaz moderna, pr\u00e1ctica y enfocada en el rendimiento; y el cl\u00e1sico fusiona dise\u00f1o y tecnolog\u00eda para un uso vers\u00e1til y equilibrado.<\/p>\n<p data-start=\"705\" data-end=\"1033\">El <strong data-start=\"708\" data-end=\"732\">Neotronik Pulse Ring<\/strong> complementa el pack con un enfoque m\u00e1s discreto y minimalista, integrando sensores avanzados que monitorizan la actividad diaria, el sue\u00f1o y las constantes vitales. Su dise\u00f1o compacto y elegante lo convierte en el accesorio ideal para quienes buscan cuidar su bienestar sin renunciar a la est\u00e9tica.<\/p>\n<p data-start=\"1035\" data-end=\"1252\" data-is-last-node=\"\" data-is-only-node=\"\">Este pack representa la esencia de <strong data-start=\"1070\" data-end=\"1083\">Neotronik<\/strong>: innovaci\u00f3n, precisi\u00f3n y estilo al servicio del bienestar. Una oportunidad \u00fanica para quienes desean disfrutar del D\u00eda del Soltero con la mejor tecnolog\u00eda a su alcance.<\/p>\n","protected":false},"excerpt":{"rendered":"<p>El <strong data-start=\"3\" data-end=\"31\">Pack del D\u00eda del Soltero<\/strong> de <strong data-start=\"35\" data-end=\"48\">Neotronik<\/strong> re\u00fane las tres versiones del <strong data-start=\"78\" data-end=\"103\">Neotronik Pulse Watch<\/strong> \u2014anal\u00f3gico, digital y cl\u00e1sico\u2014 junto al innovador <strong data-start=\"154\" data-end=\"168\">Pulse Ring<\/strong>, ofreciendo un conjunto exclusivo de tecnolog\u00eda, dise\u00f1o y rendimiento pensado para quienes buscan estilo, precisi\u00f3n y bienestar en cada detalle.<\/p>\n","protected":false},"featured_media":207,"comment_status":"open","ping_status":"closed","template":"","meta":[],"product_brand":[],"product_cat":[26,27],"product_tag":[32,29,28,31,30],"class_list":{"0":"post-205","1":"product","2":"type-product","3":"status-publish","4":"has-post-thumbnail","6":"product_cat-packs","7":"product_cat-single-day-25","8":"product_tag-anillos","9":"product_tag-kit","10":"product_tag-pack","11":"product_tag-relojes","12":"product_tag-wearables","14":"first","15":"instock","16":"taxable","17":"shipping-taxable","18":"product-type-grouped"},"yoast_head":"<!-- This site is optimized with the Yoast SEO plugin v26.8 - https:\/\/yoast.com\/product\/yoast-seo-wordpress\/ -->\n<title>Pack d\u00eda del soltero - Neotronik<\/title>\n<meta name=\"description\" content=\"Descubre el Pack del D\u00eda del Soltero de Neotronik, una edici\u00f3n especial que re\u00fane los tres modelos del Pulse Watch y el Pulse Ring.\" \/>\n<meta name=\"robots\" content=\"index, follow, max-snippet:-1, max-image-preview:large, max-video-preview:-1\" \/>\n<link rel=\"canonical\" href=\"https:\/\/lalaboralaula.es\/MP112526\/index.php\/producto\/pack-dia-del-soltero\/\" \/>\n<meta property=\"og:locale\" content=\"es_ES\" \/>\n<meta property=\"og:type\" content=\"article\" \/>\n<meta property=\"og:title\" content=\"Pack d\u00eda del soltero - Neotronik\" \/>\n<meta property=\"og:description\" content=\"Descubre el Pack del D\u00eda del Soltero de Neotronik, una edici\u00f3n especial que re\u00fane los tres modelos del Pulse Watch y el Pulse Ring.\" \/>\n<meta property=\"og:url\" content=\"https:\/\/lalaboralaula.es\/MP112526\/index.php\/producto\/pack-dia-del-soltero\/\" \/>\n<meta property=\"og:site_name\" content=\"Neotronik\" \/>\n<meta property=\"og:image\" content=\"https:\/\/lalaboralaula.es\/MP112526\/wp-content\/uploads\/2025\/11\/Pack-del-dia-del-soltero-copia.png\" \/>\n\t<meta property=\"og:image:width\" content=\"1024\" \/>\n\t<meta property=\"og:image:height\" content=\"1024\" \/>\n\t<meta property=\"og:image:type\" content=\"image\/png\" \/>\n<meta name=\"twitter:card\" content=\"summary_large_image\" \/>\n<meta name=\"twitter:label1\" content=\"Tiempo de lectura\" \/>\n\t<meta name=\"twitter:data1\" content=\"2 minutos\" \/>\n<script type=\"application\/ld+json\" class=\"yoast-schema-graph\">{\"@context\":\"https:\/\/schema.org\",\"@graph\":[{\"@type\":\"WebPage\",\"@id\":\"https:\/\/lalaboralaula.es\/MP112526\/index.php\/producto\/pack-dia-del-soltero\/\",\"url\":\"https:\/\/lalaboralaula.es\/MP112526\/index.php\/producto\/pack-dia-del-soltero\/\",\"name\":\"Pack d\u00eda del soltero - Neotronik\",\"isPartOf\":{\"@id\":\"https:\/\/lalaboralaula.es\/MP112526\/#website\"},\"primaryImageOfPage\":{\"@id\":\"https:\/\/lalaboralaula.es\/MP112526\/index.php\/producto\/pack-dia-del-soltero\/#primaryimage\"},\"image\":{\"@id\":\"https:\/\/lalaboralaula.es\/MP112526\/index.php\/producto\/pack-dia-del-soltero\/#primaryimage\"},\"thumbnailUrl\":\"https:\/\/lalaboralaula.es\/MP112526\/wp-content\/uploads\/2025\/11\/Pack-del-dia-del-soltero-copia.png\",\"datePublished\":\"2025-11-06T19:38:52+00:00\",\"description\":\"Descubre el Pack del D\u00eda del Soltero de Neotronik, una edici\u00f3n especial que re\u00fane los tres modelos del Pulse Watch y el Pulse Ring.\",\"breadcrumb\":{\"@id\":\"https:\/\/lalaboralaula.es\/MP112526\/index.php\/producto\/pack-dia-del-soltero\/#breadcrumb\"},\"inLanguage\":\"es\",\"potentialAction\":[{\"@type\":\"ReadAction\",\"target\":[\"https:\/\/lalaboralaula.es\/MP112526\/index.php\/producto\/pack-dia-del-soltero\/\"]}]},{\"@type\":\"ImageObject\",\"inLanguage\":\"es\",\"@id\":\"https:\/\/lalaboralaula.es\/MP112526\/index.php\/producto\/pack-dia-del-soltero\/#primaryimage\",\"url\":\"https:\/\/lalaboralaula.es\/MP112526\/wp-content\/uploads\/2025\/11\/Pack-del-dia-del-soltero-copia.png\",\"contentUrl\":\"https:\/\/lalaboralaula.es\/MP112526\/wp-content\/uploads\/2025\/11\/Pack-del-dia-del-soltero-copia.png\",\"width\":1024,\"height\":1024,\"caption\":\"Pack de productos por el d\u00eda del soltero de Neotronik\"},{\"@type\":\"BreadcrumbList\",\"@id\":\"https:\/\/lalaboralaula.es\/MP112526\/index.php\/producto\/pack-dia-del-soltero\/#breadcrumb\",\"itemListElement\":[{\"@type\":\"ListItem\",\"position\":1,\"name\":\"Portada\",\"item\":\"https:\/\/lalaboralaula.es\/MP112526\/\"},{\"@type\":\"ListItem\",\"position\":2,\"name\":\"Tienda\",\"item\":\"https:\/\/lalaboralaula.es\/MP112526\/index.php\/tienda\/\"},{\"@type\":\"ListItem\",\"position\":3,\"name\":\"Pack d\u00eda del soltero\"}]},{\"@type\":\"WebSite\",\"@id\":\"https:\/\/lalaboralaula.es\/MP112526\/#website\",\"url\":\"https:\/\/lalaboralaula.es\/MP112526\/\",\"name\":\"Fern\u00e1ndez G\u00f3mez, Nel\",\"description\":\"\",\"publisher\":{\"@id\":\"https:\/\/lalaboralaula.es\/MP112526\/#organization\"},\"potentialAction\":[{\"@type\":\"SearchAction\",\"target\":{\"@type\":\"EntryPoint\",\"urlTemplate\":\"https:\/\/lalaboralaula.es\/MP112526\/?s={search_term_string}\"},\"query-input\":{\"@type\":\"PropertyValueSpecification\",\"valueRequired\":true,\"valueName\":\"search_term_string\"}}],\"inLanguage\":\"es\"},{\"@type\":\"Organization\",\"@id\":\"https:\/\/lalaboralaula.es\/MP112526\/#organization\",\"name\":\"Fern\u00e1ndez G\u00f3mez, Nel\",\"url\":\"https:\/\/lalaboralaula.es\/MP112526\/\",\"logo\":{\"@type\":\"ImageObject\",\"inLanguage\":\"es\",\"@id\":\"https:\/\/lalaboralaula.es\/MP112526\/#\/schema\/logo\/image\/\",\"url\":\"https:\/\/lalaboralaula.es\/MP112526\/wp-content\/uploads\/2025\/10\/cropped-bafkreig4aj3f2hrq6akbvkchka6oxscp77xpsuttasohasrra26mhv54si.jpg\",\"contentUrl\":\"https:\/\/lalaboralaula.es\/MP112526\/wp-content\/uploads\/2025\/10\/cropped-bafkreig4aj3f2hrq6akbvkchka6oxscp77xpsuttasohasrra26mhv54si.jpg\",\"width\":1000,\"height\":314,\"caption\":\"Fern\u00e1ndez G\u00f3mez, Nel\"},\"image\":{\"@id\":\"https:\/\/lalaboralaula.es\/MP112526\/#\/schema\/logo\/image\/\"}}]}<\/script>\n<!-- \/ Yoast SEO plugin. -->","yoast_head_json":{"title":"Pack d\u00eda del soltero - Neotronik","description":"Descubre el Pack del D\u00eda del Soltero de Neotronik, una edici\u00f3n especial que re\u00fane los tres modelos del Pulse Watch y el Pulse Ring.","robots":{"index":"index","follow":"follow","max-snippet":"max-snippet:-1","max-image-preview":"max-image-preview:large","max-video-preview":"max-video-preview:-1"},"canonical":"https:\/\/lalaboralaula.es\/MP112526\/index.php\/producto\/pack-dia-del-soltero\/","og_locale":"es_ES","og_type":"article","og_title":"Pack d\u00eda del soltero - Neotronik","og_description":"Descubre el Pack del D\u00eda del Soltero de Neotronik, una edici\u00f3n especial que re\u00fane los tres modelos del Pulse Watch y el Pulse Ring.","og_url":"https:\/\/lalaboralaula.es\/MP112526\/index.php\/producto\/pack-dia-del-soltero\/","og_site_name":"Neotronik","og_image":[{"width":1024,"height":1024,"url":"https:\/\/lalaboralaula.es\/MP112526\/wp-content\/uploads\/2025\/11\/Pack-del-dia-del-soltero-copia.png","type":"image\/png"}],"twitter_card":"summary_large_image","twitter_misc":{"Tiempo de lectura":"2 minutos"},"schema":{"@context":"https:\/\/schema.org","@graph":[{"@type":"WebPage","@id":"https:\/\/lalaboralaula.es\/MP112526\/index.php\/producto\/pack-dia-del-soltero\/","url":"https:\/\/lalaboralaula.es\/MP112526\/index.php\/producto\/pack-dia-del-soltero\/","name":"Pack d\u00eda del soltero - Neotronik","isPartOf":{"@id":"https:\/\/lalaboralaula.es\/MP112526\/#website"},"primaryImageOfPage":{"@id":"https:\/\/lalaboralaula.es\/MP112526\/index.php\/producto\/pack-dia-del-soltero\/#primaryimage"},"image":{"@id":"https:\/\/lalaboralaula.es\/MP112526\/index.php\/producto\/pack-dia-del-soltero\/#primaryimage"},"thumbnailUrl":"https:\/\/lalaboralaula.es\/MP112526\/wp-content\/uploads\/2025\/11\/Pack-del-dia-del-soltero-copia.png","datePublished":"2025-11-06T19:38:52+00:00","description":"Descubre el Pack del D\u00eda del Soltero de Neotronik, una edici\u00f3n especial que re\u00fane los tres modelos del Pulse Watch y el Pulse Ring.","breadcrumb":{"@id":"https:\/\/lalaboralaula.es\/MP112526\/index.php\/producto\/pack-dia-del-soltero\/#breadcrumb"},"inLanguage":"es","potentialAction":[{"@type":"ReadAction","target":["https:\/\/lalaboralaula.es\/MP112526\/index.php\/producto\/pack-dia-del-soltero\/"]}]},{"@type":"ImageObject","inLanguage":"es","@id":"https:\/\/lalaboralaula.es\/MP112526\/index.php\/producto\/pack-dia-del-soltero\/#primaryimage","url":"https:\/\/lalaboralaula.es\/MP112526\/wp-content\/uploads\/2025\/11\/Pack-del-dia-del-soltero-copia.png","contentUrl":"https:\/\/lalaboralaula.es\/MP112526\/wp-content\/uploads\/2025\/11\/Pack-del-dia-del-soltero-copia.png","width":1024,"height":1024,"caption":"Pack de productos por el d\u00eda del soltero de Neotronik"},{"@type":"BreadcrumbList","@id":"https:\/\/lalaboralaula.es\/MP112526\/index.php\/producto\/pack-dia-del-soltero\/#breadcrumb","itemListElement":[{"@type":"ListItem","position":1,"name":"Portada","item":"https:\/\/lalaboralaula.es\/MP112526\/"},{"@type":"ListItem","position":2,"name":"Tienda","item":"https:\/\/lalaboralaula.es\/MP112526\/index.php\/tienda\/"},{"@type":"ListItem","position":3,"name":"Pack d\u00eda del soltero"}]},{"@type":"WebSite","@id":"https:\/\/lalaboralaula.es\/MP112526\/#website","url":"https:\/\/lalaboralaula.es\/MP112526\/","name":"Fern\u00e1ndez G\u00f3mez, Nel","description":"","publisher":{"@id":"https:\/\/lalaboralaula.es\/MP112526\/#organization"},"potentialAction":[{"@type":"SearchAction","target":{"@type":"EntryPoint","urlTemplate":"https:\/\/lalaboralaula.es\/MP112526\/?s={search_term_string}"},"query-input":{"@type":"PropertyValueSpecification","valueRequired":true,"valueName":"search_term_string"}}],"inLanguage":"es"},{"@type":"Organization","@id":"https:\/\/lalaboralaula.es\/MP112526\/#organization","name":"Fern\u00e1ndez G\u00f3mez, Nel","url":"https:\/\/lalaboralaula.es\/MP112526\/","logo":{"@type":"ImageObject","inLanguage":"es","@id":"https:\/\/lalaboralaula.es\/MP112526\/#\/schema\/logo\/image\/","url":"https:\/\/lalaboralaula.es\/MP112526\/wp-content\/uploads\/2025\/10\/cropped-bafkreig4aj3f2hrq6akbvkchka6oxscp77xpsuttasohasrra26mhv54si.jpg","contentUrl":"https:\/\/lalaboralaula.es\/MP112526\/wp-content\/uploads\/2025\/10\/cropped-bafkreig4aj3f2hrq6akbvkchka6oxscp77xpsuttasohasrra26mhv54si.jpg","width":1000,"height":314,"caption":"Fern\u00e1ndez G\u00f3mez, Nel"},"image":{"@id":"https:\/\/lalaboralaula.es\/MP112526\/#\/schema\/logo\/image\/"}}]}},"_links":{"self":[{"href":"https:\/\/lalaboralaula.es\/MP112526\/index.php\/wp-json\/wp\/v2\/product\/205","targetHints":{"allow":["GET"]}}],"collection":[{"href":"https:\/\/lalaboralaula.es\/MP112526\/index.php\/wp-json\/wp\/v2\/product"}],"about":[{"href":"https:\/\/lalaboralaula.es\/MP112526\/index.php\/wp-json\/wp\/v2\/types\/product"}],"replies":[{"embeddable":true,"href":"https:\/\/lalaboralaula.es\/MP112526\/index.php\/wp-json\/wp\/v2\/comments?post=205"}],"wp:featuredmedia":[{"embeddable":true,"href":"https:\/\/lalaboralaula.es\/MP112526\/index.php\/wp-json\/wp\/v2\/media\/207"}],"wp:attachment":[{"href":"https:\/\/lalaboralaula.es\/MP112526\/index.php\/wp-json\/wp\/v2\/media?parent=205"}],"wp:term":[{"taxonomy":"product_brand","embeddable":true,"href":"https:\/\/lalaboralaula.es\/MP112526\/index.php\/wp-json\/wp\/v2\/product_brand?post=205"},{"taxonomy":"product_cat","embeddable":true,"href":"https:\/\/lalaboralaula.es\/MP112526\/index.php\/wp-json\/wp\/v2\/product_cat?post=205"},{"taxonomy":"product_tag","embeddable":true,"href":"https:\/\/lalaboralaula.es\/MP112526\/index.php\/wp-json\/wp\/v2\/product_tag?post=205"}],"curies":[{"name":"wp","href":"https:\/\/api.w.org\/{rel}","templated":true}]}}