{"id":174,"date":"2025-10-30T20:45:25","date_gmt":"2025-10-30T19:45:25","guid":{"rendered":"https:\/\/lalaboralaula.es\/MP112526\/?post_type=product&#038;p=174"},"modified":"2026-01-26T19:38:55","modified_gmt":"2026-01-26T18:38:55","slug":"neotronik-pulse-watch","status":"publish","type":"product","link":"https:\/\/lalaboralaula.es\/MP112526\/index.php\/producto\/neotronik-pulse-watch\/","title":{"rendered":"Neotronik Pulse Watch"},"content":{"rendered":"<p data-start=\"230\" data-end=\"492\">El <strong data-start=\"233\" data-end=\"258\">Neotronik Pulse Watch<\/strong> es un smartwatch que transforma la manera en la que cuidas tu bienestar y tu rendimiento diario. Dise\u00f1ado para combinar <strong data-start=\"379\" data-end=\"418\">tecnolog\u00eda avanzada, salud y estilo<\/strong>, integra materiales premium con sensores biom\u00e9tricos de alta precisi\u00f3n.<\/p>\n<p data-start=\"494\" data-end=\"903\">Fabricado con una <strong data-start=\"512\" data-end=\"546\">estructura ligera y resistente<\/strong>, el Neotronik Pulse Watch ofrece comodidad durante todo el d\u00eda y durabilidad ante cualquier actividad. Mide tu <strong data-start=\"658\" data-end=\"792\">frecuencia card\u00edaca, oxigenaci\u00f3n en sangre (SpO\u2082), variabilidad del ritmo card\u00edaco (HRV), temperatura corporal y calidad del sue\u00f1o<\/strong>, convirtiendo cada dato en informaci\u00f3n pr\u00e1ctica para optimizar tu energ\u00eda, rendimiento deportivo y descanso.<\/p>\n<p data-start=\"905\" data-end=\"1203\">Su <strong data-start=\"908\" data-end=\"938\">conectividad Bluetooth 5.3<\/strong> permite una sincronizaci\u00f3n r\u00e1pida y fluida con la app de Neotronik, donde podr\u00e1s consultar tus m\u00e9tricas en tiempo real y seguir tu evoluci\u00f3n diaria. La bater\u00eda tiene <strong data-start=\"1105\" data-end=\"1134\">hasta 7 d\u00edas de autonom\u00eda<\/strong> y se recarga f\u00e1cilmente mediante un sistema magn\u00e9tico inal\u00e1mbrico.<\/p>\n<p data-start=\"1205\" data-end=\"1581\">El dise\u00f1o elegante y ergon\u00f3mico del Neotronik Pulse Watch se adapta a cualquier estilo de vida. Es ideal para <strong data-start=\"1315\" data-end=\"1380\">deportistas, profesionales y personas conscientes de su salud<\/strong> que desean conocer mejor su cuerpo y tomar decisiones informadas sobre su bienestar. Representa la esencia de Neotronik: <strong data-start=\"1502\" data-end=\"1578\">tecnolog\u00eda para el bienestar, con estilo y funcionalidad en cada detalle<\/strong>.<\/p>\n","protected":false},"excerpt":{"rendered":"<p>El <strong data-start=\"1662\" data-end=\"1687\">Neotronik Pulse Watch<\/strong> es un smartwatch con sensores avanzados de salud. Mide tu frecuencia card\u00edaca, sue\u00f1o, ox\u00edgeno en sangre y m\u00e1s. Con hasta <strong data-start=\"1809\" data-end=\"1832\">7 d\u00edas de autonom\u00eda<\/strong>, combina <strong data-start=\"1842\" data-end=\"1884\">dise\u00f1o elegante, precisi\u00f3n y bienestar<\/strong> en un solo dispositivo.<\/p>\n","protected":false},"featured_media":175,"comment_status":"open","ping_status":"closed","template":"","meta":[],"product_brand":[],"product_cat":[24,19],"product_tag":[],"class_list":{"0":"post-174","1":"product","2":"type-product","3":"status-publish","4":"has-post-thumbnail","6":"product_cat-smartwatch","7":"product_cat-wearables","9":"first","10":"instock","11":"taxable","12":"shipping-taxable","13":"purchasable","14":"product-type-variable"},"yoast_head":"<!-- This site is optimized with the Yoast SEO plugin v26.8 - https:\/\/yoast.com\/product\/yoast-seo-wordpress\/ -->\n<title>Neotronik Pulse Watch - Neotronik<\/title>\n<meta name=\"description\" content=\"Descubre el Neotronik Pulse Watch, el smartwatch que combina estilo y tecnolog\u00eda para medir tu frecuencia card\u00edaca, sue\u00f1o y ox\u00edgeno en sangre.\" \/>\n<meta name=\"robots\" content=\"index, follow, max-snippet:-1, max-image-preview:large, max-video-preview:-1\" \/>\n<link rel=\"canonical\" href=\"https:\/\/lalaboralaula.es\/MP112526\/index.php\/producto\/neotronik-pulse-watch\/\" \/>\n<meta property=\"og:locale\" content=\"es_ES\" \/>\n<meta property=\"og:type\" content=\"article\" \/>\n<meta property=\"og:title\" content=\"Neotronik Pulse Watch - Neotronik\" \/>\n<meta property=\"og:description\" content=\"Descubre el Neotronik Pulse Watch, el smartwatch que combina estilo y tecnolog\u00eda para medir tu frecuencia card\u00edaca, sue\u00f1o y ox\u00edgeno en sangre.\" \/>\n<meta property=\"og:url\" content=\"https:\/\/lalaboralaula.es\/MP112526\/index.php\/producto\/neotronik-pulse-watch\/\" \/>\n<meta property=\"og:site_name\" content=\"Neotronik\" \/>\n<meta property=\"article:modified_time\" content=\"2026-01-26T18:38:55+00:00\" \/>\n<meta property=\"og:image\" content=\"https:\/\/lalaboralaula.es\/MP112526\/wp-content\/uploads\/2025\/10\/Neotronik-Pulse-Wtch.png\" \/>\n\t<meta property=\"og:image:width\" content=\"1024\" \/>\n\t<meta property=\"og:image:height\" content=\"1024\" \/>\n\t<meta property=\"og:image:type\" content=\"image\/png\" \/>\n<meta name=\"twitter:card\" content=\"summary_large_image\" \/>\n<meta name=\"twitter:label1\" content=\"Tiempo de lectura\" \/>\n\t<meta name=\"twitter:data1\" content=\"2 minutos\" \/>\n<script type=\"application\/ld+json\" class=\"yoast-schema-graph\">{\"@context\":\"https:\/\/schema.org\",\"@graph\":[{\"@type\":\"WebPage\",\"@id\":\"https:\/\/lalaboralaula.es\/MP112526\/index.php\/producto\/neotronik-pulse-watch\/\",\"url\":\"https:\/\/lalaboralaula.es\/MP112526\/index.php\/producto\/neotronik-pulse-watch\/\",\"name\":\"Neotronik Pulse Watch - Neotronik\",\"isPartOf\":{\"@id\":\"https:\/\/lalaboralaula.es\/MP112526\/#website\"},\"primaryImageOfPage\":{\"@id\":\"https:\/\/lalaboralaula.es\/MP112526\/index.php\/producto\/neotronik-pulse-watch\/#primaryimage\"},\"image\":{\"@id\":\"https:\/\/lalaboralaula.es\/MP112526\/index.php\/producto\/neotronik-pulse-watch\/#primaryimage\"},\"thumbnailUrl\":\"https:\/\/lalaboralaula.es\/MP112526\/wp-content\/uploads\/2025\/10\/Neotronik-Pulse-Wtch.png\",\"datePublished\":\"2025-10-30T19:45:25+00:00\",\"dateModified\":\"2026-01-26T18:38:55+00:00\",\"description\":\"Descubre el Neotronik Pulse Watch, el smartwatch que combina estilo y tecnolog\u00eda para medir tu frecuencia card\u00edaca, sue\u00f1o y ox\u00edgeno en sangre.\",\"breadcrumb\":{\"@id\":\"https:\/\/lalaboralaula.es\/MP112526\/index.php\/producto\/neotronik-pulse-watch\/#breadcrumb\"},\"inLanguage\":\"es\",\"potentialAction\":[{\"@type\":\"ReadAction\",\"target\":[\"https:\/\/lalaboralaula.es\/MP112526\/index.php\/producto\/neotronik-pulse-watch\/\"]}]},{\"@type\":\"ImageObject\",\"inLanguage\":\"es\",\"@id\":\"https:\/\/lalaboralaula.es\/MP112526\/index.php\/producto\/neotronik-pulse-watch\/#primaryimage\",\"url\":\"https:\/\/lalaboralaula.es\/MP112526\/wp-content\/uploads\/2025\/10\/Neotronik-Pulse-Wtch.png\",\"contentUrl\":\"https:\/\/lalaboralaula.es\/MP112526\/wp-content\/uploads\/2025\/10\/Neotronik-Pulse-Wtch.png\",\"width\":1024,\"height\":1024,\"caption\":\"Reloj inteligente de la marca Neotronik\"},{\"@type\":\"BreadcrumbList\",\"@id\":\"https:\/\/lalaboralaula.es\/MP112526\/index.php\/producto\/neotronik-pulse-watch\/#breadcrumb\",\"itemListElement\":[{\"@type\":\"ListItem\",\"position\":1,\"name\":\"Portada\",\"item\":\"https:\/\/lalaboralaula.es\/MP112526\/\"},{\"@type\":\"ListItem\",\"position\":2,\"name\":\"Tienda\",\"item\":\"https:\/\/lalaboralaula.es\/MP112526\/index.php\/tienda\/\"},{\"@type\":\"ListItem\",\"position\":3,\"name\":\"Neotronik Pulse Watch\"}]},{\"@type\":\"WebSite\",\"@id\":\"https:\/\/lalaboralaula.es\/MP112526\/#website\",\"url\":\"https:\/\/lalaboralaula.es\/MP112526\/\",\"name\":\"Fern\u00e1ndez G\u00f3mez, Nel\",\"description\":\"\",\"publisher\":{\"@id\":\"https:\/\/lalaboralaula.es\/MP112526\/#organization\"},\"potentialAction\":[{\"@type\":\"SearchAction\",\"target\":{\"@type\":\"EntryPoint\",\"urlTemplate\":\"https:\/\/lalaboralaula.es\/MP112526\/?s={search_term_string}\"},\"query-input\":{\"@type\":\"PropertyValueSpecification\",\"valueRequired\":true,\"valueName\":\"search_term_string\"}}],\"inLanguage\":\"es\"},{\"@type\":\"Organization\",\"@id\":\"https:\/\/lalaboralaula.es\/MP112526\/#organization\",\"name\":\"Fern\u00e1ndez G\u00f3mez, Nel\",\"url\":\"https:\/\/lalaboralaula.es\/MP112526\/\",\"logo\":{\"@type\":\"ImageObject\",\"inLanguage\":\"es\",\"@id\":\"https:\/\/lalaboralaula.es\/MP112526\/#\/schema\/logo\/image\/\",\"url\":\"https:\/\/lalaboralaula.es\/MP112526\/wp-content\/uploads\/2025\/10\/cropped-bafkreig4aj3f2hrq6akbvkchka6oxscp77xpsuttasohasrra26mhv54si.jpg\",\"contentUrl\":\"https:\/\/lalaboralaula.es\/MP112526\/wp-content\/uploads\/2025\/10\/cropped-bafkreig4aj3f2hrq6akbvkchka6oxscp77xpsuttasohasrra26mhv54si.jpg\",\"width\":1000,\"height\":314,\"caption\":\"Fern\u00e1ndez G\u00f3mez, Nel\"},\"image\":{\"@id\":\"https:\/\/lalaboralaula.es\/MP112526\/#\/schema\/logo\/image\/\"}}]}<\/script>\n<!-- \/ Yoast SEO plugin. -->","yoast_head_json":{"title":"Neotronik Pulse Watch - Neotronik","description":"Descubre el Neotronik Pulse Watch, el smartwatch que combina estilo y tecnolog\u00eda para medir tu frecuencia card\u00edaca, sue\u00f1o y ox\u00edgeno en sangre.","robots":{"index":"index","follow":"follow","max-snippet":"max-snippet:-1","max-image-preview":"max-image-preview:large","max-video-preview":"max-video-preview:-1"},"canonical":"https:\/\/lalaboralaula.es\/MP112526\/index.php\/producto\/neotronik-pulse-watch\/","og_locale":"es_ES","og_type":"article","og_title":"Neotronik Pulse Watch - Neotronik","og_description":"Descubre el Neotronik Pulse Watch, el smartwatch que combina estilo y tecnolog\u00eda para medir tu frecuencia card\u00edaca, sue\u00f1o y ox\u00edgeno en sangre.","og_url":"https:\/\/lalaboralaula.es\/MP112526\/index.php\/producto\/neotronik-pulse-watch\/","og_site_name":"Neotronik","article_modified_time":"2026-01-26T18:38:55+00:00","og_image":[{"width":1024,"height":1024,"url":"https:\/\/lalaboralaula.es\/MP112526\/wp-content\/uploads\/2025\/10\/Neotronik-Pulse-Wtch.png","type":"image\/png"}],"twitter_card":"summary_large_image","twitter_misc":{"Tiempo de lectura":"2 minutos"},"schema":{"@context":"https:\/\/schema.org","@graph":[{"@type":"WebPage","@id":"https:\/\/lalaboralaula.es\/MP112526\/index.php\/producto\/neotronik-pulse-watch\/","url":"https:\/\/lalaboralaula.es\/MP112526\/index.php\/producto\/neotronik-pulse-watch\/","name":"Neotronik Pulse Watch - Neotronik","isPartOf":{"@id":"https:\/\/lalaboralaula.es\/MP112526\/#website"},"primaryImageOfPage":{"@id":"https:\/\/lalaboralaula.es\/MP112526\/index.php\/producto\/neotronik-pulse-watch\/#primaryimage"},"image":{"@id":"https:\/\/lalaboralaula.es\/MP112526\/index.php\/producto\/neotronik-pulse-watch\/#primaryimage"},"thumbnailUrl":"https:\/\/lalaboralaula.es\/MP112526\/wp-content\/uploads\/2025\/10\/Neotronik-Pulse-Wtch.png","datePublished":"2025-10-30T19:45:25+00:00","dateModified":"2026-01-26T18:38:55+00:00","description":"Descubre el Neotronik Pulse Watch, el smartwatch que combina estilo y tecnolog\u00eda para medir tu frecuencia card\u00edaca, sue\u00f1o y ox\u00edgeno en sangre.","breadcrumb":{"@id":"https:\/\/lalaboralaula.es\/MP112526\/index.php\/producto\/neotronik-pulse-watch\/#breadcrumb"},"inLanguage":"es","potentialAction":[{"@type":"ReadAction","target":["https:\/\/lalaboralaula.es\/MP112526\/index.php\/producto\/neotronik-pulse-watch\/"]}]},{"@type":"ImageObject","inLanguage":"es","@id":"https:\/\/lalaboralaula.es\/MP112526\/index.php\/producto\/neotronik-pulse-watch\/#primaryimage","url":"https:\/\/lalaboralaula.es\/MP112526\/wp-content\/uploads\/2025\/10\/Neotronik-Pulse-Wtch.png","contentUrl":"https:\/\/lalaboralaula.es\/MP112526\/wp-content\/uploads\/2025\/10\/Neotronik-Pulse-Wtch.png","width":1024,"height":1024,"caption":"Reloj inteligente de la marca Neotronik"},{"@type":"BreadcrumbList","@id":"https:\/\/lalaboralaula.es\/MP112526\/index.php\/producto\/neotronik-pulse-watch\/#breadcrumb","itemListElement":[{"@type":"ListItem","position":1,"name":"Portada","item":"https:\/\/lalaboralaula.es\/MP112526\/"},{"@type":"ListItem","position":2,"name":"Tienda","item":"https:\/\/lalaboralaula.es\/MP112526\/index.php\/tienda\/"},{"@type":"ListItem","position":3,"name":"Neotronik Pulse Watch"}]},{"@type":"WebSite","@id":"https:\/\/lalaboralaula.es\/MP112526\/#website","url":"https:\/\/lalaboralaula.es\/MP112526\/","name":"Fern\u00e1ndez G\u00f3mez, Nel","description":"","publisher":{"@id":"https:\/\/lalaboralaula.es\/MP112526\/#organization"},"potentialAction":[{"@type":"SearchAction","target":{"@type":"EntryPoint","urlTemplate":"https:\/\/lalaboralaula.es\/MP112526\/?s={search_term_string}"},"query-input":{"@type":"PropertyValueSpecification","valueRequired":true,"valueName":"search_term_string"}}],"inLanguage":"es"},{"@type":"Organization","@id":"https:\/\/lalaboralaula.es\/MP112526\/#organization","name":"Fern\u00e1ndez G\u00f3mez, Nel","url":"https:\/\/lalaboralaula.es\/MP112526\/","logo":{"@type":"ImageObject","inLanguage":"es","@id":"https:\/\/lalaboralaula.es\/MP112526\/#\/schema\/logo\/image\/","url":"https:\/\/lalaboralaula.es\/MP112526\/wp-content\/uploads\/2025\/10\/cropped-bafkreig4aj3f2hrq6akbvkchka6oxscp77xpsuttasohasrra26mhv54si.jpg","contentUrl":"https:\/\/lalaboralaula.es\/MP112526\/wp-content\/uploads\/2025\/10\/cropped-bafkreig4aj3f2hrq6akbvkchka6oxscp77xpsuttasohasrra26mhv54si.jpg","width":1000,"height":314,"caption":"Fern\u00e1ndez G\u00f3mez, Nel"},"image":{"@id":"https:\/\/lalaboralaula.es\/MP112526\/#\/schema\/logo\/image\/"}}]}},"_links":{"self":[{"href":"https:\/\/lalaboralaula.es\/MP112526\/index.php\/wp-json\/wp\/v2\/product\/174","targetHints":{"allow":["GET"]}}],"collection":[{"href":"https:\/\/lalaboralaula.es\/MP112526\/index.php\/wp-json\/wp\/v2\/product"}],"about":[{"href":"https:\/\/lalaboralaula.es\/MP112526\/index.php\/wp-json\/wp\/v2\/types\/product"}],"replies":[{"embeddable":true,"href":"https:\/\/lalaboralaula.es\/MP112526\/index.php\/wp-json\/wp\/v2\/comments?post=174"}],"wp:featuredmedia":[{"embeddable":true,"href":"https:\/\/lalaboralaula.es\/MP112526\/index.php\/wp-json\/wp\/v2\/media\/175"}],"wp:attachment":[{"href":"https:\/\/lalaboralaula.es\/MP112526\/index.php\/wp-json\/wp\/v2\/media?parent=174"}],"wp:term":[{"taxonomy":"product_brand","embeddable":true,"href":"https:\/\/lalaboralaula.es\/MP112526\/index.php\/wp-json\/wp\/v2\/product_brand?post=174"},{"taxonomy":"product_cat","embeddable":true,"href":"https:\/\/lalaboralaula.es\/MP112526\/index.php\/wp-json\/wp\/v2\/product_cat?post=174"},{"taxonomy":"product_tag","embeddable":true,"href":"https:\/\/lalaboralaula.es\/MP112526\/index.php\/wp-json\/wp\/v2\/product_tag?post=174"}],"curies":[{"name":"wp","href":"https:\/\/api.w.org\/{rel}","templated":true}]}}