{"id":281,"date":"2026-01-22T19:24:08","date_gmt":"2026-01-22T18:24:08","guid":{"rendered":"https:\/\/lalaboralaula.es\/MP082526\/?post_type=product&#038;p=281"},"modified":"2026-01-22T19:24:08","modified_gmt":"2026-01-22T18:24:08","slug":"spray-protector-calor","status":"publish","type":"product","link":"https:\/\/lalaboralaula.es\/MP082526\/index.php\/producto\/spray-protector-calor\/","title":{"rendered":"Spray protector calor"},"content":{"rendered":"<h3 data-start=\"428\" data-end=\"452\">Descripci\u00f3n larga<\/h3>\n<p data-start=\"453\" data-end=\"770\">El Spray Protector de Calor HARE ha sido creado especialmente para cuidar el pelo rizado durante el secado y el uso de herramientas t\u00e9rmicas. Su f\u00f3rmula ecofriendly protege la fibra capilar del calor, ayudando a prevenir el da\u00f1o, la sequedad y el encrespamiento, sin apelmazar ni perder la forma natural del rizo.<\/p>\n<p data-start=\"772\" data-end=\"1094\">Enriquecido con una delicada fragancia de vainilla y coco, este spray aporta suavidad, brillo y elasticidad, dejando el cabello manejable y con un aspecto saludable. Ideal para rizos, ondas y cabello texturizado, respeta el equilibrio natural del cuero cabelludo y est\u00e1 pensado para un cuidado consciente y sostenible.<\/p>\n<p data-start=\"1096\" data-end=\"1249\">HARE combina belleza, eficacia y respeto por el planeta, ofreciendo un protector t\u00e9rmico que cuida tu cabello rizado y el entorno en cada aplicaci\u00f3n.<\/p>\n","protected":false},"excerpt":{"rendered":"<p data-start=\"198\" data-end=\"421\">Spray protector de calor HARE para pelo rizado, con aroma suave de vainilla y coco. Protege el cabello durante el secado, mantiene la hidrataci\u00f3n natural del rizo y respeta el medio ambiente con una f\u00f3rmula ecofriendly.<\/p>\n","protected":false},"featured_media":282,"comment_status":"open","ping_status":"closed","template":"","meta":[],"product_brand":[],"product_cat":[47],"product_tag":[48],"class_list":{"0":"post-281","1":"product","2":"type-product","3":"status-publish","4":"has-post-thumbnail","6":"product_cat-spray-protector-calor","7":"product_tag-spray-protector-calor","9":"first","10":"instock","11":"sold-individually","12":"taxable","13":"shipping-taxable","14":"purchasable","15":"product-type-simple"},"yoast_head":"<!-- This site is optimized with the Yoast SEO plugin v26.8 - https:\/\/yoast.com\/product\/yoast-seo-wordpress\/ -->\n<title>Spray protector calor - Fern\u00e1ndez Alvarado, Paula<\/title>\n<meta name=\"description\" content=\"Spray protector de calor HARE para pelo rizado, con aroma suave de vainilla y coco. Protege el cabello durante el secado, mantiene la hidrataci\u00f3n natural del rizo y respeta el medio ambiente con una f\u00f3rmula ecofriendly.\" \/>\n<meta name=\"robots\" content=\"index, follow, max-snippet:-1, max-image-preview:large, max-video-preview:-1\" \/>\n<link rel=\"canonical\" href=\"https:\/\/lalaboralaula.es\/MP082526\/index.php\/producto\/spray-protector-calor\/\" \/>\n<meta property=\"og:locale\" content=\"es_ES\" \/>\n<meta property=\"og:type\" content=\"article\" \/>\n<meta property=\"og:title\" content=\"Spray protector calor - Fern\u00e1ndez Alvarado, Paula\" \/>\n<meta property=\"og:description\" content=\"Spray protector de calor HARE para pelo rizado, con aroma suave de vainilla y coco. Protege el cabello durante el secado, mantiene la hidrataci\u00f3n natural del rizo y respeta el medio ambiente con una f\u00f3rmula ecofriendly.\" \/>\n<meta property=\"og:url\" content=\"https:\/\/lalaboralaula.es\/MP082526\/index.php\/producto\/spray-protector-calor\/\" \/>\n<meta property=\"og:site_name\" content=\"Fern\u00e1ndez Alvarado, Paula\" \/>\n<meta property=\"og:image\" content=\"https:\/\/lalaboralaula.es\/MP082526\/wp-content\/uploads\/2026\/01\/Protector-calor-pelo-rizado-hare.png\" \/>\n\t<meta property=\"og:image:width\" content=\"1024\" \/>\n\t<meta property=\"og:image:height\" content=\"1536\" \/>\n\t<meta property=\"og:image:type\" content=\"image\/png\" \/>\n<meta name=\"twitter:card\" content=\"summary_large_image\" \/>\n<meta name=\"twitter:label1\" content=\"Tiempo de lectura\" \/>\n\t<meta name=\"twitter:data1\" content=\"1 minuto\" \/>\n<script type=\"application\/ld+json\" class=\"yoast-schema-graph\">{\"@context\":\"https:\/\/schema.org\",\"@graph\":[{\"@type\":\"WebPage\",\"@id\":\"https:\/\/lalaboralaula.es\/MP082526\/index.php\/producto\/spray-protector-calor\/\",\"url\":\"https:\/\/lalaboralaula.es\/MP082526\/index.php\/producto\/spray-protector-calor\/\",\"name\":\"Spray protector calor - Fern\u00e1ndez Alvarado, Paula\",\"isPartOf\":{\"@id\":\"https:\/\/lalaboralaula.es\/MP082526\/#website\"},\"primaryImageOfPage\":{\"@id\":\"https:\/\/lalaboralaula.es\/MP082526\/index.php\/producto\/spray-protector-calor\/#primaryimage\"},\"image\":{\"@id\":\"https:\/\/lalaboralaula.es\/MP082526\/index.php\/producto\/spray-protector-calor\/#primaryimage\"},\"thumbnailUrl\":\"https:\/\/lalaboralaula.es\/MP082526\/wp-content\/uploads\/2026\/01\/Protector-calor-pelo-rizado-hare.png\",\"datePublished\":\"2026-01-22T18:24:08+00:00\",\"description\":\"Spray protector de calor HARE para pelo rizado, con aroma suave de vainilla y coco. Protege el cabello durante el secado, mantiene la hidrataci\u00f3n natural del rizo y respeta el medio ambiente con una f\u00f3rmula ecofriendly.\",\"breadcrumb\":{\"@id\":\"https:\/\/lalaboralaula.es\/MP082526\/index.php\/producto\/spray-protector-calor\/#breadcrumb\"},\"inLanguage\":\"es\",\"potentialAction\":[{\"@type\":\"ReadAction\",\"target\":[\"https:\/\/lalaboralaula.es\/MP082526\/index.php\/producto\/spray-protector-calor\/\"]}]},{\"@type\":\"ImageObject\",\"inLanguage\":\"es\",\"@id\":\"https:\/\/lalaboralaula.es\/MP082526\/index.php\/producto\/spray-protector-calor\/#primaryimage\",\"url\":\"https:\/\/lalaboralaula.es\/MP082526\/wp-content\/uploads\/2026\/01\/Protector-calor-pelo-rizado-hare.png\",\"contentUrl\":\"https:\/\/lalaboralaula.es\/MP082526\/wp-content\/uploads\/2026\/01\/Protector-calor-pelo-rizado-hare.png\",\"width\":1024,\"height\":1536},{\"@type\":\"BreadcrumbList\",\"@id\":\"https:\/\/lalaboralaula.es\/MP082526\/index.php\/producto\/spray-protector-calor\/#breadcrumb\",\"itemListElement\":[{\"@type\":\"ListItem\",\"position\":1,\"name\":\"Portada\",\"item\":\"https:\/\/lalaboralaula.es\/MP082526\/\"},{\"@type\":\"ListItem\",\"position\":2,\"name\":\"Tienda\",\"item\":\"https:\/\/lalaboralaula.es\/MP082526\/index.php\/tienda\/\"},{\"@type\":\"ListItem\",\"position\":3,\"name\":\"Spray protector calor\"}]},{\"@type\":\"WebSite\",\"@id\":\"https:\/\/lalaboralaula.es\/MP082526\/#website\",\"url\":\"https:\/\/lalaboralaula.es\/MP082526\/\",\"name\":\"Fern\u00e1ndez Alvarado, Paula\",\"description\":\"\",\"publisher\":{\"@id\":\"https:\/\/lalaboralaula.es\/MP082526\/#organization\"},\"potentialAction\":[{\"@type\":\"SearchAction\",\"target\":{\"@type\":\"EntryPoint\",\"urlTemplate\":\"https:\/\/lalaboralaula.es\/MP082526\/?s={search_term_string}\"},\"query-input\":{\"@type\":\"PropertyValueSpecification\",\"valueRequired\":true,\"valueName\":\"search_term_string\"}}],\"inLanguage\":\"es\"},{\"@type\":\"Organization\",\"@id\":\"https:\/\/lalaboralaula.es\/MP082526\/#organization\",\"name\":\"Fern\u00e1ndez Alvarado, Paula\",\"url\":\"https:\/\/lalaboralaula.es\/MP082526\/\",\"logo\":{\"@type\":\"ImageObject\",\"inLanguage\":\"es\",\"@id\":\"https:\/\/lalaboralaula.es\/MP082526\/#\/schema\/logo\/image\/\",\"url\":\"https:\/\/lalaboralaula.es\/MP082526\/wp-content\/uploads\/2025\/10\/LOGO-HARE.png\",\"contentUrl\":\"https:\/\/lalaboralaula.es\/MP082526\/wp-content\/uploads\/2025\/10\/LOGO-HARE.png\",\"width\":500,\"height\":500,\"caption\":\"Fern\u00e1ndez Alvarado, Paula\"},\"image\":{\"@id\":\"https:\/\/lalaboralaula.es\/MP082526\/#\/schema\/logo\/image\/\"}}]}<\/script>\n<!-- \/ Yoast SEO plugin. -->","yoast_head_json":{"title":"Spray protector calor - Fern\u00e1ndez Alvarado, Paula","description":"Spray protector de calor HARE para pelo rizado, con aroma suave de vainilla y coco. Protege el cabello durante el secado, mantiene la hidrataci\u00f3n natural del rizo y respeta el medio ambiente con una f\u00f3rmula ecofriendly.","robots":{"index":"index","follow":"follow","max-snippet":"max-snippet:-1","max-image-preview":"max-image-preview:large","max-video-preview":"max-video-preview:-1"},"canonical":"https:\/\/lalaboralaula.es\/MP082526\/index.php\/producto\/spray-protector-calor\/","og_locale":"es_ES","og_type":"article","og_title":"Spray protector calor - Fern\u00e1ndez Alvarado, Paula","og_description":"Spray protector de calor HARE para pelo rizado, con aroma suave de vainilla y coco. Protege el cabello durante el secado, mantiene la hidrataci\u00f3n natural del rizo y respeta el medio ambiente con una f\u00f3rmula ecofriendly.","og_url":"https:\/\/lalaboralaula.es\/MP082526\/index.php\/producto\/spray-protector-calor\/","og_site_name":"Fern\u00e1ndez Alvarado, Paula","og_image":[{"width":1024,"height":1536,"url":"https:\/\/lalaboralaula.es\/MP082526\/wp-content\/uploads\/2026\/01\/Protector-calor-pelo-rizado-hare.png","type":"image\/png"}],"twitter_card":"summary_large_image","twitter_misc":{"Tiempo de lectura":"1 minuto"},"schema":{"@context":"https:\/\/schema.org","@graph":[{"@type":"WebPage","@id":"https:\/\/lalaboralaula.es\/MP082526\/index.php\/producto\/spray-protector-calor\/","url":"https:\/\/lalaboralaula.es\/MP082526\/index.php\/producto\/spray-protector-calor\/","name":"Spray protector calor - Fern\u00e1ndez Alvarado, Paula","isPartOf":{"@id":"https:\/\/lalaboralaula.es\/MP082526\/#website"},"primaryImageOfPage":{"@id":"https:\/\/lalaboralaula.es\/MP082526\/index.php\/producto\/spray-protector-calor\/#primaryimage"},"image":{"@id":"https:\/\/lalaboralaula.es\/MP082526\/index.php\/producto\/spray-protector-calor\/#primaryimage"},"thumbnailUrl":"https:\/\/lalaboralaula.es\/MP082526\/wp-content\/uploads\/2026\/01\/Protector-calor-pelo-rizado-hare.png","datePublished":"2026-01-22T18:24:08+00:00","description":"Spray protector de calor HARE para pelo rizado, con aroma suave de vainilla y coco. Protege el cabello durante el secado, mantiene la hidrataci\u00f3n natural del rizo y respeta el medio ambiente con una f\u00f3rmula ecofriendly.","breadcrumb":{"@id":"https:\/\/lalaboralaula.es\/MP082526\/index.php\/producto\/spray-protector-calor\/#breadcrumb"},"inLanguage":"es","potentialAction":[{"@type":"ReadAction","target":["https:\/\/lalaboralaula.es\/MP082526\/index.php\/producto\/spray-protector-calor\/"]}]},{"@type":"ImageObject","inLanguage":"es","@id":"https:\/\/lalaboralaula.es\/MP082526\/index.php\/producto\/spray-protector-calor\/#primaryimage","url":"https:\/\/lalaboralaula.es\/MP082526\/wp-content\/uploads\/2026\/01\/Protector-calor-pelo-rizado-hare.png","contentUrl":"https:\/\/lalaboralaula.es\/MP082526\/wp-content\/uploads\/2026\/01\/Protector-calor-pelo-rizado-hare.png","width":1024,"height":1536},{"@type":"BreadcrumbList","@id":"https:\/\/lalaboralaula.es\/MP082526\/index.php\/producto\/spray-protector-calor\/#breadcrumb","itemListElement":[{"@type":"ListItem","position":1,"name":"Portada","item":"https:\/\/lalaboralaula.es\/MP082526\/"},{"@type":"ListItem","position":2,"name":"Tienda","item":"https:\/\/lalaboralaula.es\/MP082526\/index.php\/tienda\/"},{"@type":"ListItem","position":3,"name":"Spray protector calor"}]},{"@type":"WebSite","@id":"https:\/\/lalaboralaula.es\/MP082526\/#website","url":"https:\/\/lalaboralaula.es\/MP082526\/","name":"Fern\u00e1ndez Alvarado, Paula","description":"","publisher":{"@id":"https:\/\/lalaboralaula.es\/MP082526\/#organization"},"potentialAction":[{"@type":"SearchAction","target":{"@type":"EntryPoint","urlTemplate":"https:\/\/lalaboralaula.es\/MP082526\/?s={search_term_string}"},"query-input":{"@type":"PropertyValueSpecification","valueRequired":true,"valueName":"search_term_string"}}],"inLanguage":"es"},{"@type":"Organization","@id":"https:\/\/lalaboralaula.es\/MP082526\/#organization","name":"Fern\u00e1ndez Alvarado, Paula","url":"https:\/\/lalaboralaula.es\/MP082526\/","logo":{"@type":"ImageObject","inLanguage":"es","@id":"https:\/\/lalaboralaula.es\/MP082526\/#\/schema\/logo\/image\/","url":"https:\/\/lalaboralaula.es\/MP082526\/wp-content\/uploads\/2025\/10\/LOGO-HARE.png","contentUrl":"https:\/\/lalaboralaula.es\/MP082526\/wp-content\/uploads\/2025\/10\/LOGO-HARE.png","width":500,"height":500,"caption":"Fern\u00e1ndez Alvarado, Paula"},"image":{"@id":"https:\/\/lalaboralaula.es\/MP082526\/#\/schema\/logo\/image\/"}}]}},"_links":{"self":[{"href":"https:\/\/lalaboralaula.es\/MP082526\/index.php\/wp-json\/wp\/v2\/product\/281","targetHints":{"allow":["GET"]}}],"collection":[{"href":"https:\/\/lalaboralaula.es\/MP082526\/index.php\/wp-json\/wp\/v2\/product"}],"about":[{"href":"https:\/\/lalaboralaula.es\/MP082526\/index.php\/wp-json\/wp\/v2\/types\/product"}],"replies":[{"embeddable":true,"href":"https:\/\/lalaboralaula.es\/MP082526\/index.php\/wp-json\/wp\/v2\/comments?post=281"}],"wp:featuredmedia":[{"embeddable":true,"href":"https:\/\/lalaboralaula.es\/MP082526\/index.php\/wp-json\/wp\/v2\/media\/282"}],"wp:attachment":[{"href":"https:\/\/lalaboralaula.es\/MP082526\/index.php\/wp-json\/wp\/v2\/media?parent=281"}],"wp:term":[{"taxonomy":"product_brand","embeddable":true,"href":"https:\/\/lalaboralaula.es\/MP082526\/index.php\/wp-json\/wp\/v2\/product_brand?post=281"},{"taxonomy":"product_cat","embeddable":true,"href":"https:\/\/lalaboralaula.es\/MP082526\/index.php\/wp-json\/wp\/v2\/product_cat?post=281"},{"taxonomy":"product_tag","embeddable":true,"href":"https:\/\/lalaboralaula.es\/MP082526\/index.php\/wp-json\/wp\/v2\/product_tag?post=281"}],"curies":[{"name":"wp","href":"https:\/\/api.w.org\/{rel}","templated":true}]}}