{"id":173,"date":"2025-11-06T20:38:57","date_gmt":"2025-11-06T19:38:57","guid":{"rendered":"https:\/\/lalaboralaula.es\/MP082526\/?post_type=product&#038;p=173"},"modified":"2026-01-22T20:05:09","modified_gmt":"2026-01-22T19:05:09","slug":"pack-dia-del-soltero-a","status":"publish","type":"product","link":"https:\/\/lalaboralaula.es\/MP082526\/index.php\/producto\/pack-dia-del-soltero-a\/","title":{"rendered":"Pack d\u00eda del soltero\/a"},"content":{"rendered":"<p data-start=\"365\" data-end=\"622\">Este pack ecofriendly para cabello rizado est\u00e1 pensado para mimar tus rizos de principio a fin. Re\u00fane productos dise\u00f1ados para hidratar profundamente, definir la forma natural del rizo y reducir el frizz, sin comprometer la salud del cabello ni del planeta.<\/p>\n<p data-start=\"624\" data-end=\"875\">Sus f\u00f3rmulas respetuosas ayudan a mantener la elasticidad y el brillo del rizo, aportando nutrici\u00f3n y ligereza para un resultado natural y duradero. Ideal para quienes buscan una rutina consciente, efectiva y alineada con un estilo de vida sostenible.<\/p>\n<p data-start=\"877\" data-end=\"1025\">Un pack perfecto para celebrar el autocuidado, potenciar la belleza natural del cabello rizado y apostar por un cuidado capilar m\u00e1s responsable<\/p>\n","protected":false},"excerpt":{"rendered":"<article class=\"text-token-text-primary w-full focus:outline-none [--shadow-height:45px] has-data-writing-block:pointer-events-none has-data-writing-block:-mt-(--shadow-height) has-data-writing-block:pt-(--shadow-height) [&amp;:has([data-writing-block])&gt;*]:pointer-events-auto [content-visibility:auto] supports-[content-visibility:auto]:[contain-intrinsic-size:auto_100lvh] scroll-mt-[calc(var(--header-height)+min(200px,max(70px,20svh)))]\" dir=\"auto\" tabindex=\"-1\" data-turn-id=\"request-WEB:f63d4620-7bca-4fe6-9993-37cee2d69518-0\" data-testid=\"conversation-turn-2\" data-scroll-anchor=\"true\" data-turn=\"assistant\">\n<div class=\"text-base my-auto mx-auto pb-10 [--thread-content-margin:--spacing(4)] thread-sm:[--thread-content-margin:--spacing(6)] thread-lg:[--thread-content-margin:--spacing(16)] px-(--thread-content-margin)\">\n<div class=\"[--thread-content-max-width:40rem] thread-lg:[--thread-content-max-width:48rem] mx-auto max-w-(--thread-content-max-width) flex-1 group\/turn-messages focus-visible:outline-hidden relative flex w-full min-w-0 flex-col agent-turn\" tabindex=\"-1\">\n<div class=\"flex max-w-full flex-col grow\">\n<div class=\"min-h-8 text-message relative flex w-full flex-col items-end gap-2 text-start break-words whitespace-normal [.text-message+&amp;]:mt-1\" dir=\"auto\" data-message-author-role=\"assistant\" data-message-id=\"0a53f13f-9406-47bd-aa37-8ef161bcd3ef\" data-message-model-slug=\"gpt-5\">\n<div class=\"flex w-full flex-col gap-1 empty:hidden first:pt-[1px]\">\n<div class=\"markdown prose dark:prose-invert w-full break-words light markdown-new-styling\">\n<p data-start=\"0\" data-end=\"289\" data-is-last-node=\"\" data-is-only-node=\"\">Pack ecofriendly ideal para cabello rizado: hidrata, define y cuida tus rizos con f\u00f3rmulas respetuosas con el medio ambiente y con tu pelo. Rizos sanos, suaves y llenos de vida.<\/p>\n<\/div>\n<\/div>\n<\/div>\n<\/div>\n<\/div>\n<\/div>\n<\/article>\n","protected":false},"featured_media":286,"comment_status":"open","ping_status":"closed","template":"","meta":[],"product_brand":[],"product_cat":[31],"product_tag":[35,21,34,51,36],"class_list":{"0":"post-173","1":"product","2":"type-product","3":"status-publish","4":"has-post-thumbnail","6":"product_cat-packs","7":"product_tag-kit","8":"product_tag-mascarilla","9":"product_tag-pack","10":"product_tag-pack-ahorro","11":"product_tag-spray-desenredante","13":"first","14":"instock","15":"taxable","16":"shipping-taxable","17":"product-type-grouped"},"yoast_head":"<!-- This site is optimized with the Yoast SEO plugin v26.8 - https:\/\/yoast.com\/product\/yoast-seo-wordpress\/ -->\n<title>Pack d\u00eda del soltero\/a - Fern\u00e1ndez Alvarado, Paula<\/title>\n<meta name=\"description\" content=\"Pack ecofriendly ideal para cabello rizado: hidrata, define y cuida tus rizos con f\u00f3rmulas respetuosas con el medio ambiente y con tu pelo. Rizos sanos, suaves y llenos de vida.\" \/>\n<meta name=\"robots\" content=\"index, follow, max-snippet:-1, max-image-preview:large, max-video-preview:-1\" \/>\n<link rel=\"canonical\" href=\"https:\/\/lalaboralaula.es\/MP082526\/index.php\/producto\/pack-dia-del-soltero-a\/\" \/>\n<meta property=\"og:locale\" content=\"es_ES\" \/>\n<meta property=\"og:type\" content=\"article\" \/>\n<meta property=\"og:title\" content=\"Pack d\u00eda del soltero\/a - Fern\u00e1ndez Alvarado, Paula\" \/>\n<meta property=\"og:description\" content=\"Pack ecofriendly ideal para cabello rizado: hidrata, define y cuida tus rizos con f\u00f3rmulas respetuosas con el medio ambiente y con tu pelo. Rizos sanos, suaves y llenos de vida.\" \/>\n<meta property=\"og:url\" content=\"https:\/\/lalaboralaula.es\/MP082526\/index.php\/producto\/pack-dia-del-soltero-a\/\" \/>\n<meta property=\"og:site_name\" content=\"Fern\u00e1ndez Alvarado, Paula\" \/>\n<meta property=\"article:modified_time\" content=\"2026-01-22T19:05:09+00:00\" \/>\n<meta property=\"og:image\" content=\"https:\/\/lalaboralaula.es\/MP082526\/wp-content\/uploads\/2025\/11\/pack-ahorro.png\" \/>\n\t<meta property=\"og:image:width\" content=\"1536\" \/>\n\t<meta property=\"og:image:height\" content=\"1024\" \/>\n\t<meta property=\"og:image:type\" content=\"image\/png\" \/>\n<meta name=\"twitter:card\" content=\"summary_large_image\" \/>\n<meta name=\"twitter:label1\" content=\"Tiempo de lectura\" \/>\n\t<meta name=\"twitter:data1\" content=\"1 minuto\" \/>\n<script type=\"application\/ld+json\" class=\"yoast-schema-graph\">{\"@context\":\"https:\/\/schema.org\",\"@graph\":[{\"@type\":\"WebPage\",\"@id\":\"https:\/\/lalaboralaula.es\/MP082526\/index.php\/producto\/pack-dia-del-soltero-a\/\",\"url\":\"https:\/\/lalaboralaula.es\/MP082526\/index.php\/producto\/pack-dia-del-soltero-a\/\",\"name\":\"Pack d\u00eda del soltero\/a - Fern\u00e1ndez Alvarado, Paula\",\"isPartOf\":{\"@id\":\"https:\/\/lalaboralaula.es\/MP082526\/#website\"},\"primaryImageOfPage\":{\"@id\":\"https:\/\/lalaboralaula.es\/MP082526\/index.php\/producto\/pack-dia-del-soltero-a\/#primaryimage\"},\"image\":{\"@id\":\"https:\/\/lalaboralaula.es\/MP082526\/index.php\/producto\/pack-dia-del-soltero-a\/#primaryimage\"},\"thumbnailUrl\":\"https:\/\/lalaboralaula.es\/MP082526\/wp-content\/uploads\/2025\/11\/pack-ahorro.png\",\"datePublished\":\"2025-11-06T19:38:57+00:00\",\"dateModified\":\"2026-01-22T19:05:09+00:00\",\"description\":\"Pack ecofriendly ideal para cabello rizado: hidrata, define y cuida tus rizos con f\u00f3rmulas respetuosas con el medio ambiente y con tu pelo. Rizos sanos, suaves y llenos de vida.\",\"breadcrumb\":{\"@id\":\"https:\/\/lalaboralaula.es\/MP082526\/index.php\/producto\/pack-dia-del-soltero-a\/#breadcrumb\"},\"inLanguage\":\"es\",\"potentialAction\":[{\"@type\":\"ReadAction\",\"target\":[\"https:\/\/lalaboralaula.es\/MP082526\/index.php\/producto\/pack-dia-del-soltero-a\/\"]}]},{\"@type\":\"ImageObject\",\"inLanguage\":\"es\",\"@id\":\"https:\/\/lalaboralaula.es\/MP082526\/index.php\/producto\/pack-dia-del-soltero-a\/#primaryimage\",\"url\":\"https:\/\/lalaboralaula.es\/MP082526\/wp-content\/uploads\/2025\/11\/pack-ahorro.png\",\"contentUrl\":\"https:\/\/lalaboralaula.es\/MP082526\/wp-content\/uploads\/2025\/11\/pack-ahorro.png\",\"width\":1536,\"height\":1024},{\"@type\":\"BreadcrumbList\",\"@id\":\"https:\/\/lalaboralaula.es\/MP082526\/index.php\/producto\/pack-dia-del-soltero-a\/#breadcrumb\",\"itemListElement\":[{\"@type\":\"ListItem\",\"position\":1,\"name\":\"Portada\",\"item\":\"https:\/\/lalaboralaula.es\/MP082526\/\"},{\"@type\":\"ListItem\",\"position\":2,\"name\":\"Tienda\",\"item\":\"https:\/\/lalaboralaula.es\/MP082526\/index.php\/tienda\/\"},{\"@type\":\"ListItem\",\"position\":3,\"name\":\"Pack d\u00eda del soltero\/a\"}]},{\"@type\":\"WebSite\",\"@id\":\"https:\/\/lalaboralaula.es\/MP082526\/#website\",\"url\":\"https:\/\/lalaboralaula.es\/MP082526\/\",\"name\":\"Fern\u00e1ndez Alvarado, Paula\",\"description\":\"\",\"publisher\":{\"@id\":\"https:\/\/lalaboralaula.es\/MP082526\/#organization\"},\"potentialAction\":[{\"@type\":\"SearchAction\",\"target\":{\"@type\":\"EntryPoint\",\"urlTemplate\":\"https:\/\/lalaboralaula.es\/MP082526\/?s={search_term_string}\"},\"query-input\":{\"@type\":\"PropertyValueSpecification\",\"valueRequired\":true,\"valueName\":\"search_term_string\"}}],\"inLanguage\":\"es\"},{\"@type\":\"Organization\",\"@id\":\"https:\/\/lalaboralaula.es\/MP082526\/#organization\",\"name\":\"Fern\u00e1ndez Alvarado, Paula\",\"url\":\"https:\/\/lalaboralaula.es\/MP082526\/\",\"logo\":{\"@type\":\"ImageObject\",\"inLanguage\":\"es\",\"@id\":\"https:\/\/lalaboralaula.es\/MP082526\/#\/schema\/logo\/image\/\",\"url\":\"https:\/\/lalaboralaula.es\/MP082526\/wp-content\/uploads\/2025\/10\/LOGO-HARE.png\",\"contentUrl\":\"https:\/\/lalaboralaula.es\/MP082526\/wp-content\/uploads\/2025\/10\/LOGO-HARE.png\",\"width\":500,\"height\":500,\"caption\":\"Fern\u00e1ndez Alvarado, Paula\"},\"image\":{\"@id\":\"https:\/\/lalaboralaula.es\/MP082526\/#\/schema\/logo\/image\/\"}}]}<\/script>\n<!-- \/ Yoast SEO plugin. -->","yoast_head_json":{"title":"Pack d\u00eda del soltero\/a - Fern\u00e1ndez Alvarado, Paula","description":"Pack ecofriendly ideal para cabello rizado: hidrata, define y cuida tus rizos con f\u00f3rmulas respetuosas con el medio ambiente y con tu pelo. Rizos sanos, suaves y llenos de vida.","robots":{"index":"index","follow":"follow","max-snippet":"max-snippet:-1","max-image-preview":"max-image-preview:large","max-video-preview":"max-video-preview:-1"},"canonical":"https:\/\/lalaboralaula.es\/MP082526\/index.php\/producto\/pack-dia-del-soltero-a\/","og_locale":"es_ES","og_type":"article","og_title":"Pack d\u00eda del soltero\/a - Fern\u00e1ndez Alvarado, Paula","og_description":"Pack ecofriendly ideal para cabello rizado: hidrata, define y cuida tus rizos con f\u00f3rmulas respetuosas con el medio ambiente y con tu pelo. Rizos sanos, suaves y llenos de vida.","og_url":"https:\/\/lalaboralaula.es\/MP082526\/index.php\/producto\/pack-dia-del-soltero-a\/","og_site_name":"Fern\u00e1ndez Alvarado, Paula","article_modified_time":"2026-01-22T19:05:09+00:00","og_image":[{"width":1536,"height":1024,"url":"https:\/\/lalaboralaula.es\/MP082526\/wp-content\/uploads\/2025\/11\/pack-ahorro.png","type":"image\/png"}],"twitter_card":"summary_large_image","twitter_misc":{"Tiempo de lectura":"1 minuto"},"schema":{"@context":"https:\/\/schema.org","@graph":[{"@type":"WebPage","@id":"https:\/\/lalaboralaula.es\/MP082526\/index.php\/producto\/pack-dia-del-soltero-a\/","url":"https:\/\/lalaboralaula.es\/MP082526\/index.php\/producto\/pack-dia-del-soltero-a\/","name":"Pack d\u00eda del soltero\/a - Fern\u00e1ndez Alvarado, Paula","isPartOf":{"@id":"https:\/\/lalaboralaula.es\/MP082526\/#website"},"primaryImageOfPage":{"@id":"https:\/\/lalaboralaula.es\/MP082526\/index.php\/producto\/pack-dia-del-soltero-a\/#primaryimage"},"image":{"@id":"https:\/\/lalaboralaula.es\/MP082526\/index.php\/producto\/pack-dia-del-soltero-a\/#primaryimage"},"thumbnailUrl":"https:\/\/lalaboralaula.es\/MP082526\/wp-content\/uploads\/2025\/11\/pack-ahorro.png","datePublished":"2025-11-06T19:38:57+00:00","dateModified":"2026-01-22T19:05:09+00:00","description":"Pack ecofriendly ideal para cabello rizado: hidrata, define y cuida tus rizos con f\u00f3rmulas respetuosas con el medio ambiente y con tu pelo. Rizos sanos, suaves y llenos de vida.","breadcrumb":{"@id":"https:\/\/lalaboralaula.es\/MP082526\/index.php\/producto\/pack-dia-del-soltero-a\/#breadcrumb"},"inLanguage":"es","potentialAction":[{"@type":"ReadAction","target":["https:\/\/lalaboralaula.es\/MP082526\/index.php\/producto\/pack-dia-del-soltero-a\/"]}]},{"@type":"ImageObject","inLanguage":"es","@id":"https:\/\/lalaboralaula.es\/MP082526\/index.php\/producto\/pack-dia-del-soltero-a\/#primaryimage","url":"https:\/\/lalaboralaula.es\/MP082526\/wp-content\/uploads\/2025\/11\/pack-ahorro.png","contentUrl":"https:\/\/lalaboralaula.es\/MP082526\/wp-content\/uploads\/2025\/11\/pack-ahorro.png","width":1536,"height":1024},{"@type":"BreadcrumbList","@id":"https:\/\/lalaboralaula.es\/MP082526\/index.php\/producto\/pack-dia-del-soltero-a\/#breadcrumb","itemListElement":[{"@type":"ListItem","position":1,"name":"Portada","item":"https:\/\/lalaboralaula.es\/MP082526\/"},{"@type":"ListItem","position":2,"name":"Tienda","item":"https:\/\/lalaboralaula.es\/MP082526\/index.php\/tienda\/"},{"@type":"ListItem","position":3,"name":"Pack d\u00eda del soltero\/a"}]},{"@type":"WebSite","@id":"https:\/\/lalaboralaula.es\/MP082526\/#website","url":"https:\/\/lalaboralaula.es\/MP082526\/","name":"Fern\u00e1ndez Alvarado, Paula","description":"","publisher":{"@id":"https:\/\/lalaboralaula.es\/MP082526\/#organization"},"potentialAction":[{"@type":"SearchAction","target":{"@type":"EntryPoint","urlTemplate":"https:\/\/lalaboralaula.es\/MP082526\/?s={search_term_string}"},"query-input":{"@type":"PropertyValueSpecification","valueRequired":true,"valueName":"search_term_string"}}],"inLanguage":"es"},{"@type":"Organization","@id":"https:\/\/lalaboralaula.es\/MP082526\/#organization","name":"Fern\u00e1ndez Alvarado, Paula","url":"https:\/\/lalaboralaula.es\/MP082526\/","logo":{"@type":"ImageObject","inLanguage":"es","@id":"https:\/\/lalaboralaula.es\/MP082526\/#\/schema\/logo\/image\/","url":"https:\/\/lalaboralaula.es\/MP082526\/wp-content\/uploads\/2025\/10\/LOGO-HARE.png","contentUrl":"https:\/\/lalaboralaula.es\/MP082526\/wp-content\/uploads\/2025\/10\/LOGO-HARE.png","width":500,"height":500,"caption":"Fern\u00e1ndez Alvarado, Paula"},"image":{"@id":"https:\/\/lalaboralaula.es\/MP082526\/#\/schema\/logo\/image\/"}}]}},"_links":{"self":[{"href":"https:\/\/lalaboralaula.es\/MP082526\/index.php\/wp-json\/wp\/v2\/product\/173","targetHints":{"allow":["GET"]}}],"collection":[{"href":"https:\/\/lalaboralaula.es\/MP082526\/index.php\/wp-json\/wp\/v2\/product"}],"about":[{"href":"https:\/\/lalaboralaula.es\/MP082526\/index.php\/wp-json\/wp\/v2\/types\/product"}],"replies":[{"embeddable":true,"href":"https:\/\/lalaboralaula.es\/MP082526\/index.php\/wp-json\/wp\/v2\/comments?post=173"}],"wp:featuredmedia":[{"embeddable":true,"href":"https:\/\/lalaboralaula.es\/MP082526\/index.php\/wp-json\/wp\/v2\/media\/286"}],"wp:attachment":[{"href":"https:\/\/lalaboralaula.es\/MP082526\/index.php\/wp-json\/wp\/v2\/media?parent=173"}],"wp:term":[{"taxonomy":"product_brand","embeddable":true,"href":"https:\/\/lalaboralaula.es\/MP082526\/index.php\/wp-json\/wp\/v2\/product_brand?post=173"},{"taxonomy":"product_cat","embeddable":true,"href":"https:\/\/lalaboralaula.es\/MP082526\/index.php\/wp-json\/wp\/v2\/product_cat?post=173"},{"taxonomy":"product_tag","embeddable":true,"href":"https:\/\/lalaboralaula.es\/MP082526\/index.php\/wp-json\/wp\/v2\/product_tag?post=173"}],"curies":[{"name":"wp","href":"https:\/\/api.w.org\/{rel}","templated":true}]}}