{"id":1167,"date":"2025-03-06T19:31:18","date_gmt":"2025-03-06T18:31:18","guid":{"rendered":"https:\/\/lalaboralaula.es\/MP082425\/?post_type=product&#038;p=1167"},"modified":"2025-03-07T00:56:10","modified_gmt":"2025-03-06T23:56:10","slug":"productos-solidarios-viajeros","status":"publish","type":"product","link":"https:\/\/lalaboralaula.es\/MP082425\/index.php\/producto\/productos-solidarios-viajeros\/","title":{"rendered":"Productos solidarios viajeros"},"content":{"rendered":"<p>Bienvenido a nuestra colecci\u00f3n de peluches solidarios viajeros, donde la ternura se une a la generosidad. Estos adorables peluches no solo son compa\u00f1eros tiernos, sino que tambi\u00e9n marcan la diferencia en el mundo. Cada compra contribuye a una causa solidaria, tu compra tendr\u00e1 un impacto positivo en la vida de mascotas sin hogar que necesitan asistencia veterinaria.<\/p>\n<p>&nbsp;<\/p>\n<p><strong>Caracter\u00edsticas principales compartidas por ambos peluches:<\/strong><\/p>\n<p><strong>Material:<\/strong> su suave pelaje y relleno de alta calidad lo hacen perfecto para abrazar. El tacto suave proporciona una experiencia reconfortante para ni\u00f1os y adultos por igual. Fabricados con materiales resistentes y seguros para todas las edades.<\/p>\n<p>&nbsp;<\/p>\n<p><strong><u>Cuidados de los peluches solidarios<\/u><\/strong><strong>:<\/strong><\/p>\n<p><strong>Lavado a M\u00e1quina<\/strong>:<\/p>\n<p>Puedes lavarlo a m\u00e1quina a una temperatura m\u00e1xima de 30\u00b0 C<\/p>\n<p>Coloca el peluche dentro de una bolsa de lavado para evitar que se roce con otras prendas.<\/p>\n<p>Ciclo delicado: Utiliza un detergente suave y selecciona el programa de lavado delicado o para prendas delicadas.<\/p>\n<p>Secado: Deja que el peluche se seque a la sombra. No uses pinzas para la ropa.<\/p>\n","protected":false},"excerpt":{"rendered":"<p>Descubre la ternura con nuestros peluches solidarios viajeros. Cada compra contribuye a una noble causa, ya que los fondos recaudados apoyan a protectoras de animales, que trabajan incansablemente para mejorar la vida de mascotas sin hogar.<\/p>\n","protected":false},"featured_media":1171,"comment_status":"open","ping_status":"closed","template":"","meta":[],"product_brand":[],"product_cat":[102,101,100],"product_tag":[109,110,107,106,103,104,105,108],"class_list":{"0":"post-1167","1":"product","2":"type-product","3":"status-publish","4":"has-post-thumbnail","6":"product_cat-osito-paddington","7":"product_cat-pato-amarillo-soleado","8":"product_cat-productos-solidarios-viajeros","9":"product_tag-osito","10":"product_tag-oso","11":"product_tag-patito-de-peluche","12":"product_tag-pato","13":"product_tag-peluches-solidarios","14":"product_tag-peluches-solidarios-viajeros","15":"product_tag-productos-solidarios","16":"product_tag-regalos","18":"first","19":"instock","20":"taxable","21":"shipping-taxable","22":"purchasable","23":"product-type-variable","24":"has-default-attributes"},"yoast_head":"<!-- This site is optimized with the Yoast SEO plugin v27.5 - https:\/\/yoast.com\/product\/yoast-seo-wordpress\/ -->\n<title>Productos solidarios viajeros - TecnoGear<\/title>\n<meta name=\"description\" content=\"Descubre la ternura con nuestros peluches solidarios viajeros. Cada compra que hagas te har\u00e1 que m\u00e1s gente se sienta ayudada.\" \/>\n<meta name=\"robots\" content=\"index, follow, max-snippet:-1, max-image-preview:large, max-video-preview:-1\" \/>\n<link rel=\"canonical\" href=\"https:\/\/lalaboralaula.es\/MP082425\/index.php\/producto\/productos-solidarios-viajeros\/\" \/>\n<meta property=\"og:locale\" content=\"es_ES\" \/>\n<meta property=\"og:type\" content=\"article\" \/>\n<meta property=\"og:title\" content=\"Productos solidarios viajeros - TecnoGear\" \/>\n<meta property=\"og:description\" content=\"Descubre la ternura con nuestros peluches solidarios viajeros. Cada compra que hagas te har\u00e1 que m\u00e1s gente se sienta ayudada.\" \/>\n<meta property=\"og:url\" content=\"https:\/\/lalaboralaula.es\/MP082425\/index.php\/producto\/productos-solidarios-viajeros\/\" \/>\n<meta property=\"og:site_name\" content=\"TecnoGear\" \/>\n<meta property=\"article:modified_time\" content=\"2025-03-06T23:56:10+00:00\" \/>\n<meta property=\"og:image\" content=\"https:\/\/lalaboralaula.es\/MP082425\/wp-content\/uploads\/2025\/03\/eddcb421-2c28-4e03-8dd4-12ebaa802fa2.jpg\" \/>\n\t<meta property=\"og:image:width\" content=\"1280\" \/>\n\t<meta property=\"og:image:height\" content=\"757\" \/>\n\t<meta property=\"og:image:type\" content=\"image\/jpeg\" \/>\n<meta name=\"twitter:card\" content=\"summary_large_image\" \/>\n<meta name=\"twitter:site\" content=\"@gear_tecno42850\" \/>\n<meta name=\"twitter:label1\" content=\"Tiempo de lectura\" \/>\n\t<meta name=\"twitter:data1\" content=\"1 minuto\" \/>\n<script type=\"application\/ld+json\" class=\"yoast-schema-graph\">{\"@context\":\"https:\\\/\\\/schema.org\",\"@graph\":[{\"@type\":\"WebPage\",\"@id\":\"https:\\\/\\\/lalaboralaula.es\\\/MP082425\\\/index.php\\\/producto\\\/productos-solidarios-viajeros\\\/\",\"url\":\"https:\\\/\\\/lalaboralaula.es\\\/MP082425\\\/index.php\\\/producto\\\/productos-solidarios-viajeros\\\/\",\"name\":\"Productos solidarios viajeros - TecnoGear\",\"isPartOf\":{\"@id\":\"https:\\\/\\\/lalaboralaula.es\\\/MP082425\\\/#website\"},\"primaryImageOfPage\":{\"@id\":\"https:\\\/\\\/lalaboralaula.es\\\/MP082425\\\/index.php\\\/producto\\\/productos-solidarios-viajeros\\\/#primaryimage\"},\"image\":{\"@id\":\"https:\\\/\\\/lalaboralaula.es\\\/MP082425\\\/index.php\\\/producto\\\/productos-solidarios-viajeros\\\/#primaryimage\"},\"thumbnailUrl\":\"https:\\\/\\\/lalaboralaula.es\\\/MP082425\\\/wp-content\\\/uploads\\\/2025\\\/03\\\/eddcb421-2c28-4e03-8dd4-12ebaa802fa2.jpg\",\"datePublished\":\"2025-03-06T18:31:18+00:00\",\"dateModified\":\"2025-03-06T23:56:10+00:00\",\"description\":\"Descubre la ternura con nuestros peluches solidarios viajeros. Cada compra que hagas te har\u00e1 que m\u00e1s gente se sienta ayudada.\",\"breadcrumb\":{\"@id\":\"https:\\\/\\\/lalaboralaula.es\\\/MP082425\\\/index.php\\\/producto\\\/productos-solidarios-viajeros\\\/#breadcrumb\"},\"inLanguage\":\"es\",\"potentialAction\":[{\"@type\":\"ReadAction\",\"target\":[\"https:\\\/\\\/lalaboralaula.es\\\/MP082425\\\/index.php\\\/producto\\\/productos-solidarios-viajeros\\\/\"]}]},{\"@type\":\"ImageObject\",\"inLanguage\":\"es\",\"@id\":\"https:\\\/\\\/lalaboralaula.es\\\/MP082425\\\/index.php\\\/producto\\\/productos-solidarios-viajeros\\\/#primaryimage\",\"url\":\"https:\\\/\\\/lalaboralaula.es\\\/MP082425\\\/wp-content\\\/uploads\\\/2025\\\/03\\\/eddcb421-2c28-4e03-8dd4-12ebaa802fa2.jpg\",\"contentUrl\":\"https:\\\/\\\/lalaboralaula.es\\\/MP082425\\\/wp-content\\\/uploads\\\/2025\\\/03\\\/eddcb421-2c28-4e03-8dd4-12ebaa802fa2.jpg\",\"width\":1280,\"height\":757,\"caption\":\"Imagen del peluche Pato amarillo Soleado metido en una maleta junto a un gato\"},{\"@type\":\"BreadcrumbList\",\"@id\":\"https:\\\/\\\/lalaboralaula.es\\\/MP082425\\\/index.php\\\/producto\\\/productos-solidarios-viajeros\\\/#breadcrumb\",\"itemListElement\":[{\"@type\":\"ListItem\",\"position\":1,\"name\":\"Portada\",\"item\":\"https:\\\/\\\/lalaboralaula.es\\\/MP082425\\\/\"},{\"@type\":\"ListItem\",\"position\":2,\"name\":\"Tienda\",\"item\":\"https:\\\/\\\/lalaboralaula.es\\\/MP082425\\\/index.php\\\/tienda\\\/\"},{\"@type\":\"ListItem\",\"position\":3,\"name\":\"Productos solidarios viajeros\"}]},{\"@type\":\"WebSite\",\"@id\":\"https:\\\/\\\/lalaboralaula.es\\\/MP082425\\\/#website\",\"url\":\"https:\\\/\\\/lalaboralaula.es\\\/MP082425\\\/\",\"name\":\"TecnoGear\",\"description\":\"Tu tienda de electr\u00f3nica de confianza\",\"publisher\":{\"@id\":\"https:\\\/\\\/lalaboralaula.es\\\/MP082425\\\/#organization\"},\"potentialAction\":[{\"@type\":\"SearchAction\",\"target\":{\"@type\":\"EntryPoint\",\"urlTemplate\":\"https:\\\/\\\/lalaboralaula.es\\\/MP082425\\\/?s={search_term_string}\"},\"query-input\":{\"@type\":\"PropertyValueSpecification\",\"valueRequired\":true,\"valueName\":\"search_term_string\"}}],\"inLanguage\":\"es\"},{\"@type\":\"Organization\",\"@id\":\"https:\\\/\\\/lalaboralaula.es\\\/MP082425\\\/#organization\",\"name\":\"TecnoGear\",\"url\":\"https:\\\/\\\/lalaboralaula.es\\\/MP082425\\\/\",\"logo\":{\"@type\":\"ImageObject\",\"inLanguage\":\"es\",\"@id\":\"https:\\\/\\\/lalaboralaula.es\\\/MP082425\\\/#\\\/schema\\\/logo\\\/image\\\/\",\"url\":\"https:\\\/\\\/lalaboralaula.es\\\/MP082425\\\/wp-content\\\/uploads\\\/2024\\\/12\\\/Logotipo-TecnoGear-en-pequeno-1.png\",\"contentUrl\":\"https:\\\/\\\/lalaboralaula.es\\\/MP082425\\\/wp-content\\\/uploads\\\/2024\\\/12\\\/Logotipo-TecnoGear-en-pequeno-1.png\",\"width\":127,\"height\":75,\"caption\":\"TecnoGear\"},\"image\":{\"@id\":\"https:\\\/\\\/lalaboralaula.es\\\/MP082425\\\/#\\\/schema\\\/logo\\\/image\\\/\"},\"sameAs\":[\"https:\\\/\\\/x.com\\\/gear_tecno42850\",\"https:\\\/\\\/www.instagram.com\\\/tecnogear2003\\\/\"]}]}<\/script>\n<!-- \/ Yoast SEO plugin. -->","yoast_head_json":{"title":"Productos solidarios viajeros - TecnoGear","description":"Descubre la ternura con nuestros peluches solidarios viajeros. Cada compra que hagas te har\u00e1 que m\u00e1s gente se sienta ayudada.","robots":{"index":"index","follow":"follow","max-snippet":"max-snippet:-1","max-image-preview":"max-image-preview:large","max-video-preview":"max-video-preview:-1"},"canonical":"https:\/\/lalaboralaula.es\/MP082425\/index.php\/producto\/productos-solidarios-viajeros\/","og_locale":"es_ES","og_type":"article","og_title":"Productos solidarios viajeros - TecnoGear","og_description":"Descubre la ternura con nuestros peluches solidarios viajeros. Cada compra que hagas te har\u00e1 que m\u00e1s gente se sienta ayudada.","og_url":"https:\/\/lalaboralaula.es\/MP082425\/index.php\/producto\/productos-solidarios-viajeros\/","og_site_name":"TecnoGear","article_modified_time":"2025-03-06T23:56:10+00:00","og_image":[{"width":1280,"height":757,"url":"https:\/\/lalaboralaula.es\/MP082425\/wp-content\/uploads\/2025\/03\/eddcb421-2c28-4e03-8dd4-12ebaa802fa2.jpg","type":"image\/jpeg"}],"twitter_card":"summary_large_image","twitter_site":"@gear_tecno42850","twitter_misc":{"Tiempo de lectura":"1 minuto"},"schema":{"@context":"https:\/\/schema.org","@graph":[{"@type":"WebPage","@id":"https:\/\/lalaboralaula.es\/MP082425\/index.php\/producto\/productos-solidarios-viajeros\/","url":"https:\/\/lalaboralaula.es\/MP082425\/index.php\/producto\/productos-solidarios-viajeros\/","name":"Productos solidarios viajeros - TecnoGear","isPartOf":{"@id":"https:\/\/lalaboralaula.es\/MP082425\/#website"},"primaryImageOfPage":{"@id":"https:\/\/lalaboralaula.es\/MP082425\/index.php\/producto\/productos-solidarios-viajeros\/#primaryimage"},"image":{"@id":"https:\/\/lalaboralaula.es\/MP082425\/index.php\/producto\/productos-solidarios-viajeros\/#primaryimage"},"thumbnailUrl":"https:\/\/lalaboralaula.es\/MP082425\/wp-content\/uploads\/2025\/03\/eddcb421-2c28-4e03-8dd4-12ebaa802fa2.jpg","datePublished":"2025-03-06T18:31:18+00:00","dateModified":"2025-03-06T23:56:10+00:00","description":"Descubre la ternura con nuestros peluches solidarios viajeros. Cada compra que hagas te har\u00e1 que m\u00e1s gente se sienta ayudada.","breadcrumb":{"@id":"https:\/\/lalaboralaula.es\/MP082425\/index.php\/producto\/productos-solidarios-viajeros\/#breadcrumb"},"inLanguage":"es","potentialAction":[{"@type":"ReadAction","target":["https:\/\/lalaboralaula.es\/MP082425\/index.php\/producto\/productos-solidarios-viajeros\/"]}]},{"@type":"ImageObject","inLanguage":"es","@id":"https:\/\/lalaboralaula.es\/MP082425\/index.php\/producto\/productos-solidarios-viajeros\/#primaryimage","url":"https:\/\/lalaboralaula.es\/MP082425\/wp-content\/uploads\/2025\/03\/eddcb421-2c28-4e03-8dd4-12ebaa802fa2.jpg","contentUrl":"https:\/\/lalaboralaula.es\/MP082425\/wp-content\/uploads\/2025\/03\/eddcb421-2c28-4e03-8dd4-12ebaa802fa2.jpg","width":1280,"height":757,"caption":"Imagen del peluche Pato amarillo Soleado metido en una maleta junto a un gato"},{"@type":"BreadcrumbList","@id":"https:\/\/lalaboralaula.es\/MP082425\/index.php\/producto\/productos-solidarios-viajeros\/#breadcrumb","itemListElement":[{"@type":"ListItem","position":1,"name":"Portada","item":"https:\/\/lalaboralaula.es\/MP082425\/"},{"@type":"ListItem","position":2,"name":"Tienda","item":"https:\/\/lalaboralaula.es\/MP082425\/index.php\/tienda\/"},{"@type":"ListItem","position":3,"name":"Productos solidarios viajeros"}]},{"@type":"WebSite","@id":"https:\/\/lalaboralaula.es\/MP082425\/#website","url":"https:\/\/lalaboralaula.es\/MP082425\/","name":"TecnoGear","description":"Tu tienda de electr\u00f3nica de confianza","publisher":{"@id":"https:\/\/lalaboralaula.es\/MP082425\/#organization"},"potentialAction":[{"@type":"SearchAction","target":{"@type":"EntryPoint","urlTemplate":"https:\/\/lalaboralaula.es\/MP082425\/?s={search_term_string}"},"query-input":{"@type":"PropertyValueSpecification","valueRequired":true,"valueName":"search_term_string"}}],"inLanguage":"es"},{"@type":"Organization","@id":"https:\/\/lalaboralaula.es\/MP082425\/#organization","name":"TecnoGear","url":"https:\/\/lalaboralaula.es\/MP082425\/","logo":{"@type":"ImageObject","inLanguage":"es","@id":"https:\/\/lalaboralaula.es\/MP082425\/#\/schema\/logo\/image\/","url":"https:\/\/lalaboralaula.es\/MP082425\/wp-content\/uploads\/2024\/12\/Logotipo-TecnoGear-en-pequeno-1.png","contentUrl":"https:\/\/lalaboralaula.es\/MP082425\/wp-content\/uploads\/2024\/12\/Logotipo-TecnoGear-en-pequeno-1.png","width":127,"height":75,"caption":"TecnoGear"},"image":{"@id":"https:\/\/lalaboralaula.es\/MP082425\/#\/schema\/logo\/image\/"},"sameAs":["https:\/\/x.com\/gear_tecno42850","https:\/\/www.instagram.com\/tecnogear2003\/"]}]}},"_links":{"self":[{"href":"https:\/\/lalaboralaula.es\/MP082425\/index.php\/wp-json\/wp\/v2\/product\/1167","targetHints":{"allow":["GET"]}}],"collection":[{"href":"https:\/\/lalaboralaula.es\/MP082425\/index.php\/wp-json\/wp\/v2\/product"}],"about":[{"href":"https:\/\/lalaboralaula.es\/MP082425\/index.php\/wp-json\/wp\/v2\/types\/product"}],"replies":[{"embeddable":true,"href":"https:\/\/lalaboralaula.es\/MP082425\/index.php\/wp-json\/wp\/v2\/comments?post=1167"}],"wp:featuredmedia":[{"embeddable":true,"href":"https:\/\/lalaboralaula.es\/MP082425\/index.php\/wp-json\/wp\/v2\/media\/1171"}],"wp:attachment":[{"href":"https:\/\/lalaboralaula.es\/MP082425\/index.php\/wp-json\/wp\/v2\/media?parent=1167"}],"wp:term":[{"taxonomy":"product_brand","embeddable":true,"href":"https:\/\/lalaboralaula.es\/MP082425\/index.php\/wp-json\/wp\/v2\/product_brand?post=1167"},{"taxonomy":"product_cat","embeddable":true,"href":"https:\/\/lalaboralaula.es\/MP082425\/index.php\/wp-json\/wp\/v2\/product_cat?post=1167"},{"taxonomy":"product_tag","embeddable":true,"href":"https:\/\/lalaboralaula.es\/MP082425\/index.php\/wp-json\/wp\/v2\/product_tag?post=1167"}],"curies":[{"name":"wp","href":"https:\/\/api.w.org\/{rel}","templated":true}]}}