{"id":792,"date":"2025-02-08T04:22:27","date_gmt":"2025-02-08T03:22:27","guid":{"rendered":"https:\/\/lalaboralaula.es\/MP082425\/?page_id=792"},"modified":"2025-04-12T04:23:52","modified_gmt":"2025-04-12T02:23:52","slug":"trabaja-con-nosotros","status":"publish","type":"page","link":"https:\/\/lalaboralaula.es\/MP082425\/index.php\/trabaja-con-nosotros\/","title":{"rendered":"Trabaja con nosotros"},"content":{"rendered":"\n<div class=\"wp-block-group alignfull is-content-justification-center\" style=\"margin-top:0;margin-bottom:0;padding-top:calc( 0.5 * var(--wp--style--root--padding-right, var(--wp--custom--gap--horizontal)));padding-right:var(--wp--style--root--padding-right, var(--wp--custom--gap--horizontal));padding-bottom:calc( 0.5 * var(--wp--style--root--padding-right, var(--wp--custom--gap--horizontal)));padding-left:var(--wp--style--root--padding-left, var(--wp--custom--gap--horizontal))\"><div class=\"wp-block-group__inner-container is-layout-constrained wp-container-core-group-is-layout-df757ecc wp-block-group-is-layout-constrained\">\n<div style=\"height:calc( 0.25 * var(--wp--style--root--padding-right, var(--wp--custom--gap--horizontal)))\" aria-hidden=\"true\" class=\"wp-block-spacer\"><\/div>\n\n\n\n<div class=\"wp-block-columns alignwide is-layout-flex wp-container-core-columns-is-layout-28f84493 wp-block-columns-is-layout-flex\">\n<div class=\"wp-block-column is-vertically-aligned-center is-layout-flow wp-block-column-is-layout-flow\">\n<p class=\"has-base-color has-text-color\" style=\"margin-top:0;margin-right:0;margin-bottom:0;margin-left:0;font-size:18px\"><\/p>\n\n\n\n<h2 class=\"wp-block-heading has-text-align-center has-base-color has-text-color\" style=\"font-size:48px\"><strong>\ud83c\udfae\ud83d\udcbb \u00a1\u00danete a Nuestro Equipo!<\/strong><\/h2>\n\n\n\n<p><\/p>\n\n\n\n<p class=\"has-base-color has-text-color\" style=\"margin-top:0;margin-right:0;margin-bottom:0;margin-left:0;font-size:24px\">En TecnoGear, vivimos y respiramos tecnolog\u00eda. Desde lo \u00faltimo en hardware hasta los gadgets m\u00e1s innovadores, nos apasiona el mundo del gaming y la electr\u00f3nica. Pero nada de esto ser\u00eda posible sin un equipo de personas apasionadas, creativas y con ganas de crecer.<\/p>\n\n\n\n<p class=\"has-base-color has-text-color\" style=\"margin-top:0;margin-right:0;margin-bottom:0;margin-left:0;font-size:24px\">Si buscas un lugar donde tu talento sea valorado, donde puedas aprender cada d\u00eda y formar parte de una comunidad gamer y techie como t\u00fa, \u00a1este es tu sitio! \ud83d\ude80<\/p>\n<\/div>\n\n\n\n<div class=\"wp-block-column is-vertically-aligned-center is-layout-flow wp-block-column-is-layout-flow\">\n<figure class=\"wp-block-image size-full\"><img loading=\"lazy\" decoding=\"async\" width=\"1772\" height=\"1172\" src=\"https:\/\/lalaboralaula.es\/MP082425\/wp-content\/uploads\/2025\/02\/videojuegos.jpg\" alt=\"\" class=\"wp-image-794\" srcset=\"https:\/\/lalaboralaula.es\/MP082425\/wp-content\/uploads\/2025\/02\/videojuegos.jpg 1772w, https:\/\/lalaboralaula.es\/MP082425\/wp-content\/uploads\/2025\/02\/videojuegos-300x198.jpg 300w, https:\/\/lalaboralaula.es\/MP082425\/wp-content\/uploads\/2025\/02\/videojuegos-1024x677.jpg 1024w, https:\/\/lalaboralaula.es\/MP082425\/wp-content\/uploads\/2025\/02\/videojuegos-768x508.jpg 768w, https:\/\/lalaboralaula.es\/MP082425\/wp-content\/uploads\/2025\/02\/videojuegos-1536x1016.jpg 1536w, https:\/\/lalaboralaula.es\/MP082425\/wp-content\/uploads\/2025\/02\/videojuegos-416x275.jpg 416w\" sizes=\"auto, (max-width: 1772px) 100vw, 1772px\" \/><\/figure>\n<\/div>\n<\/div>\n\n\n\n<div style=\"height:calc( 0.25 * var(--wp--style--root--padding-right, var(--wp--custom--gap--horizontal)))\" aria-hidden=\"true\" class=\"wp-block-spacer\"><\/div>\n<\/div><\/div>\n\n\n\n<div class=\"wp-block-group alignfull is-content-justification-center\" style=\"margin-top:0;margin-bottom:0;padding-top:calc( 0.5 * var(--wp--style--root--padding-right, var(--wp--custom--gap--horizontal)));padding-right:var(--wp--style--root--padding-right, var(--wp--custom--gap--horizontal));padding-bottom:calc( 0.5 * var(--wp--style--root--padding-right, var(--wp--custom--gap--horizontal)));padding-left:var(--wp--style--root--padding-left, var(--wp--custom--gap--horizontal))\"><div class=\"wp-block-group__inner-container is-layout-constrained wp-container-core-group-is-layout-df757ecc wp-block-group-is-layout-constrained\">\n<div style=\"height:calc( 0.25 * var(--wp--style--root--padding-right, var(--wp--custom--gap--horizontal)))\" aria-hidden=\"true\" class=\"wp-block-spacer\"><\/div>\n\n\n\n<div class=\"wp-block-columns alignwide are-vertically-aligned-center is-layout-flex wp-container-core-columns-is-layout-7fc3d43a wp-block-columns-is-layout-flex\">\n<div class=\"wp-block-column is-vertically-aligned-center is-layout-flow wp-block-column-is-layout-flow\">\n<figure class=\"wp-block-image size-full\"><img loading=\"lazy\" decoding=\"async\" width=\"2000\" height=\"2000\" src=\"https:\/\/lalaboralaula.es\/MP082425\/wp-content\/uploads\/2025\/02\/Trabajador-TecnoGear.jpg\" alt=\"\" class=\"wp-image-795\" style=\"aspect-ratio:1;object-fit:cover\" srcset=\"https:\/\/lalaboralaula.es\/MP082425\/wp-content\/uploads\/2025\/02\/Trabajador-TecnoGear.jpg 2000w, https:\/\/lalaboralaula.es\/MP082425\/wp-content\/uploads\/2025\/02\/Trabajador-TecnoGear-300x300.jpg 300w, https:\/\/lalaboralaula.es\/MP082425\/wp-content\/uploads\/2025\/02\/Trabajador-TecnoGear-1024x1024.jpg 1024w, https:\/\/lalaboralaula.es\/MP082425\/wp-content\/uploads\/2025\/02\/Trabajador-TecnoGear-150x150.jpg 150w, https:\/\/lalaboralaula.es\/MP082425\/wp-content\/uploads\/2025\/02\/Trabajador-TecnoGear-768x768.jpg 768w, https:\/\/lalaboralaula.es\/MP082425\/wp-content\/uploads\/2025\/02\/Trabajador-TecnoGear-1536x1536.jpg 1536w, https:\/\/lalaboralaula.es\/MP082425\/wp-content\/uploads\/2025\/02\/Trabajador-TecnoGear-324x324.jpg 324w, https:\/\/lalaboralaula.es\/MP082425\/wp-content\/uploads\/2025\/02\/Trabajador-TecnoGear-416x416.jpg 416w, https:\/\/lalaboralaula.es\/MP082425\/wp-content\/uploads\/2025\/02\/Trabajador-TecnoGear-100x100.jpg 100w\" sizes=\"auto, (max-width: 2000px) 100vw, 2000px\" \/><\/figure>\n<\/div>\n\n\n\n<div class=\"wp-block-column is-vertically-aligned-center is-layout-flow wp-block-column-is-layout-flow\">\n<h2 class=\"wp-block-heading alignwide\"><strong>\ud83c\udfaf \u00bfA qui\u00e9n buscamos?<\/strong><\/h2>\n\n\n\n<p>Si eres una persona proactiva, te encanta la tecnolog\u00eda y quieres formar parte de una empresa en crecimiento, revisa nuestras vacantes y encuentra la que mejor se adapte a ti. Buscamos perfiles en \u00e1reas como:<\/p>\n\n\n\n<p>\ud83d\udce6 Log\u00edstica y almac\u00e9n<br>\ud83c\udfa7 Atenci\u00f3n al cliente y soporte t\u00e9cnico<br>\ud83d\uded2 E-commerce y ventas<br>\ud83c\udfa8 Marketing digital y contenido<br>\ud83d\udcbb Desarrollo y tecnolog\u00eda<\/p>\n<\/div>\n<\/div>\n\n\n\n<div style=\"height:calc( 0.25 * var(--wp--style--root--padding-right, var(--wp--custom--gap--horizontal)))\" aria-hidden=\"true\" class=\"wp-block-spacer\"><\/div>\n<\/div><\/div>\n\n\n\n<div class=\"wp-block-group alignfull is-content-justification-center\" style=\"margin-top:0;margin-bottom:0;padding-top:calc( 0.5 * var(--wp--style--root--padding-right, var(--wp--custom--gap--horizontal)));padding-right:var(--wp--style--root--padding-right, var(--wp--custom--gap--horizontal));padding-bottom:calc( 0.5 * var(--wp--style--root--padding-right, var(--wp--custom--gap--horizontal)));padding-left:var(--wp--style--root--padding-left, var(--wp--custom--gap--horizontal))\"><div class=\"wp-block-group__inner-container is-layout-constrained wp-container-core-group-is-layout-df757ecc wp-block-group-is-layout-constrained\">\n<div style=\"height:calc( 0.25 * var(--wp--style--root--padding-right, var(--wp--custom--gap--horizontal)))\" aria-hidden=\"true\" class=\"wp-block-spacer\"><\/div>\n\n\n\n<div class=\"wp-block-columns alignwide is-layout-flex wp-container-core-columns-is-layout-28f84493 wp-block-columns-is-layout-flex\">\n<div class=\"wp-block-column is-vertically-aligned-center is-layout-flow wp-block-column-is-layout-flow\">\n<p class=\"has-base-color has-text-color\" style=\"margin-top:0;margin-right:0;margin-bottom:0;margin-left:0;font-size:18px\"><\/p>\n\n\n\n<h2 class=\"wp-block-heading has-text-align-center has-base-color has-text-color\" style=\"font-size:48px\"><strong>\ud83d\udd25 \u00bfPor qu\u00e9 trabajar con nosotros?<\/strong><\/h2>\n\n\n\n<p class=\"has-base-color has-text-color\" style=\"margin-top:0;margin-right:0;margin-bottom:0;margin-left:0;font-size:24px\">\u2705 <strong>Ambiente gamer y tecnol\u00f3gico:<\/strong> Si te apasionan los videojuegos, el hardware y la innovaci\u00f3n, aqu\u00ed encontrar\u00e1s un equipo que comparte tu misma pasi\u00f3n.<br>\u2705<strong> Oportunidades de crecimiento:<\/strong> Queremos que crezcas con nosotros. Apostamos por la formaci\u00f3n y el desarrollo profesional.<br>\u2705 <strong>Descuentos exclusivos: <\/strong>Trabajar aqu\u00ed tiene sus ventajas\u2026 \u00a1Descuentos en los mejores productos de gaming y electr\u00f3nica! \ud83d\udd79\ufe0f<br>\u2705 <strong>Flexibilidad y dinamismo:<\/strong> Somos una empresa en constante evoluci\u00f3n, con proyectos emocionantes y retos diarios.<\/p>\n\n\n\n<p class=\"has-base-color has-text-color\" style=\"margin-top:0;margin-right:0;margin-bottom:0;margin-left:0;font-size:24px\"><\/p>\n<\/div>\n\n\n\n<div class=\"wp-block-column is-vertically-aligned-center is-layout-flow wp-block-column-is-layout-flow\">\n<figure class=\"wp-block-image size-full\"><img loading=\"lazy\" decoding=\"async\" width=\"2000\" height=\"2000\" src=\"https:\/\/lalaboralaula.es\/MP082425\/wp-content\/uploads\/2025\/02\/Trabajadores.png\" alt=\"\" class=\"wp-image-796\" srcset=\"https:\/\/lalaboralaula.es\/MP082425\/wp-content\/uploads\/2025\/02\/Trabajadores.png 2000w, https:\/\/lalaboralaula.es\/MP082425\/wp-content\/uploads\/2025\/02\/Trabajadores-300x300.png 300w, https:\/\/lalaboralaula.es\/MP082425\/wp-content\/uploads\/2025\/02\/Trabajadores-1024x1024.png 1024w, https:\/\/lalaboralaula.es\/MP082425\/wp-content\/uploads\/2025\/02\/Trabajadores-150x150.png 150w, https:\/\/lalaboralaula.es\/MP082425\/wp-content\/uploads\/2025\/02\/Trabajadores-768x768.png 768w, https:\/\/lalaboralaula.es\/MP082425\/wp-content\/uploads\/2025\/02\/Trabajadores-1536x1536.png 1536w, https:\/\/lalaboralaula.es\/MP082425\/wp-content\/uploads\/2025\/02\/Trabajadores-324x324.png 324w, https:\/\/lalaboralaula.es\/MP082425\/wp-content\/uploads\/2025\/02\/Trabajadores-416x416.png 416w, https:\/\/lalaboralaula.es\/MP082425\/wp-content\/uploads\/2025\/02\/Trabajadores-100x100.png 100w\" sizes=\"auto, (max-width: 2000px) 100vw, 2000px\" \/><\/figure>\n<\/div>\n<\/div>\n\n\n\n<div style=\"height:calc( 0.25 * var(--wp--style--root--padding-right, var(--wp--custom--gap--horizontal)))\" aria-hidden=\"true\" class=\"wp-block-spacer\"><\/div>\n<\/div><\/div>\n\n\n\n<div class=\"wp-block-group alignfull is-content-justification-center\" style=\"margin-top:0;margin-bottom:0;padding-top:calc( 0.5 * var(--wp--style--root--padding-right, var(--wp--custom--gap--horizontal)));padding-right:var(--wp--style--root--padding-right, var(--wp--custom--gap--horizontal));padding-bottom:calc( 0.5 * var(--wp--style--root--padding-right, var(--wp--custom--gap--horizontal)));padding-left:var(--wp--style--root--padding-left, var(--wp--custom--gap--horizontal))\"><div class=\"wp-block-group__inner-container is-layout-constrained wp-container-core-group-is-layout-df757ecc wp-block-group-is-layout-constrained\">\n<div style=\"height:calc( 0.25 * var(--wp--style--root--padding-right, var(--wp--custom--gap--horizontal)))\" aria-hidden=\"true\" class=\"wp-block-spacer\"><\/div>\n\n\n\n<div class=\"wp-block-group\"><div class=\"wp-block-group__inner-container is-layout-constrained wp-container-core-group-is-layout-ffc174bf wp-block-group-is-layout-constrained\">\n<h2 class=\"wp-block-heading alignwide has-text-align-center has-xx-large-font-size\"><strong>\ud83d\ude80 \u00a1Forma parte de nuestra familia tech!<\/strong><\/h2>\n\n\n\n<p class=\"has-text-align-center\">Si quieres sumarte a nuestro equipo, consulta nuestras ofertas de empleo o env\u00edanos tu CV al correo electr\u00f3nico <strong>tecnogear2003@gmail.com<\/strong>. Tambi\u00e9n puedes seguirnos en nuestras redes sociales para estar al tanto de nuevas oportunidades.<\/p>\n\n\n\n<p class=\"has-text-align-center\">\ud83d\udce9 \u00bfListo para dar el salto? \u00a1Te estamos esperando!<\/p>\n\n\n\n<div class=\"wp-block-buttons is-content-justification-center is-layout-flex wp-container-core-buttons-is-layout-a89b3969 wp-block-buttons-is-layout-flex\"><\/div>\n<\/div><\/div>\n\n\n\n<div style=\"height:var(--wp--preset--spacing--30)\" aria-hidden=\"true\" class=\"wp-block-spacer\"><\/div>\n\n\n\n<figure class=\"wp-block-image alignwide size-full\"><img loading=\"lazy\" decoding=\"async\" width=\"697\" height=\"584\" src=\"https:\/\/lalaboralaula.es\/MP082425\/wp-content\/uploads\/2025\/02\/Captura.png\" alt=\"\" class=\"wp-image-798\" srcset=\"https:\/\/lalaboralaula.es\/MP082425\/wp-content\/uploads\/2025\/02\/Captura.png 697w, https:\/\/lalaboralaula.es\/MP082425\/wp-content\/uploads\/2025\/02\/Captura-300x251.png 300w, https:\/\/lalaboralaula.es\/MP082425\/wp-content\/uploads\/2025\/02\/Captura-416x349.png 416w\" sizes=\"auto, (max-width: 697px) 100vw, 697px\" \/><\/figure>\n\n\n\n<div style=\"height:calc( 0.25 * var(--wp--style--root--padding-right, var(--wp--custom--gap--horizontal)))\" aria-hidden=\"true\" class=\"wp-block-spacer\"><\/div>\n<\/div><\/div>\n","protected":false},"excerpt":{"rendered":"<p>\ud83c\udfae\ud83d\udcbb \u00a1\u00danete a Nuestro Equipo! En TecnoGear, vivimos y respiramos tecnolog\u00eda. Desde lo \u00faltimo en hardware hasta los gadgets m\u00e1s innovadores, nos apasiona el mundo del gaming y la electr\u00f3nica. Pero nada de esto ser\u00eda posible sin un equipo de personas apasionadas, creativas y con ganas de crecer. Si buscas un lugar donde tu talento [&hellip;]<\/p>\n","protected":false},"author":1,"featured_media":0,"parent":0,"menu_order":0,"comment_status":"closed","ping_status":"closed","template":"","meta":{"footnotes":""},"class_list":["post-792","page","type-page","status-publish","hentry"],"yoast_head":"<!-- This site is optimized with the Yoast SEO plugin v27.5 - https:\/\/yoast.com\/product\/yoast-seo-wordpress\/ -->\n<title>Trabaja con nosotros - TecnoGear<\/title>\n<meta name=\"description\" content=\"\u00danete a nuestro equipo y trabaja rodeado de tecnolog\u00eda. Descubre nuestras ofertas de empleo y forma parte de una empresa innovadora.\" \/>\n<meta name=\"robots\" content=\"index, follow, max-snippet:-1, max-image-preview:large, max-video-preview:-1\" \/>\n<link rel=\"canonical\" href=\"https:\/\/lalaboralaula.es\/MP082425\/index.php\/trabaja-con-nosotros\/\" \/>\n<meta property=\"og:locale\" content=\"es_ES\" \/>\n<meta property=\"og:type\" content=\"article\" \/>\n<meta property=\"og:title\" content=\"Trabaja con nosotros - TecnoGear\" \/>\n<meta property=\"og:description\" content=\"\u00danete a nuestro equipo y trabaja rodeado de tecnolog\u00eda. Descubre nuestras ofertas de empleo y forma parte de una empresa innovadora.\" \/>\n<meta property=\"og:url\" content=\"https:\/\/lalaboralaula.es\/MP082425\/index.php\/trabaja-con-nosotros\/\" \/>\n<meta property=\"og:site_name\" content=\"TecnoGear\" \/>\n<meta property=\"article:modified_time\" content=\"2025-04-12T02:23:52+00:00\" \/>\n<meta property=\"og:image\" content=\"https:\/\/lalaboralaula.es\/MP082425\/wp-content\/uploads\/2025\/02\/videojuegos.jpg\" \/>\n\t<meta property=\"og:image:width\" content=\"1772\" \/>\n\t<meta property=\"og:image:height\" content=\"1172\" \/>\n\t<meta property=\"og:image:type\" content=\"image\/jpeg\" \/>\n<meta name=\"twitter:card\" content=\"summary_large_image\" \/>\n<meta name=\"twitter:site\" content=\"@gear_tecno42850\" \/>\n<meta name=\"twitter:label1\" content=\"Tiempo de lectura\" \/>\n\t<meta name=\"twitter:data1\" content=\"3 minutos\" \/>\n<script type=\"application\/ld+json\" class=\"yoast-schema-graph\">{\"@context\":\"https:\\\/\\\/schema.org\",\"@graph\":[{\"@type\":\"WebPage\",\"@id\":\"https:\\\/\\\/lalaboralaula.es\\\/MP082425\\\/index.php\\\/trabaja-con-nosotros\\\/\",\"url\":\"https:\\\/\\\/lalaboralaula.es\\\/MP082425\\\/index.php\\\/trabaja-con-nosotros\\\/\",\"name\":\"Trabaja con nosotros - TecnoGear\",\"isPartOf\":{\"@id\":\"https:\\\/\\\/lalaboralaula.es\\\/MP082425\\\/#website\"},\"primaryImageOfPage\":{\"@id\":\"https:\\\/\\\/lalaboralaula.es\\\/MP082425\\\/index.php\\\/trabaja-con-nosotros\\\/#primaryimage\"},\"image\":{\"@id\":\"https:\\\/\\\/lalaboralaula.es\\\/MP082425\\\/index.php\\\/trabaja-con-nosotros\\\/#primaryimage\"},\"thumbnailUrl\":\"https:\\\/\\\/lalaboralaula.es\\\/MP082425\\\/wp-content\\\/uploads\\\/2025\\\/02\\\/videojuegos.jpg\",\"datePublished\":\"2025-02-08T03:22:27+00:00\",\"dateModified\":\"2025-04-12T02:23:52+00:00\",\"description\":\"\u00danete a nuestro equipo y trabaja rodeado de tecnolog\u00eda. Descubre nuestras ofertas de empleo y forma parte de una empresa innovadora.\",\"breadcrumb\":{\"@id\":\"https:\\\/\\\/lalaboralaula.es\\\/MP082425\\\/index.php\\\/trabaja-con-nosotros\\\/#breadcrumb\"},\"inLanguage\":\"es\",\"potentialAction\":[{\"@type\":\"ReadAction\",\"target\":[\"https:\\\/\\\/lalaboralaula.es\\\/MP082425\\\/index.php\\\/trabaja-con-nosotros\\\/\"]}]},{\"@type\":\"ImageObject\",\"inLanguage\":\"es\",\"@id\":\"https:\\\/\\\/lalaboralaula.es\\\/MP082425\\\/index.php\\\/trabaja-con-nosotros\\\/#primaryimage\",\"url\":\"https:\\\/\\\/lalaboralaula.es\\\/MP082425\\\/wp-content\\\/uploads\\\/2025\\\/02\\\/videojuegos.jpg\",\"contentUrl\":\"https:\\\/\\\/lalaboralaula.es\\\/MP082425\\\/wp-content\\\/uploads\\\/2025\\\/02\\\/videojuegos.jpg\",\"width\":1772,\"height\":1172,\"caption\":\"Imagen en donde aparecen unos j\u00f3venes jugando al ordenador\"},{\"@type\":\"BreadcrumbList\",\"@id\":\"https:\\\/\\\/lalaboralaula.es\\\/MP082425\\\/index.php\\\/trabaja-con-nosotros\\\/#breadcrumb\",\"itemListElement\":[{\"@type\":\"ListItem\",\"position\":1,\"name\":\"Portada\",\"item\":\"https:\\\/\\\/lalaboralaula.es\\\/MP082425\\\/\"},{\"@type\":\"ListItem\",\"position\":2,\"name\":\"Trabaja con nosotros\"}]},{\"@type\":\"WebSite\",\"@id\":\"https:\\\/\\\/lalaboralaula.es\\\/MP082425\\\/#website\",\"url\":\"https:\\\/\\\/lalaboralaula.es\\\/MP082425\\\/\",\"name\":\"TecnoGear\",\"description\":\"Tu tienda de electr\u00f3nica de confianza\",\"publisher\":{\"@id\":\"https:\\\/\\\/lalaboralaula.es\\\/MP082425\\\/#organization\"},\"potentialAction\":[{\"@type\":\"SearchAction\",\"target\":{\"@type\":\"EntryPoint\",\"urlTemplate\":\"https:\\\/\\\/lalaboralaula.es\\\/MP082425\\\/?s={search_term_string}\"},\"query-input\":{\"@type\":\"PropertyValueSpecification\",\"valueRequired\":true,\"valueName\":\"search_term_string\"}}],\"inLanguage\":\"es\"},{\"@type\":\"Organization\",\"@id\":\"https:\\\/\\\/lalaboralaula.es\\\/MP082425\\\/#organization\",\"name\":\"TecnoGear\",\"url\":\"https:\\\/\\\/lalaboralaula.es\\\/MP082425\\\/\",\"logo\":{\"@type\":\"ImageObject\",\"inLanguage\":\"es\",\"@id\":\"https:\\\/\\\/lalaboralaula.es\\\/MP082425\\\/#\\\/schema\\\/logo\\\/image\\\/\",\"url\":\"https:\\\/\\\/lalaboralaula.es\\\/MP082425\\\/wp-content\\\/uploads\\\/2024\\\/12\\\/Logotipo-TecnoGear-en-pequeno-1.png\",\"contentUrl\":\"https:\\\/\\\/lalaboralaula.es\\\/MP082425\\\/wp-content\\\/uploads\\\/2024\\\/12\\\/Logotipo-TecnoGear-en-pequeno-1.png\",\"width\":127,\"height\":75,\"caption\":\"TecnoGear\"},\"image\":{\"@id\":\"https:\\\/\\\/lalaboralaula.es\\\/MP082425\\\/#\\\/schema\\\/logo\\\/image\\\/\"},\"sameAs\":[\"https:\\\/\\\/x.com\\\/gear_tecno42850\",\"https:\\\/\\\/www.instagram.com\\\/tecnogear2003\\\/\"]}]}<\/script>\n<!-- \/ Yoast SEO plugin. -->","yoast_head_json":{"title":"Trabaja con nosotros - TecnoGear","description":"\u00danete a nuestro equipo y trabaja rodeado de tecnolog\u00eda. Descubre nuestras ofertas de empleo y forma parte de una empresa innovadora.","robots":{"index":"index","follow":"follow","max-snippet":"max-snippet:-1","max-image-preview":"max-image-preview:large","max-video-preview":"max-video-preview:-1"},"canonical":"https:\/\/lalaboralaula.es\/MP082425\/index.php\/trabaja-con-nosotros\/","og_locale":"es_ES","og_type":"article","og_title":"Trabaja con nosotros - TecnoGear","og_description":"\u00danete a nuestro equipo y trabaja rodeado de tecnolog\u00eda. Descubre nuestras ofertas de empleo y forma parte de una empresa innovadora.","og_url":"https:\/\/lalaboralaula.es\/MP082425\/index.php\/trabaja-con-nosotros\/","og_site_name":"TecnoGear","article_modified_time":"2025-04-12T02:23:52+00:00","og_image":[{"width":1772,"height":1172,"url":"https:\/\/lalaboralaula.es\/MP082425\/wp-content\/uploads\/2025\/02\/videojuegos.jpg","type":"image\/jpeg"}],"twitter_card":"summary_large_image","twitter_site":"@gear_tecno42850","twitter_misc":{"Tiempo de lectura":"3 minutos"},"schema":{"@context":"https:\/\/schema.org","@graph":[{"@type":"WebPage","@id":"https:\/\/lalaboralaula.es\/MP082425\/index.php\/trabaja-con-nosotros\/","url":"https:\/\/lalaboralaula.es\/MP082425\/index.php\/trabaja-con-nosotros\/","name":"Trabaja con nosotros - TecnoGear","isPartOf":{"@id":"https:\/\/lalaboralaula.es\/MP082425\/#website"},"primaryImageOfPage":{"@id":"https:\/\/lalaboralaula.es\/MP082425\/index.php\/trabaja-con-nosotros\/#primaryimage"},"image":{"@id":"https:\/\/lalaboralaula.es\/MP082425\/index.php\/trabaja-con-nosotros\/#primaryimage"},"thumbnailUrl":"https:\/\/lalaboralaula.es\/MP082425\/wp-content\/uploads\/2025\/02\/videojuegos.jpg","datePublished":"2025-02-08T03:22:27+00:00","dateModified":"2025-04-12T02:23:52+00:00","description":"\u00danete a nuestro equipo y trabaja rodeado de tecnolog\u00eda. Descubre nuestras ofertas de empleo y forma parte de una empresa innovadora.","breadcrumb":{"@id":"https:\/\/lalaboralaula.es\/MP082425\/index.php\/trabaja-con-nosotros\/#breadcrumb"},"inLanguage":"es","potentialAction":[{"@type":"ReadAction","target":["https:\/\/lalaboralaula.es\/MP082425\/index.php\/trabaja-con-nosotros\/"]}]},{"@type":"ImageObject","inLanguage":"es","@id":"https:\/\/lalaboralaula.es\/MP082425\/index.php\/trabaja-con-nosotros\/#primaryimage","url":"https:\/\/lalaboralaula.es\/MP082425\/wp-content\/uploads\/2025\/02\/videojuegos.jpg","contentUrl":"https:\/\/lalaboralaula.es\/MP082425\/wp-content\/uploads\/2025\/02\/videojuegos.jpg","width":1772,"height":1172,"caption":"Imagen en donde aparecen unos j\u00f3venes jugando al ordenador"},{"@type":"BreadcrumbList","@id":"https:\/\/lalaboralaula.es\/MP082425\/index.php\/trabaja-con-nosotros\/#breadcrumb","itemListElement":[{"@type":"ListItem","position":1,"name":"Portada","item":"https:\/\/lalaboralaula.es\/MP082425\/"},{"@type":"ListItem","position":2,"name":"Trabaja con nosotros"}]},{"@type":"WebSite","@id":"https:\/\/lalaboralaula.es\/MP082425\/#website","url":"https:\/\/lalaboralaula.es\/MP082425\/","name":"TecnoGear","description":"Tu tienda de electr\u00f3nica de confianza","publisher":{"@id":"https:\/\/lalaboralaula.es\/MP082425\/#organization"},"potentialAction":[{"@type":"SearchAction","target":{"@type":"EntryPoint","urlTemplate":"https:\/\/lalaboralaula.es\/MP082425\/?s={search_term_string}"},"query-input":{"@type":"PropertyValueSpecification","valueRequired":true,"valueName":"search_term_string"}}],"inLanguage":"es"},{"@type":"Organization","@id":"https:\/\/lalaboralaula.es\/MP082425\/#organization","name":"TecnoGear","url":"https:\/\/lalaboralaula.es\/MP082425\/","logo":{"@type":"ImageObject","inLanguage":"es","@id":"https:\/\/lalaboralaula.es\/MP082425\/#\/schema\/logo\/image\/","url":"https:\/\/lalaboralaula.es\/MP082425\/wp-content\/uploads\/2024\/12\/Logotipo-TecnoGear-en-pequeno-1.png","contentUrl":"https:\/\/lalaboralaula.es\/MP082425\/wp-content\/uploads\/2024\/12\/Logotipo-TecnoGear-en-pequeno-1.png","width":127,"height":75,"caption":"TecnoGear"},"image":{"@id":"https:\/\/lalaboralaula.es\/MP082425\/#\/schema\/logo\/image\/"},"sameAs":["https:\/\/x.com\/gear_tecno42850","https:\/\/www.instagram.com\/tecnogear2003\/"]}]}},"_links":{"self":[{"href":"https:\/\/lalaboralaula.es\/MP082425\/index.php\/wp-json\/wp\/v2\/pages\/792","targetHints":{"allow":["GET"]}}],"collection":[{"href":"https:\/\/lalaboralaula.es\/MP082425\/index.php\/wp-json\/wp\/v2\/pages"}],"about":[{"href":"https:\/\/lalaboralaula.es\/MP082425\/index.php\/wp-json\/wp\/v2\/types\/page"}],"author":[{"embeddable":true,"href":"https:\/\/lalaboralaula.es\/MP082425\/index.php\/wp-json\/wp\/v2\/users\/1"}],"replies":[{"embeddable":true,"href":"https:\/\/lalaboralaula.es\/MP082425\/index.php\/wp-json\/wp\/v2\/comments?post=792"}],"version-history":[{"count":7,"href":"https:\/\/lalaboralaula.es\/MP082425\/index.php\/wp-json\/wp\/v2\/pages\/792\/revisions"}],"predecessor-version":[{"id":1248,"href":"https:\/\/lalaboralaula.es\/MP082425\/index.php\/wp-json\/wp\/v2\/pages\/792\/revisions\/1248"}],"wp:attachment":[{"href":"https:\/\/lalaboralaula.es\/MP082425\/index.php\/wp-json\/wp\/v2\/media?parent=792"}],"curies":[{"name":"wp","href":"https:\/\/api.w.org\/{rel}","templated":true}]}}