{"id":75,"date":"2024-12-12T19:20:49","date_gmt":"2024-12-12T18:20:49","guid":{"rendered":"https:\/\/lalaboralaula.es\/MP082425\/?page_id=75"},"modified":"2025-01-30T19:15:54","modified_gmt":"2025-01-30T18:15:54","slug":"condiciones-de-uso-y-servicio","status":"publish","type":"page","link":"https:\/\/lalaboralaula.es\/MP082425\/index.php\/condiciones-de-uso-y-servicio\/","title":{"rendered":"Condiciones de uso y servicio"},"content":{"rendered":"\n<p>El presente documento establece las condiciones de uso y servicio del sitio web de <a href=\"https:\/\/lalaboralaula.es\/MP082425\/?customize_changeset_uuid=10f0af34-190d-4e67-9334-6cac16fd9c52&amp;customize_autosaved=on\">TecnoGear<\/a>. Al acceder y utilizar esta web, el usuario acepta cumplir con estas condiciones.<\/p>\n\n\n\n<div class=\"wp-block-group alignfull is-content-justification-center\" style=\"margin-top:0;margin-bottom:0;padding-top:calc( 0.5 * var(--wp--style--root--padding-right, var(--wp--custom--gap--horizontal)));padding-right:var(--wp--style--root--padding-right, var(--wp--custom--gap--horizontal));padding-bottom:calc( 0.5 * var(--wp--style--root--padding-right, var(--wp--custom--gap--horizontal)));padding-left:var(--wp--style--root--padding-left, var(--wp--custom--gap--horizontal))\"><div class=\"wp-block-group__inner-container is-layout-constrained wp-container-core-group-is-layout-df757ecc wp-block-group-is-layout-constrained\">\n<div style=\"height:calc( 0.25 * var(--wp--style--root--padding-right, var(--wp--custom--gap--horizontal)))\" aria-hidden=\"true\" class=\"wp-block-spacer\"><\/div>\n\n\n\n<div class=\"wp-block-group alignwide\"><div class=\"wp-block-group__inner-container is-layout-constrained wp-block-group-is-layout-constrained\">\n<h2 class=\"wp-block-heading alignfull has-text-align-left\" style=\"font-style:normal;font-weight:100\"><\/h2>\n<\/div><\/div>\n\n\n\n<div style=\"height:var(--wp--preset--spacing--20)\" aria-hidden=\"true\" class=\"wp-block-spacer\"><\/div>\n\n\n\n<div class=\"wp-block-columns alignwide is-layout-flex wp-container-core-columns-is-layout-d0846407 wp-block-columns-is-layout-flex\">\n<div class=\"wp-block-column is-layout-flow wp-block-column-is-layout-flow\">\n<div style=\"height:4px\" aria-hidden=\"true\" class=\"wp-block-spacer\"><\/div>\n\n\n\n<div class=\"wp-block-group\"><div class=\"wp-block-group__inner-container is-layout-flow wp-block-group-is-layout-flow\">\n<h3 class=\"wp-block-heading is-service-name has-medium-font-size\" style=\"font-style:normal;font-weight:700\">Uso del sitio web<\/h3>\n<\/div><\/div>\n\n\n\n<p class=\"is-service-description\">El usuario se compromete a hacer un uso adecuado del sitio y sus contenidos, absteni\u00e9ndose de actividades il\u00edcitas, fraudulentas o que puedan da\u00f1ar la imagen de TecnoGear.<\/p>\n<\/div>\n\n\n\n<div class=\"wp-block-column is-layout-flow wp-block-column-is-layout-flow\">\n<figure class=\"wp-block-image size-full\"><img loading=\"lazy\" decoding=\"async\" width=\"1024\" height=\"1024\" src=\"https:\/\/lalaboralaula.es\/MP082425\/wp-content\/uploads\/2025\/01\/terminos.webp\" alt=\"\" class=\"wp-image-575\" style=\"aspect-ratio:4\/3;object-fit:cover\" srcset=\"https:\/\/lalaboralaula.es\/MP082425\/wp-content\/uploads\/2025\/01\/terminos.webp 1024w, https:\/\/lalaboralaula.es\/MP082425\/wp-content\/uploads\/2025\/01\/terminos-300x300.webp 300w, https:\/\/lalaboralaula.es\/MP082425\/wp-content\/uploads\/2025\/01\/terminos-150x150.webp 150w, https:\/\/lalaboralaula.es\/MP082425\/wp-content\/uploads\/2025\/01\/terminos-768x768.webp 768w, https:\/\/lalaboralaula.es\/MP082425\/wp-content\/uploads\/2025\/01\/terminos-324x324.webp 324w, https:\/\/lalaboralaula.es\/MP082425\/wp-content\/uploads\/2025\/01\/terminos-416x416.webp 416w, https:\/\/lalaboralaula.es\/MP082425\/wp-content\/uploads\/2025\/01\/terminos-100x100.webp 100w\" sizes=\"auto, (max-width: 1024px) 100vw, 1024px\" \/><\/figure>\n\n\n\n<div style=\"height:4px\" aria-hidden=\"true\" class=\"wp-block-spacer\"><\/div>\n\n\n\n<div class=\"wp-block-group\"><div class=\"wp-block-group__inner-container is-layout-flow wp-block-group-is-layout-flow\">\n<h3 class=\"wp-block-heading is-service-name has-medium-font-size\" style=\"font-style:normal;font-weight:700\">Registro y cuenta de usuario<\/h3>\n<\/div><\/div>\n\n\n\n<p class=\"is-service-description\">Para acceder a ciertos servicios, puede ser necesario registrarse. El usuario es responsable de la veracidad de los datos proporcionados y de la confidencialidad de su cuenta.<\/p>\n<\/div>\n\n\n\n<div class=\"wp-block-column is-layout-flow wp-block-column-is-layout-flow\">\n<div style=\"height:4px\" aria-hidden=\"true\" class=\"wp-block-spacer\"><\/div>\n\n\n\n<div class=\"wp-block-group\"><div class=\"wp-block-group__inner-container is-layout-flow wp-block-group-is-layout-flow\">\n<h3 class=\"wp-block-heading is-service-name has-medium-font-size\" style=\"font-style:normal;font-weight:700\">Compras y pagos<\/h3>\n<\/div><\/div>\n\n\n\n<p class=\"is-service-description\">Las compras realizadas en TecnoGear est\u00e1n sujetas a disponibilidad de stock y a las condiciones especificadas en cada producto. Los m\u00e9todos de pago disponibles ser\u00e1n los indicados en el proceso de compra.<\/p>\n<\/div>\n<\/div>\n<\/div><\/div>\n\n\n\n<p><\/p>\n\n\n\n<div class=\"wp-block-group alignfull is-content-justification-center\" style=\"margin-top:0;margin-bottom:0;padding-top:calc( 0.5 * var(--wp--style--root--padding-right, var(--wp--custom--gap--horizontal)));padding-right:var(--wp--style--root--padding-right, var(--wp--custom--gap--horizontal));padding-bottom:calc( 0.5 * var(--wp--style--root--padding-right, var(--wp--custom--gap--horizontal)));padding-left:var(--wp--style--root--padding-left, var(--wp--custom--gap--horizontal))\"><div class=\"wp-block-group__inner-container is-layout-constrained wp-container-core-group-is-layout-df757ecc wp-block-group-is-layout-constrained\">\n<div style=\"height:calc( 0.25 * var(--wp--style--root--padding-right, var(--wp--custom--gap--horizontal)))\" aria-hidden=\"true\" class=\"wp-block-spacer\"><\/div>\n\n\n\n<div class=\"wp-block-columns alignwide is-layout-flex wp-container-core-columns-is-layout-5b525043 wp-block-columns-is-layout-flex\">\n<div class=\"wp-block-column is-layout-flow wp-block-column-is-layout-flow\">\n<div style=\"height:4px\" aria-hidden=\"true\" class=\"wp-block-spacer\"><\/div>\n\n\n\n<div class=\"wp-block-group\"><div class=\"wp-block-group__inner-container is-layout-flow wp-block-group-is-layout-flow\">\n<h3 class=\"wp-block-heading has-text-align-center\"><strong>Intercambio y reciclaje<\/strong><\/h3>\n<\/div><\/div>\n\n\n\n<p>Actualiza a la \u00faltima tecnolog\u00eda mientras eres consciente del medio ambiente con nuestros programas de intercambio y reciclaje. Intercambia tus viejos dispositivos por cr\u00e9dito para nuevas compras o rec\u00edclalos de manera responsable.<\/p>\n\n\n\n<div style=\"height:8px\" aria-hidden=\"true\" class=\"wp-block-spacer\"><\/div>\n<\/div>\n\n\n\n<div class=\"wp-block-column is-layout-flow wp-block-column-is-layout-flow\">\n<div style=\"height:4px\" aria-hidden=\"true\" class=\"wp-block-spacer\"><\/div>\n\n\n\n<div class=\"wp-block-group\"><div class=\"wp-block-group__inner-container is-layout-flow wp-block-group-is-layout-flow\">\n<h3 class=\"wp-block-heading has-text-align-center\"><strong>Garant\u00eda extendida<\/strong><\/h3>\n<\/div><\/div>\n\n\n\n<p>Protege tu inversi\u00f3n con nuestra garant\u00eda extendida y planes de protecci\u00f3n. Obt\u00e9n tranquilidad sabiendo que tus dispositivos electr\u00f3nicos est\u00e1n cubiertos contra da\u00f1os y defectos inesperados.<\/p>\n\n\n\n<div style=\"height:8px\" aria-hidden=\"true\" class=\"wp-block-spacer\"><\/div>\n<\/div>\n<\/div>\n\n\n\n<div style=\"height:calc( 0.25 * var(--wp--style--root--padding-right, var(--wp--custom--gap--horizontal)))\" aria-hidden=\"true\" class=\"wp-block-spacer\"><\/div>\n<\/div><\/div>\n\n\n\n<div class=\"wp-block-group alignfull is-content-justification-center\" style=\"margin-top:0;margin-bottom:0;padding-top:calc( 0.5 * var(--wp--style--root--padding-right, var(--wp--custom--gap--horizontal)));padding-right:var(--wp--style--root--padding-right, var(--wp--custom--gap--horizontal));padding-bottom:calc( 0.5 * var(--wp--style--root--padding-right, var(--wp--custom--gap--horizontal)));padding-left:var(--wp--style--root--padding-left, var(--wp--custom--gap--horizontal))\"><div class=\"wp-block-group__inner-container is-layout-constrained wp-container-core-group-is-layout-df757ecc wp-block-group-is-layout-constrained\">\n<div style=\"height:calc( 0.25 * var(--wp--style--root--padding-right, var(--wp--custom--gap--horizontal)))\" aria-hidden=\"true\" class=\"wp-block-spacer\"><\/div>\n\n\n\n<div class=\"wp-block-columns alignwide is-layout-flex wp-container-core-columns-is-layout-549b0c86 wp-block-columns-is-layout-flex\">\n<div class=\"wp-block-column is-layout-flow wp-block-column-is-layout-flow\">\n<h3 class=\"wp-block-heading has-text-align-center has-medium-font-size\" style=\"font-style:normal;font-weight:700\">Modificaciones de las condiciones<\/h3>\n\n\n\n<p>TecnoGear se reserva el derecho de modificar estas condiciones en cualquier momento. Los cambios ser\u00e1n publicados en el sitio web y aplicables desde su publicaci\u00f3n.<\/p>\n\n\n\n<p><\/p>\n<\/div>\n\n\n\n<div class=\"wp-block-column is-layout-flow wp-block-column-is-layout-flow\">\n<h3 class=\"wp-block-heading has-text-align-center has-medium-font-size\" style=\"font-style:normal;font-weight:700\">Legislaci\u00f3n aplicable<\/h3>\n\n\n\n<p>Estas condiciones se rigen por la legislaci\u00f3n vigente en Espa\u00f1a y cualquier disputa ser\u00e1 sometida a los tribunales competentes de <a href=\"https:\/\/www.mjusticia.gob.es\/BUSCADIR\/ServletControlador?apartado=buscadorMunicipioDesdeListado&amp;municipio=33024\">Gij\u00f3n<\/a>.<\/p>\n\n\n\n<p><\/p>\n<\/div>\n<\/div>\n\n\n\n<div style=\"height:calc( 0.25 * var(--wp--style--root--padding-right, var(--wp--custom--gap--horizontal)))\" aria-hidden=\"true\" class=\"wp-block-spacer\"><\/div>\n<\/div><\/div>\n\n\n\n<div class=\"wp-block-group alignfull is-content-justification-center\" style=\"margin-top:0;margin-bottom:0;padding-top:calc( 0.5 * var(--wp--style--root--padding-right, var(--wp--custom--gap--horizontal)));padding-right:var(--wp--style--root--padding-right, var(--wp--custom--gap--horizontal));padding-bottom:calc( 0.5 * var(--wp--style--root--padding-right, var(--wp--custom--gap--horizontal)));padding-left:var(--wp--style--root--padding-left, var(--wp--custom--gap--horizontal))\"><div class=\"wp-block-group__inner-container is-layout-constrained wp-container-core-group-is-layout-df757ecc wp-block-group-is-layout-constrained\">\n<div style=\"height:calc( 0.25 * var(--wp--style--root--padding-right, var(--wp--custom--gap--horizontal)))\" aria-hidden=\"true\" class=\"wp-block-spacer\"><\/div>\n\n\n\n<div class=\"wp-block-columns alignwide are-vertically-aligned-center is-layout-flex wp-container-core-columns-is-layout-7fc3d43a wp-block-columns-is-layout-flex\">\n<div class=\"wp-block-column is-vertically-aligned-center is-layout-flow wp-block-column-is-layout-flow\">\n<figure class=\"wp-block-image size-full is-resized\"><img loading=\"lazy\" decoding=\"async\" width=\"1169\" height=\"1920\" src=\"https:\/\/lalaboralaula.es\/MP082425\/wp-content\/uploads\/2025\/01\/businessman-cartoon-character-set-handsome-business-man-in-office-style-smart-suit-png.webp\" alt=\"\" class=\"wp-image-668\" style=\"object-fit:cover;width:382px;height:auto\" srcset=\"https:\/\/lalaboralaula.es\/MP082425\/wp-content\/uploads\/2025\/01\/businessman-cartoon-character-set-handsome-business-man-in-office-style-smart-suit-png.webp 1169w, https:\/\/lalaboralaula.es\/MP082425\/wp-content\/uploads\/2025\/01\/businessman-cartoon-character-set-handsome-business-man-in-office-style-smart-suit-png-183x300.webp 183w, https:\/\/lalaboralaula.es\/MP082425\/wp-content\/uploads\/2025\/01\/businessman-cartoon-character-set-handsome-business-man-in-office-style-smart-suit-png-623x1024.webp 623w, https:\/\/lalaboralaula.es\/MP082425\/wp-content\/uploads\/2025\/01\/businessman-cartoon-character-set-handsome-business-man-in-office-style-smart-suit-png-768x1261.webp 768w, https:\/\/lalaboralaula.es\/MP082425\/wp-content\/uploads\/2025\/01\/businessman-cartoon-character-set-handsome-business-man-in-office-style-smart-suit-png-935x1536.webp 935w, https:\/\/lalaboralaula.es\/MP082425\/wp-content\/uploads\/2025\/01\/businessman-cartoon-character-set-handsome-business-man-in-office-style-smart-suit-png-416x683.webp 416w\" sizes=\"auto, (max-width: 1169px) 100vw, 1169px\" \/><\/figure>\n<\/div>\n\n\n\n<div class=\"wp-block-column is-vertically-aligned-center is-layout-flow wp-block-column-is-layout-flow\">\n<p>Al utilizar nuestro sitio web, aceptas estas condiciones. Si tienes alguna duda, cont\u00e1ctanos. \u00a1Gracias por confiar en TecnoGear!<\/p>\n<\/div>\n<\/div>\n\n\n\n<div style=\"height:calc( 0.25 * var(--wp--style--root--padding-right, var(--wp--custom--gap--horizontal)))\" aria-hidden=\"true\" class=\"wp-block-spacer\"><\/div>\n<\/div><\/div>\n\n\n\n<p><\/p>\n","protected":false},"excerpt":{"rendered":"<p>El presente documento establece las condiciones de uso y servicio del sitio web de TecnoGear. Al acceder y utilizar esta web, el usuario acepta cumplir con estas condiciones. Uso del sitio web El usuario se compromete a hacer un uso adecuado del sitio y sus contenidos, absteni\u00e9ndose de actividades il\u00edcitas, fraudulentas o que puedan da\u00f1ar [&hellip;]<\/p>\n","protected":false},"author":1,"featured_media":0,"parent":0,"menu_order":0,"comment_status":"closed","ping_status":"closed","template":"","meta":{"footnotes":""},"class_list":["post-75","page","type-page","status-publish","hentry"],"yoast_head":"<!-- This site is optimized with the Yoast SEO plugin v27.5 - https:\/\/yoast.com\/product\/yoast-seo-wordpress\/ -->\n<title>Condiciones de uso y servicio - TecnoGear<\/title>\n<meta name=\"description\" content=\"Consulta las Condiciones de Uso y Servicio de TecnoGear para conocer las normas de compra, env\u00edos, devoluciones y uso del sitio web.\" \/>\n<meta name=\"robots\" content=\"index, follow, max-snippet:-1, max-image-preview:large, max-video-preview:-1\" \/>\n<link rel=\"canonical\" href=\"https:\/\/lalaboralaula.es\/MP082425\/index.php\/condiciones-de-uso-y-servicio\/\" \/>\n<meta property=\"og:locale\" content=\"es_ES\" \/>\n<meta property=\"og:type\" content=\"article\" \/>\n<meta property=\"og:title\" content=\"Condiciones de uso y servicio - TecnoGear\" \/>\n<meta property=\"og:description\" content=\"Consulta las Condiciones de Uso y Servicio de TecnoGear para conocer las normas de compra, env\u00edos, devoluciones y uso del sitio web.\" \/>\n<meta property=\"og:url\" content=\"https:\/\/lalaboralaula.es\/MP082425\/index.php\/condiciones-de-uso-y-servicio\/\" \/>\n<meta property=\"og:site_name\" content=\"TecnoGear\" \/>\n<meta property=\"article:modified_time\" content=\"2025-01-30T18:15:54+00:00\" \/>\n<meta property=\"og:image\" content=\"https:\/\/lalaboralaula.es\/MP082425\/wp-content\/uploads\/2025\/01\/terminos.webp\" \/>\n\t<meta property=\"og:image:width\" content=\"1024\" \/>\n\t<meta property=\"og:image:height\" content=\"1024\" \/>\n\t<meta property=\"og:image:type\" content=\"image\/webp\" \/>\n<meta name=\"twitter:card\" content=\"summary_large_image\" \/>\n<meta name=\"twitter:site\" content=\"@gear_tecno42850\" \/>\n<meta name=\"twitter:label1\" content=\"Tiempo de lectura\" \/>\n\t<meta name=\"twitter:data1\" content=\"2 minutos\" \/>\n<script type=\"application\/ld+json\" class=\"yoast-schema-graph\">{\"@context\":\"https:\\\/\\\/schema.org\",\"@graph\":[{\"@type\":\"WebPage\",\"@id\":\"https:\\\/\\\/lalaboralaula.es\\\/MP082425\\\/index.php\\\/condiciones-de-uso-y-servicio\\\/\",\"url\":\"https:\\\/\\\/lalaboralaula.es\\\/MP082425\\\/index.php\\\/condiciones-de-uso-y-servicio\\\/\",\"name\":\"Condiciones de uso y servicio - TecnoGear\",\"isPartOf\":{\"@id\":\"https:\\\/\\\/lalaboralaula.es\\\/MP082425\\\/#website\"},\"primaryImageOfPage\":{\"@id\":\"https:\\\/\\\/lalaboralaula.es\\\/MP082425\\\/index.php\\\/condiciones-de-uso-y-servicio\\\/#primaryimage\"},\"image\":{\"@id\":\"https:\\\/\\\/lalaboralaula.es\\\/MP082425\\\/index.php\\\/condiciones-de-uso-y-servicio\\\/#primaryimage\"},\"thumbnailUrl\":\"https:\\\/\\\/lalaboralaula.es\\\/MP082425\\\/wp-content\\\/uploads\\\/2025\\\/01\\\/terminos.webp\",\"datePublished\":\"2024-12-12T18:20:49+00:00\",\"dateModified\":\"2025-01-30T18:15:54+00:00\",\"description\":\"Consulta las Condiciones de Uso y Servicio de TecnoGear para conocer las normas de compra, env\u00edos, devoluciones y uso del sitio web.\",\"breadcrumb\":{\"@id\":\"https:\\\/\\\/lalaboralaula.es\\\/MP082425\\\/index.php\\\/condiciones-de-uso-y-servicio\\\/#breadcrumb\"},\"inLanguage\":\"es\",\"potentialAction\":[{\"@type\":\"ReadAction\",\"target\":[\"https:\\\/\\\/lalaboralaula.es\\\/MP082425\\\/index.php\\\/condiciones-de-uso-y-servicio\\\/\"]}]},{\"@type\":\"ImageObject\",\"inLanguage\":\"es\",\"@id\":\"https:\\\/\\\/lalaboralaula.es\\\/MP082425\\\/index.php\\\/condiciones-de-uso-y-servicio\\\/#primaryimage\",\"url\":\"https:\\\/\\\/lalaboralaula.es\\\/MP082425\\\/wp-content\\\/uploads\\\/2025\\\/01\\\/terminos.webp\",\"contentUrl\":\"https:\\\/\\\/lalaboralaula.es\\\/MP082425\\\/wp-content\\\/uploads\\\/2025\\\/01\\\/terminos.webp\",\"width\":1024,\"height\":1024,\"caption\":\"Imagen sobre las Condiciones de uso y servicio\"},{\"@type\":\"BreadcrumbList\",\"@id\":\"https:\\\/\\\/lalaboralaula.es\\\/MP082425\\\/index.php\\\/condiciones-de-uso-y-servicio\\\/#breadcrumb\",\"itemListElement\":[{\"@type\":\"ListItem\",\"position\":1,\"name\":\"Portada\",\"item\":\"https:\\\/\\\/lalaboralaula.es\\\/MP082425\\\/\"},{\"@type\":\"ListItem\",\"position\":2,\"name\":\"Condiciones de uso y servicio\"}]},{\"@type\":\"WebSite\",\"@id\":\"https:\\\/\\\/lalaboralaula.es\\\/MP082425\\\/#website\",\"url\":\"https:\\\/\\\/lalaboralaula.es\\\/MP082425\\\/\",\"name\":\"TecnoGear\",\"description\":\"Tu tienda de electr\u00f3nica de confianza\",\"publisher\":{\"@id\":\"https:\\\/\\\/lalaboralaula.es\\\/MP082425\\\/#organization\"},\"potentialAction\":[{\"@type\":\"SearchAction\",\"target\":{\"@type\":\"EntryPoint\",\"urlTemplate\":\"https:\\\/\\\/lalaboralaula.es\\\/MP082425\\\/?s={search_term_string}\"},\"query-input\":{\"@type\":\"PropertyValueSpecification\",\"valueRequired\":true,\"valueName\":\"search_term_string\"}}],\"inLanguage\":\"es\"},{\"@type\":\"Organization\",\"@id\":\"https:\\\/\\\/lalaboralaula.es\\\/MP082425\\\/#organization\",\"name\":\"TecnoGear\",\"url\":\"https:\\\/\\\/lalaboralaula.es\\\/MP082425\\\/\",\"logo\":{\"@type\":\"ImageObject\",\"inLanguage\":\"es\",\"@id\":\"https:\\\/\\\/lalaboralaula.es\\\/MP082425\\\/#\\\/schema\\\/logo\\\/image\\\/\",\"url\":\"https:\\\/\\\/lalaboralaula.es\\\/MP082425\\\/wp-content\\\/uploads\\\/2024\\\/12\\\/Logotipo-TecnoGear-en-pequeno-1.png\",\"contentUrl\":\"https:\\\/\\\/lalaboralaula.es\\\/MP082425\\\/wp-content\\\/uploads\\\/2024\\\/12\\\/Logotipo-TecnoGear-en-pequeno-1.png\",\"width\":127,\"height\":75,\"caption\":\"TecnoGear\"},\"image\":{\"@id\":\"https:\\\/\\\/lalaboralaula.es\\\/MP082425\\\/#\\\/schema\\\/logo\\\/image\\\/\"},\"sameAs\":[\"https:\\\/\\\/x.com\\\/gear_tecno42850\",\"https:\\\/\\\/www.instagram.com\\\/tecnogear2003\\\/\"]}]}<\/script>\n<!-- \/ Yoast SEO plugin. -->","yoast_head_json":{"title":"Condiciones de uso y servicio - TecnoGear","description":"Consulta las Condiciones de Uso y Servicio de TecnoGear para conocer las normas de compra, env\u00edos, devoluciones y uso del sitio web.","robots":{"index":"index","follow":"follow","max-snippet":"max-snippet:-1","max-image-preview":"max-image-preview:large","max-video-preview":"max-video-preview:-1"},"canonical":"https:\/\/lalaboralaula.es\/MP082425\/index.php\/condiciones-de-uso-y-servicio\/","og_locale":"es_ES","og_type":"article","og_title":"Condiciones de uso y servicio - TecnoGear","og_description":"Consulta las Condiciones de Uso y Servicio de TecnoGear para conocer las normas de compra, env\u00edos, devoluciones y uso del sitio web.","og_url":"https:\/\/lalaboralaula.es\/MP082425\/index.php\/condiciones-de-uso-y-servicio\/","og_site_name":"TecnoGear","article_modified_time":"2025-01-30T18:15:54+00:00","og_image":[{"width":1024,"height":1024,"url":"https:\/\/lalaboralaula.es\/MP082425\/wp-content\/uploads\/2025\/01\/terminos.webp","type":"image\/webp"}],"twitter_card":"summary_large_image","twitter_site":"@gear_tecno42850","twitter_misc":{"Tiempo de lectura":"2 minutos"},"schema":{"@context":"https:\/\/schema.org","@graph":[{"@type":"WebPage","@id":"https:\/\/lalaboralaula.es\/MP082425\/index.php\/condiciones-de-uso-y-servicio\/","url":"https:\/\/lalaboralaula.es\/MP082425\/index.php\/condiciones-de-uso-y-servicio\/","name":"Condiciones de uso y servicio - TecnoGear","isPartOf":{"@id":"https:\/\/lalaboralaula.es\/MP082425\/#website"},"primaryImageOfPage":{"@id":"https:\/\/lalaboralaula.es\/MP082425\/index.php\/condiciones-de-uso-y-servicio\/#primaryimage"},"image":{"@id":"https:\/\/lalaboralaula.es\/MP082425\/index.php\/condiciones-de-uso-y-servicio\/#primaryimage"},"thumbnailUrl":"https:\/\/lalaboralaula.es\/MP082425\/wp-content\/uploads\/2025\/01\/terminos.webp","datePublished":"2024-12-12T18:20:49+00:00","dateModified":"2025-01-30T18:15:54+00:00","description":"Consulta las Condiciones de Uso y Servicio de TecnoGear para conocer las normas de compra, env\u00edos, devoluciones y uso del sitio web.","breadcrumb":{"@id":"https:\/\/lalaboralaula.es\/MP082425\/index.php\/condiciones-de-uso-y-servicio\/#breadcrumb"},"inLanguage":"es","potentialAction":[{"@type":"ReadAction","target":["https:\/\/lalaboralaula.es\/MP082425\/index.php\/condiciones-de-uso-y-servicio\/"]}]},{"@type":"ImageObject","inLanguage":"es","@id":"https:\/\/lalaboralaula.es\/MP082425\/index.php\/condiciones-de-uso-y-servicio\/#primaryimage","url":"https:\/\/lalaboralaula.es\/MP082425\/wp-content\/uploads\/2025\/01\/terminos.webp","contentUrl":"https:\/\/lalaboralaula.es\/MP082425\/wp-content\/uploads\/2025\/01\/terminos.webp","width":1024,"height":1024,"caption":"Imagen sobre las Condiciones de uso y servicio"},{"@type":"BreadcrumbList","@id":"https:\/\/lalaboralaula.es\/MP082425\/index.php\/condiciones-de-uso-y-servicio\/#breadcrumb","itemListElement":[{"@type":"ListItem","position":1,"name":"Portada","item":"https:\/\/lalaboralaula.es\/MP082425\/"},{"@type":"ListItem","position":2,"name":"Condiciones de uso y servicio"}]},{"@type":"WebSite","@id":"https:\/\/lalaboralaula.es\/MP082425\/#website","url":"https:\/\/lalaboralaula.es\/MP082425\/","name":"TecnoGear","description":"Tu tienda de electr\u00f3nica de confianza","publisher":{"@id":"https:\/\/lalaboralaula.es\/MP082425\/#organization"},"potentialAction":[{"@type":"SearchAction","target":{"@type":"EntryPoint","urlTemplate":"https:\/\/lalaboralaula.es\/MP082425\/?s={search_term_string}"},"query-input":{"@type":"PropertyValueSpecification","valueRequired":true,"valueName":"search_term_string"}}],"inLanguage":"es"},{"@type":"Organization","@id":"https:\/\/lalaboralaula.es\/MP082425\/#organization","name":"TecnoGear","url":"https:\/\/lalaboralaula.es\/MP082425\/","logo":{"@type":"ImageObject","inLanguage":"es","@id":"https:\/\/lalaboralaula.es\/MP082425\/#\/schema\/logo\/image\/","url":"https:\/\/lalaboralaula.es\/MP082425\/wp-content\/uploads\/2024\/12\/Logotipo-TecnoGear-en-pequeno-1.png","contentUrl":"https:\/\/lalaboralaula.es\/MP082425\/wp-content\/uploads\/2024\/12\/Logotipo-TecnoGear-en-pequeno-1.png","width":127,"height":75,"caption":"TecnoGear"},"image":{"@id":"https:\/\/lalaboralaula.es\/MP082425\/#\/schema\/logo\/image\/"},"sameAs":["https:\/\/x.com\/gear_tecno42850","https:\/\/www.instagram.com\/tecnogear2003\/"]}]}},"_links":{"self":[{"href":"https:\/\/lalaboralaula.es\/MP082425\/index.php\/wp-json\/wp\/v2\/pages\/75","targetHints":{"allow":["GET"]}}],"collection":[{"href":"https:\/\/lalaboralaula.es\/MP082425\/index.php\/wp-json\/wp\/v2\/pages"}],"about":[{"href":"https:\/\/lalaboralaula.es\/MP082425\/index.php\/wp-json\/wp\/v2\/types\/page"}],"author":[{"embeddable":true,"href":"https:\/\/lalaboralaula.es\/MP082425\/index.php\/wp-json\/wp\/v2\/users\/1"}],"replies":[{"embeddable":true,"href":"https:\/\/lalaboralaula.es\/MP082425\/index.php\/wp-json\/wp\/v2\/comments?post=75"}],"version-history":[{"count":3,"href":"https:\/\/lalaboralaula.es\/MP082425\/index.php\/wp-json\/wp\/v2\/pages\/75\/revisions"}],"predecessor-version":[{"id":669,"href":"https:\/\/lalaboralaula.es\/MP082425\/index.php\/wp-json\/wp\/v2\/pages\/75\/revisions\/669"}],"wp:attachment":[{"href":"https:\/\/lalaboralaula.es\/MP082425\/index.php\/wp-json\/wp\/v2\/media?parent=75"}],"curies":[{"name":"wp","href":"https:\/\/api.w.org\/{rel}","templated":true}]}}