{"id":70,"date":"2024-12-12T19:18:14","date_gmt":"2024-12-12T18:18:14","guid":{"rendered":"https:\/\/lalaboralaula.es\/MP082425\/?page_id=70"},"modified":"2025-01-30T02:38:39","modified_gmt":"2025-01-30T01:38:39","slug":"politicas-de-privacidad","status":"publish","type":"page","link":"https:\/\/lalaboralaula.es\/MP082425\/index.php\/politicas-de-privacidad\/","title":{"rendered":"Pol\u00edticas de privacidad"},"content":{"rendered":"\n<p>En TecnoGear, nos tomamos en serio la privacidad y seguridad de tus datos personales. A continuaci\u00f3n, te explicamos c\u00f3mo los recopilamos, utilizamos y protegemos.<\/p>\n\n\n\n<div class=\"wp-block-group alignfull is-content-justification-center\" style=\"margin-top:0;margin-bottom:0;padding-top:calc( 0.5 * var(--wp--style--root--padding-right, var(--wp--custom--gap--horizontal)));padding-right:var(--wp--style--root--padding-right, var(--wp--custom--gap--horizontal));padding-bottom:calc( 0.5 * var(--wp--style--root--padding-right, var(--wp--custom--gap--horizontal)));padding-left:var(--wp--style--root--padding-left, var(--wp--custom--gap--horizontal))\"><div class=\"wp-block-group__inner-container is-layout-constrained wp-container-core-group-is-layout-df757ecc wp-block-group-is-layout-constrained\">\n<div style=\"height:calc( 0.25 * var(--wp--style--root--padding-right, var(--wp--custom--gap--horizontal)))\" aria-hidden=\"true\" class=\"wp-block-spacer\"><\/div>\n\n\n\n<div class=\"wp-block-group alignwide\"><div class=\"wp-block-group__inner-container is-layout-constrained wp-block-group-is-layout-constrained\">\n<h2 class=\"wp-block-heading alignfull has-text-align-left\" style=\"font-style:normal;font-weight:100\"><\/h2>\n<\/div><\/div>\n\n\n\n<div style=\"height:var(--wp--preset--spacing--20)\" aria-hidden=\"true\" class=\"wp-block-spacer\"><\/div>\n\n\n\n<div class=\"wp-block-columns alignwide is-layout-flex wp-container-core-columns-is-layout-d0846407 wp-block-columns-is-layout-flex\">\n<div class=\"wp-block-column is-layout-flow wp-block-column-is-layout-flow\">\n<div style=\"height:4px\" aria-hidden=\"true\" class=\"wp-block-spacer\"><\/div>\n\n\n\n<div class=\"wp-block-group\"><div class=\"wp-block-group__inner-container is-layout-flow wp-block-group-is-layout-flow\">\n<h3 class=\"wp-block-heading has-text-align-center is-service-name has-medium-font-size\" style=\"font-style:normal;font-weight:700\">Datos recopilados<\/h3>\n<\/div><\/div>\n\n\n\n<p class=\"is-service-description\">Podemos recopilar informaci\u00f3n como nombre, correo electr\u00f3nico, direcci\u00f3n y datos de pago cuando realizas una compra o te registras en nuestro sitio.<\/p>\n<\/div>\n\n\n\n<div class=\"wp-block-column is-layout-flow wp-block-column-is-layout-flow\">\n<figure class=\"wp-block-image size-full\"><img loading=\"lazy\" decoding=\"async\" width=\"958\" height=\"575\" src=\"https:\/\/lalaboralaula.es\/MP082425\/wp-content\/uploads\/2025\/01\/R-2.png\" alt=\"\" class=\"wp-image-609\" style=\"aspect-ratio:4\/3;object-fit:cover\" srcset=\"https:\/\/lalaboralaula.es\/MP082425\/wp-content\/uploads\/2025\/01\/R-2.png 958w, https:\/\/lalaboralaula.es\/MP082425\/wp-content\/uploads\/2025\/01\/R-2-300x180.png 300w, https:\/\/lalaboralaula.es\/MP082425\/wp-content\/uploads\/2025\/01\/R-2-768x461.png 768w, https:\/\/lalaboralaula.es\/MP082425\/wp-content\/uploads\/2025\/01\/R-2-416x250.png 416w\" sizes=\"auto, (max-width: 958px) 100vw, 958px\" \/><\/figure>\n\n\n\n<div style=\"height:4px\" aria-hidden=\"true\" class=\"wp-block-spacer\"><\/div>\n\n\n\n<div class=\"wp-block-group\"><div class=\"wp-block-group__inner-container is-layout-flow wp-block-group-is-layout-flow\">\n<h3 class=\"wp-block-heading has-text-align-center is-service-name has-medium-font-size\" style=\"font-style:normal;font-weight:700\">Uso de la informaci\u00f3n<\/h3>\n<\/div><\/div>\n\n\n\n<p class=\"is-service-description\">Utilizamos tus datos para procesar pedidos, mejorar tu experiencia en nuestra web, enviar actualizaciones y responder a consultas.<\/p>\n<\/div>\n\n\n\n<div class=\"wp-block-column is-layout-flow wp-block-column-is-layout-flow\">\n<div style=\"height:4px\" aria-hidden=\"true\" class=\"wp-block-spacer\"><\/div>\n\n\n\n<div class=\"wp-block-group\"><div class=\"wp-block-group__inner-container is-layout-flow wp-block-group-is-layout-flow\">\n<h3 class=\"wp-block-heading is-service-name has-medium-font-size\" style=\"font-style:normal;font-weight:700\">Protecci\u00f3n de datos<\/h3>\n<\/div><\/div>\n\n\n\n<p class=\"is-service-description\">Aplicamos medidas de seguridad para proteger tu informaci\u00f3n y evitar accesos no autorizados.<\/p>\n<\/div>\n<\/div>\n\n\n\n<div style=\"height:calc( 0.25 * var(--wp--style--root--padding-right, var(--wp--custom--gap--horizontal)))\" aria-hidden=\"true\" class=\"wp-block-spacer\"><\/div>\n<\/div><\/div>\n\n\n\n<div class=\"wp-block-group alignfull is-content-justification-center\" style=\"margin-top:0;margin-bottom:0;padding-top:calc( 0.5 * var(--wp--style--root--padding-right, var(--wp--custom--gap--horizontal)));padding-right:var(--wp--style--root--padding-right, var(--wp--custom--gap--horizontal));padding-bottom:calc( 0.5 * var(--wp--style--root--padding-right, var(--wp--custom--gap--horizontal)));padding-left:var(--wp--style--root--padding-left, var(--wp--custom--gap--horizontal))\"><div class=\"wp-block-group__inner-container is-layout-constrained wp-container-core-group-is-layout-df757ecc wp-block-group-is-layout-constrained\">\n<div style=\"height:calc( 0.25 * var(--wp--style--root--padding-right, var(--wp--custom--gap--horizontal)))\" aria-hidden=\"true\" class=\"wp-block-spacer\"><\/div>\n\n\n\n<div class=\"wp-block-columns alignwide are-vertically-aligned-center is-layout-flex wp-container-core-columns-is-layout-cbe57604 wp-block-columns-is-layout-flex\">\n<div class=\"wp-block-column is-vertically-aligned-center is-layout-flow wp-block-column-is-layout-flow\">\n<figure class=\"wp-block-image size-full has-custom-border\"><img loading=\"lazy\" decoding=\"async\" width=\"640\" height=\"480\" src=\"https:\/\/lalaboralaula.es\/MP082425\/wp-content\/uploads\/2025\/01\/kaspersky-redes-sociales-2833.png\" alt=\"\" class=\"wp-image-610\" style=\"border-radius:100em;aspect-ratio:1;object-fit:cover\" srcset=\"https:\/\/lalaboralaula.es\/MP082425\/wp-content\/uploads\/2025\/01\/kaspersky-redes-sociales-2833.png 640w, https:\/\/lalaboralaula.es\/MP082425\/wp-content\/uploads\/2025\/01\/kaspersky-redes-sociales-2833-300x225.png 300w, https:\/\/lalaboralaula.es\/MP082425\/wp-content\/uploads\/2025\/01\/kaspersky-redes-sociales-2833-416x312.png 416w\" sizes=\"auto, (max-width: 640px) 100vw, 640px\" \/><\/figure>\n<\/div>\n\n\n\n<div class=\"wp-block-column is-vertically-aligned-center is-layout-flow wp-block-column-is-layout-flow\">\n<h2 class=\"wp-block-heading alignwide has-text-align-center\"><strong>Compartici\u00f3n de terceros<\/strong><\/h2>\n\n\n\n<p>No compartimos tus datos con terceros, salvo cuando sea necesario para completar transacciones o cumplir con obligaciones legales.<\/p>\n<\/div>\n<\/div>\n\n\n\n<div style=\"height:calc( 0.25 * var(--wp--style--root--padding-right, var(--wp--custom--gap--horizontal)))\" aria-hidden=\"true\" class=\"wp-block-spacer\"><\/div>\n<\/div><\/div>\n\n\n\n<div class=\"wp-block-group alignfull\" style=\"margin-top:0;margin-bottom:0;padding-top:calc( 0.5 * var(--wp--style--root--padding-right, var(--wp--custom--gap--horizontal)));padding-right:var(--wp--style--root--padding-right, var(--wp--custom--gap--horizontal));padding-bottom:calc( 0.5 * var(--wp--style--root--padding-right, var(--wp--custom--gap--horizontal)));padding-left:var(--wp--style--root--padding-left, var(--wp--custom--gap--horizontal))\"><div class=\"wp-block-group__inner-container is-layout-constrained wp-container-core-group-is-layout-e220c6fd wp-block-group-is-layout-constrained\">\n<div style=\"height:calc( 0.25 * var(--wp--style--root--padding-right, var(--wp--custom--gap--horizontal)))\" aria-hidden=\"true\" class=\"wp-block-spacer\"><\/div>\n\n\n\n<div class=\"wp-block-columns alignwide are-vertically-aligned-center is-layout-flex wp-container-core-columns-is-layout-cbe57604 wp-block-columns-is-layout-flex\">\n<div class=\"wp-block-column is-vertically-aligned-center is-layout-flow wp-block-column-is-layout-flow\">\n<h2 class=\"wp-block-heading alignwide has-text-align-center\"><strong>Derechos del usuario<\/strong><\/h2>\n\n\n\n<p>Puedes acceder, rectificar o eliminar tus datos en cualquier momento contact\u00e1ndonos en tecnogear2003@gmail.com<\/p>\n<\/div>\n\n\n\n<div class=\"wp-block-column is-vertically-aligned-center is-layout-flow wp-block-column-is-layout-flow\">\n<figure class=\"wp-block-image size-full has-custom-border\"><img loading=\"lazy\" decoding=\"async\" width=\"580\" height=\"391\" src=\"https:\/\/lalaboralaula.es\/MP082425\/wp-content\/uploads\/2025\/01\/labor-3485805_960_720-580x391-1.jpg\" alt=\"\" class=\"wp-image-612\" style=\"border-style:none;border-width:0px;border-radius:100em;aspect-ratio:1;object-fit:cover\" srcset=\"https:\/\/lalaboralaula.es\/MP082425\/wp-content\/uploads\/2025\/01\/labor-3485805_960_720-580x391-1.jpg 580w, https:\/\/lalaboralaula.es\/MP082425\/wp-content\/uploads\/2025\/01\/labor-3485805_960_720-580x391-1-300x202.jpg 300w, https:\/\/lalaboralaula.es\/MP082425\/wp-content\/uploads\/2025\/01\/labor-3485805_960_720-580x391-1-416x280.jpg 416w\" sizes=\"auto, (max-width: 580px) 100vw, 580px\" \/><\/figure>\n<\/div>\n<\/div>\n\n\n\n<div style=\"height:calc( 0.25 * var(--wp--style--root--padding-right, var(--wp--custom--gap--horizontal)))\" aria-hidden=\"true\" class=\"wp-block-spacer\"><\/div>\n<\/div><\/div>\n\n\n\n<div class=\"wp-block-group alignfull is-content-justification-center\" style=\"margin-top:0;margin-bottom:0;padding-top:0;padding-right:var(--wp--style--root--padding-right, var(--wp--custom--gap--horizontal));padding-bottom:calc( 0.5 * var(--wp--style--root--padding-right, var(--wp--custom--gap--horizontal)));padding-left:var(--wp--style--root--padding-left, var(--wp--custom--gap--horizontal))\"><div class=\"wp-block-group__inner-container is-layout-constrained wp-container-core-group-is-layout-7575cf56 wp-block-group-is-layout-constrained\">\n<div class=\"wp-block-cover alignfull is-light\" style=\"min-height:657px;aspect-ratio:unset;\"><span aria-hidden=\"true\" class=\"wp-block-cover__background has-background-dim-0 has-background-dim\" style=\"background-color:#FFF\"><\/span><img loading=\"lazy\" decoding=\"async\" width=\"999\" height=\"667\" class=\"wp-block-cover__image-background wp-image-613\" alt=\"\" src=\"https:\/\/lalaboralaula.es\/MP082425\/wp-content\/uploads\/2025\/01\/R-3.jpg\" data-object-fit=\"cover\" srcset=\"https:\/\/lalaboralaula.es\/MP082425\/wp-content\/uploads\/2025\/01\/R-3.jpg 999w, https:\/\/lalaboralaula.es\/MP082425\/wp-content\/uploads\/2025\/01\/R-3-300x200.jpg 300w, https:\/\/lalaboralaula.es\/MP082425\/wp-content\/uploads\/2025\/01\/R-3-768x513.jpg 768w, https:\/\/lalaboralaula.es\/MP082425\/wp-content\/uploads\/2025\/01\/R-3-416x278.jpg 416w\" sizes=\"auto, (max-width: 999px) 100vw, 999px\" \/><div class=\"wp-block-cover__inner-container is-layout-flow wp-block-cover-is-layout-flow\">\n<div style=\"height:100px\" aria-hidden=\"true\" class=\"wp-block-spacer\"><\/div>\n<\/div><\/div>\n\n\n\n<div style=\"height:calc( 0.25 * var(--wp--style--root--padding-right, var(--wp--custom--gap--horizontal)))\" aria-hidden=\"true\" class=\"wp-block-spacer\"><\/div>\n\n\n\n<div class=\"wp-block-group alignwide\"><div class=\"wp-block-group__inner-container is-layout-constrained wp-block-group-is-layout-constrained\">\n<h2 class=\"wp-block-heading has-text-align-center has-ast-global-color-2-color has-text-color\"><strong>Para m\u00e1s informaci\u00f3n, revisa nuestras condiciones o <a href=\"https:\/\/lalaboralaula.es\/MP082425\/?customize_changeset_uuid=10f0af34-190d-4e67-9334-6cac16fd9c52&amp;customize_autosaved=on\">cont\u00e1ctanos<\/a>. \u00a1Gracias por confiar en TecnoGear!<\/strong><\/h2>\n<\/div><\/div>\n\n\n\n<div style=\"height:calc( 0.25 * var(--wp--style--root--padding-right, var(--wp--custom--gap--horizontal)))\" aria-hidden=\"true\" class=\"wp-block-spacer\"><\/div>\n<\/div><\/div>\n\n\n\n<p><\/p>\n","protected":false},"excerpt":{"rendered":"<p>En TecnoGear, nos tomamos en serio la privacidad y seguridad de tus datos personales. A continuaci\u00f3n, te explicamos c\u00f3mo los recopilamos, utilizamos y protegemos. Datos recopilados Podemos recopilar informaci\u00f3n como nombre, correo electr\u00f3nico, direcci\u00f3n y datos de pago cuando realizas una compra o te registras en nuestro sitio. Uso de la informaci\u00f3n Utilizamos tus datos [&hellip;]<\/p>\n","protected":false},"author":1,"featured_media":0,"parent":0,"menu_order":0,"comment_status":"closed","ping_status":"closed","template":"","meta":{"footnotes":""},"class_list":["post-70","page","type-page","status-publish","hentry"],"yoast_head":"<!-- This site is optimized with the Yoast SEO plugin v27.5 - https:\/\/yoast.com\/product\/yoast-seo-wordpress\/ -->\n<title>Pol\u00edticas de privacidad - TecnoGear<\/title>\n<meta name=\"description\" content=\"Consulta las Pol\u00edticas de Privacidad de TecnoGear y conoce c\u00f3mo protegemos tus datos, su uso y tus derechos como usuario.\" \/>\n<meta name=\"robots\" content=\"index, follow, max-snippet:-1, max-image-preview:large, max-video-preview:-1\" \/>\n<link rel=\"canonical\" href=\"https:\/\/lalaboralaula.es\/MP082425\/index.php\/politicas-de-privacidad\/\" \/>\n<meta property=\"og:locale\" content=\"es_ES\" \/>\n<meta property=\"og:type\" content=\"article\" \/>\n<meta property=\"og:title\" content=\"Pol\u00edticas de privacidad - TecnoGear\" \/>\n<meta property=\"og:description\" content=\"Consulta las Pol\u00edticas de Privacidad de TecnoGear y conoce c\u00f3mo protegemos tus datos, su uso y tus derechos como usuario.\" \/>\n<meta property=\"og:url\" content=\"https:\/\/lalaboralaula.es\/MP082425\/index.php\/politicas-de-privacidad\/\" \/>\n<meta property=\"og:site_name\" content=\"TecnoGear\" \/>\n<meta property=\"article:modified_time\" content=\"2025-01-30T01:38:39+00:00\" \/>\n<meta property=\"og:image\" content=\"https:\/\/lalaboralaula.es\/MP082425\/wp-content\/uploads\/2025\/01\/R-2.png\" \/>\n\t<meta property=\"og:image:width\" content=\"958\" \/>\n\t<meta property=\"og:image:height\" content=\"575\" \/>\n\t<meta property=\"og:image:type\" content=\"image\/png\" \/>\n<meta name=\"twitter:card\" content=\"summary_large_image\" \/>\n<meta name=\"twitter:site\" content=\"@gear_tecno42850\" \/>\n<meta name=\"twitter:label1\" content=\"Tiempo de lectura\" \/>\n\t<meta name=\"twitter:data1\" content=\"2 minutos\" \/>\n<script type=\"application\/ld+json\" class=\"yoast-schema-graph\">{\"@context\":\"https:\\\/\\\/schema.org\",\"@graph\":[{\"@type\":\"WebPage\",\"@id\":\"https:\\\/\\\/lalaboralaula.es\\\/MP082425\\\/index.php\\\/politicas-de-privacidad\\\/\",\"url\":\"https:\\\/\\\/lalaboralaula.es\\\/MP082425\\\/index.php\\\/politicas-de-privacidad\\\/\",\"name\":\"Pol\u00edticas de privacidad - TecnoGear\",\"isPartOf\":{\"@id\":\"https:\\\/\\\/lalaboralaula.es\\\/MP082425\\\/#website\"},\"primaryImageOfPage\":{\"@id\":\"https:\\\/\\\/lalaboralaula.es\\\/MP082425\\\/index.php\\\/politicas-de-privacidad\\\/#primaryimage\"},\"image\":{\"@id\":\"https:\\\/\\\/lalaboralaula.es\\\/MP082425\\\/index.php\\\/politicas-de-privacidad\\\/#primaryimage\"},\"thumbnailUrl\":\"https:\\\/\\\/lalaboralaula.es\\\/MP082425\\\/wp-content\\\/uploads\\\/2025\\\/01\\\/R-2.png\",\"datePublished\":\"2024-12-12T18:18:14+00:00\",\"dateModified\":\"2025-01-30T01:38:39+00:00\",\"description\":\"Consulta las Pol\u00edticas de Privacidad de TecnoGear y conoce c\u00f3mo protegemos tus datos, su uso y tus derechos como usuario.\",\"breadcrumb\":{\"@id\":\"https:\\\/\\\/lalaboralaula.es\\\/MP082425\\\/index.php\\\/politicas-de-privacidad\\\/#breadcrumb\"},\"inLanguage\":\"es\",\"potentialAction\":[{\"@type\":\"ReadAction\",\"target\":[\"https:\\\/\\\/lalaboralaula.es\\\/MP082425\\\/index.php\\\/politicas-de-privacidad\\\/\"]}]},{\"@type\":\"ImageObject\",\"inLanguage\":\"es\",\"@id\":\"https:\\\/\\\/lalaboralaula.es\\\/MP082425\\\/index.php\\\/politicas-de-privacidad\\\/#primaryimage\",\"url\":\"https:\\\/\\\/lalaboralaula.es\\\/MP082425\\\/wp-content\\\/uploads\\\/2025\\\/01\\\/R-2.png\",\"contentUrl\":\"https:\\\/\\\/lalaboralaula.es\\\/MP082425\\\/wp-content\\\/uploads\\\/2025\\\/01\\\/R-2.png\",\"width\":958,\"height\":575,\"caption\":\"Imagen que representa las pol\u00edticas de privacidad\"},{\"@type\":\"BreadcrumbList\",\"@id\":\"https:\\\/\\\/lalaboralaula.es\\\/MP082425\\\/index.php\\\/politicas-de-privacidad\\\/#breadcrumb\",\"itemListElement\":[{\"@type\":\"ListItem\",\"position\":1,\"name\":\"Portada\",\"item\":\"https:\\\/\\\/lalaboralaula.es\\\/MP082425\\\/\"},{\"@type\":\"ListItem\",\"position\":2,\"name\":\"Pol\u00edticas de privacidad\"}]},{\"@type\":\"WebSite\",\"@id\":\"https:\\\/\\\/lalaboralaula.es\\\/MP082425\\\/#website\",\"url\":\"https:\\\/\\\/lalaboralaula.es\\\/MP082425\\\/\",\"name\":\"TecnoGear\",\"description\":\"Tu tienda de electr\u00f3nica de confianza\",\"publisher\":{\"@id\":\"https:\\\/\\\/lalaboralaula.es\\\/MP082425\\\/#organization\"},\"potentialAction\":[{\"@type\":\"SearchAction\",\"target\":{\"@type\":\"EntryPoint\",\"urlTemplate\":\"https:\\\/\\\/lalaboralaula.es\\\/MP082425\\\/?s={search_term_string}\"},\"query-input\":{\"@type\":\"PropertyValueSpecification\",\"valueRequired\":true,\"valueName\":\"search_term_string\"}}],\"inLanguage\":\"es\"},{\"@type\":\"Organization\",\"@id\":\"https:\\\/\\\/lalaboralaula.es\\\/MP082425\\\/#organization\",\"name\":\"TecnoGear\",\"url\":\"https:\\\/\\\/lalaboralaula.es\\\/MP082425\\\/\",\"logo\":{\"@type\":\"ImageObject\",\"inLanguage\":\"es\",\"@id\":\"https:\\\/\\\/lalaboralaula.es\\\/MP082425\\\/#\\\/schema\\\/logo\\\/image\\\/\",\"url\":\"https:\\\/\\\/lalaboralaula.es\\\/MP082425\\\/wp-content\\\/uploads\\\/2024\\\/12\\\/Logotipo-TecnoGear-en-pequeno-1.png\",\"contentUrl\":\"https:\\\/\\\/lalaboralaula.es\\\/MP082425\\\/wp-content\\\/uploads\\\/2024\\\/12\\\/Logotipo-TecnoGear-en-pequeno-1.png\",\"width\":127,\"height\":75,\"caption\":\"TecnoGear\"},\"image\":{\"@id\":\"https:\\\/\\\/lalaboralaula.es\\\/MP082425\\\/#\\\/schema\\\/logo\\\/image\\\/\"},\"sameAs\":[\"https:\\\/\\\/x.com\\\/gear_tecno42850\",\"https:\\\/\\\/www.instagram.com\\\/tecnogear2003\\\/\"]}]}<\/script>\n<!-- \/ Yoast SEO plugin. -->","yoast_head_json":{"title":"Pol\u00edticas de privacidad - TecnoGear","description":"Consulta las Pol\u00edticas de Privacidad de TecnoGear y conoce c\u00f3mo protegemos tus datos, su uso y tus derechos como usuario.","robots":{"index":"index","follow":"follow","max-snippet":"max-snippet:-1","max-image-preview":"max-image-preview:large","max-video-preview":"max-video-preview:-1"},"canonical":"https:\/\/lalaboralaula.es\/MP082425\/index.php\/politicas-de-privacidad\/","og_locale":"es_ES","og_type":"article","og_title":"Pol\u00edticas de privacidad - TecnoGear","og_description":"Consulta las Pol\u00edticas de Privacidad de TecnoGear y conoce c\u00f3mo protegemos tus datos, su uso y tus derechos como usuario.","og_url":"https:\/\/lalaboralaula.es\/MP082425\/index.php\/politicas-de-privacidad\/","og_site_name":"TecnoGear","article_modified_time":"2025-01-30T01:38:39+00:00","og_image":[{"width":958,"height":575,"url":"https:\/\/lalaboralaula.es\/MP082425\/wp-content\/uploads\/2025\/01\/R-2.png","type":"image\/png"}],"twitter_card":"summary_large_image","twitter_site":"@gear_tecno42850","twitter_misc":{"Tiempo de lectura":"2 minutos"},"schema":{"@context":"https:\/\/schema.org","@graph":[{"@type":"WebPage","@id":"https:\/\/lalaboralaula.es\/MP082425\/index.php\/politicas-de-privacidad\/","url":"https:\/\/lalaboralaula.es\/MP082425\/index.php\/politicas-de-privacidad\/","name":"Pol\u00edticas de privacidad - TecnoGear","isPartOf":{"@id":"https:\/\/lalaboralaula.es\/MP082425\/#website"},"primaryImageOfPage":{"@id":"https:\/\/lalaboralaula.es\/MP082425\/index.php\/politicas-de-privacidad\/#primaryimage"},"image":{"@id":"https:\/\/lalaboralaula.es\/MP082425\/index.php\/politicas-de-privacidad\/#primaryimage"},"thumbnailUrl":"https:\/\/lalaboralaula.es\/MP082425\/wp-content\/uploads\/2025\/01\/R-2.png","datePublished":"2024-12-12T18:18:14+00:00","dateModified":"2025-01-30T01:38:39+00:00","description":"Consulta las Pol\u00edticas de Privacidad de TecnoGear y conoce c\u00f3mo protegemos tus datos, su uso y tus derechos como usuario.","breadcrumb":{"@id":"https:\/\/lalaboralaula.es\/MP082425\/index.php\/politicas-de-privacidad\/#breadcrumb"},"inLanguage":"es","potentialAction":[{"@type":"ReadAction","target":["https:\/\/lalaboralaula.es\/MP082425\/index.php\/politicas-de-privacidad\/"]}]},{"@type":"ImageObject","inLanguage":"es","@id":"https:\/\/lalaboralaula.es\/MP082425\/index.php\/politicas-de-privacidad\/#primaryimage","url":"https:\/\/lalaboralaula.es\/MP082425\/wp-content\/uploads\/2025\/01\/R-2.png","contentUrl":"https:\/\/lalaboralaula.es\/MP082425\/wp-content\/uploads\/2025\/01\/R-2.png","width":958,"height":575,"caption":"Imagen que representa las pol\u00edticas de privacidad"},{"@type":"BreadcrumbList","@id":"https:\/\/lalaboralaula.es\/MP082425\/index.php\/politicas-de-privacidad\/#breadcrumb","itemListElement":[{"@type":"ListItem","position":1,"name":"Portada","item":"https:\/\/lalaboralaula.es\/MP082425\/"},{"@type":"ListItem","position":2,"name":"Pol\u00edticas de privacidad"}]},{"@type":"WebSite","@id":"https:\/\/lalaboralaula.es\/MP082425\/#website","url":"https:\/\/lalaboralaula.es\/MP082425\/","name":"TecnoGear","description":"Tu tienda de electr\u00f3nica de confianza","publisher":{"@id":"https:\/\/lalaboralaula.es\/MP082425\/#organization"},"potentialAction":[{"@type":"SearchAction","target":{"@type":"EntryPoint","urlTemplate":"https:\/\/lalaboralaula.es\/MP082425\/?s={search_term_string}"},"query-input":{"@type":"PropertyValueSpecification","valueRequired":true,"valueName":"search_term_string"}}],"inLanguage":"es"},{"@type":"Organization","@id":"https:\/\/lalaboralaula.es\/MP082425\/#organization","name":"TecnoGear","url":"https:\/\/lalaboralaula.es\/MP082425\/","logo":{"@type":"ImageObject","inLanguage":"es","@id":"https:\/\/lalaboralaula.es\/MP082425\/#\/schema\/logo\/image\/","url":"https:\/\/lalaboralaula.es\/MP082425\/wp-content\/uploads\/2024\/12\/Logotipo-TecnoGear-en-pequeno-1.png","contentUrl":"https:\/\/lalaboralaula.es\/MP082425\/wp-content\/uploads\/2024\/12\/Logotipo-TecnoGear-en-pequeno-1.png","width":127,"height":75,"caption":"TecnoGear"},"image":{"@id":"https:\/\/lalaboralaula.es\/MP082425\/#\/schema\/logo\/image\/"},"sameAs":["https:\/\/x.com\/gear_tecno42850","https:\/\/www.instagram.com\/tecnogear2003\/"]}]}},"_links":{"self":[{"href":"https:\/\/lalaboralaula.es\/MP082425\/index.php\/wp-json\/wp\/v2\/pages\/70","targetHints":{"allow":["GET"]}}],"collection":[{"href":"https:\/\/lalaboralaula.es\/MP082425\/index.php\/wp-json\/wp\/v2\/pages"}],"about":[{"href":"https:\/\/lalaboralaula.es\/MP082425\/index.php\/wp-json\/wp\/v2\/types\/page"}],"author":[{"embeddable":true,"href":"https:\/\/lalaboralaula.es\/MP082425\/index.php\/wp-json\/wp\/v2\/users\/1"}],"replies":[{"embeddable":true,"href":"https:\/\/lalaboralaula.es\/MP082425\/index.php\/wp-json\/wp\/v2\/comments?post=70"}],"version-history":[{"count":5,"href":"https:\/\/lalaboralaula.es\/MP082425\/index.php\/wp-json\/wp\/v2\/pages\/70\/revisions"}],"predecessor-version":[{"id":617,"href":"https:\/\/lalaboralaula.es\/MP082425\/index.php\/wp-json\/wp\/v2\/pages\/70\/revisions\/617"}],"wp:attachment":[{"href":"https:\/\/lalaboralaula.es\/MP082425\/index.php\/wp-json\/wp\/v2\/media?parent=70"}],"curies":[{"name":"wp","href":"https:\/\/api.w.org\/{rel}","templated":true}]}}