{"id":8,"date":"2025-11-13T19:12:47","date_gmt":"2025-11-13T18:12:47","guid":{"rendered":"https:\/\/lalaboralaula.es\/MP062526\/?page_id=8"},"modified":"2025-11-13T20:36:54","modified_gmt":"2025-11-13T19:36:54","slug":"sza-x-vans","status":"publish","type":"page","link":"https:\/\/lalaboralaula.es\/MP062526\/index.php\/sza-x-vans\/","title":{"rendered":"sneakers exclusivas"},"content":{"rendered":"\n<div class=\"wp-block-group alignfull is-content-justification-center\" style=\"margin-top:0;margin-bottom:0;padding-top:calc( 0.5 * var(--wp--style--root--padding-right, var(--wp--custom--gap--horizontal)));padding-right:var(--wp--style--root--padding-right, var(--wp--custom--gap--horizontal));padding-bottom:calc( 0.5 * var(--wp--style--root--padding-right, var(--wp--custom--gap--horizontal)));padding-left:var(--wp--style--root--padding-left, var(--wp--custom--gap--horizontal))\"><div class=\"wp-block-group__inner-container is-layout-constrained wp-container-core-group-is-layout-df757ecc wp-block-group-is-layout-constrained\">\n<div style=\"height:calc( 0.25 * var(--wp--style--root--padding-right, var(--wp--custom--gap--horizontal)))\" aria-hidden=\"true\" class=\"wp-block-spacer\"><\/div>\n\n\n\n<div class=\"wp-block-columns alignwide are-vertically-aligned-center is-layout-flex wp-container-core-columns-is-layout-7fc3d43a wp-block-columns-is-layout-flex\">\n<div class=\"wp-block-column is-vertically-aligned-center is-layout-flow wp-block-column-is-layout-flow\">\n<figure class=\"wp-block-image size-full\"><img loading=\"lazy\" decoding=\"async\" width=\"1200\" height=\"1105\" src=\"https:\/\/lalaboralaula.es\/MP062526\/wp-content\/uploads\/2025\/11\/sza-x-vans.jpg\" alt=\"\" class=\"wp-image-199\" style=\"aspect-ratio:1;object-fit:cover\" srcset=\"https:\/\/lalaboralaula.es\/MP062526\/wp-content\/uploads\/2025\/11\/sza-x-vans.jpg 1200w, https:\/\/lalaboralaula.es\/MP062526\/wp-content\/uploads\/2025\/11\/sza-x-vans-300x276.jpg 300w, https:\/\/lalaboralaula.es\/MP062526\/wp-content\/uploads\/2025\/11\/sza-x-vans-1024x943.jpg 1024w, https:\/\/lalaboralaula.es\/MP062526\/wp-content\/uploads\/2025\/11\/sza-x-vans-768x707.jpg 768w, https:\/\/lalaboralaula.es\/MP062526\/wp-content\/uploads\/2025\/11\/sza-x-vans-416x383.jpg 416w\" sizes=\"auto, (max-width: 1200px) 100vw, 1200px\" \/><\/figure>\n\n\n\n<figure class=\"wp-block-gallery has-nested-images columns-default is-cropped wp-block-gallery-1 is-layout-flex wp-block-gallery-is-layout-flex\">\n<figure class=\"wp-block-image size-large\"><img loading=\"lazy\" decoding=\"async\" width=\"818\" height=\"1024\" data-id=\"204\" src=\"https:\/\/lalaboralaula.es\/MP062526\/wp-content\/uploads\/2025\/11\/Knu-Skool-Shoe-2-818x1024.jpg\" alt=\"\" class=\"wp-image-204\" srcset=\"https:\/\/lalaboralaula.es\/MP062526\/wp-content\/uploads\/2025\/11\/Knu-Skool-Shoe-2-818x1024.jpg 818w, https:\/\/lalaboralaula.es\/MP062526\/wp-content\/uploads\/2025\/11\/Knu-Skool-Shoe-2-240x300.jpg 240w, https:\/\/lalaboralaula.es\/MP062526\/wp-content\/uploads\/2025\/11\/Knu-Skool-Shoe-2-768x961.jpg 768w, https:\/\/lalaboralaula.es\/MP062526\/wp-content\/uploads\/2025\/11\/Knu-Skool-Shoe-2-416x520.jpg 416w, https:\/\/lalaboralaula.es\/MP062526\/wp-content\/uploads\/2025\/11\/Knu-Skool-Shoe-2.jpg 916w\" sizes=\"auto, (max-width: 818px) 100vw, 818px\" \/><\/figure>\n<\/figure>\n<\/div>\n\n\n\n<div class=\"wp-block-column is-vertically-aligned-center is-layout-flow wp-block-column-is-layout-flow\">\n<h2 class=\"wp-block-heading alignwide\"><strong>VANS X SZA <\/strong><\/h2>\n\n\n\n<p>SZA ha sido nombrada <strong>Artistic Director<\/strong> de Vans en una colaboraci\u00f3n creativa de varios a\u00f1os. <\/p>\n\n\n\n<p>A trav\u00e9s de esta alianza, trabajar\u00e1 junto a Vans para co-dise\u00f1ar colecciones exclusivas y reimaginar futuras campa\u00f1as de la marca.<\/p>\n\n\n\n<p>Su primer protagonismo dentro de esta colaboraci\u00f3n es la silueta Knu Skool (color negro\/blanco) de Vans. <\/p>\n\n\n\n<div class=\"wp-block-buttons is-layout-flex wp-block-buttons-is-layout-flex\">\n<div class=\"wp-block-button\"><a class=\"wp-block-button__link wp-element-button\" href=\"https:\/\/lalaboralaula.es\/MP062526\/wp-admin\/post.php?post=211&amp;action=edit\">Comprar aqu\u00ed<\/a><\/div>\n<\/div>\n<\/div>\n<\/div>\n\n\n\n<div style=\"height:calc( 0.25 * var(--wp--style--root--padding-right, var(--wp--custom--gap--horizontal)))\" aria-hidden=\"true\" class=\"wp-block-spacer\"><\/div>\n<\/div><\/div>\n\n\n\n<h3 class=\"wp-block-heading\"><strong>SZA \u00d7 Vans: un encuentro entre m\u00fasica, estilo y autenticidad<\/strong><\/h3>\n\n\n\n<p><strong>SZA \u00d7 Vans: m\u00fasica, estilo y autenticidad en movimiento<\/strong><\/p>\n\n\n\n<p>La colaboraci\u00f3n entre <strong>SZA y Vans<\/strong> marca una nueva etapa para la marca californiana. Reconocida por su esp\u00edritu libre, Vans encuentra en SZA una socia creativa que comparte su visi\u00f3n de autenticidad y autoexpresi\u00f3n. La cantante se convierte en <strong>directora art\u00edstica<\/strong> y aporta una perspectiva fresca que une la m\u00fasica, el arte y la moda.<\/p>\n\n\n\n<p>El primer lanzamiento de esta uni\u00f3n presenta la <strong>Vans Knu Skool<\/strong>, una silueta inspirada en los a\u00f1os 90 que regresa con una energ\u00eda renovada. Este modelo combina materiales resistentes, una suela vulcanizada y un dise\u00f1o m\u00e1s robusto. Adem\u00e1s, incorpora detalles llamativos como la banda lateral Sidestripe\u2122 en 3D, cordones gruesos y una leng\u00fceta acolchada. Estos elementos reflejan el equilibrio entre <strong>comodidad, nostalgia y estilo urbano<\/strong>.<\/p>\n\n\n\n<p>Por otro lado, esta colaboraci\u00f3n va m\u00e1s all\u00e1 del calzado. Tanto SZA como Vans promueven valores de <strong>comunidad, libertad y creatividad<\/strong>. Su objetivo es inspirar a cada persona a expresarse sin miedo y a caminar con confianza. As\u00ed, cada par de zapatillas representa una historia de identidad y conexi\u00f3n.<\/p>\n\n\n\n<p>Adem\u00e1s, la colecci\u00f3n <strong>SZA \u00d7 Vans<\/strong> refuerza el compromiso de la marca con la cultura contempor\u00e1nea. Al integrar el arte y la m\u00fasica en su dise\u00f1o, Vans demuestra que la moda puede ser una forma de comunicaci\u00f3n poderosa.<\/p>\n\n\n\n<p>En resumen, <strong>SZA \u00d7 Vans<\/strong> no solo es una colaboraci\u00f3n, sino tambi\u00e9n una conversaci\u00f3n entre dos mundos creativos. La uni\u00f3n de ambos celebra la autenticidad, la diversidad y la fuerza de quienes se atreven a ser diferentes. Por eso, este proyecto se convierte en un s\u00edmbolo de expresi\u00f3n personal y estilo sin l\u00edmites.<\/p>\n\n\n\n<p><strong>Descubre m\u00e1s sobre la importancia del confort en el calzado en <a href=\"https:\/\/www.vans.com\/es-es\/giftguide?utm_source=google&amp;utm_medium=cpc&amp;utm_campaign=W_ES_Vans_Google_Search-B_Pure-Exact_Performance&amp;gclsrc=aw.ds&amp;gad_source=1&amp;gad_campaignid=22847681910&amp;gbraid=0AAAAADv8P-k5EwXvJCS9XvLDb6g0C8j1u&amp;gclid=CjwKCAiAoNbIBhB5EiwAZFbYGEYTfc0jW-_l3NzpwiKKAbNIiadCQ6CUu6doO3bSXJ54dpM_JoUXehoClZwQAvD_BwE\">este art\u00edculo de la Asociaci\u00f3n del Calzado<\/a><\/strong><\/p>\n\n\n\n<p><\/p>\n","protected":false},"excerpt":{"rendered":"<p>VANS X SZA SZA ha sido nombrada Artistic Director de Vans en una colaboraci\u00f3n creativa de varios a\u00f1os. A trav\u00e9s de esta alianza, trabajar\u00e1 junto a Vans para co-dise\u00f1ar colecciones exclusivas y reimaginar futuras campa\u00f1as de la marca. Su primer protagonismo dentro de esta colaboraci\u00f3n es la silueta Knu Skool (color negro\/blanco) de Vans. SZA [&hellip;]<\/p>\n","protected":false},"author":1,"featured_media":0,"parent":0,"menu_order":0,"comment_status":"closed","ping_status":"closed","template":"","meta":{"footnotes":""},"class_list":["post-8","page","type-page","status-publish","hentry"],"yoast_head":"<!-- This site is optimized with the Yoast SEO plugin v27.3 - https:\/\/yoast.com\/product\/yoast-seo-wordpress\/ -->\n<title>sneakers exclusivas -<\/title>\n<meta name=\"description\" content=\"SZA se une a Vans como directora art\u00edstica en una colaboraci\u00f3n que celebra la autenticidad, el estilo y la libertad creativa.\" \/>\n<meta name=\"robots\" content=\"index, follow, max-snippet:-1, max-image-preview:large, max-video-preview:-1\" \/>\n<link rel=\"canonical\" href=\"https:\/\/lalaboralaula.es\/MP062526\/index.php\/sza-x-vans\/\" \/>\n<meta property=\"og:locale\" content=\"es_ES\" \/>\n<meta property=\"og:type\" content=\"article\" \/>\n<meta property=\"og:title\" content=\"sneakers exclusivas -\" \/>\n<meta property=\"og:description\" content=\"SZA se une a Vans como directora art\u00edstica en una colaboraci\u00f3n que celebra la autenticidad, el estilo y la libertad creativa.\" \/>\n<meta property=\"og:url\" content=\"https:\/\/lalaboralaula.es\/MP062526\/index.php\/sza-x-vans\/\" \/>\n<meta property=\"article:modified_time\" content=\"2025-11-13T19:36:54+00:00\" \/>\n<meta property=\"og:image\" content=\"https:\/\/lalaboralaula.es\/MP062526\/wp-content\/uploads\/2025\/11\/sza-x-vans.jpg\" \/>\n\t<meta property=\"og:image:width\" content=\"1200\" \/>\n\t<meta property=\"og:image:height\" content=\"1105\" \/>\n\t<meta property=\"og:image:type\" content=\"image\/jpeg\" \/>\n<meta name=\"twitter:card\" content=\"summary_large_image\" \/>\n<meta name=\"twitter:label1\" content=\"Tiempo de lectura\" \/>\n\t<meta name=\"twitter:data1\" content=\"3 minutos\" \/>\n<script type=\"application\/ld+json\" class=\"yoast-schema-graph\">{\"@context\":\"https:\\\/\\\/schema.org\",\"@graph\":[{\"@type\":\"WebPage\",\"@id\":\"https:\\\/\\\/lalaboralaula.es\\\/MP062526\\\/index.php\\\/sza-x-vans\\\/\",\"url\":\"https:\\\/\\\/lalaboralaula.es\\\/MP062526\\\/index.php\\\/sza-x-vans\\\/\",\"name\":\"sneakers exclusivas -\",\"isPartOf\":{\"@id\":\"https:\\\/\\\/lalaboralaula.es\\\/MP062526\\\/#website\"},\"primaryImageOfPage\":{\"@id\":\"https:\\\/\\\/lalaboralaula.es\\\/MP062526\\\/index.php\\\/sza-x-vans\\\/#primaryimage\"},\"image\":{\"@id\":\"https:\\\/\\\/lalaboralaula.es\\\/MP062526\\\/index.php\\\/sza-x-vans\\\/#primaryimage\"},\"thumbnailUrl\":\"https:\\\/\\\/lalaboralaula.es\\\/MP062526\\\/wp-content\\\/uploads\\\/2025\\\/11\\\/sza-x-vans.jpg\",\"datePublished\":\"2025-11-13T18:12:47+00:00\",\"dateModified\":\"2025-11-13T19:36:54+00:00\",\"description\":\"SZA se une a Vans como directora art\u00edstica en una colaboraci\u00f3n que celebra la autenticidad, el estilo y la libertad creativa.\",\"breadcrumb\":{\"@id\":\"https:\\\/\\\/lalaboralaula.es\\\/MP062526\\\/index.php\\\/sza-x-vans\\\/#breadcrumb\"},\"inLanguage\":\"es\",\"potentialAction\":[{\"@type\":\"ReadAction\",\"target\":[\"https:\\\/\\\/lalaboralaula.es\\\/MP062526\\\/index.php\\\/sza-x-vans\\\/\"]}]},{\"@type\":\"ImageObject\",\"inLanguage\":\"es\",\"@id\":\"https:\\\/\\\/lalaboralaula.es\\\/MP062526\\\/index.php\\\/sza-x-vans\\\/#primaryimage\",\"url\":\"https:\\\/\\\/lalaboralaula.es\\\/MP062526\\\/wp-content\\\/uploads\\\/2025\\\/11\\\/sza-x-vans.jpg\",\"contentUrl\":\"https:\\\/\\\/lalaboralaula.es\\\/MP062526\\\/wp-content\\\/uploads\\\/2025\\\/11\\\/sza-x-vans.jpg\",\"width\":1200,\"height\":1105},{\"@type\":\"BreadcrumbList\",\"@id\":\"https:\\\/\\\/lalaboralaula.es\\\/MP062526\\\/index.php\\\/sza-x-vans\\\/#breadcrumb\",\"itemListElement\":[{\"@type\":\"ListItem\",\"position\":1,\"name\":\"Portada\",\"item\":\"https:\\\/\\\/lalaboralaula.es\\\/MP062526\\\/\"},{\"@type\":\"ListItem\",\"position\":2,\"name\":\"sneakers exclusivas\"}]},{\"@type\":\"WebSite\",\"@id\":\"https:\\\/\\\/lalaboralaula.es\\\/MP062526\\\/#website\",\"url\":\"https:\\\/\\\/lalaboralaula.es\\\/MP062526\\\/\",\"name\":\"Comanescu, Mihai Ionut\",\"description\":\"\",\"publisher\":{\"@id\":\"https:\\\/\\\/lalaboralaula.es\\\/MP062526\\\/#organization\"},\"potentialAction\":[{\"@type\":\"SearchAction\",\"target\":{\"@type\":\"EntryPoint\",\"urlTemplate\":\"https:\\\/\\\/lalaboralaula.es\\\/MP062526\\\/?s={search_term_string}\"},\"query-input\":{\"@type\":\"PropertyValueSpecification\",\"valueRequired\":true,\"valueName\":\"search_term_string\"}}],\"inLanguage\":\"es\"},{\"@type\":\"Organization\",\"@id\":\"https:\\\/\\\/lalaboralaula.es\\\/MP062526\\\/#organization\",\"name\":\"Comanescu, Mihai Ionut\",\"url\":\"https:\\\/\\\/lalaboralaula.es\\\/MP062526\\\/\",\"logo\":{\"@type\":\"ImageObject\",\"inLanguage\":\"es\",\"@id\":\"https:\\\/\\\/lalaboralaula.es\\\/MP062526\\\/#\\\/schema\\\/logo\\\/image\\\/\",\"url\":\"https:\\\/\\\/lalaboralaula.es\\\/MP062526\\\/wp-content\\\/uploads\\\/2026\\\/01\\\/Black-And-White-Aesthetic-Minimalist-Modern-Simple-Typography-Coconut-Cosmetics-Logo-1.png\",\"contentUrl\":\"https:\\\/\\\/lalaboralaula.es\\\/MP062526\\\/wp-content\\\/uploads\\\/2026\\\/01\\\/Black-And-White-Aesthetic-Minimalist-Modern-Simple-Typography-Coconut-Cosmetics-Logo-1.png\",\"width\":500,\"height\":500,\"caption\":\"Comanescu, Mihai Ionut\"},\"image\":{\"@id\":\"https:\\\/\\\/lalaboralaula.es\\\/MP062526\\\/#\\\/schema\\\/logo\\\/image\\\/\"}}]}<\/script>\n<!-- \/ Yoast SEO plugin. -->","yoast_head_json":{"title":"sneakers exclusivas -","description":"SZA se une a Vans como directora art\u00edstica en una colaboraci\u00f3n que celebra la autenticidad, el estilo y la libertad creativa.","robots":{"index":"index","follow":"follow","max-snippet":"max-snippet:-1","max-image-preview":"max-image-preview:large","max-video-preview":"max-video-preview:-1"},"canonical":"https:\/\/lalaboralaula.es\/MP062526\/index.php\/sza-x-vans\/","og_locale":"es_ES","og_type":"article","og_title":"sneakers exclusivas -","og_description":"SZA se une a Vans como directora art\u00edstica en una colaboraci\u00f3n que celebra la autenticidad, el estilo y la libertad creativa.","og_url":"https:\/\/lalaboralaula.es\/MP062526\/index.php\/sza-x-vans\/","article_modified_time":"2025-11-13T19:36:54+00:00","og_image":[{"width":1200,"height":1105,"url":"https:\/\/lalaboralaula.es\/MP062526\/wp-content\/uploads\/2025\/11\/sza-x-vans.jpg","type":"image\/jpeg"}],"twitter_card":"summary_large_image","twitter_misc":{"Tiempo de lectura":"3 minutos"},"schema":{"@context":"https:\/\/schema.org","@graph":[{"@type":"WebPage","@id":"https:\/\/lalaboralaula.es\/MP062526\/index.php\/sza-x-vans\/","url":"https:\/\/lalaboralaula.es\/MP062526\/index.php\/sza-x-vans\/","name":"sneakers exclusivas -","isPartOf":{"@id":"https:\/\/lalaboralaula.es\/MP062526\/#website"},"primaryImageOfPage":{"@id":"https:\/\/lalaboralaula.es\/MP062526\/index.php\/sza-x-vans\/#primaryimage"},"image":{"@id":"https:\/\/lalaboralaula.es\/MP062526\/index.php\/sza-x-vans\/#primaryimage"},"thumbnailUrl":"https:\/\/lalaboralaula.es\/MP062526\/wp-content\/uploads\/2025\/11\/sza-x-vans.jpg","datePublished":"2025-11-13T18:12:47+00:00","dateModified":"2025-11-13T19:36:54+00:00","description":"SZA se une a Vans como directora art\u00edstica en una colaboraci\u00f3n que celebra la autenticidad, el estilo y la libertad creativa.","breadcrumb":{"@id":"https:\/\/lalaboralaula.es\/MP062526\/index.php\/sza-x-vans\/#breadcrumb"},"inLanguage":"es","potentialAction":[{"@type":"ReadAction","target":["https:\/\/lalaboralaula.es\/MP062526\/index.php\/sza-x-vans\/"]}]},{"@type":"ImageObject","inLanguage":"es","@id":"https:\/\/lalaboralaula.es\/MP062526\/index.php\/sza-x-vans\/#primaryimage","url":"https:\/\/lalaboralaula.es\/MP062526\/wp-content\/uploads\/2025\/11\/sza-x-vans.jpg","contentUrl":"https:\/\/lalaboralaula.es\/MP062526\/wp-content\/uploads\/2025\/11\/sza-x-vans.jpg","width":1200,"height":1105},{"@type":"BreadcrumbList","@id":"https:\/\/lalaboralaula.es\/MP062526\/index.php\/sza-x-vans\/#breadcrumb","itemListElement":[{"@type":"ListItem","position":1,"name":"Portada","item":"https:\/\/lalaboralaula.es\/MP062526\/"},{"@type":"ListItem","position":2,"name":"sneakers exclusivas"}]},{"@type":"WebSite","@id":"https:\/\/lalaboralaula.es\/MP062526\/#website","url":"https:\/\/lalaboralaula.es\/MP062526\/","name":"Comanescu, Mihai Ionut","description":"","publisher":{"@id":"https:\/\/lalaboralaula.es\/MP062526\/#organization"},"potentialAction":[{"@type":"SearchAction","target":{"@type":"EntryPoint","urlTemplate":"https:\/\/lalaboralaula.es\/MP062526\/?s={search_term_string}"},"query-input":{"@type":"PropertyValueSpecification","valueRequired":true,"valueName":"search_term_string"}}],"inLanguage":"es"},{"@type":"Organization","@id":"https:\/\/lalaboralaula.es\/MP062526\/#organization","name":"Comanescu, Mihai Ionut","url":"https:\/\/lalaboralaula.es\/MP062526\/","logo":{"@type":"ImageObject","inLanguage":"es","@id":"https:\/\/lalaboralaula.es\/MP062526\/#\/schema\/logo\/image\/","url":"https:\/\/lalaboralaula.es\/MP062526\/wp-content\/uploads\/2026\/01\/Black-And-White-Aesthetic-Minimalist-Modern-Simple-Typography-Coconut-Cosmetics-Logo-1.png","contentUrl":"https:\/\/lalaboralaula.es\/MP062526\/wp-content\/uploads\/2026\/01\/Black-And-White-Aesthetic-Minimalist-Modern-Simple-Typography-Coconut-Cosmetics-Logo-1.png","width":500,"height":500,"caption":"Comanescu, Mihai Ionut"},"image":{"@id":"https:\/\/lalaboralaula.es\/MP062526\/#\/schema\/logo\/image\/"}}]}},"_links":{"self":[{"href":"https:\/\/lalaboralaula.es\/MP062526\/index.php\/wp-json\/wp\/v2\/pages\/8","targetHints":{"allow":["GET"]}}],"collection":[{"href":"https:\/\/lalaboralaula.es\/MP062526\/index.php\/wp-json\/wp\/v2\/pages"}],"about":[{"href":"https:\/\/lalaboralaula.es\/MP062526\/index.php\/wp-json\/wp\/v2\/types\/page"}],"author":[{"embeddable":true,"href":"https:\/\/lalaboralaula.es\/MP062526\/index.php\/wp-json\/wp\/v2\/users\/1"}],"replies":[{"embeddable":true,"href":"https:\/\/lalaboralaula.es\/MP062526\/index.php\/wp-json\/wp\/v2\/comments?post=8"}],"version-history":[{"count":2,"href":"https:\/\/lalaboralaula.es\/MP062526\/index.php\/wp-json\/wp\/v2\/pages\/8\/revisions"}],"predecessor-version":[{"id":243,"href":"https:\/\/lalaboralaula.es\/MP062526\/index.php\/wp-json\/wp\/v2\/pages\/8\/revisions\/243"}],"wp:attachment":[{"href":"https:\/\/lalaboralaula.es\/MP062526\/index.php\/wp-json\/wp\/v2\/media?parent=8"}],"curies":[{"name":"wp","href":"https:\/\/api.w.org\/{rel}","templated":true}]}}