{"id":165,"date":"2025-11-20T20:07:56","date_gmt":"2025-11-20T19:07:56","guid":{"rendered":"https:\/\/lalaboralaula.es\/MP052526\/?post_type=product&#038;p=165"},"modified":"2025-11-20T20:21:18","modified_gmt":"2025-11-20T19:21:18","slug":"libro-trazos-del-alma-en-acuarela","status":"publish","type":"product","link":"https:\/\/lalaboralaula.es\/MP052526\/index.php\/producto\/libro-trazos-del-alma-en-acuarela\/","title":{"rendered":"Libro \u00abTrazos del alma en acuarela\u00bb"},"content":{"rendered":"<p>Un diario ilustrado que combina inspiraci\u00f3n y espacio libre en cada doble p\u00e1gina:<br \/>\nFrases motivadoras diarias (por fecha) que invitan a explorar y dar rienda suelta a tus emociones a trav\u00e9s de pintura.<\/p>\n<p>234 p\u00e1ginas en total: en cada par de p\u00e1ginas, la parte izquierda contiene una frase breve y po\u00e9tica para el d\u00eda (p. ej. \u00abHoy deja que el color de tus sue\u00f1os pinte el lienzo de tu realidad\u00bb), mientras que la parte derecha es un lienzo en blanco con un elegante borde met\u00e1lico dorado, listo para tus bocetos, apuntes o acuarelas.<\/p>\n<p>Dise\u00f1o editorial cuidado: portada y cubiertas interiores con suaves salpicaduras en acuarela, tipograf\u00eda en relieve y detalles en dorado.<\/p>\n<p>Ideal para artistas, aficionados a la acuarela y cualquier persona que busque estructurar su pr\u00e1ctica diaria de dibujo o lettering, reflexionando sobre c\u00f3mo a sido su jornada.<\/p>\n","protected":false},"excerpt":{"rendered":"<p>Un diario ilustrado que combina inspiraci\u00f3n y espacio libre en cada doble p\u00e1gina: Frases motivadoras diarias (por fecha) que invitan a explorar y dar rienda suelta a tus emociones a trav\u00e9s de pintura. 234 p\u00e1ginas en total: en cada par de p\u00e1ginas, la parte izquierda contiene una frase breve y po\u00e9tica para el d\u00eda (p. [&hellip;]<\/p>\n","protected":false},"featured_media":166,"comment_status":"open","ping_status":"closed","template":"","meta":[],"product_brand":[],"product_cat":[29,28],"product_tag":[31,30,32],"class_list":{"0":"post-165","1":"product","2":"type-product","3":"status-publish","4":"has-post-thumbnail","6":"product_cat-bullet-journal","7":"product_cat-trazos-del-alma-en-acuarela","8":"product_tag-acuarela","9":"product_tag-bullet-journal","10":"product_tag-diario-creativo","12":"first","13":"instock","14":"taxable","15":"shipping-taxable","16":"purchasable","17":"product-type-simple"},"yoast_head":"<!-- This site is optimized with the Yoast SEO plugin v27.3 - https:\/\/yoast.com\/product\/yoast-seo-wordpress\/ -->\n<title>Libro &quot;Trazos del alma en acuarela&quot; - sneakerxplora<\/title>\n<meta name=\"robots\" content=\"index, follow, max-snippet:-1, max-image-preview:large, max-video-preview:-1\" \/>\n<link rel=\"canonical\" href=\"https:\/\/lalaboralaula.es\/MP052526\/index.php\/producto\/libro-trazos-del-alma-en-acuarela\/\" \/>\n<meta property=\"og:locale\" content=\"es_ES\" \/>\n<meta property=\"og:type\" content=\"article\" \/>\n<meta property=\"og:title\" content=\"Libro &quot;Trazos del alma en acuarela&quot; - sneakerxplora\" \/>\n<meta property=\"og:description\" content=\"Un diario ilustrado que combina inspiraci\u00f3n y espacio libre en cada doble p\u00e1gina: Frases motivadoras diarias (por fecha) que invitan a explorar y dar rienda suelta a tus emociones a trav\u00e9s de pintura. 234 p\u00e1ginas en total: en cada par de p\u00e1ginas, la parte izquierda contiene una frase breve y po\u00e9tica para el d\u00eda (p. [&hellip;]\" \/>\n<meta property=\"og:url\" content=\"https:\/\/lalaboralaula.es\/MP052526\/index.php\/producto\/libro-trazos-del-alma-en-acuarela\/\" \/>\n<meta property=\"og:site_name\" content=\"sneakerxplora\" \/>\n<meta property=\"article:modified_time\" content=\"2025-11-20T19:21:18+00:00\" \/>\n<meta property=\"og:image\" content=\"https:\/\/lalaboralaula.es\/MP052526\/wp-content\/uploads\/2025\/11\/Libros-trazos-del-alma-en-acuarela-y-pegatinas.jpg\" \/>\n\t<meta property=\"og:image:width\" content=\"940\" \/>\n\t<meta property=\"og:image:height\" content=\"940\" \/>\n\t<meta property=\"og:image:type\" content=\"image\/jpeg\" \/>\n<meta name=\"twitter:card\" content=\"summary_large_image\" \/>\n<meta name=\"twitter:label1\" content=\"Tiempo de lectura\" \/>\n\t<meta name=\"twitter:data1\" content=\"1 minuto\" \/>\n<script type=\"application\/ld+json\" class=\"yoast-schema-graph\">{\"@context\":\"https:\\\/\\\/schema.org\",\"@graph\":[{\"@type\":\"WebPage\",\"@id\":\"https:\\\/\\\/lalaboralaula.es\\\/MP052526\\\/index.php\\\/producto\\\/libro-trazos-del-alma-en-acuarela\\\/\",\"url\":\"https:\\\/\\\/lalaboralaula.es\\\/MP052526\\\/index.php\\\/producto\\\/libro-trazos-del-alma-en-acuarela\\\/\",\"name\":\"Libro \\\"Trazos del alma en acuarela\\\" - sneakerxplora\",\"isPartOf\":{\"@id\":\"https:\\\/\\\/lalaboralaula.es\\\/MP052526\\\/#website\"},\"primaryImageOfPage\":{\"@id\":\"https:\\\/\\\/lalaboralaula.es\\\/MP052526\\\/index.php\\\/producto\\\/libro-trazos-del-alma-en-acuarela\\\/#primaryimage\"},\"image\":{\"@id\":\"https:\\\/\\\/lalaboralaula.es\\\/MP052526\\\/index.php\\\/producto\\\/libro-trazos-del-alma-en-acuarela\\\/#primaryimage\"},\"thumbnailUrl\":\"https:\\\/\\\/lalaboralaula.es\\\/MP052526\\\/wp-content\\\/uploads\\\/2025\\\/11\\\/Libros-trazos-del-alma-en-acuarela-y-pegatinas.jpg\",\"datePublished\":\"2025-11-20T19:07:56+00:00\",\"dateModified\":\"2025-11-20T19:21:18+00:00\",\"breadcrumb\":{\"@id\":\"https:\\\/\\\/lalaboralaula.es\\\/MP052526\\\/index.php\\\/producto\\\/libro-trazos-del-alma-en-acuarela\\\/#breadcrumb\"},\"inLanguage\":\"es\",\"potentialAction\":[{\"@type\":\"ReadAction\",\"target\":[\"https:\\\/\\\/lalaboralaula.es\\\/MP052526\\\/index.php\\\/producto\\\/libro-trazos-del-alma-en-acuarela\\\/\"]}]},{\"@type\":\"ImageObject\",\"inLanguage\":\"es\",\"@id\":\"https:\\\/\\\/lalaboralaula.es\\\/MP052526\\\/index.php\\\/producto\\\/libro-trazos-del-alma-en-acuarela\\\/#primaryimage\",\"url\":\"https:\\\/\\\/lalaboralaula.es\\\/MP052526\\\/wp-content\\\/uploads\\\/2025\\\/11\\\/Libros-trazos-del-alma-en-acuarela-y-pegatinas.jpg\",\"contentUrl\":\"https:\\\/\\\/lalaboralaula.es\\\/MP052526\\\/wp-content\\\/uploads\\\/2025\\\/11\\\/Libros-trazos-del-alma-en-acuarela-y-pegatinas.jpg\",\"width\":940,\"height\":940},{\"@type\":\"BreadcrumbList\",\"@id\":\"https:\\\/\\\/lalaboralaula.es\\\/MP052526\\\/index.php\\\/producto\\\/libro-trazos-del-alma-en-acuarela\\\/#breadcrumb\",\"itemListElement\":[{\"@type\":\"ListItem\",\"position\":1,\"name\":\"Portada\",\"item\":\"https:\\\/\\\/lalaboralaula.es\\\/MP052526\\\/\"},{\"@type\":\"ListItem\",\"position\":2,\"name\":\"Tienda\",\"item\":\"https:\\\/\\\/lalaboralaula.es\\\/MP052526\\\/index.php\\\/tienda\\\/\"},{\"@type\":\"ListItem\",\"position\":3,\"name\":\"Libro \u00abTrazos del alma en acuarela\u00bb\"}]},{\"@type\":\"WebSite\",\"@id\":\"https:\\\/\\\/lalaboralaula.es\\\/MP052526\\\/#website\",\"url\":\"https:\\\/\\\/lalaboralaula.es\\\/MP052526\\\/\",\"name\":\"sneakerxplora\",\"description\":\"\",\"publisher\":{\"@id\":\"https:\\\/\\\/lalaboralaula.es\\\/MP052526\\\/#organization\"},\"potentialAction\":[{\"@type\":\"SearchAction\",\"target\":{\"@type\":\"EntryPoint\",\"urlTemplate\":\"https:\\\/\\\/lalaboralaula.es\\\/MP052526\\\/?s={search_term_string}\"},\"query-input\":{\"@type\":\"PropertyValueSpecification\",\"valueRequired\":true,\"valueName\":\"search_term_string\"}}],\"inLanguage\":\"es\"},{\"@type\":\"Organization\",\"@id\":\"https:\\\/\\\/lalaboralaula.es\\\/MP052526\\\/#organization\",\"name\":\"sneakerxplora\",\"url\":\"https:\\\/\\\/lalaboralaula.es\\\/MP052526\\\/\",\"logo\":{\"@type\":\"ImageObject\",\"inLanguage\":\"es\",\"@id\":\"https:\\\/\\\/lalaboralaula.es\\\/MP052526\\\/#\\\/schema\\\/logo\\\/image\\\/\",\"url\":\"https:\\\/\\\/lalaboralaula.es\\\/MP052526\\\/wp-content\\\/uploads\\\/2025\\\/10\\\/Captura-de-pantalla-2025-10-20-201114.png\",\"contentUrl\":\"https:\\\/\\\/lalaboralaula.es\\\/MP052526\\\/wp-content\\\/uploads\\\/2025\\\/10\\\/Captura-de-pantalla-2025-10-20-201114.png\",\"width\":642,\"height\":643,\"caption\":\"sneakerxplora\"},\"image\":{\"@id\":\"https:\\\/\\\/lalaboralaula.es\\\/MP052526\\\/#\\\/schema\\\/logo\\\/image\\\/\"}}]}<\/script>\n<!-- \/ Yoast SEO plugin. -->","yoast_head_json":{"title":"Libro \"Trazos del alma en acuarela\" - sneakerxplora","robots":{"index":"index","follow":"follow","max-snippet":"max-snippet:-1","max-image-preview":"max-image-preview:large","max-video-preview":"max-video-preview:-1"},"canonical":"https:\/\/lalaboralaula.es\/MP052526\/index.php\/producto\/libro-trazos-del-alma-en-acuarela\/","og_locale":"es_ES","og_type":"article","og_title":"Libro \"Trazos del alma en acuarela\" - sneakerxplora","og_description":"Un diario ilustrado que combina inspiraci\u00f3n y espacio libre en cada doble p\u00e1gina: Frases motivadoras diarias (por fecha) que invitan a explorar y dar rienda suelta a tus emociones a trav\u00e9s de pintura. 234 p\u00e1ginas en total: en cada par de p\u00e1ginas, la parte izquierda contiene una frase breve y po\u00e9tica para el d\u00eda (p. [&hellip;]","og_url":"https:\/\/lalaboralaula.es\/MP052526\/index.php\/producto\/libro-trazos-del-alma-en-acuarela\/","og_site_name":"sneakerxplora","article_modified_time":"2025-11-20T19:21:18+00:00","og_image":[{"width":940,"height":940,"url":"https:\/\/lalaboralaula.es\/MP052526\/wp-content\/uploads\/2025\/11\/Libros-trazos-del-alma-en-acuarela-y-pegatinas.jpg","type":"image\/jpeg"}],"twitter_card":"summary_large_image","twitter_misc":{"Tiempo de lectura":"1 minuto"},"schema":{"@context":"https:\/\/schema.org","@graph":[{"@type":"WebPage","@id":"https:\/\/lalaboralaula.es\/MP052526\/index.php\/producto\/libro-trazos-del-alma-en-acuarela\/","url":"https:\/\/lalaboralaula.es\/MP052526\/index.php\/producto\/libro-trazos-del-alma-en-acuarela\/","name":"Libro \"Trazos del alma en acuarela\" - sneakerxplora","isPartOf":{"@id":"https:\/\/lalaboralaula.es\/MP052526\/#website"},"primaryImageOfPage":{"@id":"https:\/\/lalaboralaula.es\/MP052526\/index.php\/producto\/libro-trazos-del-alma-en-acuarela\/#primaryimage"},"image":{"@id":"https:\/\/lalaboralaula.es\/MP052526\/index.php\/producto\/libro-trazos-del-alma-en-acuarela\/#primaryimage"},"thumbnailUrl":"https:\/\/lalaboralaula.es\/MP052526\/wp-content\/uploads\/2025\/11\/Libros-trazos-del-alma-en-acuarela-y-pegatinas.jpg","datePublished":"2025-11-20T19:07:56+00:00","dateModified":"2025-11-20T19:21:18+00:00","breadcrumb":{"@id":"https:\/\/lalaboralaula.es\/MP052526\/index.php\/producto\/libro-trazos-del-alma-en-acuarela\/#breadcrumb"},"inLanguage":"es","potentialAction":[{"@type":"ReadAction","target":["https:\/\/lalaboralaula.es\/MP052526\/index.php\/producto\/libro-trazos-del-alma-en-acuarela\/"]}]},{"@type":"ImageObject","inLanguage":"es","@id":"https:\/\/lalaboralaula.es\/MP052526\/index.php\/producto\/libro-trazos-del-alma-en-acuarela\/#primaryimage","url":"https:\/\/lalaboralaula.es\/MP052526\/wp-content\/uploads\/2025\/11\/Libros-trazos-del-alma-en-acuarela-y-pegatinas.jpg","contentUrl":"https:\/\/lalaboralaula.es\/MP052526\/wp-content\/uploads\/2025\/11\/Libros-trazos-del-alma-en-acuarela-y-pegatinas.jpg","width":940,"height":940},{"@type":"BreadcrumbList","@id":"https:\/\/lalaboralaula.es\/MP052526\/index.php\/producto\/libro-trazos-del-alma-en-acuarela\/#breadcrumb","itemListElement":[{"@type":"ListItem","position":1,"name":"Portada","item":"https:\/\/lalaboralaula.es\/MP052526\/"},{"@type":"ListItem","position":2,"name":"Tienda","item":"https:\/\/lalaboralaula.es\/MP052526\/index.php\/tienda\/"},{"@type":"ListItem","position":3,"name":"Libro \u00abTrazos del alma en acuarela\u00bb"}]},{"@type":"WebSite","@id":"https:\/\/lalaboralaula.es\/MP052526\/#website","url":"https:\/\/lalaboralaula.es\/MP052526\/","name":"sneakerxplora","description":"","publisher":{"@id":"https:\/\/lalaboralaula.es\/MP052526\/#organization"},"potentialAction":[{"@type":"SearchAction","target":{"@type":"EntryPoint","urlTemplate":"https:\/\/lalaboralaula.es\/MP052526\/?s={search_term_string}"},"query-input":{"@type":"PropertyValueSpecification","valueRequired":true,"valueName":"search_term_string"}}],"inLanguage":"es"},{"@type":"Organization","@id":"https:\/\/lalaboralaula.es\/MP052526\/#organization","name":"sneakerxplora","url":"https:\/\/lalaboralaula.es\/MP052526\/","logo":{"@type":"ImageObject","inLanguage":"es","@id":"https:\/\/lalaboralaula.es\/MP052526\/#\/schema\/logo\/image\/","url":"https:\/\/lalaboralaula.es\/MP052526\/wp-content\/uploads\/2025\/10\/Captura-de-pantalla-2025-10-20-201114.png","contentUrl":"https:\/\/lalaboralaula.es\/MP052526\/wp-content\/uploads\/2025\/10\/Captura-de-pantalla-2025-10-20-201114.png","width":642,"height":643,"caption":"sneakerxplora"},"image":{"@id":"https:\/\/lalaboralaula.es\/MP052526\/#\/schema\/logo\/image\/"}}]}},"_links":{"self":[{"href":"https:\/\/lalaboralaula.es\/MP052526\/index.php\/wp-json\/wp\/v2\/product\/165","targetHints":{"allow":["GET"]}}],"collection":[{"href":"https:\/\/lalaboralaula.es\/MP052526\/index.php\/wp-json\/wp\/v2\/product"}],"about":[{"href":"https:\/\/lalaboralaula.es\/MP052526\/index.php\/wp-json\/wp\/v2\/types\/product"}],"replies":[{"embeddable":true,"href":"https:\/\/lalaboralaula.es\/MP052526\/index.php\/wp-json\/wp\/v2\/comments?post=165"}],"wp:featuredmedia":[{"embeddable":true,"href":"https:\/\/lalaboralaula.es\/MP052526\/index.php\/wp-json\/wp\/v2\/media\/166"}],"wp:attachment":[{"href":"https:\/\/lalaboralaula.es\/MP052526\/index.php\/wp-json\/wp\/v2\/media?parent=165"}],"wp:term":[{"taxonomy":"product_brand","embeddable":true,"href":"https:\/\/lalaboralaula.es\/MP052526\/index.php\/wp-json\/wp\/v2\/product_brand?post=165"},{"taxonomy":"product_cat","embeddable":true,"href":"https:\/\/lalaboralaula.es\/MP052526\/index.php\/wp-json\/wp\/v2\/product_cat?post=165"},{"taxonomy":"product_tag","embeddable":true,"href":"https:\/\/lalaboralaula.es\/MP052526\/index.php\/wp-json\/wp\/v2\/product_tag?post=165"}],"curies":[{"name":"wp","href":"https:\/\/api.w.org\/{rel}","templated":true}]}}