{"id":200,"date":"2025-11-06T19:38:34","date_gmt":"2025-11-06T19:38:34","guid":{"rendered":"https:\/\/lalaboralaula.es\/MP012526\/?post_type=product&#038;p=200"},"modified":"2025-11-06T19:38:34","modified_gmt":"2025-11-06T19:38:34","slug":"pack-dia-del-soltero-a","status":"publish","type":"product","link":"https:\/\/lalaboralaula.es\/MP012526\/index.php\/producto\/pack-dia-del-soltero-a\/","title":{"rendered":"Pack d\u00eda del soltero\/a"},"content":{"rendered":"<p data-start=\"60\" data-end=\"302\">Celebra tu autenticidad con este exclusivo pack de Blossmi, que re\u00fane dos piezas ic\u00f3nicas: el Collar \u201cAlea\u201d y los Pendientes \u201cLiora\u201d, dise\u00f1ados para quienes valoran la elegancia serena, la durabilidad y los detalles con significado.<\/p>\n<p data-start=\"304\" data-end=\"770\">El Collar \u201cAlea\u201d destaca por su dise\u00f1o atemporal y sofisticado. Su colgante rectangular en acero inoxidable 316L, con ba\u00f1o de oro de 18 quilates, combina l\u00edneas precisas y brillo c\u00e1lido. En su interior, una frase grabada aporta un toque \u00edntimo y simb\u00f3lico, transformando la joya en un recordatorio de fuerza, amor o prop\u00f3sito. Su cadena fina y ajustable se adapta con ligereza al cuello, acompa\u00f1ando tanto looks cotidianos como momentos especiales.<\/p>\n<p data-start=\"772\" data-end=\"1145\">Los Pendientes \u201cLiora\u201d complementan el conjunto con su dise\u00f1o minimalista y equilibrado. Fabricados tambi\u00e9n en acero inoxidable 316L y disponibles en ba\u00f1o de oro de 18 quilates, ofrecen resistencia, comodidad y un brillo sutil que realza la belleza natural del rostro. Su est\u00e9tica refinada los convierte en un accesorio vers\u00e1til, ideal para cualquier ocasi\u00f3n.<\/p>\n<p data-start=\"1147\" data-end=\"1381\">Juntos, \u201cAlea\u201d y \u201cLiora\u201d forman un d\u00fao que encarna la esencia de Blossmi: elegancia atemporal, significado personal y belleza que perdura. Un pack perfecto para celebrar el D\u00eda del Soltero con estilo, intenci\u00f3n y luz propia.<\/p>\n","protected":false},"excerpt":{"rendered":"<article class=\"text-token-text-primary w-full focus:outline-none [--shadow-height:45px] has-data-writing-block:pointer-events-none has-data-writing-block:-mt-(--shadow-height) has-data-writing-block:pt-(--shadow-height) [&amp;:has([data-writing-block])&gt;*]:pointer-events-auto [content-visibility:auto] supports-[content-visibility:auto]:[contain-intrinsic-size:auto_100lvh] scroll-mt-[calc(var(--header-height)+min(200px,max(70px,20svh)))]\" dir=\"auto\" tabindex=\"-1\" data-turn-id=\"request-WEB:639c398d-08a2-4b66-afe0-554f6996b199-0\" data-testid=\"conversation-turn-2\" data-scroll-anchor=\"true\" data-turn=\"assistant\">\n<div class=\"text-base my-auto mx-auto pb-10 [--thread-content-margin:--spacing(4)] thread-sm:[--thread-content-margin:--spacing(6)] thread-lg:[--thread-content-margin:--spacing(16)] px-(--thread-content-margin)\">\n<div class=\"[--thread-content-max-width:40rem] thread-lg:[--thread-content-max-width:48rem] mx-auto max-w-(--thread-content-max-width) flex-1 group\/turn-messages focus-visible:outline-hidden relative flex w-full min-w-0 flex-col agent-turn\" tabindex=\"-1\">\n<div class=\"flex max-w-full flex-col grow\">\n<div class=\"min-h-8 text-message relative flex w-full flex-col items-end gap-2 text-start break-words whitespace-normal [.text-message+&amp;]:mt-1\" dir=\"auto\" data-message-author-role=\"assistant\" data-message-id=\"3a80e4e0-cc96-4901-9586-d5e79387ec33\" data-message-model-slug=\"gpt-5\">\n<div class=\"flex w-full flex-col gap-1 empty:hidden first:pt-[1px]\">\n<div class=\"markdown prose dark:prose-invert w-full break-words dark markdown-new-styling\">\n<p data-start=\"0\" data-end=\"190\" data-is-last-node=\"\" data-is-only-node=\"\">Celebra tu estilo con este elegante set de joyas: unos pendientes dorados y un colgante a juego, perfectos para brillar y disfrutar de tu libertad con glamour.<\/p>\n<\/div>\n<\/div>\n<\/div>\n<\/div>\n<div class=\"z-0 flex min-h-[46px] justify-start\"><\/div>\n<\/div>\n<\/div>\n<\/article>\n<div class=\"pointer-events-none h-px w-px\" aria-hidden=\"true\" data-edge=\"true\"><\/div>\n","protected":false},"featured_media":201,"comment_status":"open","ping_status":"closed","template":"","meta":[],"product_brand":[],"product_cat":[29,30],"product_tag":[33,32,31],"class_list":{"0":"post-200","1":"product","2":"type-product","3":"status-publish","4":"has-post-thumbnail","6":"product_cat-pack","7":"product_cat-pack-dia-del-soltero","8":"product_tag-joyas","9":"product_tag-kits","10":"product_tag-pack","12":"first","13":"instock","14":"taxable","15":"shipping-taxable","16":"product-type-grouped"},"yoast_head":"<!-- This site is optimized with the Yoast SEO plugin v27.3 - https:\/\/yoast.com\/product\/yoast-seo-wordpress\/ -->\n<title>Pack d\u00eda del soltero\/a - BLOSSMI<\/title>\n<meta name=\"robots\" content=\"index, follow, max-snippet:-1, max-image-preview:large, max-video-preview:-1\" \/>\n<link rel=\"canonical\" href=\"https:\/\/lalaboralaula.es\/MP012526\/index.php\/producto\/pack-dia-del-soltero-a\/\" \/>\n<meta property=\"og:locale\" content=\"es_ES\" \/>\n<meta property=\"og:type\" content=\"article\" \/>\n<meta property=\"og:title\" content=\"Pack d\u00eda del soltero\/a - BLOSSMI\" \/>\n<meta property=\"og:description\" content=\"Celebra tu estilo con este elegante set de joyas: unos pendientes dorados y un colgante a juego, perfectos para brillar y disfrutar de tu libertad con glamour.\" \/>\n<meta property=\"og:url\" content=\"https:\/\/lalaboralaula.es\/MP012526\/index.php\/producto\/pack-dia-del-soltero-a\/\" \/>\n<meta property=\"og:site_name\" content=\"BLOSSMI\" \/>\n<meta property=\"og:image\" content=\"https:\/\/lalaboralaula.es\/MP012526\/wp-content\/uploads\/2025\/11\/Multimedia-2.jpg\" \/>\n\t<meta property=\"og:image:width\" content=\"1024\" \/>\n\t<meta property=\"og:image:height\" content=\"1536\" \/>\n\t<meta property=\"og:image:type\" content=\"image\/jpeg\" \/>\n<meta name=\"twitter:card\" content=\"summary_large_image\" \/>\n<meta name=\"twitter:label1\" content=\"Tiempo de lectura\" \/>\n\t<meta name=\"twitter:data1\" content=\"2 minutos\" \/>\n<script type=\"application\/ld+json\" class=\"yoast-schema-graph\">{\"@context\":\"https:\\\/\\\/schema.org\",\"@graph\":[{\"@type\":\"WebPage\",\"@id\":\"https:\\\/\\\/lalaboralaula.es\\\/MP012526\\\/index.php\\\/producto\\\/pack-dia-del-soltero-a\\\/\",\"url\":\"https:\\\/\\\/lalaboralaula.es\\\/MP012526\\\/index.php\\\/producto\\\/pack-dia-del-soltero-a\\\/\",\"name\":\"Pack d\u00eda del soltero\\\/a - BLOSSMI\",\"isPartOf\":{\"@id\":\"https:\\\/\\\/lalaboralaula.es\\\/MP012526\\\/#website\"},\"primaryImageOfPage\":{\"@id\":\"https:\\\/\\\/lalaboralaula.es\\\/MP012526\\\/index.php\\\/producto\\\/pack-dia-del-soltero-a\\\/#primaryimage\"},\"image\":{\"@id\":\"https:\\\/\\\/lalaboralaula.es\\\/MP012526\\\/index.php\\\/producto\\\/pack-dia-del-soltero-a\\\/#primaryimage\"},\"thumbnailUrl\":\"https:\\\/\\\/lalaboralaula.es\\\/MP012526\\\/wp-content\\\/uploads\\\/2025\\\/11\\\/Multimedia-2.jpg\",\"datePublished\":\"2025-11-06T19:38:34+00:00\",\"breadcrumb\":{\"@id\":\"https:\\\/\\\/lalaboralaula.es\\\/MP012526\\\/index.php\\\/producto\\\/pack-dia-del-soltero-a\\\/#breadcrumb\"},\"inLanguage\":\"es\",\"potentialAction\":[{\"@type\":\"ReadAction\",\"target\":[\"https:\\\/\\\/lalaboralaula.es\\\/MP012526\\\/index.php\\\/producto\\\/pack-dia-del-soltero-a\\\/\"]}]},{\"@type\":\"ImageObject\",\"inLanguage\":\"es\",\"@id\":\"https:\\\/\\\/lalaboralaula.es\\\/MP012526\\\/index.php\\\/producto\\\/pack-dia-del-soltero-a\\\/#primaryimage\",\"url\":\"https:\\\/\\\/lalaboralaula.es\\\/MP012526\\\/wp-content\\\/uploads\\\/2025\\\/11\\\/Multimedia-2.jpg\",\"contentUrl\":\"https:\\\/\\\/lalaboralaula.es\\\/MP012526\\\/wp-content\\\/uploads\\\/2025\\\/11\\\/Multimedia-2.jpg\",\"width\":1024,\"height\":1536,\"caption\":\"Pack de dos de las joyas de la marca\"},{\"@type\":\"BreadcrumbList\",\"@id\":\"https:\\\/\\\/lalaboralaula.es\\\/MP012526\\\/index.php\\\/producto\\\/pack-dia-del-soltero-a\\\/#breadcrumb\",\"itemListElement\":[{\"@type\":\"ListItem\",\"position\":1,\"name\":\"Portada\",\"item\":\"https:\\\/\\\/lalaboralaula.es\\\/MP012526\\\/\"},{\"@type\":\"ListItem\",\"position\":2,\"name\":\"Tienda\",\"item\":\"https:\\\/\\\/lalaboralaula.es\\\/MP012526\\\/index.php\\\/tienda\\\/\"},{\"@type\":\"ListItem\",\"position\":3,\"name\":\"Pack d\u00eda del soltero\\\/a\"}]},{\"@type\":\"WebSite\",\"@id\":\"https:\\\/\\\/lalaboralaula.es\\\/MP012526\\\/#website\",\"url\":\"https:\\\/\\\/lalaboralaula.es\\\/MP012526\\\/\",\"name\":\"BLOSSMI\",\"description\":\"El arte de lo esencial\",\"publisher\":{\"@id\":\"https:\\\/\\\/lalaboralaula.es\\\/MP012526\\\/#organization\"},\"potentialAction\":[{\"@type\":\"SearchAction\",\"target\":{\"@type\":\"EntryPoint\",\"urlTemplate\":\"https:\\\/\\\/lalaboralaula.es\\\/MP012526\\\/?s={search_term_string}\"},\"query-input\":{\"@type\":\"PropertyValueSpecification\",\"valueRequired\":true,\"valueName\":\"search_term_string\"}}],\"inLanguage\":\"es\"},{\"@type\":\"Organization\",\"@id\":\"https:\\\/\\\/lalaboralaula.es\\\/MP012526\\\/#organization\",\"name\":\"BLOSSMI\",\"url\":\"https:\\\/\\\/lalaboralaula.es\\\/MP012526\\\/\",\"logo\":{\"@type\":\"ImageObject\",\"inLanguage\":\"es\",\"@id\":\"https:\\\/\\\/lalaboralaula.es\\\/MP012526\\\/#\\\/schema\\\/logo\\\/image\\\/\",\"url\":\"https:\\\/\\\/lalaboralaula.es\\\/MP012526\\\/wp-content\\\/uploads\\\/2026\\\/01\\\/cropped-generated-image-removebg-preview.png\",\"contentUrl\":\"https:\\\/\\\/lalaboralaula.es\\\/MP012526\\\/wp-content\\\/uploads\\\/2026\\\/01\\\/cropped-generated-image-removebg-preview.png\",\"width\":499,\"height\":118,\"caption\":\"BLOSSMI\"},\"image\":{\"@id\":\"https:\\\/\\\/lalaboralaula.es\\\/MP012526\\\/#\\\/schema\\\/logo\\\/image\\\/\"}}]}<\/script>\n<!-- \/ Yoast SEO plugin. -->","yoast_head_json":{"title":"Pack d\u00eda del soltero\/a - BLOSSMI","robots":{"index":"index","follow":"follow","max-snippet":"max-snippet:-1","max-image-preview":"max-image-preview:large","max-video-preview":"max-video-preview:-1"},"canonical":"https:\/\/lalaboralaula.es\/MP012526\/index.php\/producto\/pack-dia-del-soltero-a\/","og_locale":"es_ES","og_type":"article","og_title":"Pack d\u00eda del soltero\/a - BLOSSMI","og_description":"Celebra tu estilo con este elegante set de joyas: unos pendientes dorados y un colgante a juego, perfectos para brillar y disfrutar de tu libertad con glamour.","og_url":"https:\/\/lalaboralaula.es\/MP012526\/index.php\/producto\/pack-dia-del-soltero-a\/","og_site_name":"BLOSSMI","og_image":[{"width":1024,"height":1536,"url":"https:\/\/lalaboralaula.es\/MP012526\/wp-content\/uploads\/2025\/11\/Multimedia-2.jpg","type":"image\/jpeg"}],"twitter_card":"summary_large_image","twitter_misc":{"Tiempo de lectura":"2 minutos"},"schema":{"@context":"https:\/\/schema.org","@graph":[{"@type":"WebPage","@id":"https:\/\/lalaboralaula.es\/MP012526\/index.php\/producto\/pack-dia-del-soltero-a\/","url":"https:\/\/lalaboralaula.es\/MP012526\/index.php\/producto\/pack-dia-del-soltero-a\/","name":"Pack d\u00eda del soltero\/a - BLOSSMI","isPartOf":{"@id":"https:\/\/lalaboralaula.es\/MP012526\/#website"},"primaryImageOfPage":{"@id":"https:\/\/lalaboralaula.es\/MP012526\/index.php\/producto\/pack-dia-del-soltero-a\/#primaryimage"},"image":{"@id":"https:\/\/lalaboralaula.es\/MP012526\/index.php\/producto\/pack-dia-del-soltero-a\/#primaryimage"},"thumbnailUrl":"https:\/\/lalaboralaula.es\/MP012526\/wp-content\/uploads\/2025\/11\/Multimedia-2.jpg","datePublished":"2025-11-06T19:38:34+00:00","breadcrumb":{"@id":"https:\/\/lalaboralaula.es\/MP012526\/index.php\/producto\/pack-dia-del-soltero-a\/#breadcrumb"},"inLanguage":"es","potentialAction":[{"@type":"ReadAction","target":["https:\/\/lalaboralaula.es\/MP012526\/index.php\/producto\/pack-dia-del-soltero-a\/"]}]},{"@type":"ImageObject","inLanguage":"es","@id":"https:\/\/lalaboralaula.es\/MP012526\/index.php\/producto\/pack-dia-del-soltero-a\/#primaryimage","url":"https:\/\/lalaboralaula.es\/MP012526\/wp-content\/uploads\/2025\/11\/Multimedia-2.jpg","contentUrl":"https:\/\/lalaboralaula.es\/MP012526\/wp-content\/uploads\/2025\/11\/Multimedia-2.jpg","width":1024,"height":1536,"caption":"Pack de dos de las joyas de la marca"},{"@type":"BreadcrumbList","@id":"https:\/\/lalaboralaula.es\/MP012526\/index.php\/producto\/pack-dia-del-soltero-a\/#breadcrumb","itemListElement":[{"@type":"ListItem","position":1,"name":"Portada","item":"https:\/\/lalaboralaula.es\/MP012526\/"},{"@type":"ListItem","position":2,"name":"Tienda","item":"https:\/\/lalaboralaula.es\/MP012526\/index.php\/tienda\/"},{"@type":"ListItem","position":3,"name":"Pack d\u00eda del soltero\/a"}]},{"@type":"WebSite","@id":"https:\/\/lalaboralaula.es\/MP012526\/#website","url":"https:\/\/lalaboralaula.es\/MP012526\/","name":"BLOSSMI","description":"El arte de lo esencial","publisher":{"@id":"https:\/\/lalaboralaula.es\/MP012526\/#organization"},"potentialAction":[{"@type":"SearchAction","target":{"@type":"EntryPoint","urlTemplate":"https:\/\/lalaboralaula.es\/MP012526\/?s={search_term_string}"},"query-input":{"@type":"PropertyValueSpecification","valueRequired":true,"valueName":"search_term_string"}}],"inLanguage":"es"},{"@type":"Organization","@id":"https:\/\/lalaboralaula.es\/MP012526\/#organization","name":"BLOSSMI","url":"https:\/\/lalaboralaula.es\/MP012526\/","logo":{"@type":"ImageObject","inLanguage":"es","@id":"https:\/\/lalaboralaula.es\/MP012526\/#\/schema\/logo\/image\/","url":"https:\/\/lalaboralaula.es\/MP012526\/wp-content\/uploads\/2026\/01\/cropped-generated-image-removebg-preview.png","contentUrl":"https:\/\/lalaboralaula.es\/MP012526\/wp-content\/uploads\/2026\/01\/cropped-generated-image-removebg-preview.png","width":499,"height":118,"caption":"BLOSSMI"},"image":{"@id":"https:\/\/lalaboralaula.es\/MP012526\/#\/schema\/logo\/image\/"}}]}},"_links":{"self":[{"href":"https:\/\/lalaboralaula.es\/MP012526\/index.php\/wp-json\/wp\/v2\/product\/200","targetHints":{"allow":["GET"]}}],"collection":[{"href":"https:\/\/lalaboralaula.es\/MP012526\/index.php\/wp-json\/wp\/v2\/product"}],"about":[{"href":"https:\/\/lalaboralaula.es\/MP012526\/index.php\/wp-json\/wp\/v2\/types\/product"}],"replies":[{"embeddable":true,"href":"https:\/\/lalaboralaula.es\/MP012526\/index.php\/wp-json\/wp\/v2\/comments?post=200"}],"wp:featuredmedia":[{"embeddable":true,"href":"https:\/\/lalaboralaula.es\/MP012526\/index.php\/wp-json\/wp\/v2\/media\/201"}],"wp:attachment":[{"href":"https:\/\/lalaboralaula.es\/MP012526\/index.php\/wp-json\/wp\/v2\/media?parent=200"}],"wp:term":[{"taxonomy":"product_brand","embeddable":true,"href":"https:\/\/lalaboralaula.es\/MP012526\/index.php\/wp-json\/wp\/v2\/product_brand?post=200"},{"taxonomy":"product_cat","embeddable":true,"href":"https:\/\/lalaboralaula.es\/MP012526\/index.php\/wp-json\/wp\/v2\/product_cat?post=200"},{"taxonomy":"product_tag","embeddable":true,"href":"https:\/\/lalaboralaula.es\/MP012526\/index.php\/wp-json\/wp\/v2\/product_tag?post=200"}],"curies":[{"name":"wp","href":"https:\/\/api.w.org\/{rel}","templated":true}]}}