{"id":38,"date":"2025-10-15T18:20:38","date_gmt":"2025-10-15T18:20:38","guid":{"rendered":"https:\/\/lalaboralaula.es\/MP012526\/?page_id=38"},"modified":"2026-01-16T17:58:37","modified_gmt":"2026-01-16T17:58:37","slug":"inicio","status":"publish","type":"page","link":"https:\/\/lalaboralaula.es\/MP012526\/","title":{"rendered":"Inicio"},"content":{"rendered":"\n<div class=\"wp-block-buttons is-layout-flex wp-block-buttons-is-layout-flex\"><\/div>\n\n\n\n<div class=\"wp-block-group alignfull is-content-justification-center\" style=\"margin-top:0;margin-bottom:0;padding-top:calc( 0.5 * var(--wp--style--root--padding-right, var(--wp--custom--gap--horizontal)));padding-right:var(--wp--style--root--padding-right, var(--wp--custom--gap--horizontal));padding-bottom:calc( 0.5 * var(--wp--style--root--padding-right, var(--wp--custom--gap--horizontal)));padding-left:var(--wp--style--root--padding-left, var(--wp--custom--gap--horizontal))\"><div class=\"wp-block-group__inner-container is-layout-constrained wp-container-core-group-is-layout-df757ecc wp-block-group-is-layout-constrained\">\n<div style=\"height:calc( 0.25 * var(--wp--style--root--padding-right, var(--wp--custom--gap--horizontal)))\" aria-hidden=\"true\" class=\"wp-block-spacer\"><\/div>\n\n\n\n<div class=\"wp-block-columns alignwide are-vertically-aligned-center is-layout-flex wp-container-core-columns-is-layout-cbe57604 wp-block-columns-is-layout-flex\">\n<div class=\"wp-block-column is-vertically-aligned-center is-layout-flow wp-block-column-is-layout-flow\" style=\"flex-basis:40%\">\n<figure class=\"wp-block-image size-full\"><img loading=\"lazy\" decoding=\"async\" width=\"1080\" height=\"1350\" src=\"https:\/\/lalaboralaula.es\/MP012526\/wp-content\/uploads\/2026\/01\/Black-White-Gold-Elegant-Jewelry-Earrings-Promo-Instagram-Post.png\" alt=\"\" class=\"wp-image-348\" srcset=\"https:\/\/lalaboralaula.es\/MP012526\/wp-content\/uploads\/2026\/01\/Black-White-Gold-Elegant-Jewelry-Earrings-Promo-Instagram-Post.png 1080w, https:\/\/lalaboralaula.es\/MP012526\/wp-content\/uploads\/2026\/01\/Black-White-Gold-Elegant-Jewelry-Earrings-Promo-Instagram-Post-240x300.png 240w, https:\/\/lalaboralaula.es\/MP012526\/wp-content\/uploads\/2026\/01\/Black-White-Gold-Elegant-Jewelry-Earrings-Promo-Instagram-Post-819x1024.png 819w, https:\/\/lalaboralaula.es\/MP012526\/wp-content\/uploads\/2026\/01\/Black-White-Gold-Elegant-Jewelry-Earrings-Promo-Instagram-Post-768x960.png 768w, https:\/\/lalaboralaula.es\/MP012526\/wp-content\/uploads\/2026\/01\/Black-White-Gold-Elegant-Jewelry-Earrings-Promo-Instagram-Post-416x520.png 416w\" sizes=\"auto, (max-width: 1080px) 100vw, 1080px\" \/><\/figure>\n<\/div>\n\n\n\n<div class=\"wp-block-column is-vertically-aligned-center is-layout-flow wp-block-column-is-layout-flow\">\n<div class=\"wp-block-columns is-layout-flex wp-container-core-columns-is-layout-28f84493 wp-block-columns-is-layout-flex\">\n<div class=\"wp-block-column is-layout-flow wp-block-column-is-layout-flow\" style=\"flex-basis:80%\">\n<h2 class=\"wp-block-heading has-text-color has-link-color wp-elements-5dd1cffee2e1898fa6593a9a9f22cf01\" style=\"color:#7a6b5a\">2026 viene pisando fuerte y queremos anunciar oficialmente, \u00a1La Nueva Colecci\u00f3n!<\/h2>\n\n\n\n<p class=\"has-text-color has-link-color wp-elements-165256deb2e2d75db2c3fc4151072b18\" style=\"color:#7a6c5bba\">Hemos estado trabajando sin parar para poder presentaros nuevas joyas de la marca <strong>Blossmi<\/strong>.<br>El lanzamiento no tardar\u00e1 en salir a la luz. \u00bfY c\u00f3mo puedes enterarte de los primeros? Pues sigui\u00e9ndonos en nuestras redes sociales!!<br><\/p>\n\n\n\n<div class=\"wp-block-buttons is-layout-flex wp-block-buttons-is-layout-flex\">\n<div class=\"wp-block-button is-style-fill\"><a class=\"wp-block-button__link wp-element-button\" href=\"https:\/\/www.instagram.com\/blossmi.joyas\/\" style=\"border-width:100px;border-top-left-radius:100px;border-top-right-radius:100px;border-bottom-left-radius:100px;border-bottom-right-radius:100px\">Nuestro Instagram<\/a><\/div>\n<\/div>\n<\/div>\n\n\n\n<div class=\"wp-block-column is-vertically-aligned-stretch is-layout-flow wp-block-column-is-layout-flow\"><\/div>\n<\/div>\n\n\n\n<div style=\"height:24px\" aria-hidden=\"true\" class=\"wp-block-spacer\"><\/div>\n\n\n\n<div class=\"wp-block-columns is-not-stacked-on-mobile has-medium-font-size is-layout-flex wp-container-core-columns-is-layout-28f84493 wp-block-columns-is-layout-flex\">\n<div class=\"wp-block-column is-layout-flow wp-container-core-column-is-layout-cd8fa203 wp-block-column-is-layout-flow\" style=\"border-left-color:#1e1e1e40;border-left-width:1px;padding-top:0;padding-right:var(--wp--preset--spacing--20);padding-bottom:0;padding-left:var(--wp--preset--spacing--20)\">\n<h3 class=\"wp-block-heading\">100&nbsp;%<\/h3>\n\n\n\n<p>Embalaje ecol\u00f3gico<\/p>\n<\/div>\n\n\n\n<div class=\"wp-block-column is-layout-flow wp-container-core-column-is-layout-cd8fa203 wp-block-column-is-layout-flow\" style=\"border-left-color:#1e1e1e40;border-left-width:1px;padding-top:0;padding-right:var(--wp--preset--spacing--20);padding-bottom:0;padding-left:var(--wp--preset--spacing--20)\">\n<h3 class=\"wp-block-heading\">100%<\/h3>\n\n\n\n<p>Dise\u00f1o exclusivo<\/p>\n<\/div>\n<\/div>\n\n\n\n<div style=\"height:8px\" aria-hidden=\"true\" class=\"wp-block-spacer\"><\/div>\n\n\n\n<div class=\"wp-block-columns is-not-stacked-on-mobile has-medium-font-size is-layout-flex wp-container-core-columns-is-layout-28f84493 wp-block-columns-is-layout-flex\">\n<div class=\"wp-block-column is-layout-flow wp-container-core-column-is-layout-cd8fa203 wp-block-column-is-layout-flow\" style=\"border-left-color:#1e1e1e40;border-left-width:1px;padding-top:0;padding-right:var(--wp--preset--spacing--20);padding-bottom:0;padding-left:var(--wp--preset--spacing--20)\">\n<h3 class=\"wp-block-heading\">100%<\/h3>\n\n\n\n<p>Calidad en los materiales<\/p>\n<\/div>\n\n\n\n<div class=\"wp-block-column is-layout-flow wp-container-core-column-is-layout-cd8fa203 wp-block-column-is-layout-flow\" style=\"border-left-color:#1e1e1e40;border-left-width:1px;padding-top:0;padding-right:var(--wp--preset--spacing--20);padding-bottom:0;padding-left:var(--wp--preset--spacing--20)\">\n<h3 class=\"wp-block-heading\">100&nbsp;%<\/h3>\n\n\n\n<p>Atenci\u00f3n al detalle<\/p>\n<\/div>\n<\/div>\n<\/div>\n<\/div>\n\n\n\n<div style=\"height:9px\" aria-hidden=\"true\" class=\"wp-block-spacer\"><\/div>\n<\/div><\/div>\n\n\n\n<div class=\"wp-block-group alignfull is-content-justification-center\" style=\"margin-top:0;margin-bottom:0;padding-top:calc( 0.5 * var(--wp--style--root--padding-right, var(--wp--custom--gap--horizontal)));padding-right:var(--wp--style--root--padding-right, var(--wp--custom--gap--horizontal));padding-bottom:calc( 0.5 * var(--wp--style--root--padding-right, var(--wp--custom--gap--horizontal)));padding-left:var(--wp--style--root--padding-left, var(--wp--custom--gap--horizontal))\"><div class=\"wp-block-group__inner-container is-layout-constrained wp-container-core-group-is-layout-df757ecc wp-block-group-is-layout-constrained\">\n<div style=\"height:calc( 0.25 * var(--wp--style--root--padding-right, var(--wp--custom--gap--horizontal)))\" aria-hidden=\"true\" class=\"wp-block-spacer\"><\/div>\n\n\n\n<div class=\"wp-block-cover alignfull is-light\" style=\"margin-top:0;margin-bottom:0;padding-top:3%;padding-right:0%;padding-bottom:10%;padding-left:5%;min-height:600px;aspect-ratio:unset;\"><img loading=\"lazy\" decoding=\"async\" width=\"736\" height=\"981\" class=\"wp-block-cover__image-background wp-image-221 size-full\" alt=\"\" src=\"https:\/\/lalaboralaula.es\/MP012526\/wp-content\/uploads\/2025\/11\/descarga-1-2.jpg\" data-object-fit=\"cover\" srcset=\"https:\/\/lalaboralaula.es\/MP012526\/wp-content\/uploads\/2025\/11\/descarga-1-2.jpg 736w, https:\/\/lalaboralaula.es\/MP012526\/wp-content\/uploads\/2025\/11\/descarga-1-2-225x300.jpg 225w, https:\/\/lalaboralaula.es\/MP012526\/wp-content\/uploads\/2025\/11\/descarga-1-2-416x554.jpg 416w\" sizes=\"auto, (max-width: 736px) 100vw, 736px\" \/><span aria-hidden=\"true\" class=\"wp-block-cover__background has-background-dim\" style=\"background-color:#d6c9bf\"><\/span><div class=\"wp-block-cover__inner-container is-layout-flow wp-container-core-cover-is-layout-afcb1702 wp-block-cover-is-layout-flow\">\n<h3 class=\"wp-block-heading\">Tu identidad, en cada detalle.<\/h3>\n\n\n\n<p>Date una oportunidad de conocerte a ti misma.<\/p>\n\n\n\n<div class=\"wp-block-buttons is-layout-flex wp-block-buttons-is-layout-flex\" style=\"margin-top:var(--wp--preset--spacing--30);margin-bottom:var(--wp--preset--spacing--30)\">\n<div class=\"wp-block-button\"><a class=\"wp-block-button__link wp-element-button\" href=\"https:\/\/lalaboralaula.es\/MP012526\/index.php\/tienda\/\" style=\"border-width:100px;border-top-left-radius:100px;border-top-right-radius:100px;border-bottom-left-radius:100px;border-bottom-right-radius:100px\">NUESTRA TIENDA<\/a><\/div>\n<\/div>\n<\/div><\/div>\n\n\n\n<div style=\"height:calc( 0.25 * var(--wp--style--root--padding-right, var(--wp--custom--gap--horizontal)))\" aria-hidden=\"true\" class=\"wp-block-spacer\"><\/div>\n<\/div><\/div>\n\n\n\n<div class=\"wp-block-group alignfull is-content-justification-center\" style=\"margin-top:0;margin-bottom:0;padding-top:calc( 0.5 * var(--wp--style--root--padding-right, var(--wp--custom--gap--horizontal)));padding-right:var(--wp--style--root--padding-right, var(--wp--custom--gap--horizontal));padding-bottom:calc( 0.5 * var(--wp--style--root--padding-right, var(--wp--custom--gap--horizontal)));padding-left:var(--wp--style--root--padding-left, var(--wp--custom--gap--horizontal))\"><div class=\"wp-block-group__inner-container is-layout-constrained wp-container-core-group-is-layout-df757ecc wp-block-group-is-layout-constrained\">\n<div style=\"height:calc( 0.25 * var(--wp--style--root--padding-right, var(--wp--custom--gap--horizontal)))\" aria-hidden=\"true\" class=\"wp-block-spacer\"><\/div>\n\n\n\n<div class=\"wp-block-columns alignwide is-layout-flex wp-container-core-columns-is-layout-b3bd7b48 wp-block-columns-is-layout-flex\" style=\"margin-top:0px;margin-bottom:0px;padding-top:0;padding-right:0;padding-bottom:0;padding-left:0\">\n<div class=\"wp-block-column is-layout-flow wp-block-column-is-layout-flow\">\n<div class=\"wp-block-cover is-light has-custom-content-position is-position-bottom-center has-white-color\" style=\"padding-bottom:56px\"><img loading=\"lazy\" decoding=\"async\" width=\"474\" height=\"614\" class=\"wp-block-cover__image-background wp-image-218 size-full\" alt=\"\" src=\"https:\/\/lalaboralaula.es\/MP012526\/wp-content\/uploads\/2025\/11\/descarga-3.jpg\" data-object-fit=\"cover\" srcset=\"https:\/\/lalaboralaula.es\/MP012526\/wp-content\/uploads\/2025\/11\/descarga-3.jpg 474w, https:\/\/lalaboralaula.es\/MP012526\/wp-content\/uploads\/2025\/11\/descarga-3-232x300.jpg 232w, https:\/\/lalaboralaula.es\/MP012526\/wp-content\/uploads\/2025\/11\/descarga-3-416x539.jpg 416w\" sizes=\"auto, (max-width: 474px) 100vw, 474px\" \/><span aria-hidden=\"true\" class=\"wp-block-cover__background has-background-dim-30 has-background-dim\" style=\"background-color:#929391\"><\/span><div class=\"wp-block-cover__inner-container is-layout-flow wp-block-cover-is-layout-flow\">\n<h4 class=\"wp-block-heading has-text-align-center has-text-color has-link-color wp-elements-fda17c20b35ebaed2b8e098f58b280e3\" style=\"color:#4c4238;margin-bottom:24px\"><strong>Joyas que cambian contigo, estaci\u00f3n tras estaci\u00f3n<\/strong>.<\/h4>\n<\/div><\/div>\n<\/div>\n\n\n\n<div class=\"wp-block-column is-layout-flow wp-block-column-is-layout-flow\">\n<div class=\"wp-block-cover is-light has-custom-content-position is-position-bottom-center has-white-color\" style=\"padding-bottom:56px\"><img loading=\"lazy\" decoding=\"async\" width=\"516\" height=\"757\" class=\"wp-block-cover__image-background wp-image-354 size-full\" alt=\"\" src=\"https:\/\/lalaboralaula.es\/MP012526\/wp-content\/uploads\/2026\/01\/Captura.png\" data-object-fit=\"cover\" srcset=\"https:\/\/lalaboralaula.es\/MP012526\/wp-content\/uploads\/2026\/01\/Captura.png 516w, https:\/\/lalaboralaula.es\/MP012526\/wp-content\/uploads\/2026\/01\/Captura-204x300.png 204w, https:\/\/lalaboralaula.es\/MP012526\/wp-content\/uploads\/2026\/01\/Captura-416x610.png 416w\" sizes=\"auto, (max-width: 516px) 100vw, 516px\" \/><span aria-hidden=\"true\" class=\"wp-block-cover__background has-background-dim-30 has-background-dim\" style=\"background-color:#bab5a7\"><\/span><div class=\"wp-block-cover__inner-container is-layout-flow wp-block-cover-is-layout-flow\">\n<h4 class=\"wp-block-heading has-text-align-center has-text-color has-link-color wp-elements-84b48fdc0979b6d9376b492cc04a510b\" style=\"color:#4c4238;margin-bottom:24px\"><strong>Detalles que cuentan historias<\/strong><\/h4>\n<\/div><\/div>\n<\/div>\n<\/div>\n\n\n\n<div style=\"height:calc( 0.25 * var(--wp--style--root--padding-right, var(--wp--custom--gap--horizontal)))\" aria-hidden=\"true\" class=\"wp-block-spacer\"><\/div>\n<\/div><\/div>\n\n\n\n<figure class=\"wp-block-video\"><video height=\"480\" style=\"aspect-ratio: 854 \/ 480;\" width=\"854\" autoplay controls loop muted src=\"https:\/\/lalaboralaula.es\/MP012526\/wp-content\/uploads\/2026\/01\/Diseno-sin-titulo-2.mp4\" playsinline><\/video><\/figure>\n\n\n\n<p><\/p>\n","protected":false},"excerpt":{"rendered":"<p>2026 viene pisando fuerte y queremos anunciar oficialmente, \u00a1La Nueva Colecci\u00f3n! Hemos estado trabajando sin parar para poder presentaros nuevas joyas de la marca Blossmi.El lanzamiento no tardar\u00e1 en salir a la luz. \u00bfY c\u00f3mo puedes enterarte de los primeros? Pues sigui\u00e9ndonos en nuestras redes sociales!! 100&nbsp;% Embalaje ecol\u00f3gico 100% Dise\u00f1o exclusivo 100% Calidad en [&hellip;]<\/p>\n","protected":false},"author":1,"featured_media":0,"parent":0,"menu_order":0,"comment_status":"closed","ping_status":"closed","template":"template-fullwidth.php","meta":{"footnotes":""},"class_list":["post-38","page","type-page","status-publish","hentry"],"yoast_head":"<!-- This site is optimized with the Yoast SEO plugin v27.3 - https:\/\/yoast.com\/product\/yoast-seo-wordpress\/ -->\n<title>Inicio - BLOSSMI<\/title>\n<meta name=\"robots\" content=\"index, follow, max-snippet:-1, max-image-preview:large, max-video-preview:-1\" \/>\n<link rel=\"canonical\" href=\"https:\/\/lalaboralaula.es\/MP012526\/\" \/>\n<meta property=\"og:locale\" content=\"es_ES\" \/>\n<meta property=\"og:type\" content=\"article\" \/>\n<meta property=\"og:title\" content=\"Inicio - BLOSSMI\" \/>\n<meta property=\"og:description\" content=\"2026 viene pisando fuerte y queremos anunciar oficialmente, \u00a1La Nueva Colecci\u00f3n! Hemos estado trabajando sin parar para poder presentaros nuevas joyas de la marca Blossmi.El lanzamiento no tardar\u00e1 en salir a la luz. \u00bfY c\u00f3mo puedes enterarte de los primeros? Pues sigui\u00e9ndonos en nuestras redes sociales!! 100&nbsp;% Embalaje ecol\u00f3gico 100% Dise\u00f1o exclusivo 100% Calidad en [&hellip;]\" \/>\n<meta property=\"og:url\" content=\"https:\/\/lalaboralaula.es\/MP012526\/\" \/>\n<meta property=\"og:site_name\" content=\"BLOSSMI\" \/>\n<meta property=\"article:modified_time\" content=\"2026-01-16T17:58:37+00:00\" \/>\n<meta property=\"og:image\" content=\"https:\/\/lalaboralaula.es\/MP012526\/wp-content\/uploads\/2026\/01\/Black-White-Gold-Elegant-Jewelry-Earrings-Promo-Instagram-Post.png\" \/>\n\t<meta property=\"og:image:width\" content=\"1080\" \/>\n\t<meta property=\"og:image:height\" content=\"1350\" \/>\n\t<meta property=\"og:image:type\" content=\"image\/png\" \/>\n<meta name=\"twitter:card\" content=\"summary_large_image\" \/>\n<meta name=\"twitter:label1\" content=\"Tiempo de lectura\" \/>\n\t<meta name=\"twitter:data1\" content=\"2 minutos\" \/>\n<script type=\"application\/ld+json\" class=\"yoast-schema-graph\">{\"@context\":\"https:\\\/\\\/schema.org\",\"@graph\":[{\"@type\":\"WebPage\",\"@id\":\"https:\\\/\\\/lalaboralaula.es\\\/MP012526\\\/\",\"url\":\"https:\\\/\\\/lalaboralaula.es\\\/MP012526\\\/\",\"name\":\"Inicio - BLOSSMI\",\"isPartOf\":{\"@id\":\"https:\\\/\\\/lalaboralaula.es\\\/MP012526\\\/#website\"},\"primaryImageOfPage\":{\"@id\":\"https:\\\/\\\/lalaboralaula.es\\\/MP012526\\\/#primaryimage\"},\"image\":{\"@id\":\"https:\\\/\\\/lalaboralaula.es\\\/MP012526\\\/#primaryimage\"},\"thumbnailUrl\":\"https:\\\/\\\/lalaboralaula.es\\\/MP012526\\\/wp-content\\\/uploads\\\/2026\\\/01\\\/Black-White-Gold-Elegant-Jewelry-Earrings-Promo-Instagram-Post.png\",\"datePublished\":\"2025-10-15T18:20:38+00:00\",\"dateModified\":\"2026-01-16T17:58:37+00:00\",\"breadcrumb\":{\"@id\":\"https:\\\/\\\/lalaboralaula.es\\\/MP012526\\\/#breadcrumb\"},\"inLanguage\":\"es\",\"potentialAction\":[{\"@type\":\"ReadAction\",\"target\":[\"https:\\\/\\\/lalaboralaula.es\\\/MP012526\\\/\"]}]},{\"@type\":\"ImageObject\",\"inLanguage\":\"es\",\"@id\":\"https:\\\/\\\/lalaboralaula.es\\\/MP012526\\\/#primaryimage\",\"url\":\"https:\\\/\\\/lalaboralaula.es\\\/MP012526\\\/wp-content\\\/uploads\\\/2026\\\/01\\\/Black-White-Gold-Elegant-Jewelry-Earrings-Promo-Instagram-Post.png\",\"contentUrl\":\"https:\\\/\\\/lalaboralaula.es\\\/MP012526\\\/wp-content\\\/uploads\\\/2026\\\/01\\\/Black-White-Gold-Elegant-Jewelry-Earrings-Promo-Instagram-Post.png\",\"width\":1080,\"height\":1350},{\"@type\":\"BreadcrumbList\",\"@id\":\"https:\\\/\\\/lalaboralaula.es\\\/MP012526\\\/#breadcrumb\",\"itemListElement\":[{\"@type\":\"ListItem\",\"position\":1,\"name\":\"Portada\",\"item\":\"https:\\\/\\\/lalaboralaula.es\\\/MP012526\\\/\"},{\"@type\":\"ListItem\",\"position\":2,\"name\":\"Inicio\"}]},{\"@type\":\"WebSite\",\"@id\":\"https:\\\/\\\/lalaboralaula.es\\\/MP012526\\\/#website\",\"url\":\"https:\\\/\\\/lalaboralaula.es\\\/MP012526\\\/\",\"name\":\"BLOSSMI\",\"description\":\"El arte de lo esencial\",\"publisher\":{\"@id\":\"https:\\\/\\\/lalaboralaula.es\\\/MP012526\\\/#organization\"},\"potentialAction\":[{\"@type\":\"SearchAction\",\"target\":{\"@type\":\"EntryPoint\",\"urlTemplate\":\"https:\\\/\\\/lalaboralaula.es\\\/MP012526\\\/?s={search_term_string}\"},\"query-input\":{\"@type\":\"PropertyValueSpecification\",\"valueRequired\":true,\"valueName\":\"search_term_string\"}}],\"inLanguage\":\"es\"},{\"@type\":\"Organization\",\"@id\":\"https:\\\/\\\/lalaboralaula.es\\\/MP012526\\\/#organization\",\"name\":\"BLOSSMI\",\"url\":\"https:\\\/\\\/lalaboralaula.es\\\/MP012526\\\/\",\"logo\":{\"@type\":\"ImageObject\",\"inLanguage\":\"es\",\"@id\":\"https:\\\/\\\/lalaboralaula.es\\\/MP012526\\\/#\\\/schema\\\/logo\\\/image\\\/\",\"url\":\"https:\\\/\\\/lalaboralaula.es\\\/MP012526\\\/wp-content\\\/uploads\\\/2026\\\/01\\\/cropped-generated-image-removebg-preview.png\",\"contentUrl\":\"https:\\\/\\\/lalaboralaula.es\\\/MP012526\\\/wp-content\\\/uploads\\\/2026\\\/01\\\/cropped-generated-image-removebg-preview.png\",\"width\":499,\"height\":118,\"caption\":\"BLOSSMI\"},\"image\":{\"@id\":\"https:\\\/\\\/lalaboralaula.es\\\/MP012526\\\/#\\\/schema\\\/logo\\\/image\\\/\"}}]}<\/script>\n<!-- \/ Yoast SEO plugin. -->","yoast_head_json":{"title":"Inicio - BLOSSMI","robots":{"index":"index","follow":"follow","max-snippet":"max-snippet:-1","max-image-preview":"max-image-preview:large","max-video-preview":"max-video-preview:-1"},"canonical":"https:\/\/lalaboralaula.es\/MP012526\/","og_locale":"es_ES","og_type":"article","og_title":"Inicio - BLOSSMI","og_description":"2026 viene pisando fuerte y queremos anunciar oficialmente, \u00a1La Nueva Colecci\u00f3n! Hemos estado trabajando sin parar para poder presentaros nuevas joyas de la marca Blossmi.El lanzamiento no tardar\u00e1 en salir a la luz. \u00bfY c\u00f3mo puedes enterarte de los primeros? Pues sigui\u00e9ndonos en nuestras redes sociales!! 100&nbsp;% Embalaje ecol\u00f3gico 100% Dise\u00f1o exclusivo 100% Calidad en [&hellip;]","og_url":"https:\/\/lalaboralaula.es\/MP012526\/","og_site_name":"BLOSSMI","article_modified_time":"2026-01-16T17:58:37+00:00","og_image":[{"width":1080,"height":1350,"url":"https:\/\/lalaboralaula.es\/MP012526\/wp-content\/uploads\/2026\/01\/Black-White-Gold-Elegant-Jewelry-Earrings-Promo-Instagram-Post.png","type":"image\/png"}],"twitter_card":"summary_large_image","twitter_misc":{"Tiempo de lectura":"2 minutos"},"schema":{"@context":"https:\/\/schema.org","@graph":[{"@type":"WebPage","@id":"https:\/\/lalaboralaula.es\/MP012526\/","url":"https:\/\/lalaboralaula.es\/MP012526\/","name":"Inicio - BLOSSMI","isPartOf":{"@id":"https:\/\/lalaboralaula.es\/MP012526\/#website"},"primaryImageOfPage":{"@id":"https:\/\/lalaboralaula.es\/MP012526\/#primaryimage"},"image":{"@id":"https:\/\/lalaboralaula.es\/MP012526\/#primaryimage"},"thumbnailUrl":"https:\/\/lalaboralaula.es\/MP012526\/wp-content\/uploads\/2026\/01\/Black-White-Gold-Elegant-Jewelry-Earrings-Promo-Instagram-Post.png","datePublished":"2025-10-15T18:20:38+00:00","dateModified":"2026-01-16T17:58:37+00:00","breadcrumb":{"@id":"https:\/\/lalaboralaula.es\/MP012526\/#breadcrumb"},"inLanguage":"es","potentialAction":[{"@type":"ReadAction","target":["https:\/\/lalaboralaula.es\/MP012526\/"]}]},{"@type":"ImageObject","inLanguage":"es","@id":"https:\/\/lalaboralaula.es\/MP012526\/#primaryimage","url":"https:\/\/lalaboralaula.es\/MP012526\/wp-content\/uploads\/2026\/01\/Black-White-Gold-Elegant-Jewelry-Earrings-Promo-Instagram-Post.png","contentUrl":"https:\/\/lalaboralaula.es\/MP012526\/wp-content\/uploads\/2026\/01\/Black-White-Gold-Elegant-Jewelry-Earrings-Promo-Instagram-Post.png","width":1080,"height":1350},{"@type":"BreadcrumbList","@id":"https:\/\/lalaboralaula.es\/MP012526\/#breadcrumb","itemListElement":[{"@type":"ListItem","position":1,"name":"Portada","item":"https:\/\/lalaboralaula.es\/MP012526\/"},{"@type":"ListItem","position":2,"name":"Inicio"}]},{"@type":"WebSite","@id":"https:\/\/lalaboralaula.es\/MP012526\/#website","url":"https:\/\/lalaboralaula.es\/MP012526\/","name":"BLOSSMI","description":"El arte de lo esencial","publisher":{"@id":"https:\/\/lalaboralaula.es\/MP012526\/#organization"},"potentialAction":[{"@type":"SearchAction","target":{"@type":"EntryPoint","urlTemplate":"https:\/\/lalaboralaula.es\/MP012526\/?s={search_term_string}"},"query-input":{"@type":"PropertyValueSpecification","valueRequired":true,"valueName":"search_term_string"}}],"inLanguage":"es"},{"@type":"Organization","@id":"https:\/\/lalaboralaula.es\/MP012526\/#organization","name":"BLOSSMI","url":"https:\/\/lalaboralaula.es\/MP012526\/","logo":{"@type":"ImageObject","inLanguage":"es","@id":"https:\/\/lalaboralaula.es\/MP012526\/#\/schema\/logo\/image\/","url":"https:\/\/lalaboralaula.es\/MP012526\/wp-content\/uploads\/2026\/01\/cropped-generated-image-removebg-preview.png","contentUrl":"https:\/\/lalaboralaula.es\/MP012526\/wp-content\/uploads\/2026\/01\/cropped-generated-image-removebg-preview.png","width":499,"height":118,"caption":"BLOSSMI"},"image":{"@id":"https:\/\/lalaboralaula.es\/MP012526\/#\/schema\/logo\/image\/"}}]}},"_links":{"self":[{"href":"https:\/\/lalaboralaula.es\/MP012526\/index.php\/wp-json\/wp\/v2\/pages\/38","targetHints":{"allow":["GET"]}}],"collection":[{"href":"https:\/\/lalaboralaula.es\/MP012526\/index.php\/wp-json\/wp\/v2\/pages"}],"about":[{"href":"https:\/\/lalaboralaula.es\/MP012526\/index.php\/wp-json\/wp\/v2\/types\/page"}],"author":[{"embeddable":true,"href":"https:\/\/lalaboralaula.es\/MP012526\/index.php\/wp-json\/wp\/v2\/users\/1"}],"replies":[{"embeddable":true,"href":"https:\/\/lalaboralaula.es\/MP012526\/index.php\/wp-json\/wp\/v2\/comments?post=38"}],"version-history":[{"count":24,"href":"https:\/\/lalaboralaula.es\/MP012526\/index.php\/wp-json\/wp\/v2\/pages\/38\/revisions"}],"predecessor-version":[{"id":372,"href":"https:\/\/lalaboralaula.es\/MP012526\/index.php\/wp-json\/wp\/v2\/pages\/38\/revisions\/372"}],"wp:attachment":[{"href":"https:\/\/lalaboralaula.es\/MP012526\/index.php\/wp-json\/wp\/v2\/media?parent=38"}],"curies":[{"name":"wp","href":"https:\/\/api.w.org\/{rel}","templated":true}]}}