{"id":169,"date":"2025-11-28T16:55:47","date_gmt":"2025-11-28T16:55:47","guid":{"rendered":"https:\/\/lalaboralaula.es\/GV172526\/?post_type=product&#038;p=169"},"modified":"2025-11-28T16:55:47","modified_gmt":"2025-11-28T16:55:47","slug":"estuche-de-acuarelas-trazos-del-alma-en-acuarela","status":"publish","type":"product","link":"https:\/\/lalaboralaula.es\/GV172526\/index.php\/producto\/estuche-de-acuarelas-trazos-del-alma-en-acuarela\/","title":{"rendered":"Estuche de acuarelas Trazos del alma en acuarela"},"content":{"rendered":"<p>Estuche met\u00e1lico elegante con suave lavado en tonos pastel y tipograf\u00eda en foil dorado, que alberga 24 plantillas de acuarela de pigmentaci\u00f3n intensa y alta fluidez, perfectas para lograr lavados translucidos o colores vibrantes. cada pastilla descansa en compartimento individual para evitar derrames, y la tapa de despliega para funcionar como paleta de mezcla. dise\u00f1ado para complementar el diario creativo \u00abtrazos del alma en acuarela\u00bb, este set ofrece una experiencia art\u00edstica completa desde la inspiraci\u00f3n literaria hasta la expresi\u00f3n crom\u00e1tica mas refinada.<\/p>\n<p>variaciones disponibles: acuarelas 24 colores \u00abtrazos del alma\u00bb y set \u00abacuarelas 24 colores + 23 pinceles trazos del alma\u00bb<\/p>\n<p>Caracter\u00edsticas principales compartidas:<\/p>\n<ul>\n<li>Formato del estuche: Caja met\u00e1lica resistente con tapa delegable que sirve de paleta<\/li>\n<li>Dise\u00f1o exterior de la caja: suave lavado acuarela en tonos pastel con tipografia en foil dorado<\/li>\n<li>Materiales de la caja: metal<\/li>\n<li>Idioma: espa\u00f1ol<\/li>\n<li>Compativilidad: dise\u00f1ado para complementar el diario creativo \u00abtrazos del alma en acuarela\u00bb<\/li>\n<\/ul>\n","protected":false},"excerpt":{"rendered":"<p>Estuche met\u00e1lico elegante con suave lavado en tonos pastel y tipograf\u00eda en foil dorado, que alberga 24 plantillas de acuarela de pigmentaci\u00f3n intensa y alta fluidez, perfectas para lograr lavados translucidos o colores vibrantes. cada pastilla descansa en compartimento individual para evitar derrames, y la tapa de despliega para funcionar como paleta de mezcla. dise\u00f1ado [&hellip;]<\/p>\n","protected":false},"featured_media":172,"comment_status":"open","ping_status":"closed","template":"","meta":[],"product_brand":[],"product_cat":[38,33],"product_tag":[39,41,40],"class_list":{"0":"post-169","1":"product","2":"type-product","3":"status-publish","4":"has-post-thumbnail","6":"product_cat-acuarelas","7":"product_cat-trazados-del-alma-en-acuarela","8":"product_tag-acuarelas","9":"product_tag-pinceles","10":"product_tag-pintura","12":"first","13":"instock","14":"taxable","15":"shipping-taxable","16":"purchasable","17":"product-type-variable"},"yoast_head":"<!-- This site is optimized with the Yoast SEO plugin v26.8 - https:\/\/yoast.com\/product\/yoast-seo-wordpress\/ -->\n<title>Estuche de acuarelas Trazos del alma en acuarela - Accesorios Quiros<\/title>\n<meta name=\"robots\" content=\"index, follow, max-snippet:-1, max-image-preview:large, max-video-preview:-1\" \/>\n<link rel=\"canonical\" href=\"https:\/\/lalaboralaula.es\/GV172526\/index.php\/producto\/estuche-de-acuarelas-trazos-del-alma-en-acuarela\/\" \/>\n<meta property=\"og:locale\" content=\"es_ES\" \/>\n<meta property=\"og:type\" content=\"article\" \/>\n<meta property=\"og:title\" content=\"Estuche de acuarelas Trazos del alma en acuarela - Accesorios Quiros\" \/>\n<meta property=\"og:description\" content=\"Estuche met\u00e1lico elegante con suave lavado en tonos pastel y tipograf\u00eda en foil dorado, que alberga 24 plantillas de acuarela de pigmentaci\u00f3n intensa y alta fluidez, perfectas para lograr lavados translucidos o colores vibrantes. cada pastilla descansa en compartimento individual para evitar derrames, y la tapa de despliega para funcionar como paleta de mezcla. dise\u00f1ado [&hellip;]\" \/>\n<meta property=\"og:url\" content=\"https:\/\/lalaboralaula.es\/GV172526\/index.php\/producto\/estuche-de-acuarelas-trazos-del-alma-en-acuarela\/\" \/>\n<meta property=\"og:site_name\" content=\"Accesorios Quiros\" \/>\n<meta property=\"og:image\" content=\"https:\/\/lalaboralaula.es\/GV172526\/wp-content\/uploads\/2025\/11\/md6.jpg\" \/>\n\t<meta property=\"og:image:width\" content=\"320\" \/>\n\t<meta property=\"og:image:height\" content=\"400\" \/>\n\t<meta property=\"og:image:type\" content=\"image\/jpeg\" \/>\n<meta name=\"twitter:card\" content=\"summary_large_image\" \/>\n<meta name=\"twitter:label1\" content=\"Tiempo de lectura\" \/>\n\t<meta name=\"twitter:data1\" content=\"1 minuto\" \/>\n<script type=\"application\/ld+json\" class=\"yoast-schema-graph\">{\"@context\":\"https:\/\/schema.org\",\"@graph\":[{\"@type\":\"WebPage\",\"@id\":\"https:\/\/lalaboralaula.es\/GV172526\/index.php\/producto\/estuche-de-acuarelas-trazos-del-alma-en-acuarela\/\",\"url\":\"https:\/\/lalaboralaula.es\/GV172526\/index.php\/producto\/estuche-de-acuarelas-trazos-del-alma-en-acuarela\/\",\"name\":\"Estuche de acuarelas Trazos del alma en acuarela - Accesorios Quiros\",\"isPartOf\":{\"@id\":\"https:\/\/lalaboralaula.es\/GV172526\/#website\"},\"primaryImageOfPage\":{\"@id\":\"https:\/\/lalaboralaula.es\/GV172526\/index.php\/producto\/estuche-de-acuarelas-trazos-del-alma-en-acuarela\/#primaryimage\"},\"image\":{\"@id\":\"https:\/\/lalaboralaula.es\/GV172526\/index.php\/producto\/estuche-de-acuarelas-trazos-del-alma-en-acuarela\/#primaryimage\"},\"thumbnailUrl\":\"https:\/\/lalaboralaula.es\/GV172526\/wp-content\/uploads\/2025\/11\/md6.jpg\",\"datePublished\":\"2025-11-28T16:55:47+00:00\",\"breadcrumb\":{\"@id\":\"https:\/\/lalaboralaula.es\/GV172526\/index.php\/producto\/estuche-de-acuarelas-trazos-del-alma-en-acuarela\/#breadcrumb\"},\"inLanguage\":\"es\",\"potentialAction\":[{\"@type\":\"ReadAction\",\"target\":[\"https:\/\/lalaboralaula.es\/GV172526\/index.php\/producto\/estuche-de-acuarelas-trazos-del-alma-en-acuarela\/\"]}]},{\"@type\":\"ImageObject\",\"inLanguage\":\"es\",\"@id\":\"https:\/\/lalaboralaula.es\/GV172526\/index.php\/producto\/estuche-de-acuarelas-trazos-del-alma-en-acuarela\/#primaryimage\",\"url\":\"https:\/\/lalaboralaula.es\/GV172526\/wp-content\/uploads\/2025\/11\/md6.jpg\",\"contentUrl\":\"https:\/\/lalaboralaula.es\/GV172526\/wp-content\/uploads\/2025\/11\/md6.jpg\",\"width\":320,\"height\":400},{\"@type\":\"BreadcrumbList\",\"@id\":\"https:\/\/lalaboralaula.es\/GV172526\/index.php\/producto\/estuche-de-acuarelas-trazos-del-alma-en-acuarela\/#breadcrumb\",\"itemListElement\":[{\"@type\":\"ListItem\",\"position\":1,\"name\":\"Portada\",\"item\":\"https:\/\/lalaboralaula.es\/GV172526\/\"},{\"@type\":\"ListItem\",\"position\":2,\"name\":\"Tienda\",\"item\":\"https:\/\/lalaboralaula.es\/GV172526\/index.php\/tienda\/\"},{\"@type\":\"ListItem\",\"position\":3,\"name\":\"Estuche de acuarelas Trazos del alma en acuarela\"}]},{\"@type\":\"WebSite\",\"@id\":\"https:\/\/lalaboralaula.es\/GV172526\/#website\",\"url\":\"https:\/\/lalaboralaula.es\/GV172526\/\",\"name\":\"Accesorios Quiros\",\"description\":\"\",\"publisher\":{\"@id\":\"https:\/\/lalaboralaula.es\/GV172526\/#organization\"},\"potentialAction\":[{\"@type\":\"SearchAction\",\"target\":{\"@type\":\"EntryPoint\",\"urlTemplate\":\"https:\/\/lalaboralaula.es\/GV172526\/?s={search_term_string}\"},\"query-input\":{\"@type\":\"PropertyValueSpecification\",\"valueRequired\":true,\"valueName\":\"search_term_string\"}}],\"inLanguage\":\"es\"},{\"@type\":\"Organization\",\"@id\":\"https:\/\/lalaboralaula.es\/GV172526\/#organization\",\"name\":\"Accesorios Quiros\",\"url\":\"https:\/\/lalaboralaula.es\/GV172526\/\",\"logo\":{\"@type\":\"ImageObject\",\"inLanguage\":\"es\",\"@id\":\"https:\/\/lalaboralaula.es\/GV172526\/#\/schema\/logo\/image\/\",\"url\":\"https:\/\/lalaboralaula.es\/GV172526\/wp-content\/uploads\/2025\/10\/quiros.png\",\"contentUrl\":\"https:\/\/lalaboralaula.es\/GV172526\/wp-content\/uploads\/2025\/10\/quiros.png\",\"width\":1024,\"height\":1024,\"caption\":\"Accesorios Quiros\"},\"image\":{\"@id\":\"https:\/\/lalaboralaula.es\/GV172526\/#\/schema\/logo\/image\/\"}}]}<\/script>\n<!-- \/ Yoast SEO plugin. -->","yoast_head_json":{"title":"Estuche de acuarelas Trazos del alma en acuarela - Accesorios Quiros","robots":{"index":"index","follow":"follow","max-snippet":"max-snippet:-1","max-image-preview":"max-image-preview:large","max-video-preview":"max-video-preview:-1"},"canonical":"https:\/\/lalaboralaula.es\/GV172526\/index.php\/producto\/estuche-de-acuarelas-trazos-del-alma-en-acuarela\/","og_locale":"es_ES","og_type":"article","og_title":"Estuche de acuarelas Trazos del alma en acuarela - Accesorios Quiros","og_description":"Estuche met\u00e1lico elegante con suave lavado en tonos pastel y tipograf\u00eda en foil dorado, que alberga 24 plantillas de acuarela de pigmentaci\u00f3n intensa y alta fluidez, perfectas para lograr lavados translucidos o colores vibrantes. cada pastilla descansa en compartimento individual para evitar derrames, y la tapa de despliega para funcionar como paleta de mezcla. dise\u00f1ado [&hellip;]","og_url":"https:\/\/lalaboralaula.es\/GV172526\/index.php\/producto\/estuche-de-acuarelas-trazos-del-alma-en-acuarela\/","og_site_name":"Accesorios Quiros","og_image":[{"width":320,"height":400,"url":"https:\/\/lalaboralaula.es\/GV172526\/wp-content\/uploads\/2025\/11\/md6.jpg","type":"image\/jpeg"}],"twitter_card":"summary_large_image","twitter_misc":{"Tiempo de lectura":"1 minuto"},"schema":{"@context":"https:\/\/schema.org","@graph":[{"@type":"WebPage","@id":"https:\/\/lalaboralaula.es\/GV172526\/index.php\/producto\/estuche-de-acuarelas-trazos-del-alma-en-acuarela\/","url":"https:\/\/lalaboralaula.es\/GV172526\/index.php\/producto\/estuche-de-acuarelas-trazos-del-alma-en-acuarela\/","name":"Estuche de acuarelas Trazos del alma en acuarela - Accesorios Quiros","isPartOf":{"@id":"https:\/\/lalaboralaula.es\/GV172526\/#website"},"primaryImageOfPage":{"@id":"https:\/\/lalaboralaula.es\/GV172526\/index.php\/producto\/estuche-de-acuarelas-trazos-del-alma-en-acuarela\/#primaryimage"},"image":{"@id":"https:\/\/lalaboralaula.es\/GV172526\/index.php\/producto\/estuche-de-acuarelas-trazos-del-alma-en-acuarela\/#primaryimage"},"thumbnailUrl":"https:\/\/lalaboralaula.es\/GV172526\/wp-content\/uploads\/2025\/11\/md6.jpg","datePublished":"2025-11-28T16:55:47+00:00","breadcrumb":{"@id":"https:\/\/lalaboralaula.es\/GV172526\/index.php\/producto\/estuche-de-acuarelas-trazos-del-alma-en-acuarela\/#breadcrumb"},"inLanguage":"es","potentialAction":[{"@type":"ReadAction","target":["https:\/\/lalaboralaula.es\/GV172526\/index.php\/producto\/estuche-de-acuarelas-trazos-del-alma-en-acuarela\/"]}]},{"@type":"ImageObject","inLanguage":"es","@id":"https:\/\/lalaboralaula.es\/GV172526\/index.php\/producto\/estuche-de-acuarelas-trazos-del-alma-en-acuarela\/#primaryimage","url":"https:\/\/lalaboralaula.es\/GV172526\/wp-content\/uploads\/2025\/11\/md6.jpg","contentUrl":"https:\/\/lalaboralaula.es\/GV172526\/wp-content\/uploads\/2025\/11\/md6.jpg","width":320,"height":400},{"@type":"BreadcrumbList","@id":"https:\/\/lalaboralaula.es\/GV172526\/index.php\/producto\/estuche-de-acuarelas-trazos-del-alma-en-acuarela\/#breadcrumb","itemListElement":[{"@type":"ListItem","position":1,"name":"Portada","item":"https:\/\/lalaboralaula.es\/GV172526\/"},{"@type":"ListItem","position":2,"name":"Tienda","item":"https:\/\/lalaboralaula.es\/GV172526\/index.php\/tienda\/"},{"@type":"ListItem","position":3,"name":"Estuche de acuarelas Trazos del alma en acuarela"}]},{"@type":"WebSite","@id":"https:\/\/lalaboralaula.es\/GV172526\/#website","url":"https:\/\/lalaboralaula.es\/GV172526\/","name":"Accesorios Quiros","description":"","publisher":{"@id":"https:\/\/lalaboralaula.es\/GV172526\/#organization"},"potentialAction":[{"@type":"SearchAction","target":{"@type":"EntryPoint","urlTemplate":"https:\/\/lalaboralaula.es\/GV172526\/?s={search_term_string}"},"query-input":{"@type":"PropertyValueSpecification","valueRequired":true,"valueName":"search_term_string"}}],"inLanguage":"es"},{"@type":"Organization","@id":"https:\/\/lalaboralaula.es\/GV172526\/#organization","name":"Accesorios Quiros","url":"https:\/\/lalaboralaula.es\/GV172526\/","logo":{"@type":"ImageObject","inLanguage":"es","@id":"https:\/\/lalaboralaula.es\/GV172526\/#\/schema\/logo\/image\/","url":"https:\/\/lalaboralaula.es\/GV172526\/wp-content\/uploads\/2025\/10\/quiros.png","contentUrl":"https:\/\/lalaboralaula.es\/GV172526\/wp-content\/uploads\/2025\/10\/quiros.png","width":1024,"height":1024,"caption":"Accesorios Quiros"},"image":{"@id":"https:\/\/lalaboralaula.es\/GV172526\/#\/schema\/logo\/image\/"}}]}},"_links":{"self":[{"href":"https:\/\/lalaboralaula.es\/GV172526\/index.php\/wp-json\/wp\/v2\/product\/169","targetHints":{"allow":["GET"]}}],"collection":[{"href":"https:\/\/lalaboralaula.es\/GV172526\/index.php\/wp-json\/wp\/v2\/product"}],"about":[{"href":"https:\/\/lalaboralaula.es\/GV172526\/index.php\/wp-json\/wp\/v2\/types\/product"}],"replies":[{"embeddable":true,"href":"https:\/\/lalaboralaula.es\/GV172526\/index.php\/wp-json\/wp\/v2\/comments?post=169"}],"wp:featuredmedia":[{"embeddable":true,"href":"https:\/\/lalaboralaula.es\/GV172526\/index.php\/wp-json\/wp\/v2\/media\/172"}],"wp:attachment":[{"href":"https:\/\/lalaboralaula.es\/GV172526\/index.php\/wp-json\/wp\/v2\/media?parent=169"}],"wp:term":[{"taxonomy":"product_brand","embeddable":true,"href":"https:\/\/lalaboralaula.es\/GV172526\/index.php\/wp-json\/wp\/v2\/product_brand?post=169"},{"taxonomy":"product_cat","embeddable":true,"href":"https:\/\/lalaboralaula.es\/GV172526\/index.php\/wp-json\/wp\/v2\/product_cat?post=169"},{"taxonomy":"product_tag","embeddable":true,"href":"https:\/\/lalaboralaula.es\/GV172526\/index.php\/wp-json\/wp\/v2\/product_tag?post=169"}],"curies":[{"name":"wp","href":"https:\/\/api.w.org\/{rel}","templated":true}]}}