{"id":164,"date":"2025-11-28T16:11:37","date_gmt":"2025-11-28T16:11:37","guid":{"rendered":"https:\/\/lalaboralaula.es\/GV172526\/?post_type=product&#038;p=164"},"modified":"2025-11-28T17:02:03","modified_gmt":"2025-11-28T17:02:03","slug":"libro-trazados-del-alma-en-acuarela","status":"publish","type":"product","link":"https:\/\/lalaboralaula.es\/GV172526\/index.php\/producto\/libro-trazados-del-alma-en-acuarela\/","title":{"rendered":"Libro Trazados del alma en acuarela"},"content":{"rendered":"<p><strong>Trazados del alma en acuarela<\/strong> es un volumen en tapa dura acompa\u00f1ado de un set de pegatinas y washi tape tem\u00e1ticas, dise\u00f1ado para atesorar recuerdos y decorar cada pagina con un toque de acuarela dorad.<\/p>\n<p>Trazados del alma en acuarela es un diario en formato tapa dura pensado para acompa\u00f1ar tu proceso creativo diario. con 234 paginas, cada jornada se inicia con una frase motivadora que inspire a plasmar tu experiencia en acuarelas y bocetos, y finaliza con un espacio en blanco bordeado en dorado para que registres con total libertad lo que hayas dibujado o sentido ese d\u00eda.<\/p>\n<p>un diario ilustrado que combina inspiracion y espacio libre en cada doble pagina:<\/p>\n<p><strong>Frases motivadoras diarias<\/strong> (por fecha) que invitan a explorar y dar rienda suelta a tos emociones a trav\u00e9s de la pintura.<\/p>\n<p><strong>234\u00a0paginas\u00a0<\/strong>en total: en cada par de paginas, la parte izquierda contiene una frase breve y po\u00e9tica para el d\u00eda (p. ej. \u00abhoy deja que el color de tus sue\u00f1os pinte el lienzo de tu realidad\u00bb), mientras que la parte derecha es un lienzo en blanco con un elegante borde met\u00e1lico dorado, listo para tus bocetos, apuntes o acuarelas.<\/p>\n<p><strong>dise\u00f1o editorial cuidado<\/strong>: portada y cubiertas interiores con suaves salpicaduras en acuarela, tipograf\u00eda en relieve y detalles en dorado.<\/p>\n<p>ideal para artistas, aficionados a la acuarela y cualquier persona que busque estructurar su practica diaria de dibujo o lettering, reflexionando sobre como ha sido tu jornada.<\/p>\n<p>&nbsp;<\/p>\n<p><img loading=\"lazy\" decoding=\"async\" class=\"alignnone size-medium wp-image-165\" src=\"https:\/\/lalaboralaula.es\/GV172526\/wp-content\/uploads\/2025\/11\/md2-224x300.jpg\" alt=\"\" width=\"224\" height=\"300\" srcset=\"https:\/\/lalaboralaula.es\/GV172526\/wp-content\/uploads\/2025\/11\/md2-224x300.jpg 224w, https:\/\/lalaboralaula.es\/GV172526\/wp-content\/uploads\/2025\/11\/md2.jpg 267w\" sizes=\"auto, (max-width: 224px) 100vw, 224px\" \/><\/p>\n<p><img loading=\"lazy\" decoding=\"async\" class=\"alignnone size-medium wp-image-166\" src=\"https:\/\/lalaboralaula.es\/GV172526\/wp-content\/uploads\/2025\/11\/md3-300x226.jpg\" alt=\"\" width=\"300\" height=\"226\" srcset=\"https:\/\/lalaboralaula.es\/GV172526\/wp-content\/uploads\/2025\/11\/md3-300x226.jpg 300w, https:\/\/lalaboralaula.es\/GV172526\/wp-content\/uploads\/2025\/11\/md3-416x314.jpg 416w, https:\/\/lalaboralaula.es\/GV172526\/wp-content\/uploads\/2025\/11\/md3.jpg 567w\" sizes=\"auto, (max-width: 300px) 100vw, 300px\" \/><\/p>\n<p><img loading=\"lazy\" decoding=\"async\" class=\"alignnone size-medium wp-image-167\" src=\"https:\/\/lalaboralaula.es\/GV172526\/wp-content\/uploads\/2025\/11\/md4-300x192.jpg\" alt=\"\" width=\"300\" height=\"192\" srcset=\"https:\/\/lalaboralaula.es\/GV172526\/wp-content\/uploads\/2025\/11\/md4-300x192.jpg 300w, https:\/\/lalaboralaula.es\/GV172526\/wp-content\/uploads\/2025\/11\/md4-416x267.jpg 416w, https:\/\/lalaboralaula.es\/GV172526\/wp-content\/uploads\/2025\/11\/md4.jpg 707w\" sizes=\"auto, (max-width: 300px) 100vw, 300px\" \/><\/p>\n<p><img loading=\"lazy\" decoding=\"async\" class=\"alignnone size-medium wp-image-168\" src=\"https:\/\/lalaboralaula.es\/GV172526\/wp-content\/uploads\/2025\/11\/md5-291x300.jpg\" alt=\"\" width=\"291\" height=\"300\" srcset=\"https:\/\/lalaboralaula.es\/GV172526\/wp-content\/uploads\/2025\/11\/md5-291x300.jpg 291w, https:\/\/lalaboralaula.es\/GV172526\/wp-content\/uploads\/2025\/11\/md5-416x429.jpg 416w, https:\/\/lalaboralaula.es\/GV172526\/wp-content\/uploads\/2025\/11\/md5.jpg 448w\" sizes=\"auto, (max-width: 291px) 100vw, 291px\" \/><\/p>\n<p>&nbsp;<\/p>\n","protected":false},"excerpt":{"rendered":"<ul>\n<li><strong>Formato:<\/strong> tapa dura con interior mate<\/li>\n<li><strong>Numero de paginas:<\/strong> 234<\/li>\n<li><strong>Materiales:<\/strong> papel reciclado con certificaci\u00f3n FSC, gramaje 120 g\/m2 (apto para acuarela ligera<\/li>\n<li><strong>Tipograf\u00eda:<\/strong> Detalles met\u00e1licos dorados en cubierta y bordes de pagina<\/li>\n<li><strong>Dise\u00f1o interior:<\/strong> cada mes inicia con una ilustraci\u00f3n suave en acuarela; cada d\u00eda incluye el encabezado con la fecha y la frase, seguido de la pagina en blanco bordeada<\/li>\n<li><strong>Idioma:<\/strong> Espa\u00f1ol<\/li>\n<li>Este diario es mas que un cuaderno: es un compa\u00f1ero para tu practica art\u00edstica, ayud\u00e1ndote a reflexionar sobre cada jornada y a materializar tus emociones en trazos de acuarela<\/li>\n<\/ul>\n","protected":false},"featured_media":165,"comment_status":"open","ping_status":"closed","template":"","meta":[],"product_brand":[],"product_cat":[34,33],"product_tag":[36,35,37],"class_list":{"0":"post-164","1":"product","2":"type-product","3":"status-publish","4":"has-post-thumbnail","6":"product_cat-bullet-journal","7":"product_cat-trazados-del-alma-en-acuarela","8":"product_tag-acuarela","9":"product_tag-bullet-journal","10":"product_tag-diario-creativo","12":"first","13":"instock","14":"taxable","15":"shipping-taxable","16":"purchasable","17":"product-type-simple"},"yoast_head":"<!-- This site is optimized with the Yoast SEO plugin v26.8 - https:\/\/yoast.com\/product\/yoast-seo-wordpress\/ -->\n<title>Libro Trazados del alma en acuarela - Accesorios Quiros<\/title>\n<meta name=\"robots\" content=\"index, follow, max-snippet:-1, max-image-preview:large, max-video-preview:-1\" \/>\n<link rel=\"canonical\" href=\"https:\/\/lalaboralaula.es\/GV172526\/index.php\/producto\/libro-trazados-del-alma-en-acuarela\/\" \/>\n<meta property=\"og:locale\" content=\"es_ES\" \/>\n<meta property=\"og:type\" content=\"article\" \/>\n<meta property=\"og:title\" content=\"Libro Trazados del alma en acuarela - Accesorios Quiros\" \/>\n<meta property=\"og:description\" content=\"Formato: tapa dura con interior mate  Numero de paginas: 234  Materiales: papel reciclado con certificaci\u00f3n FSC, gramaje 120 g\/m2 (apto para acuarela ligera  Tipograf\u00eda: Detalles met\u00e1licos dorados en cubierta y bordes de pagina  Dise\u00f1o interior: cada mes inicia con una ilustraci\u00f3n suave en acuarela; cada d\u00eda incluye el encabezado con la fecha y la frase, seguido de la pagina en blanco bordeada  Idioma: Espa\u00f1ol  Este diario es mas que un cuaderno: es un compa\u00f1ero para tu practica art\u00edstica, ayud\u00e1ndote a reflexionar sobre cada jornada y a materializar tus emociones en trazos de acuarela\" \/>\n<meta property=\"og:url\" content=\"https:\/\/lalaboralaula.es\/GV172526\/index.php\/producto\/libro-trazados-del-alma-en-acuarela\/\" \/>\n<meta property=\"og:site_name\" content=\"Accesorios Quiros\" \/>\n<meta property=\"article:modified_time\" content=\"2025-11-28T17:02:03+00:00\" \/>\n<meta property=\"og:image\" content=\"https:\/\/lalaboralaula.es\/GV172526\/wp-content\/uploads\/2025\/11\/md2.jpg\" \/>\n\t<meta property=\"og:image:width\" content=\"267\" \/>\n\t<meta property=\"og:image:height\" content=\"357\" \/>\n\t<meta property=\"og:image:type\" content=\"image\/jpeg\" \/>\n<meta name=\"twitter:card\" content=\"summary_large_image\" \/>\n<meta name=\"twitter:label1\" content=\"Tiempo de lectura\" \/>\n\t<meta name=\"twitter:data1\" content=\"3 minutos\" \/>\n<script type=\"application\/ld+json\" class=\"yoast-schema-graph\">{\"@context\":\"https:\/\/schema.org\",\"@graph\":[{\"@type\":\"WebPage\",\"@id\":\"https:\/\/lalaboralaula.es\/GV172526\/index.php\/producto\/libro-trazados-del-alma-en-acuarela\/\",\"url\":\"https:\/\/lalaboralaula.es\/GV172526\/index.php\/producto\/libro-trazados-del-alma-en-acuarela\/\",\"name\":\"Libro Trazados del alma en acuarela - Accesorios Quiros\",\"isPartOf\":{\"@id\":\"https:\/\/lalaboralaula.es\/GV172526\/#website\"},\"primaryImageOfPage\":{\"@id\":\"https:\/\/lalaboralaula.es\/GV172526\/index.php\/producto\/libro-trazados-del-alma-en-acuarela\/#primaryimage\"},\"image\":{\"@id\":\"https:\/\/lalaboralaula.es\/GV172526\/index.php\/producto\/libro-trazados-del-alma-en-acuarela\/#primaryimage\"},\"thumbnailUrl\":\"https:\/\/lalaboralaula.es\/GV172526\/wp-content\/uploads\/2025\/11\/md2.jpg\",\"datePublished\":\"2025-11-28T16:11:37+00:00\",\"dateModified\":\"2025-11-28T17:02:03+00:00\",\"breadcrumb\":{\"@id\":\"https:\/\/lalaboralaula.es\/GV172526\/index.php\/producto\/libro-trazados-del-alma-en-acuarela\/#breadcrumb\"},\"inLanguage\":\"es\",\"potentialAction\":[{\"@type\":\"ReadAction\",\"target\":[\"https:\/\/lalaboralaula.es\/GV172526\/index.php\/producto\/libro-trazados-del-alma-en-acuarela\/\"]}]},{\"@type\":\"ImageObject\",\"inLanguage\":\"es\",\"@id\":\"https:\/\/lalaboralaula.es\/GV172526\/index.php\/producto\/libro-trazados-del-alma-en-acuarela\/#primaryimage\",\"url\":\"https:\/\/lalaboralaula.es\/GV172526\/wp-content\/uploads\/2025\/11\/md2.jpg\",\"contentUrl\":\"https:\/\/lalaboralaula.es\/GV172526\/wp-content\/uploads\/2025\/11\/md2.jpg\",\"width\":267,\"height\":357},{\"@type\":\"BreadcrumbList\",\"@id\":\"https:\/\/lalaboralaula.es\/GV172526\/index.php\/producto\/libro-trazados-del-alma-en-acuarela\/#breadcrumb\",\"itemListElement\":[{\"@type\":\"ListItem\",\"position\":1,\"name\":\"Portada\",\"item\":\"https:\/\/lalaboralaula.es\/GV172526\/\"},{\"@type\":\"ListItem\",\"position\":2,\"name\":\"Tienda\",\"item\":\"https:\/\/lalaboralaula.es\/GV172526\/index.php\/tienda\/\"},{\"@type\":\"ListItem\",\"position\":3,\"name\":\"Libro Trazados del alma en acuarela\"}]},{\"@type\":\"WebSite\",\"@id\":\"https:\/\/lalaboralaula.es\/GV172526\/#website\",\"url\":\"https:\/\/lalaboralaula.es\/GV172526\/\",\"name\":\"Accesorios Quiros\",\"description\":\"\",\"publisher\":{\"@id\":\"https:\/\/lalaboralaula.es\/GV172526\/#organization\"},\"potentialAction\":[{\"@type\":\"SearchAction\",\"target\":{\"@type\":\"EntryPoint\",\"urlTemplate\":\"https:\/\/lalaboralaula.es\/GV172526\/?s={search_term_string}\"},\"query-input\":{\"@type\":\"PropertyValueSpecification\",\"valueRequired\":true,\"valueName\":\"search_term_string\"}}],\"inLanguage\":\"es\"},{\"@type\":\"Organization\",\"@id\":\"https:\/\/lalaboralaula.es\/GV172526\/#organization\",\"name\":\"Accesorios Quiros\",\"url\":\"https:\/\/lalaboralaula.es\/GV172526\/\",\"logo\":{\"@type\":\"ImageObject\",\"inLanguage\":\"es\",\"@id\":\"https:\/\/lalaboralaula.es\/GV172526\/#\/schema\/logo\/image\/\",\"url\":\"https:\/\/lalaboralaula.es\/GV172526\/wp-content\/uploads\/2025\/10\/quiros.png\",\"contentUrl\":\"https:\/\/lalaboralaula.es\/GV172526\/wp-content\/uploads\/2025\/10\/quiros.png\",\"width\":1024,\"height\":1024,\"caption\":\"Accesorios Quiros\"},\"image\":{\"@id\":\"https:\/\/lalaboralaula.es\/GV172526\/#\/schema\/logo\/image\/\"}}]}<\/script>\n<!-- \/ Yoast SEO plugin. -->","yoast_head_json":{"title":"Libro Trazados del alma en acuarela - Accesorios Quiros","robots":{"index":"index","follow":"follow","max-snippet":"max-snippet:-1","max-image-preview":"max-image-preview:large","max-video-preview":"max-video-preview:-1"},"canonical":"https:\/\/lalaboralaula.es\/GV172526\/index.php\/producto\/libro-trazados-del-alma-en-acuarela\/","og_locale":"es_ES","og_type":"article","og_title":"Libro Trazados del alma en acuarela - Accesorios Quiros","og_description":"Formato: tapa dura con interior mate  Numero de paginas: 234  Materiales: papel reciclado con certificaci\u00f3n FSC, gramaje 120 g\/m2 (apto para acuarela ligera  Tipograf\u00eda: Detalles met\u00e1licos dorados en cubierta y bordes de pagina  Dise\u00f1o interior: cada mes inicia con una ilustraci\u00f3n suave en acuarela; cada d\u00eda incluye el encabezado con la fecha y la frase, seguido de la pagina en blanco bordeada  Idioma: Espa\u00f1ol  Este diario es mas que un cuaderno: es un compa\u00f1ero para tu practica art\u00edstica, ayud\u00e1ndote a reflexionar sobre cada jornada y a materializar tus emociones en trazos de acuarela","og_url":"https:\/\/lalaboralaula.es\/GV172526\/index.php\/producto\/libro-trazados-del-alma-en-acuarela\/","og_site_name":"Accesorios Quiros","article_modified_time":"2025-11-28T17:02:03+00:00","og_image":[{"width":267,"height":357,"url":"https:\/\/lalaboralaula.es\/GV172526\/wp-content\/uploads\/2025\/11\/md2.jpg","type":"image\/jpeg"}],"twitter_card":"summary_large_image","twitter_misc":{"Tiempo de lectura":"3 minutos"},"schema":{"@context":"https:\/\/schema.org","@graph":[{"@type":"WebPage","@id":"https:\/\/lalaboralaula.es\/GV172526\/index.php\/producto\/libro-trazados-del-alma-en-acuarela\/","url":"https:\/\/lalaboralaula.es\/GV172526\/index.php\/producto\/libro-trazados-del-alma-en-acuarela\/","name":"Libro Trazados del alma en acuarela - Accesorios Quiros","isPartOf":{"@id":"https:\/\/lalaboralaula.es\/GV172526\/#website"},"primaryImageOfPage":{"@id":"https:\/\/lalaboralaula.es\/GV172526\/index.php\/producto\/libro-trazados-del-alma-en-acuarela\/#primaryimage"},"image":{"@id":"https:\/\/lalaboralaula.es\/GV172526\/index.php\/producto\/libro-trazados-del-alma-en-acuarela\/#primaryimage"},"thumbnailUrl":"https:\/\/lalaboralaula.es\/GV172526\/wp-content\/uploads\/2025\/11\/md2.jpg","datePublished":"2025-11-28T16:11:37+00:00","dateModified":"2025-11-28T17:02:03+00:00","breadcrumb":{"@id":"https:\/\/lalaboralaula.es\/GV172526\/index.php\/producto\/libro-trazados-del-alma-en-acuarela\/#breadcrumb"},"inLanguage":"es","potentialAction":[{"@type":"ReadAction","target":["https:\/\/lalaboralaula.es\/GV172526\/index.php\/producto\/libro-trazados-del-alma-en-acuarela\/"]}]},{"@type":"ImageObject","inLanguage":"es","@id":"https:\/\/lalaboralaula.es\/GV172526\/index.php\/producto\/libro-trazados-del-alma-en-acuarela\/#primaryimage","url":"https:\/\/lalaboralaula.es\/GV172526\/wp-content\/uploads\/2025\/11\/md2.jpg","contentUrl":"https:\/\/lalaboralaula.es\/GV172526\/wp-content\/uploads\/2025\/11\/md2.jpg","width":267,"height":357},{"@type":"BreadcrumbList","@id":"https:\/\/lalaboralaula.es\/GV172526\/index.php\/producto\/libro-trazados-del-alma-en-acuarela\/#breadcrumb","itemListElement":[{"@type":"ListItem","position":1,"name":"Portada","item":"https:\/\/lalaboralaula.es\/GV172526\/"},{"@type":"ListItem","position":2,"name":"Tienda","item":"https:\/\/lalaboralaula.es\/GV172526\/index.php\/tienda\/"},{"@type":"ListItem","position":3,"name":"Libro Trazados del alma en acuarela"}]},{"@type":"WebSite","@id":"https:\/\/lalaboralaula.es\/GV172526\/#website","url":"https:\/\/lalaboralaula.es\/GV172526\/","name":"Accesorios Quiros","description":"","publisher":{"@id":"https:\/\/lalaboralaula.es\/GV172526\/#organization"},"potentialAction":[{"@type":"SearchAction","target":{"@type":"EntryPoint","urlTemplate":"https:\/\/lalaboralaula.es\/GV172526\/?s={search_term_string}"},"query-input":{"@type":"PropertyValueSpecification","valueRequired":true,"valueName":"search_term_string"}}],"inLanguage":"es"},{"@type":"Organization","@id":"https:\/\/lalaboralaula.es\/GV172526\/#organization","name":"Accesorios Quiros","url":"https:\/\/lalaboralaula.es\/GV172526\/","logo":{"@type":"ImageObject","inLanguage":"es","@id":"https:\/\/lalaboralaula.es\/GV172526\/#\/schema\/logo\/image\/","url":"https:\/\/lalaboralaula.es\/GV172526\/wp-content\/uploads\/2025\/10\/quiros.png","contentUrl":"https:\/\/lalaboralaula.es\/GV172526\/wp-content\/uploads\/2025\/10\/quiros.png","width":1024,"height":1024,"caption":"Accesorios Quiros"},"image":{"@id":"https:\/\/lalaboralaula.es\/GV172526\/#\/schema\/logo\/image\/"}}]}},"_links":{"self":[{"href":"https:\/\/lalaboralaula.es\/GV172526\/index.php\/wp-json\/wp\/v2\/product\/164","targetHints":{"allow":["GET"]}}],"collection":[{"href":"https:\/\/lalaboralaula.es\/GV172526\/index.php\/wp-json\/wp\/v2\/product"}],"about":[{"href":"https:\/\/lalaboralaula.es\/GV172526\/index.php\/wp-json\/wp\/v2\/types\/product"}],"replies":[{"embeddable":true,"href":"https:\/\/lalaboralaula.es\/GV172526\/index.php\/wp-json\/wp\/v2\/comments?post=164"}],"wp:featuredmedia":[{"embeddable":true,"href":"https:\/\/lalaboralaula.es\/GV172526\/index.php\/wp-json\/wp\/v2\/media\/165"}],"wp:attachment":[{"href":"https:\/\/lalaboralaula.es\/GV172526\/index.php\/wp-json\/wp\/v2\/media?parent=164"}],"wp:term":[{"taxonomy":"product_brand","embeddable":true,"href":"https:\/\/lalaboralaula.es\/GV172526\/index.php\/wp-json\/wp\/v2\/product_brand?post=164"},{"taxonomy":"product_cat","embeddable":true,"href":"https:\/\/lalaboralaula.es\/GV172526\/index.php\/wp-json\/wp\/v2\/product_cat?post=164"},{"taxonomy":"product_tag","embeddable":true,"href":"https:\/\/lalaboralaula.es\/GV172526\/index.php\/wp-json\/wp\/v2\/product_tag?post=164"}],"curies":[{"name":"wp","href":"https:\/\/api.w.org\/{rel}","templated":true}]}}