{"id":127,"date":"2025-11-07T16:42:25","date_gmt":"2025-11-07T16:42:25","guid":{"rendered":"https:\/\/lalaboralaula.es\/GV172526\/?post_type=product&#038;p=127"},"modified":"2025-11-07T16:42:25","modified_gmt":"2025-11-07T16:42:25","slug":"kit-deportivo-accesrios-quiros","status":"publish","type":"product","link":"https:\/\/lalaboralaula.es\/GV172526\/index.php\/producto\/kit-deportivo-accesrios-quiros\/","title":{"rendered":"Kit Deportivo Accesrios Quiros"},"content":{"rendered":"<p>\ud83d\udd52 Set Deportivo \u2013 Reloj + Correa Intercambiable | Accesorios Quir\u00f3s<\/p>\n<p>El Set Deportivo de Accesorios Quir\u00f3s combina funcionalidad, estilo y versatilidad en un solo paquete. Incluye un reloj deportivo inteligente de dise\u00f1o moderno y resistente, junto a una correa intercambiable que permite adaptar el look a cada ocasi\u00f3n.<\/p>\n<p>El reloj destaca por su pantalla digital n\u00edtida, funciones de monitoreo de actividad f\u00edsica y salud, y una estructura ergon\u00f3mica pensada para acompa\u00f1arte en entrenamientos o uso diario. Su material duradero ofrece comodidad y resistencia al agua, al sudor y al desgaste.<\/p>\n<p>La correa adicional, fabricada con materiales de alta calidad (silicona o cuero, seg\u00fan modelo), brinda un toque personalizado y elegante. Con su sistema de cambio r\u00e1pido, podr\u00e1s renovar tu estilo en segundos sin herramientas.<\/p>\n<p>\u2728 Ideal para quienes buscan rendimiento, comodidad y estilo en un solo conjunto.<\/p>\n","protected":false},"excerpt":{"rendered":"<p>Set Deportivo Accesorios Quir\u00f3s<\/p>\n<p>Rendimiento y estilo en un solo conjunto. Incluye un reloj deportivo inteligente con funciones de actividad y salud, y una correa intercambiable de alta calidad para adaptar tu look en cualquier ocasi\u00f3n.<\/p>\n","protected":false},"featured_media":130,"comment_status":"open","ping_status":"closed","template":"","meta":[],"product_brand":[],"product_cat":[29,30],"product_tag":[],"class_list":{"0":"post-127","1":"product","2":"type-product","3":"status-publish","4":"has-post-thumbnail","6":"product_cat-kit-singles-day","7":"product_cat-reloj-y-correa-sport","9":"first","10":"instock","11":"taxable","12":"shipping-taxable","13":"product-type-grouped"},"yoast_head":"<!-- This site is optimized with the Yoast SEO plugin v26.8 - https:\/\/yoast.com\/product\/yoast-seo-wordpress\/ -->\n<title>Kit Deportivo Accesrios Quiros - Accesorios Quiros<\/title>\n<meta name=\"robots\" content=\"index, follow, max-snippet:-1, max-image-preview:large, max-video-preview:-1\" \/>\n<link rel=\"canonical\" href=\"https:\/\/lalaboralaula.es\/GV172526\/index.php\/producto\/kit-deportivo-accesrios-quiros\/\" \/>\n<meta property=\"og:locale\" content=\"es_ES\" \/>\n<meta property=\"og:type\" content=\"article\" \/>\n<meta property=\"og:title\" content=\"Kit Deportivo Accesrios Quiros - Accesorios Quiros\" \/>\n<meta property=\"og:description\" content=\"Set Deportivo Accesorios Quir\u00f3s  Rendimiento y estilo en un solo conjunto. Incluye un reloj deportivo inteligente con funciones de actividad y salud, y una correa intercambiable de alta calidad para adaptar tu look en cualquier ocasi\u00f3n.\" \/>\n<meta property=\"og:url\" content=\"https:\/\/lalaboralaula.es\/GV172526\/index.php\/producto\/kit-deportivo-accesrios-quiros\/\" \/>\n<meta property=\"og:site_name\" content=\"Accesorios Quiros\" \/>\n<meta property=\"og:image\" content=\"https:\/\/lalaboralaula.es\/GV172526\/wp-content\/uploads\/2025\/11\/reloj.jpg\" \/>\n\t<meta property=\"og:image:width\" content=\"396\" \/>\n\t<meta property=\"og:image:height\" content=\"396\" \/>\n\t<meta property=\"og:image:type\" content=\"image\/jpeg\" \/>\n<meta name=\"twitter:card\" content=\"summary_large_image\" \/>\n<meta name=\"twitter:label1\" content=\"Tiempo de lectura\" \/>\n\t<meta name=\"twitter:data1\" content=\"1 minuto\" \/>\n<script type=\"application\/ld+json\" class=\"yoast-schema-graph\">{\"@context\":\"https:\/\/schema.org\",\"@graph\":[{\"@type\":\"WebPage\",\"@id\":\"https:\/\/lalaboralaula.es\/GV172526\/index.php\/producto\/kit-deportivo-accesrios-quiros\/\",\"url\":\"https:\/\/lalaboralaula.es\/GV172526\/index.php\/producto\/kit-deportivo-accesrios-quiros\/\",\"name\":\"Kit Deportivo Accesrios Quiros - Accesorios Quiros\",\"isPartOf\":{\"@id\":\"https:\/\/lalaboralaula.es\/GV172526\/#website\"},\"primaryImageOfPage\":{\"@id\":\"https:\/\/lalaboralaula.es\/GV172526\/index.php\/producto\/kit-deportivo-accesrios-quiros\/#primaryimage\"},\"image\":{\"@id\":\"https:\/\/lalaboralaula.es\/GV172526\/index.php\/producto\/kit-deportivo-accesrios-quiros\/#primaryimage\"},\"thumbnailUrl\":\"https:\/\/lalaboralaula.es\/GV172526\/wp-content\/uploads\/2025\/11\/reloj.jpg\",\"datePublished\":\"2025-11-07T16:42:25+00:00\",\"breadcrumb\":{\"@id\":\"https:\/\/lalaboralaula.es\/GV172526\/index.php\/producto\/kit-deportivo-accesrios-quiros\/#breadcrumb\"},\"inLanguage\":\"es\",\"potentialAction\":[{\"@type\":\"ReadAction\",\"target\":[\"https:\/\/lalaboralaula.es\/GV172526\/index.php\/producto\/kit-deportivo-accesrios-quiros\/\"]}]},{\"@type\":\"ImageObject\",\"inLanguage\":\"es\",\"@id\":\"https:\/\/lalaboralaula.es\/GV172526\/index.php\/producto\/kit-deportivo-accesrios-quiros\/#primaryimage\",\"url\":\"https:\/\/lalaboralaula.es\/GV172526\/wp-content\/uploads\/2025\/11\/reloj.jpg\",\"contentUrl\":\"https:\/\/lalaboralaula.es\/GV172526\/wp-content\/uploads\/2025\/11\/reloj.jpg\",\"width\":396,\"height\":396,\"caption\":\"reloj y correa\"},{\"@type\":\"BreadcrumbList\",\"@id\":\"https:\/\/lalaboralaula.es\/GV172526\/index.php\/producto\/kit-deportivo-accesrios-quiros\/#breadcrumb\",\"itemListElement\":[{\"@type\":\"ListItem\",\"position\":1,\"name\":\"Portada\",\"item\":\"https:\/\/lalaboralaula.es\/GV172526\/\"},{\"@type\":\"ListItem\",\"position\":2,\"name\":\"Tienda\",\"item\":\"https:\/\/lalaboralaula.es\/GV172526\/index.php\/tienda\/\"},{\"@type\":\"ListItem\",\"position\":3,\"name\":\"Kit Deportivo Accesrios Quiros\"}]},{\"@type\":\"WebSite\",\"@id\":\"https:\/\/lalaboralaula.es\/GV172526\/#website\",\"url\":\"https:\/\/lalaboralaula.es\/GV172526\/\",\"name\":\"Accesorios Quiros\",\"description\":\"\",\"publisher\":{\"@id\":\"https:\/\/lalaboralaula.es\/GV172526\/#organization\"},\"potentialAction\":[{\"@type\":\"SearchAction\",\"target\":{\"@type\":\"EntryPoint\",\"urlTemplate\":\"https:\/\/lalaboralaula.es\/GV172526\/?s={search_term_string}\"},\"query-input\":{\"@type\":\"PropertyValueSpecification\",\"valueRequired\":true,\"valueName\":\"search_term_string\"}}],\"inLanguage\":\"es\"},{\"@type\":\"Organization\",\"@id\":\"https:\/\/lalaboralaula.es\/GV172526\/#organization\",\"name\":\"Accesorios Quiros\",\"url\":\"https:\/\/lalaboralaula.es\/GV172526\/\",\"logo\":{\"@type\":\"ImageObject\",\"inLanguage\":\"es\",\"@id\":\"https:\/\/lalaboralaula.es\/GV172526\/#\/schema\/logo\/image\/\",\"url\":\"https:\/\/lalaboralaula.es\/GV172526\/wp-content\/uploads\/2025\/10\/quiros.png\",\"contentUrl\":\"https:\/\/lalaboralaula.es\/GV172526\/wp-content\/uploads\/2025\/10\/quiros.png\",\"width\":1024,\"height\":1024,\"caption\":\"Accesorios Quiros\"},\"image\":{\"@id\":\"https:\/\/lalaboralaula.es\/GV172526\/#\/schema\/logo\/image\/\"}}]}<\/script>\n<!-- \/ Yoast SEO plugin. -->","yoast_head_json":{"title":"Kit Deportivo Accesrios Quiros - Accesorios Quiros","robots":{"index":"index","follow":"follow","max-snippet":"max-snippet:-1","max-image-preview":"max-image-preview:large","max-video-preview":"max-video-preview:-1"},"canonical":"https:\/\/lalaboralaula.es\/GV172526\/index.php\/producto\/kit-deportivo-accesrios-quiros\/","og_locale":"es_ES","og_type":"article","og_title":"Kit Deportivo Accesrios Quiros - Accesorios Quiros","og_description":"Set Deportivo Accesorios Quir\u00f3s  Rendimiento y estilo en un solo conjunto. Incluye un reloj deportivo inteligente con funciones de actividad y salud, y una correa intercambiable de alta calidad para adaptar tu look en cualquier ocasi\u00f3n.","og_url":"https:\/\/lalaboralaula.es\/GV172526\/index.php\/producto\/kit-deportivo-accesrios-quiros\/","og_site_name":"Accesorios Quiros","og_image":[{"width":396,"height":396,"url":"https:\/\/lalaboralaula.es\/GV172526\/wp-content\/uploads\/2025\/11\/reloj.jpg","type":"image\/jpeg"}],"twitter_card":"summary_large_image","twitter_misc":{"Tiempo de lectura":"1 minuto"},"schema":{"@context":"https:\/\/schema.org","@graph":[{"@type":"WebPage","@id":"https:\/\/lalaboralaula.es\/GV172526\/index.php\/producto\/kit-deportivo-accesrios-quiros\/","url":"https:\/\/lalaboralaula.es\/GV172526\/index.php\/producto\/kit-deportivo-accesrios-quiros\/","name":"Kit Deportivo Accesrios Quiros - Accesorios Quiros","isPartOf":{"@id":"https:\/\/lalaboralaula.es\/GV172526\/#website"},"primaryImageOfPage":{"@id":"https:\/\/lalaboralaula.es\/GV172526\/index.php\/producto\/kit-deportivo-accesrios-quiros\/#primaryimage"},"image":{"@id":"https:\/\/lalaboralaula.es\/GV172526\/index.php\/producto\/kit-deportivo-accesrios-quiros\/#primaryimage"},"thumbnailUrl":"https:\/\/lalaboralaula.es\/GV172526\/wp-content\/uploads\/2025\/11\/reloj.jpg","datePublished":"2025-11-07T16:42:25+00:00","breadcrumb":{"@id":"https:\/\/lalaboralaula.es\/GV172526\/index.php\/producto\/kit-deportivo-accesrios-quiros\/#breadcrumb"},"inLanguage":"es","potentialAction":[{"@type":"ReadAction","target":["https:\/\/lalaboralaula.es\/GV172526\/index.php\/producto\/kit-deportivo-accesrios-quiros\/"]}]},{"@type":"ImageObject","inLanguage":"es","@id":"https:\/\/lalaboralaula.es\/GV172526\/index.php\/producto\/kit-deportivo-accesrios-quiros\/#primaryimage","url":"https:\/\/lalaboralaula.es\/GV172526\/wp-content\/uploads\/2025\/11\/reloj.jpg","contentUrl":"https:\/\/lalaboralaula.es\/GV172526\/wp-content\/uploads\/2025\/11\/reloj.jpg","width":396,"height":396,"caption":"reloj y correa"},{"@type":"BreadcrumbList","@id":"https:\/\/lalaboralaula.es\/GV172526\/index.php\/producto\/kit-deportivo-accesrios-quiros\/#breadcrumb","itemListElement":[{"@type":"ListItem","position":1,"name":"Portada","item":"https:\/\/lalaboralaula.es\/GV172526\/"},{"@type":"ListItem","position":2,"name":"Tienda","item":"https:\/\/lalaboralaula.es\/GV172526\/index.php\/tienda\/"},{"@type":"ListItem","position":3,"name":"Kit Deportivo Accesrios Quiros"}]},{"@type":"WebSite","@id":"https:\/\/lalaboralaula.es\/GV172526\/#website","url":"https:\/\/lalaboralaula.es\/GV172526\/","name":"Accesorios Quiros","description":"","publisher":{"@id":"https:\/\/lalaboralaula.es\/GV172526\/#organization"},"potentialAction":[{"@type":"SearchAction","target":{"@type":"EntryPoint","urlTemplate":"https:\/\/lalaboralaula.es\/GV172526\/?s={search_term_string}"},"query-input":{"@type":"PropertyValueSpecification","valueRequired":true,"valueName":"search_term_string"}}],"inLanguage":"es"},{"@type":"Organization","@id":"https:\/\/lalaboralaula.es\/GV172526\/#organization","name":"Accesorios Quiros","url":"https:\/\/lalaboralaula.es\/GV172526\/","logo":{"@type":"ImageObject","inLanguage":"es","@id":"https:\/\/lalaboralaula.es\/GV172526\/#\/schema\/logo\/image\/","url":"https:\/\/lalaboralaula.es\/GV172526\/wp-content\/uploads\/2025\/10\/quiros.png","contentUrl":"https:\/\/lalaboralaula.es\/GV172526\/wp-content\/uploads\/2025\/10\/quiros.png","width":1024,"height":1024,"caption":"Accesorios Quiros"},"image":{"@id":"https:\/\/lalaboralaula.es\/GV172526\/#\/schema\/logo\/image\/"}}]}},"_links":{"self":[{"href":"https:\/\/lalaboralaula.es\/GV172526\/index.php\/wp-json\/wp\/v2\/product\/127","targetHints":{"allow":["GET"]}}],"collection":[{"href":"https:\/\/lalaboralaula.es\/GV172526\/index.php\/wp-json\/wp\/v2\/product"}],"about":[{"href":"https:\/\/lalaboralaula.es\/GV172526\/index.php\/wp-json\/wp\/v2\/types\/product"}],"replies":[{"embeddable":true,"href":"https:\/\/lalaboralaula.es\/GV172526\/index.php\/wp-json\/wp\/v2\/comments?post=127"}],"wp:featuredmedia":[{"embeddable":true,"href":"https:\/\/lalaboralaula.es\/GV172526\/index.php\/wp-json\/wp\/v2\/media\/130"}],"wp:attachment":[{"href":"https:\/\/lalaboralaula.es\/GV172526\/index.php\/wp-json\/wp\/v2\/media?parent=127"}],"wp:term":[{"taxonomy":"product_brand","embeddable":true,"href":"https:\/\/lalaboralaula.es\/GV172526\/index.php\/wp-json\/wp\/v2\/product_brand?post=127"},{"taxonomy":"product_cat","embeddable":true,"href":"https:\/\/lalaboralaula.es\/GV172526\/index.php\/wp-json\/wp\/v2\/product_cat?post=127"},{"taxonomy":"product_tag","embeddable":true,"href":"https:\/\/lalaboralaula.es\/GV172526\/index.php\/wp-json\/wp\/v2\/product_tag?post=127"}],"curies":[{"name":"wp","href":"https:\/\/api.w.org\/{rel}","templated":true}]}}