{"id":250,"date":"2025-11-25T18:37:53","date_gmt":"2025-11-25T17:37:53","guid":{"rendered":"https:\/\/lalaboralaula.es\/GV092526\/?post_type=product&#038;p=250"},"modified":"2026-01-27T20:18:15","modified_gmt":"2026-01-27T19:18:15","slug":"libro-trazos-del-alma","status":"publish","type":"product","link":"https:\/\/lalaboralaula.es\/GV092526\/index.php\/producto\/libro-trazos-del-alma\/","title":{"rendered":"Libro \u00abTrazos del Alma\u00bb"},"content":{"rendered":"<p>Libro Trazos del Alma, es un libro que combina inspiraci\u00f3n y espacio libre, el libro es de una composici\u00f3n de tapa dura, consta de 234 p\u00e1ginas, en las que trae frases motivadoras diarias, van por fecha e invitan a explorar y dar rienda suelta a tus emociones a trav\u00e9s de la pintura.<\/p>\n<p>En las p\u00e1ginas podas encontrar frases breves y motivadoras como decia anteriormente, como por ejemplo: \u00abHoy deja que el color de tus sue\u00f1os pinte el lienzo de tu realidad\u00bb, y la otra cara de la hoja estaruia par4a que explayases tus dibujos, bocetos, tu arte ah\u00ed.<\/p>\n<p>Los materiales del libro son papel recilado con certificacion FSC, gramaje 120g\/m cuadrados y es apto para acuarelas ligeras.<\/p>\n<p>La textura del libro es suave y trae pintadas salpicaduras de acuarelas, la tipografia es en relieve para darle textura y los detalles son en dorado. Es un libro para artistas, para quien le gusta dibujar y\u00a0 sentirse vivo con la pintura.<\/p>\n","protected":false},"excerpt":{"rendered":"<p>Libro Trazos del Alma, es un libro que combina inspiraci\u00f3n y espacio libre, el libro es de una composici\u00f3n de tapa dura, consta de 234 p\u00e1ginas, en las que trae frases motivadoras diarias, van por fecha e invitan a explorar y dar rienda suelta a tus emociones a trav\u00e9s de la pintura.<\/p>\n","protected":false},"featured_media":252,"comment_status":"open","ping_status":"closed","template":"","meta":[],"product_brand":[],"product_cat":[40,39],"product_tag":[43,42,44],"class_list":{"0":"post-250","1":"product","2":"type-product","3":"status-publish","4":"has-post-thumbnail","6":"product_cat-bullet-journal","7":"product_cat-trazos-del-alma","8":"product_tag-acuarela","9":"product_tag-bullet-journal","10":"product_tag-diario-creativo","12":"first","13":"instock","14":"taxable","15":"shipping-taxable","16":"purchasable","17":"product-type-simple"},"yoast_head":"<!-- This site is optimized with the Yoast SEO plugin v27.3 - https:\/\/yoast.com\/product\/yoast-seo-wordpress\/ -->\n<title>Libro &quot;Trazos del Alma&quot; - ALGODONNA STYLE<\/title>\n<meta name=\"robots\" content=\"index, follow, max-snippet:-1, max-image-preview:large, max-video-preview:-1\" \/>\n<link rel=\"canonical\" href=\"https:\/\/lalaboralaula.es\/GV092526\/index.php\/producto\/libro-trazos-del-alma\/\" \/>\n<meta property=\"og:locale\" content=\"es_ES\" \/>\n<meta property=\"og:type\" content=\"article\" \/>\n<meta property=\"og:title\" content=\"Libro &quot;Trazos del Alma&quot; - ALGODONNA STYLE\" \/>\n<meta property=\"og:description\" content=\"Libro Trazos del Alma, es un libro que combina inspiraci\u00f3n y espacio libre, el libro es de una composici\u00f3n de tapa dura, consta de 234 p\u00e1ginas, en las que trae frases motivadoras diarias, van por fecha e invitan a explorar y dar rienda suelta a tus emociones a trav\u00e9s de la pintura.\" \/>\n<meta property=\"og:url\" content=\"https:\/\/lalaboralaula.es\/GV092526\/index.php\/producto\/libro-trazos-del-alma\/\" \/>\n<meta property=\"og:site_name\" content=\"ALGODONNA STYLE\" \/>\n<meta property=\"article:modified_time\" content=\"2026-01-27T19:18:15+00:00\" \/>\n<meta property=\"og:image\" content=\"https:\/\/lalaboralaula.es\/GV092526\/wp-content\/uploads\/2025\/11\/Libros-trazos-del-alma-en-acuarela-y-pegatinas.jpg\" \/>\n\t<meta property=\"og:image:width\" content=\"940\" \/>\n\t<meta property=\"og:image:height\" content=\"940\" \/>\n\t<meta property=\"og:image:type\" content=\"image\/jpeg\" \/>\n<meta name=\"twitter:card\" content=\"summary_large_image\" \/>\n<meta name=\"twitter:label1\" content=\"Tiempo de lectura\" \/>\n\t<meta name=\"twitter:data1\" content=\"1 minuto\" \/>\n<script type=\"application\/ld+json\" class=\"yoast-schema-graph\">{\"@context\":\"https:\\\/\\\/schema.org\",\"@graph\":[{\"@type\":\"WebPage\",\"@id\":\"https:\\\/\\\/lalaboralaula.es\\\/GV092526\\\/index.php\\\/producto\\\/libro-trazos-del-alma\\\/\",\"url\":\"https:\\\/\\\/lalaboralaula.es\\\/GV092526\\\/index.php\\\/producto\\\/libro-trazos-del-alma\\\/\",\"name\":\"Libro \\\"Trazos del Alma\\\" - ALGODONNA STYLE\",\"isPartOf\":{\"@id\":\"https:\\\/\\\/lalaboralaula.es\\\/GV092526\\\/#website\"},\"primaryImageOfPage\":{\"@id\":\"https:\\\/\\\/lalaboralaula.es\\\/GV092526\\\/index.php\\\/producto\\\/libro-trazos-del-alma\\\/#primaryimage\"},\"image\":{\"@id\":\"https:\\\/\\\/lalaboralaula.es\\\/GV092526\\\/index.php\\\/producto\\\/libro-trazos-del-alma\\\/#primaryimage\"},\"thumbnailUrl\":\"https:\\\/\\\/lalaboralaula.es\\\/GV092526\\\/wp-content\\\/uploads\\\/2025\\\/11\\\/Libros-trazos-del-alma-en-acuarela-y-pegatinas.jpg\",\"datePublished\":\"2025-11-25T17:37:53+00:00\",\"dateModified\":\"2026-01-27T19:18:15+00:00\",\"breadcrumb\":{\"@id\":\"https:\\\/\\\/lalaboralaula.es\\\/GV092526\\\/index.php\\\/producto\\\/libro-trazos-del-alma\\\/#breadcrumb\"},\"inLanguage\":\"es\",\"potentialAction\":[{\"@type\":\"ReadAction\",\"target\":[\"https:\\\/\\\/lalaboralaula.es\\\/GV092526\\\/index.php\\\/producto\\\/libro-trazos-del-alma\\\/\"]}]},{\"@type\":\"ImageObject\",\"inLanguage\":\"es\",\"@id\":\"https:\\\/\\\/lalaboralaula.es\\\/GV092526\\\/index.php\\\/producto\\\/libro-trazos-del-alma\\\/#primaryimage\",\"url\":\"https:\\\/\\\/lalaboralaula.es\\\/GV092526\\\/wp-content\\\/uploads\\\/2025\\\/11\\\/Libros-trazos-del-alma-en-acuarela-y-pegatinas.jpg\",\"contentUrl\":\"https:\\\/\\\/lalaboralaula.es\\\/GV092526\\\/wp-content\\\/uploads\\\/2025\\\/11\\\/Libros-trazos-del-alma-en-acuarela-y-pegatinas.jpg\",\"width\":940,\"height\":940},{\"@type\":\"BreadcrumbList\",\"@id\":\"https:\\\/\\\/lalaboralaula.es\\\/GV092526\\\/index.php\\\/producto\\\/libro-trazos-del-alma\\\/#breadcrumb\",\"itemListElement\":[{\"@type\":\"ListItem\",\"position\":1,\"name\":\"Portada\",\"item\":\"https:\\\/\\\/lalaboralaula.es\\\/GV092526\\\/\"},{\"@type\":\"ListItem\",\"position\":2,\"name\":\"Tienda\",\"item\":\"https:\\\/\\\/lalaboralaula.es\\\/GV092526\\\/index.php\\\/tienda\\\/\"},{\"@type\":\"ListItem\",\"position\":3,\"name\":\"Libro \u00abTrazos del Alma\u00bb\"}]},{\"@type\":\"WebSite\",\"@id\":\"https:\\\/\\\/lalaboralaula.es\\\/GV092526\\\/#website\",\"url\":\"https:\\\/\\\/lalaboralaula.es\\\/GV092526\\\/\",\"name\":\"ALGODONNA STYLE\",\"description\":\"\",\"publisher\":{\"@id\":\"https:\\\/\\\/lalaboralaula.es\\\/GV092526\\\/#organization\"},\"potentialAction\":[{\"@type\":\"SearchAction\",\"target\":{\"@type\":\"EntryPoint\",\"urlTemplate\":\"https:\\\/\\\/lalaboralaula.es\\\/GV092526\\\/?s={search_term_string}\"},\"query-input\":{\"@type\":\"PropertyValueSpecification\",\"valueRequired\":true,\"valueName\":\"search_term_string\"}}],\"inLanguage\":\"es\"},{\"@type\":\"Organization\",\"@id\":\"https:\\\/\\\/lalaboralaula.es\\\/GV092526\\\/#organization\",\"name\":\"ALGODONNA STYLE\",\"url\":\"https:\\\/\\\/lalaboralaula.es\\\/GV092526\\\/\",\"logo\":{\"@type\":\"ImageObject\",\"inLanguage\":\"es\",\"@id\":\"https:\\\/\\\/lalaboralaula.es\\\/GV092526\\\/#\\\/schema\\\/logo\\\/image\\\/\",\"url\":\"https:\\\/\\\/lalaboralaula.es\\\/GV092526\\\/wp-content\\\/uploads\\\/2025\\\/10\\\/cropped-image.jpg\",\"contentUrl\":\"https:\\\/\\\/lalaboralaula.es\\\/GV092526\\\/wp-content\\\/uploads\\\/2025\\\/10\\\/cropped-image.jpg\",\"width\":878,\"height\":600,\"caption\":\"ALGODONNA STYLE\"},\"image\":{\"@id\":\"https:\\\/\\\/lalaboralaula.es\\\/GV092526\\\/#\\\/schema\\\/logo\\\/image\\\/\"}}]}<\/script>\n<!-- \/ Yoast SEO plugin. -->","yoast_head_json":{"title":"Libro \"Trazos del Alma\" - ALGODONNA STYLE","robots":{"index":"index","follow":"follow","max-snippet":"max-snippet:-1","max-image-preview":"max-image-preview:large","max-video-preview":"max-video-preview:-1"},"canonical":"https:\/\/lalaboralaula.es\/GV092526\/index.php\/producto\/libro-trazos-del-alma\/","og_locale":"es_ES","og_type":"article","og_title":"Libro \"Trazos del Alma\" - ALGODONNA STYLE","og_description":"Libro Trazos del Alma, es un libro que combina inspiraci\u00f3n y espacio libre, el libro es de una composici\u00f3n de tapa dura, consta de 234 p\u00e1ginas, en las que trae frases motivadoras diarias, van por fecha e invitan a explorar y dar rienda suelta a tus emociones a trav\u00e9s de la pintura.","og_url":"https:\/\/lalaboralaula.es\/GV092526\/index.php\/producto\/libro-trazos-del-alma\/","og_site_name":"ALGODONNA STYLE","article_modified_time":"2026-01-27T19:18:15+00:00","og_image":[{"width":940,"height":940,"url":"https:\/\/lalaboralaula.es\/GV092526\/wp-content\/uploads\/2025\/11\/Libros-trazos-del-alma-en-acuarela-y-pegatinas.jpg","type":"image\/jpeg"}],"twitter_card":"summary_large_image","twitter_misc":{"Tiempo de lectura":"1 minuto"},"schema":{"@context":"https:\/\/schema.org","@graph":[{"@type":"WebPage","@id":"https:\/\/lalaboralaula.es\/GV092526\/index.php\/producto\/libro-trazos-del-alma\/","url":"https:\/\/lalaboralaula.es\/GV092526\/index.php\/producto\/libro-trazos-del-alma\/","name":"Libro \"Trazos del Alma\" - ALGODONNA STYLE","isPartOf":{"@id":"https:\/\/lalaboralaula.es\/GV092526\/#website"},"primaryImageOfPage":{"@id":"https:\/\/lalaboralaula.es\/GV092526\/index.php\/producto\/libro-trazos-del-alma\/#primaryimage"},"image":{"@id":"https:\/\/lalaboralaula.es\/GV092526\/index.php\/producto\/libro-trazos-del-alma\/#primaryimage"},"thumbnailUrl":"https:\/\/lalaboralaula.es\/GV092526\/wp-content\/uploads\/2025\/11\/Libros-trazos-del-alma-en-acuarela-y-pegatinas.jpg","datePublished":"2025-11-25T17:37:53+00:00","dateModified":"2026-01-27T19:18:15+00:00","breadcrumb":{"@id":"https:\/\/lalaboralaula.es\/GV092526\/index.php\/producto\/libro-trazos-del-alma\/#breadcrumb"},"inLanguage":"es","potentialAction":[{"@type":"ReadAction","target":["https:\/\/lalaboralaula.es\/GV092526\/index.php\/producto\/libro-trazos-del-alma\/"]}]},{"@type":"ImageObject","inLanguage":"es","@id":"https:\/\/lalaboralaula.es\/GV092526\/index.php\/producto\/libro-trazos-del-alma\/#primaryimage","url":"https:\/\/lalaboralaula.es\/GV092526\/wp-content\/uploads\/2025\/11\/Libros-trazos-del-alma-en-acuarela-y-pegatinas.jpg","contentUrl":"https:\/\/lalaboralaula.es\/GV092526\/wp-content\/uploads\/2025\/11\/Libros-trazos-del-alma-en-acuarela-y-pegatinas.jpg","width":940,"height":940},{"@type":"BreadcrumbList","@id":"https:\/\/lalaboralaula.es\/GV092526\/index.php\/producto\/libro-trazos-del-alma\/#breadcrumb","itemListElement":[{"@type":"ListItem","position":1,"name":"Portada","item":"https:\/\/lalaboralaula.es\/GV092526\/"},{"@type":"ListItem","position":2,"name":"Tienda","item":"https:\/\/lalaboralaula.es\/GV092526\/index.php\/tienda\/"},{"@type":"ListItem","position":3,"name":"Libro \u00abTrazos del Alma\u00bb"}]},{"@type":"WebSite","@id":"https:\/\/lalaboralaula.es\/GV092526\/#website","url":"https:\/\/lalaboralaula.es\/GV092526\/","name":"ALGODONNA STYLE","description":"","publisher":{"@id":"https:\/\/lalaboralaula.es\/GV092526\/#organization"},"potentialAction":[{"@type":"SearchAction","target":{"@type":"EntryPoint","urlTemplate":"https:\/\/lalaboralaula.es\/GV092526\/?s={search_term_string}"},"query-input":{"@type":"PropertyValueSpecification","valueRequired":true,"valueName":"search_term_string"}}],"inLanguage":"es"},{"@type":"Organization","@id":"https:\/\/lalaboralaula.es\/GV092526\/#organization","name":"ALGODONNA STYLE","url":"https:\/\/lalaboralaula.es\/GV092526\/","logo":{"@type":"ImageObject","inLanguage":"es","@id":"https:\/\/lalaboralaula.es\/GV092526\/#\/schema\/logo\/image\/","url":"https:\/\/lalaboralaula.es\/GV092526\/wp-content\/uploads\/2025\/10\/cropped-image.jpg","contentUrl":"https:\/\/lalaboralaula.es\/GV092526\/wp-content\/uploads\/2025\/10\/cropped-image.jpg","width":878,"height":600,"caption":"ALGODONNA STYLE"},"image":{"@id":"https:\/\/lalaboralaula.es\/GV092526\/#\/schema\/logo\/image\/"}}]}},"_links":{"self":[{"href":"https:\/\/lalaboralaula.es\/GV092526\/index.php\/wp-json\/wp\/v2\/product\/250","targetHints":{"allow":["GET"]}}],"collection":[{"href":"https:\/\/lalaboralaula.es\/GV092526\/index.php\/wp-json\/wp\/v2\/product"}],"about":[{"href":"https:\/\/lalaboralaula.es\/GV092526\/index.php\/wp-json\/wp\/v2\/types\/product"}],"replies":[{"embeddable":true,"href":"https:\/\/lalaboralaula.es\/GV092526\/index.php\/wp-json\/wp\/v2\/comments?post=250"}],"wp:featuredmedia":[{"embeddable":true,"href":"https:\/\/lalaboralaula.es\/GV092526\/index.php\/wp-json\/wp\/v2\/media\/252"}],"wp:attachment":[{"href":"https:\/\/lalaboralaula.es\/GV092526\/index.php\/wp-json\/wp\/v2\/media?parent=250"}],"wp:term":[{"taxonomy":"product_brand","embeddable":true,"href":"https:\/\/lalaboralaula.es\/GV092526\/index.php\/wp-json\/wp\/v2\/product_brand?post=250"},{"taxonomy":"product_cat","embeddable":true,"href":"https:\/\/lalaboralaula.es\/GV092526\/index.php\/wp-json\/wp\/v2\/product_cat?post=250"},{"taxonomy":"product_tag","embeddable":true,"href":"https:\/\/lalaboralaula.es\/GV092526\/index.php\/wp-json\/wp\/v2\/product_tag?post=250"}],"curies":[{"name":"wp","href":"https:\/\/api.w.org\/{rel}","templated":true}]}}