{"id":32,"date":"2025-10-17T17:47:27","date_gmt":"2025-10-17T15:47:27","guid":{"rendered":"https:\/\/lalaboralaula.es\/GV092526\/?page_id=32"},"modified":"2025-11-18T19:09:09","modified_gmt":"2025-11-18T18:09:09","slug":"nuestro-compromiso-con-la-sostenibilidad","status":"publish","type":"page","link":"https:\/\/lalaboralaula.es\/GV092526\/index.php\/nuestro-compromiso-con-la-sostenibilidad\/","title":{"rendered":"Nuestro compromiso con la sostenibilidad"},"content":{"rendered":"\n<p><strong>En Algodonna Style creemos en una moda m\u00e1s consciente y respetuosa. Aunque somos una marca ficticia con fines educativos, nuestra filosof\u00eda se inspira en la sostenibilidad como eje fundamental: dise\u00f1ar con responsabilidad, valorar los recursos y promover un consumo m\u00e1s equilibrado.<\/strong><\/p>\n\n\n\n<p><strong>Apostamos por materiales inspirados en fibras naturales, procesos sencillos y una visi\u00f3n que prioriza el cuidado del entorno. Nuestro compromiso se basa en fomentar una moda que combina estilo, comodidad y respeto por el planeta, demostrando que vestir bien tambi\u00e9n puede ser una elecci\u00f3n responsable.<\/strong><\/p>\n\n\n\n<p><strong>Peque\u00f1os gestos, grandes cambios. Una moda que cuida.<\/strong><\/p>\n","protected":false},"excerpt":{"rendered":"<p>En Algodonna Style creemos en una moda m\u00e1s consciente y respetuosa. Aunque somos una marca ficticia con fines educativos, nuestra filosof\u00eda se inspira en la sostenibilidad como eje fundamental: dise\u00f1ar con responsabilidad, valorar los recursos y promover un consumo m\u00e1s equilibrado. Apostamos por materiales inspirados en fibras naturales, procesos sencillos y una visi\u00f3n que prioriza [&hellip;]<\/p>\n","protected":false},"author":1,"featured_media":0,"parent":0,"menu_order":0,"comment_status":"closed","ping_status":"closed","template":"","meta":{"footnotes":""},"class_list":["post-32","page","type-page","status-publish","hentry"],"yoast_head":"<!-- This site is optimized with the Yoast SEO plugin v27.3 - https:\/\/yoast.com\/product\/yoast-seo-wordpress\/ -->\n<title>Nuestro compromiso con la sostenibilidad - ALGODONNA STYLE<\/title>\n<meta name=\"robots\" content=\"index, follow, max-snippet:-1, max-image-preview:large, max-video-preview:-1\" \/>\n<link rel=\"canonical\" href=\"https:\/\/lalaboralaula.es\/GV092526\/index.php\/nuestro-compromiso-con-la-sostenibilidad\/\" \/>\n<meta property=\"og:locale\" content=\"es_ES\" \/>\n<meta property=\"og:type\" content=\"article\" \/>\n<meta property=\"og:title\" content=\"Nuestro compromiso con la sostenibilidad - ALGODONNA STYLE\" \/>\n<meta property=\"og:description\" content=\"En Algodonna Style creemos en una moda m\u00e1s consciente y respetuosa. Aunque somos una marca ficticia con fines educativos, nuestra filosof\u00eda se inspira en la sostenibilidad como eje fundamental: dise\u00f1ar con responsabilidad, valorar los recursos y promover un consumo m\u00e1s equilibrado. Apostamos por materiales inspirados en fibras naturales, procesos sencillos y una visi\u00f3n que prioriza [&hellip;]\" \/>\n<meta property=\"og:url\" content=\"https:\/\/lalaboralaula.es\/GV092526\/index.php\/nuestro-compromiso-con-la-sostenibilidad\/\" \/>\n<meta property=\"og:site_name\" content=\"ALGODONNA STYLE\" \/>\n<meta property=\"article:modified_time\" content=\"2025-11-18T18:09:09+00:00\" \/>\n<meta name=\"twitter:card\" content=\"summary_large_image\" \/>\n<meta name=\"twitter:label1\" content=\"Tiempo de lectura\" \/>\n\t<meta name=\"twitter:data1\" content=\"1 minuto\" \/>\n<script type=\"application\/ld+json\" class=\"yoast-schema-graph\">{\"@context\":\"https:\\\/\\\/schema.org\",\"@graph\":[{\"@type\":\"WebPage\",\"@id\":\"https:\\\/\\\/lalaboralaula.es\\\/GV092526\\\/index.php\\\/nuestro-compromiso-con-la-sostenibilidad\\\/\",\"url\":\"https:\\\/\\\/lalaboralaula.es\\\/GV092526\\\/index.php\\\/nuestro-compromiso-con-la-sostenibilidad\\\/\",\"name\":\"Nuestro compromiso con la sostenibilidad - ALGODONNA STYLE\",\"isPartOf\":{\"@id\":\"https:\\\/\\\/lalaboralaula.es\\\/GV092526\\\/#website\"},\"datePublished\":\"2025-10-17T15:47:27+00:00\",\"dateModified\":\"2025-11-18T18:09:09+00:00\",\"breadcrumb\":{\"@id\":\"https:\\\/\\\/lalaboralaula.es\\\/GV092526\\\/index.php\\\/nuestro-compromiso-con-la-sostenibilidad\\\/#breadcrumb\"},\"inLanguage\":\"es\",\"potentialAction\":[{\"@type\":\"ReadAction\",\"target\":[\"https:\\\/\\\/lalaboralaula.es\\\/GV092526\\\/index.php\\\/nuestro-compromiso-con-la-sostenibilidad\\\/\"]}]},{\"@type\":\"BreadcrumbList\",\"@id\":\"https:\\\/\\\/lalaboralaula.es\\\/GV092526\\\/index.php\\\/nuestro-compromiso-con-la-sostenibilidad\\\/#breadcrumb\",\"itemListElement\":[{\"@type\":\"ListItem\",\"position\":1,\"name\":\"Portada\",\"item\":\"https:\\\/\\\/lalaboralaula.es\\\/GV092526\\\/\"},{\"@type\":\"ListItem\",\"position\":2,\"name\":\"Nuestro compromiso con la sostenibilidad\"}]},{\"@type\":\"WebSite\",\"@id\":\"https:\\\/\\\/lalaboralaula.es\\\/GV092526\\\/#website\",\"url\":\"https:\\\/\\\/lalaboralaula.es\\\/GV092526\\\/\",\"name\":\"ALGODONNA STYLE\",\"description\":\"\",\"publisher\":{\"@id\":\"https:\\\/\\\/lalaboralaula.es\\\/GV092526\\\/#organization\"},\"potentialAction\":[{\"@type\":\"SearchAction\",\"target\":{\"@type\":\"EntryPoint\",\"urlTemplate\":\"https:\\\/\\\/lalaboralaula.es\\\/GV092526\\\/?s={search_term_string}\"},\"query-input\":{\"@type\":\"PropertyValueSpecification\",\"valueRequired\":true,\"valueName\":\"search_term_string\"}}],\"inLanguage\":\"es\"},{\"@type\":\"Organization\",\"@id\":\"https:\\\/\\\/lalaboralaula.es\\\/GV092526\\\/#organization\",\"name\":\"ALGODONNA STYLE\",\"url\":\"https:\\\/\\\/lalaboralaula.es\\\/GV092526\\\/\",\"logo\":{\"@type\":\"ImageObject\",\"inLanguage\":\"es\",\"@id\":\"https:\\\/\\\/lalaboralaula.es\\\/GV092526\\\/#\\\/schema\\\/logo\\\/image\\\/\",\"url\":\"https:\\\/\\\/lalaboralaula.es\\\/GV092526\\\/wp-content\\\/uploads\\\/2025\\\/10\\\/cropped-image.jpg\",\"contentUrl\":\"https:\\\/\\\/lalaboralaula.es\\\/GV092526\\\/wp-content\\\/uploads\\\/2025\\\/10\\\/cropped-image.jpg\",\"width\":878,\"height\":600,\"caption\":\"ALGODONNA STYLE\"},\"image\":{\"@id\":\"https:\\\/\\\/lalaboralaula.es\\\/GV092526\\\/#\\\/schema\\\/logo\\\/image\\\/\"}}]}<\/script>\n<!-- \/ Yoast SEO plugin. -->","yoast_head_json":{"title":"Nuestro compromiso con la sostenibilidad - ALGODONNA STYLE","robots":{"index":"index","follow":"follow","max-snippet":"max-snippet:-1","max-image-preview":"max-image-preview:large","max-video-preview":"max-video-preview:-1"},"canonical":"https:\/\/lalaboralaula.es\/GV092526\/index.php\/nuestro-compromiso-con-la-sostenibilidad\/","og_locale":"es_ES","og_type":"article","og_title":"Nuestro compromiso con la sostenibilidad - ALGODONNA STYLE","og_description":"En Algodonna Style creemos en una moda m\u00e1s consciente y respetuosa. Aunque somos una marca ficticia con fines educativos, nuestra filosof\u00eda se inspira en la sostenibilidad como eje fundamental: dise\u00f1ar con responsabilidad, valorar los recursos y promover un consumo m\u00e1s equilibrado. Apostamos por materiales inspirados en fibras naturales, procesos sencillos y una visi\u00f3n que prioriza [&hellip;]","og_url":"https:\/\/lalaboralaula.es\/GV092526\/index.php\/nuestro-compromiso-con-la-sostenibilidad\/","og_site_name":"ALGODONNA STYLE","article_modified_time":"2025-11-18T18:09:09+00:00","twitter_card":"summary_large_image","twitter_misc":{"Tiempo de lectura":"1 minuto"},"schema":{"@context":"https:\/\/schema.org","@graph":[{"@type":"WebPage","@id":"https:\/\/lalaboralaula.es\/GV092526\/index.php\/nuestro-compromiso-con-la-sostenibilidad\/","url":"https:\/\/lalaboralaula.es\/GV092526\/index.php\/nuestro-compromiso-con-la-sostenibilidad\/","name":"Nuestro compromiso con la sostenibilidad - ALGODONNA STYLE","isPartOf":{"@id":"https:\/\/lalaboralaula.es\/GV092526\/#website"},"datePublished":"2025-10-17T15:47:27+00:00","dateModified":"2025-11-18T18:09:09+00:00","breadcrumb":{"@id":"https:\/\/lalaboralaula.es\/GV092526\/index.php\/nuestro-compromiso-con-la-sostenibilidad\/#breadcrumb"},"inLanguage":"es","potentialAction":[{"@type":"ReadAction","target":["https:\/\/lalaboralaula.es\/GV092526\/index.php\/nuestro-compromiso-con-la-sostenibilidad\/"]}]},{"@type":"BreadcrumbList","@id":"https:\/\/lalaboralaula.es\/GV092526\/index.php\/nuestro-compromiso-con-la-sostenibilidad\/#breadcrumb","itemListElement":[{"@type":"ListItem","position":1,"name":"Portada","item":"https:\/\/lalaboralaula.es\/GV092526\/"},{"@type":"ListItem","position":2,"name":"Nuestro compromiso con la sostenibilidad"}]},{"@type":"WebSite","@id":"https:\/\/lalaboralaula.es\/GV092526\/#website","url":"https:\/\/lalaboralaula.es\/GV092526\/","name":"ALGODONNA STYLE","description":"","publisher":{"@id":"https:\/\/lalaboralaula.es\/GV092526\/#organization"},"potentialAction":[{"@type":"SearchAction","target":{"@type":"EntryPoint","urlTemplate":"https:\/\/lalaboralaula.es\/GV092526\/?s={search_term_string}"},"query-input":{"@type":"PropertyValueSpecification","valueRequired":true,"valueName":"search_term_string"}}],"inLanguage":"es"},{"@type":"Organization","@id":"https:\/\/lalaboralaula.es\/GV092526\/#organization","name":"ALGODONNA STYLE","url":"https:\/\/lalaboralaula.es\/GV092526\/","logo":{"@type":"ImageObject","inLanguage":"es","@id":"https:\/\/lalaboralaula.es\/GV092526\/#\/schema\/logo\/image\/","url":"https:\/\/lalaboralaula.es\/GV092526\/wp-content\/uploads\/2025\/10\/cropped-image.jpg","contentUrl":"https:\/\/lalaboralaula.es\/GV092526\/wp-content\/uploads\/2025\/10\/cropped-image.jpg","width":878,"height":600,"caption":"ALGODONNA STYLE"},"image":{"@id":"https:\/\/lalaboralaula.es\/GV092526\/#\/schema\/logo\/image\/"}}]}},"_links":{"self":[{"href":"https:\/\/lalaboralaula.es\/GV092526\/index.php\/wp-json\/wp\/v2\/pages\/32","targetHints":{"allow":["GET"]}}],"collection":[{"href":"https:\/\/lalaboralaula.es\/GV092526\/index.php\/wp-json\/wp\/v2\/pages"}],"about":[{"href":"https:\/\/lalaboralaula.es\/GV092526\/index.php\/wp-json\/wp\/v2\/types\/page"}],"author":[{"embeddable":true,"href":"https:\/\/lalaboralaula.es\/GV092526\/index.php\/wp-json\/wp\/v2\/users\/1"}],"replies":[{"embeddable":true,"href":"https:\/\/lalaboralaula.es\/GV092526\/index.php\/wp-json\/wp\/v2\/comments?post=32"}],"version-history":[{"count":2,"href":"https:\/\/lalaboralaula.es\/GV092526\/index.php\/wp-json\/wp\/v2\/pages\/32\/revisions"}],"predecessor-version":[{"id":221,"href":"https:\/\/lalaboralaula.es\/GV092526\/index.php\/wp-json\/wp\/v2\/pages\/32\/revisions\/221"}],"wp:attachment":[{"href":"https:\/\/lalaboralaula.es\/GV092526\/index.php\/wp-json\/wp\/v2\/media?parent=32"}],"curies":[{"name":"wp","href":"https:\/\/api.w.org\/{rel}","templated":true}]}}