{"id":28,"date":"2025-10-17T17:46:23","date_gmt":"2025-10-17T15:46:23","guid":{"rendered":"https:\/\/lalaboralaula.es\/GV092526\/?page_id=28"},"modified":"2025-11-18T19:55:40","modified_gmt":"2025-11-18T18:55:40","slug":"programa-de-afiliados","status":"publish","type":"page","link":"https:\/\/lalaboralaula.es\/GV092526\/index.php\/programa-de-afiliados\/","title":{"rendered":"Programa de afiliados"},"content":{"rendered":"\n<h1 class=\"wp-block-heading\"><strong>C\u00f3mo funciona el programa de afiliados de ALGODONNA STYLE?<\/strong><\/h1>\n\n\n\n<h3 class=\"wp-block-heading\"><strong>1. Reg\u00edstrate como afiliado de Algodonna Style<\/strong><\/h3>\n\n\n\n<p>Completa un sencillo formulario para unirte al programa y obtener tu enlace o panel de afiliado.<\/p>\n\n\n\n<h3 class=\"wp-block-heading\"><strong>2. Integra nuestros enlaces o contenido promocional en tu web, blog o redes<\/strong><\/h3>\n\n\n\n<p>Puedes compartir banners, enlaces o publicaciones sobre nuestros productos ficticios en cualquier plataforma donde tengas presencia online.<\/p>\n\n\n\n<h3 class=\"wp-block-heading\"><strong>3. Gana comisiones simuladas desde un 5%<\/strong><\/h3>\n\n\n\n<p>Por cada compra generada a trav\u00e9s de tu enlace, recibir\u00edas una comisi\u00f3n ficticia, ideal para fines educativos o demostrativos.<\/p>\n\n\n\n<hr class=\"wp-block-separator has-alpha-channel-opacity\"\/>\n\n\n\n<h1 class=\"wp-block-heading\"><strong>\u00bfQui\u00e9n puede ser afiliado de ALGODONNA STYLE?<\/strong><\/h1>\n\n\n\n<p><strong>Cualquier persona.<\/strong><br>Este programa est\u00e1 dise\u00f1ado para:<\/p>\n\n\n\n<ul class=\"wp-block-list\">\n<li>Due\u00f1os de p\u00e1ginas web<\/li>\n\n\n\n<li>Bloggers<\/li>\n\n\n\n<li>Creadores de contenido<\/li>\n\n\n\n<li>Administradores de foros<\/li>\n\n\n\n<li>Personas con perfiles activos en redes sociales<\/li>\n\n\n\n<li>Proyectos educativos o demostrativos<\/li>\n<\/ul>\n\n\n\n<p>El programa es accesible para cualquier usuario, independientemente de su experiencia o sector, ya que forma parte del entorno ficticio y educativo de Algodonna Style.<\/p>\n","protected":false},"excerpt":{"rendered":"<p>C\u00f3mo funciona el programa de afiliados de ALGODONNA STYLE? 1. Reg\u00edstrate como afiliado de Algodonna Style Completa un sencillo formulario para unirte al programa y obtener tu enlace o panel de afiliado. 2. Integra nuestros enlaces o contenido promocional en tu web, blog o redes Puedes compartir banners, enlaces o publicaciones sobre nuestros productos ficticios [&hellip;]<\/p>\n","protected":false},"author":1,"featured_media":0,"parent":0,"menu_order":0,"comment_status":"closed","ping_status":"closed","template":"","meta":{"footnotes":""},"class_list":["post-28","page","type-page","status-publish","hentry"],"yoast_head":"<!-- This site is optimized with the Yoast SEO plugin v27.3 - https:\/\/yoast.com\/product\/yoast-seo-wordpress\/ -->\n<title>Programa de afiliados - ALGODONNA STYLE<\/title>\n<meta name=\"robots\" content=\"index, follow, max-snippet:-1, max-image-preview:large, max-video-preview:-1\" \/>\n<link rel=\"canonical\" href=\"https:\/\/lalaboralaula.es\/GV092526\/index.php\/programa-de-afiliados\/\" \/>\n<meta property=\"og:locale\" content=\"es_ES\" \/>\n<meta property=\"og:type\" content=\"article\" \/>\n<meta property=\"og:title\" content=\"Programa de afiliados - ALGODONNA STYLE\" \/>\n<meta property=\"og:description\" content=\"C\u00f3mo funciona el programa de afiliados de ALGODONNA STYLE? 1. Reg\u00edstrate como afiliado de Algodonna Style Completa un sencillo formulario para unirte al programa y obtener tu enlace o panel de afiliado. 2. Integra nuestros enlaces o contenido promocional en tu web, blog o redes Puedes compartir banners, enlaces o publicaciones sobre nuestros productos ficticios [&hellip;]\" \/>\n<meta property=\"og:url\" content=\"https:\/\/lalaboralaula.es\/GV092526\/index.php\/programa-de-afiliados\/\" \/>\n<meta property=\"og:site_name\" content=\"ALGODONNA STYLE\" \/>\n<meta property=\"article:modified_time\" content=\"2025-11-18T18:55:40+00:00\" \/>\n<meta name=\"twitter:card\" content=\"summary_large_image\" \/>\n<meta name=\"twitter:label1\" content=\"Tiempo de lectura\" \/>\n\t<meta name=\"twitter:data1\" content=\"1 minuto\" \/>\n<script type=\"application\/ld+json\" class=\"yoast-schema-graph\">{\"@context\":\"https:\\\/\\\/schema.org\",\"@graph\":[{\"@type\":\"WebPage\",\"@id\":\"https:\\\/\\\/lalaboralaula.es\\\/GV092526\\\/index.php\\\/programa-de-afiliados\\\/\",\"url\":\"https:\\\/\\\/lalaboralaula.es\\\/GV092526\\\/index.php\\\/programa-de-afiliados\\\/\",\"name\":\"Programa de afiliados - ALGODONNA STYLE\",\"isPartOf\":{\"@id\":\"https:\\\/\\\/lalaboralaula.es\\\/GV092526\\\/#website\"},\"datePublished\":\"2025-10-17T15:46:23+00:00\",\"dateModified\":\"2025-11-18T18:55:40+00:00\",\"breadcrumb\":{\"@id\":\"https:\\\/\\\/lalaboralaula.es\\\/GV092526\\\/index.php\\\/programa-de-afiliados\\\/#breadcrumb\"},\"inLanguage\":\"es\",\"potentialAction\":[{\"@type\":\"ReadAction\",\"target\":[\"https:\\\/\\\/lalaboralaula.es\\\/GV092526\\\/index.php\\\/programa-de-afiliados\\\/\"]}]},{\"@type\":\"BreadcrumbList\",\"@id\":\"https:\\\/\\\/lalaboralaula.es\\\/GV092526\\\/index.php\\\/programa-de-afiliados\\\/#breadcrumb\",\"itemListElement\":[{\"@type\":\"ListItem\",\"position\":1,\"name\":\"Portada\",\"item\":\"https:\\\/\\\/lalaboralaula.es\\\/GV092526\\\/\"},{\"@type\":\"ListItem\",\"position\":2,\"name\":\"Programa de afiliados\"}]},{\"@type\":\"WebSite\",\"@id\":\"https:\\\/\\\/lalaboralaula.es\\\/GV092526\\\/#website\",\"url\":\"https:\\\/\\\/lalaboralaula.es\\\/GV092526\\\/\",\"name\":\"ALGODONNA STYLE\",\"description\":\"\",\"publisher\":{\"@id\":\"https:\\\/\\\/lalaboralaula.es\\\/GV092526\\\/#organization\"},\"potentialAction\":[{\"@type\":\"SearchAction\",\"target\":{\"@type\":\"EntryPoint\",\"urlTemplate\":\"https:\\\/\\\/lalaboralaula.es\\\/GV092526\\\/?s={search_term_string}\"},\"query-input\":{\"@type\":\"PropertyValueSpecification\",\"valueRequired\":true,\"valueName\":\"search_term_string\"}}],\"inLanguage\":\"es\"},{\"@type\":\"Organization\",\"@id\":\"https:\\\/\\\/lalaboralaula.es\\\/GV092526\\\/#organization\",\"name\":\"ALGODONNA STYLE\",\"url\":\"https:\\\/\\\/lalaboralaula.es\\\/GV092526\\\/\",\"logo\":{\"@type\":\"ImageObject\",\"inLanguage\":\"es\",\"@id\":\"https:\\\/\\\/lalaboralaula.es\\\/GV092526\\\/#\\\/schema\\\/logo\\\/image\\\/\",\"url\":\"https:\\\/\\\/lalaboralaula.es\\\/GV092526\\\/wp-content\\\/uploads\\\/2025\\\/10\\\/cropped-image.jpg\",\"contentUrl\":\"https:\\\/\\\/lalaboralaula.es\\\/GV092526\\\/wp-content\\\/uploads\\\/2025\\\/10\\\/cropped-image.jpg\",\"width\":878,\"height\":600,\"caption\":\"ALGODONNA STYLE\"},\"image\":{\"@id\":\"https:\\\/\\\/lalaboralaula.es\\\/GV092526\\\/#\\\/schema\\\/logo\\\/image\\\/\"}}]}<\/script>\n<!-- \/ Yoast SEO plugin. -->","yoast_head_json":{"title":"Programa de afiliados - ALGODONNA STYLE","robots":{"index":"index","follow":"follow","max-snippet":"max-snippet:-1","max-image-preview":"max-image-preview:large","max-video-preview":"max-video-preview:-1"},"canonical":"https:\/\/lalaboralaula.es\/GV092526\/index.php\/programa-de-afiliados\/","og_locale":"es_ES","og_type":"article","og_title":"Programa de afiliados - ALGODONNA STYLE","og_description":"C\u00f3mo funciona el programa de afiliados de ALGODONNA STYLE? 1. Reg\u00edstrate como afiliado de Algodonna Style Completa un sencillo formulario para unirte al programa y obtener tu enlace o panel de afiliado. 2. Integra nuestros enlaces o contenido promocional en tu web, blog o redes Puedes compartir banners, enlaces o publicaciones sobre nuestros productos ficticios [&hellip;]","og_url":"https:\/\/lalaboralaula.es\/GV092526\/index.php\/programa-de-afiliados\/","og_site_name":"ALGODONNA STYLE","article_modified_time":"2025-11-18T18:55:40+00:00","twitter_card":"summary_large_image","twitter_misc":{"Tiempo de lectura":"1 minuto"},"schema":{"@context":"https:\/\/schema.org","@graph":[{"@type":"WebPage","@id":"https:\/\/lalaboralaula.es\/GV092526\/index.php\/programa-de-afiliados\/","url":"https:\/\/lalaboralaula.es\/GV092526\/index.php\/programa-de-afiliados\/","name":"Programa de afiliados - ALGODONNA STYLE","isPartOf":{"@id":"https:\/\/lalaboralaula.es\/GV092526\/#website"},"datePublished":"2025-10-17T15:46:23+00:00","dateModified":"2025-11-18T18:55:40+00:00","breadcrumb":{"@id":"https:\/\/lalaboralaula.es\/GV092526\/index.php\/programa-de-afiliados\/#breadcrumb"},"inLanguage":"es","potentialAction":[{"@type":"ReadAction","target":["https:\/\/lalaboralaula.es\/GV092526\/index.php\/programa-de-afiliados\/"]}]},{"@type":"BreadcrumbList","@id":"https:\/\/lalaboralaula.es\/GV092526\/index.php\/programa-de-afiliados\/#breadcrumb","itemListElement":[{"@type":"ListItem","position":1,"name":"Portada","item":"https:\/\/lalaboralaula.es\/GV092526\/"},{"@type":"ListItem","position":2,"name":"Programa de afiliados"}]},{"@type":"WebSite","@id":"https:\/\/lalaboralaula.es\/GV092526\/#website","url":"https:\/\/lalaboralaula.es\/GV092526\/","name":"ALGODONNA STYLE","description":"","publisher":{"@id":"https:\/\/lalaboralaula.es\/GV092526\/#organization"},"potentialAction":[{"@type":"SearchAction","target":{"@type":"EntryPoint","urlTemplate":"https:\/\/lalaboralaula.es\/GV092526\/?s={search_term_string}"},"query-input":{"@type":"PropertyValueSpecification","valueRequired":true,"valueName":"search_term_string"}}],"inLanguage":"es"},{"@type":"Organization","@id":"https:\/\/lalaboralaula.es\/GV092526\/#organization","name":"ALGODONNA STYLE","url":"https:\/\/lalaboralaula.es\/GV092526\/","logo":{"@type":"ImageObject","inLanguage":"es","@id":"https:\/\/lalaboralaula.es\/GV092526\/#\/schema\/logo\/image\/","url":"https:\/\/lalaboralaula.es\/GV092526\/wp-content\/uploads\/2025\/10\/cropped-image.jpg","contentUrl":"https:\/\/lalaboralaula.es\/GV092526\/wp-content\/uploads\/2025\/10\/cropped-image.jpg","width":878,"height":600,"caption":"ALGODONNA STYLE"},"image":{"@id":"https:\/\/lalaboralaula.es\/GV092526\/#\/schema\/logo\/image\/"}}]}},"_links":{"self":[{"href":"https:\/\/lalaboralaula.es\/GV092526\/index.php\/wp-json\/wp\/v2\/pages\/28","targetHints":{"allow":["GET"]}}],"collection":[{"href":"https:\/\/lalaboralaula.es\/GV092526\/index.php\/wp-json\/wp\/v2\/pages"}],"about":[{"href":"https:\/\/lalaboralaula.es\/GV092526\/index.php\/wp-json\/wp\/v2\/types\/page"}],"author":[{"embeddable":true,"href":"https:\/\/lalaboralaula.es\/GV092526\/index.php\/wp-json\/wp\/v2\/users\/1"}],"replies":[{"embeddable":true,"href":"https:\/\/lalaboralaula.es\/GV092526\/index.php\/wp-json\/wp\/v2\/comments?post=28"}],"version-history":[{"count":2,"href":"https:\/\/lalaboralaula.es\/GV092526\/index.php\/wp-json\/wp\/v2\/pages\/28\/revisions"}],"predecessor-version":[{"id":225,"href":"https:\/\/lalaboralaula.es\/GV092526\/index.php\/wp-json\/wp\/v2\/pages\/28\/revisions\/225"}],"wp:attachment":[{"href":"https:\/\/lalaboralaula.es\/GV092526\/index.php\/wp-json\/wp\/v2\/media?parent=28"}],"curies":[{"name":"wp","href":"https:\/\/api.w.org\/{rel}","templated":true}]}}