{"id":18,"date":"2025-10-17T17:39:57","date_gmt":"2025-10-17T15:39:57","guid":{"rendered":"https:\/\/lalaboralaula.es\/GV092526\/?page_id=18"},"modified":"2025-11-18T18:58:45","modified_gmt":"2025-11-18T17:58:45","slug":"atencion-al-cliente","status":"publish","type":"page","link":"https:\/\/lalaboralaula.es\/GV092526\/index.php\/atencion-al-cliente\/","title":{"rendered":"Atenci\u00f3n al cliente"},"content":{"rendered":"\n<h3 class=\"wp-block-heading\"><strong> E-Mail<\/strong><\/h3>\n\n\n\n<p><strong><a>algodonnastyle@gmail.com<\/a><\/strong><br><em>(Correo ficticio con fines educativos)<\/em><\/p>\n\n\n\n<hr class=\"wp-block-separator has-alpha-channel-opacity\"\/>\n\n\n\n<h3 class=\"wp-block-heading\"><strong>WhatsApp<\/strong><\/h3>\n\n\n\n<p><strong>+34 600 000 000<\/strong><br><em>(N\u00famero ficticio no operativo)<\/em><\/p>\n\n\n\n<hr class=\"wp-block-separator has-alpha-channel-opacity\"\/>\n\n\n\n<h3 class=\"wp-block-heading\"><strong> Chat<\/strong><\/h3>\n\n\n\n<p>Habla con nuestro equipo a trav\u00e9s de nuestro chat en l\u00ednea.<br><em>(Funci\u00f3n simulada para demostraci\u00f3n)<\/em><\/p>\n\n\n\n<hr class=\"wp-block-separator has-alpha-channel-opacity\"\/>\n\n\n\n<h3 class=\"wp-block-heading\"><strong> Tel\u00e9fono<\/strong><\/h3>\n\n\n\n<p><strong>900 000 000 (solo Espa\u00f1a)<\/strong><br><em>(No operativo, uso educativo)<\/em><\/p>\n\n\n\n<hr class=\"wp-block-separator has-alpha-channel-opacity\"\/>\n\n\n\n<p><strong>Horario de atenci\u00f3n:<\/strong><br>Lunes a viernes de <strong>10:00h a 20:30h<\/strong><br>S\u00e1bados de <strong>10:00h a 15:00h<\/strong><\/p>\n","protected":false},"excerpt":{"rendered":"<p>E-Mail algodonnastyle@gmail.com(Correo ficticio con fines educativos) WhatsApp +34 600 000 000(N\u00famero ficticio no operativo) Chat Habla con nuestro equipo a trav\u00e9s de nuestro chat en l\u00ednea.(Funci\u00f3n simulada para demostraci\u00f3n) Tel\u00e9fono 900 000 000 (solo Espa\u00f1a)(No operativo, uso educativo) Horario de atenci\u00f3n:Lunes a viernes de 10:00h a 20:30hS\u00e1bados de 10:00h a 15:00h<\/p>\n","protected":false},"author":1,"featured_media":0,"parent":0,"menu_order":0,"comment_status":"closed","ping_status":"closed","template":"","meta":{"footnotes":""},"class_list":["post-18","page","type-page","status-publish","hentry"],"yoast_head":"<!-- This site is optimized with the Yoast SEO plugin v27.3 - https:\/\/yoast.com\/product\/yoast-seo-wordpress\/ -->\n<title>Atenci\u00f3n al cliente - ALGODONNA STYLE<\/title>\n<meta name=\"robots\" content=\"index, follow, max-snippet:-1, max-image-preview:large, max-video-preview:-1\" \/>\n<link rel=\"canonical\" href=\"https:\/\/lalaboralaula.es\/GV092526\/index.php\/atencion-al-cliente\/\" \/>\n<meta property=\"og:locale\" content=\"es_ES\" \/>\n<meta property=\"og:type\" content=\"article\" \/>\n<meta property=\"og:title\" content=\"Atenci\u00f3n al cliente - ALGODONNA STYLE\" \/>\n<meta property=\"og:description\" content=\"E-Mail algodonnastyle@gmail.com(Correo ficticio con fines educativos) WhatsApp +34 600 000 000(N\u00famero ficticio no operativo) Chat Habla con nuestro equipo a trav\u00e9s de nuestro chat en l\u00ednea.(Funci\u00f3n simulada para demostraci\u00f3n) Tel\u00e9fono 900 000 000 (solo Espa\u00f1a)(No operativo, uso educativo) Horario de atenci\u00f3n:Lunes a viernes de 10:00h a 20:30hS\u00e1bados de 10:00h a 15:00h\" \/>\n<meta property=\"og:url\" content=\"https:\/\/lalaboralaula.es\/GV092526\/index.php\/atencion-al-cliente\/\" \/>\n<meta property=\"og:site_name\" content=\"ALGODONNA STYLE\" \/>\n<meta property=\"article:modified_time\" content=\"2025-11-18T17:58:45+00:00\" \/>\n<meta name=\"twitter:card\" content=\"summary_large_image\" \/>\n<meta name=\"twitter:label1\" content=\"Tiempo de lectura\" \/>\n\t<meta name=\"twitter:data1\" content=\"1 minuto\" \/>\n<script type=\"application\/ld+json\" class=\"yoast-schema-graph\">{\"@context\":\"https:\\\/\\\/schema.org\",\"@graph\":[{\"@type\":\"WebPage\",\"@id\":\"https:\\\/\\\/lalaboralaula.es\\\/GV092526\\\/index.php\\\/atencion-al-cliente\\\/\",\"url\":\"https:\\\/\\\/lalaboralaula.es\\\/GV092526\\\/index.php\\\/atencion-al-cliente\\\/\",\"name\":\"Atenci\u00f3n al cliente - ALGODONNA STYLE\",\"isPartOf\":{\"@id\":\"https:\\\/\\\/lalaboralaula.es\\\/GV092526\\\/#website\"},\"datePublished\":\"2025-10-17T15:39:57+00:00\",\"dateModified\":\"2025-11-18T17:58:45+00:00\",\"breadcrumb\":{\"@id\":\"https:\\\/\\\/lalaboralaula.es\\\/GV092526\\\/index.php\\\/atencion-al-cliente\\\/#breadcrumb\"},\"inLanguage\":\"es\",\"potentialAction\":[{\"@type\":\"ReadAction\",\"target\":[\"https:\\\/\\\/lalaboralaula.es\\\/GV092526\\\/index.php\\\/atencion-al-cliente\\\/\"]}]},{\"@type\":\"BreadcrumbList\",\"@id\":\"https:\\\/\\\/lalaboralaula.es\\\/GV092526\\\/index.php\\\/atencion-al-cliente\\\/#breadcrumb\",\"itemListElement\":[{\"@type\":\"ListItem\",\"position\":1,\"name\":\"Portada\",\"item\":\"https:\\\/\\\/lalaboralaula.es\\\/GV092526\\\/\"},{\"@type\":\"ListItem\",\"position\":2,\"name\":\"Atenci\u00f3n al cliente\"}]},{\"@type\":\"WebSite\",\"@id\":\"https:\\\/\\\/lalaboralaula.es\\\/GV092526\\\/#website\",\"url\":\"https:\\\/\\\/lalaboralaula.es\\\/GV092526\\\/\",\"name\":\"ALGODONNA STYLE\",\"description\":\"\",\"publisher\":{\"@id\":\"https:\\\/\\\/lalaboralaula.es\\\/GV092526\\\/#organization\"},\"potentialAction\":[{\"@type\":\"SearchAction\",\"target\":{\"@type\":\"EntryPoint\",\"urlTemplate\":\"https:\\\/\\\/lalaboralaula.es\\\/GV092526\\\/?s={search_term_string}\"},\"query-input\":{\"@type\":\"PropertyValueSpecification\",\"valueRequired\":true,\"valueName\":\"search_term_string\"}}],\"inLanguage\":\"es\"},{\"@type\":\"Organization\",\"@id\":\"https:\\\/\\\/lalaboralaula.es\\\/GV092526\\\/#organization\",\"name\":\"ALGODONNA STYLE\",\"url\":\"https:\\\/\\\/lalaboralaula.es\\\/GV092526\\\/\",\"logo\":{\"@type\":\"ImageObject\",\"inLanguage\":\"es\",\"@id\":\"https:\\\/\\\/lalaboralaula.es\\\/GV092526\\\/#\\\/schema\\\/logo\\\/image\\\/\",\"url\":\"https:\\\/\\\/lalaboralaula.es\\\/GV092526\\\/wp-content\\\/uploads\\\/2025\\\/10\\\/cropped-image.jpg\",\"contentUrl\":\"https:\\\/\\\/lalaboralaula.es\\\/GV092526\\\/wp-content\\\/uploads\\\/2025\\\/10\\\/cropped-image.jpg\",\"width\":878,\"height\":600,\"caption\":\"ALGODONNA STYLE\"},\"image\":{\"@id\":\"https:\\\/\\\/lalaboralaula.es\\\/GV092526\\\/#\\\/schema\\\/logo\\\/image\\\/\"}}]}<\/script>\n<!-- \/ Yoast SEO plugin. -->","yoast_head_json":{"title":"Atenci\u00f3n al cliente - ALGODONNA STYLE","robots":{"index":"index","follow":"follow","max-snippet":"max-snippet:-1","max-image-preview":"max-image-preview:large","max-video-preview":"max-video-preview:-1"},"canonical":"https:\/\/lalaboralaula.es\/GV092526\/index.php\/atencion-al-cliente\/","og_locale":"es_ES","og_type":"article","og_title":"Atenci\u00f3n al cliente - ALGODONNA STYLE","og_description":"E-Mail algodonnastyle@gmail.com(Correo ficticio con fines educativos) WhatsApp +34 600 000 000(N\u00famero ficticio no operativo) Chat Habla con nuestro equipo a trav\u00e9s de nuestro chat en l\u00ednea.(Funci\u00f3n simulada para demostraci\u00f3n) Tel\u00e9fono 900 000 000 (solo Espa\u00f1a)(No operativo, uso educativo) Horario de atenci\u00f3n:Lunes a viernes de 10:00h a 20:30hS\u00e1bados de 10:00h a 15:00h","og_url":"https:\/\/lalaboralaula.es\/GV092526\/index.php\/atencion-al-cliente\/","og_site_name":"ALGODONNA STYLE","article_modified_time":"2025-11-18T17:58:45+00:00","twitter_card":"summary_large_image","twitter_misc":{"Tiempo de lectura":"1 minuto"},"schema":{"@context":"https:\/\/schema.org","@graph":[{"@type":"WebPage","@id":"https:\/\/lalaboralaula.es\/GV092526\/index.php\/atencion-al-cliente\/","url":"https:\/\/lalaboralaula.es\/GV092526\/index.php\/atencion-al-cliente\/","name":"Atenci\u00f3n al cliente - ALGODONNA STYLE","isPartOf":{"@id":"https:\/\/lalaboralaula.es\/GV092526\/#website"},"datePublished":"2025-10-17T15:39:57+00:00","dateModified":"2025-11-18T17:58:45+00:00","breadcrumb":{"@id":"https:\/\/lalaboralaula.es\/GV092526\/index.php\/atencion-al-cliente\/#breadcrumb"},"inLanguage":"es","potentialAction":[{"@type":"ReadAction","target":["https:\/\/lalaboralaula.es\/GV092526\/index.php\/atencion-al-cliente\/"]}]},{"@type":"BreadcrumbList","@id":"https:\/\/lalaboralaula.es\/GV092526\/index.php\/atencion-al-cliente\/#breadcrumb","itemListElement":[{"@type":"ListItem","position":1,"name":"Portada","item":"https:\/\/lalaboralaula.es\/GV092526\/"},{"@type":"ListItem","position":2,"name":"Atenci\u00f3n al cliente"}]},{"@type":"WebSite","@id":"https:\/\/lalaboralaula.es\/GV092526\/#website","url":"https:\/\/lalaboralaula.es\/GV092526\/","name":"ALGODONNA STYLE","description":"","publisher":{"@id":"https:\/\/lalaboralaula.es\/GV092526\/#organization"},"potentialAction":[{"@type":"SearchAction","target":{"@type":"EntryPoint","urlTemplate":"https:\/\/lalaboralaula.es\/GV092526\/?s={search_term_string}"},"query-input":{"@type":"PropertyValueSpecification","valueRequired":true,"valueName":"search_term_string"}}],"inLanguage":"es"},{"@type":"Organization","@id":"https:\/\/lalaboralaula.es\/GV092526\/#organization","name":"ALGODONNA STYLE","url":"https:\/\/lalaboralaula.es\/GV092526\/","logo":{"@type":"ImageObject","inLanguage":"es","@id":"https:\/\/lalaboralaula.es\/GV092526\/#\/schema\/logo\/image\/","url":"https:\/\/lalaboralaula.es\/GV092526\/wp-content\/uploads\/2025\/10\/cropped-image.jpg","contentUrl":"https:\/\/lalaboralaula.es\/GV092526\/wp-content\/uploads\/2025\/10\/cropped-image.jpg","width":878,"height":600,"caption":"ALGODONNA STYLE"},"image":{"@id":"https:\/\/lalaboralaula.es\/GV092526\/#\/schema\/logo\/image\/"}}]}},"_links":{"self":[{"href":"https:\/\/lalaboralaula.es\/GV092526\/index.php\/wp-json\/wp\/v2\/pages\/18","targetHints":{"allow":["GET"]}}],"collection":[{"href":"https:\/\/lalaboralaula.es\/GV092526\/index.php\/wp-json\/wp\/v2\/pages"}],"about":[{"href":"https:\/\/lalaboralaula.es\/GV092526\/index.php\/wp-json\/wp\/v2\/types\/page"}],"author":[{"embeddable":true,"href":"https:\/\/lalaboralaula.es\/GV092526\/index.php\/wp-json\/wp\/v2\/users\/1"}],"replies":[{"embeddable":true,"href":"https:\/\/lalaboralaula.es\/GV092526\/index.php\/wp-json\/wp\/v2\/comments?post=18"}],"version-history":[{"count":2,"href":"https:\/\/lalaboralaula.es\/GV092526\/index.php\/wp-json\/wp\/v2\/pages\/18\/revisions"}],"predecessor-version":[{"id":220,"href":"https:\/\/lalaboralaula.es\/GV092526\/index.php\/wp-json\/wp\/v2\/pages\/18\/revisions\/220"}],"wp:attachment":[{"href":"https:\/\/lalaboralaula.es\/GV092526\/index.php\/wp-json\/wp\/v2\/media?parent=18"}],"curies":[{"name":"wp","href":"https:\/\/api.w.org\/{rel}","templated":true}]}}