{"id":264,"date":"2025-11-25T18:13:49","date_gmt":"2025-11-25T17:13:49","guid":{"rendered":"https:\/\/lalaboralaula.es\/GV072526\/?post_type=product&#038;p=264"},"modified":"2025-11-25T18:56:55","modified_gmt":"2025-11-25T17:56:55","slug":"libro-trazos-del-alma-en-acuarela","status":"publish","type":"product","link":"https:\/\/lalaboralaula.es\/GV072526\/index.php\/producto\/libro-trazos-del-alma-en-acuarela\/","title":{"rendered":"Libro \u00abTrazos del alma en acuarela\u00bb"},"content":{"rendered":"<p>Un diario ilustrado que combina inspiraci\u00f3n y espacio libre en cada doble p\u00e1gina:<\/p>\n<p>Frases motivadoras diarias (por fecha) que invitan a explorar y dar rienda suelta a emociones a trav\u00e9s de la pintura.<\/p>\n<p>234 p\u00e1ginas en total: en cada par de p\u00e1ginas, la parte izquierda contiene una frase breve y po\u00e9tica para el d\u00eda (p. ej. \u00abHoy deja que el color de tus sue\u00f1os pinte el lienzo de tu realidad\u00bb), mientras que la parte derecha es un lienzo en blanco con un elegante borde met\u00e1lico dorado, listo para tus bocetos, apuntes, o acuarelas.<\/p>\n<p>Dise\u00f1o editorial cuidado: portada y cubiertas interiores con suaves salpicaduras en acuarela, tipograf\u00eda en relieve y detalles en dorado.<\/p>\n<p>Ideal para artistas, aficionados a la acuarela y cualquier persona que busque estructurar su pr\u00e1ctica diaria de dibujo o lettering, reflexionando como sobre c\u00f3mo ha sido su jornada.<\/p>\n","protected":false},"excerpt":{"rendered":"<p>Un diario ilustrado que fusiona inspiraci\u00f3n y espacio creativo en cada doble p\u00e1gina.\u00a0 Con un total de 234 p\u00e1ginas, cada par presenta a la izquierda una cita breve y po\u00e9tica y a la derecha un lienzo en blanco con un elegante borde dorado met\u00e1lico, ideal para bocetos, notas o acuarelas. Su esmerado dise\u00f1o editorial incorpora portada y guardas con delicadas salpicaduras en acuarela, tipograf\u00eda en relieve y detalles dorados. Es perfecto para artistas y amantes de la acuarela.<\/p>\n","protected":false},"featured_media":270,"comment_status":"open","ping_status":"closed","template":"","meta":[],"product_brand":[],"product_cat":[37,31],"product_tag":[39,38,40],"class_list":{"0":"post-264","1":"product","2":"type-product","3":"status-publish","4":"has-post-thumbnail","6":"product_cat-bullet-journal","7":"product_cat-trazos-del-alma-en-acuarela","8":"product_tag-acuarela","9":"product_tag-bullet-journal","10":"product_tag-diario-creativo","12":"first","13":"instock","14":"taxable","15":"shipping-taxable","16":"purchasable","17":"product-type-simple"},"yoast_head":"<!-- This site is optimized with the Yoast SEO plugin v27.3 - https:\/\/yoast.com\/product\/yoast-seo-wordpress\/ -->\n<title>Libro &quot;Trazos del alma en acuarela&quot; - Luxopathy<\/title>\n<meta name=\"robots\" content=\"index, follow, max-snippet:-1, max-image-preview:large, max-video-preview:-1\" \/>\n<link rel=\"canonical\" href=\"https:\/\/lalaboralaula.es\/GV072526\/index.php\/producto\/libro-trazos-del-alma-en-acuarela\/\" \/>\n<meta property=\"og:locale\" content=\"es_ES\" \/>\n<meta property=\"og:type\" content=\"article\" \/>\n<meta property=\"og:title\" content=\"Libro &quot;Trazos del alma en acuarela&quot; - Luxopathy\" \/>\n<meta property=\"og:description\" content=\"Un diario ilustrado que fusiona inspiraci\u00f3n y espacio creativo en cada doble p\u00e1gina.\u00a0 Con un total de 234 p\u00e1ginas, cada par presenta a la izquierda una cita breve y po\u00e9tica y a la derecha un lienzo en blanco con un elegante borde dorado met\u00e1lico, ideal para bocetos, notas o acuarelas. Su esmerado dise\u00f1o editorial incorpora portada y guardas con delicadas salpicaduras en acuarela, tipograf\u00eda en relieve y detalles dorados. Es perfecto para artistas y amantes de la acuarela.\" \/>\n<meta property=\"og:url\" content=\"https:\/\/lalaboralaula.es\/GV072526\/index.php\/producto\/libro-trazos-del-alma-en-acuarela\/\" \/>\n<meta property=\"og:site_name\" content=\"Luxopathy\" \/>\n<meta property=\"article:modified_time\" content=\"2025-11-25T17:56:55+00:00\" \/>\n<meta property=\"og:image\" content=\"https:\/\/lalaboralaula.es\/GV072526\/wp-content\/uploads\/2025\/11\/Libros-trazos-del-alma-en-acuarela-y-pegatinas.jpg\" \/>\n\t<meta property=\"og:image:width\" content=\"940\" \/>\n\t<meta property=\"og:image:height\" content=\"940\" \/>\n\t<meta property=\"og:image:type\" content=\"image\/jpeg\" \/>\n<meta name=\"twitter:card\" content=\"summary_large_image\" \/>\n<meta name=\"twitter:label1\" content=\"Tiempo de lectura\" \/>\n\t<meta name=\"twitter:data1\" content=\"1 minuto\" \/>\n<script type=\"application\/ld+json\" class=\"yoast-schema-graph\">{\"@context\":\"https:\\\/\\\/schema.org\",\"@graph\":[{\"@type\":\"WebPage\",\"@id\":\"https:\\\/\\\/lalaboralaula.es\\\/GV072526\\\/index.php\\\/producto\\\/libro-trazos-del-alma-en-acuarela\\\/\",\"url\":\"https:\\\/\\\/lalaboralaula.es\\\/GV072526\\\/index.php\\\/producto\\\/libro-trazos-del-alma-en-acuarela\\\/\",\"name\":\"Libro \\\"Trazos del alma en acuarela\\\" - Luxopathy\",\"isPartOf\":{\"@id\":\"https:\\\/\\\/lalaboralaula.es\\\/GV072526\\\/#website\"},\"primaryImageOfPage\":{\"@id\":\"https:\\\/\\\/lalaboralaula.es\\\/GV072526\\\/index.php\\\/producto\\\/libro-trazos-del-alma-en-acuarela\\\/#primaryimage\"},\"image\":{\"@id\":\"https:\\\/\\\/lalaboralaula.es\\\/GV072526\\\/index.php\\\/producto\\\/libro-trazos-del-alma-en-acuarela\\\/#primaryimage\"},\"thumbnailUrl\":\"https:\\\/\\\/lalaboralaula.es\\\/GV072526\\\/wp-content\\\/uploads\\\/2025\\\/11\\\/Libros-trazos-del-alma-en-acuarela-y-pegatinas.jpg\",\"datePublished\":\"2025-11-25T17:13:49+00:00\",\"dateModified\":\"2025-11-25T17:56:55+00:00\",\"breadcrumb\":{\"@id\":\"https:\\\/\\\/lalaboralaula.es\\\/GV072526\\\/index.php\\\/producto\\\/libro-trazos-del-alma-en-acuarela\\\/#breadcrumb\"},\"inLanguage\":\"es\",\"potentialAction\":[{\"@type\":\"ReadAction\",\"target\":[\"https:\\\/\\\/lalaboralaula.es\\\/GV072526\\\/index.php\\\/producto\\\/libro-trazos-del-alma-en-acuarela\\\/\"]}]},{\"@type\":\"ImageObject\",\"inLanguage\":\"es\",\"@id\":\"https:\\\/\\\/lalaboralaula.es\\\/GV072526\\\/index.php\\\/producto\\\/libro-trazos-del-alma-en-acuarela\\\/#primaryimage\",\"url\":\"https:\\\/\\\/lalaboralaula.es\\\/GV072526\\\/wp-content\\\/uploads\\\/2025\\\/11\\\/Libros-trazos-del-alma-en-acuarela-y-pegatinas.jpg\",\"contentUrl\":\"https:\\\/\\\/lalaboralaula.es\\\/GV072526\\\/wp-content\\\/uploads\\\/2025\\\/11\\\/Libros-trazos-del-alma-en-acuarela-y-pegatinas.jpg\",\"width\":940,\"height\":940},{\"@type\":\"BreadcrumbList\",\"@id\":\"https:\\\/\\\/lalaboralaula.es\\\/GV072526\\\/index.php\\\/producto\\\/libro-trazos-del-alma-en-acuarela\\\/#breadcrumb\",\"itemListElement\":[{\"@type\":\"ListItem\",\"position\":1,\"name\":\"Portada\",\"item\":\"https:\\\/\\\/lalaboralaula.es\\\/GV072526\\\/\"},{\"@type\":\"ListItem\",\"position\":2,\"name\":\"Tienda\",\"item\":\"https:\\\/\\\/lalaboralaula.es\\\/GV072526\\\/index.php\\\/tienda\\\/\"},{\"@type\":\"ListItem\",\"position\":3,\"name\":\"Libro \u00abTrazos del alma en acuarela\u00bb\"}]},{\"@type\":\"WebSite\",\"@id\":\"https:\\\/\\\/lalaboralaula.es\\\/GV072526\\\/#website\",\"url\":\"https:\\\/\\\/lalaboralaula.es\\\/GV072526\\\/\",\"name\":\"Luxopathy\",\"description\":\"Define la elegancia\",\"publisher\":{\"@id\":\"https:\\\/\\\/lalaboralaula.es\\\/GV072526\\\/#organization\"},\"potentialAction\":[{\"@type\":\"SearchAction\",\"target\":{\"@type\":\"EntryPoint\",\"urlTemplate\":\"https:\\\/\\\/lalaboralaula.es\\\/GV072526\\\/?s={search_term_string}\"},\"query-input\":{\"@type\":\"PropertyValueSpecification\",\"valueRequired\":true,\"valueName\":\"search_term_string\"}}],\"inLanguage\":\"es\"},{\"@type\":\"Organization\",\"@id\":\"https:\\\/\\\/lalaboralaula.es\\\/GV072526\\\/#organization\",\"name\":\"Luxopathy\",\"url\":\"https:\\\/\\\/lalaboralaula.es\\\/GV072526\\\/\",\"logo\":{\"@type\":\"ImageObject\",\"inLanguage\":\"es\",\"@id\":\"https:\\\/\\\/lalaboralaula.es\\\/GV072526\\\/#\\\/schema\\\/logo\\\/image\\\/\",\"url\":\"https:\\\/\\\/lalaboralaula.es\\\/GV072526\\\/wp-content\\\/uploads\\\/2025\\\/10\\\/cropped-ChatGPT-Image-30-sept-2025-17_59_58.png\",\"contentUrl\":\"https:\\\/\\\/lalaboralaula.es\\\/GV072526\\\/wp-content\\\/uploads\\\/2025\\\/10\\\/cropped-ChatGPT-Image-30-sept-2025-17_59_58.png\",\"width\":1023,\"height\":1023,\"caption\":\"Luxopathy\"},\"image\":{\"@id\":\"https:\\\/\\\/lalaboralaula.es\\\/GV072526\\\/#\\\/schema\\\/logo\\\/image\\\/\"}}]}<\/script>\n<!-- \/ Yoast SEO plugin. -->","yoast_head_json":{"title":"Libro \"Trazos del alma en acuarela\" - Luxopathy","robots":{"index":"index","follow":"follow","max-snippet":"max-snippet:-1","max-image-preview":"max-image-preview:large","max-video-preview":"max-video-preview:-1"},"canonical":"https:\/\/lalaboralaula.es\/GV072526\/index.php\/producto\/libro-trazos-del-alma-en-acuarela\/","og_locale":"es_ES","og_type":"article","og_title":"Libro \"Trazos del alma en acuarela\" - Luxopathy","og_description":"Un diario ilustrado que fusiona inspiraci\u00f3n y espacio creativo en cada doble p\u00e1gina.\u00a0 Con un total de 234 p\u00e1ginas, cada par presenta a la izquierda una cita breve y po\u00e9tica y a la derecha un lienzo en blanco con un elegante borde dorado met\u00e1lico, ideal para bocetos, notas o acuarelas. Su esmerado dise\u00f1o editorial incorpora portada y guardas con delicadas salpicaduras en acuarela, tipograf\u00eda en relieve y detalles dorados. Es perfecto para artistas y amantes de la acuarela.","og_url":"https:\/\/lalaboralaula.es\/GV072526\/index.php\/producto\/libro-trazos-del-alma-en-acuarela\/","og_site_name":"Luxopathy","article_modified_time":"2025-11-25T17:56:55+00:00","og_image":[{"width":940,"height":940,"url":"https:\/\/lalaboralaula.es\/GV072526\/wp-content\/uploads\/2025\/11\/Libros-trazos-del-alma-en-acuarela-y-pegatinas.jpg","type":"image\/jpeg"}],"twitter_card":"summary_large_image","twitter_misc":{"Tiempo de lectura":"1 minuto"},"schema":{"@context":"https:\/\/schema.org","@graph":[{"@type":"WebPage","@id":"https:\/\/lalaboralaula.es\/GV072526\/index.php\/producto\/libro-trazos-del-alma-en-acuarela\/","url":"https:\/\/lalaboralaula.es\/GV072526\/index.php\/producto\/libro-trazos-del-alma-en-acuarela\/","name":"Libro \"Trazos del alma en acuarela\" - Luxopathy","isPartOf":{"@id":"https:\/\/lalaboralaula.es\/GV072526\/#website"},"primaryImageOfPage":{"@id":"https:\/\/lalaboralaula.es\/GV072526\/index.php\/producto\/libro-trazos-del-alma-en-acuarela\/#primaryimage"},"image":{"@id":"https:\/\/lalaboralaula.es\/GV072526\/index.php\/producto\/libro-trazos-del-alma-en-acuarela\/#primaryimage"},"thumbnailUrl":"https:\/\/lalaboralaula.es\/GV072526\/wp-content\/uploads\/2025\/11\/Libros-trazos-del-alma-en-acuarela-y-pegatinas.jpg","datePublished":"2025-11-25T17:13:49+00:00","dateModified":"2025-11-25T17:56:55+00:00","breadcrumb":{"@id":"https:\/\/lalaboralaula.es\/GV072526\/index.php\/producto\/libro-trazos-del-alma-en-acuarela\/#breadcrumb"},"inLanguage":"es","potentialAction":[{"@type":"ReadAction","target":["https:\/\/lalaboralaula.es\/GV072526\/index.php\/producto\/libro-trazos-del-alma-en-acuarela\/"]}]},{"@type":"ImageObject","inLanguage":"es","@id":"https:\/\/lalaboralaula.es\/GV072526\/index.php\/producto\/libro-trazos-del-alma-en-acuarela\/#primaryimage","url":"https:\/\/lalaboralaula.es\/GV072526\/wp-content\/uploads\/2025\/11\/Libros-trazos-del-alma-en-acuarela-y-pegatinas.jpg","contentUrl":"https:\/\/lalaboralaula.es\/GV072526\/wp-content\/uploads\/2025\/11\/Libros-trazos-del-alma-en-acuarela-y-pegatinas.jpg","width":940,"height":940},{"@type":"BreadcrumbList","@id":"https:\/\/lalaboralaula.es\/GV072526\/index.php\/producto\/libro-trazos-del-alma-en-acuarela\/#breadcrumb","itemListElement":[{"@type":"ListItem","position":1,"name":"Portada","item":"https:\/\/lalaboralaula.es\/GV072526\/"},{"@type":"ListItem","position":2,"name":"Tienda","item":"https:\/\/lalaboralaula.es\/GV072526\/index.php\/tienda\/"},{"@type":"ListItem","position":3,"name":"Libro \u00abTrazos del alma en acuarela\u00bb"}]},{"@type":"WebSite","@id":"https:\/\/lalaboralaula.es\/GV072526\/#website","url":"https:\/\/lalaboralaula.es\/GV072526\/","name":"Luxopathy","description":"Define la elegancia","publisher":{"@id":"https:\/\/lalaboralaula.es\/GV072526\/#organization"},"potentialAction":[{"@type":"SearchAction","target":{"@type":"EntryPoint","urlTemplate":"https:\/\/lalaboralaula.es\/GV072526\/?s={search_term_string}"},"query-input":{"@type":"PropertyValueSpecification","valueRequired":true,"valueName":"search_term_string"}}],"inLanguage":"es"},{"@type":"Organization","@id":"https:\/\/lalaboralaula.es\/GV072526\/#organization","name":"Luxopathy","url":"https:\/\/lalaboralaula.es\/GV072526\/","logo":{"@type":"ImageObject","inLanguage":"es","@id":"https:\/\/lalaboralaula.es\/GV072526\/#\/schema\/logo\/image\/","url":"https:\/\/lalaboralaula.es\/GV072526\/wp-content\/uploads\/2025\/10\/cropped-ChatGPT-Image-30-sept-2025-17_59_58.png","contentUrl":"https:\/\/lalaboralaula.es\/GV072526\/wp-content\/uploads\/2025\/10\/cropped-ChatGPT-Image-30-sept-2025-17_59_58.png","width":1023,"height":1023,"caption":"Luxopathy"},"image":{"@id":"https:\/\/lalaboralaula.es\/GV072526\/#\/schema\/logo\/image\/"}}]}},"_links":{"self":[{"href":"https:\/\/lalaboralaula.es\/GV072526\/index.php\/wp-json\/wp\/v2\/product\/264","targetHints":{"allow":["GET"]}}],"collection":[{"href":"https:\/\/lalaboralaula.es\/GV072526\/index.php\/wp-json\/wp\/v2\/product"}],"about":[{"href":"https:\/\/lalaboralaula.es\/GV072526\/index.php\/wp-json\/wp\/v2\/types\/product"}],"replies":[{"embeddable":true,"href":"https:\/\/lalaboralaula.es\/GV072526\/index.php\/wp-json\/wp\/v2\/comments?post=264"}],"wp:featuredmedia":[{"embeddable":true,"href":"https:\/\/lalaboralaula.es\/GV072526\/index.php\/wp-json\/wp\/v2\/media\/270"}],"wp:attachment":[{"href":"https:\/\/lalaboralaula.es\/GV072526\/index.php\/wp-json\/wp\/v2\/media?parent=264"}],"wp:term":[{"taxonomy":"product_brand","embeddable":true,"href":"https:\/\/lalaboralaula.es\/GV072526\/index.php\/wp-json\/wp\/v2\/product_brand?post=264"},{"taxonomy":"product_cat","embeddable":true,"href":"https:\/\/lalaboralaula.es\/GV072526\/index.php\/wp-json\/wp\/v2\/product_cat?post=264"},{"taxonomy":"product_tag","embeddable":true,"href":"https:\/\/lalaboralaula.es\/GV072526\/index.php\/wp-json\/wp\/v2\/product_tag?post=264"}],"curies":[{"name":"wp","href":"https:\/\/api.w.org\/{rel}","templated":true}]}}