{"id":258,"date":"2025-11-25T17:50:07","date_gmt":"2025-11-25T16:50:07","guid":{"rendered":"https:\/\/lalaboralaula.es\/GV072526\/?post_type=product&#038;p=258"},"modified":"2025-11-25T19:23:58","modified_gmt":"2025-11-25T18:23:58","slug":"trazos-del-alma-en-acuarela","status":"publish","type":"product","link":"https:\/\/lalaboralaula.es\/GV072526\/index.php\/producto\/trazos-del-alma-en-acuarela\/","title":{"rendered":"Trazos del Alma en Acuarela"},"content":{"rendered":"<p>Estuche met\u00e1lico elegante con suave lavado en tonos pastel y tipograf\u00eda en foil dorado que alberga 24 pastillas de\u00a0 acuarela de pigmentaci\u00f3n intensa y alta fluidez, perfectas para lograr lavados transl\u00facidos o colores vibrantes. Cada pastilla descansa en compartimento individual para evitar derrames, y la tapa se despliega para funcionar como paleta de mezcla. Dise\u00f1ado para complementar el diario creativo \u00abTrazos del Alma en Acuarela\u00bb, este set ofrece una experiencia art\u00edstica completa: desde la inspiraci\u00f3n literaria hasta la expresi\u00f3n crom\u00e1tica m\u00e1s refinada.<\/p>\n<p>Variaciones disponibles: Acuarelas 24 colores \u00abTrazos del Alma\u00bb y Set \u00bb Acuarelas 24 colores + 23 Pinceles Trazos del Alma\u00bb.<\/p>\n<p>&nbsp;<\/p>\n","protected":false},"excerpt":{"rendered":"<p>El estuche es una caja met\u00e1lica resistente con tapa desplegable que sirve de paleta, el dise\u00f1o de la caja es un suave lavado de acuarela en tonos pastel con tipograf\u00eda en foil dorado y est\u00e1 dise\u00f1ado para complementar el diario creativo \u00abTrazos del Alma en Acuarela\u00bb<\/p>\n<p>&nbsp;<\/p>\n","protected":false},"featured_media":261,"comment_status":"open","ping_status":"closed","template":"","meta":[],"product_brand":[],"product_cat":[32,31],"product_tag":[33,35,36],"class_list":{"0":"post-258","1":"product","2":"type-product","3":"status-publish","4":"has-post-thumbnail","6":"product_cat-acuarelas","7":"product_cat-trazos-del-alma-en-acuarela","8":"product_tag-acuarelas","9":"product_tag-pinceles","10":"product_tag-pinturas","12":"first","13":"instock","14":"taxable","15":"shipping-taxable","16":"purchasable","17":"product-type-variable"},"yoast_head":"<!-- This site is optimized with the Yoast SEO plugin v27.3 - https:\/\/yoast.com\/product\/yoast-seo-wordpress\/ -->\n<title>Trazos del Alma en Acuarela - Luxopathy<\/title>\n<meta name=\"robots\" content=\"index, follow, max-snippet:-1, max-image-preview:large, max-video-preview:-1\" \/>\n<link rel=\"canonical\" href=\"https:\/\/lalaboralaula.es\/GV072526\/index.php\/producto\/trazos-del-alma-en-acuarela\/\" \/>\n<meta property=\"og:locale\" content=\"es_ES\" \/>\n<meta property=\"og:type\" content=\"article\" \/>\n<meta property=\"og:title\" content=\"Trazos del Alma en Acuarela - Luxopathy\" \/>\n<meta property=\"og:description\" content=\"El estuche es una caja met\u00e1lica resistente con tapa desplegable que sirve de paleta, el dise\u00f1o de la caja es un suave lavado de acuarela en tonos pastel con tipograf\u00eda en foil dorado y est\u00e1 dise\u00f1ado para complementar el diario creativo &quot;Trazos del Alma en Acuarela&quot;  &nbsp;\" \/>\n<meta property=\"og:url\" content=\"https:\/\/lalaboralaula.es\/GV072526\/index.php\/producto\/trazos-del-alma-en-acuarela\/\" \/>\n<meta property=\"og:site_name\" content=\"Luxopathy\" \/>\n<meta property=\"article:modified_time\" content=\"2025-11-25T18:23:58+00:00\" \/>\n<meta property=\"og:image\" content=\"https:\/\/lalaboralaula.es\/GV072526\/wp-content\/uploads\/2025\/11\/Acuarelas-24.jpg\" \/>\n\t<meta property=\"og:image:width\" content=\"406\" \/>\n\t<meta property=\"og:image:height\" content=\"617\" \/>\n\t<meta property=\"og:image:type\" content=\"image\/jpeg\" \/>\n<meta name=\"twitter:card\" content=\"summary_large_image\" \/>\n<meta name=\"twitter:label1\" content=\"Tiempo de lectura\" \/>\n\t<meta name=\"twitter:data1\" content=\"1 minuto\" \/>\n<script type=\"application\/ld+json\" class=\"yoast-schema-graph\">{\"@context\":\"https:\\\/\\\/schema.org\",\"@graph\":[{\"@type\":\"WebPage\",\"@id\":\"https:\\\/\\\/lalaboralaula.es\\\/GV072526\\\/index.php\\\/producto\\\/trazos-del-alma-en-acuarela\\\/\",\"url\":\"https:\\\/\\\/lalaboralaula.es\\\/GV072526\\\/index.php\\\/producto\\\/trazos-del-alma-en-acuarela\\\/\",\"name\":\"Trazos del Alma en Acuarela - Luxopathy\",\"isPartOf\":{\"@id\":\"https:\\\/\\\/lalaboralaula.es\\\/GV072526\\\/#website\"},\"primaryImageOfPage\":{\"@id\":\"https:\\\/\\\/lalaboralaula.es\\\/GV072526\\\/index.php\\\/producto\\\/trazos-del-alma-en-acuarela\\\/#primaryimage\"},\"image\":{\"@id\":\"https:\\\/\\\/lalaboralaula.es\\\/GV072526\\\/index.php\\\/producto\\\/trazos-del-alma-en-acuarela\\\/#primaryimage\"},\"thumbnailUrl\":\"https:\\\/\\\/lalaboralaula.es\\\/GV072526\\\/wp-content\\\/uploads\\\/2025\\\/11\\\/Acuarelas-24.jpg\",\"datePublished\":\"2025-11-25T16:50:07+00:00\",\"dateModified\":\"2025-11-25T18:23:58+00:00\",\"breadcrumb\":{\"@id\":\"https:\\\/\\\/lalaboralaula.es\\\/GV072526\\\/index.php\\\/producto\\\/trazos-del-alma-en-acuarela\\\/#breadcrumb\"},\"inLanguage\":\"es\",\"potentialAction\":[{\"@type\":\"ReadAction\",\"target\":[\"https:\\\/\\\/lalaboralaula.es\\\/GV072526\\\/index.php\\\/producto\\\/trazos-del-alma-en-acuarela\\\/\"]}]},{\"@type\":\"ImageObject\",\"inLanguage\":\"es\",\"@id\":\"https:\\\/\\\/lalaboralaula.es\\\/GV072526\\\/index.php\\\/producto\\\/trazos-del-alma-en-acuarela\\\/#primaryimage\",\"url\":\"https:\\\/\\\/lalaboralaula.es\\\/GV072526\\\/wp-content\\\/uploads\\\/2025\\\/11\\\/Acuarelas-24.jpg\",\"contentUrl\":\"https:\\\/\\\/lalaboralaula.es\\\/GV072526\\\/wp-content\\\/uploads\\\/2025\\\/11\\\/Acuarelas-24.jpg\",\"width\":406,\"height\":617},{\"@type\":\"BreadcrumbList\",\"@id\":\"https:\\\/\\\/lalaboralaula.es\\\/GV072526\\\/index.php\\\/producto\\\/trazos-del-alma-en-acuarela\\\/#breadcrumb\",\"itemListElement\":[{\"@type\":\"ListItem\",\"position\":1,\"name\":\"Portada\",\"item\":\"https:\\\/\\\/lalaboralaula.es\\\/GV072526\\\/\"},{\"@type\":\"ListItem\",\"position\":2,\"name\":\"Tienda\",\"item\":\"https:\\\/\\\/lalaboralaula.es\\\/GV072526\\\/index.php\\\/tienda\\\/\"},{\"@type\":\"ListItem\",\"position\":3,\"name\":\"Trazos del Alma en Acuarela\"}]},{\"@type\":\"WebSite\",\"@id\":\"https:\\\/\\\/lalaboralaula.es\\\/GV072526\\\/#website\",\"url\":\"https:\\\/\\\/lalaboralaula.es\\\/GV072526\\\/\",\"name\":\"Luxopathy\",\"description\":\"Define la elegancia\",\"publisher\":{\"@id\":\"https:\\\/\\\/lalaboralaula.es\\\/GV072526\\\/#organization\"},\"potentialAction\":[{\"@type\":\"SearchAction\",\"target\":{\"@type\":\"EntryPoint\",\"urlTemplate\":\"https:\\\/\\\/lalaboralaula.es\\\/GV072526\\\/?s={search_term_string}\"},\"query-input\":{\"@type\":\"PropertyValueSpecification\",\"valueRequired\":true,\"valueName\":\"search_term_string\"}}],\"inLanguage\":\"es\"},{\"@type\":\"Organization\",\"@id\":\"https:\\\/\\\/lalaboralaula.es\\\/GV072526\\\/#organization\",\"name\":\"Luxopathy\",\"url\":\"https:\\\/\\\/lalaboralaula.es\\\/GV072526\\\/\",\"logo\":{\"@type\":\"ImageObject\",\"inLanguage\":\"es\",\"@id\":\"https:\\\/\\\/lalaboralaula.es\\\/GV072526\\\/#\\\/schema\\\/logo\\\/image\\\/\",\"url\":\"https:\\\/\\\/lalaboralaula.es\\\/GV072526\\\/wp-content\\\/uploads\\\/2025\\\/10\\\/cropped-ChatGPT-Image-30-sept-2025-17_59_58.png\",\"contentUrl\":\"https:\\\/\\\/lalaboralaula.es\\\/GV072526\\\/wp-content\\\/uploads\\\/2025\\\/10\\\/cropped-ChatGPT-Image-30-sept-2025-17_59_58.png\",\"width\":1023,\"height\":1023,\"caption\":\"Luxopathy\"},\"image\":{\"@id\":\"https:\\\/\\\/lalaboralaula.es\\\/GV072526\\\/#\\\/schema\\\/logo\\\/image\\\/\"}}]}<\/script>\n<!-- \/ Yoast SEO plugin. -->","yoast_head_json":{"title":"Trazos del Alma en Acuarela - Luxopathy","robots":{"index":"index","follow":"follow","max-snippet":"max-snippet:-1","max-image-preview":"max-image-preview:large","max-video-preview":"max-video-preview:-1"},"canonical":"https:\/\/lalaboralaula.es\/GV072526\/index.php\/producto\/trazos-del-alma-en-acuarela\/","og_locale":"es_ES","og_type":"article","og_title":"Trazos del Alma en Acuarela - Luxopathy","og_description":"El estuche es una caja met\u00e1lica resistente con tapa desplegable que sirve de paleta, el dise\u00f1o de la caja es un suave lavado de acuarela en tonos pastel con tipograf\u00eda en foil dorado y est\u00e1 dise\u00f1ado para complementar el diario creativo \"Trazos del Alma en Acuarela\"  &nbsp;","og_url":"https:\/\/lalaboralaula.es\/GV072526\/index.php\/producto\/trazos-del-alma-en-acuarela\/","og_site_name":"Luxopathy","article_modified_time":"2025-11-25T18:23:58+00:00","og_image":[{"width":406,"height":617,"url":"https:\/\/lalaboralaula.es\/GV072526\/wp-content\/uploads\/2025\/11\/Acuarelas-24.jpg","type":"image\/jpeg"}],"twitter_card":"summary_large_image","twitter_misc":{"Tiempo de lectura":"1 minuto"},"schema":{"@context":"https:\/\/schema.org","@graph":[{"@type":"WebPage","@id":"https:\/\/lalaboralaula.es\/GV072526\/index.php\/producto\/trazos-del-alma-en-acuarela\/","url":"https:\/\/lalaboralaula.es\/GV072526\/index.php\/producto\/trazos-del-alma-en-acuarela\/","name":"Trazos del Alma en Acuarela - Luxopathy","isPartOf":{"@id":"https:\/\/lalaboralaula.es\/GV072526\/#website"},"primaryImageOfPage":{"@id":"https:\/\/lalaboralaula.es\/GV072526\/index.php\/producto\/trazos-del-alma-en-acuarela\/#primaryimage"},"image":{"@id":"https:\/\/lalaboralaula.es\/GV072526\/index.php\/producto\/trazos-del-alma-en-acuarela\/#primaryimage"},"thumbnailUrl":"https:\/\/lalaboralaula.es\/GV072526\/wp-content\/uploads\/2025\/11\/Acuarelas-24.jpg","datePublished":"2025-11-25T16:50:07+00:00","dateModified":"2025-11-25T18:23:58+00:00","breadcrumb":{"@id":"https:\/\/lalaboralaula.es\/GV072526\/index.php\/producto\/trazos-del-alma-en-acuarela\/#breadcrumb"},"inLanguage":"es","potentialAction":[{"@type":"ReadAction","target":["https:\/\/lalaboralaula.es\/GV072526\/index.php\/producto\/trazos-del-alma-en-acuarela\/"]}]},{"@type":"ImageObject","inLanguage":"es","@id":"https:\/\/lalaboralaula.es\/GV072526\/index.php\/producto\/trazos-del-alma-en-acuarela\/#primaryimage","url":"https:\/\/lalaboralaula.es\/GV072526\/wp-content\/uploads\/2025\/11\/Acuarelas-24.jpg","contentUrl":"https:\/\/lalaboralaula.es\/GV072526\/wp-content\/uploads\/2025\/11\/Acuarelas-24.jpg","width":406,"height":617},{"@type":"BreadcrumbList","@id":"https:\/\/lalaboralaula.es\/GV072526\/index.php\/producto\/trazos-del-alma-en-acuarela\/#breadcrumb","itemListElement":[{"@type":"ListItem","position":1,"name":"Portada","item":"https:\/\/lalaboralaula.es\/GV072526\/"},{"@type":"ListItem","position":2,"name":"Tienda","item":"https:\/\/lalaboralaula.es\/GV072526\/index.php\/tienda\/"},{"@type":"ListItem","position":3,"name":"Trazos del Alma en Acuarela"}]},{"@type":"WebSite","@id":"https:\/\/lalaboralaula.es\/GV072526\/#website","url":"https:\/\/lalaboralaula.es\/GV072526\/","name":"Luxopathy","description":"Define la elegancia","publisher":{"@id":"https:\/\/lalaboralaula.es\/GV072526\/#organization"},"potentialAction":[{"@type":"SearchAction","target":{"@type":"EntryPoint","urlTemplate":"https:\/\/lalaboralaula.es\/GV072526\/?s={search_term_string}"},"query-input":{"@type":"PropertyValueSpecification","valueRequired":true,"valueName":"search_term_string"}}],"inLanguage":"es"},{"@type":"Organization","@id":"https:\/\/lalaboralaula.es\/GV072526\/#organization","name":"Luxopathy","url":"https:\/\/lalaboralaula.es\/GV072526\/","logo":{"@type":"ImageObject","inLanguage":"es","@id":"https:\/\/lalaboralaula.es\/GV072526\/#\/schema\/logo\/image\/","url":"https:\/\/lalaboralaula.es\/GV072526\/wp-content\/uploads\/2025\/10\/cropped-ChatGPT-Image-30-sept-2025-17_59_58.png","contentUrl":"https:\/\/lalaboralaula.es\/GV072526\/wp-content\/uploads\/2025\/10\/cropped-ChatGPT-Image-30-sept-2025-17_59_58.png","width":1023,"height":1023,"caption":"Luxopathy"},"image":{"@id":"https:\/\/lalaboralaula.es\/GV072526\/#\/schema\/logo\/image\/"}}]}},"_links":{"self":[{"href":"https:\/\/lalaboralaula.es\/GV072526\/index.php\/wp-json\/wp\/v2\/product\/258","targetHints":{"allow":["GET"]}}],"collection":[{"href":"https:\/\/lalaboralaula.es\/GV072526\/index.php\/wp-json\/wp\/v2\/product"}],"about":[{"href":"https:\/\/lalaboralaula.es\/GV072526\/index.php\/wp-json\/wp\/v2\/types\/product"}],"replies":[{"embeddable":true,"href":"https:\/\/lalaboralaula.es\/GV072526\/index.php\/wp-json\/wp\/v2\/comments?post=258"}],"wp:featuredmedia":[{"embeddable":true,"href":"https:\/\/lalaboralaula.es\/GV072526\/index.php\/wp-json\/wp\/v2\/media\/261"}],"wp:attachment":[{"href":"https:\/\/lalaboralaula.es\/GV072526\/index.php\/wp-json\/wp\/v2\/media?parent=258"}],"wp:term":[{"taxonomy":"product_brand","embeddable":true,"href":"https:\/\/lalaboralaula.es\/GV072526\/index.php\/wp-json\/wp\/v2\/product_brand?post=258"},{"taxonomy":"product_cat","embeddable":true,"href":"https:\/\/lalaboralaula.es\/GV072526\/index.php\/wp-json\/wp\/v2\/product_cat?post=258"},{"taxonomy":"product_tag","embeddable":true,"href":"https:\/\/lalaboralaula.es\/GV072526\/index.php\/wp-json\/wp\/v2\/product_tag?post=258"}],"curies":[{"name":"wp","href":"https:\/\/api.w.org\/{rel}","templated":true}]}}