{"id":188,"date":"2025-10-31T19:07:35","date_gmt":"2025-10-31T18:07:35","guid":{"rendered":"https:\/\/lalaboralaula.es\/GV072526\/?post_type=product&#038;p=188"},"modified":"2025-10-31T19:07:35","modified_gmt":"2025-10-31T18:07:35","slug":"keloke-collar","status":"publish","type":"product","link":"https:\/\/lalaboralaula.es\/GV072526\/index.php\/producto\/keloke-collar\/","title":{"rendered":"Keloke collar"},"content":{"rendered":"<p data-start=\"688\" data-end=\"940\">El Keloke Collar es m\u00e1s que un accesorio: es una declaraci\u00f3n de independencia est\u00e9tica. Inspirado en la energ\u00eda de la calle y la sofisticaci\u00f3n del lujo contempor\u00e1neo, esta pieza fusiona el esp\u00edritu rebelde con la precisi\u00f3n del dise\u00f1o minimalista.<\/p>\n<p data-start=\"942\" data-end=\"1241\">Su estructura est\u00e1 elaborada en acero inoxidable de alta pureza, con un acabado plateado pulido espejo que captura la luz de forma sutil y potente al mismo tiempo. Cada detalle est\u00e1 trabajado con precisi\u00f3n milim\u00e9trica, garantizando resistencia, durabilidad y un brillo que no se desvanece.<\/p>\n<p data-start=\"1243\" data-end=\"1552\">El dise\u00f1o del Keloke Collar representa la dualidad entre la elegancia y la irreverencia, ideal para quienes no siguen tendencias, sino que las definen. Perfecto para complementar tanto looks urbanos como outfits formales, este collar encarna la filosof\u00eda Luxopathy: <em data-start=\"1513\" data-end=\"1549\">la elegancia no se hereda, se crea<\/em>.<\/p>\n<p data-start=\"1554\" data-end=\"1729\">Dise\u00f1ado y ensamblado bajo los est\u00e1ndares m\u00e1s exigentes, el Keloke Collar es una pieza unisex, adaptable y atemporal, que invita a expresar la personalidad sin palabras.<\/p>\n<p data-start=\"1731\" data-end=\"1796\">Cada pieza cuenta una historia de rebeld\u00eda, precisi\u00f3n y arte.<\/p>\n","protected":false},"excerpt":{"rendered":"<p data-start=\"388\" data-end=\"623\">El Keloke Collar redefine la elegancia urbana con una silueta audaz y contempor\u00e1nea. Dise\u00f1ado para quienes marcan su propio ritmo, combina lujo, rebeld\u00eda y precisi\u00f3n en una pieza \u00fanica de acero inoxidable con acabado pulido espejo.<\/p>\n","protected":false},"featured_media":198,"comment_status":"open","ping_status":"closed","template":"","meta":[],"product_brand":[],"product_cat":[21,18,19,16,20],"product_tag":[22,25,24,23,26],"class_list":{"0":"post-188","1":"product","2":"type-product","3":"status-publish","4":"has-post-thumbnail","6":"product_cat-collar","7":"product_cat-hombre","8":"product_cat-mujer","9":"product_cat-sin-categorizar","10":"product_cat-unisex","11":"product_tag-acero-inoxidable","12":"product_tag-cadena","13":"product_tag-colgante","14":"product_tag-collar","15":"product_tag-unisex","17":"first","18":"instock","19":"taxable","20":"shipping-taxable","21":"purchasable","22":"product-type-simple"},"yoast_head":"<!-- This site is optimized with the Yoast SEO plugin v27.3 - https:\/\/yoast.com\/product\/yoast-seo-wordpress\/ -->\n<title>Keloke collar - Luxopathy<\/title>\n<meta name=\"robots\" content=\"index, follow, max-snippet:-1, max-image-preview:large, max-video-preview:-1\" \/>\n<link rel=\"canonical\" href=\"https:\/\/lalaboralaula.es\/GV072526\/index.php\/producto\/keloke-collar\/\" \/>\n<meta property=\"og:locale\" content=\"es_ES\" \/>\n<meta property=\"og:type\" content=\"article\" \/>\n<meta property=\"og:title\" content=\"Keloke collar - Luxopathy\" \/>\n<meta property=\"og:description\" content=\"El Keloke Collar redefine la elegancia urbana con una silueta audaz y contempor\u00e1nea. Dise\u00f1ado para quienes marcan su propio ritmo, combina lujo, rebeld\u00eda y precisi\u00f3n en una pieza \u00fanica de acero inoxidable con acabado pulido espejo.\" \/>\n<meta property=\"og:url\" content=\"https:\/\/lalaboralaula.es\/GV072526\/index.php\/producto\/keloke-collar\/\" \/>\n<meta property=\"og:site_name\" content=\"Luxopathy\" \/>\n<meta property=\"og:image\" content=\"https:\/\/lalaboralaula.es\/GV072526\/wp-content\/uploads\/2025\/10\/image-mBBAHvfVMdymwNHoRw3BG.webp\" \/>\n\t<meta property=\"og:image:width\" content=\"512\" \/>\n\t<meta property=\"og:image:height\" content=\"512\" \/>\n\t<meta property=\"og:image:type\" content=\"image\/webp\" \/>\n<meta name=\"twitter:card\" content=\"summary_large_image\" \/>\n<meta name=\"twitter:label1\" content=\"Tiempo de lectura\" \/>\n\t<meta name=\"twitter:data1\" content=\"1 minuto\" \/>\n<script type=\"application\/ld+json\" class=\"yoast-schema-graph\">{\"@context\":\"https:\\\/\\\/schema.org\",\"@graph\":[{\"@type\":\"WebPage\",\"@id\":\"https:\\\/\\\/lalaboralaula.es\\\/GV072526\\\/index.php\\\/producto\\\/keloke-collar\\\/\",\"url\":\"https:\\\/\\\/lalaboralaula.es\\\/GV072526\\\/index.php\\\/producto\\\/keloke-collar\\\/\",\"name\":\"Keloke collar - Luxopathy\",\"isPartOf\":{\"@id\":\"https:\\\/\\\/lalaboralaula.es\\\/GV072526\\\/#website\"},\"primaryImageOfPage\":{\"@id\":\"https:\\\/\\\/lalaboralaula.es\\\/GV072526\\\/index.php\\\/producto\\\/keloke-collar\\\/#primaryimage\"},\"image\":{\"@id\":\"https:\\\/\\\/lalaboralaula.es\\\/GV072526\\\/index.php\\\/producto\\\/keloke-collar\\\/#primaryimage\"},\"thumbnailUrl\":\"https:\\\/\\\/lalaboralaula.es\\\/GV072526\\\/wp-content\\\/uploads\\\/2025\\\/10\\\/image-mBBAHvfVMdymwNHoRw3BG.webp\",\"datePublished\":\"2025-10-31T18:07:35+00:00\",\"breadcrumb\":{\"@id\":\"https:\\\/\\\/lalaboralaula.es\\\/GV072526\\\/index.php\\\/producto\\\/keloke-collar\\\/#breadcrumb\"},\"inLanguage\":\"es\",\"potentialAction\":[{\"@type\":\"ReadAction\",\"target\":[\"https:\\\/\\\/lalaboralaula.es\\\/GV072526\\\/index.php\\\/producto\\\/keloke-collar\\\/\"]}]},{\"@type\":\"ImageObject\",\"inLanguage\":\"es\",\"@id\":\"https:\\\/\\\/lalaboralaula.es\\\/GV072526\\\/index.php\\\/producto\\\/keloke-collar\\\/#primaryimage\",\"url\":\"https:\\\/\\\/lalaboralaula.es\\\/GV072526\\\/wp-content\\\/uploads\\\/2025\\\/10\\\/image-mBBAHvfVMdymwNHoRw3BG.webp\",\"contentUrl\":\"https:\\\/\\\/lalaboralaula.es\\\/GV072526\\\/wp-content\\\/uploads\\\/2025\\\/10\\\/image-mBBAHvfVMdymwNHoRw3BG.webp\",\"width\":512,\"height\":512,\"caption\":\"Collar elegante de acero inoxidable, dise\u00f1o moderno y resistente, ideal para uso diario y ocasiones especiales, accesorio duradero y de alta calidad.\"},{\"@type\":\"BreadcrumbList\",\"@id\":\"https:\\\/\\\/lalaboralaula.es\\\/GV072526\\\/index.php\\\/producto\\\/keloke-collar\\\/#breadcrumb\",\"itemListElement\":[{\"@type\":\"ListItem\",\"position\":1,\"name\":\"Portada\",\"item\":\"https:\\\/\\\/lalaboralaula.es\\\/GV072526\\\/\"},{\"@type\":\"ListItem\",\"position\":2,\"name\":\"Tienda\",\"item\":\"https:\\\/\\\/lalaboralaula.es\\\/GV072526\\\/index.php\\\/tienda\\\/\"},{\"@type\":\"ListItem\",\"position\":3,\"name\":\"Keloke collar\"}]},{\"@type\":\"WebSite\",\"@id\":\"https:\\\/\\\/lalaboralaula.es\\\/GV072526\\\/#website\",\"url\":\"https:\\\/\\\/lalaboralaula.es\\\/GV072526\\\/\",\"name\":\"Luxopathy\",\"description\":\"Define la elegancia\",\"publisher\":{\"@id\":\"https:\\\/\\\/lalaboralaula.es\\\/GV072526\\\/#organization\"},\"potentialAction\":[{\"@type\":\"SearchAction\",\"target\":{\"@type\":\"EntryPoint\",\"urlTemplate\":\"https:\\\/\\\/lalaboralaula.es\\\/GV072526\\\/?s={search_term_string}\"},\"query-input\":{\"@type\":\"PropertyValueSpecification\",\"valueRequired\":true,\"valueName\":\"search_term_string\"}}],\"inLanguage\":\"es\"},{\"@type\":\"Organization\",\"@id\":\"https:\\\/\\\/lalaboralaula.es\\\/GV072526\\\/#organization\",\"name\":\"Luxopathy\",\"url\":\"https:\\\/\\\/lalaboralaula.es\\\/GV072526\\\/\",\"logo\":{\"@type\":\"ImageObject\",\"inLanguage\":\"es\",\"@id\":\"https:\\\/\\\/lalaboralaula.es\\\/GV072526\\\/#\\\/schema\\\/logo\\\/image\\\/\",\"url\":\"https:\\\/\\\/lalaboralaula.es\\\/GV072526\\\/wp-content\\\/uploads\\\/2025\\\/10\\\/cropped-ChatGPT-Image-30-sept-2025-17_59_58.png\",\"contentUrl\":\"https:\\\/\\\/lalaboralaula.es\\\/GV072526\\\/wp-content\\\/uploads\\\/2025\\\/10\\\/cropped-ChatGPT-Image-30-sept-2025-17_59_58.png\",\"width\":1023,\"height\":1023,\"caption\":\"Luxopathy\"},\"image\":{\"@id\":\"https:\\\/\\\/lalaboralaula.es\\\/GV072526\\\/#\\\/schema\\\/logo\\\/image\\\/\"}}]}<\/script>\n<!-- \/ Yoast SEO plugin. -->","yoast_head_json":{"title":"Keloke collar - Luxopathy","robots":{"index":"index","follow":"follow","max-snippet":"max-snippet:-1","max-image-preview":"max-image-preview:large","max-video-preview":"max-video-preview:-1"},"canonical":"https:\/\/lalaboralaula.es\/GV072526\/index.php\/producto\/keloke-collar\/","og_locale":"es_ES","og_type":"article","og_title":"Keloke collar - Luxopathy","og_description":"El Keloke Collar redefine la elegancia urbana con una silueta audaz y contempor\u00e1nea. Dise\u00f1ado para quienes marcan su propio ritmo, combina lujo, rebeld\u00eda y precisi\u00f3n en una pieza \u00fanica de acero inoxidable con acabado pulido espejo.","og_url":"https:\/\/lalaboralaula.es\/GV072526\/index.php\/producto\/keloke-collar\/","og_site_name":"Luxopathy","og_image":[{"width":512,"height":512,"url":"https:\/\/lalaboralaula.es\/GV072526\/wp-content\/uploads\/2025\/10\/image-mBBAHvfVMdymwNHoRw3BG.webp","type":"image\/webp"}],"twitter_card":"summary_large_image","twitter_misc":{"Tiempo de lectura":"1 minuto"},"schema":{"@context":"https:\/\/schema.org","@graph":[{"@type":"WebPage","@id":"https:\/\/lalaboralaula.es\/GV072526\/index.php\/producto\/keloke-collar\/","url":"https:\/\/lalaboralaula.es\/GV072526\/index.php\/producto\/keloke-collar\/","name":"Keloke collar - Luxopathy","isPartOf":{"@id":"https:\/\/lalaboralaula.es\/GV072526\/#website"},"primaryImageOfPage":{"@id":"https:\/\/lalaboralaula.es\/GV072526\/index.php\/producto\/keloke-collar\/#primaryimage"},"image":{"@id":"https:\/\/lalaboralaula.es\/GV072526\/index.php\/producto\/keloke-collar\/#primaryimage"},"thumbnailUrl":"https:\/\/lalaboralaula.es\/GV072526\/wp-content\/uploads\/2025\/10\/image-mBBAHvfVMdymwNHoRw3BG.webp","datePublished":"2025-10-31T18:07:35+00:00","breadcrumb":{"@id":"https:\/\/lalaboralaula.es\/GV072526\/index.php\/producto\/keloke-collar\/#breadcrumb"},"inLanguage":"es","potentialAction":[{"@type":"ReadAction","target":["https:\/\/lalaboralaula.es\/GV072526\/index.php\/producto\/keloke-collar\/"]}]},{"@type":"ImageObject","inLanguage":"es","@id":"https:\/\/lalaboralaula.es\/GV072526\/index.php\/producto\/keloke-collar\/#primaryimage","url":"https:\/\/lalaboralaula.es\/GV072526\/wp-content\/uploads\/2025\/10\/image-mBBAHvfVMdymwNHoRw3BG.webp","contentUrl":"https:\/\/lalaboralaula.es\/GV072526\/wp-content\/uploads\/2025\/10\/image-mBBAHvfVMdymwNHoRw3BG.webp","width":512,"height":512,"caption":"Collar elegante de acero inoxidable, dise\u00f1o moderno y resistente, ideal para uso diario y ocasiones especiales, accesorio duradero y de alta calidad."},{"@type":"BreadcrumbList","@id":"https:\/\/lalaboralaula.es\/GV072526\/index.php\/producto\/keloke-collar\/#breadcrumb","itemListElement":[{"@type":"ListItem","position":1,"name":"Portada","item":"https:\/\/lalaboralaula.es\/GV072526\/"},{"@type":"ListItem","position":2,"name":"Tienda","item":"https:\/\/lalaboralaula.es\/GV072526\/index.php\/tienda\/"},{"@type":"ListItem","position":3,"name":"Keloke collar"}]},{"@type":"WebSite","@id":"https:\/\/lalaboralaula.es\/GV072526\/#website","url":"https:\/\/lalaboralaula.es\/GV072526\/","name":"Luxopathy","description":"Define la elegancia","publisher":{"@id":"https:\/\/lalaboralaula.es\/GV072526\/#organization"},"potentialAction":[{"@type":"SearchAction","target":{"@type":"EntryPoint","urlTemplate":"https:\/\/lalaboralaula.es\/GV072526\/?s={search_term_string}"},"query-input":{"@type":"PropertyValueSpecification","valueRequired":true,"valueName":"search_term_string"}}],"inLanguage":"es"},{"@type":"Organization","@id":"https:\/\/lalaboralaula.es\/GV072526\/#organization","name":"Luxopathy","url":"https:\/\/lalaboralaula.es\/GV072526\/","logo":{"@type":"ImageObject","inLanguage":"es","@id":"https:\/\/lalaboralaula.es\/GV072526\/#\/schema\/logo\/image\/","url":"https:\/\/lalaboralaula.es\/GV072526\/wp-content\/uploads\/2025\/10\/cropped-ChatGPT-Image-30-sept-2025-17_59_58.png","contentUrl":"https:\/\/lalaboralaula.es\/GV072526\/wp-content\/uploads\/2025\/10\/cropped-ChatGPT-Image-30-sept-2025-17_59_58.png","width":1023,"height":1023,"caption":"Luxopathy"},"image":{"@id":"https:\/\/lalaboralaula.es\/GV072526\/#\/schema\/logo\/image\/"}}]}},"_links":{"self":[{"href":"https:\/\/lalaboralaula.es\/GV072526\/index.php\/wp-json\/wp\/v2\/product\/188","targetHints":{"allow":["GET"]}}],"collection":[{"href":"https:\/\/lalaboralaula.es\/GV072526\/index.php\/wp-json\/wp\/v2\/product"}],"about":[{"href":"https:\/\/lalaboralaula.es\/GV072526\/index.php\/wp-json\/wp\/v2\/types\/product"}],"replies":[{"embeddable":true,"href":"https:\/\/lalaboralaula.es\/GV072526\/index.php\/wp-json\/wp\/v2\/comments?post=188"}],"wp:featuredmedia":[{"embeddable":true,"href":"https:\/\/lalaboralaula.es\/GV072526\/index.php\/wp-json\/wp\/v2\/media\/198"}],"wp:attachment":[{"href":"https:\/\/lalaboralaula.es\/GV072526\/index.php\/wp-json\/wp\/v2\/media?parent=188"}],"wp:term":[{"taxonomy":"product_brand","embeddable":true,"href":"https:\/\/lalaboralaula.es\/GV072526\/index.php\/wp-json\/wp\/v2\/product_brand?post=188"},{"taxonomy":"product_cat","embeddable":true,"href":"https:\/\/lalaboralaula.es\/GV072526\/index.php\/wp-json\/wp\/v2\/product_cat?post=188"},{"taxonomy":"product_tag","embeddable":true,"href":"https:\/\/lalaboralaula.es\/GV072526\/index.php\/wp-json\/wp\/v2\/product_tag?post=188"}],"curies":[{"name":"wp","href":"https:\/\/api.w.org\/{rel}","templated":true}]}}