{"id":136,"date":"2025-10-31T17:07:49","date_gmt":"2025-10-31T16:07:49","guid":{"rendered":"https:\/\/lalaboralaula.es\/GV072526\/index.php\/carrito\/"},"modified":"2025-10-31T19:11:31","modified_gmt":"2025-10-31T18:11:31","slug":"carrito","status":"publish","type":"page","link":"https:\/\/lalaboralaula.es\/GV072526\/index.php\/carrito\/","title":{"rendered":"Carrito"},"content":{"rendered":"\n<div data-block-name=\"woocommerce\/cart\" class=\"wp-block-woocommerce-cart alignwide is-loading\">\n<div data-block-name=\"woocommerce\/filled-cart-block\" class=\"wp-block-woocommerce-filled-cart-block\">\n<div data-block-name=\"woocommerce\/cart-items-block\" class=\"wp-block-woocommerce-cart-items-block\">\n<div data-block-name=\"woocommerce\/cart-line-items-block\" class=\"wp-block-woocommerce-cart-line-items-block\"><\/div>\n\n\n<\/div>\n\n\n\n\n<div data-block-name=\"woocommerce\/cart-totals-block\" class=\"wp-block-woocommerce-cart-totals-block\">\n<div data-block-name=\"woocommerce\/cart-order-summary-block\" class=\"wp-block-woocommerce-cart-order-summary-block\">\n<div data-block-name=\"woocommerce\/cart-order-summary-heading-block\" class=\"wp-block-woocommerce-cart-order-summary-heading-block\"><\/div><div data-block-name=\"woocommerce\/cart-order-summary-coupon-form-block\" class=\"wp-block-woocommerce-cart-order-summary-coupon-form-block\"><\/div><div data-block-name=\"woocommerce\/cart-order-summary-totals-block\" class=\"wp-block-woocommerce-cart-order-summary-totals-block\">\n<div data-block-name=\"woocommerce\/cart-order-summary-subtotal-block\" class=\"wp-block-woocommerce-cart-order-summary-subtotal-block\"><\/div>\n<div data-block-name=\"woocommerce\/cart-order-summary-discount-block\" class=\"wp-block-woocommerce-cart-order-summary-discount-block\"><\/div>\n<div data-block-name=\"woocommerce\/cart-order-summary-fee-block\" class=\"wp-block-woocommerce-cart-order-summary-fee-block\"><\/div>\n<div data-block-name=\"woocommerce\/cart-order-summary-shipping-block\" class=\"wp-block-woocommerce-cart-order-summary-shipping-block\"><\/div>\n<div data-block-name=\"woocommerce\/cart-order-summary-taxes-block\" class=\"wp-block-woocommerce-cart-order-summary-taxes-block\"><\/div><\/div>\n<\/div>\n\n\n\n<div data-block-name=\"woocommerce\/cart-express-payment-block\" class=\"wp-block-woocommerce-cart-express-payment-block\"><\/div>\n\n\n\n<div data-block-name=\"woocommerce\/proceed-to-checkout-block\" class=\"wp-block-woocommerce-proceed-to-checkout-block\"><\/div>\n\n\n\n<div data-block-name=\"woocommerce\/cart-accepted-payment-methods-block\" class=\"wp-block-woocommerce-cart-accepted-payment-methods-block\"><\/div>\n<\/div>\n<\/div>\n\n\n\n<div data-block-name=\"woocommerce\/empty-cart-block\" class=\"wp-block-woocommerce-empty-cart-block\">\n<h2 class=\"wp-block-heading has-text-align-center with-empty-cart-icon wc-block-cart__empty-cart__title\">\u00a1Tu carrito est\u00e1 actualmente vac\u00edo!<\/h2>\n\n\n\n<hr class=\"wp-block-separator has-alpha-channel-opacity is-style-dots\"\/>\n\n\n\n<h2 class=\"wp-block-heading has-text-align-center\">Nuevo en la tienda<\/h2>\n\n\n<div data-block-name=\"woocommerce\/product-new\" data-columns=\"4\" data-rows=\"1\" class=\"wc-block-grid wp-block-product-new wp-block-woocommerce-product-new wc-block-product-new has-4-columns\"><ul class=\"wc-block-grid__products\"><li class=\"wc-block-grid__product\">\n\t\t\t\t<a href=\"https:\/\/lalaboralaula.es\/GV072526\/index.php\/producto\/libro-trazos-del-alma-en-acuarela\/\" class=\"wc-block-grid__product-link\">\n\t\t\t\t\t\n\t\t\t\t\t<div class=\"wc-block-grid__product-image\"><img loading=\"lazy\" decoding=\"async\" width=\"324\" height=\"324\" src=\"https:\/\/lalaboralaula.es\/GV072526\/wp-content\/uploads\/2025\/11\/Libros-trazos-del-alma-en-acuarela-y-pegatinas-324x324.jpg\" class=\"attachment-woocommerce_thumbnail size-woocommerce_thumbnail\" alt=\"Libro &quot;Trazos del alma en acuarela&quot;\" srcset=\"https:\/\/lalaboralaula.es\/GV072526\/wp-content\/uploads\/2025\/11\/Libros-trazos-del-alma-en-acuarela-y-pegatinas-324x324.jpg 324w, https:\/\/lalaboralaula.es\/GV072526\/wp-content\/uploads\/2025\/11\/Libros-trazos-del-alma-en-acuarela-y-pegatinas-300x300.jpg 300w, https:\/\/lalaboralaula.es\/GV072526\/wp-content\/uploads\/2025\/11\/Libros-trazos-del-alma-en-acuarela-y-pegatinas-150x150.jpg 150w, https:\/\/lalaboralaula.es\/GV072526\/wp-content\/uploads\/2025\/11\/Libros-trazos-del-alma-en-acuarela-y-pegatinas-768x768.jpg 768w, https:\/\/lalaboralaula.es\/GV072526\/wp-content\/uploads\/2025\/11\/Libros-trazos-del-alma-en-acuarela-y-pegatinas-416x416.jpg 416w, https:\/\/lalaboralaula.es\/GV072526\/wp-content\/uploads\/2025\/11\/Libros-trazos-del-alma-en-acuarela-y-pegatinas-100x100.jpg 100w, https:\/\/lalaboralaula.es\/GV072526\/wp-content\/uploads\/2025\/11\/Libros-trazos-del-alma-en-acuarela-y-pegatinas.jpg 940w\" sizes=\"auto, (max-width: 324px) 100vw, 324px\" \/><\/div>\n\t\t\t\t\t<div class=\"wc-block-grid__product-title\">Libro \u00abTrazos del alma en acuarela\u00bb<\/div>\n\t\t\t\t<\/a>\n\t\t\t\t<div class=\"wc-block-grid__product-price price\"><span class=\"woocommerce-Price-amount amount\">35,99&nbsp;<span class=\"woocommerce-Price-currencySymbol\">&euro;<\/span><\/span><\/div>\n\t\t\t\t\n\t\t\t\t<div class=\"wp-block-button wc-block-grid__product-add-to-cart\"><a href=\"\/GV072526\/index.php\/wp-json\/wp\/v2\/pages\/136?add-to-cart=264\" aria-label=\"A\u00f1adir al carrito: &ldquo;Libro &quot;Trazos del alma en acuarela&quot;&rdquo;\" data-quantity=\"1\" data-product_id=\"264\" data-product_sku=\"TDA2025\" data-price=\"35.99\" rel=\"nofollow\" class=\"wp-block-button__link  add_to_cart_button ajax_add_to_cart\">A\u00f1adir al carrito<\/a><\/div>\n\t\t\t<\/li><li class=\"wc-block-grid__product\">\n\t\t\t\t<a href=\"https:\/\/lalaboralaula.es\/GV072526\/index.php\/producto\/trazos-del-alma-en-acuarela\/\" class=\"wc-block-grid__product-link\">\n\t\t\t\t\t\n\t\t\t\t\t<div class=\"wc-block-grid__product-image\"><img loading=\"lazy\" decoding=\"async\" width=\"324\" height=\"324\" src=\"https:\/\/lalaboralaula.es\/GV072526\/wp-content\/uploads\/2025\/11\/Acuarelas-24-324x324.jpg\" class=\"attachment-woocommerce_thumbnail size-woocommerce_thumbnail\" alt=\"Trazos del Alma en Acuarela\" srcset=\"https:\/\/lalaboralaula.es\/GV072526\/wp-content\/uploads\/2025\/11\/Acuarelas-24-324x324.jpg 324w, https:\/\/lalaboralaula.es\/GV072526\/wp-content\/uploads\/2025\/11\/Acuarelas-24-150x150.jpg 150w, https:\/\/lalaboralaula.es\/GV072526\/wp-content\/uploads\/2025\/11\/Acuarelas-24-100x100.jpg 100w\" sizes=\"auto, (max-width: 324px) 100vw, 324px\" \/><\/div>\n\t\t\t\t\t<div class=\"wc-block-grid__product-title\">Trazos del Alma en Acuarela<\/div>\n\t\t\t\t<\/a>\n\t\t\t\t<div class=\"wc-block-grid__product-price price\"><span class=\"woocommerce-Price-amount amount\" aria-hidden=\"true\">29,99&nbsp;<span class=\"woocommerce-Price-currencySymbol\">&euro;<\/span><\/span> <span aria-hidden=\"true\">&#8211;<\/span> <span class=\"woocommerce-Price-amount amount\" aria-hidden=\"true\">49,99&nbsp;<span class=\"woocommerce-Price-currencySymbol\">&euro;<\/span><\/span><span class=\"screen-reader-text\">Rango de precios: desde 29,99&nbsp;&euro; hasta 49,99&nbsp;&euro;<\/span><\/div>\n\t\t\t\t\n\t\t\t\t<div class=\"wp-block-button wc-block-grid__product-add-to-cart\"><a href=\"https:\/\/lalaboralaula.es\/GV072526\/index.php\/producto\/trazos-del-alma-en-acuarela\/\" aria-label=\"Elige las opciones para &ldquo;Trazos del Alma en Acuarela&rdquo;\" data-quantity=\"1\" data-product_id=\"258\" data-product_sku=\"\" data-price=\"29.99\" rel=\"nofollow\" class=\"wp-block-button__link  add_to_cart_button\">Seleccionar opciones<\/a><\/div>\n\t\t\t<\/li><li class=\"wc-block-grid__product\">\n\t\t\t\t<a href=\"https:\/\/lalaboralaula.es\/GV072526\/index.php\/producto\/keloke-collar\/\" class=\"wc-block-grid__product-link\">\n\t\t\t\t\t\n\t\t\t\t\t<div class=\"wc-block-grid__product-image\"><img loading=\"lazy\" decoding=\"async\" width=\"324\" height=\"324\" src=\"https:\/\/lalaboralaula.es\/GV072526\/wp-content\/uploads\/2025\/10\/image-mBBAHvfVMdymwNHoRw3BG-324x324.webp\" class=\"attachment-woocommerce_thumbnail size-woocommerce_thumbnail\" alt=\"Collar elegante de acero inoxidable, dise\u00f1o moderno y resistente, ideal para uso diario y ocasiones especiales, accesorio duradero y de alta calidad.\" srcset=\"https:\/\/lalaboralaula.es\/GV072526\/wp-content\/uploads\/2025\/10\/image-mBBAHvfVMdymwNHoRw3BG-324x324.webp 324w, https:\/\/lalaboralaula.es\/GV072526\/wp-content\/uploads\/2025\/10\/image-mBBAHvfVMdymwNHoRw3BG-100x100.webp 100w, https:\/\/lalaboralaula.es\/GV072526\/wp-content\/uploads\/2025\/10\/image-mBBAHvfVMdymwNHoRw3BG-416x416.webp 416w, https:\/\/lalaboralaula.es\/GV072526\/wp-content\/uploads\/2025\/10\/image-mBBAHvfVMdymwNHoRw3BG-300x300.webp 300w, https:\/\/lalaboralaula.es\/GV072526\/wp-content\/uploads\/2025\/10\/image-mBBAHvfVMdymwNHoRw3BG-150x150.webp 150w, https:\/\/lalaboralaula.es\/GV072526\/wp-content\/uploads\/2025\/10\/image-mBBAHvfVMdymwNHoRw3BG.webp 512w\" sizes=\"auto, (max-width: 324px) 100vw, 324px\" \/><\/div>\n\t\t\t\t\t<div class=\"wc-block-grid__product-title\">Keloke collar<\/div>\n\t\t\t\t<\/a>\n\t\t\t\t<div class=\"wc-block-grid__product-price price\"><span class=\"woocommerce-Price-amount amount\">79,99&nbsp;<span class=\"woocommerce-Price-currencySymbol\">&euro;<\/span><\/span><\/div>\n\t\t\t\t\n\t\t\t\t<div class=\"wp-block-button wc-block-grid__product-add-to-cart\"><a href=\"\/GV072526\/index.php\/wp-json\/wp\/v2\/pages\/136?add-to-cart=188\" aria-label=\"A\u00f1adir al carrito: &ldquo;Keloke collar&rdquo;\" data-quantity=\"1\" data-product_id=\"188\" data-product_sku=\"LX-CL-KELOKE-001\" data-price=\"79.99\" rel=\"nofollow\" class=\"wp-block-button__link  add_to_cart_button ajax_add_to_cart\">A\u00f1adir al carrito<\/a><\/div>\n\t\t\t<\/li><li class=\"wc-block-grid__product\">\n\t\t\t\t<a href=\"https:\/\/lalaboralaula.es\/GV072526\/index.php\/producto\/reloj-pilaheavy\/\" class=\"wc-block-grid__product-link\">\n\t\t\t\t\t<div class=\"wc-block-grid__product-onsale\">\n\t\t\t<span aria-hidden=\"true\">Oferta<\/span>\n\t\t\t<span class=\"screen-reader-text\">Producto en oferta<\/span>\n\t\t<\/div>\n\t\t\t\t\t<div class=\"wc-block-grid__product-image\"><img loading=\"lazy\" decoding=\"async\" width=\"324\" height=\"324\" src=\"https:\/\/lalaboralaula.es\/GV072526\/wp-content\/uploads\/2025\/10\/ChatGPT-Image-7-nov-2025-17_08_18-1-324x324.png\" class=\"attachment-woocommerce_thumbnail size-woocommerce_thumbnail\" alt=\"Relojes PilaHeavy\u00b4s de lujo en oro amarillo y oro rosa de 18K, con caja y correa de oro macizo, mecanismo de cuarzo de alta precisi\u00f3n, resistencia al agua de 50 m y dise\u00f1o contempor\u00e1neo que combina elegancia y car\u00e1cter urbano.\" srcset=\"https:\/\/lalaboralaula.es\/GV072526\/wp-content\/uploads\/2025\/10\/ChatGPT-Image-7-nov-2025-17_08_18-1-324x324.png 324w, https:\/\/lalaboralaula.es\/GV072526\/wp-content\/uploads\/2025\/10\/ChatGPT-Image-7-nov-2025-17_08_18-1-150x150.png 150w, https:\/\/lalaboralaula.es\/GV072526\/wp-content\/uploads\/2025\/10\/ChatGPT-Image-7-nov-2025-17_08_18-1-100x100.png 100w\" sizes=\"auto, (max-width: 324px) 100vw, 324px\" \/><\/div>\n\t\t\t\t\t<div class=\"wc-block-grid__product-title\">Reloj PilaHeavy<\/div>\n\t\t\t\t<\/a>\n\t\t\t\t<div class=\"wc-block-grid__product-price price\"><del aria-hidden=\"true\"><span class=\"woocommerce-Price-amount amount\">5.500,00&nbsp;<span class=\"woocommerce-Price-currencySymbol\">&euro;<\/span><\/span><\/del> <span class=\"screen-reader-text\">El precio original era: 5.500,00&nbsp;&euro;.<\/span><ins aria-hidden=\"true\"><span class=\"woocommerce-Price-amount amount\">4.500,00&nbsp;<span class=\"woocommerce-Price-currencySymbol\">&euro;<\/span><\/span><\/ins><span class=\"screen-reader-text\">El precio actual es: 4.500,00&nbsp;&euro;.<\/span><\/div>\n\t\t\t\t\n\t\t\t\t<div class=\"wp-block-button wc-block-grid__product-add-to-cart\"><a href=\"https:\/\/lalaboralaula.es\/GV072526\/index.php\/producto\/reloj-pilaheavy\/\" aria-label=\"Elige las opciones para &ldquo;Reloj PilaHeavy&rdquo;\" data-quantity=\"1\" data-product_id=\"193\" data-product_sku=\"\" data-price=\"4500\" rel=\"nofollow\" class=\"wp-block-button__link  add_to_cart_button\">Seleccionar opciones<\/a><\/div>\n\t\t\t<\/li><\/ul><\/div><\/div>\n<\/div>\n","protected":false},"excerpt":{"rendered":"","protected":false},"author":1,"featured_media":0,"parent":0,"menu_order":0,"comment_status":"closed","ping_status":"closed","template":"","meta":{"footnotes":""},"class_list":["post-136","page","type-page","status-publish","hentry"],"yoast_head":"<!-- This site is optimized with the Yoast SEO plugin v27.3 - https:\/\/yoast.com\/product\/yoast-seo-wordpress\/ -->\n<title>Carrito - Luxopathy<\/title>\n<meta name=\"robots\" content=\"index, follow, max-snippet:-1, max-image-preview:large, max-video-preview:-1\" \/>\n<link rel=\"canonical\" href=\"https:\/\/lalaboralaula.es\/GV072526\/index.php\/carrito\/\" \/>\n<meta property=\"og:locale\" content=\"es_ES\" \/>\n<meta property=\"og:type\" content=\"article\" \/>\n<meta property=\"og:title\" content=\"Carrito - Luxopathy\" \/>\n<meta property=\"og:url\" content=\"https:\/\/lalaboralaula.es\/GV072526\/index.php\/carrito\/\" \/>\n<meta property=\"og:site_name\" content=\"Luxopathy\" \/>\n<meta property=\"article:modified_time\" content=\"2025-10-31T18:11:31+00:00\" \/>\n<meta name=\"twitter:card\" content=\"summary_large_image\" \/>\n<script type=\"application\/ld+json\" class=\"yoast-schema-graph\">{\"@context\":\"https:\\\/\\\/schema.org\",\"@graph\":[{\"@type\":\"WebPage\",\"@id\":\"https:\\\/\\\/lalaboralaula.es\\\/GV072526\\\/index.php\\\/carrito\\\/\",\"url\":\"https:\\\/\\\/lalaboralaula.es\\\/GV072526\\\/index.php\\\/carrito\\\/\",\"name\":\"Carrito - Luxopathy\",\"isPartOf\":{\"@id\":\"https:\\\/\\\/lalaboralaula.es\\\/GV072526\\\/#website\"},\"datePublished\":\"2025-10-31T16:07:49+00:00\",\"dateModified\":\"2025-10-31T18:11:31+00:00\",\"breadcrumb\":{\"@id\":\"https:\\\/\\\/lalaboralaula.es\\\/GV072526\\\/index.php\\\/carrito\\\/#breadcrumb\"},\"inLanguage\":\"es\",\"potentialAction\":[{\"@type\":\"ReadAction\",\"target\":[\"https:\\\/\\\/lalaboralaula.es\\\/GV072526\\\/index.php\\\/carrito\\\/\"]}]},{\"@type\":\"BreadcrumbList\",\"@id\":\"https:\\\/\\\/lalaboralaula.es\\\/GV072526\\\/index.php\\\/carrito\\\/#breadcrumb\",\"itemListElement\":[{\"@type\":\"ListItem\",\"position\":1,\"name\":\"Portada\",\"item\":\"https:\\\/\\\/lalaboralaula.es\\\/GV072526\\\/\"},{\"@type\":\"ListItem\",\"position\":2,\"name\":\"Carrito\"}]},{\"@type\":\"WebSite\",\"@id\":\"https:\\\/\\\/lalaboralaula.es\\\/GV072526\\\/#website\",\"url\":\"https:\\\/\\\/lalaboralaula.es\\\/GV072526\\\/\",\"name\":\"Luxopathy\",\"description\":\"Define la elegancia\",\"publisher\":{\"@id\":\"https:\\\/\\\/lalaboralaula.es\\\/GV072526\\\/#organization\"},\"potentialAction\":[{\"@type\":\"SearchAction\",\"target\":{\"@type\":\"EntryPoint\",\"urlTemplate\":\"https:\\\/\\\/lalaboralaula.es\\\/GV072526\\\/?s={search_term_string}\"},\"query-input\":{\"@type\":\"PropertyValueSpecification\",\"valueRequired\":true,\"valueName\":\"search_term_string\"}}],\"inLanguage\":\"es\"},{\"@type\":\"Organization\",\"@id\":\"https:\\\/\\\/lalaboralaula.es\\\/GV072526\\\/#organization\",\"name\":\"Luxopathy\",\"url\":\"https:\\\/\\\/lalaboralaula.es\\\/GV072526\\\/\",\"logo\":{\"@type\":\"ImageObject\",\"inLanguage\":\"es\",\"@id\":\"https:\\\/\\\/lalaboralaula.es\\\/GV072526\\\/#\\\/schema\\\/logo\\\/image\\\/\",\"url\":\"https:\\\/\\\/lalaboralaula.es\\\/GV072526\\\/wp-content\\\/uploads\\\/2025\\\/10\\\/cropped-ChatGPT-Image-30-sept-2025-17_59_58.png\",\"contentUrl\":\"https:\\\/\\\/lalaboralaula.es\\\/GV072526\\\/wp-content\\\/uploads\\\/2025\\\/10\\\/cropped-ChatGPT-Image-30-sept-2025-17_59_58.png\",\"width\":1023,\"height\":1023,\"caption\":\"Luxopathy\"},\"image\":{\"@id\":\"https:\\\/\\\/lalaboralaula.es\\\/GV072526\\\/#\\\/schema\\\/logo\\\/image\\\/\"}}]}<\/script>\n<!-- \/ Yoast SEO plugin. -->","yoast_head_json":{"title":"Carrito - Luxopathy","robots":{"index":"index","follow":"follow","max-snippet":"max-snippet:-1","max-image-preview":"max-image-preview:large","max-video-preview":"max-video-preview:-1"},"canonical":"https:\/\/lalaboralaula.es\/GV072526\/index.php\/carrito\/","og_locale":"es_ES","og_type":"article","og_title":"Carrito - Luxopathy","og_url":"https:\/\/lalaboralaula.es\/GV072526\/index.php\/carrito\/","og_site_name":"Luxopathy","article_modified_time":"2025-10-31T18:11:31+00:00","twitter_card":"summary_large_image","schema":{"@context":"https:\/\/schema.org","@graph":[{"@type":"WebPage","@id":"https:\/\/lalaboralaula.es\/GV072526\/index.php\/carrito\/","url":"https:\/\/lalaboralaula.es\/GV072526\/index.php\/carrito\/","name":"Carrito - Luxopathy","isPartOf":{"@id":"https:\/\/lalaboralaula.es\/GV072526\/#website"},"datePublished":"2025-10-31T16:07:49+00:00","dateModified":"2025-10-31T18:11:31+00:00","breadcrumb":{"@id":"https:\/\/lalaboralaula.es\/GV072526\/index.php\/carrito\/#breadcrumb"},"inLanguage":"es","potentialAction":[{"@type":"ReadAction","target":["https:\/\/lalaboralaula.es\/GV072526\/index.php\/carrito\/"]}]},{"@type":"BreadcrumbList","@id":"https:\/\/lalaboralaula.es\/GV072526\/index.php\/carrito\/#breadcrumb","itemListElement":[{"@type":"ListItem","position":1,"name":"Portada","item":"https:\/\/lalaboralaula.es\/GV072526\/"},{"@type":"ListItem","position":2,"name":"Carrito"}]},{"@type":"WebSite","@id":"https:\/\/lalaboralaula.es\/GV072526\/#website","url":"https:\/\/lalaboralaula.es\/GV072526\/","name":"Luxopathy","description":"Define la elegancia","publisher":{"@id":"https:\/\/lalaboralaula.es\/GV072526\/#organization"},"potentialAction":[{"@type":"SearchAction","target":{"@type":"EntryPoint","urlTemplate":"https:\/\/lalaboralaula.es\/GV072526\/?s={search_term_string}"},"query-input":{"@type":"PropertyValueSpecification","valueRequired":true,"valueName":"search_term_string"}}],"inLanguage":"es"},{"@type":"Organization","@id":"https:\/\/lalaboralaula.es\/GV072526\/#organization","name":"Luxopathy","url":"https:\/\/lalaboralaula.es\/GV072526\/","logo":{"@type":"ImageObject","inLanguage":"es","@id":"https:\/\/lalaboralaula.es\/GV072526\/#\/schema\/logo\/image\/","url":"https:\/\/lalaboralaula.es\/GV072526\/wp-content\/uploads\/2025\/10\/cropped-ChatGPT-Image-30-sept-2025-17_59_58.png","contentUrl":"https:\/\/lalaboralaula.es\/GV072526\/wp-content\/uploads\/2025\/10\/cropped-ChatGPT-Image-30-sept-2025-17_59_58.png","width":1023,"height":1023,"caption":"Luxopathy"},"image":{"@id":"https:\/\/lalaboralaula.es\/GV072526\/#\/schema\/logo\/image\/"}}]}},"_links":{"self":[{"href":"https:\/\/lalaboralaula.es\/GV072526\/index.php\/wp-json\/wp\/v2\/pages\/136","targetHints":{"allow":["GET"]}}],"collection":[{"href":"https:\/\/lalaboralaula.es\/GV072526\/index.php\/wp-json\/wp\/v2\/pages"}],"about":[{"href":"https:\/\/lalaboralaula.es\/GV072526\/index.php\/wp-json\/wp\/v2\/types\/page"}],"author":[{"embeddable":true,"href":"https:\/\/lalaboralaula.es\/GV072526\/index.php\/wp-json\/wp\/v2\/users\/1"}],"replies":[{"embeddable":true,"href":"https:\/\/lalaboralaula.es\/GV072526\/index.php\/wp-json\/wp\/v2\/comments?post=136"}],"version-history":[{"count":1,"href":"https:\/\/lalaboralaula.es\/GV072526\/index.php\/wp-json\/wp\/v2\/pages\/136\/revisions"}],"predecessor-version":[{"id":208,"href":"https:\/\/lalaboralaula.es\/GV072526\/index.php\/wp-json\/wp\/v2\/pages\/136\/revisions\/208"}],"wp:attachment":[{"href":"https:\/\/lalaboralaula.es\/GV072526\/index.php\/wp-json\/wp\/v2\/media?parent=136"}],"curies":[{"name":"wp","href":"https:\/\/api.w.org\/{rel}","templated":true}]}}