{"id":256,"date":"2025-11-25T18:59:21","date_gmt":"2025-11-25T17:59:21","guid":{"rendered":"https:\/\/lalaboralaula.es\/GV052526\/?post_type=product&#038;p=256"},"modified":"2026-01-23T19:14:05","modified_gmt":"2026-01-23T18:14:05","slug":"libro-trazos-del-alma-en-acuarela","status":"publish","type":"product","link":"https:\/\/lalaboralaula.es\/GV052526\/index.php\/producto\/libro-trazos-del-alma-en-acuarela\/","title":{"rendered":"Libro \u00abTrazos del alma en acuarela\u00bb"},"content":{"rendered":"<p>\u00abTrazos del Alma en Acuarela\u00bb es un volumen en tapa dura con un interior mate, acompa\u00f1ado de un set de pegatinas y washi tape tem\u00e1ticas. Dise\u00f1ado para atesorar recuerdos y decorar cada p\u00e1gina con un toque de acuarela y dorado.<\/p>\n<p>\u00abTrazos del Alma en Acuarela\u00bb es un diario en formato tapa dura pensado para acompa\u00f1ar tu proceso creativo diario. Con 234 p\u00e1ginas, y en cada par de p\u00e1ginas la parte izquierda contiene una frase breve y po\u00e9tica para el d\u00eda. La parte derecha es un lienzo en blanco con un elegante borde met\u00e1lico dorado. Listo para plasmar tus bocetos, apuntes, acuarelas o lo que m\u00e1s te pida el d\u00eda. Finaliza con un espacio en blanco bordeado en dorado para que registres con total libertad lo que hayas dibujado o sentido ese d\u00eda.<\/p>\n<p>Este diario es mucho m\u00e1s que un cuaderno, es un compa\u00f1ero en tu pr\u00e1ctica art\u00edstica, que te ayuda en la reflexi\u00f3n de cada jornada y en materializar tus emociones en trazos de acuarela.<\/p>\n<p>Caracter\u00edsticas del producto:<\/p>\n<p>El libro cuenta con unas c\u00f3modas dimensiones de 21 x 14,8 x 3 cm. Lo que facilitara la lectura y el manejo del libro gracias a su vez a su simple peso de 650 gramos. Su composici\u00f3n es de papel reciclado con la certificaci\u00f3n FSC, con un gramaje del papel de 120 g\/m^2, lo cu\u00e1l lo hace apto para acuarela ligera.<\/p>\n","protected":false},"excerpt":{"rendered":"<p>\u00abTrazos del Alma en Acuarela\u00bb es un volumen en tapa dura, acompa\u00f1ado de un set de pegatinas y washi tape. Es un diario en formato tapa dura pensado para acompa\u00f1ar tu proceso creativo. Con 234 p\u00e1ginas, es mucho m\u00e1s que un cuaderno, es un compa\u00f1ero en tu pr\u00e1ctica art\u00edstica. Que te ayudar\u00e1 en la reflexi\u00f3n de cada jornada y en materializar tus emociones en trazos de acuarela.<\/p>\n","protected":false},"featured_media":257,"comment_status":"open","ping_status":"closed","template":"","meta":[],"product_brand":[],"product_cat":[39,33],"product_tag":[35,40,41],"class_list":{"0":"post-256","1":"product","2":"type-product","3":"status-publish","4":"has-post-thumbnail","6":"product_cat-bullet-journal-trazos-del-alma-en-acuarela","7":"product_cat-trazos-del-alma-en-acuarela","8":"product_tag-acuarelas","9":"product_tag-bullet-journal","10":"product_tag-diario-creativo","12":"first","13":"instock","14":"taxable","15":"shipping-taxable","16":"purchasable","17":"product-type-simple"},"yoast_head":"<!-- This site is optimized with the Yoast SEO plugin v27.3 - https:\/\/yoast.com\/product\/yoast-seo-wordpress\/ -->\n<title>Libro &quot;Trazos del alma en acuarela&quot; - SurKaps<\/title>\n<meta name=\"robots\" content=\"index, follow, max-snippet:-1, max-image-preview:large, max-video-preview:-1\" \/>\n<link rel=\"canonical\" href=\"https:\/\/lalaboralaula.es\/GV052526\/index.php\/producto\/libro-trazos-del-alma-en-acuarela\/\" \/>\n<meta property=\"og:locale\" content=\"es_ES\" \/>\n<meta property=\"og:type\" content=\"article\" \/>\n<meta property=\"og:title\" content=\"Libro &quot;Trazos del alma en acuarela&quot; - SurKaps\" \/>\n<meta property=\"og:description\" content=\"&quot;Trazos del Alma en Acuarela&quot; es un volumen en tapa dura, acompa\u00f1ado de un set de pegatinas y washi tape. Es un diario en formato tapa dura pensado para acompa\u00f1ar tu proceso creativo. Con 234 p\u00e1ginas, es mucho m\u00e1s que un cuaderno, es un compa\u00f1ero en tu pr\u00e1ctica art\u00edstica. Que te ayudar\u00e1 en la reflexi\u00f3n de cada jornada y en materializar tus emociones en trazos de acuarela.\" \/>\n<meta property=\"og:url\" content=\"https:\/\/lalaboralaula.es\/GV052526\/index.php\/producto\/libro-trazos-del-alma-en-acuarela\/\" \/>\n<meta property=\"og:site_name\" content=\"SurKaps\" \/>\n<meta property=\"article:modified_time\" content=\"2026-01-23T18:14:05+00:00\" \/>\n<meta property=\"og:image\" content=\"https:\/\/lalaboralaula.es\/GV052526\/wp-content\/uploads\/2025\/11\/4.png\" \/>\n\t<meta property=\"og:image:width\" content=\"703\" \/>\n\t<meta property=\"og:image:height\" content=\"471\" \/>\n\t<meta property=\"og:image:type\" content=\"image\/png\" \/>\n<meta name=\"twitter:card\" content=\"summary_large_image\" \/>\n<meta name=\"twitter:label1\" content=\"Tiempo de lectura\" \/>\n\t<meta name=\"twitter:data1\" content=\"2 minutos\" \/>\n<script type=\"application\/ld+json\" class=\"yoast-schema-graph\">{\"@context\":\"https:\\\/\\\/schema.org\",\"@graph\":[{\"@type\":\"WebPage\",\"@id\":\"https:\\\/\\\/lalaboralaula.es\\\/GV052526\\\/index.php\\\/producto\\\/libro-trazos-del-alma-en-acuarela\\\/\",\"url\":\"https:\\\/\\\/lalaboralaula.es\\\/GV052526\\\/index.php\\\/producto\\\/libro-trazos-del-alma-en-acuarela\\\/\",\"name\":\"Libro \\\"Trazos del alma en acuarela\\\" - SurKaps\",\"isPartOf\":{\"@id\":\"https:\\\/\\\/lalaboralaula.es\\\/GV052526\\\/#website\"},\"primaryImageOfPage\":{\"@id\":\"https:\\\/\\\/lalaboralaula.es\\\/GV052526\\\/index.php\\\/producto\\\/libro-trazos-del-alma-en-acuarela\\\/#primaryimage\"},\"image\":{\"@id\":\"https:\\\/\\\/lalaboralaula.es\\\/GV052526\\\/index.php\\\/producto\\\/libro-trazos-del-alma-en-acuarela\\\/#primaryimage\"},\"thumbnailUrl\":\"https:\\\/\\\/lalaboralaula.es\\\/GV052526\\\/wp-content\\\/uploads\\\/2025\\\/11\\\/4.png\",\"datePublished\":\"2025-11-25T17:59:21+00:00\",\"dateModified\":\"2026-01-23T18:14:05+00:00\",\"breadcrumb\":{\"@id\":\"https:\\\/\\\/lalaboralaula.es\\\/GV052526\\\/index.php\\\/producto\\\/libro-trazos-del-alma-en-acuarela\\\/#breadcrumb\"},\"inLanguage\":\"es\",\"potentialAction\":[{\"@type\":\"ReadAction\",\"target\":[\"https:\\\/\\\/lalaboralaula.es\\\/GV052526\\\/index.php\\\/producto\\\/libro-trazos-del-alma-en-acuarela\\\/\"]}]},{\"@type\":\"ImageObject\",\"inLanguage\":\"es\",\"@id\":\"https:\\\/\\\/lalaboralaula.es\\\/GV052526\\\/index.php\\\/producto\\\/libro-trazos-del-alma-en-acuarela\\\/#primaryimage\",\"url\":\"https:\\\/\\\/lalaboralaula.es\\\/GV052526\\\/wp-content\\\/uploads\\\/2025\\\/11\\\/4.png\",\"contentUrl\":\"https:\\\/\\\/lalaboralaula.es\\\/GV052526\\\/wp-content\\\/uploads\\\/2025\\\/11\\\/4.png\",\"width\":703,\"height\":471},{\"@type\":\"BreadcrumbList\",\"@id\":\"https:\\\/\\\/lalaboralaula.es\\\/GV052526\\\/index.php\\\/producto\\\/libro-trazos-del-alma-en-acuarela\\\/#breadcrumb\",\"itemListElement\":[{\"@type\":\"ListItem\",\"position\":1,\"name\":\"Portada\",\"item\":\"https:\\\/\\\/lalaboralaula.es\\\/GV052526\\\/\"},{\"@type\":\"ListItem\",\"position\":2,\"name\":\"Tienda\",\"item\":\"https:\\\/\\\/lalaboralaula.es\\\/GV052526\\\/index.php\\\/tienda\\\/\"},{\"@type\":\"ListItem\",\"position\":3,\"name\":\"Libro \u00abTrazos del alma en acuarela\u00bb\"}]},{\"@type\":\"WebSite\",\"@id\":\"https:\\\/\\\/lalaboralaula.es\\\/GV052526\\\/#website\",\"url\":\"https:\\\/\\\/lalaboralaula.es\\\/GV052526\\\/\",\"name\":\"SurKaps\",\"description\":\"\",\"publisher\":{\"@id\":\"https:\\\/\\\/lalaboralaula.es\\\/GV052526\\\/#organization\"},\"potentialAction\":[{\"@type\":\"SearchAction\",\"target\":{\"@type\":\"EntryPoint\",\"urlTemplate\":\"https:\\\/\\\/lalaboralaula.es\\\/GV052526\\\/?s={search_term_string}\"},\"query-input\":{\"@type\":\"PropertyValueSpecification\",\"valueRequired\":true,\"valueName\":\"search_term_string\"}}],\"inLanguage\":\"es\"},{\"@type\":\"Organization\",\"@id\":\"https:\\\/\\\/lalaboralaula.es\\\/GV052526\\\/#organization\",\"name\":\"SurKaps\",\"url\":\"https:\\\/\\\/lalaboralaula.es\\\/GV052526\\\/\",\"logo\":{\"@type\":\"ImageObject\",\"inLanguage\":\"es\",\"@id\":\"https:\\\/\\\/lalaboralaula.es\\\/GV052526\\\/#\\\/schema\\\/logo\\\/image\\\/\",\"url\":\"https:\\\/\\\/lalaboralaula.es\\\/GV052526\\\/wp-content\\\/uploads\\\/2025\\\/10\\\/cropped-SurKapsLogo.png\",\"contentUrl\":\"https:\\\/\\\/lalaboralaula.es\\\/GV052526\\\/wp-content\\\/uploads\\\/2025\\\/10\\\/cropped-SurKapsLogo.png\",\"width\":288,\"height\":67,\"caption\":\"SurKaps\"},\"image\":{\"@id\":\"https:\\\/\\\/lalaboralaula.es\\\/GV052526\\\/#\\\/schema\\\/logo\\\/image\\\/\"}}]}<\/script>\n<!-- \/ Yoast SEO plugin. -->","yoast_head_json":{"title":"Libro \"Trazos del alma en acuarela\" - SurKaps","robots":{"index":"index","follow":"follow","max-snippet":"max-snippet:-1","max-image-preview":"max-image-preview:large","max-video-preview":"max-video-preview:-1"},"canonical":"https:\/\/lalaboralaula.es\/GV052526\/index.php\/producto\/libro-trazos-del-alma-en-acuarela\/","og_locale":"es_ES","og_type":"article","og_title":"Libro \"Trazos del alma en acuarela\" - SurKaps","og_description":"\"Trazos del Alma en Acuarela\" es un volumen en tapa dura, acompa\u00f1ado de un set de pegatinas y washi tape. Es un diario en formato tapa dura pensado para acompa\u00f1ar tu proceso creativo. Con 234 p\u00e1ginas, es mucho m\u00e1s que un cuaderno, es un compa\u00f1ero en tu pr\u00e1ctica art\u00edstica. Que te ayudar\u00e1 en la reflexi\u00f3n de cada jornada y en materializar tus emociones en trazos de acuarela.","og_url":"https:\/\/lalaboralaula.es\/GV052526\/index.php\/producto\/libro-trazos-del-alma-en-acuarela\/","og_site_name":"SurKaps","article_modified_time":"2026-01-23T18:14:05+00:00","og_image":[{"width":703,"height":471,"url":"https:\/\/lalaboralaula.es\/GV052526\/wp-content\/uploads\/2025\/11\/4.png","type":"image\/png"}],"twitter_card":"summary_large_image","twitter_misc":{"Tiempo de lectura":"2 minutos"},"schema":{"@context":"https:\/\/schema.org","@graph":[{"@type":"WebPage","@id":"https:\/\/lalaboralaula.es\/GV052526\/index.php\/producto\/libro-trazos-del-alma-en-acuarela\/","url":"https:\/\/lalaboralaula.es\/GV052526\/index.php\/producto\/libro-trazos-del-alma-en-acuarela\/","name":"Libro \"Trazos del alma en acuarela\" - SurKaps","isPartOf":{"@id":"https:\/\/lalaboralaula.es\/GV052526\/#website"},"primaryImageOfPage":{"@id":"https:\/\/lalaboralaula.es\/GV052526\/index.php\/producto\/libro-trazos-del-alma-en-acuarela\/#primaryimage"},"image":{"@id":"https:\/\/lalaboralaula.es\/GV052526\/index.php\/producto\/libro-trazos-del-alma-en-acuarela\/#primaryimage"},"thumbnailUrl":"https:\/\/lalaboralaula.es\/GV052526\/wp-content\/uploads\/2025\/11\/4.png","datePublished":"2025-11-25T17:59:21+00:00","dateModified":"2026-01-23T18:14:05+00:00","breadcrumb":{"@id":"https:\/\/lalaboralaula.es\/GV052526\/index.php\/producto\/libro-trazos-del-alma-en-acuarela\/#breadcrumb"},"inLanguage":"es","potentialAction":[{"@type":"ReadAction","target":["https:\/\/lalaboralaula.es\/GV052526\/index.php\/producto\/libro-trazos-del-alma-en-acuarela\/"]}]},{"@type":"ImageObject","inLanguage":"es","@id":"https:\/\/lalaboralaula.es\/GV052526\/index.php\/producto\/libro-trazos-del-alma-en-acuarela\/#primaryimage","url":"https:\/\/lalaboralaula.es\/GV052526\/wp-content\/uploads\/2025\/11\/4.png","contentUrl":"https:\/\/lalaboralaula.es\/GV052526\/wp-content\/uploads\/2025\/11\/4.png","width":703,"height":471},{"@type":"BreadcrumbList","@id":"https:\/\/lalaboralaula.es\/GV052526\/index.php\/producto\/libro-trazos-del-alma-en-acuarela\/#breadcrumb","itemListElement":[{"@type":"ListItem","position":1,"name":"Portada","item":"https:\/\/lalaboralaula.es\/GV052526\/"},{"@type":"ListItem","position":2,"name":"Tienda","item":"https:\/\/lalaboralaula.es\/GV052526\/index.php\/tienda\/"},{"@type":"ListItem","position":3,"name":"Libro \u00abTrazos del alma en acuarela\u00bb"}]},{"@type":"WebSite","@id":"https:\/\/lalaboralaula.es\/GV052526\/#website","url":"https:\/\/lalaboralaula.es\/GV052526\/","name":"SurKaps","description":"","publisher":{"@id":"https:\/\/lalaboralaula.es\/GV052526\/#organization"},"potentialAction":[{"@type":"SearchAction","target":{"@type":"EntryPoint","urlTemplate":"https:\/\/lalaboralaula.es\/GV052526\/?s={search_term_string}"},"query-input":{"@type":"PropertyValueSpecification","valueRequired":true,"valueName":"search_term_string"}}],"inLanguage":"es"},{"@type":"Organization","@id":"https:\/\/lalaboralaula.es\/GV052526\/#organization","name":"SurKaps","url":"https:\/\/lalaboralaula.es\/GV052526\/","logo":{"@type":"ImageObject","inLanguage":"es","@id":"https:\/\/lalaboralaula.es\/GV052526\/#\/schema\/logo\/image\/","url":"https:\/\/lalaboralaula.es\/GV052526\/wp-content\/uploads\/2025\/10\/cropped-SurKapsLogo.png","contentUrl":"https:\/\/lalaboralaula.es\/GV052526\/wp-content\/uploads\/2025\/10\/cropped-SurKapsLogo.png","width":288,"height":67,"caption":"SurKaps"},"image":{"@id":"https:\/\/lalaboralaula.es\/GV052526\/#\/schema\/logo\/image\/"}}]}},"_links":{"self":[{"href":"https:\/\/lalaboralaula.es\/GV052526\/index.php\/wp-json\/wp\/v2\/product\/256","targetHints":{"allow":["GET"]}}],"collection":[{"href":"https:\/\/lalaboralaula.es\/GV052526\/index.php\/wp-json\/wp\/v2\/product"}],"about":[{"href":"https:\/\/lalaboralaula.es\/GV052526\/index.php\/wp-json\/wp\/v2\/types\/product"}],"replies":[{"embeddable":true,"href":"https:\/\/lalaboralaula.es\/GV052526\/index.php\/wp-json\/wp\/v2\/comments?post=256"}],"wp:featuredmedia":[{"embeddable":true,"href":"https:\/\/lalaboralaula.es\/GV052526\/index.php\/wp-json\/wp\/v2\/media\/257"}],"wp:attachment":[{"href":"https:\/\/lalaboralaula.es\/GV052526\/index.php\/wp-json\/wp\/v2\/media?parent=256"}],"wp:term":[{"taxonomy":"product_brand","embeddable":true,"href":"https:\/\/lalaboralaula.es\/GV052526\/index.php\/wp-json\/wp\/v2\/product_brand?post=256"},{"taxonomy":"product_cat","embeddable":true,"href":"https:\/\/lalaboralaula.es\/GV052526\/index.php\/wp-json\/wp\/v2\/product_cat?post=256"},{"taxonomy":"product_tag","embeddable":true,"href":"https:\/\/lalaboralaula.es\/GV052526\/index.php\/wp-json\/wp\/v2\/product_tag?post=256"}],"curies":[{"name":"wp","href":"https:\/\/api.w.org\/{rel}","templated":true}]}}