{"id":243,"date":"2025-11-25T18:01:12","date_gmt":"2025-11-25T17:01:12","guid":{"rendered":"https:\/\/lalaboralaula.es\/GV052526\/?post_type=product&#038;p=243"},"modified":"2025-11-25T19:05:14","modified_gmt":"2025-11-25T18:05:14","slug":"estuche-de-acuarelas-trazos-del-alma-en-acuarela","status":"publish","type":"product","link":"https:\/\/lalaboralaula.es\/GV052526\/index.php\/producto\/estuche-de-acuarelas-trazos-del-alma-en-acuarela\/","title":{"rendered":"Estuche de Acuarelas Trazos del Alma en Acuarela"},"content":{"rendered":"<p>Estuche met\u00e1lico elegante con suave lavado en tonos pastel y tipograf\u00eda en foil dorado, que alberga 24 pastillas de acuarela de pigmentaci\u00f3n intensa y alta fluidez, perfectas para lograr lavados transl\u00facidos o colores vibrantes. Cada pastilla descansa en compartimiento individual para evitar derrames, y la tapa se despliega para funcionar como paleta de mezcla. Dise\u00f1ado para complementar el diario creativo \u00abTrazos del Alma en Acuarela\u00bb, este set ofrece una experiencia art\u00edstica completa: desde la inspiraci\u00f3n literaria hasta la expresi\u00f3n crom\u00e1tica m\u00e1s refinada.<\/p>\n<p>Variaciones disponibles: Acuarelas 24 colores \u00abTrazos del Alma\u00bb y Set \u00abAcuarelas 24 colores + 23 Pinceles Trazos del Alma\u00bb<\/p>\n<p>Caracter\u00edsticas del producto:<\/p>\n<p>El estuche cuenta con una dimensiones de 16 x 10 x 2,5 cm, para poder almacenar c\u00f3modamente las pastillas sin renunciar a su est\u00e9tica, a su vez con un peso de 480 gramos, gracias a su ligera carcasa met\u00e1lica.\u00a0 El idioma del etiquetado es Espa\u00f1ol<\/p>\n<p>&nbsp;<\/p>\n","protected":false},"excerpt":{"rendered":"<p>Estuche met\u00e1lico que alberga 24 pastillas de acuarela de pigmentaci\u00f3n alta y fluidez, que te ayudaran a conseguir lavados transl\u00facidos o colores vibrantes en tus pinturas. Las pastillas son guardadas individualmente para evitar derrames, y su tapa sirve como desplegable de paleta de mezcla. Dise\u00f1ado para complementar el diario creativo \u00abTrazos del Alma en Acuarela\u00bb, con este set ofrecemos una experiencia art\u00edstica completa.<\/p>\n","protected":false},"featured_media":246,"comment_status":"open","ping_status":"closed","template":"","meta":[],"product_brand":[],"product_cat":[34,33],"product_tag":[35,37,36],"class_list":{"0":"post-243","1":"product","2":"type-product","3":"status-publish","4":"has-post-thumbnail","6":"product_cat-acuarelas","7":"product_cat-trazos-del-alma-en-acuarela","8":"product_tag-acuarelas","9":"product_tag-pinceles","10":"product_tag-pintura","12":"first","13":"instock","14":"taxable","15":"shipping-taxable","16":"purchasable","17":"product-type-variable"},"yoast_head":"<!-- This site is optimized with the Yoast SEO plugin v27.3 - https:\/\/yoast.com\/product\/yoast-seo-wordpress\/ -->\n<title>Estuche de Acuarelas Trazos del Alma en Acuarela - SurKaps<\/title>\n<meta name=\"robots\" content=\"index, follow, max-snippet:-1, max-image-preview:large, max-video-preview:-1\" \/>\n<link rel=\"canonical\" href=\"https:\/\/lalaboralaula.es\/GV052526\/index.php\/producto\/estuche-de-acuarelas-trazos-del-alma-en-acuarela\/\" \/>\n<meta property=\"og:locale\" content=\"es_ES\" \/>\n<meta property=\"og:type\" content=\"article\" \/>\n<meta property=\"og:title\" content=\"Estuche de Acuarelas Trazos del Alma en Acuarela - SurKaps\" \/>\n<meta property=\"og:description\" content=\"Estuche met\u00e1lico que alberga 24 pastillas de acuarela de pigmentaci\u00f3n alta y fluidez, que te ayudaran a conseguir lavados transl\u00facidos o colores vibrantes en tus pinturas. Las pastillas son guardadas individualmente para evitar derrames, y su tapa sirve como desplegable de paleta de mezcla. Dise\u00f1ado para complementar el diario creativo &quot;Trazos del Alma en Acuarela&quot;, con este set ofrecemos una experiencia art\u00edstica completa.\" \/>\n<meta property=\"og:url\" content=\"https:\/\/lalaboralaula.es\/GV052526\/index.php\/producto\/estuche-de-acuarelas-trazos-del-alma-en-acuarela\/\" \/>\n<meta property=\"og:site_name\" content=\"SurKaps\" \/>\n<meta property=\"article:modified_time\" content=\"2025-11-25T18:05:14+00:00\" \/>\n<meta property=\"og:image\" content=\"https:\/\/lalaboralaula.es\/GV052526\/wp-content\/uploads\/2025\/11\/24.png\" \/>\n\t<meta property=\"og:image:width\" content=\"314\" \/>\n\t<meta property=\"og:image:height\" content=\"409\" \/>\n\t<meta property=\"og:image:type\" content=\"image\/png\" \/>\n<meta name=\"twitter:card\" content=\"summary_large_image\" \/>\n<meta name=\"twitter:label1\" content=\"Tiempo de lectura\" \/>\n\t<meta name=\"twitter:data1\" content=\"1 minuto\" \/>\n<script type=\"application\/ld+json\" class=\"yoast-schema-graph\">{\"@context\":\"https:\\\/\\\/schema.org\",\"@graph\":[{\"@type\":\"WebPage\",\"@id\":\"https:\\\/\\\/lalaboralaula.es\\\/GV052526\\\/index.php\\\/producto\\\/estuche-de-acuarelas-trazos-del-alma-en-acuarela\\\/\",\"url\":\"https:\\\/\\\/lalaboralaula.es\\\/GV052526\\\/index.php\\\/producto\\\/estuche-de-acuarelas-trazos-del-alma-en-acuarela\\\/\",\"name\":\"Estuche de Acuarelas Trazos del Alma en Acuarela - SurKaps\",\"isPartOf\":{\"@id\":\"https:\\\/\\\/lalaboralaula.es\\\/GV052526\\\/#website\"},\"primaryImageOfPage\":{\"@id\":\"https:\\\/\\\/lalaboralaula.es\\\/GV052526\\\/index.php\\\/producto\\\/estuche-de-acuarelas-trazos-del-alma-en-acuarela\\\/#primaryimage\"},\"image\":{\"@id\":\"https:\\\/\\\/lalaboralaula.es\\\/GV052526\\\/index.php\\\/producto\\\/estuche-de-acuarelas-trazos-del-alma-en-acuarela\\\/#primaryimage\"},\"thumbnailUrl\":\"https:\\\/\\\/lalaboralaula.es\\\/GV052526\\\/wp-content\\\/uploads\\\/2025\\\/11\\\/24.png\",\"datePublished\":\"2025-11-25T17:01:12+00:00\",\"dateModified\":\"2025-11-25T18:05:14+00:00\",\"breadcrumb\":{\"@id\":\"https:\\\/\\\/lalaboralaula.es\\\/GV052526\\\/index.php\\\/producto\\\/estuche-de-acuarelas-trazos-del-alma-en-acuarela\\\/#breadcrumb\"},\"inLanguage\":\"es\",\"potentialAction\":[{\"@type\":\"ReadAction\",\"target\":[\"https:\\\/\\\/lalaboralaula.es\\\/GV052526\\\/index.php\\\/producto\\\/estuche-de-acuarelas-trazos-del-alma-en-acuarela\\\/\"]}]},{\"@type\":\"ImageObject\",\"inLanguage\":\"es\",\"@id\":\"https:\\\/\\\/lalaboralaula.es\\\/GV052526\\\/index.php\\\/producto\\\/estuche-de-acuarelas-trazos-del-alma-en-acuarela\\\/#primaryimage\",\"url\":\"https:\\\/\\\/lalaboralaula.es\\\/GV052526\\\/wp-content\\\/uploads\\\/2025\\\/11\\\/24.png\",\"contentUrl\":\"https:\\\/\\\/lalaboralaula.es\\\/GV052526\\\/wp-content\\\/uploads\\\/2025\\\/11\\\/24.png\",\"width\":314,\"height\":409},{\"@type\":\"BreadcrumbList\",\"@id\":\"https:\\\/\\\/lalaboralaula.es\\\/GV052526\\\/index.php\\\/producto\\\/estuche-de-acuarelas-trazos-del-alma-en-acuarela\\\/#breadcrumb\",\"itemListElement\":[{\"@type\":\"ListItem\",\"position\":1,\"name\":\"Portada\",\"item\":\"https:\\\/\\\/lalaboralaula.es\\\/GV052526\\\/\"},{\"@type\":\"ListItem\",\"position\":2,\"name\":\"Tienda\",\"item\":\"https:\\\/\\\/lalaboralaula.es\\\/GV052526\\\/index.php\\\/tienda\\\/\"},{\"@type\":\"ListItem\",\"position\":3,\"name\":\"Estuche de Acuarelas Trazos del Alma en Acuarela\"}]},{\"@type\":\"WebSite\",\"@id\":\"https:\\\/\\\/lalaboralaula.es\\\/GV052526\\\/#website\",\"url\":\"https:\\\/\\\/lalaboralaula.es\\\/GV052526\\\/\",\"name\":\"SurKaps\",\"description\":\"\",\"publisher\":{\"@id\":\"https:\\\/\\\/lalaboralaula.es\\\/GV052526\\\/#organization\"},\"potentialAction\":[{\"@type\":\"SearchAction\",\"target\":{\"@type\":\"EntryPoint\",\"urlTemplate\":\"https:\\\/\\\/lalaboralaula.es\\\/GV052526\\\/?s={search_term_string}\"},\"query-input\":{\"@type\":\"PropertyValueSpecification\",\"valueRequired\":true,\"valueName\":\"search_term_string\"}}],\"inLanguage\":\"es\"},{\"@type\":\"Organization\",\"@id\":\"https:\\\/\\\/lalaboralaula.es\\\/GV052526\\\/#organization\",\"name\":\"SurKaps\",\"url\":\"https:\\\/\\\/lalaboralaula.es\\\/GV052526\\\/\",\"logo\":{\"@type\":\"ImageObject\",\"inLanguage\":\"es\",\"@id\":\"https:\\\/\\\/lalaboralaula.es\\\/GV052526\\\/#\\\/schema\\\/logo\\\/image\\\/\",\"url\":\"https:\\\/\\\/lalaboralaula.es\\\/GV052526\\\/wp-content\\\/uploads\\\/2025\\\/10\\\/cropped-SurKapsLogo.png\",\"contentUrl\":\"https:\\\/\\\/lalaboralaula.es\\\/GV052526\\\/wp-content\\\/uploads\\\/2025\\\/10\\\/cropped-SurKapsLogo.png\",\"width\":288,\"height\":67,\"caption\":\"SurKaps\"},\"image\":{\"@id\":\"https:\\\/\\\/lalaboralaula.es\\\/GV052526\\\/#\\\/schema\\\/logo\\\/image\\\/\"}}]}<\/script>\n<!-- \/ Yoast SEO plugin. -->","yoast_head_json":{"title":"Estuche de Acuarelas Trazos del Alma en Acuarela - SurKaps","robots":{"index":"index","follow":"follow","max-snippet":"max-snippet:-1","max-image-preview":"max-image-preview:large","max-video-preview":"max-video-preview:-1"},"canonical":"https:\/\/lalaboralaula.es\/GV052526\/index.php\/producto\/estuche-de-acuarelas-trazos-del-alma-en-acuarela\/","og_locale":"es_ES","og_type":"article","og_title":"Estuche de Acuarelas Trazos del Alma en Acuarela - SurKaps","og_description":"Estuche met\u00e1lico que alberga 24 pastillas de acuarela de pigmentaci\u00f3n alta y fluidez, que te ayudaran a conseguir lavados transl\u00facidos o colores vibrantes en tus pinturas. Las pastillas son guardadas individualmente para evitar derrames, y su tapa sirve como desplegable de paleta de mezcla. Dise\u00f1ado para complementar el diario creativo \"Trazos del Alma en Acuarela\", con este set ofrecemos una experiencia art\u00edstica completa.","og_url":"https:\/\/lalaboralaula.es\/GV052526\/index.php\/producto\/estuche-de-acuarelas-trazos-del-alma-en-acuarela\/","og_site_name":"SurKaps","article_modified_time":"2025-11-25T18:05:14+00:00","og_image":[{"width":314,"height":409,"url":"https:\/\/lalaboralaula.es\/GV052526\/wp-content\/uploads\/2025\/11\/24.png","type":"image\/png"}],"twitter_card":"summary_large_image","twitter_misc":{"Tiempo de lectura":"1 minuto"},"schema":{"@context":"https:\/\/schema.org","@graph":[{"@type":"WebPage","@id":"https:\/\/lalaboralaula.es\/GV052526\/index.php\/producto\/estuche-de-acuarelas-trazos-del-alma-en-acuarela\/","url":"https:\/\/lalaboralaula.es\/GV052526\/index.php\/producto\/estuche-de-acuarelas-trazos-del-alma-en-acuarela\/","name":"Estuche de Acuarelas Trazos del Alma en Acuarela - SurKaps","isPartOf":{"@id":"https:\/\/lalaboralaula.es\/GV052526\/#website"},"primaryImageOfPage":{"@id":"https:\/\/lalaboralaula.es\/GV052526\/index.php\/producto\/estuche-de-acuarelas-trazos-del-alma-en-acuarela\/#primaryimage"},"image":{"@id":"https:\/\/lalaboralaula.es\/GV052526\/index.php\/producto\/estuche-de-acuarelas-trazos-del-alma-en-acuarela\/#primaryimage"},"thumbnailUrl":"https:\/\/lalaboralaula.es\/GV052526\/wp-content\/uploads\/2025\/11\/24.png","datePublished":"2025-11-25T17:01:12+00:00","dateModified":"2025-11-25T18:05:14+00:00","breadcrumb":{"@id":"https:\/\/lalaboralaula.es\/GV052526\/index.php\/producto\/estuche-de-acuarelas-trazos-del-alma-en-acuarela\/#breadcrumb"},"inLanguage":"es","potentialAction":[{"@type":"ReadAction","target":["https:\/\/lalaboralaula.es\/GV052526\/index.php\/producto\/estuche-de-acuarelas-trazos-del-alma-en-acuarela\/"]}]},{"@type":"ImageObject","inLanguage":"es","@id":"https:\/\/lalaboralaula.es\/GV052526\/index.php\/producto\/estuche-de-acuarelas-trazos-del-alma-en-acuarela\/#primaryimage","url":"https:\/\/lalaboralaula.es\/GV052526\/wp-content\/uploads\/2025\/11\/24.png","contentUrl":"https:\/\/lalaboralaula.es\/GV052526\/wp-content\/uploads\/2025\/11\/24.png","width":314,"height":409},{"@type":"BreadcrumbList","@id":"https:\/\/lalaboralaula.es\/GV052526\/index.php\/producto\/estuche-de-acuarelas-trazos-del-alma-en-acuarela\/#breadcrumb","itemListElement":[{"@type":"ListItem","position":1,"name":"Portada","item":"https:\/\/lalaboralaula.es\/GV052526\/"},{"@type":"ListItem","position":2,"name":"Tienda","item":"https:\/\/lalaboralaula.es\/GV052526\/index.php\/tienda\/"},{"@type":"ListItem","position":3,"name":"Estuche de Acuarelas Trazos del Alma en Acuarela"}]},{"@type":"WebSite","@id":"https:\/\/lalaboralaula.es\/GV052526\/#website","url":"https:\/\/lalaboralaula.es\/GV052526\/","name":"SurKaps","description":"","publisher":{"@id":"https:\/\/lalaboralaula.es\/GV052526\/#organization"},"potentialAction":[{"@type":"SearchAction","target":{"@type":"EntryPoint","urlTemplate":"https:\/\/lalaboralaula.es\/GV052526\/?s={search_term_string}"},"query-input":{"@type":"PropertyValueSpecification","valueRequired":true,"valueName":"search_term_string"}}],"inLanguage":"es"},{"@type":"Organization","@id":"https:\/\/lalaboralaula.es\/GV052526\/#organization","name":"SurKaps","url":"https:\/\/lalaboralaula.es\/GV052526\/","logo":{"@type":"ImageObject","inLanguage":"es","@id":"https:\/\/lalaboralaula.es\/GV052526\/#\/schema\/logo\/image\/","url":"https:\/\/lalaboralaula.es\/GV052526\/wp-content\/uploads\/2025\/10\/cropped-SurKapsLogo.png","contentUrl":"https:\/\/lalaboralaula.es\/GV052526\/wp-content\/uploads\/2025\/10\/cropped-SurKapsLogo.png","width":288,"height":67,"caption":"SurKaps"},"image":{"@id":"https:\/\/lalaboralaula.es\/GV052526\/#\/schema\/logo\/image\/"}}]}},"_links":{"self":[{"href":"https:\/\/lalaboralaula.es\/GV052526\/index.php\/wp-json\/wp\/v2\/product\/243","targetHints":{"allow":["GET"]}}],"collection":[{"href":"https:\/\/lalaboralaula.es\/GV052526\/index.php\/wp-json\/wp\/v2\/product"}],"about":[{"href":"https:\/\/lalaboralaula.es\/GV052526\/index.php\/wp-json\/wp\/v2\/types\/product"}],"replies":[{"embeddable":true,"href":"https:\/\/lalaboralaula.es\/GV052526\/index.php\/wp-json\/wp\/v2\/comments?post=243"}],"wp:featuredmedia":[{"embeddable":true,"href":"https:\/\/lalaboralaula.es\/GV052526\/index.php\/wp-json\/wp\/v2\/media\/246"}],"wp:attachment":[{"href":"https:\/\/lalaboralaula.es\/GV052526\/index.php\/wp-json\/wp\/v2\/media?parent=243"}],"wp:term":[{"taxonomy":"product_brand","embeddable":true,"href":"https:\/\/lalaboralaula.es\/GV052526\/index.php\/wp-json\/wp\/v2\/product_brand?post=243"},{"taxonomy":"product_cat","embeddable":true,"href":"https:\/\/lalaboralaula.es\/GV052526\/index.php\/wp-json\/wp\/v2\/product_cat?post=243"},{"taxonomy":"product_tag","embeddable":true,"href":"https:\/\/lalaboralaula.es\/GV052526\/index.php\/wp-json\/wp\/v2\/product_tag?post=243"}],"curies":[{"name":"wp","href":"https:\/\/api.w.org\/{rel}","templated":true}]}}